{"id":18453,"date":"2026-04-06T18:54:11","date_gmt":"2026-04-06T16:54:11","guid":{"rendered":"https:\/\/koningdrone.be\/?post_type=product&#038;p=18453"},"modified":"2026-04-29T04:10:17","modified_gmt":"2026-04-29T02:10:17","slug":"dji-osmo-mobile-8-dji-care-refresh-card-2-year-plan","status":"publish","type":"product","link":"https:\/\/koningdrone.be\/es\/producto\/dji-osmo-mobile-8-dji-care-refresh-card-2-year-plan\/","title":{"rendered":"DJI Osmo Mobile 8 - Tarjeta DJI Care Refresh - Plan de 2 a\u00f1os"},"content":{"rendered":"<h3>DJI Osmo Mobile 8 - Tarjeta DJI Care Refresh - Plan de 2 a\u00f1os<\/h3>\n<p>El Plan DJI Care Refresh de 2 a\u00f1os ofrece la protecci\u00f3n a largo plazo m\u00e1s completa para tu DJI Osmo Mobile 8. Este plan de servicio digital ampl\u00eda la red de seguridad para tu estabilizador insignia a un periodo completo de 24 meses. Est\u00e1 dise\u00f1ado espec\u00edficamente para usuarios intensivos que quieren superar los l\u00edmites de la rotaci\u00f3n ilimitada de 360\u00b0 y ActiveTrack 7.0 sin preocuparse por el coste de da\u00f1os imprevistos.<\/p>\n<h4>Rendimiento y funcionalidad<\/h4>\n<p>Este plan de 2 a\u00f1os ofrece seguridad adicional con hasta cuatro unidades de sustituci\u00f3n durante toda la vigencia. Cubre una amplia gama de da\u00f1os, incluyendo colisiones, da\u00f1os por agua y desgaste natural. Una de las principales ventajas de la variante de 2 a\u00f1os es la ampliaci\u00f3n de la garant\u00eda oficial del fabricante, que mantiene los componentes clave de tu Osmo Mobile 8 protegidos frente a defectos de fabricaci\u00f3n durante los dos a\u00f1os completos.<\/p>\n<p><a href=\"https:\/\/koningdrone.nl\/wp-content\/uploads\/2026\/04\/DJI-Osmo-Mobile-8-DJI-Care-Refresh-Card.jpg\"><img loading=\"lazy\" decoding=\"async\" class=\"size-medium wp-image-471871 aligncenter\" src=\"https:\/\/koningdrone.nl\/wp-content\/uploads\/2026\/04\/DJI-Osmo-Mobile-8-DJI-Care-Refresh-Card-300x300.jpg\" alt=\"DJI Osmo Mobile 8 - DJI Care Refresh Card\" width=\"300\" height=\"300\" \/><\/a><\/p>\n<h4>Calidad de construcci\u00f3n y dise\u00f1o<\/h4>\n<p>Se trata de un producto virtual (c\u00f3digo de activaci\u00f3n) que debe vincularse en los 30 d\u00edas siguientes a la activaci\u00f3n inicial de tu gimbal. El plan te da acceso al servicio DJI Care Express, que garantiza un tratamiento prioritario y un tiempo medio de respuesta de s\u00f3lo 3 d\u00edas. Las unidades de reemplazo est\u00e1n garantizadas como nuevas o equivalentes a nuevas, y el plan cubre todos los gastos de env\u00edo de ida y vuelta.<\/p>\n<h4>Por qu\u00e9 lo necesita<\/h4>\n<p>El Osmo Mobile 8 es una potente herramienta que se utiliza a menudo en entornos din\u00e1micos donde los accidentes se encuentran en un peque\u00f1o rinc\u00f3n. El plan de 2 a\u00f1os es la opci\u00f3n m\u00e1s econ\u00f3mica para una protecci\u00f3n a largo plazo, con m\u00e1s opciones de sustituci\u00f3n y un periodo de garant\u00eda m\u00e1s largo que el plan de 1 a\u00f1o. Te quita las preocupaciones financieras en caso de accidentes, para que puedas concentrarte plenamente en hacer grabaciones profesionales.<\/p>","protected":false},"excerpt":{"rendered":"<ul>\n<li>\u00a0Ofrece hasta 4 sustituciones de bajo coste repartidas en dos a\u00f1os.<\/li>\n<li>Cobertura total de da\u00f1os por ca\u00edda, colisi\u00f3n y da\u00f1os por agua.<\/li>\n<li>Ampl\u00eda la garant\u00eda oficial del fabricante al periodo completo de 24 meses.<\/li>\n<li>Uso de DJI Care Express para una gesti\u00f3n prioritaria y muy r\u00e1pida.<\/li>\n<li>Incluye env\u00edo gratuito (ida y vuelta) para todas las solicitudes de servicio dentro de la regi\u00f3n.<\/li>\n<\/ul>","protected":false},"featured_media":18449,"template":"","meta":{"_acf_changed":false},"product_brand":[],"product_cat":[175,1888],"product_tag":[],"class_list":{"0":"post-18453","1":"product","2":"type-product","3":"status-publish","4":"has-post-thumbnail","6":"product_cat-alle-care-refresh","7":"product_cat-dji-osmo-mobile-8","8":"product_shipping_class-acsystemsall","9":"pa_brand-dji","10":"pa_producttype-serviceplan","11":"pa_series-osmo","13":"first","14":"instock","15":"taxable","16":"shipping-taxable","17":"purchasable","18":"product-type-simple"},"acf":[],"yoast_head":"<!-- This site is optimized with the Yoast SEO Premium plugin v27.2 (Yoast SEO v27.2) - https:\/\/yoast.com\/product\/yoast-seo-premium-wordpress\/ -->\n<title>DJI Osmo Mobile 8 - DJI Care Refresh Card - 2-Year Plan - koningdrone.be<\/title>\n<meta name=\"robots\" content=\"index, follow, max-snippet:-1, max-image-preview:large, max-video-preview:-1\" \/>\n<link rel=\"canonical\" href=\"https:\/\/koningdrone.be\/es\/producto\/dji-osmo-mobile-8-dji-care-refresh-card-2-year-plan\/\" \/>\n<meta property=\"og:locale\" content=\"es_ES\" \/>\n<meta property=\"og:type\" content=\"article\" \/>\n<meta property=\"og:title\" content=\"DJI Osmo Mobile 8 - DJI Care Refresh Card - 2-Year Plan\" \/>\n<meta property=\"og:description\" content=\"\u00a0Biedt tot 4 voordelige vervangingen verspreid over twee jaar.  Volledige dekking voor valschade, botsingen en waterschade.  Verlengt de offici\u00eble fabrieksgarantie naar de volledige periode van 24 maanden.  Gebruik van DJI Care Express voor prioriteit en een zeer snelle afhandeling.  Inclusief gratis verzending (heen en terug) voor alle service-aanvragen binnen de regio.\" \/>\n<meta property=\"og:url\" content=\"https:\/\/koningdrone.be\/es\/producto\/dji-osmo-mobile-8-dji-care-refresh-card-2-year-plan\/\" \/>\n<meta property=\"og:site_name\" content=\"koningdrone.be\" \/>\n<meta property=\"article:modified_time\" content=\"2026-04-29T02:10:17+00:00\" \/>\n<meta property=\"og:image\" content=\"https:\/\/koningdrone.be\/wp-content\/uploads\/sites\/13\/2026\/04\/DJI-Osmo-Mobile-8-DJI-Care-Refresh-Card.jpg\" \/>\n\t<meta property=\"og:image:width\" content=\"2560\" \/>\n\t<meta property=\"og:image:height\" content=\"2560\" \/>\n\t<meta property=\"og:image:type\" content=\"image\/jpeg\" \/>\n<meta name=\"twitter:card\" content=\"summary_large_image\" \/>\n<meta name=\"twitter:label1\" content=\"Tiempo de lectura\" \/>\n\t<meta name=\"twitter:data1\" content=\"1 minuto\" \/>\n<script type=\"application\/ld+json\" class=\"yoast-schema-graph\">{\"@context\":\"https:\/\/schema.org\",\"@graph\":[{\"@type\":\"WebPage\",\"@id\":\"https:\/\/koningdrone.be\/product\/dji-osmo-mobile-8-dji-care-refresh-card-2-year-plan\/\",\"url\":\"https:\/\/koningdrone.be\/product\/dji-osmo-mobile-8-dji-care-refresh-card-2-year-plan\/\",\"name\":\"DJI Osmo Mobile 8 - DJI Care Refresh Card - 2-Year Plan - koningdrone.be\",\"isPartOf\":{\"@id\":\"https:\/\/koningdrone.be\/#website\"},\"primaryImageOfPage\":{\"@id\":\"https:\/\/koningdrone.be\/product\/dji-osmo-mobile-8-dji-care-refresh-card-2-year-plan\/#primaryimage\"},\"image\":{\"@id\":\"https:\/\/koningdrone.be\/product\/dji-osmo-mobile-8-dji-care-refresh-card-2-year-plan\/#primaryimage\"},\"thumbnailUrl\":\"https:\/\/koningdrone.be\/wp-content\/uploads\/sites\/13\/2026\/04\/DJI-Osmo-Mobile-8-DJI-Care-Refresh-Card.jpg\",\"datePublished\":\"2026-04-06T16:54:11+00:00\",\"dateModified\":\"2026-04-29T02:10:17+00:00\",\"breadcrumb\":{\"@id\":\"https:\/\/koningdrone.be\/product\/dji-osmo-mobile-8-dji-care-refresh-card-2-year-plan\/#breadcrumb\"},\"inLanguage\":\"es\",\"potentialAction\":[{\"@type\":\"ReadAction\",\"target\":[\"https:\/\/koningdrone.be\/product\/dji-osmo-mobile-8-dji-care-refresh-card-2-year-plan\/\"]}]},{\"@type\":\"ImageObject\",\"inLanguage\":\"es\",\"@id\":\"https:\/\/koningdrone.be\/product\/dji-osmo-mobile-8-dji-care-refresh-card-2-year-plan\/#primaryimage\",\"url\":\"https:\/\/koningdrone.be\/wp-content\/uploads\/sites\/13\/2026\/04\/DJI-Osmo-Mobile-8-DJI-Care-Refresh-Card.jpg\",\"contentUrl\":\"https:\/\/koningdrone.be\/wp-content\/uploads\/sites\/13\/2026\/04\/DJI-Osmo-Mobile-8-DJI-Care-Refresh-Card.jpg\",\"width\":2560,\"height\":2560},{\"@type\":\"BreadcrumbList\",\"@id\":\"https:\/\/koningdrone.be\/product\/dji-osmo-mobile-8-dji-care-refresh-card-2-year-plan\/#breadcrumb\",\"itemListElement\":[{\"@type\":\"ListItem\",\"position\":1,\"name\":\"Home\",\"item\":\"https:\/\/koningdrone.be\/\"},{\"@type\":\"ListItem\",\"position\":2,\"name\":\"AVSS Parachute Recovery System for DJI Matrice 300\/350\",\"item\":\"https:\/\/koningdrone.be\/product\/avss-parachute-recovery-system-for-dji-matrice-300-350\/\"},{\"@type\":\"ListItem\",\"position\":3,\"name\":\"Alle care refresh\",\"item\":\"https:\/\/koningdrone.be\/categorie\/alle-care-refresh\/\"},{\"@type\":\"ListItem\",\"position\":4,\"name\":\"DJI Osmo Mobile 8 &#8211; DJI Care Refresh Card &#8211; 2-Year Plan\"}]},{\"@type\":\"WebSite\",\"@id\":\"https:\/\/koningdrone.be\/#website\",\"url\":\"https:\/\/koningdrone.be\/\",\"name\":\"Koningdrone.be - Uw online specialist in drones, gimbals, camera's en power stations.\",\"description\":\"De webshop in drones en gimbals\",\"publisher\":{\"@id\":\"https:\/\/koningdrone.be\/#organization\"},\"potentialAction\":[{\"@type\":\"SearchAction\",\"target\":{\"@type\":\"EntryPoint\",\"urlTemplate\":\"https:\/\/koningdrone.be\/?s={search_term_string}\"},\"query-input\":{\"@type\":\"PropertyValueSpecification\",\"valueRequired\":true,\"valueName\":\"search_term_string\"}}],\"inLanguage\":\"es\"},{\"@type\":\"Organization\",\"@id\":\"https:\/\/koningdrone.be\/#organization\",\"name\":\"Koningdrone.be\",\"url\":\"https:\/\/koningdrone.be\/\",\"logo\":{\"@type\":\"ImageObject\",\"inLanguage\":\"es\",\"@id\":\"https:\/\/koningdrone.be\/#\/schema\/logo\/image\/\",\"url\":\"https:\/\/koningdrone.be\/wp-content\/uploads\/sites\/13\/2025\/04\/koningdrone-copyright-logo.svg\",\"contentUrl\":\"https:\/\/koningdrone.be\/wp-content\/uploads\/sites\/13\/2025\/04\/koningdrone-copyright-logo.svg\",\"width\":227,\"height\":38,\"caption\":\"Koningdrone.be\"},\"image\":{\"@id\":\"https:\/\/koningdrone.be\/#\/schema\/logo\/image\/\"}}]}<\/script>\n<!-- \/ Yoast SEO Premium plugin. -->","yoast_head_json":{"title":"DJI Osmo Mobile 8 - DJI Care Refresh Card - 2-Year Plan - koningdrone.be","robots":{"index":"index","follow":"follow","max-snippet":"max-snippet:-1","max-image-preview":"max-image-preview:large","max-video-preview":"max-video-preview:-1"},"canonical":"https:\/\/koningdrone.be\/es\/producto\/dji-osmo-mobile-8-dji-care-refresh-card-2-year-plan\/","og_locale":"es_ES","og_type":"article","og_title":"DJI Osmo Mobile 8 - DJI Care Refresh Card - 2-Year Plan","og_description":"\u00a0Biedt tot 4 voordelige vervangingen verspreid over twee jaar.  Volledige dekking voor valschade, botsingen en waterschade.  Verlengt de offici\u00eble fabrieksgarantie naar de volledige periode van 24 maanden.  Gebruik van DJI Care Express voor prioriteit en een zeer snelle afhandeling.  Inclusief gratis verzending (heen en terug) voor alle service-aanvragen binnen de regio.","og_url":"https:\/\/koningdrone.be\/es\/producto\/dji-osmo-mobile-8-dji-care-refresh-card-2-year-plan\/","og_site_name":"koningdrone.be","article_modified_time":"2026-04-29T02:10:17+00:00","og_image":[{"width":2560,"height":2560,"url":"https:\/\/koningdrone.be\/wp-content\/uploads\/sites\/13\/2026\/04\/DJI-Osmo-Mobile-8-DJI-Care-Refresh-Card.jpg","type":"image\/jpeg"}],"twitter_card":"summary_large_image","twitter_misc":{"Tiempo de lectura":"1 minuto"},"schema":{"@context":"https:\/\/schema.org","@graph":[{"@type":"WebPage","@id":"https:\/\/koningdrone.be\/product\/dji-osmo-mobile-8-dji-care-refresh-card-2-year-plan\/","url":"https:\/\/koningdrone.be\/product\/dji-osmo-mobile-8-dji-care-refresh-card-2-year-plan\/","name":"DJI Osmo Mobile 8 - DJI Care Refresh Card - 2-Year Plan - koningdrone.be","isPartOf":{"@id":"https:\/\/koningdrone.be\/#website"},"primaryImageOfPage":{"@id":"https:\/\/koningdrone.be\/product\/dji-osmo-mobile-8-dji-care-refresh-card-2-year-plan\/#primaryimage"},"image":{"@id":"https:\/\/koningdrone.be\/product\/dji-osmo-mobile-8-dji-care-refresh-card-2-year-plan\/#primaryimage"},"thumbnailUrl":"https:\/\/koningdrone.be\/wp-content\/uploads\/sites\/13\/2026\/04\/DJI-Osmo-Mobile-8-DJI-Care-Refresh-Card.jpg","datePublished":"2026-04-06T16:54:11+00:00","dateModified":"2026-04-29T02:10:17+00:00","breadcrumb":{"@id":"https:\/\/koningdrone.be\/product\/dji-osmo-mobile-8-dji-care-refresh-card-2-year-plan\/#breadcrumb"},"inLanguage":"es","potentialAction":[{"@type":"ReadAction","target":["https:\/\/koningdrone.be\/product\/dji-osmo-mobile-8-dji-care-refresh-card-2-year-plan\/"]}]},{"@type":"ImageObject","inLanguage":"es","@id":"https:\/\/koningdrone.be\/product\/dji-osmo-mobile-8-dji-care-refresh-card-2-year-plan\/#primaryimage","url":"https:\/\/koningdrone.be\/wp-content\/uploads\/sites\/13\/2026\/04\/DJI-Osmo-Mobile-8-DJI-Care-Refresh-Card.jpg","contentUrl":"https:\/\/koningdrone.be\/wp-content\/uploads\/sites\/13\/2026\/04\/DJI-Osmo-Mobile-8-DJI-Care-Refresh-Card.jpg","width":2560,"height":2560},{"@type":"BreadcrumbList","@id":"https:\/\/koningdrone.be\/product\/dji-osmo-mobile-8-dji-care-refresh-card-2-year-plan\/#breadcrumb","itemListElement":[{"@type":"ListItem","position":1,"name":"Home","item":"https:\/\/koningdrone.be\/"},{"@type":"ListItem","position":2,"name":"AVSS Parachute Recovery System for DJI Matrice 300\/350","item":"https:\/\/koningdrone.be\/product\/avss-parachute-recovery-system-for-dji-matrice-300-350\/"},{"@type":"ListItem","position":3,"name":"Alle care refresh","item":"https:\/\/koningdrone.be\/categorie\/alle-care-refresh\/"},{"@type":"ListItem","position":4,"name":"DJI Osmo Mobile 8 &#8211; DJI Care Refresh Card &#8211; 2-Year Plan"}]},{"@type":"WebSite","@id":"https:\/\/koningdrone.be\/#website","url":"https:\/\/koningdrone.be\/","name":"Koningdrone.be - Su especialista en l\u00ednea en drones, cardanes, c\u00e1maras y centrales el\u00e9ctricas.","description":"La tienda virtual de drones y cardanes","publisher":{"@id":"https:\/\/koningdrone.be\/#organization"},"potentialAction":[{"@type":"SearchAction","target":{"@type":"EntryPoint","urlTemplate":"https:\/\/koningdrone.be\/?s={search_term_string}"},"query-input":{"@type":"PropertyValueSpecification","valueRequired":true,"valueName":"search_term_string"}}],"inLanguage":"es"},{"@type":"Organization","@id":"https:\/\/koningdrone.be\/#organization","name":"Kingdrone.es","url":"https:\/\/koningdrone.be\/","logo":{"@type":"ImageObject","inLanguage":"es","@id":"https:\/\/koningdrone.be\/#\/schema\/logo\/image\/","url":"https:\/\/koningdrone.be\/wp-content\/uploads\/sites\/13\/2025\/04\/koningdrone-copyright-logo.svg","contentUrl":"https:\/\/koningdrone.be\/wp-content\/uploads\/sites\/13\/2025\/04\/koningdrone-copyright-logo.svg","width":227,"height":38,"caption":"Koningdrone.be"},"image":{"@id":"https:\/\/koningdrone.be\/#\/schema\/logo\/image\/"}}]}},"df_price":24,"df_sale_price":"","df_regular_price":24,"df_image_link":"https:\/\/koningdrone.be\/wp-content\/uploads\/sites\/13\/2026\/04\/DJI-Osmo-Mobile-8-DJI-Care-Refresh-Card-300x300.jpg","_links":{"self":[{"href":"https:\/\/koningdrone.be\/es\/wp-json\/wp\/v2\/product\/18453","targetHints":{"allow":["GET"]}}],"collection":[{"href":"https:\/\/koningdrone.be\/es\/wp-json\/wp\/v2\/product"}],"about":[{"href":"https:\/\/koningdrone.be\/es\/wp-json\/wp\/v2\/types\/product"}],"wp:featuredmedia":[{"embeddable":true,"href":"https:\/\/koningdrone.be\/es\/wp-json\/wp\/v2\/media\/18449"}],"wp:attachment":[{"href":"https:\/\/koningdrone.be\/es\/wp-json\/wp\/v2\/media?parent=18453"}],"wp:term":[{"taxonomy":"product_brand","embeddable":true,"href":"https:\/\/koningdrone.be\/es\/wp-json\/wp\/v2\/product_brand?post=18453"},{"taxonomy":"product_cat","embeddable":true,"href":"https:\/\/koningdrone.be\/es\/wp-json\/wp\/v2\/product_cat?post=18453"},{"taxonomy":"product_tag","embeddable":true,"href":"https:\/\/koningdrone.be\/es\/wp-json\/wp\/v2\/product_tag?post=18453"}],"curies":[{"name":"wp","href":"https:\/\/api.w.org\/{rel}","templated":true}]}}