{"id":18448,"date":"2026-04-06T18:54:00","date_gmt":"2026-04-06T16:54:00","guid":{"rendered":"https:\/\/koningdrone.be\/?post_type=product&#038;p=18448"},"modified":"2026-04-29T04:10:16","modified_gmt":"2026-04-29T02:10:16","slug":"dji-osmo-mobile-8-dji-care-refresh-card-1-year-plan","status":"publish","type":"product","link":"https:\/\/koningdrone.be\/es\/producto\/dji-osmo-mobile-8-dji-care-refresh-card-1-year-plan\/","title":{"rendered":"DJI Osmo Mobile 8 - DJI Care Refresh Card - Plan de 1 a\u00f1o"},"content":{"rendered":"<h3>DJI Osmo Mobile 8 - DJI Care Refresh Card - Plan de 1 a\u00f1o<\/h3>\n<p>El Plan DJI Care Refresh de 1 a\u00f1o es el paquete de protecci\u00f3n esencial para el DJI Osmo Mobile 8, el \u00faltimo gimbal para smartphone insignia de DJI. Entregado a trav\u00e9s de un c\u00f3digo de activaci\u00f3n, este plan de servicio digital proporciona 12 meses de cobertura para el hardware avanzado del OM8, incluyendo la nueva rotaci\u00f3n ilimitada de 360\u00b0 y el M\u00f3dulo Multifunci\u00f3n. Garantiza que su creaci\u00f3n de v\u00eddeo m\u00f3vil no se vea interrumpida por da\u00f1os imprevistos durante el uso diario.<\/p>\n<h4>Rendimiento y funcionalidad<\/h4>\n<p>Este plan ofrece hasta dos unidades de sustituci\u00f3n en un a\u00f1o por una cuota fija y baja (suele rondar los 9 euros). Cubre una amplia gama de accidentes, incluyendo colisiones, da\u00f1os por agua y desgaste natural. Al elegir DJI Care Express, recibir\u00e1s una unidad de sustituci\u00f3n a la velocidad del rayo; DJI enviar\u00e1 una unidad nueva o equivalente en cuanto reciba tu card\u00e1n defectuoso, sin esperar a una inspecci\u00f3n completa de los da\u00f1os.<\/p>\n<p><a href=\"https:\/\/koningdrone.nl\/wp-content\/uploads\/2026\/04\/DJI-Osmo-Mobile-8-DJI-Care-Refresh-Card.jpg\"><img loading=\"lazy\" decoding=\"async\" class=\"size-medium wp-image-471871 aligncenter\" src=\"https:\/\/koningdrone.nl\/wp-content\/uploads\/2026\/04\/DJI-Osmo-Mobile-8-DJI-Care-Refresh-Card-300x300.jpg\" alt=\"DJI Osmo Mobile 8 - DJI Care Refresh Card\" width=\"300\" height=\"300\" \/><\/a><\/p>\n<h4>Calidad de construcci\u00f3n y dise\u00f1o<\/h4>\n<p>Como producto virtual, este plan est\u00e1 vinculado al n\u00famero de serie de tu dispositivo. Debe activarse en los 30 d\u00edas siguientes a la primera activaci\u00f3n del Osmo Mobile 8. El plan incluye env\u00edo gratuito en ambos sentidos, lo que significa que DJI cubre todos los costes log\u00edsticos de las solicitudes de servicio. Las unidades de reemplazo est\u00e1n garantizadas para cumplir con los m\u00e1s altos est\u00e1ndares de f\u00e1brica de DJI en cuanto a rendimiento y fiabilidad.<\/p>\n<h4>Por qu\u00e9 lo necesita<\/h4>\n<p>Construido para disparos din\u00e1micos, el Osmo Mobile 8 es compatible con ActiveTrack 7.0 y Apple DockKit, lo que hace que el card\u00e1n se utilice a menudo en entornos llenos de acci\u00f3n. DJI Care Refresh act\u00faa como una p\u00f3liza de seguro completa, incluyendo garant\u00eda oficial y soporte t\u00e9cnico exclusivo. Esto te permite concentrarte plenamente en tu creatividad en lugar del coste potencial de un accidente.<\/p>","protected":false},"excerpt":{"rendered":"<ul>\n<li>Ofrece hasta 2 sustituciones a bajo coste en el plazo de un a\u00f1o.<\/li>\n<li>Cobertura total de da\u00f1os por ca\u00edda, colisi\u00f3n y da\u00f1os por agua.<\/li>\n<li>DJI Care Express para una sustituci\u00f3n prioritaria y r\u00e1pida.<\/li>\n<li>Incluye env\u00edo gratuito (ida y vuelta) para todas las solicitudes de servicio.<\/li>\n<li>Garant\u00eda oficial DJI y soporte t\u00e9cnico exclusivo durante toda la duraci\u00f3n.<\/li>\n<\/ul>","protected":false},"featured_media":18449,"template":"","meta":{"_acf_changed":false},"product_brand":[],"product_cat":[175,1888],"product_tag":[],"class_list":{"0":"post-18448","1":"product","2":"type-product","3":"status-publish","4":"has-post-thumbnail","6":"product_cat-alle-care-refresh","7":"product_cat-dji-osmo-mobile-8","8":"product_shipping_class-acsystemsall","9":"pa_brand-dji","10":"pa_producttype-serviceplan","11":"pa_series-osmo","13":"first","14":"instock","15":"taxable","16":"shipping-taxable","17":"purchasable","18":"product-type-simple"},"acf":[],"yoast_head":"<!-- This site is optimized with the Yoast SEO Premium plugin v27.2 (Yoast SEO v27.2) - https:\/\/yoast.com\/product\/yoast-seo-premium-wordpress\/ -->\n<title>DJI Osmo Mobile 8 - DJI Care Refresh Card - 1-Year Plan - koningdrone.be<\/title>\n<meta name=\"robots\" content=\"index, follow, max-snippet:-1, max-image-preview:large, max-video-preview:-1\" \/>\n<link rel=\"canonical\" href=\"https:\/\/koningdrone.be\/es\/producto\/dji-osmo-mobile-8-dji-care-refresh-card-1-year-plan\/\" \/>\n<meta property=\"og:locale\" content=\"es_ES\" \/>\n<meta property=\"og:type\" content=\"article\" \/>\n<meta property=\"og:title\" content=\"DJI Osmo Mobile 8 - DJI Care Refresh Card - 1-Year Plan\" \/>\n<meta property=\"og:description\" content=\"Biedt tot 2 voordelige vervangingen binnen een periode van \u00e9\u00e9n jaar.  Volledige dekking voor valschade, botsingen en waterschade.  DJI Care Express voor prioriteit bij vervanging en een snelle afhandeling.  Inclusief gratis verzending (heen en terug) voor alle service-aanvragen.  Offici\u00eble DJI-garantie en exclusieve technische ondersteuning gedurende de looptijd.\" \/>\n<meta property=\"og:url\" content=\"https:\/\/koningdrone.be\/es\/producto\/dji-osmo-mobile-8-dji-care-refresh-card-1-year-plan\/\" \/>\n<meta property=\"og:site_name\" content=\"koningdrone.be\" \/>\n<meta property=\"article:modified_time\" content=\"2026-04-29T02:10:16+00:00\" \/>\n<meta property=\"og:image\" content=\"https:\/\/koningdrone.be\/wp-content\/uploads\/sites\/13\/2026\/04\/DJI-Osmo-Mobile-8-DJI-Care-Refresh-Card.jpg\" \/>\n\t<meta property=\"og:image:width\" content=\"2560\" \/>\n\t<meta property=\"og:image:height\" content=\"2560\" \/>\n\t<meta property=\"og:image:type\" content=\"image\/jpeg\" \/>\n<meta name=\"twitter:card\" content=\"summary_large_image\" \/>\n<meta name=\"twitter:label1\" content=\"Tiempo de lectura\" \/>\n\t<meta name=\"twitter:data1\" content=\"1 minuto\" \/>\n<script type=\"application\/ld+json\" class=\"yoast-schema-graph\">{\"@context\":\"https:\/\/schema.org\",\"@graph\":[{\"@type\":\"WebPage\",\"@id\":\"https:\/\/koningdrone.be\/product\/dji-osmo-mobile-8-dji-care-refresh-card-1-year-plan\/\",\"url\":\"https:\/\/koningdrone.be\/product\/dji-osmo-mobile-8-dji-care-refresh-card-1-year-plan\/\",\"name\":\"DJI Osmo Mobile 8 - DJI Care Refresh Card - 1-Year Plan - koningdrone.be\",\"isPartOf\":{\"@id\":\"https:\/\/koningdrone.be\/#website\"},\"primaryImageOfPage\":{\"@id\":\"https:\/\/koningdrone.be\/product\/dji-osmo-mobile-8-dji-care-refresh-card-1-year-plan\/#primaryimage\"},\"image\":{\"@id\":\"https:\/\/koningdrone.be\/product\/dji-osmo-mobile-8-dji-care-refresh-card-1-year-plan\/#primaryimage\"},\"thumbnailUrl\":\"https:\/\/koningdrone.be\/wp-content\/uploads\/sites\/13\/2026\/04\/DJI-Osmo-Mobile-8-DJI-Care-Refresh-Card.jpg\",\"datePublished\":\"2026-04-06T16:54:00+00:00\",\"dateModified\":\"2026-04-29T02:10:16+00:00\",\"breadcrumb\":{\"@id\":\"https:\/\/koningdrone.be\/product\/dji-osmo-mobile-8-dji-care-refresh-card-1-year-plan\/#breadcrumb\"},\"inLanguage\":\"es\",\"potentialAction\":[{\"@type\":\"ReadAction\",\"target\":[\"https:\/\/koningdrone.be\/product\/dji-osmo-mobile-8-dji-care-refresh-card-1-year-plan\/\"]}]},{\"@type\":\"ImageObject\",\"inLanguage\":\"es\",\"@id\":\"https:\/\/koningdrone.be\/product\/dji-osmo-mobile-8-dji-care-refresh-card-1-year-plan\/#primaryimage\",\"url\":\"https:\/\/koningdrone.be\/wp-content\/uploads\/sites\/13\/2026\/04\/DJI-Osmo-Mobile-8-DJI-Care-Refresh-Card.jpg\",\"contentUrl\":\"https:\/\/koningdrone.be\/wp-content\/uploads\/sites\/13\/2026\/04\/DJI-Osmo-Mobile-8-DJI-Care-Refresh-Card.jpg\",\"width\":2560,\"height\":2560},{\"@type\":\"BreadcrumbList\",\"@id\":\"https:\/\/koningdrone.be\/product\/dji-osmo-mobile-8-dji-care-refresh-card-1-year-plan\/#breadcrumb\",\"itemListElement\":[{\"@type\":\"ListItem\",\"position\":1,\"name\":\"Home\",\"item\":\"https:\/\/koningdrone.be\/\"},{\"@type\":\"ListItem\",\"position\":2,\"name\":\"AVSS Parachute Recovery System for DJI Matrice 300\/350\",\"item\":\"https:\/\/koningdrone.be\/product\/avss-parachute-recovery-system-for-dji-matrice-300-350\/\"},{\"@type\":\"ListItem\",\"position\":3,\"name\":\"Alle care refresh\",\"item\":\"https:\/\/koningdrone.be\/categorie\/alle-care-refresh\/\"},{\"@type\":\"ListItem\",\"position\":4,\"name\":\"DJI Osmo Mobile 8 &#8211; DJI Care Refresh Card &#8211; 1-Year Plan\"}]},{\"@type\":\"WebSite\",\"@id\":\"https:\/\/koningdrone.be\/#website\",\"url\":\"https:\/\/koningdrone.be\/\",\"name\":\"Koningdrone.be - Uw online specialist in drones, gimbals, camera's en power stations.\",\"description\":\"De webshop in drones en gimbals\",\"publisher\":{\"@id\":\"https:\/\/koningdrone.be\/#organization\"},\"potentialAction\":[{\"@type\":\"SearchAction\",\"target\":{\"@type\":\"EntryPoint\",\"urlTemplate\":\"https:\/\/koningdrone.be\/?s={search_term_string}\"},\"query-input\":{\"@type\":\"PropertyValueSpecification\",\"valueRequired\":true,\"valueName\":\"search_term_string\"}}],\"inLanguage\":\"es\"},{\"@type\":\"Organization\",\"@id\":\"https:\/\/koningdrone.be\/#organization\",\"name\":\"Koningdrone.be\",\"url\":\"https:\/\/koningdrone.be\/\",\"logo\":{\"@type\":\"ImageObject\",\"inLanguage\":\"es\",\"@id\":\"https:\/\/koningdrone.be\/#\/schema\/logo\/image\/\",\"url\":\"https:\/\/koningdrone.be\/wp-content\/uploads\/sites\/13\/2025\/04\/koningdrone-copyright-logo.svg\",\"contentUrl\":\"https:\/\/koningdrone.be\/wp-content\/uploads\/sites\/13\/2025\/04\/koningdrone-copyright-logo.svg\",\"width\":227,\"height\":38,\"caption\":\"Koningdrone.be\"},\"image\":{\"@id\":\"https:\/\/koningdrone.be\/#\/schema\/logo\/image\/\"}}]}<\/script>\n<!-- \/ Yoast SEO Premium plugin. -->","yoast_head_json":{"title":"DJI Osmo Mobile 8 - DJI Care Refresh Card - 1-Year Plan - koningdrone.be","robots":{"index":"index","follow":"follow","max-snippet":"max-snippet:-1","max-image-preview":"max-image-preview:large","max-video-preview":"max-video-preview:-1"},"canonical":"https:\/\/koningdrone.be\/es\/producto\/dji-osmo-mobile-8-dji-care-refresh-card-1-year-plan\/","og_locale":"es_ES","og_type":"article","og_title":"DJI Osmo Mobile 8 - DJI Care Refresh Card - 1-Year Plan","og_description":"Biedt tot 2 voordelige vervangingen binnen een periode van \u00e9\u00e9n jaar.  Volledige dekking voor valschade, botsingen en waterschade.  DJI Care Express voor prioriteit bij vervanging en een snelle afhandeling.  Inclusief gratis verzending (heen en terug) voor alle service-aanvragen.  Offici\u00eble DJI-garantie en exclusieve technische ondersteuning gedurende de looptijd.","og_url":"https:\/\/koningdrone.be\/es\/producto\/dji-osmo-mobile-8-dji-care-refresh-card-1-year-plan\/","og_site_name":"koningdrone.be","article_modified_time":"2026-04-29T02:10:16+00:00","og_image":[{"width":2560,"height":2560,"url":"https:\/\/koningdrone.be\/wp-content\/uploads\/sites\/13\/2026\/04\/DJI-Osmo-Mobile-8-DJI-Care-Refresh-Card.jpg","type":"image\/jpeg"}],"twitter_card":"summary_large_image","twitter_misc":{"Tiempo de lectura":"1 minuto"},"schema":{"@context":"https:\/\/schema.org","@graph":[{"@type":"WebPage","@id":"https:\/\/koningdrone.be\/product\/dji-osmo-mobile-8-dji-care-refresh-card-1-year-plan\/","url":"https:\/\/koningdrone.be\/product\/dji-osmo-mobile-8-dji-care-refresh-card-1-year-plan\/","name":"DJI Osmo Mobile 8 - DJI Care Refresh Card - 1-Year Plan - koningdrone.be","isPartOf":{"@id":"https:\/\/koningdrone.be\/#website"},"primaryImageOfPage":{"@id":"https:\/\/koningdrone.be\/product\/dji-osmo-mobile-8-dji-care-refresh-card-1-year-plan\/#primaryimage"},"image":{"@id":"https:\/\/koningdrone.be\/product\/dji-osmo-mobile-8-dji-care-refresh-card-1-year-plan\/#primaryimage"},"thumbnailUrl":"https:\/\/koningdrone.be\/wp-content\/uploads\/sites\/13\/2026\/04\/DJI-Osmo-Mobile-8-DJI-Care-Refresh-Card.jpg","datePublished":"2026-04-06T16:54:00+00:00","dateModified":"2026-04-29T02:10:16+00:00","breadcrumb":{"@id":"https:\/\/koningdrone.be\/product\/dji-osmo-mobile-8-dji-care-refresh-card-1-year-plan\/#breadcrumb"},"inLanguage":"es","potentialAction":[{"@type":"ReadAction","target":["https:\/\/koningdrone.be\/product\/dji-osmo-mobile-8-dji-care-refresh-card-1-year-plan\/"]}]},{"@type":"ImageObject","inLanguage":"es","@id":"https:\/\/koningdrone.be\/product\/dji-osmo-mobile-8-dji-care-refresh-card-1-year-plan\/#primaryimage","url":"https:\/\/koningdrone.be\/wp-content\/uploads\/sites\/13\/2026\/04\/DJI-Osmo-Mobile-8-DJI-Care-Refresh-Card.jpg","contentUrl":"https:\/\/koningdrone.be\/wp-content\/uploads\/sites\/13\/2026\/04\/DJI-Osmo-Mobile-8-DJI-Care-Refresh-Card.jpg","width":2560,"height":2560},{"@type":"BreadcrumbList","@id":"https:\/\/koningdrone.be\/product\/dji-osmo-mobile-8-dji-care-refresh-card-1-year-plan\/#breadcrumb","itemListElement":[{"@type":"ListItem","position":1,"name":"Home","item":"https:\/\/koningdrone.be\/"},{"@type":"ListItem","position":2,"name":"AVSS Parachute Recovery System for DJI Matrice 300\/350","item":"https:\/\/koningdrone.be\/product\/avss-parachute-recovery-system-for-dji-matrice-300-350\/"},{"@type":"ListItem","position":3,"name":"Alle care refresh","item":"https:\/\/koningdrone.be\/categorie\/alle-care-refresh\/"},{"@type":"ListItem","position":4,"name":"DJI Osmo Mobile 8 &#8211; DJI Care Refresh Card &#8211; 1-Year Plan"}]},{"@type":"WebSite","@id":"https:\/\/koningdrone.be\/#website","url":"https:\/\/koningdrone.be\/","name":"Koningdrone.be - Su especialista en l\u00ednea en drones, cardanes, c\u00e1maras y centrales el\u00e9ctricas.","description":"La tienda virtual de drones y cardanes","publisher":{"@id":"https:\/\/koningdrone.be\/#organization"},"potentialAction":[{"@type":"SearchAction","target":{"@type":"EntryPoint","urlTemplate":"https:\/\/koningdrone.be\/?s={search_term_string}"},"query-input":{"@type":"PropertyValueSpecification","valueRequired":true,"valueName":"search_term_string"}}],"inLanguage":"es"},{"@type":"Organization","@id":"https:\/\/koningdrone.be\/#organization","name":"Kingdrone.es","url":"https:\/\/koningdrone.be\/","logo":{"@type":"ImageObject","inLanguage":"es","@id":"https:\/\/koningdrone.be\/#\/schema\/logo\/image\/","url":"https:\/\/koningdrone.be\/wp-content\/uploads\/sites\/13\/2025\/04\/koningdrone-copyright-logo.svg","contentUrl":"https:\/\/koningdrone.be\/wp-content\/uploads\/sites\/13\/2025\/04\/koningdrone-copyright-logo.svg","width":227,"height":38,"caption":"Koningdrone.be"},"image":{"@id":"https:\/\/koningdrone.be\/#\/schema\/logo\/image\/"}}]}},"df_price":18,"df_sale_price":"","df_regular_price":18,"df_image_link":"https:\/\/koningdrone.be\/wp-content\/uploads\/sites\/13\/2026\/04\/DJI-Osmo-Mobile-8-DJI-Care-Refresh-Card-300x300.jpg","_links":{"self":[{"href":"https:\/\/koningdrone.be\/es\/wp-json\/wp\/v2\/product\/18448","targetHints":{"allow":["GET"]}}],"collection":[{"href":"https:\/\/koningdrone.be\/es\/wp-json\/wp\/v2\/product"}],"about":[{"href":"https:\/\/koningdrone.be\/es\/wp-json\/wp\/v2\/types\/product"}],"wp:featuredmedia":[{"embeddable":true,"href":"https:\/\/koningdrone.be\/es\/wp-json\/wp\/v2\/media\/18449"}],"wp:attachment":[{"href":"https:\/\/koningdrone.be\/es\/wp-json\/wp\/v2\/media?parent=18448"}],"wp:term":[{"taxonomy":"product_brand","embeddable":true,"href":"https:\/\/koningdrone.be\/es\/wp-json\/wp\/v2\/product_brand?post=18448"},{"taxonomy":"product_cat","embeddable":true,"href":"https:\/\/koningdrone.be\/es\/wp-json\/wp\/v2\/product_cat?post=18448"},{"taxonomy":"product_tag","embeddable":true,"href":"https:\/\/koningdrone.be\/es\/wp-json\/wp\/v2\/product_tag?post=18448"}],"curies":[{"name":"wp","href":"https:\/\/api.w.org\/{rel}","templated":true}]}}