{"id":18442,"date":"2026-04-06T18:53:30","date_gmt":"2026-04-06T16:53:30","guid":{"rendered":"https:\/\/koningdrone.be\/?post_type=product&#038;p=18442"},"modified":"2026-04-29T04:10:14","modified_gmt":"2026-04-29T02:10:14","slug":"dji-osmo-mobile-7-dji-care-refresh-2-year-plan-card","status":"publish","type":"product","link":"https:\/\/koningdrone.be\/es\/producto\/dji-osmo-mobile-7-dji-care-refresh-2-year-plan-card\/","title":{"rendered":"DJI Osmo Mobile 7 - Tarjeta DJI Care Refresh Plan de 2 a\u00f1os"},"content":{"rendered":"<h3>DJI Osmo Mobile 7 - Tarjeta DJI Care Refresh Plan de 2 a\u00f1os<\/h3>\n<p>El Plan DJI Care Refresh de 2 a\u00f1os para el DJI Osmo Mobile 7 es el paquete de protecci\u00f3n m\u00e1s completo para el estabilizador de tu smartphone. Suministrado como una tarjeta de activaci\u00f3n digital, este plan ampl\u00eda tu cobertura a un periodo completo de 24 meses. Este plan es ideal para creadores de contenido que utilizan su gimbal de forma intensiva y quieren seguridad a largo plazo contra da\u00f1os imprevistos y fallos t\u00e9cnicos.<\/p>\n<h4>Rendimiento y funcionalidad<\/h4>\n<p>Este plan de 2 a\u00f1os ofrece mucha m\u00e1s seguridad, ya que proporciona hasta cuatro sustituciones durante toda la vigencia. Cubre accidentes comunes como colisiones y da\u00f1os por agua. Gracias a DJI Care Express, tu solicitud se trata con prioridad; te saltas la inspecci\u00f3n t\u00e9cnica y DJI env\u00eda inmediatamente una aeronave de sustituci\u00f3n en cuanto reciben tu aeronave defectuosa, garantizando un tiempo de inactividad m\u00ednimo.<\/p>\n<p><a href=\"https:\/\/koningdrone.nl\/wp-content\/uploads\/2026\/04\/DJI-Osmo-Mobile-7-DJI-Care-Refresh-Plan-Card.jpg\"><img loading=\"lazy\" decoding=\"async\" class=\"size-medium wp-image-471848 aligncenter\" src=\"https:\/\/koningdrone.nl\/wp-content\/uploads\/2026\/04\/DJI-Osmo-Mobile-7-DJI-Care-Refresh-Plan-Card-300x300.jpg\" alt=\"DJI Osmo Mobile 7 - DJI Care Refresh Plan Card\" width=\"300\" height=\"300\" \/><\/a><\/p>\n<h4>Calidad de construcci\u00f3n y dise\u00f1o<\/h4>\n<p>Se trata de un producto virtual (c\u00f3digo de activaci\u00f3n) que debe emparejarse en los 30 d\u00edas siguientes a la activaci\u00f3n inicial de su card\u00e1n. El plan garantiza que las unidades de sustituci\u00f3n cumplen los m\u00e1s altos est\u00e1ndares de f\u00e1brica (nuevas o como nuevas). Adem\u00e1s, se incluye el env\u00edo gratuito de ida y vuelta con cada solicitud de sustituci\u00f3n, por lo que no tendr\u00e1s costes adicionales de log\u00edstica en torno a una reclamaci\u00f3n.<\/p>\n<h4>Por qu\u00e9 lo necesita<\/h4>\n<p>El Osmo Mobile 7 est\u00e1 hecho para su uso sobre la marcha, lo que aumenta el riesgo de una ca\u00edda o da\u00f1os por agua. El plan de 2 a\u00f1os ofrece la mejor relaci\u00f3n calidad-precio para usuarios intensivos, incluyendo una extensi\u00f3n de la garant\u00eda oficial del fabricante a 24 meses. Este plan elimina los obst\u00e1culos financieros en caso de da\u00f1os y proporciona acceso directo a los expertos t\u00e9cnicos de DJI, por lo que siempre tendr\u00e1s la seguridad de que el hardware funciona.<\/p>","protected":false},"excerpt":{"rendered":"<ul>\n<li>Ofrece hasta 4 sustituciones de bajo coste repartidas en dos a\u00f1os.<\/li>\n<li>Cobertura total de da\u00f1os por ca\u00edda, colisi\u00f3n y da\u00f1os por agua.<\/li>\n<li>Ampl\u00eda la garant\u00eda oficial del fabricante al periodo completo de 24 meses.<\/li>\n<li>Uso de DJI Care Express para una gesti\u00f3n prioritaria y muy r\u00e1pida.<\/li>\n<li>Incluye env\u00edo gratuito (ida y vuelta) para todas las solicitudes de servicio dentro de la regi\u00f3n.<\/li>\n<\/ul>","protected":false},"featured_media":18438,"template":"","meta":{"_acf_changed":false},"product_brand":[],"product_cat":[175,1886],"product_tag":[],"class_list":{"0":"post-18442","1":"product","2":"type-product","3":"status-publish","4":"has-post-thumbnail","6":"product_cat-alle-care-refresh","7":"product_cat-dji-osmo-mobile-7","8":"product_shipping_class-acsystemsall","9":"pa_brand-dji","10":"pa_producttype-serviceplan","11":"pa_series-osmo","13":"first","14":"instock","15":"taxable","16":"shipping-taxable","17":"purchasable","18":"product-type-simple"},"acf":[],"yoast_head":"<!-- This site is optimized with the Yoast SEO Premium plugin v27.2 (Yoast SEO v27.2) - https:\/\/yoast.com\/product\/yoast-seo-premium-wordpress\/ -->\n<title>DJI Osmo Mobile 7 - DJI Care Refresh 2-Year Plan Card - koningdrone.be<\/title>\n<meta name=\"robots\" content=\"index, follow, max-snippet:-1, max-image-preview:large, max-video-preview:-1\" \/>\n<link rel=\"canonical\" href=\"https:\/\/koningdrone.be\/es\/producto\/dji-osmo-mobile-7-dji-care-refresh-2-year-plan-card\/\" \/>\n<meta property=\"og:locale\" content=\"es_ES\" \/>\n<meta property=\"og:type\" content=\"article\" \/>\n<meta property=\"og:title\" content=\"DJI Osmo Mobile 7 - DJI Care Refresh 2-Year Plan Card\" \/>\n<meta property=\"og:description\" content=\"Biedt tot 4 voordelige vervangingen verspreid over twee jaar.  Volledige dekking voor valschade, botsingen en waterschade.  Verlengt de offici\u00eble fabrieksgarantie naar de volledige periode van 24 maanden.  Gebruik van DJI Care Express voor prioriteit en een zeer snelle afhandeling.  Inclusief gratis verzending (heen en terug) voor alle service-aanvragen binnen de regio.\" \/>\n<meta property=\"og:url\" content=\"https:\/\/koningdrone.be\/es\/producto\/dji-osmo-mobile-7-dji-care-refresh-2-year-plan-card\/\" \/>\n<meta property=\"og:site_name\" content=\"koningdrone.be\" \/>\n<meta property=\"article:modified_time\" content=\"2026-04-29T02:10:14+00:00\" \/>\n<meta property=\"og:image\" content=\"https:\/\/koningdrone.be\/wp-content\/uploads\/sites\/13\/2026\/04\/DJI-Osmo-Mobile-7-DJI-Care-Refresh-Plan-Card.jpg\" \/>\n\t<meta property=\"og:image:width\" content=\"2560\" \/>\n\t<meta property=\"og:image:height\" content=\"2560\" \/>\n\t<meta property=\"og:image:type\" content=\"image\/jpeg\" \/>\n<meta name=\"twitter:card\" content=\"summary_large_image\" \/>\n<meta name=\"twitter:label1\" content=\"Tiempo de lectura\" \/>\n\t<meta name=\"twitter:data1\" content=\"1 minuto\" \/>\n<script type=\"application\/ld+json\" class=\"yoast-schema-graph\">{\"@context\":\"https:\/\/schema.org\",\"@graph\":[{\"@type\":\"WebPage\",\"@id\":\"https:\/\/koningdrone.be\/product\/dji-osmo-mobile-7-dji-care-refresh-2-year-plan-card\/\",\"url\":\"https:\/\/koningdrone.be\/product\/dji-osmo-mobile-7-dji-care-refresh-2-year-plan-card\/\",\"name\":\"DJI Osmo Mobile 7 - DJI Care Refresh 2-Year Plan Card - koningdrone.be\",\"isPartOf\":{\"@id\":\"https:\/\/koningdrone.be\/#website\"},\"primaryImageOfPage\":{\"@id\":\"https:\/\/koningdrone.be\/product\/dji-osmo-mobile-7-dji-care-refresh-2-year-plan-card\/#primaryimage\"},\"image\":{\"@id\":\"https:\/\/koningdrone.be\/product\/dji-osmo-mobile-7-dji-care-refresh-2-year-plan-card\/#primaryimage\"},\"thumbnailUrl\":\"https:\/\/koningdrone.be\/wp-content\/uploads\/sites\/13\/2026\/04\/DJI-Osmo-Mobile-7-DJI-Care-Refresh-Plan-Card.jpg\",\"datePublished\":\"2026-04-06T16:53:30+00:00\",\"dateModified\":\"2026-04-29T02:10:14+00:00\",\"breadcrumb\":{\"@id\":\"https:\/\/koningdrone.be\/product\/dji-osmo-mobile-7-dji-care-refresh-2-year-plan-card\/#breadcrumb\"},\"inLanguage\":\"es\",\"potentialAction\":[{\"@type\":\"ReadAction\",\"target\":[\"https:\/\/koningdrone.be\/product\/dji-osmo-mobile-7-dji-care-refresh-2-year-plan-card\/\"]}]},{\"@type\":\"ImageObject\",\"inLanguage\":\"es\",\"@id\":\"https:\/\/koningdrone.be\/product\/dji-osmo-mobile-7-dji-care-refresh-2-year-plan-card\/#primaryimage\",\"url\":\"https:\/\/koningdrone.be\/wp-content\/uploads\/sites\/13\/2026\/04\/DJI-Osmo-Mobile-7-DJI-Care-Refresh-Plan-Card.jpg\",\"contentUrl\":\"https:\/\/koningdrone.be\/wp-content\/uploads\/sites\/13\/2026\/04\/DJI-Osmo-Mobile-7-DJI-Care-Refresh-Plan-Card.jpg\",\"width\":2560,\"height\":2560},{\"@type\":\"BreadcrumbList\",\"@id\":\"https:\/\/koningdrone.be\/product\/dji-osmo-mobile-7-dji-care-refresh-2-year-plan-card\/#breadcrumb\",\"itemListElement\":[{\"@type\":\"ListItem\",\"position\":1,\"name\":\"Home\",\"item\":\"https:\/\/koningdrone.be\/\"},{\"@type\":\"ListItem\",\"position\":2,\"name\":\"AVSS Parachute Recovery System for DJI Matrice 300\/350\",\"item\":\"https:\/\/koningdrone.be\/product\/avss-parachute-recovery-system-for-dji-matrice-300-350\/\"},{\"@type\":\"ListItem\",\"position\":3,\"name\":\"Alle care refresh\",\"item\":\"https:\/\/koningdrone.be\/categorie\/alle-care-refresh\/\"},{\"@type\":\"ListItem\",\"position\":4,\"name\":\"DJI Osmo Mobile 7 &#8211; DJI Care Refresh 2-Year Plan Card\"}]},{\"@type\":\"WebSite\",\"@id\":\"https:\/\/koningdrone.be\/#website\",\"url\":\"https:\/\/koningdrone.be\/\",\"name\":\"Koningdrone.be - Uw online specialist in drones, gimbals, camera's en power stations.\",\"description\":\"De webshop in drones en gimbals\",\"publisher\":{\"@id\":\"https:\/\/koningdrone.be\/#organization\"},\"potentialAction\":[{\"@type\":\"SearchAction\",\"target\":{\"@type\":\"EntryPoint\",\"urlTemplate\":\"https:\/\/koningdrone.be\/?s={search_term_string}\"},\"query-input\":{\"@type\":\"PropertyValueSpecification\",\"valueRequired\":true,\"valueName\":\"search_term_string\"}}],\"inLanguage\":\"es\"},{\"@type\":\"Organization\",\"@id\":\"https:\/\/koningdrone.be\/#organization\",\"name\":\"Koningdrone.be\",\"url\":\"https:\/\/koningdrone.be\/\",\"logo\":{\"@type\":\"ImageObject\",\"inLanguage\":\"es\",\"@id\":\"https:\/\/koningdrone.be\/#\/schema\/logo\/image\/\",\"url\":\"https:\/\/koningdrone.be\/wp-content\/uploads\/sites\/13\/2025\/04\/koningdrone-copyright-logo.svg\",\"contentUrl\":\"https:\/\/koningdrone.be\/wp-content\/uploads\/sites\/13\/2025\/04\/koningdrone-copyright-logo.svg\",\"width\":227,\"height\":38,\"caption\":\"Koningdrone.be\"},\"image\":{\"@id\":\"https:\/\/koningdrone.be\/#\/schema\/logo\/image\/\"}}]}<\/script>\n<!-- \/ Yoast SEO Premium plugin. -->","yoast_head_json":{"title":"DJI Osmo Mobile 7 - DJI Care Refresh 2-Year Plan Card - koningdrone.be","robots":{"index":"index","follow":"follow","max-snippet":"max-snippet:-1","max-image-preview":"max-image-preview:large","max-video-preview":"max-video-preview:-1"},"canonical":"https:\/\/koningdrone.be\/es\/producto\/dji-osmo-mobile-7-dji-care-refresh-2-year-plan-card\/","og_locale":"es_ES","og_type":"article","og_title":"DJI Osmo Mobile 7 - DJI Care Refresh 2-Year Plan Card","og_description":"Biedt tot 4 voordelige vervangingen verspreid over twee jaar.  Volledige dekking voor valschade, botsingen en waterschade.  Verlengt de offici\u00eble fabrieksgarantie naar de volledige periode van 24 maanden.  Gebruik van DJI Care Express voor prioriteit en een zeer snelle afhandeling.  Inclusief gratis verzending (heen en terug) voor alle service-aanvragen binnen de regio.","og_url":"https:\/\/koningdrone.be\/es\/producto\/dji-osmo-mobile-7-dji-care-refresh-2-year-plan-card\/","og_site_name":"koningdrone.be","article_modified_time":"2026-04-29T02:10:14+00:00","og_image":[{"width":2560,"height":2560,"url":"https:\/\/koningdrone.be\/wp-content\/uploads\/sites\/13\/2026\/04\/DJI-Osmo-Mobile-7-DJI-Care-Refresh-Plan-Card.jpg","type":"image\/jpeg"}],"twitter_card":"summary_large_image","twitter_misc":{"Tiempo de lectura":"1 minuto"},"schema":{"@context":"https:\/\/schema.org","@graph":[{"@type":"WebPage","@id":"https:\/\/koningdrone.be\/product\/dji-osmo-mobile-7-dji-care-refresh-2-year-plan-card\/","url":"https:\/\/koningdrone.be\/product\/dji-osmo-mobile-7-dji-care-refresh-2-year-plan-card\/","name":"DJI Osmo Mobile 7 - DJI Care Refresh 2-Year Plan Card - koningdrone.be","isPartOf":{"@id":"https:\/\/koningdrone.be\/#website"},"primaryImageOfPage":{"@id":"https:\/\/koningdrone.be\/product\/dji-osmo-mobile-7-dji-care-refresh-2-year-plan-card\/#primaryimage"},"image":{"@id":"https:\/\/koningdrone.be\/product\/dji-osmo-mobile-7-dji-care-refresh-2-year-plan-card\/#primaryimage"},"thumbnailUrl":"https:\/\/koningdrone.be\/wp-content\/uploads\/sites\/13\/2026\/04\/DJI-Osmo-Mobile-7-DJI-Care-Refresh-Plan-Card.jpg","datePublished":"2026-04-06T16:53:30+00:00","dateModified":"2026-04-29T02:10:14+00:00","breadcrumb":{"@id":"https:\/\/koningdrone.be\/product\/dji-osmo-mobile-7-dji-care-refresh-2-year-plan-card\/#breadcrumb"},"inLanguage":"es","potentialAction":[{"@type":"ReadAction","target":["https:\/\/koningdrone.be\/product\/dji-osmo-mobile-7-dji-care-refresh-2-year-plan-card\/"]}]},{"@type":"ImageObject","inLanguage":"es","@id":"https:\/\/koningdrone.be\/product\/dji-osmo-mobile-7-dji-care-refresh-2-year-plan-card\/#primaryimage","url":"https:\/\/koningdrone.be\/wp-content\/uploads\/sites\/13\/2026\/04\/DJI-Osmo-Mobile-7-DJI-Care-Refresh-Plan-Card.jpg","contentUrl":"https:\/\/koningdrone.be\/wp-content\/uploads\/sites\/13\/2026\/04\/DJI-Osmo-Mobile-7-DJI-Care-Refresh-Plan-Card.jpg","width":2560,"height":2560},{"@type":"BreadcrumbList","@id":"https:\/\/koningdrone.be\/product\/dji-osmo-mobile-7-dji-care-refresh-2-year-plan-card\/#breadcrumb","itemListElement":[{"@type":"ListItem","position":1,"name":"Home","item":"https:\/\/koningdrone.be\/"},{"@type":"ListItem","position":2,"name":"AVSS Parachute Recovery System for DJI Matrice 300\/350","item":"https:\/\/koningdrone.be\/product\/avss-parachute-recovery-system-for-dji-matrice-300-350\/"},{"@type":"ListItem","position":3,"name":"Alle care refresh","item":"https:\/\/koningdrone.be\/categorie\/alle-care-refresh\/"},{"@type":"ListItem","position":4,"name":"DJI Osmo Mobile 7 &#8211; DJI Care Refresh 2-Year Plan Card"}]},{"@type":"WebSite","@id":"https:\/\/koningdrone.be\/#website","url":"https:\/\/koningdrone.be\/","name":"Koningdrone.be - Su especialista en l\u00ednea en drones, cardanes, c\u00e1maras y centrales el\u00e9ctricas.","description":"La tienda virtual de drones y cardanes","publisher":{"@id":"https:\/\/koningdrone.be\/#organization"},"potentialAction":[{"@type":"SearchAction","target":{"@type":"EntryPoint","urlTemplate":"https:\/\/koningdrone.be\/?s={search_term_string}"},"query-input":{"@type":"PropertyValueSpecification","valueRequired":true,"valueName":"search_term_string"}}],"inLanguage":"es"},{"@type":"Organization","@id":"https:\/\/koningdrone.be\/#organization","name":"Kingdrone.es","url":"https:\/\/koningdrone.be\/","logo":{"@type":"ImageObject","inLanguage":"es","@id":"https:\/\/koningdrone.be\/#\/schema\/logo\/image\/","url":"https:\/\/koningdrone.be\/wp-content\/uploads\/sites\/13\/2025\/04\/koningdrone-copyright-logo.svg","contentUrl":"https:\/\/koningdrone.be\/wp-content\/uploads\/sites\/13\/2025\/04\/koningdrone-copyright-logo.svg","width":227,"height":38,"caption":"Koningdrone.be"},"image":{"@id":"https:\/\/koningdrone.be\/#\/schema\/logo\/image\/"}}]}},"df_price":18,"df_sale_price":"","df_regular_price":18,"df_image_link":"https:\/\/koningdrone.be\/wp-content\/uploads\/sites\/13\/2026\/04\/DJI-Osmo-Mobile-7-DJI-Care-Refresh-Plan-Card-300x300.jpg","_links":{"self":[{"href":"https:\/\/koningdrone.be\/es\/wp-json\/wp\/v2\/product\/18442","targetHints":{"allow":["GET"]}}],"collection":[{"href":"https:\/\/koningdrone.be\/es\/wp-json\/wp\/v2\/product"}],"about":[{"href":"https:\/\/koningdrone.be\/es\/wp-json\/wp\/v2\/types\/product"}],"wp:featuredmedia":[{"embeddable":true,"href":"https:\/\/koningdrone.be\/es\/wp-json\/wp\/v2\/media\/18438"}],"wp:attachment":[{"href":"https:\/\/koningdrone.be\/es\/wp-json\/wp\/v2\/media?parent=18442"}],"wp:term":[{"taxonomy":"product_brand","embeddable":true,"href":"https:\/\/koningdrone.be\/es\/wp-json\/wp\/v2\/product_brand?post=18442"},{"taxonomy":"product_cat","embeddable":true,"href":"https:\/\/koningdrone.be\/es\/wp-json\/wp\/v2\/product_cat?post=18442"},{"taxonomy":"product_tag","embeddable":true,"href":"https:\/\/koningdrone.be\/es\/wp-json\/wp\/v2\/product_tag?post=18442"}],"curies":[{"name":"wp","href":"https:\/\/api.w.org\/{rel}","templated":true}]}}