{"id":18437,"date":"2026-04-06T18:53:20","date_gmt":"2026-04-06T16:53:20","guid":{"rendered":"https:\/\/koningdrone.be\/?post_type=product&#038;p=18437"},"modified":"2026-04-29T04:10:13","modified_gmt":"2026-04-29T02:10:13","slug":"dji-osmo-mobile-7-dji-care-refresh-1-year-plan-card","status":"publish","type":"product","link":"https:\/\/koningdrone.be\/es\/producto\/dji-osmo-mobile-7-dji-care-refresh-1-year-plan-card\/","title":{"rendered":"DJI Osmo Mobile 7 - Tarjeta DJI Care Refresh Plan de 1 a\u00f1o"},"content":{"rendered":"<h3>DJI Osmo Mobile 7 - Tarjeta DJI Care Refresh Plan de 1 a\u00f1o<\/h3>\n<p>El Plan DJI Care Refresh de 1 a\u00f1o para el DJI Osmo Mobile 7 es un paquete completo que protege tu card\u00e1n de da\u00f1os imprevistos. Suministrado como una tarjeta de activaci\u00f3n digital, este plan proporciona soporte para el Osmo Mobile 7 est\u00e1ndar con su estabilizaci\u00f3n avanzada y tr\u00edpode incorporado. Este plan garantiza que puedas centrarte plenamente en la filmaci\u00f3n sin temor al coste de un accidente.<\/p>\n<h4>Rendimiento y funcionalidad<\/h4>\n<p>Este plan de servicio ofrece hasta dos unidades de repuesto en un a\u00f1o por una tarifa fija y baja (suele rondar los 6 euros). Cubre varias situaciones, como da\u00f1os por agua y colisiones. Gracias al servicio DJI Care Express, tu solicitud se gestionar\u00e1 a la velocidad del rayo; DJI enviar\u00e1 una unidad de sustituci\u00f3n tan pronto como reciba tu unidad defectuosa, por lo que nunca estar\u00e1s sin card\u00e1n durante mucho tiempo.<\/p>\n<p><a href=\"https:\/\/koningdrone.nl\/wp-content\/uploads\/2026\/04\/DJI-Osmo-Mobile-7-DJI-Care-Refresh-Plan-Card.jpg\"><img loading=\"lazy\" decoding=\"async\" class=\"size-medium wp-image-471848 aligncenter\" src=\"https:\/\/koningdrone.nl\/wp-content\/uploads\/2026\/04\/DJI-Osmo-Mobile-7-DJI-Care-Refresh-Plan-Card-300x300.jpg\" alt=\"DJI Osmo Mobile 7 - DJI Care Refresh Plan Card\" width=\"300\" height=\"300\" \/><\/a><\/p>\n<h4>Calidad de construcci\u00f3n y dise\u00f1o<\/h4>\n<p>Se trata de un producto virtual en forma de c\u00f3digo de activaci\u00f3n que debe vincular en los 30 d\u00edas siguientes a la primera activaci\u00f3n de su card\u00e1n. Aunque el servicio es digital, se le garantizan reemplazos de hardware que cumplen con los m\u00e1s altos est\u00e1ndares de f\u00e1brica. Adem\u00e1s, los gastos de env\u00edo son gratuitos en ambos sentidos, lo que significa que DJI cubrir\u00e1 toda la log\u00edstica relacionada con tu reclamaci\u00f3n.<\/p>\n<h4>Por qu\u00e9 lo necesita<\/h4>\n<p>El Osmo Mobile 7 est\u00e1 dise\u00f1ado para llevarlo a todas partes, lo que aumenta las posibilidades de sufrir una ca\u00edda o da\u00f1os por agua. DJI Care Refresh act\u00faa como tu red de seguridad, eliminando los altos costes de reparaci\u00f3n. Tambi\u00e9n te beneficias de una garant\u00eda oficial y acceso directo a los expertos t\u00e9cnicos de DJI, algo esencial para cualquier creador de contenidos serio.<\/p>","protected":false},"excerpt":{"rendered":"<ul>\n<li>Hasta 2 sustituciones beneficiosas en un periodo de un a\u00f1o.<\/li>\n<li>Cobertura total de da\u00f1os por ca\u00edda, colisi\u00f3n y da\u00f1os por agua.<\/li>\n<li>DJI Care Express para un procesamiento m\u00e1s r\u00e1pido y menos tiempo de espera.<\/li>\n<li>Incluye env\u00edo gratuito (ida y vuelta) para todas las solicitudes de servicio.<\/li>\n<li>Garant\u00eda oficial DJI y soporte t\u00e9cnico exclusivo.<\/li>\n<\/ul>","protected":false},"featured_media":18438,"template":"","meta":{"_acf_changed":false},"product_brand":[],"product_cat":[175,1886],"product_tag":[],"class_list":{"0":"post-18437","1":"product","2":"type-product","3":"status-publish","4":"has-post-thumbnail","6":"product_cat-alle-care-refresh","7":"product_cat-dji-osmo-mobile-7","8":"product_shipping_class-acsystemsall","9":"pa_brand-dji","10":"pa_producttype-serviceplan","11":"pa_series-osmo","13":"first","14":"instock","15":"taxable","16":"shipping-taxable","17":"purchasable","18":"product-type-simple"},"acf":[],"yoast_head":"<!-- This site is optimized with the Yoast SEO Premium plugin v27.2 (Yoast SEO v27.2) - https:\/\/yoast.com\/product\/yoast-seo-premium-wordpress\/ -->\n<title>DJI Osmo Mobile 7 - DJI Care Refresh 1-Year Plan Card - koningdrone.be<\/title>\n<meta name=\"robots\" content=\"index, follow, max-snippet:-1, max-image-preview:large, max-video-preview:-1\" \/>\n<link rel=\"canonical\" href=\"https:\/\/koningdrone.be\/es\/producto\/dji-osmo-mobile-7-dji-care-refresh-1-year-plan-card\/\" \/>\n<meta property=\"og:locale\" content=\"es_ES\" \/>\n<meta property=\"og:type\" content=\"article\" \/>\n<meta property=\"og:title\" content=\"DJI Osmo Mobile 7 - DJI Care Refresh 1-Year Plan Card\" \/>\n<meta property=\"og:description\" content=\"Tot 2 voordelige vervangingen binnen een periode van \u00e9\u00e9n jaar.  Volledige dekking voor valschade, botsingen en waterschade.  DJI Care Express voor een versnelde afhandeling en minder wachttijd.  Inclusief gratis verzending (heen en terug) voor alle service-aanvragen.  Offici\u00eble DJI-garantie en exclusieve technische ondersteuning.\" \/>\n<meta property=\"og:url\" content=\"https:\/\/koningdrone.be\/es\/producto\/dji-osmo-mobile-7-dji-care-refresh-1-year-plan-card\/\" \/>\n<meta property=\"og:site_name\" content=\"koningdrone.be\" \/>\n<meta property=\"article:modified_time\" content=\"2026-04-29T02:10:13+00:00\" \/>\n<meta property=\"og:image\" content=\"https:\/\/koningdrone.be\/wp-content\/uploads\/sites\/13\/2026\/04\/DJI-Osmo-Mobile-7-DJI-Care-Refresh-Plan-Card.jpg\" \/>\n\t<meta property=\"og:image:width\" content=\"2560\" \/>\n\t<meta property=\"og:image:height\" content=\"2560\" \/>\n\t<meta property=\"og:image:type\" content=\"image\/jpeg\" \/>\n<meta name=\"twitter:card\" content=\"summary_large_image\" \/>\n<meta name=\"twitter:label1\" content=\"Tiempo de lectura\" \/>\n\t<meta name=\"twitter:data1\" content=\"1 minuto\" \/>\n<script type=\"application\/ld+json\" class=\"yoast-schema-graph\">{\"@context\":\"https:\/\/schema.org\",\"@graph\":[{\"@type\":\"WebPage\",\"@id\":\"https:\/\/koningdrone.be\/product\/dji-osmo-mobile-7-dji-care-refresh-1-year-plan-card\/\",\"url\":\"https:\/\/koningdrone.be\/product\/dji-osmo-mobile-7-dji-care-refresh-1-year-plan-card\/\",\"name\":\"DJI Osmo Mobile 7 - DJI Care Refresh 1-Year Plan Card - koningdrone.be\",\"isPartOf\":{\"@id\":\"https:\/\/koningdrone.be\/#website\"},\"primaryImageOfPage\":{\"@id\":\"https:\/\/koningdrone.be\/product\/dji-osmo-mobile-7-dji-care-refresh-1-year-plan-card\/#primaryimage\"},\"image\":{\"@id\":\"https:\/\/koningdrone.be\/product\/dji-osmo-mobile-7-dji-care-refresh-1-year-plan-card\/#primaryimage\"},\"thumbnailUrl\":\"https:\/\/koningdrone.be\/wp-content\/uploads\/sites\/13\/2026\/04\/DJI-Osmo-Mobile-7-DJI-Care-Refresh-Plan-Card.jpg\",\"datePublished\":\"2026-04-06T16:53:20+00:00\",\"dateModified\":\"2026-04-29T02:10:13+00:00\",\"breadcrumb\":{\"@id\":\"https:\/\/koningdrone.be\/product\/dji-osmo-mobile-7-dji-care-refresh-1-year-plan-card\/#breadcrumb\"},\"inLanguage\":\"es\",\"potentialAction\":[{\"@type\":\"ReadAction\",\"target\":[\"https:\/\/koningdrone.be\/product\/dji-osmo-mobile-7-dji-care-refresh-1-year-plan-card\/\"]}]},{\"@type\":\"ImageObject\",\"inLanguage\":\"es\",\"@id\":\"https:\/\/koningdrone.be\/product\/dji-osmo-mobile-7-dji-care-refresh-1-year-plan-card\/#primaryimage\",\"url\":\"https:\/\/koningdrone.be\/wp-content\/uploads\/sites\/13\/2026\/04\/DJI-Osmo-Mobile-7-DJI-Care-Refresh-Plan-Card.jpg\",\"contentUrl\":\"https:\/\/koningdrone.be\/wp-content\/uploads\/sites\/13\/2026\/04\/DJI-Osmo-Mobile-7-DJI-Care-Refresh-Plan-Card.jpg\",\"width\":2560,\"height\":2560},{\"@type\":\"BreadcrumbList\",\"@id\":\"https:\/\/koningdrone.be\/product\/dji-osmo-mobile-7-dji-care-refresh-1-year-plan-card\/#breadcrumb\",\"itemListElement\":[{\"@type\":\"ListItem\",\"position\":1,\"name\":\"Home\",\"item\":\"https:\/\/koningdrone.be\/\"},{\"@type\":\"ListItem\",\"position\":2,\"name\":\"AVSS Parachute Recovery System for DJI Matrice 300\/350\",\"item\":\"https:\/\/koningdrone.be\/product\/avss-parachute-recovery-system-for-dji-matrice-300-350\/\"},{\"@type\":\"ListItem\",\"position\":3,\"name\":\"Alle care refresh\",\"item\":\"https:\/\/koningdrone.be\/categorie\/alle-care-refresh\/\"},{\"@type\":\"ListItem\",\"position\":4,\"name\":\"DJI Osmo Mobile 7 &#8211; DJI Care Refresh 1-Year Plan Card\"}]},{\"@type\":\"WebSite\",\"@id\":\"https:\/\/koningdrone.be\/#website\",\"url\":\"https:\/\/koningdrone.be\/\",\"name\":\"Koningdrone.be - Uw online specialist in drones, gimbals, camera's en power stations.\",\"description\":\"De webshop in drones en gimbals\",\"publisher\":{\"@id\":\"https:\/\/koningdrone.be\/#organization\"},\"potentialAction\":[{\"@type\":\"SearchAction\",\"target\":{\"@type\":\"EntryPoint\",\"urlTemplate\":\"https:\/\/koningdrone.be\/?s={search_term_string}\"},\"query-input\":{\"@type\":\"PropertyValueSpecification\",\"valueRequired\":true,\"valueName\":\"search_term_string\"}}],\"inLanguage\":\"es\"},{\"@type\":\"Organization\",\"@id\":\"https:\/\/koningdrone.be\/#organization\",\"name\":\"Koningdrone.be\",\"url\":\"https:\/\/koningdrone.be\/\",\"logo\":{\"@type\":\"ImageObject\",\"inLanguage\":\"es\",\"@id\":\"https:\/\/koningdrone.be\/#\/schema\/logo\/image\/\",\"url\":\"https:\/\/koningdrone.be\/wp-content\/uploads\/sites\/13\/2025\/04\/koningdrone-copyright-logo.svg\",\"contentUrl\":\"https:\/\/koningdrone.be\/wp-content\/uploads\/sites\/13\/2025\/04\/koningdrone-copyright-logo.svg\",\"width\":227,\"height\":38,\"caption\":\"Koningdrone.be\"},\"image\":{\"@id\":\"https:\/\/koningdrone.be\/#\/schema\/logo\/image\/\"}}]}<\/script>\n<!-- \/ Yoast SEO Premium plugin. -->","yoast_head_json":{"title":"DJI Osmo Mobile 7 - DJI Care Refresh 1-Year Plan Card - koningdrone.be","robots":{"index":"index","follow":"follow","max-snippet":"max-snippet:-1","max-image-preview":"max-image-preview:large","max-video-preview":"max-video-preview:-1"},"canonical":"https:\/\/koningdrone.be\/es\/producto\/dji-osmo-mobile-7-dji-care-refresh-1-year-plan-card\/","og_locale":"es_ES","og_type":"article","og_title":"DJI Osmo Mobile 7 - DJI Care Refresh 1-Year Plan Card","og_description":"Tot 2 voordelige vervangingen binnen een periode van \u00e9\u00e9n jaar.  Volledige dekking voor valschade, botsingen en waterschade.  DJI Care Express voor een versnelde afhandeling en minder wachttijd.  Inclusief gratis verzending (heen en terug) voor alle service-aanvragen.  Offici\u00eble DJI-garantie en exclusieve technische ondersteuning.","og_url":"https:\/\/koningdrone.be\/es\/producto\/dji-osmo-mobile-7-dji-care-refresh-1-year-plan-card\/","og_site_name":"koningdrone.be","article_modified_time":"2026-04-29T02:10:13+00:00","og_image":[{"width":2560,"height":2560,"url":"https:\/\/koningdrone.be\/wp-content\/uploads\/sites\/13\/2026\/04\/DJI-Osmo-Mobile-7-DJI-Care-Refresh-Plan-Card.jpg","type":"image\/jpeg"}],"twitter_card":"summary_large_image","twitter_misc":{"Tiempo de lectura":"1 minuto"},"schema":{"@context":"https:\/\/schema.org","@graph":[{"@type":"WebPage","@id":"https:\/\/koningdrone.be\/product\/dji-osmo-mobile-7-dji-care-refresh-1-year-plan-card\/","url":"https:\/\/koningdrone.be\/product\/dji-osmo-mobile-7-dji-care-refresh-1-year-plan-card\/","name":"DJI Osmo Mobile 7 - DJI Care Refresh 1-Year Plan Card - koningdrone.be","isPartOf":{"@id":"https:\/\/koningdrone.be\/#website"},"primaryImageOfPage":{"@id":"https:\/\/koningdrone.be\/product\/dji-osmo-mobile-7-dji-care-refresh-1-year-plan-card\/#primaryimage"},"image":{"@id":"https:\/\/koningdrone.be\/product\/dji-osmo-mobile-7-dji-care-refresh-1-year-plan-card\/#primaryimage"},"thumbnailUrl":"https:\/\/koningdrone.be\/wp-content\/uploads\/sites\/13\/2026\/04\/DJI-Osmo-Mobile-7-DJI-Care-Refresh-Plan-Card.jpg","datePublished":"2026-04-06T16:53:20+00:00","dateModified":"2026-04-29T02:10:13+00:00","breadcrumb":{"@id":"https:\/\/koningdrone.be\/product\/dji-osmo-mobile-7-dji-care-refresh-1-year-plan-card\/#breadcrumb"},"inLanguage":"es","potentialAction":[{"@type":"ReadAction","target":["https:\/\/koningdrone.be\/product\/dji-osmo-mobile-7-dji-care-refresh-1-year-plan-card\/"]}]},{"@type":"ImageObject","inLanguage":"es","@id":"https:\/\/koningdrone.be\/product\/dji-osmo-mobile-7-dji-care-refresh-1-year-plan-card\/#primaryimage","url":"https:\/\/koningdrone.be\/wp-content\/uploads\/sites\/13\/2026\/04\/DJI-Osmo-Mobile-7-DJI-Care-Refresh-Plan-Card.jpg","contentUrl":"https:\/\/koningdrone.be\/wp-content\/uploads\/sites\/13\/2026\/04\/DJI-Osmo-Mobile-7-DJI-Care-Refresh-Plan-Card.jpg","width":2560,"height":2560},{"@type":"BreadcrumbList","@id":"https:\/\/koningdrone.be\/product\/dji-osmo-mobile-7-dji-care-refresh-1-year-plan-card\/#breadcrumb","itemListElement":[{"@type":"ListItem","position":1,"name":"Home","item":"https:\/\/koningdrone.be\/"},{"@type":"ListItem","position":2,"name":"AVSS Parachute Recovery System for DJI Matrice 300\/350","item":"https:\/\/koningdrone.be\/product\/avss-parachute-recovery-system-for-dji-matrice-300-350\/"},{"@type":"ListItem","position":3,"name":"Alle care refresh","item":"https:\/\/koningdrone.be\/categorie\/alle-care-refresh\/"},{"@type":"ListItem","position":4,"name":"DJI Osmo Mobile 7 &#8211; DJI Care Refresh 1-Year Plan Card"}]},{"@type":"WebSite","@id":"https:\/\/koningdrone.be\/#website","url":"https:\/\/koningdrone.be\/","name":"Koningdrone.be - Su especialista en l\u00ednea en drones, cardanes, c\u00e1maras y centrales el\u00e9ctricas.","description":"La tienda virtual de drones y cardanes","publisher":{"@id":"https:\/\/koningdrone.be\/#organization"},"potentialAction":[{"@type":"SearchAction","target":{"@type":"EntryPoint","urlTemplate":"https:\/\/koningdrone.be\/?s={search_term_string}"},"query-input":{"@type":"PropertyValueSpecification","valueRequired":true,"valueName":"search_term_string"}}],"inLanguage":"es"},{"@type":"Organization","@id":"https:\/\/koningdrone.be\/#organization","name":"Kingdrone.es","url":"https:\/\/koningdrone.be\/","logo":{"@type":"ImageObject","inLanguage":"es","@id":"https:\/\/koningdrone.be\/#\/schema\/logo\/image\/","url":"https:\/\/koningdrone.be\/wp-content\/uploads\/sites\/13\/2025\/04\/koningdrone-copyright-logo.svg","contentUrl":"https:\/\/koningdrone.be\/wp-content\/uploads\/sites\/13\/2025\/04\/koningdrone-copyright-logo.svg","width":227,"height":38,"caption":"Koningdrone.be"},"image":{"@id":"https:\/\/koningdrone.be\/#\/schema\/logo\/image\/"}}]}},"df_price":15,"df_sale_price":"","df_regular_price":15,"df_image_link":"https:\/\/koningdrone.be\/wp-content\/uploads\/sites\/13\/2026\/04\/DJI-Osmo-Mobile-7-DJI-Care-Refresh-Plan-Card-300x300.jpg","_links":{"self":[{"href":"https:\/\/koningdrone.be\/es\/wp-json\/wp\/v2\/product\/18437","targetHints":{"allow":["GET"]}}],"collection":[{"href":"https:\/\/koningdrone.be\/es\/wp-json\/wp\/v2\/product"}],"about":[{"href":"https:\/\/koningdrone.be\/es\/wp-json\/wp\/v2\/types\/product"}],"wp:featuredmedia":[{"embeddable":true,"href":"https:\/\/koningdrone.be\/es\/wp-json\/wp\/v2\/media\/18438"}],"wp:attachment":[{"href":"https:\/\/koningdrone.be\/es\/wp-json\/wp\/v2\/media?parent=18437"}],"wp:term":[{"taxonomy":"product_brand","embeddable":true,"href":"https:\/\/koningdrone.be\/es\/wp-json\/wp\/v2\/product_brand?post=18437"},{"taxonomy":"product_cat","embeddable":true,"href":"https:\/\/koningdrone.be\/es\/wp-json\/wp\/v2\/product_cat?post=18437"},{"taxonomy":"product_tag","embeddable":true,"href":"https:\/\/koningdrone.be\/es\/wp-json\/wp\/v2\/product_tag?post=18437"}],"curies":[{"name":"wp","href":"https:\/\/api.w.org\/{rel}","templated":true}]}}