{"id":18436,"date":"2026-04-06T18:53:10","date_gmt":"2026-04-06T16:53:10","guid":{"rendered":"https:\/\/koningdrone.be\/?post_type=product&#038;p=18436"},"modified":"2026-04-29T15:20:06","modified_gmt":"2026-04-29T13:20:06","slug":"dji-care-refresh-card-2-year-plan-dji-neo-2","status":"publish","type":"product","link":"https:\/\/koningdrone.be\/es\/producto\/dji-care-refresh-card-2-year-plan-dji-neo-2\/","title":{"rendered":"DJI Care Refresh Card - Plan de 2 a\u00f1os - DJI Neo 2"},"content":{"rendered":"<h3>DJI Care Refresh Card - Plan de 2 a\u00f1os - DJI Neo 2<\/h3>\n<p>El Plan DJI Care Refresh de 2 a\u00f1os es el paquete de protecci\u00f3n m\u00e1s completo para el DJI Neo 2, con una duraci\u00f3n total de 24 meses. Este plan viene como un c\u00f3digo de activaci\u00f3n digital y proporciona seguridad a largo plazo para tu dron compacto. Es ideal para los usuarios que desean utilizar las funciones follow-me del Neo 2 de forma intensiva sin preocuparse por los elevados costes de reparaci\u00f3n en caso de accidente.<\/p>\n<h4>Rendimiento y funcionalidad<\/h4>\n<p>Este plan de 2 a\u00f1os ofrece hasta cuatro sustituciones durante el periodo de vigencia. Cubre da\u00f1os por colisi\u00f3n, da\u00f1os por agua y desgaste natural. Una gran ventaja es la inclusi\u00f3n de hasta dos sustituciones Flyaway, que te dan derecho a una sustituci\u00f3n a bajo coste incluso si pierdes el dispositivo durante un vuelo. La garant\u00eda oficial ampliada tambi\u00e9n protege su hardware contra defectos de fabricaci\u00f3n durante los dos a\u00f1os completos.<\/p>\n<p><a href=\"https:\/\/koningdrone.nl\/wp-content\/uploads\/2026\/04\/DJI-Care-Refresh-Card-DJI-Neo-2.jpg\"><img loading=\"lazy\" decoding=\"async\" class=\"size-medium wp-image-471835 aligncenter\" src=\"https:\/\/koningdrone.nl\/wp-content\/uploads\/2026\/04\/DJI-Care-Refresh-Card-DJI-Neo-2-300x300.jpg\" alt=\"DJI Care Refresh Card - DJI Neo 2\" width=\"300\" height=\"300\" \/><\/a><\/p>\n<h4>Calidad de construcci\u00f3n y dise\u00f1o<\/h4>\n<p>Aunque se trata de un producto virtual, da acceso al r\u00e1pido servicio DJI Care Express. Esto se salta la inspecci\u00f3n t\u00e9cnica; tan pronto como DJI reciba tu Neo 2 da\u00f1ado, enviar\u00e1 inmediatamente una unidad de reemplazo nueva o equivalente a nueva. El plan tambi\u00e9n cubre todos los gastos de env\u00edo de ida y vuelta, por lo que no tendr\u00e1s ning\u00fan coste adicional por el env\u00edo de tu dron defectuoso.<\/p>\n<h4>Por qu\u00e9 lo necesita<\/h4>\n<p>La DJI Neo 2 se utiliza a menudo en entornos dif\u00edciles para tomas de acci\u00f3n en primer plano, lo que aumenta el riesgo de ca\u00eddas. El plan de 2 a\u00f1os ofrece la mejor relaci\u00f3n calidad-precio para una protecci\u00f3n a largo plazo, con m\u00e1s opciones de sustituci\u00f3n y un periodo de garant\u00eda m\u00e1s largo que el plan de 1 a\u00f1o. Es la mejor opci\u00f3n para los pilotos que quieren dos a\u00f1os de vuelo y filmaci\u00f3n sin preocupaciones.<\/p>","protected":false},"excerpt":{"rendered":"<ul>\n<li>Ofrece hasta 4 sustituciones a bajo coste repartidas en un periodo de dos a\u00f1os.<\/li>\n<li>Incluye hasta 2 sustitutos Flyaway en caso de p\u00e9rdida de la aeronave.<\/li>\n<li>Ampl\u00eda la garant\u00eda oficial del fabricante al periodo completo de 24 meses.<\/li>\n<li>Uso de DJI Care Express para una gesti\u00f3n acelerada y un tiempo de inactividad m\u00ednimo.<\/li>\n<li>Env\u00edo gratuito en ambos sentidos para todas las solicitudes de servicio cubiertas.<\/li>\n<\/ul>","protected":false},"featured_media":18432,"template":"","meta":{"_acf_changed":false},"product_brand":[],"product_cat":[175,1722],"product_tag":[],"class_list":{"0":"post-18436","1":"product","2":"type-product","3":"status-publish","4":"has-post-thumbnail","6":"product_cat-alle-care-refresh","7":"product_cat-dji-neo-2","8":"product_shipping_class-outofstock","9":"pa_brand-dji","10":"pa_producttype-serviceplan","12":"first","13":"outofstock","14":"taxable","15":"shipping-taxable","16":"purchasable","17":"product-type-simple"},"acf":[],"yoast_head":"<!-- This site is optimized with the Yoast SEO Premium plugin v27.2 (Yoast SEO v27.2) - https:\/\/yoast.com\/product\/yoast-seo-premium-wordpress\/ -->\n<title>DJI Care Refresh Card - 2-Year Plan - DJI Neo 2 - koningdrone.be<\/title>\n<meta name=\"robots\" content=\"index, follow, max-snippet:-1, max-image-preview:large, max-video-preview:-1\" \/>\n<link rel=\"canonical\" href=\"https:\/\/koningdrone.be\/es\/producto\/dji-care-refresh-card-2-year-plan-dji-neo-2\/\" \/>\n<meta property=\"og:locale\" content=\"es_ES\" \/>\n<meta property=\"og:type\" content=\"article\" \/>\n<meta property=\"og:title\" content=\"DJI Care Refresh Card - 2-Year Plan - DJI Neo 2\" \/>\n<meta property=\"og:description\" content=\"Biedt tot 4 voordelige vervangingen verspreid over een periode van twee jaar.  Inclusief maximaal 2 Flyaway-vervangingen bij verlies van het toestel.  Verlengt de offici\u00eble fabrieksgarantie naar de volledige periode van 24 maanden.  Gebruik van DJI Care Express voor een versnelde afhandeling en minimale downtime.  Gratis verzending in beide richtingen voor alle gedekte service-aanvragen.\" \/>\n<meta property=\"og:url\" content=\"https:\/\/koningdrone.be\/es\/producto\/dji-care-refresh-card-2-year-plan-dji-neo-2\/\" \/>\n<meta property=\"og:site_name\" content=\"koningdrone.be\" \/>\n<meta property=\"article:modified_time\" content=\"2026-04-29T13:20:06+00:00\" \/>\n<meta property=\"og:image\" content=\"https:\/\/koningdrone.be\/wp-content\/uploads\/sites\/13\/2026\/04\/DJI-Care-Refresh-Card-DJI-Neo-2.jpg\" \/>\n\t<meta property=\"og:image:width\" content=\"2560\" \/>\n\t<meta property=\"og:image:height\" content=\"2560\" \/>\n\t<meta property=\"og:image:type\" content=\"image\/jpeg\" \/>\n<meta name=\"twitter:card\" content=\"summary_large_image\" \/>\n<meta name=\"twitter:label1\" content=\"Tiempo de lectura\" \/>\n\t<meta name=\"twitter:data1\" content=\"1 minuto\" \/>\n<script type=\"application\/ld+json\" class=\"yoast-schema-graph\">{\"@context\":\"https:\/\/schema.org\",\"@graph\":[{\"@type\":\"WebPage\",\"@id\":\"https:\/\/koningdrone.be\/product\/dji-care-refresh-card-2-year-plan-dji-neo-2\/\",\"url\":\"https:\/\/koningdrone.be\/product\/dji-care-refresh-card-2-year-plan-dji-neo-2\/\",\"name\":\"DJI Care Refresh Card - 2-Year Plan - DJI Neo 2 - koningdrone.be\",\"isPartOf\":{\"@id\":\"https:\/\/koningdrone.be\/#website\"},\"primaryImageOfPage\":{\"@id\":\"https:\/\/koningdrone.be\/product\/dji-care-refresh-card-2-year-plan-dji-neo-2\/#primaryimage\"},\"image\":{\"@id\":\"https:\/\/koningdrone.be\/product\/dji-care-refresh-card-2-year-plan-dji-neo-2\/#primaryimage\"},\"thumbnailUrl\":\"https:\/\/koningdrone.be\/wp-content\/uploads\/sites\/13\/2026\/04\/DJI-Care-Refresh-Card-DJI-Neo-2.jpg\",\"datePublished\":\"2026-04-06T16:53:10+00:00\",\"dateModified\":\"2026-04-29T13:20:06+00:00\",\"breadcrumb\":{\"@id\":\"https:\/\/koningdrone.be\/product\/dji-care-refresh-card-2-year-plan-dji-neo-2\/#breadcrumb\"},\"inLanguage\":\"es\",\"potentialAction\":[{\"@type\":\"ReadAction\",\"target\":[\"https:\/\/koningdrone.be\/product\/dji-care-refresh-card-2-year-plan-dji-neo-2\/\"]}]},{\"@type\":\"ImageObject\",\"inLanguage\":\"es\",\"@id\":\"https:\/\/koningdrone.be\/product\/dji-care-refresh-card-2-year-plan-dji-neo-2\/#primaryimage\",\"url\":\"https:\/\/koningdrone.be\/wp-content\/uploads\/sites\/13\/2026\/04\/DJI-Care-Refresh-Card-DJI-Neo-2.jpg\",\"contentUrl\":\"https:\/\/koningdrone.be\/wp-content\/uploads\/sites\/13\/2026\/04\/DJI-Care-Refresh-Card-DJI-Neo-2.jpg\",\"width\":2560,\"height\":2560},{\"@type\":\"BreadcrumbList\",\"@id\":\"https:\/\/koningdrone.be\/product\/dji-care-refresh-card-2-year-plan-dji-neo-2\/#breadcrumb\",\"itemListElement\":[{\"@type\":\"ListItem\",\"position\":1,\"name\":\"Home\",\"item\":\"https:\/\/koningdrone.be\/\"},{\"@type\":\"ListItem\",\"position\":2,\"name\":\"AVSS Parachute Recovery System for DJI Matrice 300\/350\",\"item\":\"https:\/\/koningdrone.be\/product\/avss-parachute-recovery-system-for-dji-matrice-300-350\/\"},{\"@type\":\"ListItem\",\"position\":3,\"name\":\"Alle care refresh\",\"item\":\"https:\/\/koningdrone.be\/categorie\/alle-care-refresh\/\"},{\"@type\":\"ListItem\",\"position\":4,\"name\":\"DJI Care Refresh Card &#8211; 2-Year Plan &#8211; DJI Neo 2\"}]},{\"@type\":\"WebSite\",\"@id\":\"https:\/\/koningdrone.be\/#website\",\"url\":\"https:\/\/koningdrone.be\/\",\"name\":\"Koningdrone.be - Uw online specialist in drones, gimbals, camera's en power stations.\",\"description\":\"De webshop in drones en gimbals\",\"publisher\":{\"@id\":\"https:\/\/koningdrone.be\/#organization\"},\"potentialAction\":[{\"@type\":\"SearchAction\",\"target\":{\"@type\":\"EntryPoint\",\"urlTemplate\":\"https:\/\/koningdrone.be\/?s={search_term_string}\"},\"query-input\":{\"@type\":\"PropertyValueSpecification\",\"valueRequired\":true,\"valueName\":\"search_term_string\"}}],\"inLanguage\":\"es\"},{\"@type\":\"Organization\",\"@id\":\"https:\/\/koningdrone.be\/#organization\",\"name\":\"Koningdrone.be\",\"url\":\"https:\/\/koningdrone.be\/\",\"logo\":{\"@type\":\"ImageObject\",\"inLanguage\":\"es\",\"@id\":\"https:\/\/koningdrone.be\/#\/schema\/logo\/image\/\",\"url\":\"https:\/\/koningdrone.be\/wp-content\/uploads\/sites\/13\/2025\/04\/koningdrone-copyright-logo.svg\",\"contentUrl\":\"https:\/\/koningdrone.be\/wp-content\/uploads\/sites\/13\/2025\/04\/koningdrone-copyright-logo.svg\",\"width\":227,\"height\":38,\"caption\":\"Koningdrone.be\"},\"image\":{\"@id\":\"https:\/\/koningdrone.be\/#\/schema\/logo\/image\/\"}}]}<\/script>\n<!-- \/ Yoast SEO Premium plugin. -->","yoast_head_json":{"title":"DJI Care Refresh Card - 2-Year Plan - DJI Neo 2 - koningdrone.be","robots":{"index":"index","follow":"follow","max-snippet":"max-snippet:-1","max-image-preview":"max-image-preview:large","max-video-preview":"max-video-preview:-1"},"canonical":"https:\/\/koningdrone.be\/es\/producto\/dji-care-refresh-card-2-year-plan-dji-neo-2\/","og_locale":"es_ES","og_type":"article","og_title":"DJI Care Refresh Card - 2-Year Plan - DJI Neo 2","og_description":"Biedt tot 4 voordelige vervangingen verspreid over een periode van twee jaar.  Inclusief maximaal 2 Flyaway-vervangingen bij verlies van het toestel.  Verlengt de offici\u00eble fabrieksgarantie naar de volledige periode van 24 maanden.  Gebruik van DJI Care Express voor een versnelde afhandeling en minimale downtime.  Gratis verzending in beide richtingen voor alle gedekte service-aanvragen.","og_url":"https:\/\/koningdrone.be\/es\/producto\/dji-care-refresh-card-2-year-plan-dji-neo-2\/","og_site_name":"koningdrone.be","article_modified_time":"2026-04-29T13:20:06+00:00","og_image":[{"width":2560,"height":2560,"url":"https:\/\/koningdrone.be\/wp-content\/uploads\/sites\/13\/2026\/04\/DJI-Care-Refresh-Card-DJI-Neo-2.jpg","type":"image\/jpeg"}],"twitter_card":"summary_large_image","twitter_misc":{"Tiempo de lectura":"1 minuto"},"schema":{"@context":"https:\/\/schema.org","@graph":[{"@type":"WebPage","@id":"https:\/\/koningdrone.be\/product\/dji-care-refresh-card-2-year-plan-dji-neo-2\/","url":"https:\/\/koningdrone.be\/product\/dji-care-refresh-card-2-year-plan-dji-neo-2\/","name":"DJI Care Refresh Card - 2-Year Plan - DJI Neo 2 - koningdrone.be","isPartOf":{"@id":"https:\/\/koningdrone.be\/#website"},"primaryImageOfPage":{"@id":"https:\/\/koningdrone.be\/product\/dji-care-refresh-card-2-year-plan-dji-neo-2\/#primaryimage"},"image":{"@id":"https:\/\/koningdrone.be\/product\/dji-care-refresh-card-2-year-plan-dji-neo-2\/#primaryimage"},"thumbnailUrl":"https:\/\/koningdrone.be\/wp-content\/uploads\/sites\/13\/2026\/04\/DJI-Care-Refresh-Card-DJI-Neo-2.jpg","datePublished":"2026-04-06T16:53:10+00:00","dateModified":"2026-04-29T13:20:06+00:00","breadcrumb":{"@id":"https:\/\/koningdrone.be\/product\/dji-care-refresh-card-2-year-plan-dji-neo-2\/#breadcrumb"},"inLanguage":"es","potentialAction":[{"@type":"ReadAction","target":["https:\/\/koningdrone.be\/product\/dji-care-refresh-card-2-year-plan-dji-neo-2\/"]}]},{"@type":"ImageObject","inLanguage":"es","@id":"https:\/\/koningdrone.be\/product\/dji-care-refresh-card-2-year-plan-dji-neo-2\/#primaryimage","url":"https:\/\/koningdrone.be\/wp-content\/uploads\/sites\/13\/2026\/04\/DJI-Care-Refresh-Card-DJI-Neo-2.jpg","contentUrl":"https:\/\/koningdrone.be\/wp-content\/uploads\/sites\/13\/2026\/04\/DJI-Care-Refresh-Card-DJI-Neo-2.jpg","width":2560,"height":2560},{"@type":"BreadcrumbList","@id":"https:\/\/koningdrone.be\/product\/dji-care-refresh-card-2-year-plan-dji-neo-2\/#breadcrumb","itemListElement":[{"@type":"ListItem","position":1,"name":"Home","item":"https:\/\/koningdrone.be\/"},{"@type":"ListItem","position":2,"name":"AVSS Parachute Recovery System for DJI Matrice 300\/350","item":"https:\/\/koningdrone.be\/product\/avss-parachute-recovery-system-for-dji-matrice-300-350\/"},{"@type":"ListItem","position":3,"name":"Alle care refresh","item":"https:\/\/koningdrone.be\/categorie\/alle-care-refresh\/"},{"@type":"ListItem","position":4,"name":"DJI Care Refresh Card &#8211; 2-Year Plan &#8211; DJI Neo 2"}]},{"@type":"WebSite","@id":"https:\/\/koningdrone.be\/#website","url":"https:\/\/koningdrone.be\/","name":"Koningdrone.be - Su especialista en l\u00ednea en drones, cardanes, c\u00e1maras y centrales el\u00e9ctricas.","description":"La tienda virtual de drones y cardanes","publisher":{"@id":"https:\/\/koningdrone.be\/#organization"},"potentialAction":[{"@type":"SearchAction","target":{"@type":"EntryPoint","urlTemplate":"https:\/\/koningdrone.be\/?s={search_term_string}"},"query-input":{"@type":"PropertyValueSpecification","valueRequired":true,"valueName":"search_term_string"}}],"inLanguage":"es"},{"@type":"Organization","@id":"https:\/\/koningdrone.be\/#organization","name":"Kingdrone.es","url":"https:\/\/koningdrone.be\/","logo":{"@type":"ImageObject","inLanguage":"es","@id":"https:\/\/koningdrone.be\/#\/schema\/logo\/image\/","url":"https:\/\/koningdrone.be\/wp-content\/uploads\/sites\/13\/2025\/04\/koningdrone-copyright-logo.svg","contentUrl":"https:\/\/koningdrone.be\/wp-content\/uploads\/sites\/13\/2025\/04\/koningdrone-copyright-logo.svg","width":227,"height":38,"caption":"Koningdrone.be"},"image":{"@id":"https:\/\/koningdrone.be\/#\/schema\/logo\/image\/"}}]}},"df_price":28,"df_sale_price":"","df_regular_price":28,"df_image_link":"https:\/\/koningdrone.be\/wp-content\/uploads\/sites\/13\/2026\/04\/DJI-Care-Refresh-Card-DJI-Neo-2-300x300.jpg","_links":{"self":[{"href":"https:\/\/koningdrone.be\/es\/wp-json\/wp\/v2\/product\/18436","targetHints":{"allow":["GET"]}}],"collection":[{"href":"https:\/\/koningdrone.be\/es\/wp-json\/wp\/v2\/product"}],"about":[{"href":"https:\/\/koningdrone.be\/es\/wp-json\/wp\/v2\/types\/product"}],"wp:featuredmedia":[{"embeddable":true,"href":"https:\/\/koningdrone.be\/es\/wp-json\/wp\/v2\/media\/18432"}],"wp:attachment":[{"href":"https:\/\/koningdrone.be\/es\/wp-json\/wp\/v2\/media?parent=18436"}],"wp:term":[{"taxonomy":"product_brand","embeddable":true,"href":"https:\/\/koningdrone.be\/es\/wp-json\/wp\/v2\/product_brand?post=18436"},{"taxonomy":"product_cat","embeddable":true,"href":"https:\/\/koningdrone.be\/es\/wp-json\/wp\/v2\/product_cat?post=18436"},{"taxonomy":"product_tag","embeddable":true,"href":"https:\/\/koningdrone.be\/es\/wp-json\/wp\/v2\/product_tag?post=18436"}],"curies":[{"name":"wp","href":"https:\/\/api.w.org\/{rel}","templated":true}]}}