{"id":18431,"date":"2026-04-06T18:52:59","date_gmt":"2026-04-06T16:52:59","guid":{"rendered":"https:\/\/koningdrone.be\/?post_type=product&#038;p=18431"},"modified":"2026-04-29T15:20:05","modified_gmt":"2026-04-29T13:20:05","slug":"dji-care-refresh-card-1-year-plan-dji-neo-2","status":"publish","type":"product","link":"https:\/\/koningdrone.be\/es\/producto\/dji-care-refresh-card-1-year-plan-dji-neo-2\/","title":{"rendered":"DJI Care Refresh Card - Plan de 1 a\u00f1o - DJI Neo 2"},"content":{"rendered":"<h3>DJI Care Refresh Card - Plan de 1 a\u00f1o - DJI Neo 2<\/h3>\n<p>El DJI Care Refresh 1 Year Plan es un servicio de protecci\u00f3n especializado para el DJI Neo 2, el avanzado dron follow-me de DJI. Como tarjeta de servicio digital, proporciona una red de seguridad esencial para este dron ligero de 151 g, que se utiliza a menudo para tomas de corto alcance y se controla mediante gestos. Este plan garantiza que su proceso creativo no se vea interrumpido por da\u00f1os imprevistos.<\/p>\n<h4>Rendimiento y funcionalidad<\/h4>\n<p>Este plan ofrece hasta dos unidades de sustituci\u00f3n en un a\u00f1o por una tarifa fija y reducida. Est\u00e1 dise\u00f1ado espec\u00edficamente para los riesgos de un dron follow-me, incluyendo colisiones, da\u00f1os por agua e incidentes de vuelo. Gracias a DJI Care Express, puedes saltarte la evaluaci\u00f3n est\u00e1ndar de da\u00f1os; DJI enviar\u00e1 inmediatamente una unidad de sustituci\u00f3n en cuanto reciban tu dron da\u00f1ado, para que puedas volver a volar a la velocidad del rayo.<\/p>\n<p><a href=\"https:\/\/koningdrone.nl\/wp-content\/uploads\/2026\/04\/DJI-Care-Refresh-Card-DJI-Neo-2.jpg\"><img loading=\"lazy\" decoding=\"async\" class=\"size-medium wp-image-471835 aligncenter\" src=\"https:\/\/koningdrone.nl\/wp-content\/uploads\/2026\/04\/DJI-Care-Refresh-Card-DJI-Neo-2-300x300.jpg\" alt=\"DJI Care Refresh Card - DJI Neo 2\" width=\"300\" height=\"300\" \/><\/a><\/p>\n<h4>Calidad de construcci\u00f3n y dise\u00f1o<\/h4>\n<p>Este producto es una tarjeta de activaci\u00f3n virtual (o c\u00f3digo digital) que debe vincularse en las 48 horas siguientes a la activaci\u00f3n inicial del dron. Aunque el servicio es digital, se garantiza que los dispositivos de sustituci\u00f3n son nuevos o equivalentes a nuevos. El plan incluye el env\u00edo gratuito en ambos sentidos, lo que significa que DJI cubre totalmente los costes log\u00edsticos de todas las solicitudes de servicio dentro de la regi\u00f3n.<\/p>\n<h4>Por qu\u00e9 lo necesita<\/h4>\n<p>El DJI Neo 2 est\u00e1 equipado con evitaci\u00f3n de obst\u00e1culos omnidireccional y r\u00e1pido ActiveTrack, pero volar en entornos complejos siempre conlleva riesgos. DJI Care Refresh te quita el estr\u00e9s de posibles ca\u00eddas o de perder el dron. Adem\u00e1s, el plan incluye una garant\u00eda oficial, que te da acceso a asistencia t\u00e9cnica profesional durante los 12 meses de vigencia.<\/p>","protected":false},"excerpt":{"rendered":"<ul>\n<li>Ofrece hasta 2 sustituciones econ\u00f3micas en el plazo de un a\u00f1o en caso de deterioro o p\u00e9rdida.<\/li>\n<li>Incluye cobertura total en caso de colisi\u00f3n, da\u00f1os por agua e incidentes de vuelo.<\/li>\n<li>DJI Care Express proporciona un procesamiento acelerado sin inspecci\u00f3n previa.<\/li>\n<li>Env\u00edo gratuito en ambos sentidos para todas las solicitudes de servicio.<\/li>\n<li>Garant\u00eda y soporte t\u00e9cnico oficiales de DJI en todo momento.<\/li>\n<\/ul>","protected":false},"featured_media":18432,"template":"","meta":{"_acf_changed":false},"product_brand":[],"product_cat":[175,1722],"product_tag":[],"class_list":{"0":"post-18431","1":"product","2":"type-product","3":"status-publish","4":"has-post-thumbnail","6":"product_cat-alle-care-refresh","7":"product_cat-dji-neo-2","8":"product_shipping_class-outofstock","9":"pa_brand-dji","10":"pa_producttype-serviceplan","12":"first","13":"outofstock","14":"taxable","15":"shipping-taxable","16":"purchasable","17":"product-type-simple"},"acf":[],"yoast_head":"<!-- This site is optimized with the Yoast SEO Premium plugin v27.2 (Yoast SEO v27.2) - https:\/\/yoast.com\/product\/yoast-seo-premium-wordpress\/ -->\n<title>DJI Care Refresh Card - 1-Year Plan - DJI Neo 2 - koningdrone.be<\/title>\n<meta name=\"robots\" content=\"index, follow, max-snippet:-1, max-image-preview:large, max-video-preview:-1\" \/>\n<link rel=\"canonical\" href=\"https:\/\/koningdrone.be\/es\/producto\/dji-care-refresh-card-1-year-plan-dji-neo-2\/\" \/>\n<meta property=\"og:locale\" content=\"es_ES\" \/>\n<meta property=\"og:type\" content=\"article\" \/>\n<meta property=\"og:title\" content=\"DJI Care Refresh Card - 1-Year Plan - DJI Neo 2\" \/>\n<meta property=\"og:description\" content=\"Biedt tot 2 voordelige vervangingen binnen \u00e9\u00e9n jaar bij schade of verlies.  Inclusief volledige dekking voor botsingen, waterschade en flyaway-incidenten.  DJI Care Express zorgt voor een versnelde afhandeling zonder voorafgaande inspectie.  Gratis verzending in beide richtingen voor alle service-aanvragen.  Offici\u00eble DJI-garantie en technische ondersteuning gedurende de hele looptijd.\" \/>\n<meta property=\"og:url\" content=\"https:\/\/koningdrone.be\/es\/producto\/dji-care-refresh-card-1-year-plan-dji-neo-2\/\" \/>\n<meta property=\"og:site_name\" content=\"koningdrone.be\" \/>\n<meta property=\"article:modified_time\" content=\"2026-04-29T13:20:05+00:00\" \/>\n<meta property=\"og:image\" content=\"https:\/\/koningdrone.be\/wp-content\/uploads\/sites\/13\/2026\/04\/DJI-Care-Refresh-Card-DJI-Neo-2.jpg\" \/>\n\t<meta property=\"og:image:width\" content=\"2560\" \/>\n\t<meta property=\"og:image:height\" content=\"2560\" \/>\n\t<meta property=\"og:image:type\" content=\"image\/jpeg\" \/>\n<meta name=\"twitter:card\" content=\"summary_large_image\" \/>\n<meta name=\"twitter:label1\" content=\"Tiempo de lectura\" \/>\n\t<meta name=\"twitter:data1\" content=\"1 minuto\" \/>\n<script type=\"application\/ld+json\" class=\"yoast-schema-graph\">{\"@context\":\"https:\/\/schema.org\",\"@graph\":[{\"@type\":\"WebPage\",\"@id\":\"https:\/\/koningdrone.be\/product\/dji-care-refresh-card-1-year-plan-dji-neo-2\/\",\"url\":\"https:\/\/koningdrone.be\/product\/dji-care-refresh-card-1-year-plan-dji-neo-2\/\",\"name\":\"DJI Care Refresh Card - 1-Year Plan - DJI Neo 2 - koningdrone.be\",\"isPartOf\":{\"@id\":\"https:\/\/koningdrone.be\/#website\"},\"primaryImageOfPage\":{\"@id\":\"https:\/\/koningdrone.be\/product\/dji-care-refresh-card-1-year-plan-dji-neo-2\/#primaryimage\"},\"image\":{\"@id\":\"https:\/\/koningdrone.be\/product\/dji-care-refresh-card-1-year-plan-dji-neo-2\/#primaryimage\"},\"thumbnailUrl\":\"https:\/\/koningdrone.be\/wp-content\/uploads\/sites\/13\/2026\/04\/DJI-Care-Refresh-Card-DJI-Neo-2.jpg\",\"datePublished\":\"2026-04-06T16:52:59+00:00\",\"dateModified\":\"2026-04-29T13:20:05+00:00\",\"breadcrumb\":{\"@id\":\"https:\/\/koningdrone.be\/product\/dji-care-refresh-card-1-year-plan-dji-neo-2\/#breadcrumb\"},\"inLanguage\":\"es\",\"potentialAction\":[{\"@type\":\"ReadAction\",\"target\":[\"https:\/\/koningdrone.be\/product\/dji-care-refresh-card-1-year-plan-dji-neo-2\/\"]}]},{\"@type\":\"ImageObject\",\"inLanguage\":\"es\",\"@id\":\"https:\/\/koningdrone.be\/product\/dji-care-refresh-card-1-year-plan-dji-neo-2\/#primaryimage\",\"url\":\"https:\/\/koningdrone.be\/wp-content\/uploads\/sites\/13\/2026\/04\/DJI-Care-Refresh-Card-DJI-Neo-2.jpg\",\"contentUrl\":\"https:\/\/koningdrone.be\/wp-content\/uploads\/sites\/13\/2026\/04\/DJI-Care-Refresh-Card-DJI-Neo-2.jpg\",\"width\":2560,\"height\":2560},{\"@type\":\"BreadcrumbList\",\"@id\":\"https:\/\/koningdrone.be\/product\/dji-care-refresh-card-1-year-plan-dji-neo-2\/#breadcrumb\",\"itemListElement\":[{\"@type\":\"ListItem\",\"position\":1,\"name\":\"Home\",\"item\":\"https:\/\/koningdrone.be\/\"},{\"@type\":\"ListItem\",\"position\":2,\"name\":\"AVSS Parachute Recovery System for DJI Matrice 300\/350\",\"item\":\"https:\/\/koningdrone.be\/product\/avss-parachute-recovery-system-for-dji-matrice-300-350\/\"},{\"@type\":\"ListItem\",\"position\":3,\"name\":\"Alle care refresh\",\"item\":\"https:\/\/koningdrone.be\/categorie\/alle-care-refresh\/\"},{\"@type\":\"ListItem\",\"position\":4,\"name\":\"DJI Care Refresh Card &#8211; 1-Year Plan &#8211; DJI Neo 2\"}]},{\"@type\":\"WebSite\",\"@id\":\"https:\/\/koningdrone.be\/#website\",\"url\":\"https:\/\/koningdrone.be\/\",\"name\":\"Koningdrone.be - Uw online specialist in drones, gimbals, camera's en power stations.\",\"description\":\"De webshop in drones en gimbals\",\"publisher\":{\"@id\":\"https:\/\/koningdrone.be\/#organization\"},\"potentialAction\":[{\"@type\":\"SearchAction\",\"target\":{\"@type\":\"EntryPoint\",\"urlTemplate\":\"https:\/\/koningdrone.be\/?s={search_term_string}\"},\"query-input\":{\"@type\":\"PropertyValueSpecification\",\"valueRequired\":true,\"valueName\":\"search_term_string\"}}],\"inLanguage\":\"es\"},{\"@type\":\"Organization\",\"@id\":\"https:\/\/koningdrone.be\/#organization\",\"name\":\"Koningdrone.be\",\"url\":\"https:\/\/koningdrone.be\/\",\"logo\":{\"@type\":\"ImageObject\",\"inLanguage\":\"es\",\"@id\":\"https:\/\/koningdrone.be\/#\/schema\/logo\/image\/\",\"url\":\"https:\/\/koningdrone.be\/wp-content\/uploads\/sites\/13\/2025\/04\/koningdrone-copyright-logo.svg\",\"contentUrl\":\"https:\/\/koningdrone.be\/wp-content\/uploads\/sites\/13\/2025\/04\/koningdrone-copyright-logo.svg\",\"width\":227,\"height\":38,\"caption\":\"Koningdrone.be\"},\"image\":{\"@id\":\"https:\/\/koningdrone.be\/#\/schema\/logo\/image\/\"}}]}<\/script>\n<!-- \/ Yoast SEO Premium plugin. -->","yoast_head_json":{"title":"DJI Care Refresh Card - 1-Year Plan - DJI Neo 2 - koningdrone.be","robots":{"index":"index","follow":"follow","max-snippet":"max-snippet:-1","max-image-preview":"max-image-preview:large","max-video-preview":"max-video-preview:-1"},"canonical":"https:\/\/koningdrone.be\/es\/producto\/dji-care-refresh-card-1-year-plan-dji-neo-2\/","og_locale":"es_ES","og_type":"article","og_title":"DJI Care Refresh Card - 1-Year Plan - DJI Neo 2","og_description":"Biedt tot 2 voordelige vervangingen binnen \u00e9\u00e9n jaar bij schade of verlies.  Inclusief volledige dekking voor botsingen, waterschade en flyaway-incidenten.  DJI Care Express zorgt voor een versnelde afhandeling zonder voorafgaande inspectie.  Gratis verzending in beide richtingen voor alle service-aanvragen.  Offici\u00eble DJI-garantie en technische ondersteuning gedurende de hele looptijd.","og_url":"https:\/\/koningdrone.be\/es\/producto\/dji-care-refresh-card-1-year-plan-dji-neo-2\/","og_site_name":"koningdrone.be","article_modified_time":"2026-04-29T13:20:05+00:00","og_image":[{"width":2560,"height":2560,"url":"https:\/\/koningdrone.be\/wp-content\/uploads\/sites\/13\/2026\/04\/DJI-Care-Refresh-Card-DJI-Neo-2.jpg","type":"image\/jpeg"}],"twitter_card":"summary_large_image","twitter_misc":{"Tiempo de lectura":"1 minuto"},"schema":{"@context":"https:\/\/schema.org","@graph":[{"@type":"WebPage","@id":"https:\/\/koningdrone.be\/product\/dji-care-refresh-card-1-year-plan-dji-neo-2\/","url":"https:\/\/koningdrone.be\/product\/dji-care-refresh-card-1-year-plan-dji-neo-2\/","name":"DJI Care Refresh Card - 1-Year Plan - DJI Neo 2 - koningdrone.be","isPartOf":{"@id":"https:\/\/koningdrone.be\/#website"},"primaryImageOfPage":{"@id":"https:\/\/koningdrone.be\/product\/dji-care-refresh-card-1-year-plan-dji-neo-2\/#primaryimage"},"image":{"@id":"https:\/\/koningdrone.be\/product\/dji-care-refresh-card-1-year-plan-dji-neo-2\/#primaryimage"},"thumbnailUrl":"https:\/\/koningdrone.be\/wp-content\/uploads\/sites\/13\/2026\/04\/DJI-Care-Refresh-Card-DJI-Neo-2.jpg","datePublished":"2026-04-06T16:52:59+00:00","dateModified":"2026-04-29T13:20:05+00:00","breadcrumb":{"@id":"https:\/\/koningdrone.be\/product\/dji-care-refresh-card-1-year-plan-dji-neo-2\/#breadcrumb"},"inLanguage":"es","potentialAction":[{"@type":"ReadAction","target":["https:\/\/koningdrone.be\/product\/dji-care-refresh-card-1-year-plan-dji-neo-2\/"]}]},{"@type":"ImageObject","inLanguage":"es","@id":"https:\/\/koningdrone.be\/product\/dji-care-refresh-card-1-year-plan-dji-neo-2\/#primaryimage","url":"https:\/\/koningdrone.be\/wp-content\/uploads\/sites\/13\/2026\/04\/DJI-Care-Refresh-Card-DJI-Neo-2.jpg","contentUrl":"https:\/\/koningdrone.be\/wp-content\/uploads\/sites\/13\/2026\/04\/DJI-Care-Refresh-Card-DJI-Neo-2.jpg","width":2560,"height":2560},{"@type":"BreadcrumbList","@id":"https:\/\/koningdrone.be\/product\/dji-care-refresh-card-1-year-plan-dji-neo-2\/#breadcrumb","itemListElement":[{"@type":"ListItem","position":1,"name":"Home","item":"https:\/\/koningdrone.be\/"},{"@type":"ListItem","position":2,"name":"AVSS Parachute Recovery System for DJI Matrice 300\/350","item":"https:\/\/koningdrone.be\/product\/avss-parachute-recovery-system-for-dji-matrice-300-350\/"},{"@type":"ListItem","position":3,"name":"Alle care refresh","item":"https:\/\/koningdrone.be\/categorie\/alle-care-refresh\/"},{"@type":"ListItem","position":4,"name":"DJI Care Refresh Card &#8211; 1-Year Plan &#8211; DJI Neo 2"}]},{"@type":"WebSite","@id":"https:\/\/koningdrone.be\/#website","url":"https:\/\/koningdrone.be\/","name":"Koningdrone.be - Su especialista en l\u00ednea en drones, cardanes, c\u00e1maras y centrales el\u00e9ctricas.","description":"La tienda virtual de drones y cardanes","publisher":{"@id":"https:\/\/koningdrone.be\/#organization"},"potentialAction":[{"@type":"SearchAction","target":{"@type":"EntryPoint","urlTemplate":"https:\/\/koningdrone.be\/?s={search_term_string}"},"query-input":{"@type":"PropertyValueSpecification","valueRequired":true,"valueName":"search_term_string"}}],"inLanguage":"es"},{"@type":"Organization","@id":"https:\/\/koningdrone.be\/#organization","name":"Kingdrone.es","url":"https:\/\/koningdrone.be\/","logo":{"@type":"ImageObject","inLanguage":"es","@id":"https:\/\/koningdrone.be\/#\/schema\/logo\/image\/","url":"https:\/\/koningdrone.be\/wp-content\/uploads\/sites\/13\/2025\/04\/koningdrone-copyright-logo.svg","contentUrl":"https:\/\/koningdrone.be\/wp-content\/uploads\/sites\/13\/2025\/04\/koningdrone-copyright-logo.svg","width":227,"height":38,"caption":"Koningdrone.be"},"image":{"@id":"https:\/\/koningdrone.be\/#\/schema\/logo\/image\/"}}]}},"df_price":16,"df_sale_price":"","df_regular_price":16,"df_image_link":"https:\/\/koningdrone.be\/wp-content\/uploads\/sites\/13\/2026\/04\/DJI-Care-Refresh-Card-DJI-Neo-2-300x300.jpg","_links":{"self":[{"href":"https:\/\/koningdrone.be\/es\/wp-json\/wp\/v2\/product\/18431","targetHints":{"allow":["GET"]}}],"collection":[{"href":"https:\/\/koningdrone.be\/es\/wp-json\/wp\/v2\/product"}],"about":[{"href":"https:\/\/koningdrone.be\/es\/wp-json\/wp\/v2\/types\/product"}],"wp:featuredmedia":[{"embeddable":true,"href":"https:\/\/koningdrone.be\/es\/wp-json\/wp\/v2\/media\/18432"}],"wp:attachment":[{"href":"https:\/\/koningdrone.be\/es\/wp-json\/wp\/v2\/media?parent=18431"}],"wp:term":[{"taxonomy":"product_brand","embeddable":true,"href":"https:\/\/koningdrone.be\/es\/wp-json\/wp\/v2\/product_brand?post=18431"},{"taxonomy":"product_cat","embeddable":true,"href":"https:\/\/koningdrone.be\/es\/wp-json\/wp\/v2\/product_cat?post=18431"},{"taxonomy":"product_tag","embeddable":true,"href":"https:\/\/koningdrone.be\/es\/wp-json\/wp\/v2\/product_tag?post=18431"}],"curies":[{"name":"wp","href":"https:\/\/api.w.org\/{rel}","templated":true}]}}