{"id":18425,"date":"2026-04-06T18:52:36","date_gmt":"2026-04-06T16:52:36","guid":{"rendered":"https:\/\/koningdrone.be\/?post_type=product&#038;p=18425"},"modified":"2026-04-29T04:10:08","modified_gmt":"2026-04-29T02:10:08","slug":"dji-osmo-nano-dji-care-refresh-1-year-plan-card","status":"publish","type":"product","link":"https:\/\/koningdrone.be\/es\/producto\/dji-osmo-nano-dji-care-refresh-1-year-plan-card\/","title":{"rendered":"DJI Osmo Nano - Tarjeta DJI Care Refresh Plan de 1 a\u00f1o"},"content":{"rendered":"<h3>DJI Osmo Nano - Tarjeta DJI Care Refresh Plan de 1 a\u00f1o<\/h3>\n<p>El Plan DJI Care Refresh de 1 a\u00f1o ofrece una protecci\u00f3n completa para el DJI Osmo Nano, la c\u00e1mara magn\u00e9tica modular ultracompacta de DJI. Este plan es un servicio digital que se activa con un c\u00f3digo, esencial para los creadores que utilizan la Nano en momentos de mucha acci\u00f3n o impredecibles. Garantiza que sus grabaciones no se vean interrumpidas por da\u00f1os imprevistos.<\/p>\n<h4>Rendimiento y funcionalidad<\/h4>\n<p>Este plan incluye hasta dos sustituciones en un a\u00f1o por una cuota fija y baja. Cubre accidentes comunes como colisiones y da\u00f1os por agua, algo crucial para una c\u00e1mara que suele ir sujeta a cascos, bicicletas o ropa. Gracias al servicio DJI Care Express, recibir\u00e1s una c\u00e1mara de sustituci\u00f3n a la velocidad del rayo, sin el tiempo de espera de una inspecci\u00f3n de reparaci\u00f3n est\u00e1ndar.<\/p>\n<p><a href=\"https:\/\/koningdrone.nl\/wp-content\/uploads\/2026\/04\/DJI-Osmo-Nano-DJI-Care-Refresh-Plan-Card.jpg\"><img loading=\"lazy\" decoding=\"async\" class=\"size-medium wp-image-471822 aligncenter\" src=\"https:\/\/koningdrone.nl\/wp-content\/uploads\/2026\/04\/DJI-Osmo-Nano-DJI-Care-Refresh-Plan-Card-300x300.jpg\" alt=\"DJI Osmo Nano - DJI Care Refresh Plan Card\" width=\"300\" height=\"300\" \/><\/a><\/p>\n<h4>Calidad de construcci\u00f3n y dise\u00f1o<\/h4>\n<p>Al tratarse de un producto virtual, se entrega como una licencia digital vinculada al n\u00famero de serie de tu c\u00e1mara. DJI garantiza que las unidades de reemplazo son totalmente nuevas o de igual rendimiento que las nuevas. Adem\u00e1s, se incluye el env\u00edo gratuito de ida y vuelta, por lo que no tendr\u00e1s costes adicionales de log\u00edstica en torno a una reclamaci\u00f3n dentro de la regi\u00f3n de compra.<\/p>\n<h4>Por qu\u00e9 lo necesita<\/h4>\n<p>Dise\u00f1ado para disparar de forma vers\u00e1til y con las manos libres, el Osmo Nano suele estar expuesto a riesgos durante la pr\u00e1ctica de deportes o los viajes. Ya sea una ca\u00edda desde un soporte magn\u00e9tico o un da\u00f1o inesperado por agua, DJI Care Refresh evita los elevados costes de reparaci\u00f3n. Adem\u00e1s, el plan proporciona acceso a soporte t\u00e9cnico exclusivo, para que siempre tengas a mano ayuda profesional para tu sistema de c\u00e1mara modular.<\/p>","protected":false},"excerpt":{"rendered":"<ul>\n<li>Ofrece hasta 2 sustituciones a bajo coste en el plazo de un a\u00f1o.<\/li>\n<li>Cobertura total de da\u00f1os por ca\u00edda, colisi\u00f3n y da\u00f1os por agua.<\/li>\n<li>DJI Care Express para una sustituci\u00f3n prioritaria y un tiempo de inactividad m\u00ednimo.<\/li>\n<li>Incluye env\u00edo gratuito (ida y vuelta) para todas las solicitudes de servicio.<\/li>\n<li>Garant\u00eda oficial DJI y soporte t\u00e9cnico durante toda la duraci\u00f3n.<\/li>\n<\/ul>","protected":false},"featured_media":18426,"template":"","meta":{"_acf_changed":false},"product_brand":[],"product_cat":[175,1885],"product_tag":[],"class_list":{"0":"post-18425","1":"product","2":"type-product","3":"status-publish","4":"has-post-thumbnail","6":"product_cat-alle-care-refresh","7":"product_cat-dji-osmo-nano","8":"product_shipping_class-acsystemsall","9":"pa_brand-dji","10":"pa_producttype-serviceplan","11":"pa_series-osmo","13":"first","14":"instock","15":"taxable","16":"shipping-taxable","17":"purchasable","18":"product-type-simple"},"acf":[],"yoast_head":"<!-- This site is optimized with the Yoast SEO Premium plugin v27.2 (Yoast SEO v27.2) - https:\/\/yoast.com\/product\/yoast-seo-premium-wordpress\/ -->\n<title>DJI Osmo Nano - DJI Care Refresh 1-Year Plan Card - koningdrone.be<\/title>\n<meta name=\"robots\" content=\"index, follow, max-snippet:-1, max-image-preview:large, max-video-preview:-1\" \/>\n<link rel=\"canonical\" href=\"https:\/\/koningdrone.be\/es\/producto\/dji-osmo-nano-dji-care-refresh-1-year-plan-card\/\" \/>\n<meta property=\"og:locale\" content=\"es_ES\" \/>\n<meta property=\"og:type\" content=\"article\" \/>\n<meta property=\"og:title\" content=\"DJI Osmo Nano - DJI Care Refresh 1-Year Plan Card\" \/>\n<meta property=\"og:description\" content=\"Biedt tot 2 voordelige vervangingen binnen een periode van \u00e9\u00e9n jaar.  Volledige dekking voor valschade, botsingen en waterschade.  DJI Care Express voor prioriteit bij vervanging en minimale downtime.  Inclusief gratis verzending (heen en terug) voor alle service-aanvragen.  Offici\u00eble DJI-garantie en technische ondersteuning gedurende de looptijd.\" \/>\n<meta property=\"og:url\" content=\"https:\/\/koningdrone.be\/es\/producto\/dji-osmo-nano-dji-care-refresh-1-year-plan-card\/\" \/>\n<meta property=\"og:site_name\" content=\"koningdrone.be\" \/>\n<meta property=\"article:modified_time\" content=\"2026-04-29T02:10:08+00:00\" \/>\n<meta property=\"og:image\" content=\"https:\/\/koningdrone.be\/wp-content\/uploads\/sites\/13\/2026\/04\/DJI-Osmo-Nano-DJI-Care-Refresh-Plan-Card.jpg\" \/>\n\t<meta property=\"og:image:width\" content=\"1280\" \/>\n\t<meta property=\"og:image:height\" content=\"1280\" \/>\n\t<meta property=\"og:image:type\" content=\"image\/jpeg\" \/>\n<meta name=\"twitter:card\" content=\"summary_large_image\" \/>\n<meta name=\"twitter:label1\" content=\"Tiempo de lectura\" \/>\n\t<meta name=\"twitter:data1\" content=\"1 minuto\" \/>\n<script type=\"application\/ld+json\" class=\"yoast-schema-graph\">{\"@context\":\"https:\/\/schema.org\",\"@graph\":[{\"@type\":\"WebPage\",\"@id\":\"https:\/\/koningdrone.be\/product\/dji-osmo-nano-dji-care-refresh-1-year-plan-card\/\",\"url\":\"https:\/\/koningdrone.be\/product\/dji-osmo-nano-dji-care-refresh-1-year-plan-card\/\",\"name\":\"DJI Osmo Nano - DJI Care Refresh 1-Year Plan Card - koningdrone.be\",\"isPartOf\":{\"@id\":\"https:\/\/koningdrone.be\/#website\"},\"primaryImageOfPage\":{\"@id\":\"https:\/\/koningdrone.be\/product\/dji-osmo-nano-dji-care-refresh-1-year-plan-card\/#primaryimage\"},\"image\":{\"@id\":\"https:\/\/koningdrone.be\/product\/dji-osmo-nano-dji-care-refresh-1-year-plan-card\/#primaryimage\"},\"thumbnailUrl\":\"https:\/\/koningdrone.be\/wp-content\/uploads\/sites\/13\/2026\/04\/DJI-Osmo-Nano-DJI-Care-Refresh-Plan-Card.jpg\",\"datePublished\":\"2026-04-06T16:52:36+00:00\",\"dateModified\":\"2026-04-29T02:10:08+00:00\",\"breadcrumb\":{\"@id\":\"https:\/\/koningdrone.be\/product\/dji-osmo-nano-dji-care-refresh-1-year-plan-card\/#breadcrumb\"},\"inLanguage\":\"es\",\"potentialAction\":[{\"@type\":\"ReadAction\",\"target\":[\"https:\/\/koningdrone.be\/product\/dji-osmo-nano-dji-care-refresh-1-year-plan-card\/\"]}]},{\"@type\":\"ImageObject\",\"inLanguage\":\"es\",\"@id\":\"https:\/\/koningdrone.be\/product\/dji-osmo-nano-dji-care-refresh-1-year-plan-card\/#primaryimage\",\"url\":\"https:\/\/koningdrone.be\/wp-content\/uploads\/sites\/13\/2026\/04\/DJI-Osmo-Nano-DJI-Care-Refresh-Plan-Card.jpg\",\"contentUrl\":\"https:\/\/koningdrone.be\/wp-content\/uploads\/sites\/13\/2026\/04\/DJI-Osmo-Nano-DJI-Care-Refresh-Plan-Card.jpg\",\"width\":1280,\"height\":1280},{\"@type\":\"BreadcrumbList\",\"@id\":\"https:\/\/koningdrone.be\/product\/dji-osmo-nano-dji-care-refresh-1-year-plan-card\/#breadcrumb\",\"itemListElement\":[{\"@type\":\"ListItem\",\"position\":1,\"name\":\"Home\",\"item\":\"https:\/\/koningdrone.be\/\"},{\"@type\":\"ListItem\",\"position\":2,\"name\":\"AVSS Parachute Recovery System for DJI Matrice 300\/350\",\"item\":\"https:\/\/koningdrone.be\/product\/avss-parachute-recovery-system-for-dji-matrice-300-350\/\"},{\"@type\":\"ListItem\",\"position\":3,\"name\":\"Alle care refresh\",\"item\":\"https:\/\/koningdrone.be\/categorie\/alle-care-refresh\/\"},{\"@type\":\"ListItem\",\"position\":4,\"name\":\"DJI Osmo Nano &#8211; DJI Care Refresh 1-Year Plan Card\"}]},{\"@type\":\"WebSite\",\"@id\":\"https:\/\/koningdrone.be\/#website\",\"url\":\"https:\/\/koningdrone.be\/\",\"name\":\"Koningdrone.be - Uw online specialist in drones, gimbals, camera's en power stations.\",\"description\":\"De webshop in drones en gimbals\",\"publisher\":{\"@id\":\"https:\/\/koningdrone.be\/#organization\"},\"potentialAction\":[{\"@type\":\"SearchAction\",\"target\":{\"@type\":\"EntryPoint\",\"urlTemplate\":\"https:\/\/koningdrone.be\/?s={search_term_string}\"},\"query-input\":{\"@type\":\"PropertyValueSpecification\",\"valueRequired\":true,\"valueName\":\"search_term_string\"}}],\"inLanguage\":\"es\"},{\"@type\":\"Organization\",\"@id\":\"https:\/\/koningdrone.be\/#organization\",\"name\":\"Koningdrone.be\",\"url\":\"https:\/\/koningdrone.be\/\",\"logo\":{\"@type\":\"ImageObject\",\"inLanguage\":\"es\",\"@id\":\"https:\/\/koningdrone.be\/#\/schema\/logo\/image\/\",\"url\":\"https:\/\/koningdrone.be\/wp-content\/uploads\/sites\/13\/2025\/04\/koningdrone-copyright-logo.svg\",\"contentUrl\":\"https:\/\/koningdrone.be\/wp-content\/uploads\/sites\/13\/2025\/04\/koningdrone-copyright-logo.svg\",\"width\":227,\"height\":38,\"caption\":\"Koningdrone.be\"},\"image\":{\"@id\":\"https:\/\/koningdrone.be\/#\/schema\/logo\/image\/\"}}]}<\/script>\n<!-- \/ Yoast SEO Premium plugin. -->","yoast_head_json":{"title":"DJI Osmo Nano - DJI Care Refresh 1-Year Plan Card - koningdrone.be","robots":{"index":"index","follow":"follow","max-snippet":"max-snippet:-1","max-image-preview":"max-image-preview:large","max-video-preview":"max-video-preview:-1"},"canonical":"https:\/\/koningdrone.be\/es\/producto\/dji-osmo-nano-dji-care-refresh-1-year-plan-card\/","og_locale":"es_ES","og_type":"article","og_title":"DJI Osmo Nano - DJI Care Refresh 1-Year Plan Card","og_description":"Biedt tot 2 voordelige vervangingen binnen een periode van \u00e9\u00e9n jaar.  Volledige dekking voor valschade, botsingen en waterschade.  DJI Care Express voor prioriteit bij vervanging en minimale downtime.  Inclusief gratis verzending (heen en terug) voor alle service-aanvragen.  Offici\u00eble DJI-garantie en technische ondersteuning gedurende de looptijd.","og_url":"https:\/\/koningdrone.be\/es\/producto\/dji-osmo-nano-dji-care-refresh-1-year-plan-card\/","og_site_name":"koningdrone.be","article_modified_time":"2026-04-29T02:10:08+00:00","og_image":[{"width":1280,"height":1280,"url":"https:\/\/koningdrone.be\/wp-content\/uploads\/sites\/13\/2026\/04\/DJI-Osmo-Nano-DJI-Care-Refresh-Plan-Card.jpg","type":"image\/jpeg"}],"twitter_card":"summary_large_image","twitter_misc":{"Tiempo de lectura":"1 minuto"},"schema":{"@context":"https:\/\/schema.org","@graph":[{"@type":"WebPage","@id":"https:\/\/koningdrone.be\/product\/dji-osmo-nano-dji-care-refresh-1-year-plan-card\/","url":"https:\/\/koningdrone.be\/product\/dji-osmo-nano-dji-care-refresh-1-year-plan-card\/","name":"DJI Osmo Nano - DJI Care Refresh 1-Year Plan Card - koningdrone.be","isPartOf":{"@id":"https:\/\/koningdrone.be\/#website"},"primaryImageOfPage":{"@id":"https:\/\/koningdrone.be\/product\/dji-osmo-nano-dji-care-refresh-1-year-plan-card\/#primaryimage"},"image":{"@id":"https:\/\/koningdrone.be\/product\/dji-osmo-nano-dji-care-refresh-1-year-plan-card\/#primaryimage"},"thumbnailUrl":"https:\/\/koningdrone.be\/wp-content\/uploads\/sites\/13\/2026\/04\/DJI-Osmo-Nano-DJI-Care-Refresh-Plan-Card.jpg","datePublished":"2026-04-06T16:52:36+00:00","dateModified":"2026-04-29T02:10:08+00:00","breadcrumb":{"@id":"https:\/\/koningdrone.be\/product\/dji-osmo-nano-dji-care-refresh-1-year-plan-card\/#breadcrumb"},"inLanguage":"es","potentialAction":[{"@type":"ReadAction","target":["https:\/\/koningdrone.be\/product\/dji-osmo-nano-dji-care-refresh-1-year-plan-card\/"]}]},{"@type":"ImageObject","inLanguage":"es","@id":"https:\/\/koningdrone.be\/product\/dji-osmo-nano-dji-care-refresh-1-year-plan-card\/#primaryimage","url":"https:\/\/koningdrone.be\/wp-content\/uploads\/sites\/13\/2026\/04\/DJI-Osmo-Nano-DJI-Care-Refresh-Plan-Card.jpg","contentUrl":"https:\/\/koningdrone.be\/wp-content\/uploads\/sites\/13\/2026\/04\/DJI-Osmo-Nano-DJI-Care-Refresh-Plan-Card.jpg","width":1280,"height":1280},{"@type":"BreadcrumbList","@id":"https:\/\/koningdrone.be\/product\/dji-osmo-nano-dji-care-refresh-1-year-plan-card\/#breadcrumb","itemListElement":[{"@type":"ListItem","position":1,"name":"Home","item":"https:\/\/koningdrone.be\/"},{"@type":"ListItem","position":2,"name":"AVSS Parachute Recovery System for DJI Matrice 300\/350","item":"https:\/\/koningdrone.be\/product\/avss-parachute-recovery-system-for-dji-matrice-300-350\/"},{"@type":"ListItem","position":3,"name":"Alle care refresh","item":"https:\/\/koningdrone.be\/categorie\/alle-care-refresh\/"},{"@type":"ListItem","position":4,"name":"DJI Osmo Nano &#8211; DJI Care Refresh 1-Year Plan Card"}]},{"@type":"WebSite","@id":"https:\/\/koningdrone.be\/#website","url":"https:\/\/koningdrone.be\/","name":"Koningdrone.be - Su especialista en l\u00ednea en drones, cardanes, c\u00e1maras y centrales el\u00e9ctricas.","description":"La tienda virtual de drones y cardanes","publisher":{"@id":"https:\/\/koningdrone.be\/#organization"},"potentialAction":[{"@type":"SearchAction","target":{"@type":"EntryPoint","urlTemplate":"https:\/\/koningdrone.be\/?s={search_term_string}"},"query-input":{"@type":"PropertyValueSpecification","valueRequired":true,"valueName":"search_term_string"}}],"inLanguage":"es"},{"@type":"Organization","@id":"https:\/\/koningdrone.be\/#organization","name":"Kingdrone.es","url":"https:\/\/koningdrone.be\/","logo":{"@type":"ImageObject","inLanguage":"es","@id":"https:\/\/koningdrone.be\/#\/schema\/logo\/image\/","url":"https:\/\/koningdrone.be\/wp-content\/uploads\/sites\/13\/2025\/04\/koningdrone-copyright-logo.svg","contentUrl":"https:\/\/koningdrone.be\/wp-content\/uploads\/sites\/13\/2025\/04\/koningdrone-copyright-logo.svg","width":227,"height":38,"caption":"Koningdrone.be"},"image":{"@id":"https:\/\/koningdrone.be\/#\/schema\/logo\/image\/"}}]}},"df_price":29,"df_sale_price":"","df_regular_price":29,"df_image_link":"https:\/\/koningdrone.be\/wp-content\/uploads\/sites\/13\/2026\/04\/DJI-Osmo-Nano-DJI-Care-Refresh-Plan-Card-300x300.jpg","_links":{"self":[{"href":"https:\/\/koningdrone.be\/es\/wp-json\/wp\/v2\/product\/18425","targetHints":{"allow":["GET"]}}],"collection":[{"href":"https:\/\/koningdrone.be\/es\/wp-json\/wp\/v2\/product"}],"about":[{"href":"https:\/\/koningdrone.be\/es\/wp-json\/wp\/v2\/types\/product"}],"wp:featuredmedia":[{"embeddable":true,"href":"https:\/\/koningdrone.be\/es\/wp-json\/wp\/v2\/media\/18426"}],"wp:attachment":[{"href":"https:\/\/koningdrone.be\/es\/wp-json\/wp\/v2\/media?parent=18425"}],"wp:term":[{"taxonomy":"product_brand","embeddable":true,"href":"https:\/\/koningdrone.be\/es\/wp-json\/wp\/v2\/product_brand?post=18425"},{"taxonomy":"product_cat","embeddable":true,"href":"https:\/\/koningdrone.be\/es\/wp-json\/wp\/v2\/product_cat?post=18425"},{"taxonomy":"product_tag","embeddable":true,"href":"https:\/\/koningdrone.be\/es\/wp-json\/wp\/v2\/product_tag?post=18425"}],"curies":[{"name":"wp","href":"https:\/\/api.w.org\/{rel}","templated":true}]}}