{"id":18405,"date":"2026-04-06T18:52:03","date_gmt":"2026-04-06T16:52:03","guid":{"rendered":"https:\/\/koningdrone.be\/?post_type=product&#038;p=18405"},"modified":"2026-04-29T04:10:02","modified_gmt":"2026-04-29T02:10:02","slug":"dji-care-refresh-1-year-plan-card-dji-mavic-4-pro","status":"publish","type":"product","link":"https:\/\/koningdrone.be\/es\/producto\/dji-care-refresh-1-year-plan-card-dji-mavic-4-pro\/","title":{"rendered":"Tarjeta DJI Care Refresh 1-Year Plan - DJI Mavic 4 Pro"},"content":{"rendered":"<h3>Tarjeta DJI Care Refresh 1-Year Plan - DJI Mavic 4 Pro<\/h3>\n<p>El Plan DJI Care Refresh de 1 a\u00f1o es un servicio de protecci\u00f3n completo y fiable dise\u00f1ado espec\u00edficamente para el DJI Mavic 4 Pro. Este plan ofrece tranquilidad al cubrir da\u00f1os imprevistos no cubiertos por la garant\u00eda est\u00e1ndar, permiti\u00e9ndote llevar al l\u00edmite tu creatividad en el cielo. Es una inversi\u00f3n esencial tanto para cineastas profesionales como para pilotos entusiastas que quieran minimizar el tiempo de inactividad y proteger sus equipos de alta calidad.<\/p>\n<h4>Rendimiento y funcionalidad<\/h4>\n<p>Este plan de servicio ofrece hasta dos sustituciones a bajo coste en el plazo de un a\u00f1o, incluida la cobertura por colisiones, da\u00f1os por agua y desgaste natural. Una caracter\u00edstica notable es la \u201cCobertura Flyaway\u201d, que le permite reemplazar su dron a un coste significativamente menor, incluso si la aeronave se pierde en vuelo y no se puede recuperar. Al utilizar la opci\u00f3n DJI Care Express, los usuarios pueden saltarse el proceso de evaluaci\u00f3n de da\u00f1os, recibiendo una aeronave de sustituci\u00f3n tan pronto como DJI reciba el hardware da\u00f1ado.<\/p>\n<p><a href=\"https:\/\/koningdrone.nl\/wp-content\/uploads\/2026\/04\/DJI-Care-Refresh-1-Year-Plan-Card-DJI-Mavic-4-Pro.jpg\"><img loading=\"lazy\" decoding=\"async\" class=\"size-medium wp-image-471782 aligncenter\" src=\"https:\/\/koningdrone.nl\/wp-content\/uploads\/2026\/04\/DJI-Care-Refresh-1-Year-Plan-Card-DJI-Mavic-4-Pro-300x300.jpg\" alt=\"DJI Care Refresh 1-Year Plan Card - DJI Mavic 4 Pro\" width=\"300\" height=\"300\" \/><\/a><\/p>\n<h4>Calidad de construcci\u00f3n y dise\u00f1o<\/h4>\n<p>Como tarjeta de activaci\u00f3n f\u00edsica, este producto proporciona una forma segura y tangible de registrar tu servicio. Tras la activaci\u00f3n, el plan proporciona acceso a la red de servicio global de DJI, garantizando asistencia profesional y reparaciones oficiales est\u00e9s donde est\u00e9s. Las unidades de repuesto est\u00e1n garantizadas como nuevas o equivalentes a nuevas tanto en rendimiento como en fiabilidad. Adem\u00e1s, DJI cubre todos los gastos de env\u00edo en ambos sentidos para las solicitudes de reemplazo, haciendo que la log\u00edstica de las reparaciones sea completamente libre de problemas.<\/p>\n<h4>Por qu\u00e9 lo necesita<\/h4>\n<p>Los drones son instrumentos de precisi\u00f3n que operan en entornos impredecibles. DJI Care Refresh elimina la ansiedad financiera de una posible ca\u00edda o p\u00e9rdida, permiti\u00e9ndote concentrarte plenamente en capturar las im\u00e1genes perfectas. Gracias a su r\u00e1pido tiempo de sustituci\u00f3n y a su amplia cobertura (que incluye el agua y los restos de vuelo), se trata de la red de seguridad definitiva que mantiene tu Mavic 4 Pro en el aire y tu producci\u00f3n seg\u00fan lo previsto.<\/p>","protected":false},"excerpt":{"rendered":"<ul>\n<li>Ofrece 2 sustituciones a bajo coste en un a\u00f1o, incluida la cobertura por colisi\u00f3n y da\u00f1os por agua.<\/li>\n<li>Incluye cobertura Flyaway para situaciones en las que el dron se pierde en vuelo.<\/li>\n<li>La opci\u00f3n DJI Care Express garantiza una manipulaci\u00f3n muy r\u00e1pida sin largas inspecciones de da\u00f1os.<\/li>\n<li>Env\u00edo gratuito en ambos sentidos para todas las solicitudes de sustituci\u00f3n dentro del periodo de servicio.<\/li>\n<li>La garant\u00eda oficial de DJI es mantenida y respaldada por un exclusivo equipo de servicio t\u00e9cnico.<\/li>\n<\/ul>","protected":false},"featured_media":18406,"template":"","meta":{"_acf_changed":false},"product_brand":[],"product_cat":[175,1415],"product_tag":[],"class_list":{"0":"post-18405","1":"product","2":"type-product","3":"status-publish","4":"has-post-thumbnail","6":"product_cat-alle-care-refresh","7":"product_cat-dji-mavic-4-pro","8":"product_shipping_class-acsystemsall","9":"pa_brand-dji","10":"pa_producttype-serviceplan","12":"first","13":"instock","14":"taxable","15":"shipping-taxable","16":"purchasable","17":"product-type-simple"},"acf":[],"yoast_head":"<!-- This site is optimized with the Yoast SEO Premium plugin v27.2 (Yoast SEO v27.2) - https:\/\/yoast.com\/product\/yoast-seo-premium-wordpress\/ -->\n<title>DJI Care Refresh 1-Year Plan Card - DJI Mavic 4 Pro - koningdrone.be<\/title>\n<meta name=\"robots\" content=\"index, follow, max-snippet:-1, max-image-preview:large, max-video-preview:-1\" \/>\n<link rel=\"canonical\" href=\"https:\/\/koningdrone.be\/es\/producto\/dji-care-refresh-1-year-plan-card-dji-mavic-4-pro\/\" \/>\n<meta property=\"og:locale\" content=\"es_ES\" \/>\n<meta property=\"og:type\" content=\"article\" \/>\n<meta property=\"og:title\" content=\"DJI Care Refresh 1-Year Plan Card - DJI Mavic 4 Pro\" \/>\n<meta property=\"og:description\" content=\"Biedt 2 voordelige vervangingen in \u00e9\u00e9n jaar, inclusief dekking voor botsingen en waterschade.  Inclusief Flyaway-dekking voor situaties waarin de drone tijdens de vlucht verloren gaat.  DJI Care Express-optie zorgt voor een zeer snelle afhandeling zonder langdurige schade-inspecties.  Gratis verzending in beide richtingen voor alle vervangingsaanvragen binnen de serviceperiode.  Offici\u00eble DJI-garantie blijft behouden en wordt ondersteund door een exclusief technisch serviceteam.\" \/>\n<meta property=\"og:url\" content=\"https:\/\/koningdrone.be\/es\/producto\/dji-care-refresh-1-year-plan-card-dji-mavic-4-pro\/\" \/>\n<meta property=\"og:site_name\" content=\"koningdrone.be\" \/>\n<meta property=\"article:modified_time\" content=\"2026-04-29T02:10:02+00:00\" \/>\n<meta property=\"og:image\" content=\"https:\/\/koningdrone.be\/wp-content\/uploads\/sites\/13\/2026\/04\/DJI-Care-Refresh-1-Year-Plan-Card-DJI-Mavic-4-Pro.jpg\" \/>\n\t<meta property=\"og:image:width\" content=\"2560\" \/>\n\t<meta property=\"og:image:height\" content=\"2560\" \/>\n\t<meta property=\"og:image:type\" content=\"image\/jpeg\" \/>\n<meta name=\"twitter:card\" content=\"summary_large_image\" \/>\n<meta name=\"twitter:label1\" content=\"Tiempo de lectura\" \/>\n\t<meta name=\"twitter:data1\" content=\"2 minutos\" \/>\n<script type=\"application\/ld+json\" class=\"yoast-schema-graph\">{\"@context\":\"https:\/\/schema.org\",\"@graph\":[{\"@type\":\"WebPage\",\"@id\":\"https:\/\/koningdrone.be\/product\/dji-care-refresh-1-year-plan-card-dji-mavic-4-pro\/\",\"url\":\"https:\/\/koningdrone.be\/product\/dji-care-refresh-1-year-plan-card-dji-mavic-4-pro\/\",\"name\":\"DJI Care Refresh 1-Year Plan Card - DJI Mavic 4 Pro - koningdrone.be\",\"isPartOf\":{\"@id\":\"https:\/\/koningdrone.be\/#website\"},\"primaryImageOfPage\":{\"@id\":\"https:\/\/koningdrone.be\/product\/dji-care-refresh-1-year-plan-card-dji-mavic-4-pro\/#primaryimage\"},\"image\":{\"@id\":\"https:\/\/koningdrone.be\/product\/dji-care-refresh-1-year-plan-card-dji-mavic-4-pro\/#primaryimage\"},\"thumbnailUrl\":\"https:\/\/koningdrone.be\/wp-content\/uploads\/sites\/13\/2026\/04\/DJI-Care-Refresh-1-Year-Plan-Card-DJI-Mavic-4-Pro.jpg\",\"datePublished\":\"2026-04-06T16:52:03+00:00\",\"dateModified\":\"2026-04-29T02:10:02+00:00\",\"breadcrumb\":{\"@id\":\"https:\/\/koningdrone.be\/product\/dji-care-refresh-1-year-plan-card-dji-mavic-4-pro\/#breadcrumb\"},\"inLanguage\":\"es\",\"potentialAction\":[{\"@type\":\"ReadAction\",\"target\":[\"https:\/\/koningdrone.be\/product\/dji-care-refresh-1-year-plan-card-dji-mavic-4-pro\/\"]}]},{\"@type\":\"ImageObject\",\"inLanguage\":\"es\",\"@id\":\"https:\/\/koningdrone.be\/product\/dji-care-refresh-1-year-plan-card-dji-mavic-4-pro\/#primaryimage\",\"url\":\"https:\/\/koningdrone.be\/wp-content\/uploads\/sites\/13\/2026\/04\/DJI-Care-Refresh-1-Year-Plan-Card-DJI-Mavic-4-Pro.jpg\",\"contentUrl\":\"https:\/\/koningdrone.be\/wp-content\/uploads\/sites\/13\/2026\/04\/DJI-Care-Refresh-1-Year-Plan-Card-DJI-Mavic-4-Pro.jpg\",\"width\":2560,\"height\":2560},{\"@type\":\"BreadcrumbList\",\"@id\":\"https:\/\/koningdrone.be\/product\/dji-care-refresh-1-year-plan-card-dji-mavic-4-pro\/#breadcrumb\",\"itemListElement\":[{\"@type\":\"ListItem\",\"position\":1,\"name\":\"Home\",\"item\":\"https:\/\/koningdrone.be\/\"},{\"@type\":\"ListItem\",\"position\":2,\"name\":\"AVSS Parachute Recovery System for DJI Matrice 300\/350\",\"item\":\"https:\/\/koningdrone.be\/product\/avss-parachute-recovery-system-for-dji-matrice-300-350\/\"},{\"@type\":\"ListItem\",\"position\":3,\"name\":\"Alle care refresh\",\"item\":\"https:\/\/koningdrone.be\/categorie\/alle-care-refresh\/\"},{\"@type\":\"ListItem\",\"position\":4,\"name\":\"DJI Care Refresh 1-Year Plan Card &#8211; DJI Mavic 4 Pro\"}]},{\"@type\":\"WebSite\",\"@id\":\"https:\/\/koningdrone.be\/#website\",\"url\":\"https:\/\/koningdrone.be\/\",\"name\":\"Koningdrone.be - Uw online specialist in drones, gimbals, camera's en power stations.\",\"description\":\"De webshop in drones en gimbals\",\"publisher\":{\"@id\":\"https:\/\/koningdrone.be\/#organization\"},\"potentialAction\":[{\"@type\":\"SearchAction\",\"target\":{\"@type\":\"EntryPoint\",\"urlTemplate\":\"https:\/\/koningdrone.be\/?s={search_term_string}\"},\"query-input\":{\"@type\":\"PropertyValueSpecification\",\"valueRequired\":true,\"valueName\":\"search_term_string\"}}],\"inLanguage\":\"es\"},{\"@type\":\"Organization\",\"@id\":\"https:\/\/koningdrone.be\/#organization\",\"name\":\"Koningdrone.be\",\"url\":\"https:\/\/koningdrone.be\/\",\"logo\":{\"@type\":\"ImageObject\",\"inLanguage\":\"es\",\"@id\":\"https:\/\/koningdrone.be\/#\/schema\/logo\/image\/\",\"url\":\"https:\/\/koningdrone.be\/wp-content\/uploads\/sites\/13\/2025\/04\/koningdrone-copyright-logo.svg\",\"contentUrl\":\"https:\/\/koningdrone.be\/wp-content\/uploads\/sites\/13\/2025\/04\/koningdrone-copyright-logo.svg\",\"width\":227,\"height\":38,\"caption\":\"Koningdrone.be\"},\"image\":{\"@id\":\"https:\/\/koningdrone.be\/#\/schema\/logo\/image\/\"}}]}<\/script>\n<!-- \/ Yoast SEO Premium plugin. -->","yoast_head_json":{"title":"DJI Care Refresh 1-Year Plan Card - DJI Mavic 4 Pro - koningdrone.be","robots":{"index":"index","follow":"follow","max-snippet":"max-snippet:-1","max-image-preview":"max-image-preview:large","max-video-preview":"max-video-preview:-1"},"canonical":"https:\/\/koningdrone.be\/es\/producto\/dji-care-refresh-1-year-plan-card-dji-mavic-4-pro\/","og_locale":"es_ES","og_type":"article","og_title":"DJI Care Refresh 1-Year Plan Card - DJI Mavic 4 Pro","og_description":"Biedt 2 voordelige vervangingen in \u00e9\u00e9n jaar, inclusief dekking voor botsingen en waterschade.  Inclusief Flyaway-dekking voor situaties waarin de drone tijdens de vlucht verloren gaat.  DJI Care Express-optie zorgt voor een zeer snelle afhandeling zonder langdurige schade-inspecties.  Gratis verzending in beide richtingen voor alle vervangingsaanvragen binnen de serviceperiode.  Offici\u00eble DJI-garantie blijft behouden en wordt ondersteund door een exclusief technisch serviceteam.","og_url":"https:\/\/koningdrone.be\/es\/producto\/dji-care-refresh-1-year-plan-card-dji-mavic-4-pro\/","og_site_name":"koningdrone.be","article_modified_time":"2026-04-29T02:10:02+00:00","og_image":[{"width":2560,"height":2560,"url":"https:\/\/koningdrone.be\/wp-content\/uploads\/sites\/13\/2026\/04\/DJI-Care-Refresh-1-Year-Plan-Card-DJI-Mavic-4-Pro.jpg","type":"image\/jpeg"}],"twitter_card":"summary_large_image","twitter_misc":{"Tiempo de lectura":"2 minutos"},"schema":{"@context":"https:\/\/schema.org","@graph":[{"@type":"WebPage","@id":"https:\/\/koningdrone.be\/product\/dji-care-refresh-1-year-plan-card-dji-mavic-4-pro\/","url":"https:\/\/koningdrone.be\/product\/dji-care-refresh-1-year-plan-card-dji-mavic-4-pro\/","name":"DJI Care Refresh 1-Year Plan Card - DJI Mavic 4 Pro - koningdrone.be","isPartOf":{"@id":"https:\/\/koningdrone.be\/#website"},"primaryImageOfPage":{"@id":"https:\/\/koningdrone.be\/product\/dji-care-refresh-1-year-plan-card-dji-mavic-4-pro\/#primaryimage"},"image":{"@id":"https:\/\/koningdrone.be\/product\/dji-care-refresh-1-year-plan-card-dji-mavic-4-pro\/#primaryimage"},"thumbnailUrl":"https:\/\/koningdrone.be\/wp-content\/uploads\/sites\/13\/2026\/04\/DJI-Care-Refresh-1-Year-Plan-Card-DJI-Mavic-4-Pro.jpg","datePublished":"2026-04-06T16:52:03+00:00","dateModified":"2026-04-29T02:10:02+00:00","breadcrumb":{"@id":"https:\/\/koningdrone.be\/product\/dji-care-refresh-1-year-plan-card-dji-mavic-4-pro\/#breadcrumb"},"inLanguage":"es","potentialAction":[{"@type":"ReadAction","target":["https:\/\/koningdrone.be\/product\/dji-care-refresh-1-year-plan-card-dji-mavic-4-pro\/"]}]},{"@type":"ImageObject","inLanguage":"es","@id":"https:\/\/koningdrone.be\/product\/dji-care-refresh-1-year-plan-card-dji-mavic-4-pro\/#primaryimage","url":"https:\/\/koningdrone.be\/wp-content\/uploads\/sites\/13\/2026\/04\/DJI-Care-Refresh-1-Year-Plan-Card-DJI-Mavic-4-Pro.jpg","contentUrl":"https:\/\/koningdrone.be\/wp-content\/uploads\/sites\/13\/2026\/04\/DJI-Care-Refresh-1-Year-Plan-Card-DJI-Mavic-4-Pro.jpg","width":2560,"height":2560},{"@type":"BreadcrumbList","@id":"https:\/\/koningdrone.be\/product\/dji-care-refresh-1-year-plan-card-dji-mavic-4-pro\/#breadcrumb","itemListElement":[{"@type":"ListItem","position":1,"name":"Home","item":"https:\/\/koningdrone.be\/"},{"@type":"ListItem","position":2,"name":"AVSS Parachute Recovery System for DJI Matrice 300\/350","item":"https:\/\/koningdrone.be\/product\/avss-parachute-recovery-system-for-dji-matrice-300-350\/"},{"@type":"ListItem","position":3,"name":"Alle care refresh","item":"https:\/\/koningdrone.be\/categorie\/alle-care-refresh\/"},{"@type":"ListItem","position":4,"name":"DJI Care Refresh 1-Year Plan Card &#8211; DJI Mavic 4 Pro"}]},{"@type":"WebSite","@id":"https:\/\/koningdrone.be\/#website","url":"https:\/\/koningdrone.be\/","name":"Koningdrone.be - Su especialista en l\u00ednea en drones, cardanes, c\u00e1maras y centrales el\u00e9ctricas.","description":"La tienda virtual de drones y cardanes","publisher":{"@id":"https:\/\/koningdrone.be\/#organization"},"potentialAction":[{"@type":"SearchAction","target":{"@type":"EntryPoint","urlTemplate":"https:\/\/koningdrone.be\/?s={search_term_string}"},"query-input":{"@type":"PropertyValueSpecification","valueRequired":true,"valueName":"search_term_string"}}],"inLanguage":"es"},{"@type":"Organization","@id":"https:\/\/koningdrone.be\/#organization","name":"Kingdrone.es","url":"https:\/\/koningdrone.be\/","logo":{"@type":"ImageObject","inLanguage":"es","@id":"https:\/\/koningdrone.be\/#\/schema\/logo\/image\/","url":"https:\/\/koningdrone.be\/wp-content\/uploads\/sites\/13\/2025\/04\/koningdrone-copyright-logo.svg","contentUrl":"https:\/\/koningdrone.be\/wp-content\/uploads\/sites\/13\/2025\/04\/koningdrone-copyright-logo.svg","width":227,"height":38,"caption":"Koningdrone.be"},"image":{"@id":"https:\/\/koningdrone.be\/#\/schema\/logo\/image\/"}}]}},"df_price":223,"df_sale_price":"","df_regular_price":223,"df_image_link":"https:\/\/koningdrone.be\/wp-content\/uploads\/sites\/13\/2026\/04\/DJI-Care-Refresh-1-Year-Plan-Card-DJI-Mavic-4-Pro-300x300.jpg","_links":{"self":[{"href":"https:\/\/koningdrone.be\/es\/wp-json\/wp\/v2\/product\/18405","targetHints":{"allow":["GET"]}}],"collection":[{"href":"https:\/\/koningdrone.be\/es\/wp-json\/wp\/v2\/product"}],"about":[{"href":"https:\/\/koningdrone.be\/es\/wp-json\/wp\/v2\/types\/product"}],"wp:featuredmedia":[{"embeddable":true,"href":"https:\/\/koningdrone.be\/es\/wp-json\/wp\/v2\/media\/18406"}],"wp:attachment":[{"href":"https:\/\/koningdrone.be\/es\/wp-json\/wp\/v2\/media?parent=18405"}],"wp:term":[{"taxonomy":"product_brand","embeddable":true,"href":"https:\/\/koningdrone.be\/es\/wp-json\/wp\/v2\/product_brand?post=18405"},{"taxonomy":"product_cat","embeddable":true,"href":"https:\/\/koningdrone.be\/es\/wp-json\/wp\/v2\/product_cat?post=18405"},{"taxonomy":"product_tag","embeddable":true,"href":"https:\/\/koningdrone.be\/es\/wp-json\/wp\/v2\/product_tag?post=18405"}],"curies":[{"name":"wp","href":"https:\/\/api.w.org\/{rel}","templated":true}]}}