{"id":18375,"date":"2026-04-06T08:51:37","date_gmt":"2026-04-06T06:51:37","guid":{"rendered":"https:\/\/koningdrone.be\/?post_type=product&#038;p=18375"},"modified":"2026-04-29T03:41:05","modified_gmt":"2026-04-29T01:41:05","slug":"dji-care-ent-p-%ef%bc%88zenmuse-v1%ef%bc%89eu","status":"publish","type":"product","link":"https:\/\/koningdrone.be\/es\/producto\/dji-care-ent-p-%ef%bc%88zenmuse-v1%ef%bc%89eu\/","title":{"rendered":"DJI Care Ent. P.\uff08Zenmuse V1\uff09EU"},"content":{"rendered":"<h3>DJI Care Ent. P.\uff08Zenmuse V1\uff09EU<\/h3>\n<p>DJI Care Enterprise Plus (Zenmuse V1) EU is een premium serviceplan dat speciaal is ontworpen voor de DJI Zenmuse V1 payload. Dit digitale product biedt uitgebreide bescherming en serviceondersteuning voor professionele toepassingen binnen Europa. Het plan wordt digitaal gekoppeld aan het apparaat en zorgt voor directe dekking zonder fysieke installatie of complexe activatie.<\/p>\n<p>Het is ideaal voor bedrijven en professionals die werken in veeleisende sectoren zoals inspectie, openbare veiligheid en industri\u00eble toepassingen, waar maximale betrouwbaarheid en minimale downtime essentieel zijn.<\/p>\n<h4>Rendimiento y funcionalidad<\/h4>\n<p>DJI Care Enterprise Plus biedt uitgebreide dekking tegen accidentele schade, waaronder crashes, waterschade, signaalverlies en operationele fouten. Binnen de dekkingslimiet profiteer je van onbeperkte gratis reparaties of vervangingen, wat zorgt voor continue inzetbaarheid tijdens kritieke operaties.<\/p>\n<p>Met een typische looptijd van 12 maanden en een vaste dekkingslimiet biedt het plan een kosteneffici\u00ebnte manier om onverwachte reparatiekosten te beheersen en operationele risico\u2019s te beperken.<\/p>\n<p>Daarnaast profiteer je van snelle serviceafhandeling via DJI Care Express en ondersteuning via offici\u00eble DJI servicekanalen, waardoor downtime tot een minimum wordt beperkt.<\/p>\n<p><a href=\"https:\/\/koningdrone.nl\/wp-content\/uploads\/2026\/04\/DJI-Care-Ent.-P.\uff08Zenmuse-V1\uff09EU-scaled.jpg\"><img loading=\"lazy\" decoding=\"async\" class=\"size-medium wp-image-471660 aligncenter\" src=\"https:\/\/koningdrone.nl\/wp-content\/uploads\/2026\/04\/DJI-Care-Ent.-P.\uff08Zenmuse-V1\uff09EU-300x200.jpg\" alt=\"DJI Care Ent. P.\uff08Zenmuse V1\uff09EU\" width=\"300\" height=\"200\" \/><\/a><\/p>\n<h4>Calidad de construcci\u00f3n y dise\u00f1o<\/h4>\n<p>Als digitaal serviceproduct is DJI Care Enterprise Plus volledig ge\u00efntegreerd binnen het DJI ecosysteem. De cloudgebaseerde registratie en automatische koppeling zorgen voor een naadloze en effici\u00ebnte gebruikerservaring zonder fysieke installatie.<\/p>\n<p>Het plan is flexibel en schaalbaar, waardoor het geschikt is voor zowel individuele payloads als grotere professionele vloten met meerdere apparaten.<\/p>\n<h4>Por qu\u00e9 lo necesita<\/h4>\n<p>DJI Care Enterprise Plus (Zenmuse V1) UE es esencial para los profesionales que desean la m\u00e1xima seguridad durante sus operaciones. Protege tu inversi\u00f3n, reduce los costes inesperados y te permite volver a operar r\u00e1pidamente tras sufrir da\u00f1os o incidentes.<\/p>","protected":false},"excerpt":{"rendered":"<ul>\n<li>Protecci\u00f3n Premium contra da\u00f1os accidentales para la carga \u00fatil de la Zenmuse V1<\/li>\n<li>Reparaciones o sustituciones ilimitadas dentro del l\u00edmite de cobertura<\/li>\n<li>Servicio r\u00e1pido a trav\u00e9s de DJI Care Express<\/li>\n<li>Apoyo a la gesti\u00f3n de flotas y flujos de trabajo eficientes<\/li>\n<li>Aumenta la continuidad operativa en el uso de sensores profesionales<\/li>\n<\/ul>","protected":false},"featured_media":18376,"template":"","meta":{"_acf_changed":false},"product_brand":[],"product_cat":[175,1878],"product_tag":[],"class_list":{"0":"post-18375","1":"product","2":"type-product","3":"status-publish","4":"has-post-thumbnail","6":"product_cat-alle-care-refresh","7":"product_cat-dji-zenmuse-v1","8":"product_shipping_class-uavspacesall","9":"pa_brand-dji","10":"pa_producttype-serviceplan","12":"first","13":"instock","14":"taxable","15":"shipping-taxable","16":"purchasable","17":"product-type-simple"},"acf":[],"yoast_head":"<!-- This site is optimized with the Yoast SEO Premium plugin v27.2 (Yoast SEO v27.2) - https:\/\/yoast.com\/product\/yoast-seo-premium-wordpress\/ -->\n<title>DJI Care Ent. P.\uff08Zenmuse V1\uff09EU - koningdrone.be<\/title>\n<meta name=\"robots\" content=\"index, follow, max-snippet:-1, max-image-preview:large, max-video-preview:-1\" \/>\n<link rel=\"canonical\" href=\"https:\/\/koningdrone.be\/es\/producto\/dji-care-ent-p-\uff08zenmuse-v1\uff09eu\/\" \/>\n<meta property=\"og:locale\" content=\"es_ES\" \/>\n<meta property=\"og:type\" content=\"article\" \/>\n<meta property=\"og:title\" content=\"DJI Care Ent. P.\uff08Zenmuse V1\uff09EU\" \/>\n<meta property=\"og:description\" content=\"Premium bescherming tegen accidentele schade voor de Zenmuse V1 payload  Onbeperkte reparaties of vervangingen binnen de dekkingslimiet  Snelle serviceafhandeling via DJI Care Express  Ondersteuning voor vlootbeheer en effici\u00ebnte workflows  Verhoogt operationele continu\u00efteit bij professioneel sensor\u2011gebruik\" \/>\n<meta property=\"og:url\" content=\"https:\/\/koningdrone.be\/es\/producto\/dji-care-ent-p-\uff08zenmuse-v1\uff09eu\/\" \/>\n<meta property=\"og:site_name\" content=\"koningdrone.be\" \/>\n<meta property=\"article:modified_time\" content=\"2026-04-29T01:41:05+00:00\" \/>\n<meta property=\"og:image\" content=\"https:\/\/koningdrone.be\/wp-content\/uploads\/sites\/13\/2026\/04\/DJI-Care-Ent.-P.\uff08Zenmuse-V1\uff09EU-scaled-1.jpg\" \/>\n\t<meta property=\"og:image:width\" content=\"2560\" \/>\n\t<meta property=\"og:image:height\" content=\"1706\" \/>\n\t<meta property=\"og:image:type\" content=\"image\/jpeg\" \/>\n<meta name=\"twitter:card\" content=\"summary_large_image\" \/>\n<meta name=\"twitter:label1\" content=\"Tiempo de lectura\" \/>\n\t<meta name=\"twitter:data1\" content=\"1 minuto\" \/>\n<script type=\"application\/ld+json\" class=\"yoast-schema-graph\">{\"@context\":\"https:\/\/schema.org\",\"@graph\":[{\"@type\":\"WebPage\",\"@id\":\"https:\/\/koningdrone.be\/product\/dji-care-ent-p-%ef%bc%88zenmuse-v1%ef%bc%89eu\/\",\"url\":\"https:\/\/koningdrone.be\/product\/dji-care-ent-p-%ef%bc%88zenmuse-v1%ef%bc%89eu\/\",\"name\":\"DJI Care Ent. P.\uff08Zenmuse V1\uff09EU - koningdrone.be\",\"isPartOf\":{\"@id\":\"https:\/\/koningdrone.be\/#website\"},\"primaryImageOfPage\":{\"@id\":\"https:\/\/koningdrone.be\/product\/dji-care-ent-p-%ef%bc%88zenmuse-v1%ef%bc%89eu\/#primaryimage\"},\"image\":{\"@id\":\"https:\/\/koningdrone.be\/product\/dji-care-ent-p-%ef%bc%88zenmuse-v1%ef%bc%89eu\/#primaryimage\"},\"thumbnailUrl\":\"https:\/\/koningdrone.be\/wp-content\/uploads\/sites\/13\/2026\/04\/DJI-Care-Ent.-P.\uff08Zenmuse-V1\uff09EU-scaled-1.jpg\",\"datePublished\":\"2026-04-06T06:51:37+00:00\",\"dateModified\":\"2026-04-29T01:41:05+00:00\",\"breadcrumb\":{\"@id\":\"https:\/\/koningdrone.be\/product\/dji-care-ent-p-%ef%bc%88zenmuse-v1%ef%bc%89eu\/#breadcrumb\"},\"inLanguage\":\"es\",\"potentialAction\":[{\"@type\":\"ReadAction\",\"target\":[\"https:\/\/koningdrone.be\/product\/dji-care-ent-p-%ef%bc%88zenmuse-v1%ef%bc%89eu\/\"]}]},{\"@type\":\"ImageObject\",\"inLanguage\":\"es\",\"@id\":\"https:\/\/koningdrone.be\/product\/dji-care-ent-p-%ef%bc%88zenmuse-v1%ef%bc%89eu\/#primaryimage\",\"url\":\"https:\/\/koningdrone.be\/wp-content\/uploads\/sites\/13\/2026\/04\/DJI-Care-Ent.-P.\uff08Zenmuse-V1\uff09EU-scaled-1.jpg\",\"contentUrl\":\"https:\/\/koningdrone.be\/wp-content\/uploads\/sites\/13\/2026\/04\/DJI-Care-Ent.-P.\uff08Zenmuse-V1\uff09EU-scaled-1.jpg\",\"width\":2560,\"height\":1706},{\"@type\":\"BreadcrumbList\",\"@id\":\"https:\/\/koningdrone.be\/product\/dji-care-ent-p-%ef%bc%88zenmuse-v1%ef%bc%89eu\/#breadcrumb\",\"itemListElement\":[{\"@type\":\"ListItem\",\"position\":1,\"name\":\"Home\",\"item\":\"https:\/\/koningdrone.be\/\"},{\"@type\":\"ListItem\",\"position\":2,\"name\":\"AVSS Parachute Recovery System for DJI Matrice 300\/350\",\"item\":\"https:\/\/koningdrone.be\/product\/avss-parachute-recovery-system-for-dji-matrice-300-350\/\"},{\"@type\":\"ListItem\",\"position\":3,\"name\":\"Alle care refresh\",\"item\":\"https:\/\/koningdrone.be\/categorie\/alle-care-refresh\/\"},{\"@type\":\"ListItem\",\"position\":4,\"name\":\"DJI Care Ent. P.\uff08Zenmuse V1\uff09EU\"}]},{\"@type\":\"WebSite\",\"@id\":\"https:\/\/koningdrone.be\/#website\",\"url\":\"https:\/\/koningdrone.be\/\",\"name\":\"Koningdrone.be - Uw online specialist in drones, gimbals, camera's en power stations.\",\"description\":\"De webshop in drones en gimbals\",\"publisher\":{\"@id\":\"https:\/\/koningdrone.be\/#organization\"},\"potentialAction\":[{\"@type\":\"SearchAction\",\"target\":{\"@type\":\"EntryPoint\",\"urlTemplate\":\"https:\/\/koningdrone.be\/?s={search_term_string}\"},\"query-input\":{\"@type\":\"PropertyValueSpecification\",\"valueRequired\":true,\"valueName\":\"search_term_string\"}}],\"inLanguage\":\"es\"},{\"@type\":\"Organization\",\"@id\":\"https:\/\/koningdrone.be\/#organization\",\"name\":\"Koningdrone.be\",\"url\":\"https:\/\/koningdrone.be\/\",\"logo\":{\"@type\":\"ImageObject\",\"inLanguage\":\"es\",\"@id\":\"https:\/\/koningdrone.be\/#\/schema\/logo\/image\/\",\"url\":\"https:\/\/koningdrone.be\/wp-content\/uploads\/sites\/13\/2025\/04\/koningdrone-copyright-logo.svg\",\"contentUrl\":\"https:\/\/koningdrone.be\/wp-content\/uploads\/sites\/13\/2025\/04\/koningdrone-copyright-logo.svg\",\"width\":227,\"height\":38,\"caption\":\"Koningdrone.be\"},\"image\":{\"@id\":\"https:\/\/koningdrone.be\/#\/schema\/logo\/image\/\"}}]}<\/script>\n<!-- \/ Yoast SEO Premium plugin. -->","yoast_head_json":{"title":"DJI Care Ent. P.\uff08Zenmuse V1\uff09EU - koningdrone.be","robots":{"index":"index","follow":"follow","max-snippet":"max-snippet:-1","max-image-preview":"max-image-preview:large","max-video-preview":"max-video-preview:-1"},"canonical":"https:\/\/koningdrone.be\/es\/producto\/dji-care-ent-p-\uff08zenmuse-v1\uff09eu\/","og_locale":"es_ES","og_type":"article","og_title":"DJI Care Ent. P.\uff08Zenmuse V1\uff09EU","og_description":"Premium bescherming tegen accidentele schade voor de Zenmuse V1 payload  Onbeperkte reparaties of vervangingen binnen de dekkingslimiet  Snelle serviceafhandeling via DJI Care Express  Ondersteuning voor vlootbeheer en effici\u00ebnte workflows  Verhoogt operationele continu\u00efteit bij professioneel sensor\u2011gebruik","og_url":"https:\/\/koningdrone.be\/es\/producto\/dji-care-ent-p-\uff08zenmuse-v1\uff09eu\/","og_site_name":"koningdrone.be","article_modified_time":"2026-04-29T01:41:05+00:00","og_image":[{"width":2560,"height":1706,"url":"https:\/\/koningdrone.be\/wp-content\/uploads\/sites\/13\/2026\/04\/DJI-Care-Ent.-P.\uff08Zenmuse-V1\uff09EU-scaled-1.jpg","type":"image\/jpeg"}],"twitter_card":"summary_large_image","twitter_misc":{"Tiempo de lectura":"1 minuto"},"schema":{"@context":"https:\/\/schema.org","@graph":[{"@type":"WebPage","@id":"https:\/\/koningdrone.be\/product\/dji-care-ent-p-%ef%bc%88zenmuse-v1%ef%bc%89eu\/","url":"https:\/\/koningdrone.be\/product\/dji-care-ent-p-%ef%bc%88zenmuse-v1%ef%bc%89eu\/","name":"DJI Care Ent. P.\uff08Zenmuse V1\uff09EU - koningdrone.be","isPartOf":{"@id":"https:\/\/koningdrone.be\/#website"},"primaryImageOfPage":{"@id":"https:\/\/koningdrone.be\/product\/dji-care-ent-p-%ef%bc%88zenmuse-v1%ef%bc%89eu\/#primaryimage"},"image":{"@id":"https:\/\/koningdrone.be\/product\/dji-care-ent-p-%ef%bc%88zenmuse-v1%ef%bc%89eu\/#primaryimage"},"thumbnailUrl":"https:\/\/koningdrone.be\/wp-content\/uploads\/sites\/13\/2026\/04\/DJI-Care-Ent.-P.\uff08Zenmuse-V1\uff09EU-scaled-1.jpg","datePublished":"2026-04-06T06:51:37+00:00","dateModified":"2026-04-29T01:41:05+00:00","breadcrumb":{"@id":"https:\/\/koningdrone.be\/product\/dji-care-ent-p-%ef%bc%88zenmuse-v1%ef%bc%89eu\/#breadcrumb"},"inLanguage":"es","potentialAction":[{"@type":"ReadAction","target":["https:\/\/koningdrone.be\/product\/dji-care-ent-p-%ef%bc%88zenmuse-v1%ef%bc%89eu\/"]}]},{"@type":"ImageObject","inLanguage":"es","@id":"https:\/\/koningdrone.be\/product\/dji-care-ent-p-%ef%bc%88zenmuse-v1%ef%bc%89eu\/#primaryimage","url":"https:\/\/koningdrone.be\/wp-content\/uploads\/sites\/13\/2026\/04\/DJI-Care-Ent.-P.\uff08Zenmuse-V1\uff09EU-scaled-1.jpg","contentUrl":"https:\/\/koningdrone.be\/wp-content\/uploads\/sites\/13\/2026\/04\/DJI-Care-Ent.-P.\uff08Zenmuse-V1\uff09EU-scaled-1.jpg","width":2560,"height":1706},{"@type":"BreadcrumbList","@id":"https:\/\/koningdrone.be\/product\/dji-care-ent-p-%ef%bc%88zenmuse-v1%ef%bc%89eu\/#breadcrumb","itemListElement":[{"@type":"ListItem","position":1,"name":"Home","item":"https:\/\/koningdrone.be\/"},{"@type":"ListItem","position":2,"name":"AVSS Parachute Recovery System for DJI Matrice 300\/350","item":"https:\/\/koningdrone.be\/product\/avss-parachute-recovery-system-for-dji-matrice-300-350\/"},{"@type":"ListItem","position":3,"name":"Alle care refresh","item":"https:\/\/koningdrone.be\/categorie\/alle-care-refresh\/"},{"@type":"ListItem","position":4,"name":"DJI Care Ent. P.\uff08Zenmuse V1\uff09EU"}]},{"@type":"WebSite","@id":"https:\/\/koningdrone.be\/#website","url":"https:\/\/koningdrone.be\/","name":"Koningdrone.be - Su especialista en l\u00ednea en drones, cardanes, c\u00e1maras y centrales el\u00e9ctricas.","description":"La tienda virtual de drones y cardanes","publisher":{"@id":"https:\/\/koningdrone.be\/#organization"},"potentialAction":[{"@type":"SearchAction","target":{"@type":"EntryPoint","urlTemplate":"https:\/\/koningdrone.be\/?s={search_term_string}"},"query-input":{"@type":"PropertyValueSpecification","valueRequired":true,"valueName":"search_term_string"}}],"inLanguage":"es"},{"@type":"Organization","@id":"https:\/\/koningdrone.be\/#organization","name":"Kingdrone.es","url":"https:\/\/koningdrone.be\/","logo":{"@type":"ImageObject","inLanguage":"es","@id":"https:\/\/koningdrone.be\/#\/schema\/logo\/image\/","url":"https:\/\/koningdrone.be\/wp-content\/uploads\/sites\/13\/2025\/04\/koningdrone-copyright-logo.svg","contentUrl":"https:\/\/koningdrone.be\/wp-content\/uploads\/sites\/13\/2025\/04\/koningdrone-copyright-logo.svg","width":227,"height":38,"caption":"Koningdrone.be"},"image":{"@id":"https:\/\/koningdrone.be\/#\/schema\/logo\/image\/"}}]}},"df_price":138,"df_sale_price":"","df_regular_price":138,"df_image_link":"https:\/\/koningdrone.be\/wp-content\/uploads\/sites\/13\/2026\/04\/DJI-Care-Ent.-P.\uff08Zenmuse-V1\uff09EU-scaled-1-300x200.jpg","_links":{"self":[{"href":"https:\/\/koningdrone.be\/es\/wp-json\/wp\/v2\/product\/18375","targetHints":{"allow":["GET"]}}],"collection":[{"href":"https:\/\/koningdrone.be\/es\/wp-json\/wp\/v2\/product"}],"about":[{"href":"https:\/\/koningdrone.be\/es\/wp-json\/wp\/v2\/types\/product"}],"wp:featuredmedia":[{"embeddable":true,"href":"https:\/\/koningdrone.be\/es\/wp-json\/wp\/v2\/media\/18376"}],"wp:attachment":[{"href":"https:\/\/koningdrone.be\/es\/wp-json\/wp\/v2\/media?parent=18375"}],"wp:term":[{"taxonomy":"product_brand","embeddable":true,"href":"https:\/\/koningdrone.be\/es\/wp-json\/wp\/v2\/product_brand?post=18375"},{"taxonomy":"product_cat","embeddable":true,"href":"https:\/\/koningdrone.be\/es\/wp-json\/wp\/v2\/product_cat?post=18375"},{"taxonomy":"product_tag","embeddable":true,"href":"https:\/\/koningdrone.be\/es\/wp-json\/wp\/v2\/product_tag?post=18375"}],"curies":[{"name":"wp","href":"https:\/\/api.w.org\/{rel}","templated":true}]}}