{"id":18355,"date":"2026-04-06T12:44:28","date_gmt":"2026-04-06T10:44:28","guid":{"rendered":"https:\/\/koningdrone.be\/?post_type=product&#038;p=18355"},"modified":"2026-04-10T12:48:21","modified_gmt":"2026-04-10T10:48:21","slug":"share-slam-s100-32","status":"publish","type":"product","link":"https:\/\/koningdrone.be\/es\/producto\/share-slam-s100-32\/","title":{"rendered":"Compartir Slam S100 32"},"content":{"rendered":"<h3>SHARE SLAM S100-32: el potente est\u00e1ndar para la digitalizaci\u00f3n industrial<\/h3>\n<p><iframe loading=\"lazy\" title=\"Lanzamiento del esc\u00e1ner LiDAR 3D profesional de \u00faltima generaci\u00f3n SHARE SLAM Serie S100\" width=\"800\" height=\"450\" src=\"https:\/\/www.youtube.com\/embed\/wXdxcAKCPSI?feature=oembed&#038;enablejsapi=1&#038;origin=https:\/\/koningdrone.be\" frameborder=\"0\" allow=\"accelerometer; autoplay; clipboard-write; encrypted-media; gyroscope; picture-in-picture; web-share\" referrerpolicy=\"strict-origin-when-cross-origin\" allowfullscreen><\/iframe><\/p>\n<p style=\"margin: 20px 0;\">En <strong>SHARE SLAM S100-32<\/strong> es el potente todoterreno de la serie S100, dise\u00f1ado para profesionales que exigen detalles y velocidad adicionales en proyectos a gran escala. Donde se detienen los modelos est\u00e1ndar, el S100-32 contin\u00faa con un sensor LiDAR de 32 canales que lleva la densidad de puntos al siguiente nivel. Este sistema es la elecci\u00f3n directa para entornos industriales complejos, inspecciones infrarrojas y modelado BIM exhaustivo. Combina la probada ergonom\u00eda de la serie S100 con la potencia inform\u00e1tica adicional necesaria para los proyectos de gemelos digitales m\u00e1s detallados.<\/p>\n<p><a href=\"https:\/\/koningdrone.nl\/wp-content\/uploads\/2026\/04\/Share-Slam-S100-16-32-32pro-Action.jpg\"><img loading=\"lazy\" decoding=\"async\" class=\"wp-image-471788 size-medium aligncenter\" src=\"https:\/\/koningdrone.nl\/wp-content\/uploads\/2026\/04\/Share-Slam-S100-16-32-32pro-Action-300x300.jpg\" alt=\"Share Slam S100 16 32 32pro Action\" width=\"300\" height=\"300\" \/><\/a><\/p>\n<h4>Im\u00e1genes de calidad superior y mayor adquisici\u00f3n de datos<\/h4>\n<p>La S100-32 supera los l\u00edmites de la reproducci\u00f3n de detalles:<\/p>\n<ul>\n<li><strong>Alta densidad de puntos:<\/strong> El motor LiDAR de 32 canales ofrece una resoluci\u00f3n significativamente mayor. Esto se traduce en detalles m\u00e1s n\u00edtidos y una mejor definici\u00f3n de los objetos complejos, lo que resulta crucial para una digitalizaci\u00f3n industrial precisa.<\/li>\n<li><strong>Textura RGB enriquecida:<\/strong> Las c\u00e1maras integradas capturan informaci\u00f3n visual con una claridad sin precedentes. En combinaci\u00f3n con la mayor densidad de puntos, se obtienen modelos 3D fotorrealistas que pueden utilizarse inmediatamente para inspecciones visuales.<\/li>\n<li><strong>Algoritmos SLAM perfeccionados:<\/strong> La sinergia entre el sensor de 32 canales y los sensores visuales proporciona un seguimiento a\u00fan m\u00e1s robusto. Esto garantiza una nube de puntos estable incluso al escanear superficies lisas o en zonas con pocas caracter\u00edsticas visuales.<\/li>\n<\/ul>\n<p><a href=\"https:\/\/koningdrone.nl\/wp-content\/uploads\/2026\/04\/Product-Share-Slam-S100-16-32-32pro.jpg\"><img loading=\"lazy\" decoding=\"async\" class=\"wp-image-471791 size-medium aligncenter\" src=\"https:\/\/koningdrone.nl\/wp-content\/uploads\/2026\/04\/Product-Share-Slam-S100-16-32-32pro-300x300.jpg\" alt=\"Product Share Slam S100 16 32 32pro\" width=\"300\" height=\"300\" \/><\/a><\/p>\n<h4>Dise\u00f1ada para la m\u00e1xima productividad<\/h4>\n<p>El hardware de la S100-32 est\u00e1 dise\u00f1ado para un uso industrial intensivo:<\/p>\n<ul>\n<li><strong>Procesamiento fluido en tiempo real:<\/strong> Con su potente procesador integrado, el S100-32 maneja la mayor cantidad de datos sin esfuerzo. Ver\u00e1 c\u00f3mo su modelo detallado se construye sin problemas, lo que le permitir\u00e1 cubrir \u00e1reas m\u00e1s grandes con mayor rapidez.<\/li>\n<li><strong>Robustez para el lugar de trabajo:<\/strong> Con un peso de unos 2,2 kg y un dise\u00f1o equilibrado, el esc\u00e1ner est\u00e1 fabricado para las condiciones m\u00e1s duras, desde la miner\u00eda hasta las obras m\u00e1s complejas.<\/li>\n<li><strong>M\u00e1xima empleabilidad:<\/strong> Las bater\u00edas intercambiables en caliente y 1 TB de almacenamiento SSD interno garantizan que pueda trabajar todo el d\u00eda sin preocuparse por el espacio de almacenamiento o la energ\u00eda.<\/li>\n<\/ul>\n<p><a href=\"https:\/\/koningdrone.nl\/wp-content\/uploads\/2026\/04\/Share-Slam-S100-16-32-32pro.jpg\"><img loading=\"lazy\" decoding=\"async\" class=\"wp-image-471793 size-medium aligncenter\" src=\"https:\/\/koningdrone.nl\/wp-content\/uploads\/2026\/04\/Share-Slam-S100-16-32-32pro-300x300.jpg\" alt=\"Share Slam S100 16 32 32pro\" width=\"300\" height=\"300\" \/><\/a><\/p>\n<h4>Por qu\u00e9 SHARE SLAM S100-32 es la \u00fanica opci\u00f3n<\/h4>\n<p>La SHARE SLAM S100-32 ofrece la velocidad y precisi\u00f3n adicionales necesarias para los proyectos m\u00e1s grandes y detallados. Es la herramienta definitiva para quienes no se conforman con resultados medios. Tanto si se trata de cartografiar todo un complejo industrial como de digitalizar una extensa red de infraestructuras, la S100-32 proporciona datos 3D de la m\u00e1xima calidad con una eficacia sin precedentes.<\/p>","protected":false},"excerpt":{"rendered":"<ul>\n<li>Esc\u00e1ner LiDAR port\u00e1til para cartograf\u00eda 3D profesional<\/li>\n<li>Hasta 640.000 puntos por segundo para obtener datos extremadamente detallados<\/li>\n<li>Alcance de hasta 300 metros (versi\u00f3n Pro) para exploraciones a gran escala<\/li>\n<li>Compatible con RTK y PPK para una precisi\u00f3n centim\u00e9trica<\/li>\n<li>Hasta 3 horas de autonom\u00eda con bater\u00edas intercambiables en caliente<\/li>\n<\/ul>","protected":false},"featured_media":18410,"template":"","meta":{"_acf_changed":false},"product_brand":[],"product_cat":[1841],"product_tag":[],"class_list":{"0":"post-18355","1":"product","2":"type-product","3":"status-publish","4":"has-post-thumbnail","6":"product_cat-share-slam-s100","8":"first","9":"instock","10":"taxable","11":"shipping-taxable","12":"purchasable","13":"product-type-simple"},"acf":[],"yoast_head":"<!-- This site is optimized with the Yoast SEO Premium plugin v27.2 (Yoast SEO v27.2) - https:\/\/yoast.com\/product\/yoast-seo-premium-wordpress\/ -->\n<title>Share Slam S100 32 - koningdrone.be<\/title>\n<meta name=\"robots\" content=\"index, follow, max-snippet:-1, max-image-preview:large, max-video-preview:-1\" \/>\n<link rel=\"canonical\" href=\"https:\/\/koningdrone.be\/es\/producto\/share-slam-s100-32\/\" \/>\n<meta property=\"og:locale\" content=\"es_ES\" \/>\n<meta property=\"og:type\" content=\"article\" \/>\n<meta property=\"og:title\" content=\"Share Slam S100 32\" \/>\n<meta property=\"og:description\" content=\"Handheld LiDAR scanner voor professionele 3D-mapping  Tot 640.000 punten per seconde voor extreem gedetailleerde data  Bereik tot 300 meter (Pro versie) voor grootschalige scans  RTK &amp; PPK ondersteuning voor centimeter-nauwkeurigheid  Tot 3 uur batterijduur met hot-swappable batterijen\" \/>\n<meta property=\"og:url\" content=\"https:\/\/koningdrone.be\/es\/producto\/share-slam-s100-32\/\" \/>\n<meta property=\"og:site_name\" content=\"koningdrone.be\" \/>\n<meta property=\"article:modified_time\" content=\"2026-04-10T10:48:21+00:00\" \/>\n<meta property=\"og:image\" content=\"https:\/\/koningdrone.be\/wp-content\/uploads\/sites\/13\/2026\/04\/Share-Slam-S100-16-32-32pro-1.jpg\" \/>\n\t<meta property=\"og:image:width\" content=\"1000\" \/>\n\t<meta property=\"og:image:height\" content=\"1000\" \/>\n\t<meta property=\"og:image:type\" content=\"image\/jpeg\" \/>\n<meta name=\"twitter:card\" content=\"summary_large_image\" \/>\n<meta name=\"twitter:label1\" content=\"Tiempo de lectura\" \/>\n\t<meta name=\"twitter:data1\" content=\"3 minutos\" \/>\n<script type=\"application\/ld+json\" class=\"yoast-schema-graph\">{\"@context\":\"https:\/\/schema.org\",\"@graph\":[{\"@type\":\"WebPage\",\"@id\":\"https:\/\/koningdrone.be\/product\/share-slam-s100-32\/\",\"url\":\"https:\/\/koningdrone.be\/product\/share-slam-s100-32\/\",\"name\":\"Share Slam S100 32 - koningdrone.be\",\"isPartOf\":{\"@id\":\"https:\/\/koningdrone.be\/#website\"},\"primaryImageOfPage\":{\"@id\":\"https:\/\/koningdrone.be\/product\/share-slam-s100-32\/#primaryimage\"},\"image\":{\"@id\":\"https:\/\/koningdrone.be\/product\/share-slam-s100-32\/#primaryimage\"},\"thumbnailUrl\":\"https:\/\/koningdrone.be\/wp-content\/uploads\/sites\/13\/2026\/04\/Share-Slam-S100-16-32-32pro-1.jpg\",\"datePublished\":\"2026-04-06T10:44:28+00:00\",\"dateModified\":\"2026-04-10T10:48:21+00:00\",\"breadcrumb\":{\"@id\":\"https:\/\/koningdrone.be\/product\/share-slam-s100-32\/#breadcrumb\"},\"inLanguage\":\"es\",\"potentialAction\":[{\"@type\":\"ReadAction\",\"target\":[\"https:\/\/koningdrone.be\/product\/share-slam-s100-32\/\"]}]},{\"@type\":\"ImageObject\",\"inLanguage\":\"es\",\"@id\":\"https:\/\/koningdrone.be\/product\/share-slam-s100-32\/#primaryimage\",\"url\":\"https:\/\/koningdrone.be\/wp-content\/uploads\/sites\/13\/2026\/04\/Share-Slam-S100-16-32-32pro-1.jpg\",\"contentUrl\":\"https:\/\/koningdrone.be\/wp-content\/uploads\/sites\/13\/2026\/04\/Share-Slam-S100-16-32-32pro-1.jpg\",\"width\":1000,\"height\":1000},{\"@type\":\"BreadcrumbList\",\"@id\":\"https:\/\/koningdrone.be\/product\/share-slam-s100-32\/#breadcrumb\",\"itemListElement\":[{\"@type\":\"ListItem\",\"position\":1,\"name\":\"Home\",\"item\":\"https:\/\/koningdrone.be\/\"},{\"@type\":\"ListItem\",\"position\":2,\"name\":\"AVSS Parachute Recovery System for DJI Matrice 300\/350\",\"item\":\"https:\/\/koningdrone.be\/product\/avss-parachute-recovery-system-for-dji-matrice-300-350\/\"},{\"@type\":\"ListItem\",\"position\":3,\"name\":\"Share Slam S100\",\"item\":\"https:\/\/koningdrone.be\/categorie\/share-slam-s100\/\"},{\"@type\":\"ListItem\",\"position\":4,\"name\":\"Share Slam S100 32\"}]},{\"@type\":\"WebSite\",\"@id\":\"https:\/\/koningdrone.be\/#website\",\"url\":\"https:\/\/koningdrone.be\/\",\"name\":\"Koningdrone.be - Uw online specialist in drones, gimbals, camera's en power stations.\",\"description\":\"De webshop in drones en gimbals\",\"publisher\":{\"@id\":\"https:\/\/koningdrone.be\/#organization\"},\"potentialAction\":[{\"@type\":\"SearchAction\",\"target\":{\"@type\":\"EntryPoint\",\"urlTemplate\":\"https:\/\/koningdrone.be\/?s={search_term_string}\"},\"query-input\":{\"@type\":\"PropertyValueSpecification\",\"valueRequired\":true,\"valueName\":\"search_term_string\"}}],\"inLanguage\":\"es\"},{\"@type\":\"Organization\",\"@id\":\"https:\/\/koningdrone.be\/#organization\",\"name\":\"Koningdrone.be\",\"url\":\"https:\/\/koningdrone.be\/\",\"logo\":{\"@type\":\"ImageObject\",\"inLanguage\":\"es\",\"@id\":\"https:\/\/koningdrone.be\/#\/schema\/logo\/image\/\",\"url\":\"https:\/\/koningdrone.be\/wp-content\/uploads\/sites\/13\/2025\/04\/koningdrone-copyright-logo.svg\",\"contentUrl\":\"https:\/\/koningdrone.be\/wp-content\/uploads\/sites\/13\/2025\/04\/koningdrone-copyright-logo.svg\",\"width\":227,\"height\":38,\"caption\":\"Koningdrone.be\"},\"image\":{\"@id\":\"https:\/\/koningdrone.be\/#\/schema\/logo\/image\/\"}}]}<\/script>\n<!-- \/ Yoast SEO Premium plugin. -->","yoast_head_json":{"title":"Share Slam S100 32 - koningdrone.be","robots":{"index":"index","follow":"follow","max-snippet":"max-snippet:-1","max-image-preview":"max-image-preview:large","max-video-preview":"max-video-preview:-1"},"canonical":"https:\/\/koningdrone.be\/es\/producto\/share-slam-s100-32\/","og_locale":"es_ES","og_type":"article","og_title":"Share Slam S100 32","og_description":"Handheld LiDAR scanner voor professionele 3D-mapping  Tot 640.000 punten per seconde voor extreem gedetailleerde data  Bereik tot 300 meter (Pro versie) voor grootschalige scans  RTK &amp; PPK ondersteuning voor centimeter-nauwkeurigheid  Tot 3 uur batterijduur met hot-swappable batterijen","og_url":"https:\/\/koningdrone.be\/es\/producto\/share-slam-s100-32\/","og_site_name":"koningdrone.be","article_modified_time":"2026-04-10T10:48:21+00:00","og_image":[{"width":1000,"height":1000,"url":"https:\/\/koningdrone.be\/wp-content\/uploads\/sites\/13\/2026\/04\/Share-Slam-S100-16-32-32pro-1.jpg","type":"image\/jpeg"}],"twitter_card":"summary_large_image","twitter_misc":{"Tiempo de lectura":"3 minutos"},"schema":{"@context":"https:\/\/schema.org","@graph":[{"@type":"WebPage","@id":"https:\/\/koningdrone.be\/product\/share-slam-s100-32\/","url":"https:\/\/koningdrone.be\/product\/share-slam-s100-32\/","name":"Share Slam S100 32 - koningdrone.be","isPartOf":{"@id":"https:\/\/koningdrone.be\/#website"},"primaryImageOfPage":{"@id":"https:\/\/koningdrone.be\/product\/share-slam-s100-32\/#primaryimage"},"image":{"@id":"https:\/\/koningdrone.be\/product\/share-slam-s100-32\/#primaryimage"},"thumbnailUrl":"https:\/\/koningdrone.be\/wp-content\/uploads\/sites\/13\/2026\/04\/Share-Slam-S100-16-32-32pro-1.jpg","datePublished":"2026-04-06T10:44:28+00:00","dateModified":"2026-04-10T10:48:21+00:00","breadcrumb":{"@id":"https:\/\/koningdrone.be\/product\/share-slam-s100-32\/#breadcrumb"},"inLanguage":"es","potentialAction":[{"@type":"ReadAction","target":["https:\/\/koningdrone.be\/product\/share-slam-s100-32\/"]}]},{"@type":"ImageObject","inLanguage":"es","@id":"https:\/\/koningdrone.be\/product\/share-slam-s100-32\/#primaryimage","url":"https:\/\/koningdrone.be\/wp-content\/uploads\/sites\/13\/2026\/04\/Share-Slam-S100-16-32-32pro-1.jpg","contentUrl":"https:\/\/koningdrone.be\/wp-content\/uploads\/sites\/13\/2026\/04\/Share-Slam-S100-16-32-32pro-1.jpg","width":1000,"height":1000},{"@type":"BreadcrumbList","@id":"https:\/\/koningdrone.be\/product\/share-slam-s100-32\/#breadcrumb","itemListElement":[{"@type":"ListItem","position":1,"name":"Home","item":"https:\/\/koningdrone.be\/"},{"@type":"ListItem","position":2,"name":"AVSS Parachute Recovery System for DJI Matrice 300\/350","item":"https:\/\/koningdrone.be\/product\/avss-parachute-recovery-system-for-dji-matrice-300-350\/"},{"@type":"ListItem","position":3,"name":"Share Slam S100","item":"https:\/\/koningdrone.be\/categorie\/share-slam-s100\/"},{"@type":"ListItem","position":4,"name":"Share Slam S100 32"}]},{"@type":"WebSite","@id":"https:\/\/koningdrone.be\/#website","url":"https:\/\/koningdrone.be\/","name":"Koningdrone.be - Su especialista en l\u00ednea en drones, cardanes, c\u00e1maras y centrales el\u00e9ctricas.","description":"La tienda virtual de drones y cardanes","publisher":{"@id":"https:\/\/koningdrone.be\/#organization"},"potentialAction":[{"@type":"SearchAction","target":{"@type":"EntryPoint","urlTemplate":"https:\/\/koningdrone.be\/?s={search_term_string}"},"query-input":{"@type":"PropertyValueSpecification","valueRequired":true,"valueName":"search_term_string"}}],"inLanguage":"es"},{"@type":"Organization","@id":"https:\/\/koningdrone.be\/#organization","name":"Kingdrone.es","url":"https:\/\/koningdrone.be\/","logo":{"@type":"ImageObject","inLanguage":"es","@id":"https:\/\/koningdrone.be\/#\/schema\/logo\/image\/","url":"https:\/\/koningdrone.be\/wp-content\/uploads\/sites\/13\/2025\/04\/koningdrone-copyright-logo.svg","contentUrl":"https:\/\/koningdrone.be\/wp-content\/uploads\/sites\/13\/2025\/04\/koningdrone-copyright-logo.svg","width":227,"height":38,"caption":"Koningdrone.be"},"image":{"@id":"https:\/\/koningdrone.be\/#\/schema\/logo\/image\/"}}]}},"df_price":13075,"df_sale_price":"","df_regular_price":13075,"df_image_link":"https:\/\/koningdrone.be\/wp-content\/uploads\/sites\/13\/2026\/04\/Share-Slam-S100-16-32-32pro-1-300x300.jpg","_links":{"self":[{"href":"https:\/\/koningdrone.be\/es\/wp-json\/wp\/v2\/product\/18355","targetHints":{"allow":["GET"]}}],"collection":[{"href":"https:\/\/koningdrone.be\/es\/wp-json\/wp\/v2\/product"}],"about":[{"href":"https:\/\/koningdrone.be\/es\/wp-json\/wp\/v2\/types\/product"}],"wp:featuredmedia":[{"embeddable":true,"href":"https:\/\/koningdrone.be\/es\/wp-json\/wp\/v2\/media\/18410"}],"wp:attachment":[{"href":"https:\/\/koningdrone.be\/es\/wp-json\/wp\/v2\/media?parent=18355"}],"wp:term":[{"taxonomy":"product_brand","embeddable":true,"href":"https:\/\/koningdrone.be\/es\/wp-json\/wp\/v2\/product_brand?post=18355"},{"taxonomy":"product_cat","embeddable":true,"href":"https:\/\/koningdrone.be\/es\/wp-json\/wp\/v2\/product_cat?post=18355"},{"taxonomy":"product_tag","embeddable":true,"href":"https:\/\/koningdrone.be\/es\/wp-json\/wp\/v2\/product_tag?post=18355"}],"curies":[{"name":"wp","href":"https:\/\/api.w.org\/{rel}","templated":true}]}}