{"id":18353,"date":"2026-04-04T13:40:33","date_gmt":"2026-04-04T11:40:33","guid":{"rendered":"https:\/\/koningdrone.be\/?post_type=product&#038;p=18353"},"modified":"2026-04-29T03:41:00","modified_gmt":"2026-04-29T01:41:00","slug":"dji-care-ent-h30t","status":"publish","type":"product","link":"https:\/\/koningdrone.be\/es\/producto\/dji-care-ent-h30t\/","title":{"rendered":"DJI Care Ent. H30T"},"content":{"rendered":"<h3>DJI Care Ent. H30T<\/h3>\n<p>DJI Care Enterprise H30T es un plan de servicio profesional dise\u00f1ado espec\u00edficamente para la carga \u00fatil DJI Zenmuse H30T. Este producto digital proporciona dos a\u00f1os de protecci\u00f3n esencial y soporte de servicio desde el momento en que se activa el dispositivo. El plan se vincula autom\u00e1ticamente a la carga \u00fatil en el momento de la activaci\u00f3n, eliminando la necesidad de pasos manuales.<\/p>\n<p>Es ideal para los profesionales que trabajan con cargas \u00fatiles t\u00e9rmicas y multisensor en sectores como la seguridad p\u00fablica, la inspecci\u00f3n y las aplicaciones industriales, donde la fiabilidad y el despliegue continuo son cruciales.<\/p>\n<p><a href=\"https:\/\/koningdrone.nl\/wp-content\/uploads\/2026\/04\/DJI-Care-Ent.-Basic-2-Year-Plan-H30T-scaled.jpg\"><img loading=\"lazy\" decoding=\"async\" class=\"size-medium wp-image-471615 aligncenter\" src=\"https:\/\/koningdrone.nl\/wp-content\/uploads\/2026\/04\/DJI-Care-Ent.-Basic-2-Year-Plan-H30T-300x200.jpg\" alt=\"DJI Care Ent. Basic 2-Year Plan H30T\" width=\"300\" height=\"200\" \/><\/a><\/p>\n<h4>Rendimiento y funcionalidad<\/h4>\n<p>DJI Care Enterprise proporciona cobertura para da\u00f1os accidentales durante el uso normal, incluyendo ca\u00eddas, da\u00f1os por agua y errores operativos. Durante el plazo de dos a\u00f1os, es posible realizar m\u00faltiples sustituciones a un coste de servicio fijo por sustituci\u00f3n.<\/p>\n<p>Esto le garantiza una r\u00e1pida recuperaci\u00f3n tras los incidentes, minimizando el tiempo de inactividad y manteniendo su eficiencia operativa. El plan tambi\u00e9n ayuda a que los costes de mantenimiento sean predecibles y proporciona seguridad adicional para el uso a largo plazo de sus equipos.<\/p>\n<p>Los usuarios tambi\u00e9n se benefician de la r\u00e1pida gesti\u00f3n del servicio a trav\u00e9s de DJI Care Express y de la asistencia a trav\u00e9s de los canales de servicio oficiales de DJI.<\/p>\n<h4>Calidad de construcci\u00f3n y dise\u00f1o<\/h4>\n<p>Como producto de servicio digital, DJI Care Enterprise Basic est\u00e1 totalmente integrado en el ecosistema DJI. El registro basado en la nube y la vinculaci\u00f3n autom\u00e1tica proporcionan una experiencia de usuario fluida sin instalaci\u00f3n f\u00edsica ni configuraci\u00f3n adicional.<\/p>\n<p>El plan es flexible y escalable, por lo que resulta adecuado tanto para operadores individuales como para grandes flujos de trabajo profesionales de drones y cargas \u00fatiles.<\/p>\n<p><a href=\"https:\/\/koningdrone.nl\/wp-content\/uploads\/2026\/04\/DJI-Care-Ent.-Plus-Up.-H30T.jpg\"><img loading=\"lazy\" decoding=\"async\" class=\"size-medium wp-image-471688 aligncenter\" src=\"https:\/\/koningdrone.nl\/wp-content\/uploads\/2026\/04\/DJI-Care-Ent.-Plus-Up.-H30T-300x200.jpg\" alt=\"DJI Care Ent. Plus Up. H30T\" width=\"300\" height=\"200\" \/><\/a><\/p>\n<h4>Por qu\u00e9 lo necesita<\/h4>\n<p>DJI Care Enterprise H30T es esencial para los profesionales que desean seguridad a largo plazo cuando utilizan su carga \u00fatil Zenmuse H30T. Protege tu inversi\u00f3n, reduce los riesgos operativos y te permite volver a operar r\u00e1pidamente tras sufrir da\u00f1os o incidentes.<\/p>","protected":false},"excerpt":{"rendered":"<ul>\n<li>Dos a\u00f1os de protecci\u00f3n contra da\u00f1os accidentales para la Zenmuse H30T<\/li>\n<\/ul>","protected":false},"featured_media":18352,"template":"","meta":{"_acf_changed":false},"product_brand":[],"product_cat":[175,1876],"product_tag":[],"class_list":{"0":"post-18353","1":"product","2":"type-product","3":"status-publish","4":"has-post-thumbnail","6":"product_cat-alle-care-refresh","7":"product_cat-dji-zenmuse-h30t","8":"product_shipping_class-uavspacesall","9":"pa_brand-dji","10":"pa_productfamily-dji-care-ent-basic-2-y-plan-h30t","11":"pa_productfamily-dji-care-ent-basic-h30t","12":"pa_productfamily-dji-care-ent-plus-up-h30t","13":"pa_producttype-serviceplan","15":"first","16":"instock","17":"taxable","18":"shipping-taxable","19":"purchasable","20":"product-type-variable"},"acf":[],"yoast_head":"<!-- This site is optimized with the Yoast SEO Premium plugin v27.2 (Yoast SEO v27.2) - https:\/\/yoast.com\/product\/yoast-seo-premium-wordpress\/ -->\n<title>DJI Care Ent. H30T - koningdrone.be<\/title>\n<meta name=\"robots\" content=\"index, follow, max-snippet:-1, max-image-preview:large, max-video-preview:-1\" \/>\n<link rel=\"canonical\" href=\"https:\/\/koningdrone.be\/es\/producto\/dji-care-ent-h30t\/\" \/>\n<meta property=\"og:locale\" content=\"es_ES\" \/>\n<meta property=\"og:type\" content=\"article\" \/>\n<meta property=\"og:title\" content=\"DJI Care Ent. H30T\" \/>\n<meta property=\"og:description\" content=\"Twee jaar bescherming tegen accidentele schade voor de Zenmuse H30T\" \/>\n<meta property=\"og:url\" content=\"https:\/\/koningdrone.be\/es\/producto\/dji-care-ent-h30t\/\" \/>\n<meta property=\"og:site_name\" content=\"koningdrone.be\" \/>\n<meta property=\"article:modified_time\" content=\"2026-04-29T01:41:00+00:00\" \/>\n<meta property=\"og:image\" content=\"https:\/\/koningdrone.be\/wp-content\/uploads\/sites\/13\/2026\/04\/DJI-Care-Ent.-Basic-2-Year-Plan-H30T-scaled-1.jpg\" \/>\n\t<meta property=\"og:image:width\" content=\"2560\" \/>\n\t<meta property=\"og:image:height\" content=\"1707\" \/>\n\t<meta property=\"og:image:type\" content=\"image\/jpeg\" \/>\n<meta name=\"twitter:card\" content=\"summary_large_image\" \/>\n<meta name=\"twitter:label1\" content=\"Tiempo de lectura\" \/>\n\t<meta name=\"twitter:data1\" content=\"1 minuto\" \/>\n<script type=\"application\/ld+json\" class=\"yoast-schema-graph\">{\"@context\":\"https:\/\/schema.org\",\"@graph\":[{\"@type\":\"WebPage\",\"@id\":\"https:\/\/koningdrone.be\/product\/dji-care-ent-h30t\/\",\"url\":\"https:\/\/koningdrone.be\/product\/dji-care-ent-h30t\/\",\"name\":\"DJI Care Ent. H30T - koningdrone.be\",\"isPartOf\":{\"@id\":\"https:\/\/koningdrone.be\/#website\"},\"primaryImageOfPage\":{\"@id\":\"https:\/\/koningdrone.be\/product\/dji-care-ent-h30t\/#primaryimage\"},\"image\":{\"@id\":\"https:\/\/koningdrone.be\/product\/dji-care-ent-h30t\/#primaryimage\"},\"thumbnailUrl\":\"https:\/\/koningdrone.be\/wp-content\/uploads\/sites\/13\/2026\/04\/DJI-Care-Ent.-Basic-2-Year-Plan-H30T-scaled-1.jpg\",\"datePublished\":\"2026-04-04T11:40:33+00:00\",\"dateModified\":\"2026-04-29T01:41:00+00:00\",\"breadcrumb\":{\"@id\":\"https:\/\/koningdrone.be\/product\/dji-care-ent-h30t\/#breadcrumb\"},\"inLanguage\":\"es\",\"potentialAction\":[{\"@type\":\"ReadAction\",\"target\":[\"https:\/\/koningdrone.be\/product\/dji-care-ent-h30t\/\"]}]},{\"@type\":\"ImageObject\",\"inLanguage\":\"es\",\"@id\":\"https:\/\/koningdrone.be\/product\/dji-care-ent-h30t\/#primaryimage\",\"url\":\"https:\/\/koningdrone.be\/wp-content\/uploads\/sites\/13\/2026\/04\/DJI-Care-Ent.-Basic-2-Year-Plan-H30T-scaled-1.jpg\",\"contentUrl\":\"https:\/\/koningdrone.be\/wp-content\/uploads\/sites\/13\/2026\/04\/DJI-Care-Ent.-Basic-2-Year-Plan-H30T-scaled-1.jpg\",\"width\":2560,\"height\":1707},{\"@type\":\"BreadcrumbList\",\"@id\":\"https:\/\/koningdrone.be\/product\/dji-care-ent-h30t\/#breadcrumb\",\"itemListElement\":[{\"@type\":\"ListItem\",\"position\":1,\"name\":\"Home\",\"item\":\"https:\/\/koningdrone.be\/\"},{\"@type\":\"ListItem\",\"position\":2,\"name\":\"AVSS Parachute Recovery System for DJI Matrice 300\/350\",\"item\":\"https:\/\/koningdrone.be\/product\/avss-parachute-recovery-system-for-dji-matrice-300-350\/\"},{\"@type\":\"ListItem\",\"position\":3,\"name\":\"Alle care refresh\",\"item\":\"https:\/\/koningdrone.be\/categorie\/alle-care-refresh\/\"},{\"@type\":\"ListItem\",\"position\":4,\"name\":\"DJI Care Ent. H30T\"}]},{\"@type\":\"WebSite\",\"@id\":\"https:\/\/koningdrone.be\/#website\",\"url\":\"https:\/\/koningdrone.be\/\",\"name\":\"Koningdrone.be - Uw online specialist in drones, gimbals, camera's en power stations.\",\"description\":\"De webshop in drones en gimbals\",\"publisher\":{\"@id\":\"https:\/\/koningdrone.be\/#organization\"},\"potentialAction\":[{\"@type\":\"SearchAction\",\"target\":{\"@type\":\"EntryPoint\",\"urlTemplate\":\"https:\/\/koningdrone.be\/?s={search_term_string}\"},\"query-input\":{\"@type\":\"PropertyValueSpecification\",\"valueRequired\":true,\"valueName\":\"search_term_string\"}}],\"inLanguage\":\"es\"},{\"@type\":\"Organization\",\"@id\":\"https:\/\/koningdrone.be\/#organization\",\"name\":\"Koningdrone.be\",\"url\":\"https:\/\/koningdrone.be\/\",\"logo\":{\"@type\":\"ImageObject\",\"inLanguage\":\"es\",\"@id\":\"https:\/\/koningdrone.be\/#\/schema\/logo\/image\/\",\"url\":\"https:\/\/koningdrone.be\/wp-content\/uploads\/sites\/13\/2025\/04\/koningdrone-copyright-logo.svg\",\"contentUrl\":\"https:\/\/koningdrone.be\/wp-content\/uploads\/sites\/13\/2025\/04\/koningdrone-copyright-logo.svg\",\"width\":227,\"height\":38,\"caption\":\"Koningdrone.be\"},\"image\":{\"@id\":\"https:\/\/koningdrone.be\/#\/schema\/logo\/image\/\"}}]}<\/script>\n<!-- \/ Yoast SEO Premium plugin. -->","yoast_head_json":{"title":"DJI Care Ent. H30T - koningdrone.be","robots":{"index":"index","follow":"follow","max-snippet":"max-snippet:-1","max-image-preview":"max-image-preview:large","max-video-preview":"max-video-preview:-1"},"canonical":"https:\/\/koningdrone.be\/es\/producto\/dji-care-ent-h30t\/","og_locale":"es_ES","og_type":"article","og_title":"DJI Care Ent. H30T","og_description":"Twee jaar bescherming tegen accidentele schade voor de Zenmuse H30T","og_url":"https:\/\/koningdrone.be\/es\/producto\/dji-care-ent-h30t\/","og_site_name":"koningdrone.be","article_modified_time":"2026-04-29T01:41:00+00:00","og_image":[{"width":2560,"height":1707,"url":"https:\/\/koningdrone.be\/wp-content\/uploads\/sites\/13\/2026\/04\/DJI-Care-Ent.-Basic-2-Year-Plan-H30T-scaled-1.jpg","type":"image\/jpeg"}],"twitter_card":"summary_large_image","twitter_misc":{"Tiempo de lectura":"1 minuto"},"schema":{"@context":"https:\/\/schema.org","@graph":[{"@type":"WebPage","@id":"https:\/\/koningdrone.be\/product\/dji-care-ent-h30t\/","url":"https:\/\/koningdrone.be\/product\/dji-care-ent-h30t\/","name":"DJI Care Ent. H30T - koningdrone.be","isPartOf":{"@id":"https:\/\/koningdrone.be\/#website"},"primaryImageOfPage":{"@id":"https:\/\/koningdrone.be\/product\/dji-care-ent-h30t\/#primaryimage"},"image":{"@id":"https:\/\/koningdrone.be\/product\/dji-care-ent-h30t\/#primaryimage"},"thumbnailUrl":"https:\/\/koningdrone.be\/wp-content\/uploads\/sites\/13\/2026\/04\/DJI-Care-Ent.-Basic-2-Year-Plan-H30T-scaled-1.jpg","datePublished":"2026-04-04T11:40:33+00:00","dateModified":"2026-04-29T01:41:00+00:00","breadcrumb":{"@id":"https:\/\/koningdrone.be\/product\/dji-care-ent-h30t\/#breadcrumb"},"inLanguage":"es","potentialAction":[{"@type":"ReadAction","target":["https:\/\/koningdrone.be\/product\/dji-care-ent-h30t\/"]}]},{"@type":"ImageObject","inLanguage":"es","@id":"https:\/\/koningdrone.be\/product\/dji-care-ent-h30t\/#primaryimage","url":"https:\/\/koningdrone.be\/wp-content\/uploads\/sites\/13\/2026\/04\/DJI-Care-Ent.-Basic-2-Year-Plan-H30T-scaled-1.jpg","contentUrl":"https:\/\/koningdrone.be\/wp-content\/uploads\/sites\/13\/2026\/04\/DJI-Care-Ent.-Basic-2-Year-Plan-H30T-scaled-1.jpg","width":2560,"height":1707},{"@type":"BreadcrumbList","@id":"https:\/\/koningdrone.be\/product\/dji-care-ent-h30t\/#breadcrumb","itemListElement":[{"@type":"ListItem","position":1,"name":"Home","item":"https:\/\/koningdrone.be\/"},{"@type":"ListItem","position":2,"name":"AVSS Parachute Recovery System for DJI Matrice 300\/350","item":"https:\/\/koningdrone.be\/product\/avss-parachute-recovery-system-for-dji-matrice-300-350\/"},{"@type":"ListItem","position":3,"name":"Alle care refresh","item":"https:\/\/koningdrone.be\/categorie\/alle-care-refresh\/"},{"@type":"ListItem","position":4,"name":"DJI Care Ent. H30T"}]},{"@type":"WebSite","@id":"https:\/\/koningdrone.be\/#website","url":"https:\/\/koningdrone.be\/","name":"Koningdrone.be - Su especialista en l\u00ednea en drones, cardanes, c\u00e1maras y centrales el\u00e9ctricas.","description":"La tienda virtual de drones y cardanes","publisher":{"@id":"https:\/\/koningdrone.be\/#organization"},"potentialAction":[{"@type":"SearchAction","target":{"@type":"EntryPoint","urlTemplate":"https:\/\/koningdrone.be\/?s={search_term_string}"},"query-input":{"@type":"PropertyValueSpecification","valueRequired":true,"valueName":"search_term_string"}}],"inLanguage":"es"},{"@type":"Organization","@id":"https:\/\/koningdrone.be\/#organization","name":"Kingdrone.es","url":"https:\/\/koningdrone.be\/","logo":{"@type":"ImageObject","inLanguage":"es","@id":"https:\/\/koningdrone.be\/#\/schema\/logo\/image\/","url":"https:\/\/koningdrone.be\/wp-content\/uploads\/sites\/13\/2025\/04\/koningdrone-copyright-logo.svg","contentUrl":"https:\/\/koningdrone.be\/wp-content\/uploads\/sites\/13\/2025\/04\/koningdrone-copyright-logo.svg","width":227,"height":38,"caption":"Koningdrone.be"},"image":{"@id":"https:\/\/koningdrone.be\/#\/schema\/logo\/image\/"}}]}},"df_price":1098,"df_sale_price":"","df_regular_price":1098,"df_image_link":"https:\/\/koningdrone.be\/wp-content\/uploads\/sites\/13\/2026\/04\/DJI-Care-Ent.-Basic-2-Year-Plan-H30T-scaled-1-300x200.jpg","_links":{"self":[{"href":"https:\/\/koningdrone.be\/es\/wp-json\/wp\/v2\/product\/18353","targetHints":{"allow":["GET"]}}],"collection":[{"href":"https:\/\/koningdrone.be\/es\/wp-json\/wp\/v2\/product"}],"about":[{"href":"https:\/\/koningdrone.be\/es\/wp-json\/wp\/v2\/types\/product"}],"wp:featuredmedia":[{"embeddable":true,"href":"https:\/\/koningdrone.be\/es\/wp-json\/wp\/v2\/media\/18352"}],"wp:attachment":[{"href":"https:\/\/koningdrone.be\/es\/wp-json\/wp\/v2\/media?parent=18353"}],"wp:term":[{"taxonomy":"product_brand","embeddable":true,"href":"https:\/\/koningdrone.be\/es\/wp-json\/wp\/v2\/product_brand?post=18353"},{"taxonomy":"product_cat","embeddable":true,"href":"https:\/\/koningdrone.be\/es\/wp-json\/wp\/v2\/product_cat?post=18353"},{"taxonomy":"product_tag","embeddable":true,"href":"https:\/\/koningdrone.be\/es\/wp-json\/wp\/v2\/product_tag?post=18353"}],"curies":[{"name":"wp","href":"https:\/\/api.w.org\/{rel}","templated":true}]}}