{"id":18329,"date":"2026-04-03T09:52:16","date_gmt":"2026-04-03T07:52:16","guid":{"rendered":"https:\/\/koningdrone.be\/?post_type=product&#038;p=18329"},"modified":"2026-04-29T15:00:15","modified_gmt":"2026-04-29T13:00:15","slug":"dji-care-plus-auto-act-matrice-4e","status":"publish","type":"product","link":"https:\/\/koningdrone.be\/es\/producto\/dji-care-plus-auto-act-matrice-4e\/","title":{"rendered":"DJI Care m\u00e1s Auto-Act. Matrice 4E"},"content":{"rendered":"<h3>DJI Care m\u00e1s Auto-Act. Matrice 4E<\/h3>\n<p>DJI Care Plus Auto-Activation Matrice 4E es un plan de servicio profesional desarrollado espec\u00edficamente para el DJI Matrice 4E. Este producto digital proporciona protecci\u00f3n integral y soporte de servicio desde el momento en que se activa el dron. Gracias a la auto-activaci\u00f3n, el plan de servicio se vincula autom\u00e1ticamente al dispositivo, sin necesidad de activaci\u00f3n manual.<\/p>\n<p>Es una soluci\u00f3n ideal para los profesionales de la cartograf\u00eda, la topograf\u00eda y las inspecciones industriales, donde la fiabilidad y un tiempo de inactividad m\u00ednimo son esenciales para el \u00e9xito de las operaciones.<\/p>\n<h4>Rendimiento y funcionalidad<\/h4>\n<p>DJI Care Plus proporciona una cobertura completa contra da\u00f1os accidentales, incluyendo ca\u00eddas, da\u00f1os por agua, p\u00e9rdida de se\u00f1al y errores de usuario. Esto mantiene tu dron protegido durante un uso intensivo y profesional.<\/p>\n<p>Dentro de los l\u00edmites de cobertura, se beneficiar\u00e1 de servicios r\u00e1pidos de reparaci\u00f3n o sustituci\u00f3n a trav\u00e9s de DJI, minimizando el tiempo de inactividad y consiguiendo que vuelva a funcionar r\u00e1pidamente.<\/p>\n<p>Adem\u00e1s, el plan de servicio es compatible con una gesti\u00f3n eficaz del servicio y puede implantarse en la gesti\u00f3n de flotas, lo que simplifica la gesti\u00f3n de varios drones y aumenta la eficacia operativa.<\/p>\n<p>La funci\u00f3n de activaci\u00f3n autom\u00e1tica garantiza que el plan se vincula autom\u00e1ticamente al dispositivo en el momento de la activaci\u00f3n, lo que simplifica el proceso y evita errores.<\/p>\n<p><a href=\"https:\/\/koningdrone.nl\/wp-content\/uploads\/2026\/04\/DJI-Care-plus-Auto-Act.-Matrice-4E-scaled.jpg\"><img loading=\"lazy\" decoding=\"async\" class=\"size-medium wp-image-471576 aligncenter\" src=\"https:\/\/koningdrone.nl\/wp-content\/uploads\/2026\/04\/DJI-Care-plus-Auto-Act.-Matrice-4E-300x200.jpg\" alt=\"DJI Care plus Auto-Act. Matrice 4E\" width=\"300\" height=\"200\" \/><\/a><\/p>\n<h4>Calidad de construcci\u00f3n y dise\u00f1o<\/h4>\n<p>Como producto de servicio digital, DJI Care Plus est\u00e1 totalmente integrado en el ecosistema DJI. El registro basado en la nube y la vinculaci\u00f3n autom\u00e1tica proporcionan una experiencia de usuario fluida y fiable sin necesidad de instalaci\u00f3n f\u00edsica.<\/p>\n<p>El plan es flexible y escalable, por lo que resulta adecuado tanto para operadores individuales como para grandes flotas de drones profesionales.<\/p>\n<h4>Por qu\u00e9 lo necesita<\/h4>\n<p>DJI Care Plus Auto-Activation Matrice 4E es esencial para los profesionales que necesitan la m\u00e1xima seguridad y continuidad. Protege su inversi\u00f3n, reduce los riesgos operativos y garantiza la r\u00e1pida reanudaci\u00f3n de las operaciones tras da\u00f1os o incidentes.<\/p>","protected":false},"excerpt":{"rendered":"<ul>\n<li>Protecci\u00f3n completa contra da\u00f1os accidentales para el Matrice 4E<\/li>\n<li>Activaci\u00f3n autom\u00e1tica vinculada al dron sin intervenci\u00f3n manual<\/li>\n<li>Servicio r\u00e1pido de reparaci\u00f3n o sustituci\u00f3n a trav\u00e9s de DJI Care Express<\/li>\n<li>Reduce el tiempo de inactividad durante misiones profesionales cr\u00edticas<\/li>\n<li>Adecuado para inspecci\u00f3n, cartograf\u00eda y aplicaciones industriales<\/li>\n<\/ul>","protected":false},"featured_media":18328,"template":"","meta":{"_acf_changed":false},"product_brand":[],"product_cat":[175,1734],"product_tag":[],"class_list":{"0":"post-18329","1":"product","2":"type-product","3":"status-publish","4":"has-post-thumbnail","6":"product_cat-alle-care-refresh","7":"product_cat-dji-matrice-4e","8":"product_shipping_class-outofstock","9":"pa_brand-dji","10":"pa_producttype-serviceplan","12":"first","13":"outofstock","14":"taxable","15":"shipping-taxable","16":"purchasable","17":"product-type-simple"},"acf":[],"yoast_head":"<!-- This site is optimized with the Yoast SEO Premium plugin v27.2 (Yoast SEO v27.2) - https:\/\/yoast.com\/product\/yoast-seo-premium-wordpress\/ -->\n<title>DJI Care plus Auto-Act. Matrice 4E - koningdrone.be<\/title>\n<meta name=\"robots\" content=\"index, follow, max-snippet:-1, max-image-preview:large, max-video-preview:-1\" \/>\n<link rel=\"canonical\" href=\"https:\/\/koningdrone.be\/es\/producto\/dji-care-plus-auto-act-matrice-4e\/\" \/>\n<meta property=\"og:locale\" content=\"es_ES\" \/>\n<meta property=\"og:type\" content=\"article\" \/>\n<meta property=\"og:title\" content=\"DJI Care plus Auto-Act. Matrice 4E\" \/>\n<meta property=\"og:description\" content=\"Uitgebreide bescherming tegen accidentele schade voor de Matrice 4E  Automatische activatie gekoppeld aan de drone zonder handmatige invoer  Snelle reparatie\u2011 of vervangingsservice via DJI Care Express  Vermindert downtime tijdens kritieke professionele missies  Geschikt voor inspectie, mapping en industri\u00eble toepassingen\" \/>\n<meta property=\"og:url\" content=\"https:\/\/koningdrone.be\/es\/producto\/dji-care-plus-auto-act-matrice-4e\/\" \/>\n<meta property=\"og:site_name\" content=\"koningdrone.be\" \/>\n<meta property=\"article:modified_time\" content=\"2026-04-29T13:00:15+00:00\" \/>\n<meta property=\"og:image\" content=\"https:\/\/koningdrone.be\/wp-content\/uploads\/sites\/13\/2026\/04\/DJI-Care-plus-Auto-Act.-Matrice-4E-scaled-1.jpg\" \/>\n\t<meta property=\"og:image:width\" content=\"2560\" \/>\n\t<meta property=\"og:image:height\" content=\"1707\" \/>\n\t<meta property=\"og:image:type\" content=\"image\/jpeg\" \/>\n<meta name=\"twitter:card\" content=\"summary_large_image\" \/>\n<meta name=\"twitter:label1\" content=\"Tiempo de lectura\" \/>\n\t<meta name=\"twitter:data1\" content=\"1 minuto\" \/>\n<script type=\"application\/ld+json\" class=\"yoast-schema-graph\">{\"@context\":\"https:\/\/schema.org\",\"@graph\":[{\"@type\":\"WebPage\",\"@id\":\"https:\/\/koningdrone.be\/product\/dji-care-plus-auto-act-matrice-4e\/\",\"url\":\"https:\/\/koningdrone.be\/product\/dji-care-plus-auto-act-matrice-4e\/\",\"name\":\"DJI Care plus Auto-Act. Matrice 4E - koningdrone.be\",\"isPartOf\":{\"@id\":\"https:\/\/koningdrone.be\/#website\"},\"primaryImageOfPage\":{\"@id\":\"https:\/\/koningdrone.be\/product\/dji-care-plus-auto-act-matrice-4e\/#primaryimage\"},\"image\":{\"@id\":\"https:\/\/koningdrone.be\/product\/dji-care-plus-auto-act-matrice-4e\/#primaryimage\"},\"thumbnailUrl\":\"https:\/\/koningdrone.be\/wp-content\/uploads\/sites\/13\/2026\/04\/DJI-Care-plus-Auto-Act.-Matrice-4E-scaled-1.jpg\",\"datePublished\":\"2026-04-03T07:52:16+00:00\",\"dateModified\":\"2026-04-29T13:00:15+00:00\",\"breadcrumb\":{\"@id\":\"https:\/\/koningdrone.be\/product\/dji-care-plus-auto-act-matrice-4e\/#breadcrumb\"},\"inLanguage\":\"es\",\"potentialAction\":[{\"@type\":\"ReadAction\",\"target\":[\"https:\/\/koningdrone.be\/product\/dji-care-plus-auto-act-matrice-4e\/\"]}]},{\"@type\":\"ImageObject\",\"inLanguage\":\"es\",\"@id\":\"https:\/\/koningdrone.be\/product\/dji-care-plus-auto-act-matrice-4e\/#primaryimage\",\"url\":\"https:\/\/koningdrone.be\/wp-content\/uploads\/sites\/13\/2026\/04\/DJI-Care-plus-Auto-Act.-Matrice-4E-scaled-1.jpg\",\"contentUrl\":\"https:\/\/koningdrone.be\/wp-content\/uploads\/sites\/13\/2026\/04\/DJI-Care-plus-Auto-Act.-Matrice-4E-scaled-1.jpg\",\"width\":2560,\"height\":1707},{\"@type\":\"BreadcrumbList\",\"@id\":\"https:\/\/koningdrone.be\/product\/dji-care-plus-auto-act-matrice-4e\/#breadcrumb\",\"itemListElement\":[{\"@type\":\"ListItem\",\"position\":1,\"name\":\"Home\",\"item\":\"https:\/\/koningdrone.be\/\"},{\"@type\":\"ListItem\",\"position\":2,\"name\":\"AVSS Parachute Recovery System for DJI Matrice 300\/350\",\"item\":\"https:\/\/koningdrone.be\/product\/avss-parachute-recovery-system-for-dji-matrice-300-350\/\"},{\"@type\":\"ListItem\",\"position\":3,\"name\":\"Alle care refresh\",\"item\":\"https:\/\/koningdrone.be\/categorie\/alle-care-refresh\/\"},{\"@type\":\"ListItem\",\"position\":4,\"name\":\"DJI Care plus Auto-Act. Matrice 4E\"}]},{\"@type\":\"WebSite\",\"@id\":\"https:\/\/koningdrone.be\/#website\",\"url\":\"https:\/\/koningdrone.be\/\",\"name\":\"Koningdrone.be - Uw online specialist in drones, gimbals, camera's en power stations.\",\"description\":\"De webshop in drones en gimbals\",\"publisher\":{\"@id\":\"https:\/\/koningdrone.be\/#organization\"},\"potentialAction\":[{\"@type\":\"SearchAction\",\"target\":{\"@type\":\"EntryPoint\",\"urlTemplate\":\"https:\/\/koningdrone.be\/?s={search_term_string}\"},\"query-input\":{\"@type\":\"PropertyValueSpecification\",\"valueRequired\":true,\"valueName\":\"search_term_string\"}}],\"inLanguage\":\"es\"},{\"@type\":\"Organization\",\"@id\":\"https:\/\/koningdrone.be\/#organization\",\"name\":\"Koningdrone.be\",\"url\":\"https:\/\/koningdrone.be\/\",\"logo\":{\"@type\":\"ImageObject\",\"inLanguage\":\"es\",\"@id\":\"https:\/\/koningdrone.be\/#\/schema\/logo\/image\/\",\"url\":\"https:\/\/koningdrone.be\/wp-content\/uploads\/sites\/13\/2025\/04\/koningdrone-copyright-logo.svg\",\"contentUrl\":\"https:\/\/koningdrone.be\/wp-content\/uploads\/sites\/13\/2025\/04\/koningdrone-copyright-logo.svg\",\"width\":227,\"height\":38,\"caption\":\"Koningdrone.be\"},\"image\":{\"@id\":\"https:\/\/koningdrone.be\/#\/schema\/logo\/image\/\"}}]}<\/script>\n<!-- \/ Yoast SEO Premium plugin. -->","yoast_head_json":{"title":"DJI Care plus Auto-Act. Matrice 4E - koningdrone.be","robots":{"index":"index","follow":"follow","max-snippet":"max-snippet:-1","max-image-preview":"max-image-preview:large","max-video-preview":"max-video-preview:-1"},"canonical":"https:\/\/koningdrone.be\/es\/producto\/dji-care-plus-auto-act-matrice-4e\/","og_locale":"es_ES","og_type":"article","og_title":"DJI Care plus Auto-Act. Matrice 4E","og_description":"Uitgebreide bescherming tegen accidentele schade voor de Matrice 4E  Automatische activatie gekoppeld aan de drone zonder handmatige invoer  Snelle reparatie\u2011 of vervangingsservice via DJI Care Express  Vermindert downtime tijdens kritieke professionele missies  Geschikt voor inspectie, mapping en industri\u00eble toepassingen","og_url":"https:\/\/koningdrone.be\/es\/producto\/dji-care-plus-auto-act-matrice-4e\/","og_site_name":"koningdrone.be","article_modified_time":"2026-04-29T13:00:15+00:00","og_image":[{"width":2560,"height":1707,"url":"https:\/\/koningdrone.be\/wp-content\/uploads\/sites\/13\/2026\/04\/DJI-Care-plus-Auto-Act.-Matrice-4E-scaled-1.jpg","type":"image\/jpeg"}],"twitter_card":"summary_large_image","twitter_misc":{"Tiempo de lectura":"1 minuto"},"schema":{"@context":"https:\/\/schema.org","@graph":[{"@type":"WebPage","@id":"https:\/\/koningdrone.be\/product\/dji-care-plus-auto-act-matrice-4e\/","url":"https:\/\/koningdrone.be\/product\/dji-care-plus-auto-act-matrice-4e\/","name":"DJI Care plus Auto-Act. Matrice 4E - koningdrone.be","isPartOf":{"@id":"https:\/\/koningdrone.be\/#website"},"primaryImageOfPage":{"@id":"https:\/\/koningdrone.be\/product\/dji-care-plus-auto-act-matrice-4e\/#primaryimage"},"image":{"@id":"https:\/\/koningdrone.be\/product\/dji-care-plus-auto-act-matrice-4e\/#primaryimage"},"thumbnailUrl":"https:\/\/koningdrone.be\/wp-content\/uploads\/sites\/13\/2026\/04\/DJI-Care-plus-Auto-Act.-Matrice-4E-scaled-1.jpg","datePublished":"2026-04-03T07:52:16+00:00","dateModified":"2026-04-29T13:00:15+00:00","breadcrumb":{"@id":"https:\/\/koningdrone.be\/product\/dji-care-plus-auto-act-matrice-4e\/#breadcrumb"},"inLanguage":"es","potentialAction":[{"@type":"ReadAction","target":["https:\/\/koningdrone.be\/product\/dji-care-plus-auto-act-matrice-4e\/"]}]},{"@type":"ImageObject","inLanguage":"es","@id":"https:\/\/koningdrone.be\/product\/dji-care-plus-auto-act-matrice-4e\/#primaryimage","url":"https:\/\/koningdrone.be\/wp-content\/uploads\/sites\/13\/2026\/04\/DJI-Care-plus-Auto-Act.-Matrice-4E-scaled-1.jpg","contentUrl":"https:\/\/koningdrone.be\/wp-content\/uploads\/sites\/13\/2026\/04\/DJI-Care-plus-Auto-Act.-Matrice-4E-scaled-1.jpg","width":2560,"height":1707},{"@type":"BreadcrumbList","@id":"https:\/\/koningdrone.be\/product\/dji-care-plus-auto-act-matrice-4e\/#breadcrumb","itemListElement":[{"@type":"ListItem","position":1,"name":"Home","item":"https:\/\/koningdrone.be\/"},{"@type":"ListItem","position":2,"name":"AVSS Parachute Recovery System for DJI Matrice 300\/350","item":"https:\/\/koningdrone.be\/product\/avss-parachute-recovery-system-for-dji-matrice-300-350\/"},{"@type":"ListItem","position":3,"name":"Alle care refresh","item":"https:\/\/koningdrone.be\/categorie\/alle-care-refresh\/"},{"@type":"ListItem","position":4,"name":"DJI Care plus Auto-Act. Matrice 4E"}]},{"@type":"WebSite","@id":"https:\/\/koningdrone.be\/#website","url":"https:\/\/koningdrone.be\/","name":"Koningdrone.be - Su especialista en l\u00ednea en drones, cardanes, c\u00e1maras y centrales el\u00e9ctricas.","description":"La tienda virtual de drones y cardanes","publisher":{"@id":"https:\/\/koningdrone.be\/#organization"},"potentialAction":[{"@type":"SearchAction","target":{"@type":"EntryPoint","urlTemplate":"https:\/\/koningdrone.be\/?s={search_term_string}"},"query-input":{"@type":"PropertyValueSpecification","valueRequired":true,"valueName":"search_term_string"}}],"inLanguage":"es"},{"@type":"Organization","@id":"https:\/\/koningdrone.be\/#organization","name":"Kingdrone.es","url":"https:\/\/koningdrone.be\/","logo":{"@type":"ImageObject","inLanguage":"es","@id":"https:\/\/koningdrone.be\/#\/schema\/logo\/image\/","url":"https:\/\/koningdrone.be\/wp-content\/uploads\/sites\/13\/2025\/04\/koningdrone-copyright-logo.svg","contentUrl":"https:\/\/koningdrone.be\/wp-content\/uploads\/sites\/13\/2025\/04\/koningdrone-copyright-logo.svg","width":227,"height":38,"caption":"Koningdrone.be"},"image":{"@id":"https:\/\/koningdrone.be\/#\/schema\/logo\/image\/"}}]}},"df_price":599,"df_sale_price":"","df_regular_price":599,"df_image_link":"https:\/\/koningdrone.be\/wp-content\/uploads\/sites\/13\/2026\/04\/DJI-Care-plus-Auto-Act.-Matrice-4E-scaled-1-300x200.jpg","_links":{"self":[{"href":"https:\/\/koningdrone.be\/es\/wp-json\/wp\/v2\/product\/18329","targetHints":{"allow":["GET"]}}],"collection":[{"href":"https:\/\/koningdrone.be\/es\/wp-json\/wp\/v2\/product"}],"about":[{"href":"https:\/\/koningdrone.be\/es\/wp-json\/wp\/v2\/types\/product"}],"wp:featuredmedia":[{"embeddable":true,"href":"https:\/\/koningdrone.be\/es\/wp-json\/wp\/v2\/media\/18328"}],"wp:attachment":[{"href":"https:\/\/koningdrone.be\/es\/wp-json\/wp\/v2\/media?parent=18329"}],"wp:term":[{"taxonomy":"product_brand","embeddable":true,"href":"https:\/\/koningdrone.be\/es\/wp-json\/wp\/v2\/product_brand?post=18329"},{"taxonomy":"product_cat","embeddable":true,"href":"https:\/\/koningdrone.be\/es\/wp-json\/wp\/v2\/product_cat?post=18329"},{"taxonomy":"product_tag","embeddable":true,"href":"https:\/\/koningdrone.be\/es\/wp-json\/wp\/v2\/product_tag?post=18329"}],"curies":[{"name":"wp","href":"https:\/\/api.w.org\/{rel}","templated":true}]}}