{"id":1831,"date":"2024-11-05T10:25:43","date_gmt":"2024-11-05T09:25:43","guid":{"rendered":"https:\/\/koningdrone.nl\/kon\/product\/flytbase-enterprise-dji-dock-2\/"},"modified":"2026-04-30T16:11:05","modified_gmt":"2026-04-30T14:11:05","slug":"flytbase-enterprise-dji-dock-2","status":"publish","type":"product","link":"https:\/\/koningdrone.be\/es\/producto\/flytbase-enterprise-dji-dock-2\/","title":{"rendered":"Flytbase Enterprise DJI Dock 2"},"content":{"rendered":"<p>FlytBase Enterprise es una plataforma de autonom\u00eda para drones de nivel empresarial dise\u00f1ada para automatizar y agilizar los flujos de trabajo de recopilaci\u00f3n de datos desde el aire. Esta plataforma permite a los usuarios automatizar operaciones repetitivas y rutinarias de drones con estaciones de acoplamiento de drones para diversas aplicaciones, como la seguridad de sitios, la inspecci\u00f3n de activos y la respuesta ante cat\u00e1strofes. Ya sea que necesite operar un dron o cientos, gestionar una estaci\u00f3n de acoplamiento o varias, la infraestructura de alojamiento escalable y las capacidades de nivel empresarial de FlytBase pueden satisfacer todas sus necesidades de operaciones remotas con drones.<\/p>","protected":false},"excerpt":{"rendered":"<ul>\n<li>Soporte para un DJI Dock 2 (M3D\/M3DT) durante tres a\u00f1os<\/li>\n<li>Ciento cincuenta mil (150.000) minutos de visionado de v\u00eddeo (VVM) al a\u00f1o por muelle<\/li>\n<li>Quinientos GB de almacenamiento en la nube por muelle<\/li>\n<li>Asistencia para empresas (consulte la secci\u00f3n Asistencia para obtener m\u00e1s informaci\u00f3n)<\/li>\n<li>Seguridad de datos a nivel empresarial (SOC-2 Tipo II, ISO 270001 y GDPR)<\/li>\n<li>Apoyo al cumplimiento de las normas inform\u00e1ticas (acceso a informes de seguridad de datos y pruebas de penetraci\u00f3n)<\/li>\n<li>Gesti\u00f3n de tres centros<\/li>\n<li>Gesti\u00f3n de equipos para un n\u00famero ilimitado de usuarios<\/li>\n<li>Secure-Guest-Share - sesi\u00f3n de invitado sin restricciones<\/li>\n<li>Dos fuentes de enlace de alarma<\/li>\n<li>Acceso a un StreamLink (RTSP Stream) y a todas las funciones Enterprise<\/li>\n<\/ul>","protected":false},"featured_media":1830,"template":"","meta":{"_acf_changed":false},"product_brand":[],"product_cat":[97,284,282],"product_tag":[],"class_list":{"0":"post-1831","1":"product","2":"type-product","3":"status-publish","4":"has-post-thumbnail","6":"product_cat-alle-producten","7":"product_cat-dji-dock-2","8":"product_cat-drone-docks","9":"product_shipping_class-outofstock","10":"pa_brand-dji","11":"pa_productfamily-dock","12":"pa_producttype-software","13":"pa_series-dock-2","15":"first","16":"outofstock","17":"taxable","18":"shipping-taxable","19":"purchasable","20":"product-type-simple"},"acf":[],"yoast_head":"<!-- This site is optimized with the Yoast SEO Premium plugin v27.2 (Yoast SEO v27.2) - https:\/\/yoast.com\/product\/yoast-seo-premium-wordpress\/ -->\n<title>Flytbase Enterprise DJI Dock 2 - koningdrone.be<\/title>\n<meta name=\"robots\" content=\"index, follow, max-snippet:-1, max-image-preview:large, max-video-preview:-1\" \/>\n<link rel=\"canonical\" href=\"https:\/\/koningdrone.be\/es\/producto\/flytbase-enterprise-dji-dock-2\/\" \/>\n<meta property=\"og:locale\" content=\"es_ES\" \/>\n<meta property=\"og:type\" content=\"article\" \/>\n<meta property=\"og:title\" content=\"Flytbase Enterprise DJI Dock 2\" \/>\n<meta property=\"og:description\" content=\"Ondersteuning voor \u00e9\u00e9n DJI Dock 2 (M3D\/M3DT) gedurende drie jaarHonderdvijftigduizend (150.000) Video Viewer Minutes (VVM) per jaar per dockVijfhonderd GB cloudopslag per dockEnterprise-ondersteuning (raadpleeg het gedeelte Ondersteuning voor meer informatie)Gegevensbeveiliging op bedrijfsniveau (SOC-2 Type II, ISO 270001 en GDPR)Ondersteuning voor IT-compliance (toegang tot rapporten over gegevensbeveiliging en penetratietests)Sitebeheer voor drie sitesTeambeheer voor onbeperkte gebruikersSecure-Guest-Share - onbeperkte gastsessieTwee alarmlinkbronnenToegang tot \u00e9\u00e9n StreamLink (RTSP Stream) en alle Enterprise-functies\" \/>\n<meta property=\"og:url\" content=\"https:\/\/koningdrone.be\/es\/producto\/flytbase-enterprise-dji-dock-2\/\" \/>\n<meta property=\"og:site_name\" content=\"koningdrone.be\" \/>\n<meta property=\"article:modified_time\" content=\"2026-04-30T14:11:05+00:00\" \/>\n<meta property=\"og:image\" content=\"https:\/\/koningdrone.be\/wp-content\/uploads\/sites\/13\/2025\/04\/115680_MD-Flytbase_DJI_DOCK_2.png\" \/>\n\t<meta property=\"og:image:width\" content=\"500\" \/>\n\t<meta property=\"og:image:height\" content=\"360\" \/>\n\t<meta property=\"og:image:type\" content=\"image\/png\" \/>\n<meta name=\"twitter:card\" content=\"summary_large_image\" \/>\n<script type=\"application\/ld+json\" class=\"yoast-schema-graph\">{\"@context\":\"https:\/\/schema.org\",\"@graph\":[{\"@type\":\"WebPage\",\"@id\":\"https:\/\/koningdrone.be\/product\/flytbase-enterprise-dji-dock-2\/\",\"url\":\"https:\/\/koningdrone.be\/product\/flytbase-enterprise-dji-dock-2\/\",\"name\":\"Flytbase Enterprise DJI Dock 2 - koningdrone.be\",\"isPartOf\":{\"@id\":\"https:\/\/koningdrone.be\/#website\"},\"primaryImageOfPage\":{\"@id\":\"https:\/\/koningdrone.be\/product\/flytbase-enterprise-dji-dock-2\/#primaryimage\"},\"image\":{\"@id\":\"https:\/\/koningdrone.be\/product\/flytbase-enterprise-dji-dock-2\/#primaryimage\"},\"thumbnailUrl\":\"https:\/\/koningdrone.be\/wp-content\/uploads\/sites\/13\/2025\/04\/115680_MD-Flytbase_DJI_DOCK_2.png\",\"datePublished\":\"2024-11-05T09:25:43+00:00\",\"dateModified\":\"2026-04-30T14:11:05+00:00\",\"breadcrumb\":{\"@id\":\"https:\/\/koningdrone.be\/product\/flytbase-enterprise-dji-dock-2\/#breadcrumb\"},\"inLanguage\":\"es\",\"potentialAction\":[{\"@type\":\"ReadAction\",\"target\":[\"https:\/\/koningdrone.be\/product\/flytbase-enterprise-dji-dock-2\/\"]}]},{\"@type\":\"ImageObject\",\"inLanguage\":\"es\",\"@id\":\"https:\/\/koningdrone.be\/product\/flytbase-enterprise-dji-dock-2\/#primaryimage\",\"url\":\"https:\/\/koningdrone.be\/wp-content\/uploads\/sites\/13\/2025\/04\/115680_MD-Flytbase_DJI_DOCK_2.png\",\"contentUrl\":\"https:\/\/koningdrone.be\/wp-content\/uploads\/sites\/13\/2025\/04\/115680_MD-Flytbase_DJI_DOCK_2.png\",\"width\":500,\"height\":360},{\"@type\":\"BreadcrumbList\",\"@id\":\"https:\/\/koningdrone.be\/product\/flytbase-enterprise-dji-dock-2\/#breadcrumb\",\"itemListElement\":[{\"@type\":\"ListItem\",\"position\":1,\"name\":\"Home\",\"item\":\"https:\/\/koningdrone.be\/\"},{\"@type\":\"ListItem\",\"position\":2,\"name\":\"AVSS Parachute Recovery System for DJI Matrice 300\/350\",\"item\":\"https:\/\/koningdrone.be\/product\/avss-parachute-recovery-system-for-dji-matrice-300-350\/\"},{\"@type\":\"ListItem\",\"position\":3,\"name\":\"Alle producten\",\"item\":\"https:\/\/koningdrone.be\/categorie\/alle-producten\/\"},{\"@type\":\"ListItem\",\"position\":4,\"name\":\"Flytbase Enterprise DJI Dock 2\"}]},{\"@type\":\"WebSite\",\"@id\":\"https:\/\/koningdrone.be\/#website\",\"url\":\"https:\/\/koningdrone.be\/\",\"name\":\"Koningdrone.be - Uw online specialist in drones, gimbals, camera's en power stations.\",\"description\":\"De webshop in drones en gimbals\",\"publisher\":{\"@id\":\"https:\/\/koningdrone.be\/#organization\"},\"potentialAction\":[{\"@type\":\"SearchAction\",\"target\":{\"@type\":\"EntryPoint\",\"urlTemplate\":\"https:\/\/koningdrone.be\/?s={search_term_string}\"},\"query-input\":{\"@type\":\"PropertyValueSpecification\",\"valueRequired\":true,\"valueName\":\"search_term_string\"}}],\"inLanguage\":\"es\"},{\"@type\":\"Organization\",\"@id\":\"https:\/\/koningdrone.be\/#organization\",\"name\":\"Koningdrone.be\",\"url\":\"https:\/\/koningdrone.be\/\",\"logo\":{\"@type\":\"ImageObject\",\"inLanguage\":\"es\",\"@id\":\"https:\/\/koningdrone.be\/#\/schema\/logo\/image\/\",\"url\":\"https:\/\/koningdrone.be\/wp-content\/uploads\/sites\/13\/2025\/04\/koningdrone-copyright-logo.svg\",\"contentUrl\":\"https:\/\/koningdrone.be\/wp-content\/uploads\/sites\/13\/2025\/04\/koningdrone-copyright-logo.svg\",\"width\":227,\"height\":38,\"caption\":\"Koningdrone.be\"},\"image\":{\"@id\":\"https:\/\/koningdrone.be\/#\/schema\/logo\/image\/\"}}]}<\/script>\n<!-- \/ Yoast SEO Premium plugin. -->","yoast_head_json":{"title":"Flytbase Enterprise DJI Dock 2 - koningdrone.be","robots":{"index":"index","follow":"follow","max-snippet":"max-snippet:-1","max-image-preview":"max-image-preview:large","max-video-preview":"max-video-preview:-1"},"canonical":"https:\/\/koningdrone.be\/es\/producto\/flytbase-enterprise-dji-dock-2\/","og_locale":"es_ES","og_type":"article","og_title":"Flytbase Enterprise DJI Dock 2","og_description":"Ondersteuning voor \u00e9\u00e9n DJI Dock 2 (M3D\/M3DT) gedurende drie jaarHonderdvijftigduizend (150.000) Video Viewer Minutes (VVM) per jaar per dockVijfhonderd GB cloudopslag per dockEnterprise-ondersteuning (raadpleeg het gedeelte Ondersteuning voor meer informatie)Gegevensbeveiliging op bedrijfsniveau (SOC-2 Type II, ISO 270001 en GDPR)Ondersteuning voor IT-compliance (toegang tot rapporten over gegevensbeveiliging en penetratietests)Sitebeheer voor drie sitesTeambeheer voor onbeperkte gebruikersSecure-Guest-Share - onbeperkte gastsessieTwee alarmlinkbronnenToegang tot \u00e9\u00e9n StreamLink (RTSP Stream) en alle Enterprise-functies","og_url":"https:\/\/koningdrone.be\/es\/producto\/flytbase-enterprise-dji-dock-2\/","og_site_name":"koningdrone.be","article_modified_time":"2026-04-30T14:11:05+00:00","og_image":[{"width":500,"height":360,"url":"https:\/\/koningdrone.be\/wp-content\/uploads\/sites\/13\/2025\/04\/115680_MD-Flytbase_DJI_DOCK_2.png","type":"image\/png"}],"twitter_card":"summary_large_image","schema":{"@context":"https:\/\/schema.org","@graph":[{"@type":"WebPage","@id":"https:\/\/koningdrone.be\/product\/flytbase-enterprise-dji-dock-2\/","url":"https:\/\/koningdrone.be\/product\/flytbase-enterprise-dji-dock-2\/","name":"Flytbase Enterprise DJI Dock 2 - koningdrone.be","isPartOf":{"@id":"https:\/\/koningdrone.be\/#website"},"primaryImageOfPage":{"@id":"https:\/\/koningdrone.be\/product\/flytbase-enterprise-dji-dock-2\/#primaryimage"},"image":{"@id":"https:\/\/koningdrone.be\/product\/flytbase-enterprise-dji-dock-2\/#primaryimage"},"thumbnailUrl":"https:\/\/koningdrone.be\/wp-content\/uploads\/sites\/13\/2025\/04\/115680_MD-Flytbase_DJI_DOCK_2.png","datePublished":"2024-11-05T09:25:43+00:00","dateModified":"2026-04-30T14:11:05+00:00","breadcrumb":{"@id":"https:\/\/koningdrone.be\/product\/flytbase-enterprise-dji-dock-2\/#breadcrumb"},"inLanguage":"es","potentialAction":[{"@type":"ReadAction","target":["https:\/\/koningdrone.be\/product\/flytbase-enterprise-dji-dock-2\/"]}]},{"@type":"ImageObject","inLanguage":"es","@id":"https:\/\/koningdrone.be\/product\/flytbase-enterprise-dji-dock-2\/#primaryimage","url":"https:\/\/koningdrone.be\/wp-content\/uploads\/sites\/13\/2025\/04\/115680_MD-Flytbase_DJI_DOCK_2.png","contentUrl":"https:\/\/koningdrone.be\/wp-content\/uploads\/sites\/13\/2025\/04\/115680_MD-Flytbase_DJI_DOCK_2.png","width":500,"height":360},{"@type":"BreadcrumbList","@id":"https:\/\/koningdrone.be\/product\/flytbase-enterprise-dji-dock-2\/#breadcrumb","itemListElement":[{"@type":"ListItem","position":1,"name":"Home","item":"https:\/\/koningdrone.be\/"},{"@type":"ListItem","position":2,"name":"AVSS Parachute Recovery System for DJI Matrice 300\/350","item":"https:\/\/koningdrone.be\/product\/avss-parachute-recovery-system-for-dji-matrice-300-350\/"},{"@type":"ListItem","position":3,"name":"Alle producten","item":"https:\/\/koningdrone.be\/categorie\/alle-producten\/"},{"@type":"ListItem","position":4,"name":"Flytbase Enterprise DJI Dock 2"}]},{"@type":"WebSite","@id":"https:\/\/koningdrone.be\/#website","url":"https:\/\/koningdrone.be\/","name":"Koningdrone.be - Su especialista en l\u00ednea en drones, cardanes, c\u00e1maras y centrales el\u00e9ctricas.","description":"La tienda virtual de drones y cardanes","publisher":{"@id":"https:\/\/koningdrone.be\/#organization"},"potentialAction":[{"@type":"SearchAction","target":{"@type":"EntryPoint","urlTemplate":"https:\/\/koningdrone.be\/?s={search_term_string}"},"query-input":{"@type":"PropertyValueSpecification","valueRequired":true,"valueName":"search_term_string"}}],"inLanguage":"es"},{"@type":"Organization","@id":"https:\/\/koningdrone.be\/#organization","name":"Kingdrone.es","url":"https:\/\/koningdrone.be\/","logo":{"@type":"ImageObject","inLanguage":"es","@id":"https:\/\/koningdrone.be\/#\/schema\/logo\/image\/","url":"https:\/\/koningdrone.be\/wp-content\/uploads\/sites\/13\/2025\/04\/koningdrone-copyright-logo.svg","contentUrl":"https:\/\/koningdrone.be\/wp-content\/uploads\/sites\/13\/2025\/04\/koningdrone-copyright-logo.svg","width":227,"height":38,"caption":"Koningdrone.be"},"image":{"@id":"https:\/\/koningdrone.be\/#\/schema\/logo\/image\/"}}]}},"df_price":4415.29,"df_sale_price":"","df_regular_price":4415.29,"df_image_link":"https:\/\/koningdrone.be\/wp-content\/uploads\/sites\/13\/2025\/04\/115680_MD-Flytbase_DJI_DOCK_2-300x216.png","_links":{"self":[{"href":"https:\/\/koningdrone.be\/es\/wp-json\/wp\/v2\/product\/1831","targetHints":{"allow":["GET"]}}],"collection":[{"href":"https:\/\/koningdrone.be\/es\/wp-json\/wp\/v2\/product"}],"about":[{"href":"https:\/\/koningdrone.be\/es\/wp-json\/wp\/v2\/types\/product"}],"wp:featuredmedia":[{"embeddable":true,"href":"https:\/\/koningdrone.be\/es\/wp-json\/wp\/v2\/media\/1830"}],"wp:attachment":[{"href":"https:\/\/koningdrone.be\/es\/wp-json\/wp\/v2\/media?parent=1831"}],"wp:term":[{"taxonomy":"product_brand","embeddable":true,"href":"https:\/\/koningdrone.be\/es\/wp-json\/wp\/v2\/product_brand?post=1831"},{"taxonomy":"product_cat","embeddable":true,"href":"https:\/\/koningdrone.be\/es\/wp-json\/wp\/v2\/product_cat?post=1831"},{"taxonomy":"product_tag","embeddable":true,"href":"https:\/\/koningdrone.be\/es\/wp-json\/wp\/v2\/product_tag?post=1831"}],"curies":[{"name":"wp","href":"https:\/\/api.w.org\/{rel}","templated":true}]}}