{"id":18238,"date":"2026-04-02T15:40:08","date_gmt":"2026-04-02T13:40:08","guid":{"rendered":"https:\/\/koningdrone.be\/?post_type=product&#038;p=18238"},"modified":"2026-04-29T03:30:49","modified_gmt":"2026-04-29T01:30:49","slug":"dji-matrice-4-obstacle-sensing-module","status":"publish","type":"product","link":"https:\/\/koningdrone.be\/es\/producto\/dji-matrice-4-obstacle-sensing-module\/","title":{"rendered":"M\u00f3dulo de detecci\u00f3n de obst\u00e1culos DJI Matrice 4"},"content":{"rendered":"<h3>M\u00f3dulo de detecci\u00f3n de obst\u00e1culos DJI Matrice 4<\/h3>\n<p><iframe loading=\"lazy\" title=\"DJI Matrice 4D Series\u4e28Primer uso del m\u00f3dulo de detecci\u00f3n de obst\u00e1culos\" width=\"800\" height=\"450\" src=\"https:\/\/www.youtube.com\/embed\/bUyEmLlHXZg?feature=oembed&#038;enablejsapi=1&#038;origin=https:\/\/koningdrone.be\" frameborder=\"0\" allow=\"accelerometer; autoplay; clipboard-write; encrypted-media; gyroscope; picture-in-picture; web-share\" referrerpolicy=\"strict-origin-when-cross-origin\" allowfullscreen><\/iframe><\/p>\n<p style=\"margin: 20px 0\">El M\u00f3dulo de Detecci\u00f3n de Obst\u00e1culos DJI Matrice 4 es una actualizaci\u00f3n avanzada de sensores para tu dron DJI Matrice serie 4. Combina la tecnolog\u00eda LiDAR giratoria y el radar de ondas milim\u00e9tricas, lo que permite al dron detectar obst\u00e1culos ambientales incluso en condiciones dif\u00edciles, como con poca luz o cerca de objetos finos como l\u00edneas el\u00e9ctricas. Esto hace que volar en entornos complejos como subestaciones, redes de l\u00edneas el\u00e9ctricas o zonas densamente boscosas sea mucho m\u00e1s seguro.<\/p>\n<p><a href=\"https:\/\/koningdrone.nl\/wp-content\/uploads\/2026\/04\/DJI-Matrice-4-Obstacle-Sensing-Module-scaled.jpg\"><img loading=\"lazy\" decoding=\"async\" class=\"aligncenter wp-image-471431 size-full\" src=\"https:\/\/koningdrone.nl\/wp-content\/uploads\/2026\/04\/DJI-Matrice-4-Obstacle-Sensing-Module-scaled.jpg\" alt=\"DJI Matrice 4 Obstacle Sensing Module\" width=\"2560\" height=\"1707\" \/><\/a><\/p>\n<h4>Rendimiento y funcionalidad<\/h4>\n<p>Combinando sensores LiDAR con un radar de ondas milim\u00e9tricas de cinco direcciones, este m\u00f3dulo proporciona detecci\u00f3n omnidireccional y puede detectar objetos de hasta unos 12 mm de grosor a velocidades de hasta unos 15 m\/s. El m\u00f3dulo admite la detecci\u00f3n hasta unos 100 m de distancia, lo que permite a su dron evaluar obst\u00e1culos de forma autom\u00e1tica o manual y volar con mayor seguridad en zonas donde los sistemas visuales son deficientes.<\/p>\n<h4>Calidad de construcci\u00f3n y dise\u00f1o<\/h4>\n<p>Su dise\u00f1o compacto y robusto tiene un \u00edndice de protecci\u00f3n IP55 (cuando se utiliza en un Matrice 4D), lo que lo hace resistente al polvo y a la lluvia ligera. El m\u00f3dulo pesa unos 225-235 g, es resistente a temperaturas entre -20 \u00b0C y +50 \u00b0C, e incluye un soporte adaptador, herramientas y adhesivos reflectantes para facilitar la instalaci\u00f3n en tu dron.<\/p>\n<p><a href=\"https:\/\/koningdrone.nl\/wp-content\/uploads\/2026\/04\/Product-DJI-Matrice-4-Obstacle-Sensing-Module-scaled.jpg\"><img loading=\"lazy\" decoding=\"async\" class=\"size-medium wp-image-471430 aligncenter\" src=\"https:\/\/koningdrone.nl\/wp-content\/uploads\/2026\/04\/Product-DJI-Matrice-4-Obstacle-Sensing-Module-300x200.jpg\" alt=\"Product DJI Matrice 4 Obstacle Sensing Module\" width=\"300\" height=\"200\" \/><\/a><\/p>\n<h4>Por qu\u00e9 lo necesita<\/h4>\n<p>Para inspecciones profesionales, estudios de infraestructuras o aplicaciones industriales, es importante detectar obst\u00e1culos que los sistemas visuales no siempre detectan, como cables finos o cableado. Con este m\u00f3dulo de detecci\u00f3n de obst\u00e1culos, puede aumentar significativamente la seguridad de vuelo y la precisi\u00f3n de su Matrice serie 4 o 4D, especialmente en entornos dif\u00edciles o complejos.<\/p>","protected":false},"excerpt":{"rendered":"<ul>\n<li>Detecci\u00f3n avanzada de obst\u00e1culos con LiDAR + radar de ondas milim\u00e9tricas para entornos complejos.<\/li>\n<li>Detecta objetos finos de hasta aprox. 12 mm incluso a velocidades de hasta aprox. 15 m\/s.<\/li>\n<li>Sensor omnidireccional para una cobertura m\u00e1s amplia y una navegaci\u00f3n segura en vuelo.<\/li>\n<li>Clase de protecci\u00f3n IP55 con instalaci\u00f3n Matrice 4D para un uso resistente.<\/li>\n<li>Adecuado para inspecciones en redes el\u00e9ctricas, subestaciones y estructuras complejas.<\/li>\n<\/ul>","protected":false},"featured_media":18234,"template":"","meta":{"_acf_changed":false},"product_brand":[],"product_cat":[1732],"product_tag":[],"class_list":{"0":"post-18238","1":"product","2":"type-product","3":"status-publish","4":"has-post-thumbnail","6":"product_cat-dji-matrice-4d","7":"product_shipping_class-uavspacesall","8":"pa_brand-dji","9":"pa_producttype-accessoire","10":"pa_series-matrice","12":"first","13":"instock","14":"taxable","15":"shipping-taxable","16":"purchasable","17":"product-type-simple"},"acf":[],"yoast_head":"<!-- This site is optimized with the Yoast SEO Premium plugin v27.2 (Yoast SEO v27.2) - https:\/\/yoast.com\/product\/yoast-seo-premium-wordpress\/ -->\n<title>DJI Matrice 4 Obstacle Sensing Module - koningdrone.be<\/title>\n<meta name=\"robots\" content=\"index, follow, max-snippet:-1, max-image-preview:large, max-video-preview:-1\" \/>\n<link rel=\"canonical\" href=\"https:\/\/koningdrone.be\/es\/producto\/dji-matrice-4-obstacle-sensing-module\/\" \/>\n<meta property=\"og:locale\" content=\"es_ES\" \/>\n<meta property=\"og:type\" content=\"article\" \/>\n<meta property=\"og:title\" content=\"DJI Matrice 4 Obstacle Sensing Module\" \/>\n<meta property=\"og:description\" content=\"Geavanceerde obstakeldetectie met LiDAR + millimetergolfradar voor complexe omgevingen.  Detecteert fijne objecten tot ca. 12\u202fmm zelfs bij snelheid tot ca. 15\u202fm\/s.  Omnidirectionele sensor voor bredere dekking en veilige vluchtnavigatie.  IP55\u2011beschermingsklasse bij Matrice\u202f4D\u2011installatie voor robuust gebruik.  Geschikt voor inspecties rond stroomnetten, onderstations en uitdagende structuren.\" \/>\n<meta property=\"og:url\" content=\"https:\/\/koningdrone.be\/es\/producto\/dji-matrice-4-obstacle-sensing-module\/\" \/>\n<meta property=\"og:site_name\" content=\"koningdrone.be\" \/>\n<meta property=\"article:modified_time\" content=\"2026-04-29T01:30:49+00:00\" \/>\n<meta property=\"og:image\" content=\"https:\/\/koningdrone.be\/wp-content\/uploads\/sites\/13\/2026\/04\/DJI-Matrice-4-Obstacle-Sensing-Module-scaled-1.jpg\" \/>\n\t<meta property=\"og:image:width\" content=\"2560\" \/>\n\t<meta property=\"og:image:height\" content=\"1707\" \/>\n\t<meta property=\"og:image:type\" content=\"image\/jpeg\" \/>\n<meta name=\"twitter:card\" content=\"summary_large_image\" \/>\n<meta name=\"twitter:label1\" content=\"Tiempo de lectura\" \/>\n\t<meta name=\"twitter:data1\" content=\"1 minuto\" \/>\n<script type=\"application\/ld+json\" class=\"yoast-schema-graph\">{\"@context\":\"https:\/\/schema.org\",\"@graph\":[{\"@type\":\"WebPage\",\"@id\":\"https:\/\/koningdrone.be\/product\/dji-matrice-4-obstacle-sensing-module\/\",\"url\":\"https:\/\/koningdrone.be\/product\/dji-matrice-4-obstacle-sensing-module\/\",\"name\":\"DJI Matrice 4 Obstacle Sensing Module - koningdrone.be\",\"isPartOf\":{\"@id\":\"https:\/\/koningdrone.be\/#website\"},\"primaryImageOfPage\":{\"@id\":\"https:\/\/koningdrone.be\/product\/dji-matrice-4-obstacle-sensing-module\/#primaryimage\"},\"image\":{\"@id\":\"https:\/\/koningdrone.be\/product\/dji-matrice-4-obstacle-sensing-module\/#primaryimage\"},\"thumbnailUrl\":\"https:\/\/koningdrone.be\/wp-content\/uploads\/sites\/13\/2026\/04\/DJI-Matrice-4-Obstacle-Sensing-Module-scaled-1.jpg\",\"datePublished\":\"2026-04-02T13:40:08+00:00\",\"dateModified\":\"2026-04-29T01:30:49+00:00\",\"breadcrumb\":{\"@id\":\"https:\/\/koningdrone.be\/product\/dji-matrice-4-obstacle-sensing-module\/#breadcrumb\"},\"inLanguage\":\"es\",\"potentialAction\":[{\"@type\":\"ReadAction\",\"target\":[\"https:\/\/koningdrone.be\/product\/dji-matrice-4-obstacle-sensing-module\/\"]}]},{\"@type\":\"ImageObject\",\"inLanguage\":\"es\",\"@id\":\"https:\/\/koningdrone.be\/product\/dji-matrice-4-obstacle-sensing-module\/#primaryimage\",\"url\":\"https:\/\/koningdrone.be\/wp-content\/uploads\/sites\/13\/2026\/04\/DJI-Matrice-4-Obstacle-Sensing-Module-scaled-1.jpg\",\"contentUrl\":\"https:\/\/koningdrone.be\/wp-content\/uploads\/sites\/13\/2026\/04\/DJI-Matrice-4-Obstacle-Sensing-Module-scaled-1.jpg\",\"width\":2560,\"height\":1707},{\"@type\":\"BreadcrumbList\",\"@id\":\"https:\/\/koningdrone.be\/product\/dji-matrice-4-obstacle-sensing-module\/#breadcrumb\",\"itemListElement\":[{\"@type\":\"ListItem\",\"position\":1,\"name\":\"Home\",\"item\":\"https:\/\/koningdrone.be\/\"},{\"@type\":\"ListItem\",\"position\":2,\"name\":\"AVSS Parachute Recovery System for DJI Matrice 300\/350\",\"item\":\"https:\/\/koningdrone.be\/product\/avss-parachute-recovery-system-for-dji-matrice-300-350\/\"},{\"@type\":\"ListItem\",\"position\":3,\"name\":\"DJI Matrice 4D\",\"item\":\"https:\/\/koningdrone.be\/categorie\/dji-matrice-4d\/\"},{\"@type\":\"ListItem\",\"position\":4,\"name\":\"DJI Matrice 4 Obstacle Sensing Module\"}]},{\"@type\":\"WebSite\",\"@id\":\"https:\/\/koningdrone.be\/#website\",\"url\":\"https:\/\/koningdrone.be\/\",\"name\":\"Koningdrone.be - Uw online specialist in drones, gimbals, camera's en power stations.\",\"description\":\"De webshop in drones en gimbals\",\"publisher\":{\"@id\":\"https:\/\/koningdrone.be\/#organization\"},\"potentialAction\":[{\"@type\":\"SearchAction\",\"target\":{\"@type\":\"EntryPoint\",\"urlTemplate\":\"https:\/\/koningdrone.be\/?s={search_term_string}\"},\"query-input\":{\"@type\":\"PropertyValueSpecification\",\"valueRequired\":true,\"valueName\":\"search_term_string\"}}],\"inLanguage\":\"es\"},{\"@type\":\"Organization\",\"@id\":\"https:\/\/koningdrone.be\/#organization\",\"name\":\"Koningdrone.be\",\"url\":\"https:\/\/koningdrone.be\/\",\"logo\":{\"@type\":\"ImageObject\",\"inLanguage\":\"es\",\"@id\":\"https:\/\/koningdrone.be\/#\/schema\/logo\/image\/\",\"url\":\"https:\/\/koningdrone.be\/wp-content\/uploads\/sites\/13\/2025\/04\/koningdrone-copyright-logo.svg\",\"contentUrl\":\"https:\/\/koningdrone.be\/wp-content\/uploads\/sites\/13\/2025\/04\/koningdrone-copyright-logo.svg\",\"width\":227,\"height\":38,\"caption\":\"Koningdrone.be\"},\"image\":{\"@id\":\"https:\/\/koningdrone.be\/#\/schema\/logo\/image\/\"}}]}<\/script>\n<!-- \/ Yoast SEO Premium plugin. -->","yoast_head_json":{"title":"DJI Matrice 4 Obstacle Sensing Module - koningdrone.be","robots":{"index":"index","follow":"follow","max-snippet":"max-snippet:-1","max-image-preview":"max-image-preview:large","max-video-preview":"max-video-preview:-1"},"canonical":"https:\/\/koningdrone.be\/es\/producto\/dji-matrice-4-obstacle-sensing-module\/","og_locale":"es_ES","og_type":"article","og_title":"DJI Matrice 4 Obstacle Sensing Module","og_description":"Geavanceerde obstakeldetectie met LiDAR + millimetergolfradar voor complexe omgevingen.  Detecteert fijne objecten tot ca. 12\u202fmm zelfs bij snelheid tot ca. 15\u202fm\/s.  Omnidirectionele sensor voor bredere dekking en veilige vluchtnavigatie.  IP55\u2011beschermingsklasse bij Matrice\u202f4D\u2011installatie voor robuust gebruik.  Geschikt voor inspecties rond stroomnetten, onderstations en uitdagende structuren.","og_url":"https:\/\/koningdrone.be\/es\/producto\/dji-matrice-4-obstacle-sensing-module\/","og_site_name":"koningdrone.be","article_modified_time":"2026-04-29T01:30:49+00:00","og_image":[{"width":2560,"height":1707,"url":"https:\/\/koningdrone.be\/wp-content\/uploads\/sites\/13\/2026\/04\/DJI-Matrice-4-Obstacle-Sensing-Module-scaled-1.jpg","type":"image\/jpeg"}],"twitter_card":"summary_large_image","twitter_misc":{"Tiempo de lectura":"1 minuto"},"schema":{"@context":"https:\/\/schema.org","@graph":[{"@type":"WebPage","@id":"https:\/\/koningdrone.be\/product\/dji-matrice-4-obstacle-sensing-module\/","url":"https:\/\/koningdrone.be\/product\/dji-matrice-4-obstacle-sensing-module\/","name":"DJI Matrice 4 Obstacle Sensing Module - koningdrone.be","isPartOf":{"@id":"https:\/\/koningdrone.be\/#website"},"primaryImageOfPage":{"@id":"https:\/\/koningdrone.be\/product\/dji-matrice-4-obstacle-sensing-module\/#primaryimage"},"image":{"@id":"https:\/\/koningdrone.be\/product\/dji-matrice-4-obstacle-sensing-module\/#primaryimage"},"thumbnailUrl":"https:\/\/koningdrone.be\/wp-content\/uploads\/sites\/13\/2026\/04\/DJI-Matrice-4-Obstacle-Sensing-Module-scaled-1.jpg","datePublished":"2026-04-02T13:40:08+00:00","dateModified":"2026-04-29T01:30:49+00:00","breadcrumb":{"@id":"https:\/\/koningdrone.be\/product\/dji-matrice-4-obstacle-sensing-module\/#breadcrumb"},"inLanguage":"es","potentialAction":[{"@type":"ReadAction","target":["https:\/\/koningdrone.be\/product\/dji-matrice-4-obstacle-sensing-module\/"]}]},{"@type":"ImageObject","inLanguage":"es","@id":"https:\/\/koningdrone.be\/product\/dji-matrice-4-obstacle-sensing-module\/#primaryimage","url":"https:\/\/koningdrone.be\/wp-content\/uploads\/sites\/13\/2026\/04\/DJI-Matrice-4-Obstacle-Sensing-Module-scaled-1.jpg","contentUrl":"https:\/\/koningdrone.be\/wp-content\/uploads\/sites\/13\/2026\/04\/DJI-Matrice-4-Obstacle-Sensing-Module-scaled-1.jpg","width":2560,"height":1707},{"@type":"BreadcrumbList","@id":"https:\/\/koningdrone.be\/product\/dji-matrice-4-obstacle-sensing-module\/#breadcrumb","itemListElement":[{"@type":"ListItem","position":1,"name":"Home","item":"https:\/\/koningdrone.be\/"},{"@type":"ListItem","position":2,"name":"AVSS Parachute Recovery System for DJI Matrice 300\/350","item":"https:\/\/koningdrone.be\/product\/avss-parachute-recovery-system-for-dji-matrice-300-350\/"},{"@type":"ListItem","position":3,"name":"DJI Matrice 4D","item":"https:\/\/koningdrone.be\/categorie\/dji-matrice-4d\/"},{"@type":"ListItem","position":4,"name":"DJI Matrice 4 Obstacle Sensing Module"}]},{"@type":"WebSite","@id":"https:\/\/koningdrone.be\/#website","url":"https:\/\/koningdrone.be\/","name":"Koningdrone.be - Su especialista en l\u00ednea en drones, cardanes, c\u00e1maras y centrales el\u00e9ctricas.","description":"La tienda virtual de drones y cardanes","publisher":{"@id":"https:\/\/koningdrone.be\/#organization"},"potentialAction":[{"@type":"SearchAction","target":{"@type":"EntryPoint","urlTemplate":"https:\/\/koningdrone.be\/?s={search_term_string}"},"query-input":{"@type":"PropertyValueSpecification","valueRequired":true,"valueName":"search_term_string"}}],"inLanguage":"es"},{"@type":"Organization","@id":"https:\/\/koningdrone.be\/#organization","name":"Kingdrone.es","url":"https:\/\/koningdrone.be\/","logo":{"@type":"ImageObject","inLanguage":"es","@id":"https:\/\/koningdrone.be\/#\/schema\/logo\/image\/","url":"https:\/\/koningdrone.be\/wp-content\/uploads\/sites\/13\/2025\/04\/koningdrone-copyright-logo.svg","contentUrl":"https:\/\/koningdrone.be\/wp-content\/uploads\/sites\/13\/2025\/04\/koningdrone-copyright-logo.svg","width":227,"height":38,"caption":"Koningdrone.be"},"image":{"@id":"https:\/\/koningdrone.be\/#\/schema\/logo\/image\/"}}]}},"df_price":1499,"df_sale_price":"","df_regular_price":1499,"df_image_link":"https:\/\/koningdrone.be\/wp-content\/uploads\/sites\/13\/2026\/04\/DJI-Matrice-4-Obstacle-Sensing-Module-scaled-1-300x200.jpg","_links":{"self":[{"href":"https:\/\/koningdrone.be\/es\/wp-json\/wp\/v2\/product\/18238","targetHints":{"allow":["GET"]}}],"collection":[{"href":"https:\/\/koningdrone.be\/es\/wp-json\/wp\/v2\/product"}],"about":[{"href":"https:\/\/koningdrone.be\/es\/wp-json\/wp\/v2\/types\/product"}],"wp:featuredmedia":[{"embeddable":true,"href":"https:\/\/koningdrone.be\/es\/wp-json\/wp\/v2\/media\/18234"}],"wp:attachment":[{"href":"https:\/\/koningdrone.be\/es\/wp-json\/wp\/v2\/media?parent=18238"}],"wp:term":[{"taxonomy":"product_brand","embeddable":true,"href":"https:\/\/koningdrone.be\/es\/wp-json\/wp\/v2\/product_brand?post=18238"},{"taxonomy":"product_cat","embeddable":true,"href":"https:\/\/koningdrone.be\/es\/wp-json\/wp\/v2\/product_cat?post=18238"},{"taxonomy":"product_tag","embeddable":true,"href":"https:\/\/koningdrone.be\/es\/wp-json\/wp\/v2\/product_tag?post=18238"}],"curies":[{"name":"wp","href":"https:\/\/api.w.org\/{rel}","templated":true}]}}