{"id":18203,"date":"2026-03-14T22:07:04","date_gmt":"2026-03-14T21:07:04","guid":{"rendered":"https:\/\/koningdrone.be\/product\/dji-mavic-3-enterprise-c1\/"},"modified":"2026-04-29T14:50:46","modified_gmt":"2026-04-29T12:50:46","slug":"dji-mavic-3-enterprise-c1","status":"publish","type":"product","link":"https:\/\/koningdrone.be\/es\/producto\/dji-mavic-3-enterprise-c1\/","title":{"rendered":"DJI Mavic 3 Enterprise (EU-C1)"},"content":{"rendered":"<h3>DJI Mavic 3 Enterprise (EU-C1): El h\u00edbrido definitivo para la precisi\u00f3n urbana<\/h3>\n<p><iframe loading=\"lazy\" title=\"DJI Enterprise - Presentaci\u00f3n del Mavic 3 Enterprise Series\" width=\"800\" height=\"450\" src=\"https:\/\/www.youtube.com\/embed\/R1lT-NatLMA?feature=oembed&#038;enablejsapi=1&#038;origin=https:\/\/koningdrone.be\" frameborder=\"0\" allow=\"accelerometer; autoplay; clipboard-write; encrypted-media; gyroscope; picture-in-picture; web-share\" referrerpolicy=\"strict-origin-when-cross-origin\" allowfullscreen><\/iframe><\/p>\n<p style=\"margin-top: 20px\">En <strong>DJI Mavic 3 Enterprise (EU-C1)<\/strong> es el est\u00e1ndar indiscutible del sector para los profesionales que exigen el m\u00e1ximo rendimiento cartogr\u00e1fico dentro de los l\u00edmites de la normativa europea. All\u00ed donde los drones m\u00e1s pesados suelen estar limitados por complejos procesos de concesi\u00f3n de licencias, el dron oficial <strong>Certificaci\u00f3n C1<\/strong> la puerta a un nuevo mundo de libertad operativa. Con un peso al despegue inferior a <strong>900 gramos<\/strong> esta unidad puede desplegarse en la categor\u00eda Abierta (A1\/A3), lo que facilita considerablemente las inspecciones en entornos urbanos y cerca de personas. Se trata de una potente unidad compacta que tiende un puente entre la portabilidad y la precisi\u00f3n topogr\u00e1fica de gama alta.<\/p>\n<h4>Im\u00e1genes revolucionarias y perfecci\u00f3n cartogr\u00e1fica<\/h4>\n<p>El conjunto visual del Mavic 3E C1 est\u00e1 dise\u00f1ado espec\u00edficamente para duplicar la eficiencia sobre el terreno sin comprometer la calidad de los datos:<\/p>\n<ul>\n<li><strong>El poder del obturador mec\u00e1nico:<\/strong> La c\u00e1mara principal cuenta con una <strong>Sensor CMOS de 4\/3 pulgadas y 20 MP<\/strong> con obturador mec\u00e1nico. Esto es crucial para las misiones de cartograf\u00eda, ya que elimina la distorsi\u00f3n de \u201cobturador rodante\u201d, lo que le permite volar a alta velocidad mientras mantiene cada imagen geom\u00e9tricamente perfecta para la fotogrametr\u00eda.<\/li>\n<li><strong>Zoom inteligente para inspecciones:<\/strong> Para situaciones en las que mantener la distancia es esencial, el <strong>C\u00e1mara teleobjetivo de 12 MP con zoom h\u00edbrido de 56\u00d7<\/strong> detalle sin precedentes. Tanto si comprueba aisladores en torres de alta tensi\u00f3n como si detecta grietas en aerogeneradores, lo ver\u00e1 todo sin poner en peligro el dron.<\/li>\n<li><strong>Seguridad omnidireccional:<\/strong> Gracias a los sensores de visi\u00f3n gran angular situados en todos los lados, el dron no deja ver nada. <strong>detecci\u00f3n de obst\u00e1culos<\/strong>. Esto permite al operador volar con total confianza en entornos complejos, como obras de construcci\u00f3n o entre plantas industriales.<\/li>\n<\/ul>\n<p><a href=\"https:\/\/koningdrone.nl\/wp-content\/uploads\/2026\/03\/DJI-Mavic-3-Enterprise-EU-C1.jpg\"><img loading=\"lazy\" decoding=\"async\" class=\"size-medium wp-image-471389 aligncenter\" src=\"https:\/\/koningdrone.nl\/wp-content\/uploads\/2026\/03\/DJI-Mavic-3-Enterprise-EU-C1-300x169.jpg\" alt=\"DJI Mavic 3 Enterprise (EU-C1)\" width=\"300\" height=\"169\" \/><\/a><\/p>\n<h4>Dise\u00f1o optimizado y posicionamiento inamovible<\/h4>\n<p>El Mavic 3E C1 se ha perfeccionado hasta el \u00faltimo detalle para cumplir los requisitos m\u00e1s estrictos de la UE:<\/p>\n<ul>\n<li><strong>C1-Configuraci\u00f3n:<\/strong> Mediante el uso de una arquitectura de bater\u00eda optimizada y <strong>h\u00e9lices silenciosas<\/strong>, el dispositivo conserva toda su funcionalidad empresarial al tiempo que mantiene la masa por debajo del l\u00edmite cr\u00edtico de 900 gramos. El resultado es un funcionamiento m\u00e1s silencioso, esencial para su aceptaci\u00f3n en zonas urbanas.<\/li>\n<li><strong>Navegaci\u00f3n multiconstelaci\u00f3n:<\/strong> La integraci\u00f3n de <strong>GPS, Galileo, BeiDou y GLONASS<\/strong> garantiza una conexi\u00f3n por sat\u00e9lite extremadamente r\u00e1pida y estable. Incluso en \u201cca\u00f1ones urbanos\u201d entre edificios altos, el posicionamiento sigue siendo preciso y fiable.<\/li>\n<li><strong>Resistencia operativa:<\/strong> Con un tiempo de vuelo de hasta <strong>36 minutos<\/strong> por bater\u00eda y soporte para carga r\u00e1pida, se minimiza el tiempo sobre el terreno y se maximiza la adquisici\u00f3n de datos durante la jornada laboral.<\/li>\n<\/ul>\n<h4>Por qu\u00e9 el Mavic 3 Enterprise C1 es indispensable<\/h4>\n<p>Para top\u00f3grafos, inspectores y gobiernos, el Mavic 3 Enterprise C1 es la inversi\u00f3n m\u00e1s inteligente en sus flotas. La aeronave ofrece las especificaciones t\u00e9cnicas de un dron topogr\u00e1fico pesado en un tama\u00f1o que cabe en una mochila. La combinaci\u00f3n del obturador mec\u00e1nico para cartograf\u00eda y las ventajas legales del estatus C1 significa que puede completar m\u00e1s misiones con menos burocracia. El Mavic 3E C1 le ofrece la precisi\u00f3n que necesita, justo donde la necesita, ya sea para realizar un Gemelo Digital del centro hist\u00f3rico de una ciudad o para llevar a cabo una inspecci\u00f3n de emergencia en un puente.<\/p>","protected":false},"excerpt":{"rendered":"<ul>\n<li>Drone profesional compacto con certificaci\u00f3n EU-C1 para menores restricciones en vuelos urbanos.<\/li>\n<li>C\u00e1mara CMOS 4\/3\u2033 de 20 MP con obturador mec\u00e1nico para im\u00e1genes n\u00edtidas.<\/li>\n<li>Telec\u00e1mara de 12 MP con zoom h\u00edbrido de 56\u00d7, ideal para inspecciones a distancia.<\/li>\n<li>M\u00e1ximo aprox. 36 minutos de tiempo de vuelo con detecci\u00f3n omnidireccional de obst\u00e1culos.<\/li>\n<li>Navegaci\u00f3n GPS + Galileo + BeiDou + GLONASS para un rendimiento fiable en distintos entornos.<\/li>\n<\/ul>","protected":false},"featured_media":18202,"template":"","meta":{"_acf_changed":false},"product_brand":[],"product_cat":[137],"product_tag":[],"class_list":{"0":"post-18203","1":"product","2":"type-product","3":"status-publish","4":"has-post-thumbnail","6":"product_cat-dji-mavic-3","7":"product_shipping_class-outofstock","8":"pa_brand-dji","9":"pa_producttype-dronepakket","10":"pa_series-mavic","12":"first","13":"outofstock","14":"taxable","15":"shipping-taxable","16":"purchasable","17":"product-type-simple"},"acf":[],"yoast_head":"<!-- This site is optimized with the Yoast SEO Premium plugin v27.2 (Yoast SEO v27.2) - https:\/\/yoast.com\/product\/yoast-seo-premium-wordpress\/ -->\n<title>DJI Mavic 3 Enterprise (EU-C1) - koningdrone.be<\/title>\n<meta name=\"robots\" content=\"index, follow, max-snippet:-1, max-image-preview:large, max-video-preview:-1\" \/>\n<link rel=\"canonical\" href=\"https:\/\/koningdrone.be\/es\/producto\/dji-mavic-3-enterprise-c1\/\" \/>\n<meta property=\"og:locale\" content=\"es_ES\" \/>\n<meta property=\"og:type\" content=\"article\" \/>\n<meta property=\"og:title\" content=\"DJI Mavic 3 Enterprise (EU-C1)\" \/>\n<meta property=\"og:description\" content=\"Professionele compacte drone met EU\u2011C1\u2011certificering voor minder beperkingen bij stedelijk vliegen.  20\u202fMP 4\/3\u2033 CMOS-camera met mechanische sluiter voor scherpe beelden.  12\u202fMP telecamera met 56\u00d7 hybride zoom, ideaal voor inspecties op afstand.  Maximaal ca. 36\u202fminuten vliegtijd met omnidirectionele obstakeldetectie.  GPS + Galileo + BeiDou + GLONASS\u2011navigatie voor betrouwbare prestaties in verschillende omgevingen.\" \/>\n<meta property=\"og:url\" content=\"https:\/\/koningdrone.be\/es\/producto\/dji-mavic-3-enterprise-c1\/\" \/>\n<meta property=\"og:site_name\" content=\"koningdrone.be\" \/>\n<meta property=\"article:modified_time\" content=\"2026-04-29T12:50:46+00:00\" \/>\n<meta property=\"og:image\" content=\"https:\/\/koningdrone.be\/wp-content\/uploads\/sites\/13\/2026\/04\/DJI-Mavic-3-Enterprise-EU-C1.jpg\" \/>\n\t<meta property=\"og:image:width\" content=\"800\" \/>\n\t<meta property=\"og:image:height\" content=\"450\" \/>\n\t<meta property=\"og:image:type\" content=\"image\/jpeg\" \/>\n<meta name=\"twitter:card\" content=\"summary_large_image\" \/>\n<meta name=\"twitter:label1\" content=\"Tiempo de lectura\" \/>\n\t<meta name=\"twitter:data1\" content=\"2 minutos\" \/>\n<script type=\"application\/ld+json\" class=\"yoast-schema-graph\">{\"@context\":\"https:\/\/schema.org\",\"@graph\":[{\"@type\":\"WebPage\",\"@id\":\"https:\/\/koningdrone.be\/product\/dji-mavic-3-enterprise-c1\/\",\"url\":\"https:\/\/koningdrone.be\/product\/dji-mavic-3-enterprise-c1\/\",\"name\":\"DJI Mavic 3 Enterprise (EU-C1) - koningdrone.be\",\"isPartOf\":{\"@id\":\"https:\/\/koningdrone.be\/#website\"},\"primaryImageOfPage\":{\"@id\":\"https:\/\/koningdrone.be\/product\/dji-mavic-3-enterprise-c1\/#primaryimage\"},\"image\":{\"@id\":\"https:\/\/koningdrone.be\/product\/dji-mavic-3-enterprise-c1\/#primaryimage\"},\"thumbnailUrl\":\"https:\/\/koningdrone.be\/wp-content\/uploads\/sites\/13\/2026\/04\/DJI-Mavic-3-Enterprise-EU-C1.jpg\",\"datePublished\":\"2026-03-14T21:07:04+00:00\",\"dateModified\":\"2026-04-29T12:50:46+00:00\",\"breadcrumb\":{\"@id\":\"https:\/\/koningdrone.be\/product\/dji-mavic-3-enterprise-c1\/#breadcrumb\"},\"inLanguage\":\"es\",\"potentialAction\":[{\"@type\":\"ReadAction\",\"target\":[\"https:\/\/koningdrone.be\/product\/dji-mavic-3-enterprise-c1\/\"]}]},{\"@type\":\"ImageObject\",\"inLanguage\":\"es\",\"@id\":\"https:\/\/koningdrone.be\/product\/dji-mavic-3-enterprise-c1\/#primaryimage\",\"url\":\"https:\/\/koningdrone.be\/wp-content\/uploads\/sites\/13\/2026\/04\/DJI-Mavic-3-Enterprise-EU-C1.jpg\",\"contentUrl\":\"https:\/\/koningdrone.be\/wp-content\/uploads\/sites\/13\/2026\/04\/DJI-Mavic-3-Enterprise-EU-C1.jpg\",\"width\":800,\"height\":450},{\"@type\":\"BreadcrumbList\",\"@id\":\"https:\/\/koningdrone.be\/product\/dji-mavic-3-enterprise-c1\/#breadcrumb\",\"itemListElement\":[{\"@type\":\"ListItem\",\"position\":1,\"name\":\"Home\",\"item\":\"https:\/\/koningdrone.be\/\"},{\"@type\":\"ListItem\",\"position\":2,\"name\":\"AVSS Parachute Recovery System for DJI Matrice 300\/350\",\"item\":\"https:\/\/koningdrone.be\/product\/avss-parachute-recovery-system-for-dji-matrice-300-350\/\"},{\"@type\":\"ListItem\",\"position\":3,\"name\":\"DJI Mavic 3\",\"item\":\"https:\/\/koningdrone.be\/categorie\/dji-mavic-3\/\"},{\"@type\":\"ListItem\",\"position\":4,\"name\":\"DJI Mavic 3 Enterprise (EU-C1)\"}]},{\"@type\":\"WebSite\",\"@id\":\"https:\/\/koningdrone.be\/#website\",\"url\":\"https:\/\/koningdrone.be\/\",\"name\":\"Koningdrone.be - Uw online specialist in drones, gimbals, camera's en power stations.\",\"description\":\"De webshop in drones en gimbals\",\"publisher\":{\"@id\":\"https:\/\/koningdrone.be\/#organization\"},\"potentialAction\":[{\"@type\":\"SearchAction\",\"target\":{\"@type\":\"EntryPoint\",\"urlTemplate\":\"https:\/\/koningdrone.be\/?s={search_term_string}\"},\"query-input\":{\"@type\":\"PropertyValueSpecification\",\"valueRequired\":true,\"valueName\":\"search_term_string\"}}],\"inLanguage\":\"es\"},{\"@type\":\"Organization\",\"@id\":\"https:\/\/koningdrone.be\/#organization\",\"name\":\"Koningdrone.be\",\"url\":\"https:\/\/koningdrone.be\/\",\"logo\":{\"@type\":\"ImageObject\",\"inLanguage\":\"es\",\"@id\":\"https:\/\/koningdrone.be\/#\/schema\/logo\/image\/\",\"url\":\"https:\/\/koningdrone.be\/wp-content\/uploads\/sites\/13\/2025\/04\/koningdrone-copyright-logo.svg\",\"contentUrl\":\"https:\/\/koningdrone.be\/wp-content\/uploads\/sites\/13\/2025\/04\/koningdrone-copyright-logo.svg\",\"width\":227,\"height\":38,\"caption\":\"Koningdrone.be\"},\"image\":{\"@id\":\"https:\/\/koningdrone.be\/#\/schema\/logo\/image\/\"}}]}<\/script>\n<!-- \/ Yoast SEO Premium plugin. -->","yoast_head_json":{"title":"DJI Mavic 3 Enterprise (EU-C1) - koningdrone.be","robots":{"index":"index","follow":"follow","max-snippet":"max-snippet:-1","max-image-preview":"max-image-preview:large","max-video-preview":"max-video-preview:-1"},"canonical":"https:\/\/koningdrone.be\/es\/producto\/dji-mavic-3-enterprise-c1\/","og_locale":"es_ES","og_type":"article","og_title":"DJI Mavic 3 Enterprise (EU-C1)","og_description":"Professionele compacte drone met EU\u2011C1\u2011certificering voor minder beperkingen bij stedelijk vliegen.  20\u202fMP 4\/3\u2033 CMOS-camera met mechanische sluiter voor scherpe beelden.  12\u202fMP telecamera met 56\u00d7 hybride zoom, ideaal voor inspecties op afstand.  Maximaal ca. 36\u202fminuten vliegtijd met omnidirectionele obstakeldetectie.  GPS + Galileo + BeiDou + GLONASS\u2011navigatie voor betrouwbare prestaties in verschillende omgevingen.","og_url":"https:\/\/koningdrone.be\/es\/producto\/dji-mavic-3-enterprise-c1\/","og_site_name":"koningdrone.be","article_modified_time":"2026-04-29T12:50:46+00:00","og_image":[{"width":800,"height":450,"url":"https:\/\/koningdrone.be\/wp-content\/uploads\/sites\/13\/2026\/04\/DJI-Mavic-3-Enterprise-EU-C1.jpg","type":"image\/jpeg"}],"twitter_card":"summary_large_image","twitter_misc":{"Tiempo de lectura":"2 minutos"},"schema":{"@context":"https:\/\/schema.org","@graph":[{"@type":"WebPage","@id":"https:\/\/koningdrone.be\/product\/dji-mavic-3-enterprise-c1\/","url":"https:\/\/koningdrone.be\/product\/dji-mavic-3-enterprise-c1\/","name":"DJI Mavic 3 Enterprise (EU-C1) - koningdrone.be","isPartOf":{"@id":"https:\/\/koningdrone.be\/#website"},"primaryImageOfPage":{"@id":"https:\/\/koningdrone.be\/product\/dji-mavic-3-enterprise-c1\/#primaryimage"},"image":{"@id":"https:\/\/koningdrone.be\/product\/dji-mavic-3-enterprise-c1\/#primaryimage"},"thumbnailUrl":"https:\/\/koningdrone.be\/wp-content\/uploads\/sites\/13\/2026\/04\/DJI-Mavic-3-Enterprise-EU-C1.jpg","datePublished":"2026-03-14T21:07:04+00:00","dateModified":"2026-04-29T12:50:46+00:00","breadcrumb":{"@id":"https:\/\/koningdrone.be\/product\/dji-mavic-3-enterprise-c1\/#breadcrumb"},"inLanguage":"es","potentialAction":[{"@type":"ReadAction","target":["https:\/\/koningdrone.be\/product\/dji-mavic-3-enterprise-c1\/"]}]},{"@type":"ImageObject","inLanguage":"es","@id":"https:\/\/koningdrone.be\/product\/dji-mavic-3-enterprise-c1\/#primaryimage","url":"https:\/\/koningdrone.be\/wp-content\/uploads\/sites\/13\/2026\/04\/DJI-Mavic-3-Enterprise-EU-C1.jpg","contentUrl":"https:\/\/koningdrone.be\/wp-content\/uploads\/sites\/13\/2026\/04\/DJI-Mavic-3-Enterprise-EU-C1.jpg","width":800,"height":450},{"@type":"BreadcrumbList","@id":"https:\/\/koningdrone.be\/product\/dji-mavic-3-enterprise-c1\/#breadcrumb","itemListElement":[{"@type":"ListItem","position":1,"name":"Home","item":"https:\/\/koningdrone.be\/"},{"@type":"ListItem","position":2,"name":"AVSS Parachute Recovery System for DJI Matrice 300\/350","item":"https:\/\/koningdrone.be\/product\/avss-parachute-recovery-system-for-dji-matrice-300-350\/"},{"@type":"ListItem","position":3,"name":"DJI Mavic 3","item":"https:\/\/koningdrone.be\/categorie\/dji-mavic-3\/"},{"@type":"ListItem","position":4,"name":"DJI Mavic 3 Enterprise (EU-C1)"}]},{"@type":"WebSite","@id":"https:\/\/koningdrone.be\/#website","url":"https:\/\/koningdrone.be\/","name":"Koningdrone.be - Su especialista en l\u00ednea en drones, cardanes, c\u00e1maras y centrales el\u00e9ctricas.","description":"La tienda virtual de drones y cardanes","publisher":{"@id":"https:\/\/koningdrone.be\/#organization"},"potentialAction":[{"@type":"SearchAction","target":{"@type":"EntryPoint","urlTemplate":"https:\/\/koningdrone.be\/?s={search_term_string}"},"query-input":{"@type":"PropertyValueSpecification","valueRequired":true,"valueName":"search_term_string"}}],"inLanguage":"es"},{"@type":"Organization","@id":"https:\/\/koningdrone.be\/#organization","name":"Kingdrone.es","url":"https:\/\/koningdrone.be\/","logo":{"@type":"ImageObject","inLanguage":"es","@id":"https:\/\/koningdrone.be\/#\/schema\/logo\/image\/","url":"https:\/\/koningdrone.be\/wp-content\/uploads\/sites\/13\/2025\/04\/koningdrone-copyright-logo.svg","contentUrl":"https:\/\/koningdrone.be\/wp-content\/uploads\/sites\/13\/2025\/04\/koningdrone-copyright-logo.svg","width":227,"height":38,"caption":"Koningdrone.be"},"image":{"@id":"https:\/\/koningdrone.be\/#\/schema\/logo\/image\/"}}]}},"df_price":3518,"df_sale_price":"","df_regular_price":3518,"df_image_link":"https:\/\/koningdrone.be\/wp-content\/uploads\/sites\/13\/2026\/04\/DJI-Mavic-3-Enterprise-EU-C1-300x169.jpg","_links":{"self":[{"href":"https:\/\/koningdrone.be\/es\/wp-json\/wp\/v2\/product\/18203","targetHints":{"allow":["GET"]}}],"collection":[{"href":"https:\/\/koningdrone.be\/es\/wp-json\/wp\/v2\/product"}],"about":[{"href":"https:\/\/koningdrone.be\/es\/wp-json\/wp\/v2\/types\/product"}],"wp:featuredmedia":[{"embeddable":true,"href":"https:\/\/koningdrone.be\/es\/wp-json\/wp\/v2\/media\/18202"}],"wp:attachment":[{"href":"https:\/\/koningdrone.be\/es\/wp-json\/wp\/v2\/media?parent=18203"}],"wp:term":[{"taxonomy":"product_brand","embeddable":true,"href":"https:\/\/koningdrone.be\/es\/wp-json\/wp\/v2\/product_brand?post=18203"},{"taxonomy":"product_cat","embeddable":true,"href":"https:\/\/koningdrone.be\/es\/wp-json\/wp\/v2\/product_cat?post=18203"},{"taxonomy":"product_tag","embeddable":true,"href":"https:\/\/koningdrone.be\/es\/wp-json\/wp\/v2\/product_tag?post=18203"}],"curies":[{"name":"wp","href":"https:\/\/api.w.org\/{rel}","templated":true}]}}