{"id":1819,"date":"2024-11-05T10:27:03","date_gmt":"2024-11-05T09:27:03","guid":{"rendered":"https:\/\/koningdrone.nl\/kon\/product\/ecoflow-river-3\/"},"modified":"2026-04-29T16:10:36","modified_gmt":"2026-04-29T14:10:36","slug":"ecoflow-river-3","status":"publish","type":"product","link":"https:\/\/koningdrone.be\/es\/producto\/ecoflow-river-3\/","title":{"rendered":"EcoFlow R\u00edo 3"},"content":{"rendered":"<p>La fuente de alimentaci\u00f3n EcoFlow RIVER 3 es una soluci\u00f3n de alimentaci\u00f3n compacta pero potente para emergencias dom\u00e9sticas y sobre la marcha. Con una potencia nominal de 300 W y una funci\u00f3n X-Boost de hasta 600 W, puede alimentar hasta 90% de sus dispositivos cotidianos. Gracias a su peso ligero y su dise\u00f1o compacto, cabe f\u00e1cilmente en una mochila o una autocaravana, ideal para viajes, acampadas o emergencias.<\/p>\n<p>Esta central el\u00e9ctrica utiliza la eficiente tecnolog\u00eda GaN para prolongar la duraci\u00f3n de la bater\u00eda y ofrecer un funcionamiento silencioso (&lt;30 dB). Las cuatro opciones de carga flexibles -a trav\u00e9s de la red el\u00e9ctrica, solar, coche o generador- garantizan que pueda cargar en cualquier momento y lugar. Caracter\u00edsticas adicionales como la protecci\u00f3n X-Guard, la clasificaci\u00f3n IP54 y una funci\u00f3n SAI integrada con un tiempo de conmutaci\u00f3n inferior a 10 ms garantizan una seguridad y fiabilidad \u00f3ptimas. Una elecci\u00f3n robusta y duradera para los que no quieren quedarse sin energ\u00eda en la carretera.<\/p>","protected":false},"excerpt":{"rendered":"<ul>\n<li>El EcoFlow River 3 es ligero y port\u00e1til, lo que lo hace perfecto para aventuras al aire libre.<\/li>\n<li>Ofrece opciones de carga vers\u00e1tiles para varios dispositivos, como port\u00e1tiles, tel\u00e9fonos y peque\u00f1os electrodom\u00e9sticos.<\/li>\n<li>Las opciones de carga r\u00e1pida garantizan un tiempo de inactividad m\u00ednimo, tanto si utiliza CA, energ\u00eda solar o carga en el coche.<\/li>\n<li>La bater\u00eda LiFePO4 incorporada es duradera y resistente, con una capacidad de hasta 3.000 ciclos a 80%.<\/li>\n<li>Su funcionamiento silencioso, con niveles de ruido inferiores a 30 dB, lo hace ideal para su uso en entornos silenciosos.<\/li>\n<\/ul>","protected":false},"featured_media":1814,"template":"","meta":{"_acf_changed":false},"product_brand":[],"product_cat":[97,245,276],"product_tag":[],"class_list":{"0":"post-1819","1":"product","2":"type-product","3":"status-publish","4":"has-post-thumbnail","6":"product_cat-alle-producten","7":"product_cat-ecoflow","8":"product_cat-ecoflow-powerstations","9":"product_shipping_class-outofstock","10":"pa_brand-ecoflow","11":"pa_productfamily-river","12":"pa_producttype-power-station","13":"pa_series-river-3","15":"first","16":"outofstock","17":"taxable","18":"shipping-taxable","19":"purchasable","20":"product-type-simple"},"acf":[],"yoast_head":"<!-- This site is optimized with the Yoast SEO Premium plugin v27.2 (Yoast SEO v27.2) - https:\/\/yoast.com\/product\/yoast-seo-premium-wordpress\/ -->\n<title>EcoFlow River 3 - koningdrone.be<\/title>\n<meta name=\"robots\" content=\"index, follow, max-snippet:-1, max-image-preview:large, max-video-preview:-1\" \/>\n<link rel=\"canonical\" href=\"https:\/\/koningdrone.be\/es\/producto\/ecoflow-river-3\/\" \/>\n<meta property=\"og:locale\" content=\"es_ES\" \/>\n<meta property=\"og:type\" content=\"article\" \/>\n<meta property=\"og:title\" content=\"EcoFlow River 3\" \/>\n<meta property=\"og:description\" content=\"De EcoFlow River 3 is lichtgewicht en draagbaar, waardoor hij perfect is voor buitenavonturen.  Hij biedt veelzijdige oplaadmogelijkheden voor verschillende apparaten, waaronder laptops, telefoons en kleine apparaten.  Snelle oplaadmogelijkheden zorgen voor minimale uitvaltijd, of je nu gebruik maakt van wisselstroom, zonne-energie of opladen in de auto.  De ingebouwde LiFePO4-batterij gaat lang mee en is duurzaam, met tot 3.000 cycli tot 80% capaciteit.  De stille werking, met geluidsniveaus onder de 30 dB, maakt hem ideaal voor gebruik in rustige omgevingen.\" \/>\n<meta property=\"og:url\" content=\"https:\/\/koningdrone.be\/es\/producto\/ecoflow-river-3\/\" \/>\n<meta property=\"og:site_name\" content=\"koningdrone.be\" \/>\n<meta property=\"article:modified_time\" content=\"2026-04-29T14:10:36+00:00\" \/>\n<meta property=\"og:image\" content=\"https:\/\/koningdrone.be\/wp-content\/uploads\/sites\/13\/2025\/04\/Ecoflow-River-3-2.webp\" \/>\n\t<meta property=\"og:image:width\" content=\"1600\" \/>\n\t<meta property=\"og:image:height\" content=\"1000\" \/>\n\t<meta property=\"og:image:type\" content=\"image\/webp\" \/>\n<meta name=\"twitter:card\" content=\"summary_large_image\" \/>\n<meta name=\"twitter:label1\" content=\"Tiempo de lectura\" \/>\n\t<meta name=\"twitter:data1\" content=\"1 minuto\" \/>\n<script type=\"application\/ld+json\" class=\"yoast-schema-graph\">{\"@context\":\"https:\/\/schema.org\",\"@graph\":[{\"@type\":\"WebPage\",\"@id\":\"https:\/\/koningdrone.be\/product\/ecoflow-river-3\/\",\"url\":\"https:\/\/koningdrone.be\/product\/ecoflow-river-3\/\",\"name\":\"EcoFlow River 3 - koningdrone.be\",\"isPartOf\":{\"@id\":\"https:\/\/koningdrone.be\/#website\"},\"primaryImageOfPage\":{\"@id\":\"https:\/\/koningdrone.be\/product\/ecoflow-river-3\/#primaryimage\"},\"image\":{\"@id\":\"https:\/\/koningdrone.be\/product\/ecoflow-river-3\/#primaryimage\"},\"thumbnailUrl\":\"https:\/\/koningdrone.be\/wp-content\/uploads\/sites\/13\/2025\/04\/Ecoflow-River-3-2.webp\",\"datePublished\":\"2024-11-05T09:27:03+00:00\",\"dateModified\":\"2026-04-29T14:10:36+00:00\",\"breadcrumb\":{\"@id\":\"https:\/\/koningdrone.be\/product\/ecoflow-river-3\/#breadcrumb\"},\"inLanguage\":\"es\",\"potentialAction\":[{\"@type\":\"ReadAction\",\"target\":[\"https:\/\/koningdrone.be\/product\/ecoflow-river-3\/\"]}]},{\"@type\":\"ImageObject\",\"inLanguage\":\"es\",\"@id\":\"https:\/\/koningdrone.be\/product\/ecoflow-river-3\/#primaryimage\",\"url\":\"https:\/\/koningdrone.be\/wp-content\/uploads\/sites\/13\/2025\/04\/Ecoflow-River-3-2.webp\",\"contentUrl\":\"https:\/\/koningdrone.be\/wp-content\/uploads\/sites\/13\/2025\/04\/Ecoflow-River-3-2.webp\",\"width\":1600,\"height\":1000},{\"@type\":\"BreadcrumbList\",\"@id\":\"https:\/\/koningdrone.be\/product\/ecoflow-river-3\/#breadcrumb\",\"itemListElement\":[{\"@type\":\"ListItem\",\"position\":1,\"name\":\"Home\",\"item\":\"https:\/\/koningdrone.be\/\"},{\"@type\":\"ListItem\",\"position\":2,\"name\":\"AVSS Parachute Recovery System for DJI Matrice 300\/350\",\"item\":\"https:\/\/koningdrone.be\/product\/avss-parachute-recovery-system-for-dji-matrice-300-350\/\"},{\"@type\":\"ListItem\",\"position\":3,\"name\":\"Alle producten\",\"item\":\"https:\/\/koningdrone.be\/categorie\/alle-producten\/\"},{\"@type\":\"ListItem\",\"position\":4,\"name\":\"EcoFlow River 3\"}]},{\"@type\":\"WebSite\",\"@id\":\"https:\/\/koningdrone.be\/#website\",\"url\":\"https:\/\/koningdrone.be\/\",\"name\":\"Koningdrone.be - Uw online specialist in drones, gimbals, camera's en power stations.\",\"description\":\"De webshop in drones en gimbals\",\"publisher\":{\"@id\":\"https:\/\/koningdrone.be\/#organization\"},\"potentialAction\":[{\"@type\":\"SearchAction\",\"target\":{\"@type\":\"EntryPoint\",\"urlTemplate\":\"https:\/\/koningdrone.be\/?s={search_term_string}\"},\"query-input\":{\"@type\":\"PropertyValueSpecification\",\"valueRequired\":true,\"valueName\":\"search_term_string\"}}],\"inLanguage\":\"es\"},{\"@type\":\"Organization\",\"@id\":\"https:\/\/koningdrone.be\/#organization\",\"name\":\"Koningdrone.be\",\"url\":\"https:\/\/koningdrone.be\/\",\"logo\":{\"@type\":\"ImageObject\",\"inLanguage\":\"es\",\"@id\":\"https:\/\/koningdrone.be\/#\/schema\/logo\/image\/\",\"url\":\"https:\/\/koningdrone.be\/wp-content\/uploads\/sites\/13\/2025\/04\/koningdrone-copyright-logo.svg\",\"contentUrl\":\"https:\/\/koningdrone.be\/wp-content\/uploads\/sites\/13\/2025\/04\/koningdrone-copyright-logo.svg\",\"width\":227,\"height\":38,\"caption\":\"Koningdrone.be\"},\"image\":{\"@id\":\"https:\/\/koningdrone.be\/#\/schema\/logo\/image\/\"}}]}<\/script>\n<!-- \/ Yoast SEO Premium plugin. -->","yoast_head_json":{"title":"EcoFlow River 3 - koningdrone.be","robots":{"index":"index","follow":"follow","max-snippet":"max-snippet:-1","max-image-preview":"max-image-preview:large","max-video-preview":"max-video-preview:-1"},"canonical":"https:\/\/koningdrone.be\/es\/producto\/ecoflow-river-3\/","og_locale":"es_ES","og_type":"article","og_title":"EcoFlow River 3","og_description":"De EcoFlow River 3 is lichtgewicht en draagbaar, waardoor hij perfect is voor buitenavonturen.  Hij biedt veelzijdige oplaadmogelijkheden voor verschillende apparaten, waaronder laptops, telefoons en kleine apparaten.  Snelle oplaadmogelijkheden zorgen voor minimale uitvaltijd, of je nu gebruik maakt van wisselstroom, zonne-energie of opladen in de auto.  De ingebouwde LiFePO4-batterij gaat lang mee en is duurzaam, met tot 3.000 cycli tot 80% capaciteit.  De stille werking, met geluidsniveaus onder de 30 dB, maakt hem ideaal voor gebruik in rustige omgevingen.","og_url":"https:\/\/koningdrone.be\/es\/producto\/ecoflow-river-3\/","og_site_name":"koningdrone.be","article_modified_time":"2026-04-29T14:10:36+00:00","og_image":[{"width":1600,"height":1000,"url":"https:\/\/koningdrone.be\/wp-content\/uploads\/sites\/13\/2025\/04\/Ecoflow-River-3-2.webp","type":"image\/webp"}],"twitter_card":"summary_large_image","twitter_misc":{"Tiempo de lectura":"1 minuto"},"schema":{"@context":"https:\/\/schema.org","@graph":[{"@type":"WebPage","@id":"https:\/\/koningdrone.be\/product\/ecoflow-river-3\/","url":"https:\/\/koningdrone.be\/product\/ecoflow-river-3\/","name":"EcoFlow River 3 - koningdrone.be","isPartOf":{"@id":"https:\/\/koningdrone.be\/#website"},"primaryImageOfPage":{"@id":"https:\/\/koningdrone.be\/product\/ecoflow-river-3\/#primaryimage"},"image":{"@id":"https:\/\/koningdrone.be\/product\/ecoflow-river-3\/#primaryimage"},"thumbnailUrl":"https:\/\/koningdrone.be\/wp-content\/uploads\/sites\/13\/2025\/04\/Ecoflow-River-3-2.webp","datePublished":"2024-11-05T09:27:03+00:00","dateModified":"2026-04-29T14:10:36+00:00","breadcrumb":{"@id":"https:\/\/koningdrone.be\/product\/ecoflow-river-3\/#breadcrumb"},"inLanguage":"es","potentialAction":[{"@type":"ReadAction","target":["https:\/\/koningdrone.be\/product\/ecoflow-river-3\/"]}]},{"@type":"ImageObject","inLanguage":"es","@id":"https:\/\/koningdrone.be\/product\/ecoflow-river-3\/#primaryimage","url":"https:\/\/koningdrone.be\/wp-content\/uploads\/sites\/13\/2025\/04\/Ecoflow-River-3-2.webp","contentUrl":"https:\/\/koningdrone.be\/wp-content\/uploads\/sites\/13\/2025\/04\/Ecoflow-River-3-2.webp","width":1600,"height":1000},{"@type":"BreadcrumbList","@id":"https:\/\/koningdrone.be\/product\/ecoflow-river-3\/#breadcrumb","itemListElement":[{"@type":"ListItem","position":1,"name":"Home","item":"https:\/\/koningdrone.be\/"},{"@type":"ListItem","position":2,"name":"AVSS Parachute Recovery System for DJI Matrice 300\/350","item":"https:\/\/koningdrone.be\/product\/avss-parachute-recovery-system-for-dji-matrice-300-350\/"},{"@type":"ListItem","position":3,"name":"Alle producten","item":"https:\/\/koningdrone.be\/categorie\/alle-producten\/"},{"@type":"ListItem","position":4,"name":"EcoFlow River 3"}]},{"@type":"WebSite","@id":"https:\/\/koningdrone.be\/#website","url":"https:\/\/koningdrone.be\/","name":"Koningdrone.be - Su especialista en l\u00ednea en drones, cardanes, c\u00e1maras y centrales el\u00e9ctricas.","description":"La tienda virtual de drones y cardanes","publisher":{"@id":"https:\/\/koningdrone.be\/#organization"},"potentialAction":[{"@type":"SearchAction","target":{"@type":"EntryPoint","urlTemplate":"https:\/\/koningdrone.be\/?s={search_term_string}"},"query-input":{"@type":"PropertyValueSpecification","valueRequired":true,"valueName":"search_term_string"}}],"inLanguage":"es"},{"@type":"Organization","@id":"https:\/\/koningdrone.be\/#organization","name":"Kingdrone.es","url":"https:\/\/koningdrone.be\/","logo":{"@type":"ImageObject","inLanguage":"es","@id":"https:\/\/koningdrone.be\/#\/schema\/logo\/image\/","url":"https:\/\/koningdrone.be\/wp-content\/uploads\/sites\/13\/2025\/04\/koningdrone-copyright-logo.svg","contentUrl":"https:\/\/koningdrone.be\/wp-content\/uploads\/sites\/13\/2025\/04\/koningdrone-copyright-logo.svg","width":227,"height":38,"caption":"Koningdrone.be"},"image":{"@id":"https:\/\/koningdrone.be\/#\/schema\/logo\/image\/"}}]}},"df_price":249.01,"df_sale_price":"","df_regular_price":249.01,"df_image_link":"https:\/\/koningdrone.be\/wp-content\/uploads\/sites\/13\/2025\/04\/Ecoflow-River-3-2-300x188.webp","_links":{"self":[{"href":"https:\/\/koningdrone.be\/es\/wp-json\/wp\/v2\/product\/1819","targetHints":{"allow":["GET"]}}],"collection":[{"href":"https:\/\/koningdrone.be\/es\/wp-json\/wp\/v2\/product"}],"about":[{"href":"https:\/\/koningdrone.be\/es\/wp-json\/wp\/v2\/types\/product"}],"wp:featuredmedia":[{"embeddable":true,"href":"https:\/\/koningdrone.be\/es\/wp-json\/wp\/v2\/media\/1814"}],"wp:attachment":[{"href":"https:\/\/koningdrone.be\/es\/wp-json\/wp\/v2\/media?parent=1819"}],"wp:term":[{"taxonomy":"product_brand","embeddable":true,"href":"https:\/\/koningdrone.be\/es\/wp-json\/wp\/v2\/product_brand?post=1819"},{"taxonomy":"product_cat","embeddable":true,"href":"https:\/\/koningdrone.be\/es\/wp-json\/wp\/v2\/product_cat?post=1819"},{"taxonomy":"product_tag","embeddable":true,"href":"https:\/\/koningdrone.be\/es\/wp-json\/wp\/v2\/product_tag?post=1819"}],"curies":[{"name":"wp","href":"https:\/\/api.w.org\/{rel}","templated":true}]}}