{"id":18099,"date":"2026-03-30T15:50:51","date_gmt":"2026-03-30T13:50:51","guid":{"rendered":"https:\/\/koningdrone.be\/?post_type=product&#038;p=18099"},"modified":"2026-04-29T04:30:34","modified_gmt":"2026-04-29T02:30:34","slug":"hprc-2460-for-dji-mavic-4-pro-creator-combo","status":"publish","type":"product","link":"https:\/\/koningdrone.be\/es\/producto\/hprc-2460-for-dji-mavic-4-pro-creator-combo\/","title":{"rendered":"HPRC 2460 PARA DJI MAVIC 4 PRO CREATOR COMBO"},"content":{"rendered":"<h3>HPRC 2460 PARA DJI MAVIC 4 PRO CREATOR COMBO<\/h3>\n<p>La funda HPRC 2460 para DJI Mavic 4 Pro Creator Combo es una funda protectora de alta calidad dise\u00f1ada espec\u00edficamente para transportar y guardar de forma segura tu dron y sus accesorios. Esta funda es perfecta para profesionales de drones, vide\u00f3grafos y fot\u00f3grafos que se desplazan a menudo y necesitan la m\u00e1xima protecci\u00f3n contra da\u00f1os durante el transporte. Mantiene su valioso equipo seco, sin polvo y bien ordenado.<\/p>\n<p style=\"margin-bottom: 20px\">Tanto si trabajas en exteriores como si viajas con tu equipo o simplemente quieres que todo permanezca ordenado en un solo lugar, esta funda HPRC proporciona la protecci\u00f3n perfecta para tu DJI Mavic 4 Pro Creator Combo.<\/p>\n<p><a href=\"https:\/\/koningdrone.nl\/wp-content\/uploads\/2026\/03\/HPRC-2460-FOR-Product-DJI-MAVIC-4-PRO-CREATOR-COMBO.webp\"><img loading=\"lazy\" decoding=\"async\" class=\"wp-image-471141 size-full aligncenter\" src=\"https:\/\/koningdrone.nl\/wp-content\/uploads\/2026\/03\/HPRC-2460-FOR-Product-DJI-MAVIC-4-PRO-CREATOR-COMBO.webp\" alt=\"HPRC 2460 FOR Product DJI MAVIC 4 PRO CREATOR COMBO\" width=\"1200\" height=\"800\" \/><\/a><\/p>\n<h4>Rendimiento y funcionalidad<\/h4>\n<p>De HPRC 2460 is gemaakt van lichtgewicht maar zeer stevig harsmateriaal dat water, stof, schokken en corrosie weerstaat. Dankzij het voorgesneden Vector Panel schuim heb je overzichtelijke compartimenten voor je Mavic 4 Pro Creator Combo, controller(s), batterijen, lade\u2011hub, adapters en accessoires. De foam zorgt voor demping en voorkomt beweging en schade tijdens transport.<\/p>\n<p>De robuuste sluitingen houden de koffer betrouwbaar gesloten, terwijl de ge\u00efntegreerde handgreep comfortabel dragen mogelijk maakt, zelfs op lange reizen.<\/p>\n<h4>Calidad de construcci\u00f3n y dise\u00f1o<\/h4>\n<p>Esta funda puede soportar condiciones extremas y est\u00e1 dise\u00f1ada con altos est\u00e1ndares de calidad. El exterior es impermeable y ofrece protecci\u00f3n IP67, lo que garantiza que la humedad y la suciedad no tengan ninguna oportunidad. La construcci\u00f3n tambi\u00e9n es compatible con ATA-300 y puede soportar fluctuaciones de temperatura de -40 \u00b0C a +80 \u00b0C. La disposici\u00f3n de la espuma precortada est\u00e1 ingeniosamente dise\u00f1ada para guardar el dron y los accesorios de forma segura y c\u00f3moda.<\/p>\n<p><a href=\"https:\/\/koningdrone.nl\/wp-content\/uploads\/2026\/03\/DJI-MAVIC-4-PRO-CREATOR-COMBO-Product.webp\"><img loading=\"lazy\" decoding=\"async\" class=\"size-medium wp-image-471134 aligncenter\" src=\"https:\/\/koningdrone.nl\/wp-content\/uploads\/2026\/03\/DJI-MAVIC-4-PRO-CREATOR-COMBO-Product-300x300.webp\" alt=\"DJI MAVIC 4 PRO CREATOR COMBO Product\" width=\"300\" height=\"300\" \/><\/a><\/p>\n<h4>Por qu\u00e9 lo necesita<\/h4>\n<p>Si tu DJI Mavic 4 Pro Creator Combo es valioso para ti, querr\u00e1s mantenerlo seguro durante el transporte y el almacenamiento. Esta funda HPRC ofrece la m\u00e1xima protecci\u00f3n, comodidad y organizaci\u00f3n, para que puedas viajar sin preocupaciones con tu dron y tu equipo.<\/p>","protected":false},"excerpt":{"rendered":"<ul>\n<li>Funda r\u00edgida resistente y ligera para proteger el dron<\/li>\n<li>Resistente al agua, al polvo y a los golpes (IP67)<\/li>\n<li>Espuma precortada Vector Panel para una disposici\u00f3n clara<\/li>\n<li>Especialmente dise\u00f1ado para DJI Mavic 4 Pro Creator Combo accesorios<\/li>\n<li>C\u00f3modamente port\u00e1til con asa integrada<\/li>\n<\/ul>","protected":false},"featured_media":18100,"template":"","meta":{"_acf_changed":false},"product_brand":[],"product_cat":[1415],"product_tag":[],"class_list":{"0":"post-18099","1":"product","2":"type-product","3":"status-publish","4":"has-post-thumbnail","6":"product_cat-dji-mavic-4-pro","7":"product_shipping_class-dronelandall","8":"pa_brand-hprc","9":"pa_producttype-beschermkoffer","11":"first","12":"instock","13":"taxable","14":"shipping-taxable","15":"purchasable","16":"product-type-simple"},"acf":[],"yoast_head":"<!-- This site is optimized with the Yoast SEO Premium plugin v27.2 (Yoast SEO v27.2) - https:\/\/yoast.com\/product\/yoast-seo-premium-wordpress\/ -->\n<title>HPRC 2460 FOR DJI MAVIC 4 PRO CREATOR COMBO - koningdrone.be<\/title>\n<meta name=\"robots\" content=\"index, follow, max-snippet:-1, max-image-preview:large, max-video-preview:-1\" \/>\n<link rel=\"canonical\" href=\"https:\/\/koningdrone.be\/es\/producto\/hprc-2460-for-dji-mavic-4-pro-creator-combo\/\" \/>\n<meta property=\"og:locale\" content=\"es_ES\" \/>\n<meta property=\"og:type\" content=\"article\" \/>\n<meta property=\"og:title\" content=\"HPRC 2460 FOR DJI MAVIC 4 PRO CREATOR COMBO\" \/>\n<meta property=\"og:description\" content=\"Sterke en lichtgewicht harde koffer voor dronebescherming  Waterdicht, stofdicht en bestand tegen schokken (IP67)  Voorgesneden Vector Panel schuim voor overzichtelijke indeling  Speciaal ontworpen voor DJI Mavic 4 Pro Creator Combo accessoires  Comfortabel draagbaar met ge\u00efntegreerde handgreep\" \/>\n<meta property=\"og:url\" content=\"https:\/\/koningdrone.be\/es\/producto\/hprc-2460-for-dji-mavic-4-pro-creator-combo\/\" \/>\n<meta property=\"og:site_name\" content=\"koningdrone.be\" \/>\n<meta property=\"article:modified_time\" content=\"2026-04-29T02:30:34+00:00\" \/>\n<meta property=\"og:image\" content=\"https:\/\/koningdrone.be\/wp-content\/uploads\/sites\/13\/2026\/03\/HPRC-2460-FOR-DJI-MAVIC-4-PRO-CREATOR-COMBO.webp\" \/>\n\t<meta property=\"og:image:width\" content=\"2048\" \/>\n\t<meta property=\"og:image:height\" content=\"2048\" \/>\n\t<meta property=\"og:image:type\" content=\"image\/webp\" \/>\n<meta name=\"twitter:card\" content=\"summary_large_image\" \/>\n<meta name=\"twitter:label1\" content=\"Tiempo de lectura\" \/>\n\t<meta name=\"twitter:data1\" content=\"1 minuto\" \/>\n<script type=\"application\/ld+json\" class=\"yoast-schema-graph\">{\"@context\":\"https:\/\/schema.org\",\"@graph\":[{\"@type\":\"WebPage\",\"@id\":\"https:\/\/koningdrone.be\/product\/hprc-2460-for-dji-mavic-4-pro-creator-combo\/\",\"url\":\"https:\/\/koningdrone.be\/product\/hprc-2460-for-dji-mavic-4-pro-creator-combo\/\",\"name\":\"HPRC 2460 FOR DJI MAVIC 4 PRO CREATOR COMBO - koningdrone.be\",\"isPartOf\":{\"@id\":\"https:\/\/koningdrone.be\/#website\"},\"primaryImageOfPage\":{\"@id\":\"https:\/\/koningdrone.be\/product\/hprc-2460-for-dji-mavic-4-pro-creator-combo\/#primaryimage\"},\"image\":{\"@id\":\"https:\/\/koningdrone.be\/product\/hprc-2460-for-dji-mavic-4-pro-creator-combo\/#primaryimage\"},\"thumbnailUrl\":\"https:\/\/koningdrone.be\/wp-content\/uploads\/sites\/13\/2026\/03\/HPRC-2460-FOR-DJI-MAVIC-4-PRO-CREATOR-COMBO.webp\",\"datePublished\":\"2026-03-30T13:50:51+00:00\",\"dateModified\":\"2026-04-29T02:30:34+00:00\",\"breadcrumb\":{\"@id\":\"https:\/\/koningdrone.be\/product\/hprc-2460-for-dji-mavic-4-pro-creator-combo\/#breadcrumb\"},\"inLanguage\":\"es\",\"potentialAction\":[{\"@type\":\"ReadAction\",\"target\":[\"https:\/\/koningdrone.be\/product\/hprc-2460-for-dji-mavic-4-pro-creator-combo\/\"]}]},{\"@type\":\"ImageObject\",\"inLanguage\":\"es\",\"@id\":\"https:\/\/koningdrone.be\/product\/hprc-2460-for-dji-mavic-4-pro-creator-combo\/#primaryimage\",\"url\":\"https:\/\/koningdrone.be\/wp-content\/uploads\/sites\/13\/2026\/03\/HPRC-2460-FOR-DJI-MAVIC-4-PRO-CREATOR-COMBO.webp\",\"contentUrl\":\"https:\/\/koningdrone.be\/wp-content\/uploads\/sites\/13\/2026\/03\/HPRC-2460-FOR-DJI-MAVIC-4-PRO-CREATOR-COMBO.webp\",\"width\":2048,\"height\":2048},{\"@type\":\"BreadcrumbList\",\"@id\":\"https:\/\/koningdrone.be\/product\/hprc-2460-for-dji-mavic-4-pro-creator-combo\/#breadcrumb\",\"itemListElement\":[{\"@type\":\"ListItem\",\"position\":1,\"name\":\"Home\",\"item\":\"https:\/\/koningdrone.be\/\"},{\"@type\":\"ListItem\",\"position\":2,\"name\":\"AVSS Parachute Recovery System for DJI Matrice 300\/350\",\"item\":\"https:\/\/koningdrone.be\/product\/avss-parachute-recovery-system-for-dji-matrice-300-350\/\"},{\"@type\":\"ListItem\",\"position\":3,\"name\":\"DJI Mavic 4 Pro\",\"item\":\"https:\/\/koningdrone.be\/categorie\/dji-mavic-4-pro\/\"},{\"@type\":\"ListItem\",\"position\":4,\"name\":\"HPRC 2460 FOR DJI MAVIC 4 PRO CREATOR COMBO\"}]},{\"@type\":\"WebSite\",\"@id\":\"https:\/\/koningdrone.be\/#website\",\"url\":\"https:\/\/koningdrone.be\/\",\"name\":\"Koningdrone.be - Uw online specialist in drones, gimbals, camera's en power stations.\",\"description\":\"De webshop in drones en gimbals\",\"publisher\":{\"@id\":\"https:\/\/koningdrone.be\/#organization\"},\"potentialAction\":[{\"@type\":\"SearchAction\",\"target\":{\"@type\":\"EntryPoint\",\"urlTemplate\":\"https:\/\/koningdrone.be\/?s={search_term_string}\"},\"query-input\":{\"@type\":\"PropertyValueSpecification\",\"valueRequired\":true,\"valueName\":\"search_term_string\"}}],\"inLanguage\":\"es\"},{\"@type\":\"Organization\",\"@id\":\"https:\/\/koningdrone.be\/#organization\",\"name\":\"Koningdrone.be\",\"url\":\"https:\/\/koningdrone.be\/\",\"logo\":{\"@type\":\"ImageObject\",\"inLanguage\":\"es\",\"@id\":\"https:\/\/koningdrone.be\/#\/schema\/logo\/image\/\",\"url\":\"https:\/\/koningdrone.be\/wp-content\/uploads\/sites\/13\/2025\/04\/koningdrone-copyright-logo.svg\",\"contentUrl\":\"https:\/\/koningdrone.be\/wp-content\/uploads\/sites\/13\/2025\/04\/koningdrone-copyright-logo.svg\",\"width\":227,\"height\":38,\"caption\":\"Koningdrone.be\"},\"image\":{\"@id\":\"https:\/\/koningdrone.be\/#\/schema\/logo\/image\/\"}}]}<\/script>\n<!-- \/ Yoast SEO Premium plugin. -->","yoast_head_json":{"title":"HPRC 2460 FOR DJI MAVIC 4 PRO CREATOR COMBO - koningdrone.be","robots":{"index":"index","follow":"follow","max-snippet":"max-snippet:-1","max-image-preview":"max-image-preview:large","max-video-preview":"max-video-preview:-1"},"canonical":"https:\/\/koningdrone.be\/es\/producto\/hprc-2460-for-dji-mavic-4-pro-creator-combo\/","og_locale":"es_ES","og_type":"article","og_title":"HPRC 2460 FOR DJI MAVIC 4 PRO CREATOR COMBO","og_description":"Sterke en lichtgewicht harde koffer voor dronebescherming  Waterdicht, stofdicht en bestand tegen schokken (IP67)  Voorgesneden Vector Panel schuim voor overzichtelijke indeling  Speciaal ontworpen voor DJI Mavic 4 Pro Creator Combo accessoires  Comfortabel draagbaar met ge\u00efntegreerde handgreep","og_url":"https:\/\/koningdrone.be\/es\/producto\/hprc-2460-for-dji-mavic-4-pro-creator-combo\/","og_site_name":"koningdrone.be","article_modified_time":"2026-04-29T02:30:34+00:00","og_image":[{"width":2048,"height":2048,"url":"https:\/\/koningdrone.be\/wp-content\/uploads\/sites\/13\/2026\/03\/HPRC-2460-FOR-DJI-MAVIC-4-PRO-CREATOR-COMBO.webp","type":"image\/webp"}],"twitter_card":"summary_large_image","twitter_misc":{"Tiempo de lectura":"1 minuto"},"schema":{"@context":"https:\/\/schema.org","@graph":[{"@type":"WebPage","@id":"https:\/\/koningdrone.be\/product\/hprc-2460-for-dji-mavic-4-pro-creator-combo\/","url":"https:\/\/koningdrone.be\/product\/hprc-2460-for-dji-mavic-4-pro-creator-combo\/","name":"HPRC 2460 FOR DJI MAVIC 4 PRO CREATOR COMBO - koningdrone.be","isPartOf":{"@id":"https:\/\/koningdrone.be\/#website"},"primaryImageOfPage":{"@id":"https:\/\/koningdrone.be\/product\/hprc-2460-for-dji-mavic-4-pro-creator-combo\/#primaryimage"},"image":{"@id":"https:\/\/koningdrone.be\/product\/hprc-2460-for-dji-mavic-4-pro-creator-combo\/#primaryimage"},"thumbnailUrl":"https:\/\/koningdrone.be\/wp-content\/uploads\/sites\/13\/2026\/03\/HPRC-2460-FOR-DJI-MAVIC-4-PRO-CREATOR-COMBO.webp","datePublished":"2026-03-30T13:50:51+00:00","dateModified":"2026-04-29T02:30:34+00:00","breadcrumb":{"@id":"https:\/\/koningdrone.be\/product\/hprc-2460-for-dji-mavic-4-pro-creator-combo\/#breadcrumb"},"inLanguage":"es","potentialAction":[{"@type":"ReadAction","target":["https:\/\/koningdrone.be\/product\/hprc-2460-for-dji-mavic-4-pro-creator-combo\/"]}]},{"@type":"ImageObject","inLanguage":"es","@id":"https:\/\/koningdrone.be\/product\/hprc-2460-for-dji-mavic-4-pro-creator-combo\/#primaryimage","url":"https:\/\/koningdrone.be\/wp-content\/uploads\/sites\/13\/2026\/03\/HPRC-2460-FOR-DJI-MAVIC-4-PRO-CREATOR-COMBO.webp","contentUrl":"https:\/\/koningdrone.be\/wp-content\/uploads\/sites\/13\/2026\/03\/HPRC-2460-FOR-DJI-MAVIC-4-PRO-CREATOR-COMBO.webp","width":2048,"height":2048},{"@type":"BreadcrumbList","@id":"https:\/\/koningdrone.be\/product\/hprc-2460-for-dji-mavic-4-pro-creator-combo\/#breadcrumb","itemListElement":[{"@type":"ListItem","position":1,"name":"Home","item":"https:\/\/koningdrone.be\/"},{"@type":"ListItem","position":2,"name":"AVSS Parachute Recovery System for DJI Matrice 300\/350","item":"https:\/\/koningdrone.be\/product\/avss-parachute-recovery-system-for-dji-matrice-300-350\/"},{"@type":"ListItem","position":3,"name":"DJI Mavic 4 Pro","item":"https:\/\/koningdrone.be\/categorie\/dji-mavic-4-pro\/"},{"@type":"ListItem","position":4,"name":"HPRC 2460 FOR DJI MAVIC 4 PRO CREATOR COMBO"}]},{"@type":"WebSite","@id":"https:\/\/koningdrone.be\/#website","url":"https:\/\/koningdrone.be\/","name":"Koningdrone.be - Su especialista en l\u00ednea en drones, cardanes, c\u00e1maras y centrales el\u00e9ctricas.","description":"La tienda virtual de drones y cardanes","publisher":{"@id":"https:\/\/koningdrone.be\/#organization"},"potentialAction":[{"@type":"SearchAction","target":{"@type":"EntryPoint","urlTemplate":"https:\/\/koningdrone.be\/?s={search_term_string}"},"query-input":{"@type":"PropertyValueSpecification","valueRequired":true,"valueName":"search_term_string"}}],"inLanguage":"es"},{"@type":"Organization","@id":"https:\/\/koningdrone.be\/#organization","name":"Kingdrone.es","url":"https:\/\/koningdrone.be\/","logo":{"@type":"ImageObject","inLanguage":"es","@id":"https:\/\/koningdrone.be\/#\/schema\/logo\/image\/","url":"https:\/\/koningdrone.be\/wp-content\/uploads\/sites\/13\/2025\/04\/koningdrone-copyright-logo.svg","contentUrl":"https:\/\/koningdrone.be\/wp-content\/uploads\/sites\/13\/2025\/04\/koningdrone-copyright-logo.svg","width":227,"height":38,"caption":"Koningdrone.be"},"image":{"@id":"https:\/\/koningdrone.be\/#\/schema\/logo\/image\/"}}]}},"df_price":228,"df_sale_price":"","df_regular_price":228,"df_image_link":"https:\/\/koningdrone.be\/wp-content\/uploads\/sites\/13\/2026\/03\/HPRC-2460-FOR-DJI-MAVIC-4-PRO-CREATOR-COMBO-300x300.webp","_links":{"self":[{"href":"https:\/\/koningdrone.be\/es\/wp-json\/wp\/v2\/product\/18099","targetHints":{"allow":["GET"]}}],"collection":[{"href":"https:\/\/koningdrone.be\/es\/wp-json\/wp\/v2\/product"}],"about":[{"href":"https:\/\/koningdrone.be\/es\/wp-json\/wp\/v2\/types\/product"}],"wp:featuredmedia":[{"embeddable":true,"href":"https:\/\/koningdrone.be\/es\/wp-json\/wp\/v2\/media\/18100"}],"wp:attachment":[{"href":"https:\/\/koningdrone.be\/es\/wp-json\/wp\/v2\/media?parent=18099"}],"wp:term":[{"taxonomy":"product_brand","embeddable":true,"href":"https:\/\/koningdrone.be\/es\/wp-json\/wp\/v2\/product_brand?post=18099"},{"taxonomy":"product_cat","embeddable":true,"href":"https:\/\/koningdrone.be\/es\/wp-json\/wp\/v2\/product_cat?post=18099"},{"taxonomy":"product_tag","embeddable":true,"href":"https:\/\/koningdrone.be\/es\/wp-json\/wp\/v2\/product_tag?post=18099"}],"curies":[{"name":"wp","href":"https:\/\/api.w.org\/{rel}","templated":true}]}}