{"id":18042,"date":"2026-03-28T15:00:49","date_gmt":"2026-03-28T14:00:49","guid":{"rendered":"https:\/\/koningdrone.be\/?post_type=product&#038;p=18042"},"modified":"2026-04-29T16:30:07","modified_gmt":"2026-04-29T14:30:07","slug":"dronavia-parachute-moc-m2-with-internal-flight-termination-system-moc-2511-kronos-for-mavic-4-c5","status":"publish","type":"product","link":"https:\/\/koningdrone.be\/es\/producto\/dronavia-parachute-moc-m2-with-internal-flight-termination-system-moc-2511-kronos-for-mavic-4-c5\/","title":{"rendered":"Dronavia Paraca\u00eddas Moc M2 con Sistema Interno de Terminaci\u00f3n de Vuelo MOC 2511 Kronos para Mavic 4 \/ C5"},"content":{"rendered":"<h3>Dronavia Paraca\u00eddas Moc M2 con Sistema Interno de Terminaci\u00f3n de Vuelo MOC 2511 Kronos para Mavic 4 \/ C5<\/h3>\n<p>El Dronavia Kronos MVC4 Parachute Moc M2 with Internal Flight Termination System (MOC 2511) es un kit de seguridad avanzado dise\u00f1ado para operadores de drones profesionales que vuelan con el DJI Mavic 4 Pro. Este sistema combina un m\u00f3dulo de recuperaci\u00f3n de paraca\u00eddas (PRS) con un sistema interno de terminaci\u00f3n de vuelo (FTS) para garantizar la m\u00e1xima seguridad durante las operaciones profesionales con drones. El sistema est\u00e1 espec\u00edficamente dise\u00f1ado para convertir drones de clase C2 a la clasificaci\u00f3n C5 seg\u00fan la normativa europea EASA. Esto permite utilizar el dron para operaciones m\u00e1s complejas, como inspecciones urbanas o vuelos de Categor\u00eda Espec\u00edfica.<\/p>\n<p><a href=\"https:\/\/koningdrone.nl\/wp-content\/uploads\/2026\/03\/Dronavia-Parachute-Moc-M2-with-Internal-Flight-Termination-System-MOC-2511-Kronos-for-Mavic-4-C5.webp\"><img loading=\"lazy\" decoding=\"async\" class=\"size-medium wp-image-470967 aligncenter\" src=\"https:\/\/koningdrone.nl\/wp-content\/uploads\/2026\/03\/Dronavia-Parachute-Moc-M2-with-Internal-Flight-Termination-System-MOC-2511-Kronos-for-Mavic-4-C5-300x300.webp\" alt=\"Dronavia Parachute Moc M2 with Internal Flight Termination System MOC 2511 Kronos for Mavic 4 C5\" width=\"300\" height=\"300\" \/><\/a><\/p>\n<h4>Rendimiento y funcionalidad<\/h4>\n<p>El sistema Kronos cuenta con un mecanismo aut\u00f3nomo de despliegue de paraca\u00eddas que se activa en menos de 0,27 segundos en caso de problemas cr\u00edticos de vuelo. Esto reduce en gran medida la energ\u00eda de impacto en un aterrizaje de emergencia y mejora la seguridad de las personas y los bienes en tierra. El sistema de terminaci\u00f3n de vuelo integrado puede apagar inmediatamente los motores del dron cuando hay que finalizar un vuelo. Con el mando a distancia Klick, el sistema tambi\u00e9n puede activarse manualmente hasta una distancia de aproximadamente 1,5 km, con una ampliaci\u00f3n opcional a unos 10 km.<\/p>\n<h4>Calidad de construcci\u00f3n y dise\u00f1o<\/h4>\n<p style=\"margin-bottom: 20px\">El kit Kronos MVC4 utiliza un sistema de paraca\u00eddas ligero con una campana PARA\u00b2 para un descenso estable y controlado. El sistema utiliza un mecanismo de resorte para la eyecci\u00f3n del paraca\u00eddas, eliminando la necesidad de pirotecnia o cartuchos de gas. Gracias al sistema POD reutilizable, el paraca\u00eddas puede sustituirse f\u00e1cilmente tras un despliegue y el sistema puede reactivarse en cuesti\u00f3n de minutos.<\/p>\n<p><a href=\"https:\/\/koningdrone.nl\/wp-content\/uploads\/2026\/03\/Product-Dronavia-Parachute-Moc-M2-with-Internal-Flight-Termination-System-MOC-2511-Kronos-for-Mavic-4-C5.webp\"><img loading=\"lazy\" decoding=\"async\" class=\"size-medium wp-image-470966 aligncenter\" src=\"https:\/\/koningdrone.nl\/wp-content\/uploads\/2026\/03\/Product-Dronavia-Parachute-Moc-M2-with-Internal-Flight-Termination-System-MOC-2511-Kronos-for-Mavic-4-C5-300x300.webp\" alt=\"Product Dronavia Parachute Moc M2 with Internal Flight Termination System MOC 2511 Kronos for Mavic 4 C5\" width=\"300\" height=\"300\" \/><\/a><\/p>\n<h4>Por qu\u00e9 lo necesita<\/h4>\n<p>Para los operadores profesionales de drones que operan en Europa bajo la normativa EASA, es esencial contar con un sistema de seguridad fiable. Con la actualizaci\u00f3n Dronavia Kronos MVC4, tu DJI Mavic 4 Pro puede cumplir con la clasificaci\u00f3n C5 y operar de forma segura en escenarios m\u00e1s complejos como STS-01 o misiones basadas en SORA. Este sistema reduce significativamente el riesgo y aumenta la seguridad durante las operaciones cr\u00edticas.<\/p>","protected":false},"excerpt":{"rendered":"<ul>\n<li>Activaci\u00f3n aut\u00f3noma del paraca\u00eddas en menos de 0,27 segundos<\/li>\n<li>Sistema interno de terminaci\u00f3n de vuelo (FTS) para la parada instant\u00e1nea del motor<\/li>\n<li>Actualizaci\u00f3n de la clasificaci\u00f3n de dron C2 a C5 seg\u00fan las normas de la AESA<\/li>\n<li>Mando a distancia para activaci\u00f3n manual hasta 1,5 km (opcional hasta 10 km)<\/li>\n<li>Sistema POD reutilizable para un restablecimiento r\u00e1pido tras el despliegue del paraca\u00eddas<\/li>\n<\/ul>","protected":false},"featured_media":18043,"template":"","meta":{"_acf_changed":false},"product_brand":[],"product_cat":[292,1415,430],"product_tag":[],"class_list":{"0":"post-18042","1":"product","2":"type-product","3":"status-publish","4":"has-post-thumbnail","6":"product_cat-alle-parachutes","7":"product_cat-dji-mavic-4-pro","8":"product_cat-dronavia","9":"product_shipping_class-outofstock","10":"pa_brand-dronavia","11":"pa_producttype-veiligheidssysteem","13":"first","14":"outofstock","15":"taxable","16":"shipping-taxable","17":"purchasable","18":"product-type-simple"},"acf":[],"yoast_head":"<!-- This site is optimized with the Yoast SEO Premium plugin v27.2 (Yoast SEO v27.2) - https:\/\/yoast.com\/product\/yoast-seo-premium-wordpress\/ -->\n<title>Dronavia Parachute Moc M2 with Internal Flight Termination System MOC 2511 Kronos for Mavic 4 \/ C5 - koningdrone.be<\/title>\n<meta name=\"robots\" content=\"index, follow, max-snippet:-1, max-image-preview:large, max-video-preview:-1\" \/>\n<link rel=\"canonical\" href=\"https:\/\/koningdrone.be\/es\/producto\/dronavia-parachute-moc-m2-with-internal-flight-termination-system-moc-2511-kronos-for-mavic-4-c5\/\" \/>\n<meta property=\"og:locale\" content=\"es_ES\" \/>\n<meta property=\"og:type\" content=\"article\" \/>\n<meta property=\"og:title\" content=\"Dronavia Parachute Moc M2 with Internal Flight Termination System MOC 2511 Kronos for Mavic 4 \/ C5\" \/>\n<meta property=\"og:description\" content=\"Autonome parachute-activatie in minder dan 0,27 seconden  Interne Flight Termination System (FTS) voor directe motoruitschakeling  Upgrade van C2 drone naar C5-classificatie volgens EASA-normen  Klick-remote voor handmatige activatie tot 1,5 km (optioneel tot 10 km)  Herbruikbaar POD-systeem voor snelle reset na parachute-deploy\" \/>\n<meta property=\"og:url\" content=\"https:\/\/koningdrone.be\/es\/producto\/dronavia-parachute-moc-m2-with-internal-flight-termination-system-moc-2511-kronos-for-mavic-4-c5\/\" \/>\n<meta property=\"og:site_name\" content=\"koningdrone.be\" \/>\n<meta property=\"article:modified_time\" content=\"2026-04-29T14:30:07+00:00\" \/>\n<meta property=\"og:image\" content=\"https:\/\/koningdrone.be\/wp-content\/uploads\/sites\/13\/2026\/03\/Dronavia-Parachute-Moc-M2-with-Internal-Flight-Termination-System-MOC-2511-Kronos-for-Mavic-4-C5.webp\" \/>\n\t<meta property=\"og:image:width\" content=\"2048\" \/>\n\t<meta property=\"og:image:height\" content=\"2048\" \/>\n\t<meta property=\"og:image:type\" content=\"image\/webp\" \/>\n<meta name=\"twitter:card\" content=\"summary_large_image\" \/>\n<meta name=\"twitter:label1\" content=\"Tiempo de lectura\" \/>\n\t<meta name=\"twitter:data1\" content=\"3 minutos\" \/>\n<script type=\"application\/ld+json\" class=\"yoast-schema-graph\">{\"@context\":\"https:\/\/schema.org\",\"@graph\":[{\"@type\":\"WebPage\",\"@id\":\"https:\/\/koningdrone.be\/product\/dronavia-parachute-moc-m2-with-internal-flight-termination-system-moc-2511-kronos-for-mavic-4-c5\/\",\"url\":\"https:\/\/koningdrone.be\/product\/dronavia-parachute-moc-m2-with-internal-flight-termination-system-moc-2511-kronos-for-mavic-4-c5\/\",\"name\":\"Dronavia Parachute Moc M2 with Internal Flight Termination System MOC 2511 Kronos for Mavic 4 \/ C5 - koningdrone.be\",\"isPartOf\":{\"@id\":\"https:\/\/koningdrone.be\/#website\"},\"primaryImageOfPage\":{\"@id\":\"https:\/\/koningdrone.be\/product\/dronavia-parachute-moc-m2-with-internal-flight-termination-system-moc-2511-kronos-for-mavic-4-c5\/#primaryimage\"},\"image\":{\"@id\":\"https:\/\/koningdrone.be\/product\/dronavia-parachute-moc-m2-with-internal-flight-termination-system-moc-2511-kronos-for-mavic-4-c5\/#primaryimage\"},\"thumbnailUrl\":\"https:\/\/koningdrone.be\/wp-content\/uploads\/sites\/13\/2026\/03\/Dronavia-Parachute-Moc-M2-with-Internal-Flight-Termination-System-MOC-2511-Kronos-for-Mavic-4-C5.webp\",\"datePublished\":\"2026-03-28T14:00:49+00:00\",\"dateModified\":\"2026-04-29T14:30:07+00:00\",\"breadcrumb\":{\"@id\":\"https:\/\/koningdrone.be\/product\/dronavia-parachute-moc-m2-with-internal-flight-termination-system-moc-2511-kronos-for-mavic-4-c5\/#breadcrumb\"},\"inLanguage\":\"es\",\"potentialAction\":[{\"@type\":\"ReadAction\",\"target\":[\"https:\/\/koningdrone.be\/product\/dronavia-parachute-moc-m2-with-internal-flight-termination-system-moc-2511-kronos-for-mavic-4-c5\/\"]}]},{\"@type\":\"ImageObject\",\"inLanguage\":\"es\",\"@id\":\"https:\/\/koningdrone.be\/product\/dronavia-parachute-moc-m2-with-internal-flight-termination-system-moc-2511-kronos-for-mavic-4-c5\/#primaryimage\",\"url\":\"https:\/\/koningdrone.be\/wp-content\/uploads\/sites\/13\/2026\/03\/Dronavia-Parachute-Moc-M2-with-Internal-Flight-Termination-System-MOC-2511-Kronos-for-Mavic-4-C5.webp\",\"contentUrl\":\"https:\/\/koningdrone.be\/wp-content\/uploads\/sites\/13\/2026\/03\/Dronavia-Parachute-Moc-M2-with-Internal-Flight-Termination-System-MOC-2511-Kronos-for-Mavic-4-C5.webp\",\"width\":2048,\"height\":2048},{\"@type\":\"BreadcrumbList\",\"@id\":\"https:\/\/koningdrone.be\/product\/dronavia-parachute-moc-m2-with-internal-flight-termination-system-moc-2511-kronos-for-mavic-4-c5\/#breadcrumb\",\"itemListElement\":[{\"@type\":\"ListItem\",\"position\":1,\"name\":\"Home\",\"item\":\"https:\/\/koningdrone.be\/\"},{\"@type\":\"ListItem\",\"position\":2,\"name\":\"AVSS Parachute Recovery System for DJI Matrice 300\/350\",\"item\":\"https:\/\/koningdrone.be\/product\/avss-parachute-recovery-system-for-dji-matrice-300-350\/\"},{\"@type\":\"ListItem\",\"position\":3,\"name\":\"Alle parachutes\",\"item\":\"https:\/\/koningdrone.be\/categorie\/alle-parachutes\/\"},{\"@type\":\"ListItem\",\"position\":4,\"name\":\"Dronavia Parachute Moc M2 with Internal Flight Termination System MOC 2511 Kronos for Mavic 4 \/ C5\"}]},{\"@type\":\"WebSite\",\"@id\":\"https:\/\/koningdrone.be\/#website\",\"url\":\"https:\/\/koningdrone.be\/\",\"name\":\"Koningdrone.be - Uw online specialist in drones, gimbals, camera's en power stations.\",\"description\":\"De webshop in drones en gimbals\",\"publisher\":{\"@id\":\"https:\/\/koningdrone.be\/#organization\"},\"potentialAction\":[{\"@type\":\"SearchAction\",\"target\":{\"@type\":\"EntryPoint\",\"urlTemplate\":\"https:\/\/koningdrone.be\/?s={search_term_string}\"},\"query-input\":{\"@type\":\"PropertyValueSpecification\",\"valueRequired\":true,\"valueName\":\"search_term_string\"}}],\"inLanguage\":\"es\"},{\"@type\":\"Organization\",\"@id\":\"https:\/\/koningdrone.be\/#organization\",\"name\":\"Koningdrone.be\",\"url\":\"https:\/\/koningdrone.be\/\",\"logo\":{\"@type\":\"ImageObject\",\"inLanguage\":\"es\",\"@id\":\"https:\/\/koningdrone.be\/#\/schema\/logo\/image\/\",\"url\":\"https:\/\/koningdrone.be\/wp-content\/uploads\/sites\/13\/2025\/04\/koningdrone-copyright-logo.svg\",\"contentUrl\":\"https:\/\/koningdrone.be\/wp-content\/uploads\/sites\/13\/2025\/04\/koningdrone-copyright-logo.svg\",\"width\":227,\"height\":38,\"caption\":\"Koningdrone.be\"},\"image\":{\"@id\":\"https:\/\/koningdrone.be\/#\/schema\/logo\/image\/\"}}]}<\/script>\n<!-- \/ Yoast SEO Premium plugin. -->","yoast_head_json":{"title":"Dronavia Parachute Moc M2 with Internal Flight Termination System MOC 2511 Kronos for Mavic 4 \/ C5 - koningdrone.be","robots":{"index":"index","follow":"follow","max-snippet":"max-snippet:-1","max-image-preview":"max-image-preview:large","max-video-preview":"max-video-preview:-1"},"canonical":"https:\/\/koningdrone.be\/es\/producto\/dronavia-parachute-moc-m2-with-internal-flight-termination-system-moc-2511-kronos-for-mavic-4-c5\/","og_locale":"es_ES","og_type":"article","og_title":"Dronavia Parachute Moc M2 with Internal Flight Termination System MOC 2511 Kronos for Mavic 4 \/ C5","og_description":"Autonome parachute-activatie in minder dan 0,27 seconden  Interne Flight Termination System (FTS) voor directe motoruitschakeling  Upgrade van C2 drone naar C5-classificatie volgens EASA-normen  Klick-remote voor handmatige activatie tot 1,5 km (optioneel tot 10 km)  Herbruikbaar POD-systeem voor snelle reset na parachute-deploy","og_url":"https:\/\/koningdrone.be\/es\/producto\/dronavia-parachute-moc-m2-with-internal-flight-termination-system-moc-2511-kronos-for-mavic-4-c5\/","og_site_name":"koningdrone.be","article_modified_time":"2026-04-29T14:30:07+00:00","og_image":[{"width":2048,"height":2048,"url":"https:\/\/koningdrone.be\/wp-content\/uploads\/sites\/13\/2026\/03\/Dronavia-Parachute-Moc-M2-with-Internal-Flight-Termination-System-MOC-2511-Kronos-for-Mavic-4-C5.webp","type":"image\/webp"}],"twitter_card":"summary_large_image","twitter_misc":{"Tiempo de lectura":"3 minutos"},"schema":{"@context":"https:\/\/schema.org","@graph":[{"@type":"WebPage","@id":"https:\/\/koningdrone.be\/product\/dronavia-parachute-moc-m2-with-internal-flight-termination-system-moc-2511-kronos-for-mavic-4-c5\/","url":"https:\/\/koningdrone.be\/product\/dronavia-parachute-moc-m2-with-internal-flight-termination-system-moc-2511-kronos-for-mavic-4-c5\/","name":"Dronavia Parachute Moc M2 with Internal Flight Termination System MOC 2511 Kronos for Mavic 4 \/ C5 - koningdrone.be","isPartOf":{"@id":"https:\/\/koningdrone.be\/#website"},"primaryImageOfPage":{"@id":"https:\/\/koningdrone.be\/product\/dronavia-parachute-moc-m2-with-internal-flight-termination-system-moc-2511-kronos-for-mavic-4-c5\/#primaryimage"},"image":{"@id":"https:\/\/koningdrone.be\/product\/dronavia-parachute-moc-m2-with-internal-flight-termination-system-moc-2511-kronos-for-mavic-4-c5\/#primaryimage"},"thumbnailUrl":"https:\/\/koningdrone.be\/wp-content\/uploads\/sites\/13\/2026\/03\/Dronavia-Parachute-Moc-M2-with-Internal-Flight-Termination-System-MOC-2511-Kronos-for-Mavic-4-C5.webp","datePublished":"2026-03-28T14:00:49+00:00","dateModified":"2026-04-29T14:30:07+00:00","breadcrumb":{"@id":"https:\/\/koningdrone.be\/product\/dronavia-parachute-moc-m2-with-internal-flight-termination-system-moc-2511-kronos-for-mavic-4-c5\/#breadcrumb"},"inLanguage":"es","potentialAction":[{"@type":"ReadAction","target":["https:\/\/koningdrone.be\/product\/dronavia-parachute-moc-m2-with-internal-flight-termination-system-moc-2511-kronos-for-mavic-4-c5\/"]}]},{"@type":"ImageObject","inLanguage":"es","@id":"https:\/\/koningdrone.be\/product\/dronavia-parachute-moc-m2-with-internal-flight-termination-system-moc-2511-kronos-for-mavic-4-c5\/#primaryimage","url":"https:\/\/koningdrone.be\/wp-content\/uploads\/sites\/13\/2026\/03\/Dronavia-Parachute-Moc-M2-with-Internal-Flight-Termination-System-MOC-2511-Kronos-for-Mavic-4-C5.webp","contentUrl":"https:\/\/koningdrone.be\/wp-content\/uploads\/sites\/13\/2026\/03\/Dronavia-Parachute-Moc-M2-with-Internal-Flight-Termination-System-MOC-2511-Kronos-for-Mavic-4-C5.webp","width":2048,"height":2048},{"@type":"BreadcrumbList","@id":"https:\/\/koningdrone.be\/product\/dronavia-parachute-moc-m2-with-internal-flight-termination-system-moc-2511-kronos-for-mavic-4-c5\/#breadcrumb","itemListElement":[{"@type":"ListItem","position":1,"name":"Home","item":"https:\/\/koningdrone.be\/"},{"@type":"ListItem","position":2,"name":"AVSS Parachute Recovery System for DJI Matrice 300\/350","item":"https:\/\/koningdrone.be\/product\/avss-parachute-recovery-system-for-dji-matrice-300-350\/"},{"@type":"ListItem","position":3,"name":"Alle parachutes","item":"https:\/\/koningdrone.be\/categorie\/alle-parachutes\/"},{"@type":"ListItem","position":4,"name":"Dronavia Parachute Moc M2 with Internal Flight Termination System MOC 2511 Kronos for Mavic 4 \/ C5"}]},{"@type":"WebSite","@id":"https:\/\/koningdrone.be\/#website","url":"https:\/\/koningdrone.be\/","name":"Koningdrone.be - Su especialista en l\u00ednea en drones, cardanes, c\u00e1maras y centrales el\u00e9ctricas.","description":"La tienda virtual de drones y cardanes","publisher":{"@id":"https:\/\/koningdrone.be\/#organization"},"potentialAction":[{"@type":"SearchAction","target":{"@type":"EntryPoint","urlTemplate":"https:\/\/koningdrone.be\/?s={search_term_string}"},"query-input":{"@type":"PropertyValueSpecification","valueRequired":true,"valueName":"search_term_string"}}],"inLanguage":"es"},{"@type":"Organization","@id":"https:\/\/koningdrone.be\/#organization","name":"Kingdrone.es","url":"https:\/\/koningdrone.be\/","logo":{"@type":"ImageObject","inLanguage":"es","@id":"https:\/\/koningdrone.be\/#\/schema\/logo\/image\/","url":"https:\/\/koningdrone.be\/wp-content\/uploads\/sites\/13\/2025\/04\/koningdrone-copyright-logo.svg","contentUrl":"https:\/\/koningdrone.be\/wp-content\/uploads\/sites\/13\/2025\/04\/koningdrone-copyright-logo.svg","width":227,"height":38,"caption":"Koningdrone.be"},"image":{"@id":"https:\/\/koningdrone.be\/#\/schema\/logo\/image\/"}}]}},"df_price":1813.79,"df_sale_price":"","df_regular_price":1813.79,"df_image_link":"https:\/\/koningdrone.be\/wp-content\/uploads\/sites\/13\/2026\/03\/Dronavia-Parachute-Moc-M2-with-Internal-Flight-Termination-System-MOC-2511-Kronos-for-Mavic-4-C5-300x300.webp","_links":{"self":[{"href":"https:\/\/koningdrone.be\/es\/wp-json\/wp\/v2\/product\/18042","targetHints":{"allow":["GET"]}}],"collection":[{"href":"https:\/\/koningdrone.be\/es\/wp-json\/wp\/v2\/product"}],"about":[{"href":"https:\/\/koningdrone.be\/es\/wp-json\/wp\/v2\/types\/product"}],"wp:featuredmedia":[{"embeddable":true,"href":"https:\/\/koningdrone.be\/es\/wp-json\/wp\/v2\/media\/18043"}],"wp:attachment":[{"href":"https:\/\/koningdrone.be\/es\/wp-json\/wp\/v2\/media?parent=18042"}],"wp:term":[{"taxonomy":"product_brand","embeddable":true,"href":"https:\/\/koningdrone.be\/es\/wp-json\/wp\/v2\/product_brand?post=18042"},{"taxonomy":"product_cat","embeddable":true,"href":"https:\/\/koningdrone.be\/es\/wp-json\/wp\/v2\/product_cat?post=18042"},{"taxonomy":"product_tag","embeddable":true,"href":"https:\/\/koningdrone.be\/es\/wp-json\/wp\/v2\/product_tag?post=18042"}],"curies":[{"name":"wp","href":"https:\/\/api.w.org\/{rel}","templated":true}]}}