{"id":18015,"date":"2026-04-03T18:11:36","date_gmt":"2026-04-03T16:11:36","guid":{"rendered":"https:\/\/koningdrone.be\/?post_type=product&#038;p=18015"},"modified":"2026-04-29T04:31:02","modified_gmt":"2026-04-29T02:31:02","slug":"dji-avata-360-motion-fly-more-combo-including-rc-motion-3-goggles-n3","status":"publish","type":"product","link":"https:\/\/koningdrone.be\/es\/producto\/dji-avata-360-motion-fly-more-combo-including-rc-motion-3-goggles-n3\/","title":{"rendered":"DJI Avata 360 - Motion Fly More Combo - incluye RC Motion 3 y Gafas N3"},"content":{"rendered":"<h3>DJI Avata 360 Motion Fly More Combo: la experiencia de vuelo intuitiva definitiva<\/h3>\n<p><iframe loading=\"lazy\" title=\"DJI Avata 360: por encima de todo, a la vista de todos\" width=\"800\" height=\"450\" src=\"https:\/\/www.youtube.com\/embed\/LFZmfqA48ec?feature=oembed&#038;enablejsapi=1&#038;origin=https:\/\/koningdrone.be\" frameborder=\"0\" allow=\"accelerometer; autoplay; clipboard-write; encrypted-media; gyroscope; picture-in-picture; web-share\" referrerpolicy=\"strict-origin-when-cross-origin\" allowfullscreen><\/iframe><\/p>\n<p style=\"margin: 20px 0\">El DJI Avata 360 Motion Fly More Combo est\u00e1 dise\u00f1ado para aquellos que quieren difuminar la l\u00ednea entre el piloto y la m\u00e1quina. Combinando la potente Avata 360 con el RC Motion 3 y las Goggles N3 se crea una experiencia de vuelo tan natural como apuntar con la mano. Mientras surcas el aire con una precisi\u00f3n sin precedentes, los sensores duales de 64 MP capturan literalmente todo lo que te rodea en resoluci\u00f3n 8K. Con las bater\u00edas adicionales del Fly More Combo, ya no estar\u00e1s limitado a sesiones cortas, sino que podr\u00e1s pasar horas explorando y capturando el mundo desde una perspectiva completamente nueva e inmersiva.<\/p>\n<p><a href=\"https:\/\/koningdrone.nl\/wp-content\/uploads\/2026\/03\/DJI-Avata-360-Motion-Fly-More-Combo-including-RC-Motion-3-Goggles-N3.webp\"><img loading=\"lazy\" decoding=\"async\" class=\"aligncenter wp-image-470957 size-full\" src=\"https:\/\/koningdrone.nl\/wp-content\/uploads\/2026\/03\/DJI-Avata-360-Motion-Fly-More-Combo-including-RC-Motion-3-Goggles-N3.webp\" alt=\"DJI Avata 360 - Motion Fly More Combo - including RC Motion 3 &amp; Goggles N3\" width=\"1200\" height=\"800\" \/><\/a><\/p>\n<h4>Revolucionario poder visual y direcci\u00f3n post-vuelo<\/h4>\n<p><span style=\"font-weight: 400\">El Avata 360 transforma cada vuelo en una obra maestra cinematogr\u00e1fica:<\/span><\/p>\n<ul>\n<li style=\"font-weight: 400\"><b>Sensores duales de 1\/1,1 pulgadas y 64 MP:<\/b><span style=\"font-weight: 400\"> Estos sensores extragrandes ofrecen una potencia lum\u00ednica superior y un impresionante rango din\u00e1mico. Tanto si dispara en <\/span><b>120 MP<\/b><span style=\"font-weight: 400\"> o rodar en <\/span><b>8K a 60 fps<\/b><span style=\"font-weight: 400\">, La calidad de imagen sigue siendo profesional incluso en condiciones de iluminaci\u00f3n dif\u00edciles.<\/span><\/li>\n<li style=\"font-weight: 400\"><b>Reencuadre sin l\u00edmites:<\/b><span style=\"font-weight: 400\"> Como el dron graba en plena atm\u00f3sfera, nunca tendr\u00e1s que preocuparte por perderte el sujeto mientras vuelas. Solo tienes que decidir en la edici\u00f3n si quieres crear un zoom espectacular, una panor\u00e1mica suave o un recorte vertical para las redes sociales.<\/span><\/li>\n<li style=\"font-weight: 400\"><b>Gafas de inmersi\u00f3n N3:<\/b> Ponte las Goggles N3 y entra directamente en la cabina. La pantalla n\u00edtida y la baja latencia garantizan una experiencia de vuelo en la que te sentir\u00e1s uno con el dron, mientras que las c\u00e1maras de 360\u00b0 aseguran todos los \u00e1ngulos del entorno.<\/li>\n<\/ul>\n<p><a href=\"https:\/\/koningdrone.nl\/wp-content\/uploads\/2026\/03\/DJI-Product-Avata-360-Motion-Fly-More-Combo-including-RC-Motion-3-Goggles-N3.webp\"><img loading=\"lazy\" decoding=\"async\" class=\"size-medium wp-image-470955 aligncenter\" src=\"https:\/\/koningdrone.nl\/wp-content\/uploads\/2026\/03\/DJI-Product-Avata-360-Motion-Fly-More-Combo-including-RC-Motion-3-Goggles-N3-300x300.webp\" alt=\"DJI Product Avata 360 - Motion Fly More Combo - including RC Motion 3 &amp; Goggles N3\" width=\"300\" height=\"300\" \/><\/a><\/p>\n<h4>Control de movimiento intuitivo y vuelo m\u00e1s resistente<\/h4>\n<p><span style=\"font-weight: 400\">El hardware est\u00e1 dise\u00f1ado para una acci\u00f3n instintiva y una productividad duradera:<\/span><\/p>\n<ul>\n<li style=\"font-weight: 400\"><b>DJI RC Motion 3:<\/b><span style=\"font-weight: 400\"> Controla el dron con sencillos movimientos de la mano. Inclinar, girar y acelerar son completamente intuitivos, lo que hace que incluso las maniobras FPV complejas sean accesibles para todos, sin la empinada curva de aprendizaje de los mandos tradicionales.<\/span><\/li>\n<li style=\"font-weight: 400\"><b>Paquete Fly More:<\/b><span style=\"font-weight: 400\"> Con tres pilas en total, tienes aproximadamente <\/span><b>70 minutos de tiempo de vuelo efectivo<\/b><span style=\"font-weight: 400\">. El concentrador de carga incluido le permite seguir trabajando de forma eficiente, lo que resulta crucial cuando se graba en lugares remotos o durante jornadas de rodaje intensas.<\/span><\/li>\n<li style=\"font-weight: 400\"><b>Seguridad Cinewhoop:<\/b> Con protecci\u00f3n integrada para las h\u00e9lices y sensores omnidireccionales, puede volar con confianza por pasillos estrechos o a baja altura sobre el terreno. Con un peso de <b>455 gramos<\/b> el dron se mantiene muy maniobrable y estable, incluso con vientos fuertes.<\/li>\n<\/ul>\n<p><a href=\"https:\/\/koningdrone.nl\/wp-content\/uploads\/2026\/03\/DJI-Avata-360-including-RC-Motion-3-Goggles-N3-Product-Motion-Fly-More-Combo.webp\"><img loading=\"lazy\" decoding=\"async\" class=\"size-medium wp-image-470944 aligncenter\" src=\"https:\/\/koningdrone.nl\/wp-content\/uploads\/2026\/03\/DJI-Avata-360-including-RC-Motion-3-Goggles-N3-Product-Motion-Fly-More-Combo-300x300.webp\" alt=\"DJI Avata 360 - including RC Motion 3 &amp; Goggles N3 - Product Motion Fly More Combo\" width=\"300\" height=\"300\" \/><\/a><\/p>\n<h4>Por qu\u00e9 el combo Motion Fly More es indispensable<\/h4>\n<p><span style=\"font-weight: 400\">El DJI Avata 360 Motion Fly More Combo es la entrada m\u00e1s completa en el mundo del FPV de alta gama y la videograf\u00eda en 360\u00b0. Elimina la barrera entre la complejidad t\u00e9cnica y el resultado creativo. No necesitas ser un piloto experto para crear im\u00e1genes que parezcan una producci\u00f3n de Hollywood. Con las bater\u00edas adicionales, las gafas de inmersi\u00f3n y los controles intuitivos, obtendr\u00e1s un sistema que no s\u00f3lo crea contenido, sino que cuenta una historia desde todos los \u00e1ngulos imaginables.<\/span><\/p>","protected":false},"excerpt":{"rendered":"<ul>\n<li>Juego completo con las gafas N3 y el mando RC Motion 3 sensible al movimiento<\/li>\n<li>Tomas HDR de 360 grados a 8K\/60 fps para la m\u00e1xima creatividad en postproducci\u00f3n<\/li>\n<li>Control de movimiento intuitivo que responde directamente a los gestos de la mano<\/li>\n<li>Incluye tres bater\u00edas y un cargador para un d\u00eda entero de vuelo ininterrumpido<\/li>\n<li>42 GB de almacenamiento interno para que puedas capturar cada momento al instante<\/li>\n<li>Detecci\u00f3n omnidireccional con LiDAR, eficaz para volar con seguridad en entornos complejos<\/li>\n<li>O4+ systeem voor een stabiel beeldsignaal met hoge resolutie en lage vertraging<br \/>\n\u2022 Easy ACRO-functionaliteit voor spectaculaire luchtmanoeuvres met \u00e9\u00e9n druk op de knop<\/li>\n<\/ul>","protected":false},"featured_media":18017,"template":"","meta":{"_acf_changed":false},"product_brand":[],"product_cat":[1838],"product_tag":[],"class_list":{"0":"post-18015","1":"product","2":"type-product","3":"status-publish","4":"has-post-thumbnail","6":"product_cat-dji-avata-360","7":"product_shipping_class-dronelandall","8":"pa_brand-dji","9":"pa_producttype-enterprise-drone","10":"pa_series-avata","12":"first","13":"instock","14":"taxable","15":"shipping-taxable","16":"purchasable","17":"product-type-simple"},"acf":[],"yoast_head":"<!-- This site is optimized with the Yoast SEO Premium plugin v27.2 (Yoast SEO v27.2) - https:\/\/yoast.com\/product\/yoast-seo-premium-wordpress\/ -->\n<title>DJI Avata 360 - Motion Fly More Combo - including RC Motion 3 &amp; Goggles N3 - koningdrone.be<\/title>\n<meta name=\"robots\" content=\"index, follow, max-snippet:-1, max-image-preview:large, max-video-preview:-1\" \/>\n<link rel=\"canonical\" href=\"https:\/\/koningdrone.be\/es\/producto\/dji-avata-360-motion-fly-more-combo-including-rc-motion-3-goggles-n3\/\" \/>\n<meta property=\"og:locale\" content=\"es_ES\" \/>\n<meta property=\"og:type\" content=\"article\" \/>\n<meta property=\"og:title\" content=\"DJI Avata 360 - Motion Fly More Combo - including RC Motion 3 &amp; Goggles N3\" \/>\n<meta property=\"og:description\" content=\"Complete set met Goggles N3 en de bewegingsgevoelige RC Motion 3 controller  8K\/60fps HDR 360-graden opnames voor maximale creativiteit in de nabewerking  Intu\u00eftieve bewegingsbesturing die direct reageert op je handgebaren  Inclusief drie accu&#039;s en oplaadhub voor een hele dag ononderbroken vliegplezier  42GB interne opslag zodat je elk moment direct kunt vastleggen  Omnidirectionele detectie met LiDAR, effectief voor veilig vliegen in complexe omgevingen  O4+ systeem voor een stabiel beeldsignaal met hoge resolutie en lage vertraging \u2022 Easy ACRO-functionaliteit voor spectaculaire luchtmanoeuvres met \u00e9\u00e9n druk op de knop\" \/>\n<meta property=\"og:url\" content=\"https:\/\/koningdrone.be\/es\/producto\/dji-avata-360-motion-fly-more-combo-including-rc-motion-3-goggles-n3\/\" \/>\n<meta property=\"og:site_name\" content=\"koningdrone.be\" \/>\n<meta property=\"article:modified_time\" content=\"2026-04-29T02:31:02+00:00\" \/>\n<meta property=\"og:image\" content=\"https:\/\/koningdrone.be\/wp-content\/uploads\/sites\/13\/2026\/03\/DJI-Product-Avata-360-Motion-Fly-More-Combo-including-RC-Motion-3-Goggles-N3.webp\" \/>\n\t<meta property=\"og:image:width\" content=\"2048\" \/>\n\t<meta property=\"og:image:height\" content=\"2048\" \/>\n\t<meta property=\"og:image:type\" content=\"image\/webp\" \/>\n<meta name=\"twitter:card\" content=\"summary_large_image\" \/>\n<meta name=\"twitter:label1\" content=\"Tiempo de lectura\" \/>\n\t<meta name=\"twitter:data1\" content=\"2 minutos\" \/>\n<script type=\"application\/ld+json\" class=\"yoast-schema-graph\">{\"@context\":\"https:\/\/schema.org\",\"@graph\":[{\"@type\":\"WebPage\",\"@id\":\"https:\/\/koningdrone.be\/product\/dji-avata-360-motion-fly-more-combo-including-rc-motion-3-goggles-n3\/\",\"url\":\"https:\/\/koningdrone.be\/product\/dji-avata-360-motion-fly-more-combo-including-rc-motion-3-goggles-n3\/\",\"name\":\"DJI Avata 360 - Motion Fly More Combo - including RC Motion 3 &amp; Goggles N3 - koningdrone.be\",\"isPartOf\":{\"@id\":\"https:\/\/koningdrone.be\/#website\"},\"primaryImageOfPage\":{\"@id\":\"https:\/\/koningdrone.be\/product\/dji-avata-360-motion-fly-more-combo-including-rc-motion-3-goggles-n3\/#primaryimage\"},\"image\":{\"@id\":\"https:\/\/koningdrone.be\/product\/dji-avata-360-motion-fly-more-combo-including-rc-motion-3-goggles-n3\/#primaryimage\"},\"thumbnailUrl\":\"https:\/\/koningdrone.be\/wp-content\/uploads\/sites\/13\/2026\/03\/DJI-Product-Avata-360-Motion-Fly-More-Combo-including-RC-Motion-3-Goggles-N3.webp\",\"datePublished\":\"2026-04-03T16:11:36+00:00\",\"dateModified\":\"2026-04-29T02:31:02+00:00\",\"breadcrumb\":{\"@id\":\"https:\/\/koningdrone.be\/product\/dji-avata-360-motion-fly-more-combo-including-rc-motion-3-goggles-n3\/#breadcrumb\"},\"inLanguage\":\"es\",\"potentialAction\":[{\"@type\":\"ReadAction\",\"target\":[\"https:\/\/koningdrone.be\/product\/dji-avata-360-motion-fly-more-combo-including-rc-motion-3-goggles-n3\/\"]}]},{\"@type\":\"ImageObject\",\"inLanguage\":\"es\",\"@id\":\"https:\/\/koningdrone.be\/product\/dji-avata-360-motion-fly-more-combo-including-rc-motion-3-goggles-n3\/#primaryimage\",\"url\":\"https:\/\/koningdrone.be\/wp-content\/uploads\/sites\/13\/2026\/03\/DJI-Product-Avata-360-Motion-Fly-More-Combo-including-RC-Motion-3-Goggles-N3.webp\",\"contentUrl\":\"https:\/\/koningdrone.be\/wp-content\/uploads\/sites\/13\/2026\/03\/DJI-Product-Avata-360-Motion-Fly-More-Combo-including-RC-Motion-3-Goggles-N3.webp\",\"width\":2048,\"height\":2048},{\"@type\":\"BreadcrumbList\",\"@id\":\"https:\/\/koningdrone.be\/product\/dji-avata-360-motion-fly-more-combo-including-rc-motion-3-goggles-n3\/#breadcrumb\",\"itemListElement\":[{\"@type\":\"ListItem\",\"position\":1,\"name\":\"Home\",\"item\":\"https:\/\/koningdrone.be\/\"},{\"@type\":\"ListItem\",\"position\":2,\"name\":\"AVSS Parachute Recovery System for DJI Matrice 300\/350\",\"item\":\"https:\/\/koningdrone.be\/product\/avss-parachute-recovery-system-for-dji-matrice-300-350\/\"},{\"@type\":\"ListItem\",\"position\":3,\"name\":\"DJI Avata 360\",\"item\":\"https:\/\/koningdrone.be\/categorie\/dji-avata-360\/\"},{\"@type\":\"ListItem\",\"position\":4,\"name\":\"DJI Avata 360 &#8211; Motion Fly More Combo &#8211; including RC Motion 3 &amp; Goggles N3\"}]},{\"@type\":\"WebSite\",\"@id\":\"https:\/\/koningdrone.be\/#website\",\"url\":\"https:\/\/koningdrone.be\/\",\"name\":\"Koningdrone.be - Uw online specialist in drones, gimbals, camera's en power stations.\",\"description\":\"De webshop in drones en gimbals\",\"publisher\":{\"@id\":\"https:\/\/koningdrone.be\/#organization\"},\"potentialAction\":[{\"@type\":\"SearchAction\",\"target\":{\"@type\":\"EntryPoint\",\"urlTemplate\":\"https:\/\/koningdrone.be\/?s={search_term_string}\"},\"query-input\":{\"@type\":\"PropertyValueSpecification\",\"valueRequired\":true,\"valueName\":\"search_term_string\"}}],\"inLanguage\":\"es\"},{\"@type\":\"Organization\",\"@id\":\"https:\/\/koningdrone.be\/#organization\",\"name\":\"Koningdrone.be\",\"url\":\"https:\/\/koningdrone.be\/\",\"logo\":{\"@type\":\"ImageObject\",\"inLanguage\":\"es\",\"@id\":\"https:\/\/koningdrone.be\/#\/schema\/logo\/image\/\",\"url\":\"https:\/\/koningdrone.be\/wp-content\/uploads\/sites\/13\/2025\/04\/koningdrone-copyright-logo.svg\",\"contentUrl\":\"https:\/\/koningdrone.be\/wp-content\/uploads\/sites\/13\/2025\/04\/koningdrone-copyright-logo.svg\",\"width\":227,\"height\":38,\"caption\":\"Koningdrone.be\"},\"image\":{\"@id\":\"https:\/\/koningdrone.be\/#\/schema\/logo\/image\/\"}}]}<\/script>\n<!-- \/ Yoast SEO Premium plugin. -->","yoast_head_json":{"title":"DJI Avata 360 - Motion Fly More Combo - including RC Motion 3 &amp; Goggles N3 - koningdrone.be","robots":{"index":"index","follow":"follow","max-snippet":"max-snippet:-1","max-image-preview":"max-image-preview:large","max-video-preview":"max-video-preview:-1"},"canonical":"https:\/\/koningdrone.be\/es\/producto\/dji-avata-360-motion-fly-more-combo-including-rc-motion-3-goggles-n3\/","og_locale":"es_ES","og_type":"article","og_title":"DJI Avata 360 - Motion Fly More Combo - including RC Motion 3 &amp; Goggles N3","og_description":"Complete set met Goggles N3 en de bewegingsgevoelige RC Motion 3 controller  8K\/60fps HDR 360-graden opnames voor maximale creativiteit in de nabewerking  Intu\u00eftieve bewegingsbesturing die direct reageert op je handgebaren  Inclusief drie accu's en oplaadhub voor een hele dag ononderbroken vliegplezier  42GB interne opslag zodat je elk moment direct kunt vastleggen  Omnidirectionele detectie met LiDAR, effectief voor veilig vliegen in complexe omgevingen  O4+ systeem voor een stabiel beeldsignaal met hoge resolutie en lage vertraging \u2022 Easy ACRO-functionaliteit voor spectaculaire luchtmanoeuvres met \u00e9\u00e9n druk op de knop","og_url":"https:\/\/koningdrone.be\/es\/producto\/dji-avata-360-motion-fly-more-combo-including-rc-motion-3-goggles-n3\/","og_site_name":"koningdrone.be","article_modified_time":"2026-04-29T02:31:02+00:00","og_image":[{"width":2048,"height":2048,"url":"https:\/\/koningdrone.be\/wp-content\/uploads\/sites\/13\/2026\/03\/DJI-Product-Avata-360-Motion-Fly-More-Combo-including-RC-Motion-3-Goggles-N3.webp","type":"image\/webp"}],"twitter_card":"summary_large_image","twitter_misc":{"Tiempo de lectura":"2 minutos"},"schema":{"@context":"https:\/\/schema.org","@graph":[{"@type":"WebPage","@id":"https:\/\/koningdrone.be\/product\/dji-avata-360-motion-fly-more-combo-including-rc-motion-3-goggles-n3\/","url":"https:\/\/koningdrone.be\/product\/dji-avata-360-motion-fly-more-combo-including-rc-motion-3-goggles-n3\/","name":"DJI Avata 360 - Motion Fly More Combo - including RC Motion 3 &amp; Goggles N3 - koningdrone.be","isPartOf":{"@id":"https:\/\/koningdrone.be\/#website"},"primaryImageOfPage":{"@id":"https:\/\/koningdrone.be\/product\/dji-avata-360-motion-fly-more-combo-including-rc-motion-3-goggles-n3\/#primaryimage"},"image":{"@id":"https:\/\/koningdrone.be\/product\/dji-avata-360-motion-fly-more-combo-including-rc-motion-3-goggles-n3\/#primaryimage"},"thumbnailUrl":"https:\/\/koningdrone.be\/wp-content\/uploads\/sites\/13\/2026\/03\/DJI-Product-Avata-360-Motion-Fly-More-Combo-including-RC-Motion-3-Goggles-N3.webp","datePublished":"2026-04-03T16:11:36+00:00","dateModified":"2026-04-29T02:31:02+00:00","breadcrumb":{"@id":"https:\/\/koningdrone.be\/product\/dji-avata-360-motion-fly-more-combo-including-rc-motion-3-goggles-n3\/#breadcrumb"},"inLanguage":"es","potentialAction":[{"@type":"ReadAction","target":["https:\/\/koningdrone.be\/product\/dji-avata-360-motion-fly-more-combo-including-rc-motion-3-goggles-n3\/"]}]},{"@type":"ImageObject","inLanguage":"es","@id":"https:\/\/koningdrone.be\/product\/dji-avata-360-motion-fly-more-combo-including-rc-motion-3-goggles-n3\/#primaryimage","url":"https:\/\/koningdrone.be\/wp-content\/uploads\/sites\/13\/2026\/03\/DJI-Product-Avata-360-Motion-Fly-More-Combo-including-RC-Motion-3-Goggles-N3.webp","contentUrl":"https:\/\/koningdrone.be\/wp-content\/uploads\/sites\/13\/2026\/03\/DJI-Product-Avata-360-Motion-Fly-More-Combo-including-RC-Motion-3-Goggles-N3.webp","width":2048,"height":2048},{"@type":"BreadcrumbList","@id":"https:\/\/koningdrone.be\/product\/dji-avata-360-motion-fly-more-combo-including-rc-motion-3-goggles-n3\/#breadcrumb","itemListElement":[{"@type":"ListItem","position":1,"name":"Home","item":"https:\/\/koningdrone.be\/"},{"@type":"ListItem","position":2,"name":"AVSS Parachute Recovery System for DJI Matrice 300\/350","item":"https:\/\/koningdrone.be\/product\/avss-parachute-recovery-system-for-dji-matrice-300-350\/"},{"@type":"ListItem","position":3,"name":"DJI Avata 360","item":"https:\/\/koningdrone.be\/categorie\/dji-avata-360\/"},{"@type":"ListItem","position":4,"name":"DJI Avata 360 &#8211; Motion Fly More Combo &#8211; including RC Motion 3 &amp; Goggles N3"}]},{"@type":"WebSite","@id":"https:\/\/koningdrone.be\/#website","url":"https:\/\/koningdrone.be\/","name":"Koningdrone.be - Su especialista en l\u00ednea en drones, cardanes, c\u00e1maras y centrales el\u00e9ctricas.","description":"La tienda virtual de drones y cardanes","publisher":{"@id":"https:\/\/koningdrone.be\/#organization"},"potentialAction":[{"@type":"SearchAction","target":{"@type":"EntryPoint","urlTemplate":"https:\/\/koningdrone.be\/?s={search_term_string}"},"query-input":{"@type":"PropertyValueSpecification","valueRequired":true,"valueName":"search_term_string"}}],"inLanguage":"es"},{"@type":"Organization","@id":"https:\/\/koningdrone.be\/#organization","name":"Kingdrone.es","url":"https:\/\/koningdrone.be\/","logo":{"@type":"ImageObject","inLanguage":"es","@id":"https:\/\/koningdrone.be\/#\/schema\/logo\/image\/","url":"https:\/\/koningdrone.be\/wp-content\/uploads\/sites\/13\/2025\/04\/koningdrone-copyright-logo.svg","contentUrl":"https:\/\/koningdrone.be\/wp-content\/uploads\/sites\/13\/2025\/04\/koningdrone-copyright-logo.svg","width":227,"height":38,"caption":"Koningdrone.be"},"image":{"@id":"https:\/\/koningdrone.be\/#\/schema\/logo\/image\/"}}]}},"df_price":930,"df_sale_price":"","df_regular_price":930,"df_image_link":"https:\/\/koningdrone.be\/wp-content\/uploads\/sites\/13\/2026\/03\/DJI-Product-Avata-360-Motion-Fly-More-Combo-including-RC-Motion-3-Goggles-N3-300x300.webp","_links":{"self":[{"href":"https:\/\/koningdrone.be\/es\/wp-json\/wp\/v2\/product\/18015","targetHints":{"allow":["GET"]}}],"collection":[{"href":"https:\/\/koningdrone.be\/es\/wp-json\/wp\/v2\/product"}],"about":[{"href":"https:\/\/koningdrone.be\/es\/wp-json\/wp\/v2\/types\/product"}],"wp:featuredmedia":[{"embeddable":true,"href":"https:\/\/koningdrone.be\/es\/wp-json\/wp\/v2\/media\/18017"}],"wp:attachment":[{"href":"https:\/\/koningdrone.be\/es\/wp-json\/wp\/v2\/media?parent=18015"}],"wp:term":[{"taxonomy":"product_brand","embeddable":true,"href":"https:\/\/koningdrone.be\/es\/wp-json\/wp\/v2\/product_brand?post=18015"},{"taxonomy":"product_cat","embeddable":true,"href":"https:\/\/koningdrone.be\/es\/wp-json\/wp\/v2\/product_cat?post=18015"},{"taxonomy":"product_tag","embeddable":true,"href":"https:\/\/koningdrone.be\/es\/wp-json\/wp\/v2\/product_tag?post=18015"}],"curies":[{"name":"wp","href":"https:\/\/api.w.org\/{rel}","templated":true}]}}