{"id":17996,"date":"2026-04-03T18:11:31","date_gmt":"2026-04-03T16:11:31","guid":{"rendered":"https:\/\/koningdrone.be\/?post_type=product&#038;p=17996"},"modified":"2026-04-29T12:40:25","modified_gmt":"2026-04-29T10:40:25","slug":"dji-avata-360-fly-more-combo-including-rc331-smart-controller","status":"publish","type":"product","link":"https:\/\/koningdrone.be\/es\/producto\/dji-avata-360-fly-more-combo-including-rc331-smart-controller\/","title":{"rendered":"DJI Avata 360 - Fly More Combo - Incluye controlador inteligente RC331"},"content":{"rendered":"<h3>DJI Avata 360 Fly More Combo: M\u00e1xima libertad en todas las dimensiones<\/h3>\n<p><iframe loading=\"lazy\" title=\"DJI Avata 360: por encima de todo, a la vista de todos\" width=\"800\" height=\"450\" src=\"https:\/\/www.youtube.com\/embed\/LFZmfqA48ec?feature=oembed&#038;enablejsapi=1&#038;origin=https:\/\/koningdrone.be\" frameborder=\"0\" allow=\"accelerometer; autoplay; clipboard-write; encrypted-media; gyroscope; picture-in-picture; web-share\" referrerpolicy=\"strict-origin-when-cross-origin\" allowfullscreen><\/iframe><\/p>\n<p style=\"margin: 20px 0\">El DJI Avata 360 Fly More Combo es el paquete definitivo para el cineasta FPV serio y el creador de contenidos. Donde los drones FPV tradicionales te obligan a elegir qu\u00e9 capturar mientras vuelas, la Avata 360 simplemente lo graba todo. Gracias a su espectacular v\u00eddeo 8K de 360\u00b0 y a su resoluci\u00f3n fotogr\u00e1fica de 120 MP, nunca m\u00e1s tendr\u00e1s que perderte una toma. El Fly More Combo lleva esta experiencia a un nivel profesional, ya que le proporciona la potencia de bater\u00eda adicional esencial para largas jornadas de rodaje y secuencias de acci\u00f3n repetibles. Esto no es s\u00f3lo un dron; es una soluci\u00f3n de producci\u00f3n completa que reescribe las leyes de la cinematograf\u00eda tradicional.<\/p>\n<p><a href=\"https:\/\/koningdrone.nl\/wp-content\/uploads\/2026\/03\/Action-DJI-Product-Avata-360-Including-RC331-Smart-Controller-Fly-More-Combo.webp\"><img loading=\"lazy\" decoding=\"async\" class=\"aligncenter wp-image-470931 size-full\" src=\"https:\/\/koningdrone.nl\/wp-content\/uploads\/2026\/03\/Action-DJI-Product-Avata-360-Including-RC331-Smart-Controller-Fly-More-Combo.webp\" alt=\"Action DJI Product Avata 360 - Including RC331 Smart Controller - Fly More Combo\" width=\"1200\" height=\"800\" \/><\/a><\/p>\n<h4>Resoluci\u00f3n sin l\u00edmites y flexibilidad de posproducci\u00f3n<\/h4>\n<p>El Avata 360 transforma la forma de contar historias desde el aire:<\/p>\n<ul>\n<li><strong>Sistema de doble c\u00e1mara de 120 MP y 8K:<\/strong> Capture el mundo con asombroso detalle. Con la funci\u00f3n fotogr\u00e1fica de 120 megap\u00edxeles y la grabaci\u00f3n de v\u00eddeo en 8K, dispones de resoluci\u00f3n suficiente para hacer zoom extremo en acciones concretas en la edici\u00f3n, sin perder calidad de imagen profesional.<\/li>\n<li><strong>Reencuadre omnidireccional:<\/strong> \u201cVuela ahora, elige despu\u00e9s\u201d. Como el dron graba 360 grados a su alrededor, puedes simular en posproducci\u00f3n movimientos de c\u00e1mara fluidos que son f\u00edsicamente imposibles, como una transici\u00f3n fluida de una vista de p\u00e1jaro a una mirada hacia atr\u00e1s del piloto.<\/li>\n<li><strong>Seguridad FPV con LiDAR:<\/strong> Navega con total confianza por pasajes estrechos y estructuras complejas. Los sensores inteligentes controlan el dron en todas las direcciones, lo que te permite superar los l\u00edmites de tus habilidades de vuelo con una red de seguridad integrada.<\/li>\n<\/ul>\n<p><a href=\"https:\/\/koningdrone.nl\/wp-content\/uploads\/2026\/03\/DJI-Avata-360-Fly-More-Combo-Including-RC331-Smart-Controller.webp\"><img loading=\"lazy\" decoding=\"async\" class=\"size-medium wp-image-470929 aligncenter\" src=\"https:\/\/koningdrone.nl\/wp-content\/uploads\/2026\/03\/DJI-Avata-360-Fly-More-Combo-Including-RC331-Smart-Controller-300x300.webp\" alt=\"DJI Avata 360 - Fly More Combo - Including RC331 Smart Controller\" width=\"300\" height=\"300\" \/><\/a><\/p>\n<h4>Fly More Resistencia y dise\u00f1o Cinewhoop<\/h4>\n<p>Dise\u00f1ado para producciones intensivas y entornos exigentes:<\/p>\n<ul>\n<li><strong>Tiempo de vuelo extendido:<\/strong> Con las Bater\u00edas de Vuelo Inteligente adicionales de este combo, dispondr\u00e1s de un amplio <strong>70 minutos de vuelo total<\/strong>. Esto le da espacio para perfeccionar las trayectorias de vuelo, esperar diferentes situaciones de iluminaci\u00f3n o realizar amplios recorridos interiores sin presi\u00f3n de tiempo.<\/li>\n<li><strong>Protecci\u00f3n robusta de la h\u00e9lice:<\/strong> El dise\u00f1o aerodin\u00e1mico Cinewhoop con protecciones integradas convierte a la Avata 360 en la compa\u00f1era ideal para disparos en interiores o vuelos cerca de personas y objetos. Una peque\u00f1a colisi\u00f3n ya no se traduce en un choque, sino en un vuelo preservado.<\/li>\n<li><strong>O4 Transmisi\u00f3n hasta 20 km:<\/strong> Disfruta de un enlace de v\u00eddeo extremadamente estable y sin interferencias. Incluso en entornos con mucho ruido de se\u00f1al, la se\u00f1al en directo se mantiene n\u00edtida, lo que es esencial para la precisi\u00f3n que requiere el vuelo FPV.<\/li>\n<\/ul>\n<p><a href=\"https:\/\/koningdrone.nl\/wp-content\/uploads\/2026\/03\/Product-DJI-Avata-360-Including-RC331-Smart-Controller-Fly-More-Combo.webp\"><img loading=\"lazy\" decoding=\"async\" class=\"size-medium wp-image-470920 aligncenter\" src=\"https:\/\/koningdrone.nl\/wp-content\/uploads\/2026\/03\/Product-DJI-Avata-360-Including-RC331-Smart-Controller-Fly-More-Combo-300x300.webp\" alt=\"Product DJI Avata 360 - Including RC331 Smart Controller - Fly More Combo\" width=\"300\" height=\"300\" \/><\/a><\/p>\n<h4>Por qu\u00e9 es indispensable el Fly More Combo<\/h4>\n<p>El DJI Avata 360 Fly More Combo es la elecci\u00f3n m\u00e1s inteligente para los que se hacen profesionales. En el mundo del FPV, \u201cuna bater\u00eda\u201d nunca es suficiente; las celdas extra y el hub de carga aseguran que puedas mantener un proceso continuo en el set. Tanto si est\u00e1s grabando espectaculares v\u00eddeos inmobiliarios, siguiendo deportes extremos o rodando inmersivos documentales; este combo ofrece la seguridad, resoluci\u00f3n y soberan\u00eda creativa necesarias para producir contenidos que asombren al resto del mundo.<\/p>","protected":false},"excerpt":{"rendered":"<ul>\n<li>Juego completo con tres pilas y una bolsa Sling Bag para facilitar el transporte<\/li>\n<li>V\u00eddeo HDR 8K\/60fps en el que el propio dron permanece completamente invisible<\/li>\n<li>Hub de carga bidireccional compatible con la carga en paralelo para tiempos de recarga r\u00e1pidos.<\/li>\n<li>Protecci\u00f3n omnidireccional mediante LiDAR para volar con seguridad en cualquier direcci\u00f3n<\/li>\n<li>ActiveTrack 360 grados para im\u00e1genes de seguimiento profesional de diversos sujetos<\/li>\n<li>Transmisi\u00f3n O4+ para una conexi\u00f3n estable hasta a 10 km de distancia en Europa<\/li>\n<li>42 GB de almacenamiento interno y Wi-Fi 6 para transferir archivos sin cables a la velocidad del rayo<\/li>\n<li>Incluye DJI RC331 para un control preciso e imagen en directo instant\u00e1nea en pantalla<\/li>\n<\/ul>","protected":false},"featured_media":17999,"template":"","meta":{"_acf_changed":false},"product_brand":[],"product_cat":[1838],"product_tag":[],"class_list":{"0":"post-17996","1":"product","2":"type-product","3":"status-publish","4":"has-post-thumbnail","6":"product_cat-dji-avata-360","7":"product_shipping_class-outofstock","8":"pa_brand-dji","9":"pa_producttype-enterprise-drone","10":"pa_series-avata","12":"first","13":"outofstock","14":"taxable","15":"shipping-taxable","16":"product-type-simple"},"acf":[],"yoast_head":"<!-- This site is optimized with the Yoast SEO Premium plugin v27.2 (Yoast SEO v27.2) - https:\/\/yoast.com\/product\/yoast-seo-premium-wordpress\/ -->\n<title>DJI Avata 360 - Fly More Combo - Including RC331 Smart Controller - koningdrone.be<\/title>\n<meta name=\"robots\" content=\"index, follow, max-snippet:-1, max-image-preview:large, max-video-preview:-1\" \/>\n<link rel=\"canonical\" href=\"https:\/\/koningdrone.be\/es\/producto\/dji-avata-360-fly-more-combo-including-rc331-smart-controller\/\" \/>\n<meta property=\"og:locale\" content=\"es_ES\" \/>\n<meta property=\"og:type\" content=\"article\" \/>\n<meta property=\"og:title\" content=\"DJI Avata 360 - Fly More Combo - Including RC331 Smart Controller\" \/>\n<meta property=\"og:description\" content=\"Complete set met drie accu&#039;s en een Sling Bag voor gemakkelijk transport  8K\/60fps HDR video waarbij de drone zelf volledig onzichtbaar blijft  Two-Way Charging Hub die parallel laden ondersteunt voor snelle herlaadtijden  Omnidirectionele beveiliging via LiDAR voor veilig vliegen in elke richting  ActiveTrack 360 graden voor professionele volgbeelden van diverse onderwerpen  O4+ transmissie voor een stabiele verbinding tot 10km afstand in Europa  42GB interne opslag en Wi-Fi 6 voor razendsnelle draadloze bestandsoverdracht  Inclusief DJI RC331 voor nauwkeurige bediening en direct livebeeld op het scherm\" \/>\n<meta property=\"og:url\" content=\"https:\/\/koningdrone.be\/es\/producto\/dji-avata-360-fly-more-combo-including-rc331-smart-controller\/\" \/>\n<meta property=\"og:site_name\" content=\"koningdrone.be\" \/>\n<meta property=\"article:modified_time\" content=\"2026-04-29T10:40:25+00:00\" \/>\n<meta property=\"og:image\" content=\"https:\/\/koningdrone.be\/wp-content\/uploads\/sites\/13\/2026\/03\/DJI-Avata-360-Fly-More-Combo-Including-RC331-Smart-Controller.webp\" \/>\n\t<meta property=\"og:image:width\" content=\"2048\" \/>\n\t<meta property=\"og:image:height\" content=\"2048\" \/>\n\t<meta property=\"og:image:type\" content=\"image\/webp\" \/>\n<meta name=\"twitter:card\" content=\"summary_large_image\" \/>\n<meta name=\"twitter:label1\" content=\"Tiempo de lectura\" \/>\n\t<meta name=\"twitter:data1\" content=\"2 minutos\" \/>\n<script type=\"application\/ld+json\" class=\"yoast-schema-graph\">{\"@context\":\"https:\/\/schema.org\",\"@graph\":[{\"@type\":\"WebPage\",\"@id\":\"https:\/\/koningdrone.be\/product\/dji-avata-360-fly-more-combo-including-rc331-smart-controller\/\",\"url\":\"https:\/\/koningdrone.be\/product\/dji-avata-360-fly-more-combo-including-rc331-smart-controller\/\",\"name\":\"DJI Avata 360 - Fly More Combo - Including RC331 Smart Controller - koningdrone.be\",\"isPartOf\":{\"@id\":\"https:\/\/koningdrone.be\/#website\"},\"primaryImageOfPage\":{\"@id\":\"https:\/\/koningdrone.be\/product\/dji-avata-360-fly-more-combo-including-rc331-smart-controller\/#primaryimage\"},\"image\":{\"@id\":\"https:\/\/koningdrone.be\/product\/dji-avata-360-fly-more-combo-including-rc331-smart-controller\/#primaryimage\"},\"thumbnailUrl\":\"https:\/\/koningdrone.be\/wp-content\/uploads\/sites\/13\/2026\/03\/DJI-Avata-360-Fly-More-Combo-Including-RC331-Smart-Controller.webp\",\"datePublished\":\"2026-04-03T16:11:31+00:00\",\"dateModified\":\"2026-04-29T10:40:25+00:00\",\"breadcrumb\":{\"@id\":\"https:\/\/koningdrone.be\/product\/dji-avata-360-fly-more-combo-including-rc331-smart-controller\/#breadcrumb\"},\"inLanguage\":\"es\",\"potentialAction\":[{\"@type\":\"ReadAction\",\"target\":[\"https:\/\/koningdrone.be\/product\/dji-avata-360-fly-more-combo-including-rc331-smart-controller\/\"]}]},{\"@type\":\"ImageObject\",\"inLanguage\":\"es\",\"@id\":\"https:\/\/koningdrone.be\/product\/dji-avata-360-fly-more-combo-including-rc331-smart-controller\/#primaryimage\",\"url\":\"https:\/\/koningdrone.be\/wp-content\/uploads\/sites\/13\/2026\/03\/DJI-Avata-360-Fly-More-Combo-Including-RC331-Smart-Controller.webp\",\"contentUrl\":\"https:\/\/koningdrone.be\/wp-content\/uploads\/sites\/13\/2026\/03\/DJI-Avata-360-Fly-More-Combo-Including-RC331-Smart-Controller.webp\",\"width\":2048,\"height\":2048},{\"@type\":\"BreadcrumbList\",\"@id\":\"https:\/\/koningdrone.be\/product\/dji-avata-360-fly-more-combo-including-rc331-smart-controller\/#breadcrumb\",\"itemListElement\":[{\"@type\":\"ListItem\",\"position\":1,\"name\":\"Home\",\"item\":\"https:\/\/koningdrone.be\/\"},{\"@type\":\"ListItem\",\"position\":2,\"name\":\"AVSS Parachute Recovery System for DJI Matrice 300\/350\",\"item\":\"https:\/\/koningdrone.be\/product\/avss-parachute-recovery-system-for-dji-matrice-300-350\/\"},{\"@type\":\"ListItem\",\"position\":3,\"name\":\"DJI Avata 360\",\"item\":\"https:\/\/koningdrone.be\/categorie\/dji-avata-360\/\"},{\"@type\":\"ListItem\",\"position\":4,\"name\":\"DJI Avata 360 &#8211; Fly More Combo &#8211; Including RC331 Smart Controller\"}]},{\"@type\":\"WebSite\",\"@id\":\"https:\/\/koningdrone.be\/#website\",\"url\":\"https:\/\/koningdrone.be\/\",\"name\":\"Koningdrone.be - Uw online specialist in drones, gimbals, camera's en power stations.\",\"description\":\"De webshop in drones en gimbals\",\"publisher\":{\"@id\":\"https:\/\/koningdrone.be\/#organization\"},\"potentialAction\":[{\"@type\":\"SearchAction\",\"target\":{\"@type\":\"EntryPoint\",\"urlTemplate\":\"https:\/\/koningdrone.be\/?s={search_term_string}\"},\"query-input\":{\"@type\":\"PropertyValueSpecification\",\"valueRequired\":true,\"valueName\":\"search_term_string\"}}],\"inLanguage\":\"es\"},{\"@type\":\"Organization\",\"@id\":\"https:\/\/koningdrone.be\/#organization\",\"name\":\"Koningdrone.be\",\"url\":\"https:\/\/koningdrone.be\/\",\"logo\":{\"@type\":\"ImageObject\",\"inLanguage\":\"es\",\"@id\":\"https:\/\/koningdrone.be\/#\/schema\/logo\/image\/\",\"url\":\"https:\/\/koningdrone.be\/wp-content\/uploads\/sites\/13\/2025\/04\/koningdrone-copyright-logo.svg\",\"contentUrl\":\"https:\/\/koningdrone.be\/wp-content\/uploads\/sites\/13\/2025\/04\/koningdrone-copyright-logo.svg\",\"width\":227,\"height\":38,\"caption\":\"Koningdrone.be\"},\"image\":{\"@id\":\"https:\/\/koningdrone.be\/#\/schema\/logo\/image\/\"}}]}<\/script>\n<!-- \/ Yoast SEO Premium plugin. -->","yoast_head_json":{"title":"DJI Avata 360 - Fly More Combo - Including RC331 Smart Controller - koningdrone.be","robots":{"index":"index","follow":"follow","max-snippet":"max-snippet:-1","max-image-preview":"max-image-preview:large","max-video-preview":"max-video-preview:-1"},"canonical":"https:\/\/koningdrone.be\/es\/producto\/dji-avata-360-fly-more-combo-including-rc331-smart-controller\/","og_locale":"es_ES","og_type":"article","og_title":"DJI Avata 360 - Fly More Combo - Including RC331 Smart Controller","og_description":"Complete set met drie accu's en een Sling Bag voor gemakkelijk transport  8K\/60fps HDR video waarbij de drone zelf volledig onzichtbaar blijft  Two-Way Charging Hub die parallel laden ondersteunt voor snelle herlaadtijden  Omnidirectionele beveiliging via LiDAR voor veilig vliegen in elke richting  ActiveTrack 360 graden voor professionele volgbeelden van diverse onderwerpen  O4+ transmissie voor een stabiele verbinding tot 10km afstand in Europa  42GB interne opslag en Wi-Fi 6 voor razendsnelle draadloze bestandsoverdracht  Inclusief DJI RC331 voor nauwkeurige bediening en direct livebeeld op het scherm","og_url":"https:\/\/koningdrone.be\/es\/producto\/dji-avata-360-fly-more-combo-including-rc331-smart-controller\/","og_site_name":"koningdrone.be","article_modified_time":"2026-04-29T10:40:25+00:00","og_image":[{"width":2048,"height":2048,"url":"https:\/\/koningdrone.be\/wp-content\/uploads\/sites\/13\/2026\/03\/DJI-Avata-360-Fly-More-Combo-Including-RC331-Smart-Controller.webp","type":"image\/webp"}],"twitter_card":"summary_large_image","twitter_misc":{"Tiempo de lectura":"2 minutos"},"schema":{"@context":"https:\/\/schema.org","@graph":[{"@type":"WebPage","@id":"https:\/\/koningdrone.be\/product\/dji-avata-360-fly-more-combo-including-rc331-smart-controller\/","url":"https:\/\/koningdrone.be\/product\/dji-avata-360-fly-more-combo-including-rc331-smart-controller\/","name":"DJI Avata 360 - Fly More Combo - Including RC331 Smart Controller - koningdrone.be","isPartOf":{"@id":"https:\/\/koningdrone.be\/#website"},"primaryImageOfPage":{"@id":"https:\/\/koningdrone.be\/product\/dji-avata-360-fly-more-combo-including-rc331-smart-controller\/#primaryimage"},"image":{"@id":"https:\/\/koningdrone.be\/product\/dji-avata-360-fly-more-combo-including-rc331-smart-controller\/#primaryimage"},"thumbnailUrl":"https:\/\/koningdrone.be\/wp-content\/uploads\/sites\/13\/2026\/03\/DJI-Avata-360-Fly-More-Combo-Including-RC331-Smart-Controller.webp","datePublished":"2026-04-03T16:11:31+00:00","dateModified":"2026-04-29T10:40:25+00:00","breadcrumb":{"@id":"https:\/\/koningdrone.be\/product\/dji-avata-360-fly-more-combo-including-rc331-smart-controller\/#breadcrumb"},"inLanguage":"es","potentialAction":[{"@type":"ReadAction","target":["https:\/\/koningdrone.be\/product\/dji-avata-360-fly-more-combo-including-rc331-smart-controller\/"]}]},{"@type":"ImageObject","inLanguage":"es","@id":"https:\/\/koningdrone.be\/product\/dji-avata-360-fly-more-combo-including-rc331-smart-controller\/#primaryimage","url":"https:\/\/koningdrone.be\/wp-content\/uploads\/sites\/13\/2026\/03\/DJI-Avata-360-Fly-More-Combo-Including-RC331-Smart-Controller.webp","contentUrl":"https:\/\/koningdrone.be\/wp-content\/uploads\/sites\/13\/2026\/03\/DJI-Avata-360-Fly-More-Combo-Including-RC331-Smart-Controller.webp","width":2048,"height":2048},{"@type":"BreadcrumbList","@id":"https:\/\/koningdrone.be\/product\/dji-avata-360-fly-more-combo-including-rc331-smart-controller\/#breadcrumb","itemListElement":[{"@type":"ListItem","position":1,"name":"Home","item":"https:\/\/koningdrone.be\/"},{"@type":"ListItem","position":2,"name":"AVSS Parachute Recovery System for DJI Matrice 300\/350","item":"https:\/\/koningdrone.be\/product\/avss-parachute-recovery-system-for-dji-matrice-300-350\/"},{"@type":"ListItem","position":3,"name":"DJI Avata 360","item":"https:\/\/koningdrone.be\/categorie\/dji-avata-360\/"},{"@type":"ListItem","position":4,"name":"DJI Avata 360 &#8211; Fly More Combo &#8211; Including RC331 Smart Controller"}]},{"@type":"WebSite","@id":"https:\/\/koningdrone.be\/#website","url":"https:\/\/koningdrone.be\/","name":"Koningdrone.be - Su especialista en l\u00ednea en drones, cardanes, c\u00e1maras y centrales el\u00e9ctricas.","description":"La tienda virtual de drones y cardanes","publisher":{"@id":"https:\/\/koningdrone.be\/#organization"},"potentialAction":[{"@type":"SearchAction","target":{"@type":"EntryPoint","urlTemplate":"https:\/\/koningdrone.be\/?s={search_term_string}"},"query-input":{"@type":"PropertyValueSpecification","valueRequired":true,"valueName":"search_term_string"}}],"inLanguage":"es"},{"@type":"Organization","@id":"https:\/\/koningdrone.be\/#organization","name":"Kingdrone.es","url":"https:\/\/koningdrone.be\/","logo":{"@type":"ImageObject","inLanguage":"es","@id":"https:\/\/koningdrone.be\/#\/schema\/logo\/image\/","url":"https:\/\/koningdrone.be\/wp-content\/uploads\/sites\/13\/2025\/04\/koningdrone-copyright-logo.svg","contentUrl":"https:\/\/koningdrone.be\/wp-content\/uploads\/sites\/13\/2025\/04\/koningdrone-copyright-logo.svg","width":227,"height":38,"caption":"Koningdrone.be"},"image":{"@id":"https:\/\/koningdrone.be\/#\/schema\/logo\/image\/"}}]}},"df_price":"","df_sale_price":"","df_regular_price":"","df_image_link":"https:\/\/koningdrone.be\/wp-content\/uploads\/sites\/13\/2026\/03\/DJI-Avata-360-Fly-More-Combo-Including-RC331-Smart-Controller-300x300.webp","_links":{"self":[{"href":"https:\/\/koningdrone.be\/es\/wp-json\/wp\/v2\/product\/17996","targetHints":{"allow":["GET"]}}],"collection":[{"href":"https:\/\/koningdrone.be\/es\/wp-json\/wp\/v2\/product"}],"about":[{"href":"https:\/\/koningdrone.be\/es\/wp-json\/wp\/v2\/types\/product"}],"wp:featuredmedia":[{"embeddable":true,"href":"https:\/\/koningdrone.be\/es\/wp-json\/wp\/v2\/media\/17999"}],"wp:attachment":[{"href":"https:\/\/koningdrone.be\/es\/wp-json\/wp\/v2\/media?parent=17996"}],"wp:term":[{"taxonomy":"product_brand","embeddable":true,"href":"https:\/\/koningdrone.be\/es\/wp-json\/wp\/v2\/product_brand?post=17996"},{"taxonomy":"product_cat","embeddable":true,"href":"https:\/\/koningdrone.be\/es\/wp-json\/wp\/v2\/product_cat?post=17996"},{"taxonomy":"product_tag","embeddable":true,"href":"https:\/\/koningdrone.be\/es\/wp-json\/wp\/v2\/product_tag?post=17996"}],"curies":[{"name":"wp","href":"https:\/\/api.w.org\/{rel}","templated":true}]}}