{"id":17979,"date":"2026-04-03T18:11:27","date_gmt":"2026-04-03T16:11:27","guid":{"rendered":"https:\/\/koningdrone.be\/?post_type=product&#038;p=17979"},"modified":"2026-04-29T04:31:01","modified_gmt":"2026-04-29T02:31:01","slug":"dji-avata-360-including-rc331-smart-controller","status":"publish","type":"product","link":"https:\/\/koningdrone.be\/es\/producto\/dji-avata-360-including-rc331-smart-controller\/","title":{"rendered":"DJI Avata 360 - Incluye controlador inteligente RC331"},"content":{"rendered":"<h3>DJI Avata 360: La revoluci\u00f3n en contenidos FPV inmersivos<\/h3>\n<p><iframe loading=\"lazy\" title=\"DJI Avata 360: por encima de todo, a la vista de todos\" width=\"800\" height=\"450\" src=\"https:\/\/www.youtube.com\/embed\/LFZmfqA48ec?feature=oembed&#038;enablejsapi=1&#038;origin=https:\/\/koningdrone.be\" frameborder=\"0\" allow=\"accelerometer; autoplay; clipboard-write; encrypted-media; gyroscope; picture-in-picture; web-share\" referrerpolicy=\"strict-origin-when-cross-origin\" allowfullscreen><\/iframe><\/p>\n<p style=\"margin: 20px 0\">El DJI Avata 360 con controlador inteligente RC331 abre una nueva dimensi\u00f3n para cineastas y pilotos FPV. Este dispositivo combina la agilidad de un Cinewhoop con las posibilidades ilimitadas de la tecnolog\u00eda de grabaci\u00f3n en 360\u00b0. Mientras que los drones tradicionales se limitan a una sola direcci\u00f3n de visi\u00f3n, el Avata 360 captura todo lo que le rodea con una resoluci\u00f3n asombrosa. Esto significa que puedes concentrarte plenamente en volar a trav\u00e9s de espacios reducidos y entornos complejos en vuelo, mientras que s\u00f3lo eliges el \u00e1ngulo de c\u00e1mara perfecto en postproducci\u00f3n. Con el controlador inteligente RC331 incluido, tendr\u00e1s una visi\u00f3n clara e instant\u00e1nea, sin necesidad de pantallas adicionales ni smartphones.<\/p>\n<p><a href=\"https:\/\/koningdrone.nl\/wp-content\/uploads\/2026\/03\/Product-Action-DJI-Avata-360-Including-RC331-Smart-Controller.webp\"><img loading=\"lazy\" decoding=\"async\" class=\"aligncenter wp-image-470878 size-full\" src=\"https:\/\/koningdrone.nl\/wp-content\/uploads\/2026\/03\/Product-Action-DJI-Avata-360-Including-RC331-Smart-Controller.webp\" alt=\"Product Action DJI Avata 360 - Including RC331 Smart Controller\" width=\"1200\" height=\"800\" \/><\/a><\/p>\n<h4>8K Potencia de doble sensor y realineaci\u00f3n ilimitada<\/h4>\n<p>La Avata 360 es una potencia visual que reescribe las reglas de la composici\u00f3n:<\/p>\n<ul>\n<li><strong>Captura 8K con doble sensor:<\/strong> Gracias a los sensores duales estrat\u00e9gicamente situados, el dron captura im\u00e1genes en <strong>Resoluci\u00f3n 8K<\/strong>. Esto garantiza una nitidez sin precedentes incluso despu\u00e9s de haber seleccionado una parte espec\u00edfica de la imagen de 360\u00b0 para un formato est\u00e1ndar panor\u00e1mico o vertical.<\/li>\n<li><strong>Encuadramiento post-vuelo:<\/strong> \u201cDispara primero, apunta despu\u00e9s\u201d. Nunca m\u00e1s tendr\u00e1s que perder una toma porque el dron estaba mirando en la direcci\u00f3n equivocada. En la edici\u00f3n, puedes a\u00f1adir panor\u00e1micas, inclinaciones y zooms fluidos a tus secuencias, lo que da lugar a movimientos de c\u00e1mara imposibles de conseguir con un dron est\u00e1ndar.<\/li>\n<li><strong>Inmersi\u00f3n FPV con seguridad:<\/strong> Experimenta la emoci\u00f3n de volar desde la cabina. Con un rendimiento de vuelo estable y detecci\u00f3n inteligente de obst\u00e1culos, podr\u00e1s navegar por espacios reducidos con confianza, y el dron te ayudar\u00e1 a evitar colisiones.<\/li>\n<\/ul>\n<p><a href=\"https:\/\/koningdrone.nl\/wp-content\/uploads\/2026\/03\/DJI-Avata-360-Product-Including-RC331-Smart-Controller.webp\"><img loading=\"lazy\" decoding=\"async\" class=\"size-medium wp-image-470886 aligncenter\" src=\"https:\/\/koningdrone.nl\/wp-content\/uploads\/2026\/03\/DJI-Avata-360-Product-Including-RC331-Smart-Controller-300x300.webp\" alt=\"DJI Avata 360 Product - Including RC331 Smart Controller\" width=\"300\" height=\"300\" \/><\/a><\/p>\n<h4>Dise\u00f1o Cinewhoop robusto y controles intuitivos<\/h4>\n<p>Dise\u00f1ado para actuar tanto en interiores como en exteriores:<\/p>\n<ul>\n<li><strong>Protecci\u00f3n integrada de la h\u00e9lice:<\/strong> Su distintivo marco protector hace que el Avata 360 sea perfecto para vuelos cerca de objetos, personas o en interiores. Un peque\u00f1o roce con una pared ya no significa el fin de tu vuelo.<\/li>\n<li><strong>Controlador inteligente RC331:<\/strong> El mando incluido cuenta con un <strong>pantalla integrada ultrabrillante<\/strong>. Esto garantiza un retardo m\u00ednimo de la se\u00f1al de v\u00eddeo y la m\u00e1xima fiabilidad, proporcion\u00e1ndole un control total sobre la trayectoria de vuelo mientras los sensores de 360\u00b0 hacen su trabajo.<\/li>\n<li><strong>M\u00e1s de 20 minutos de vuelo:<\/strong> Para un dron FPV de este calibre, el Avata 360 ofrece una resistencia impresionante. Tiene tiempo de sobra para realizar recorridos complejos y capturar m\u00faltiples \u00e1ngulos en un solo vuelo.<\/li>\n<\/ul>\n<p><a href=\"https:\/\/koningdrone.nl\/wp-content\/uploads\/2026\/03\/Avata-360-DJI-Product-Including-RC331-Smart-Controller.webp\"><img loading=\"lazy\" decoding=\"async\" class=\"size-medium wp-image-470880 aligncenter\" src=\"https:\/\/koningdrone.nl\/wp-content\/uploads\/2026\/03\/Avata-360-DJI-Product-Including-RC331-Smart-Controller-300x300.webp\" alt=\"Avata 360 DJI - Product Including RC331 Smart Controller\" width=\"300\" height=\"300\" \/><\/a><\/p>\n<h4>Por qu\u00e9 la DJI Avata 360 es indispensable<\/h4>\n<p>La DJI Avata 360 es la herramienta definitiva para los creadores de contenidos que buscan ampliar los l\u00edmites de las redes sociales y la videograf\u00eda profesional. Elimina el estr\u00e9s de apuntar perfectamente tu c\u00e1mara durante momentos de acci\u00f3n trepidante. Tanto si est\u00e1s haciendo un recorrido din\u00e1mico por un edificio como filmando una persecuci\u00f3n a alta velocidad, la Avata 360 te garantiza que siempre tendr\u00e1s la toma perfecta, simplemente porque lo ve todo. Es una inversi\u00f3n de futuro en libertad creativa.<\/p>","protected":false},"excerpt":{"rendered":"<ul>\n<li>V\u00eddeo HDR de 8K\/60 fps y fotos de 360 grados de 120 MP para un detalle extremo<\/li>\n<li>Dos sensores de 1\/1,1 pulgadas que proporcionan un alto rango din\u00e1mico<\/li>\n<li>Detecci\u00f3n de obst\u00e1culos omnidireccional con LiDAR orientado hacia delante para m\u00e1xima seguridad<\/li>\n<li>Hasta 23 minutos de vuelo por bater\u00eda para permanecer m\u00e1s tiempo en el aire<\/li>\n<li>42 GB de memoria interna para grabar directamente sin tarjeta externa<\/li>\n<li>O4+ Transmisi\u00f3n de v\u00eddeo Full HD con un alcance de hasta 10 km en Europa<\/li>\n<li>Incluye controlador DJI RC331 con pantalla integrada para un uso instant\u00e1neo y preciso<\/li>\n<\/ul>","protected":false},"featured_media":17981,"template":"","meta":{"_acf_changed":false},"product_brand":[],"product_cat":[1838],"product_tag":[],"class_list":{"0":"post-17979","1":"product","2":"type-product","3":"status-publish","4":"has-post-thumbnail","6":"product_cat-dji-avata-360","7":"product_shipping_class-dronelandall","8":"pa_brand-dji","9":"pa_producttype-enterprise-drone","10":"pa_series-avata","12":"first","13":"instock","14":"taxable","15":"shipping-taxable","16":"purchasable","17":"product-type-simple"},"acf":[],"yoast_head":"<!-- This site is optimized with the Yoast SEO Premium plugin v27.2 (Yoast SEO v27.2) - https:\/\/yoast.com\/product\/yoast-seo-premium-wordpress\/ -->\n<title>DJI Avata 360 - Including RC331 Smart Controller - koningdrone.be<\/title>\n<meta name=\"robots\" content=\"index, follow, max-snippet:-1, max-image-preview:large, max-video-preview:-1\" \/>\n<link rel=\"canonical\" href=\"https:\/\/koningdrone.be\/es\/producto\/dji-avata-360-including-rc331-smart-controller\/\" \/>\n<meta property=\"og:locale\" content=\"es_ES\" \/>\n<meta property=\"og:type\" content=\"article\" \/>\n<meta property=\"og:title\" content=\"DJI Avata 360 - Including RC331 Smart Controller\" \/>\n<meta property=\"og:description\" content=\"8K\/60fps HDR video en 120MP 360-graden foto&#039;s voor extreem veel detail  Twee 1\/1.1-inch sensoren die zorgen voor een hoog dynamisch bereik  Omnidirectionele obstakeldetectie met forward-facing LiDAR voor maximale veiligheid  Tot 23 minuten vliegtijd per accu om langer in de lucht te kunnen blijven  42GB intern geheugen zodat je direct kunt opnemen zonder externe kaart  O4+ Full HD videotransmissie met een bereik tot 10km in Europa  Inclusief DJI RC331 controller met ingebouwd scherm voor direct en nauwkeurig gebruik\" \/>\n<meta property=\"og:url\" content=\"https:\/\/koningdrone.be\/es\/producto\/dji-avata-360-including-rc331-smart-controller\/\" \/>\n<meta property=\"og:site_name\" content=\"koningdrone.be\" \/>\n<meta property=\"article:modified_time\" content=\"2026-04-29T02:31:01+00:00\" \/>\n<meta property=\"og:image\" content=\"https:\/\/koningdrone.be\/wp-content\/uploads\/sites\/13\/2026\/03\/DJI-Avata-360-Including-RC331-Smart-Controller.webp\" \/>\n\t<meta property=\"og:image:width\" content=\"2048\" \/>\n\t<meta property=\"og:image:height\" content=\"2048\" \/>\n\t<meta property=\"og:image:type\" content=\"image\/webp\" \/>\n<meta name=\"twitter:card\" content=\"summary_large_image\" \/>\n<meta name=\"twitter:label1\" content=\"Tiempo de lectura\" \/>\n\t<meta name=\"twitter:data1\" content=\"2 minutos\" \/>\n<script type=\"application\/ld+json\" class=\"yoast-schema-graph\">{\"@context\":\"https:\/\/schema.org\",\"@graph\":[{\"@type\":\"WebPage\",\"@id\":\"https:\/\/koningdrone.be\/product\/dji-avata-360-including-rc331-smart-controller\/\",\"url\":\"https:\/\/koningdrone.be\/product\/dji-avata-360-including-rc331-smart-controller\/\",\"name\":\"DJI Avata 360 - Including RC331 Smart Controller - koningdrone.be\",\"isPartOf\":{\"@id\":\"https:\/\/koningdrone.be\/#website\"},\"primaryImageOfPage\":{\"@id\":\"https:\/\/koningdrone.be\/product\/dji-avata-360-including-rc331-smart-controller\/#primaryimage\"},\"image\":{\"@id\":\"https:\/\/koningdrone.be\/product\/dji-avata-360-including-rc331-smart-controller\/#primaryimage\"},\"thumbnailUrl\":\"https:\/\/koningdrone.be\/wp-content\/uploads\/sites\/13\/2026\/03\/DJI-Avata-360-Including-RC331-Smart-Controller.webp\",\"datePublished\":\"2026-04-03T16:11:27+00:00\",\"dateModified\":\"2026-04-29T02:31:01+00:00\",\"breadcrumb\":{\"@id\":\"https:\/\/koningdrone.be\/product\/dji-avata-360-including-rc331-smart-controller\/#breadcrumb\"},\"inLanguage\":\"es\",\"potentialAction\":[{\"@type\":\"ReadAction\",\"target\":[\"https:\/\/koningdrone.be\/product\/dji-avata-360-including-rc331-smart-controller\/\"]}]},{\"@type\":\"ImageObject\",\"inLanguage\":\"es\",\"@id\":\"https:\/\/koningdrone.be\/product\/dji-avata-360-including-rc331-smart-controller\/#primaryimage\",\"url\":\"https:\/\/koningdrone.be\/wp-content\/uploads\/sites\/13\/2026\/03\/DJI-Avata-360-Including-RC331-Smart-Controller.webp\",\"contentUrl\":\"https:\/\/koningdrone.be\/wp-content\/uploads\/sites\/13\/2026\/03\/DJI-Avata-360-Including-RC331-Smart-Controller.webp\",\"width\":2048,\"height\":2048},{\"@type\":\"BreadcrumbList\",\"@id\":\"https:\/\/koningdrone.be\/product\/dji-avata-360-including-rc331-smart-controller\/#breadcrumb\",\"itemListElement\":[{\"@type\":\"ListItem\",\"position\":1,\"name\":\"Home\",\"item\":\"https:\/\/koningdrone.be\/\"},{\"@type\":\"ListItem\",\"position\":2,\"name\":\"AVSS Parachute Recovery System for DJI Matrice 300\/350\",\"item\":\"https:\/\/koningdrone.be\/product\/avss-parachute-recovery-system-for-dji-matrice-300-350\/\"},{\"@type\":\"ListItem\",\"position\":3,\"name\":\"DJI Avata 360\",\"item\":\"https:\/\/koningdrone.be\/categorie\/dji-avata-360\/\"},{\"@type\":\"ListItem\",\"position\":4,\"name\":\"DJI Avata 360 &#8211; Including RC331 Smart Controller\"}]},{\"@type\":\"WebSite\",\"@id\":\"https:\/\/koningdrone.be\/#website\",\"url\":\"https:\/\/koningdrone.be\/\",\"name\":\"Koningdrone.be - Uw online specialist in drones, gimbals, camera's en power stations.\",\"description\":\"De webshop in drones en gimbals\",\"publisher\":{\"@id\":\"https:\/\/koningdrone.be\/#organization\"},\"potentialAction\":[{\"@type\":\"SearchAction\",\"target\":{\"@type\":\"EntryPoint\",\"urlTemplate\":\"https:\/\/koningdrone.be\/?s={search_term_string}\"},\"query-input\":{\"@type\":\"PropertyValueSpecification\",\"valueRequired\":true,\"valueName\":\"search_term_string\"}}],\"inLanguage\":\"es\"},{\"@type\":\"Organization\",\"@id\":\"https:\/\/koningdrone.be\/#organization\",\"name\":\"Koningdrone.be\",\"url\":\"https:\/\/koningdrone.be\/\",\"logo\":{\"@type\":\"ImageObject\",\"inLanguage\":\"es\",\"@id\":\"https:\/\/koningdrone.be\/#\/schema\/logo\/image\/\",\"url\":\"https:\/\/koningdrone.be\/wp-content\/uploads\/sites\/13\/2025\/04\/koningdrone-copyright-logo.svg\",\"contentUrl\":\"https:\/\/koningdrone.be\/wp-content\/uploads\/sites\/13\/2025\/04\/koningdrone-copyright-logo.svg\",\"width\":227,\"height\":38,\"caption\":\"Koningdrone.be\"},\"image\":{\"@id\":\"https:\/\/koningdrone.be\/#\/schema\/logo\/image\/\"}}]}<\/script>\n<!-- \/ Yoast SEO Premium plugin. -->","yoast_head_json":{"title":"DJI Avata 360 - Including RC331 Smart Controller - koningdrone.be","robots":{"index":"index","follow":"follow","max-snippet":"max-snippet:-1","max-image-preview":"max-image-preview:large","max-video-preview":"max-video-preview:-1"},"canonical":"https:\/\/koningdrone.be\/es\/producto\/dji-avata-360-including-rc331-smart-controller\/","og_locale":"es_ES","og_type":"article","og_title":"DJI Avata 360 - Including RC331 Smart Controller","og_description":"8K\/60fps HDR video en 120MP 360-graden foto's voor extreem veel detail  Twee 1\/1.1-inch sensoren die zorgen voor een hoog dynamisch bereik  Omnidirectionele obstakeldetectie met forward-facing LiDAR voor maximale veiligheid  Tot 23 minuten vliegtijd per accu om langer in de lucht te kunnen blijven  42GB intern geheugen zodat je direct kunt opnemen zonder externe kaart  O4+ Full HD videotransmissie met een bereik tot 10km in Europa  Inclusief DJI RC331 controller met ingebouwd scherm voor direct en nauwkeurig gebruik","og_url":"https:\/\/koningdrone.be\/es\/producto\/dji-avata-360-including-rc331-smart-controller\/","og_site_name":"koningdrone.be","article_modified_time":"2026-04-29T02:31:01+00:00","og_image":[{"width":2048,"height":2048,"url":"https:\/\/koningdrone.be\/wp-content\/uploads\/sites\/13\/2026\/03\/DJI-Avata-360-Including-RC331-Smart-Controller.webp","type":"image\/webp"}],"twitter_card":"summary_large_image","twitter_misc":{"Tiempo de lectura":"2 minutos"},"schema":{"@context":"https:\/\/schema.org","@graph":[{"@type":"WebPage","@id":"https:\/\/koningdrone.be\/product\/dji-avata-360-including-rc331-smart-controller\/","url":"https:\/\/koningdrone.be\/product\/dji-avata-360-including-rc331-smart-controller\/","name":"DJI Avata 360 - Including RC331 Smart Controller - koningdrone.be","isPartOf":{"@id":"https:\/\/koningdrone.be\/#website"},"primaryImageOfPage":{"@id":"https:\/\/koningdrone.be\/product\/dji-avata-360-including-rc331-smart-controller\/#primaryimage"},"image":{"@id":"https:\/\/koningdrone.be\/product\/dji-avata-360-including-rc331-smart-controller\/#primaryimage"},"thumbnailUrl":"https:\/\/koningdrone.be\/wp-content\/uploads\/sites\/13\/2026\/03\/DJI-Avata-360-Including-RC331-Smart-Controller.webp","datePublished":"2026-04-03T16:11:27+00:00","dateModified":"2026-04-29T02:31:01+00:00","breadcrumb":{"@id":"https:\/\/koningdrone.be\/product\/dji-avata-360-including-rc331-smart-controller\/#breadcrumb"},"inLanguage":"es","potentialAction":[{"@type":"ReadAction","target":["https:\/\/koningdrone.be\/product\/dji-avata-360-including-rc331-smart-controller\/"]}]},{"@type":"ImageObject","inLanguage":"es","@id":"https:\/\/koningdrone.be\/product\/dji-avata-360-including-rc331-smart-controller\/#primaryimage","url":"https:\/\/koningdrone.be\/wp-content\/uploads\/sites\/13\/2026\/03\/DJI-Avata-360-Including-RC331-Smart-Controller.webp","contentUrl":"https:\/\/koningdrone.be\/wp-content\/uploads\/sites\/13\/2026\/03\/DJI-Avata-360-Including-RC331-Smart-Controller.webp","width":2048,"height":2048},{"@type":"BreadcrumbList","@id":"https:\/\/koningdrone.be\/product\/dji-avata-360-including-rc331-smart-controller\/#breadcrumb","itemListElement":[{"@type":"ListItem","position":1,"name":"Home","item":"https:\/\/koningdrone.be\/"},{"@type":"ListItem","position":2,"name":"AVSS Parachute Recovery System for DJI Matrice 300\/350","item":"https:\/\/koningdrone.be\/product\/avss-parachute-recovery-system-for-dji-matrice-300-350\/"},{"@type":"ListItem","position":3,"name":"DJI Avata 360","item":"https:\/\/koningdrone.be\/categorie\/dji-avata-360\/"},{"@type":"ListItem","position":4,"name":"DJI Avata 360 &#8211; Including RC331 Smart Controller"}]},{"@type":"WebSite","@id":"https:\/\/koningdrone.be\/#website","url":"https:\/\/koningdrone.be\/","name":"Koningdrone.be - Su especialista en l\u00ednea en drones, cardanes, c\u00e1maras y centrales el\u00e9ctricas.","description":"La tienda virtual de drones y cardanes","publisher":{"@id":"https:\/\/koningdrone.be\/#organization"},"potentialAction":[{"@type":"SearchAction","target":{"@type":"EntryPoint","urlTemplate":"https:\/\/koningdrone.be\/?s={search_term_string}"},"query-input":{"@type":"PropertyValueSpecification","valueRequired":true,"valueName":"search_term_string"}}],"inLanguage":"es"},{"@type":"Organization","@id":"https:\/\/koningdrone.be\/#organization","name":"Kingdrone.es","url":"https:\/\/koningdrone.be\/","logo":{"@type":"ImageObject","inLanguage":"es","@id":"https:\/\/koningdrone.be\/#\/schema\/logo\/image\/","url":"https:\/\/koningdrone.be\/wp-content\/uploads\/sites\/13\/2025\/04\/koningdrone-copyright-logo.svg","contentUrl":"https:\/\/koningdrone.be\/wp-content\/uploads\/sites\/13\/2025\/04\/koningdrone-copyright-logo.svg","width":227,"height":38,"caption":"Koningdrone.be"},"image":{"@id":"https:\/\/koningdrone.be\/#\/schema\/logo\/image\/"}}]}},"df_price":715,"df_sale_price":"","df_regular_price":715,"df_image_link":"https:\/\/koningdrone.be\/wp-content\/uploads\/sites\/13\/2026\/03\/DJI-Avata-360-Including-RC331-Smart-Controller-300x300.webp","_links":{"self":[{"href":"https:\/\/koningdrone.be\/es\/wp-json\/wp\/v2\/product\/17979","targetHints":{"allow":["GET"]}}],"collection":[{"href":"https:\/\/koningdrone.be\/es\/wp-json\/wp\/v2\/product"}],"about":[{"href":"https:\/\/koningdrone.be\/es\/wp-json\/wp\/v2\/types\/product"}],"wp:featuredmedia":[{"embeddable":true,"href":"https:\/\/koningdrone.be\/es\/wp-json\/wp\/v2\/media\/17981"}],"wp:attachment":[{"href":"https:\/\/koningdrone.be\/es\/wp-json\/wp\/v2\/media?parent=17979"}],"wp:term":[{"taxonomy":"product_brand","embeddable":true,"href":"https:\/\/koningdrone.be\/es\/wp-json\/wp\/v2\/product_brand?post=17979"},{"taxonomy":"product_cat","embeddable":true,"href":"https:\/\/koningdrone.be\/es\/wp-json\/wp\/v2\/product_cat?post=17979"},{"taxonomy":"product_tag","embeddable":true,"href":"https:\/\/koningdrone.be\/es\/wp-json\/wp\/v2\/product_tag?post=17979"}],"curies":[{"name":"wp","href":"https:\/\/api.w.org\/{rel}","templated":true}]}}