{"id":17978,"date":"2026-04-03T18:11:24","date_gmt":"2026-04-03T16:11:24","guid":{"rendered":"https:\/\/koningdrone.be\/?post_type=product&#038;p=17978"},"modified":"2026-04-29T04:00:59","modified_gmt":"2026-04-29T02:00:59","slug":"dji-care-refresh-2-year-plan-card","status":"publish","type":"product","link":"https:\/\/koningdrone.be\/es\/producto\/dji-care-refresh-2-year-plan-card\/","title":{"rendered":"Tarjeta DJI Care Refresh Plan de 2 a\u00f1os"},"content":{"rendered":"<h3>Tarjeta DJI Care Refresh Plan de 2 a\u00f1os<\/h3>\n<p><iframe loading=\"lazy\" title=\"DJI Care Refresh Gu\u00eda paso a paso I Plan de 1 a\u00f1o Vs Plan de 2 a\u00f1os I \u00bfVale la pena?\" width=\"800\" height=\"450\" src=\"https:\/\/www.youtube.com\/embed\/65zqaG7x-HE?feature=oembed&#038;enablejsapi=1&#038;origin=https:\/\/koningdrone.be\" frameborder=\"0\" allow=\"accelerometer; autoplay; clipboard-write; encrypted-media; gyroscope; picture-in-picture; web-share\" referrerpolicy=\"strict-origin-when-cross-origin\" allowfullscreen><\/iframe><\/p>\n<p style=\"margin-top: 20px\">La tarjeta DJI Care Refresh Plan de 2 a\u00f1os para el DJI Avata 360 es un completo plan de protecci\u00f3n postventa que protege tu dron frente a accidentes como colisiones, da\u00f1os por agua, escapes y otros da\u00f1os no intencionados durante un m\u00e1ximo de 24 meses tras su activaci\u00f3n. Este plan ofrece opciones de sustituci\u00f3n adicionales adem\u00e1s de la garant\u00eda est\u00e1ndar, para que puedas volar con m\u00e1s confianza y menos riesgos.<\/p>\n<p>El plan es ideal para pilotos que vuelan activamente o tienen sesiones intensas de FPV y quieren proteger su inversi\u00f3n en la Avata 360 con cobertura de servicio adicional.<\/p>\n<h4>Rendimiento y funcionalidad<\/h4>\n<p>Con el Plan DJI Care Refresh de 2 a\u00f1os, puedes recibir hasta cuatro unidades de repuesto en un plazo de dos a\u00f1os cuando tu producto sufra da\u00f1os durante el uso normal o en caso de accidente. Esto incluye dos unidades de repuesto para situaciones de vuelo.<\/p>\n<p style=\"margin-bottom: 20px\">Los reemplazos se proporcionan a trav\u00e9s del servicio oficial de DJI, y los productos de reemplazo son nuevos o de rendimiento equivalente a nuevos. Cualquier coste de sustituci\u00f3n es significativamente inferior al de comprar un dron nuevo sin un plan de servicio.<\/p>\n<p><a href=\"https:\/\/koningdrone.nl\/wp-content\/uploads\/2026\/03\/DJI-Care-Refresh-2-Year-Plan-Card.webp\"><img loading=\"lazy\" decoding=\"async\" class=\"size-medium wp-image-470866 aligncenter\" src=\"https:\/\/koningdrone.nl\/wp-content\/uploads\/2026\/03\/DJI-Care-Refresh-2-Year-Plan-Card-300x300.webp\" alt=\"DJI Care Refresh 2-Year Plan Card\" width=\"300\" height=\"300\" \/><\/a><\/p>\n<h4>Calidad de construcci\u00f3n y dise\u00f1o<\/h4>\n<p>DJI Care Refresh wordt geleverd als een digitale activatiecode of servicekaart die je activeert binnen je DJI\u2011account of via de DJI Store. Zodra geactiveerd, wordt het plan aan je specifieke DJI Avata\u202f360 gekoppeld voor de gehele 24\u2011maanden periode.<\/p>\n<p>Er is geen fysiek onderdeel dat in de drone zelf ge\u00efnstalleerd hoeft te worden. Het is een serviceplan dat volledig digitaal wordt beheerd door DJI\u2019s systeem.<\/p>\n<h4>Por qu\u00e9 lo necesita<\/h4>\n<p>Los drones pueden sufrir da\u00f1os inesperados durante los vuelos, especialmente en actividades desafiantes o todoterreno. DJI Care Refresh proporciona una forma rentable de recibir hardware de sustituci\u00f3n cuando algo va mal, que suele ser mucho m\u00e1s caro sin cobertura. Esto te da una tranquilidad adicional durante cada vuelo con tu Avata 360.<\/p>","protected":false},"excerpt":{"rendered":"<ul>\n<li>Plan de protecci\u00f3n con hasta 24 meses de cobertura de accidentes y da\u00f1os<\/li>\n<li>Hasta 4 unidades de sustituci\u00f3n dentro del periodo de servicio<\/li>\n<li>Incluye cobertura en caso de vuelco (hasta 2 veces)<\/li>\n<li>Recambios oficiales de DJI con menor coste de sustituci\u00f3n<\/li>\n<li>Activaci\u00f3n digital y vinculaci\u00f3n a su DJI Avata 360<\/li>\n<\/ul>","protected":false},"featured_media":17974,"template":"","meta":{"_acf_changed":false},"product_brand":[],"product_cat":[175,1838],"product_tag":[],"class_list":{"0":"post-17978","1":"product","2":"type-product","3":"status-publish","4":"has-post-thumbnail","6":"product_cat-alle-care-refresh","7":"product_cat-dji-avata-360","8":"product_shipping_class-acsystemsall","9":"pa_brand-dji","10":"pa_producttype-serviceplan","12":"first","13":"instock","14":"taxable","15":"shipping-taxable","16":"purchasable","17":"product-type-simple"},"acf":[],"yoast_head":"<!-- This site is optimized with the Yoast SEO Premium plugin v27.2 (Yoast SEO v27.2) - https:\/\/yoast.com\/product\/yoast-seo-premium-wordpress\/ -->\n<title>DJI Care Refresh 2-Year Plan Card - koningdrone.be<\/title>\n<meta name=\"robots\" content=\"index, follow, max-snippet:-1, max-image-preview:large, max-video-preview:-1\" \/>\n<link rel=\"canonical\" href=\"https:\/\/koningdrone.be\/es\/producto\/dji-care-refresh-2-year-plan-card\/\" \/>\n<meta property=\"og:locale\" content=\"es_ES\" \/>\n<meta property=\"og:type\" content=\"article\" \/>\n<meta property=\"og:title\" content=\"DJI Care Refresh 2-Year Plan Card\" \/>\n<meta property=\"og:description\" content=\"Beschermingsplan met dekking tot 24 maanden voor ongelukken en schade  Tot 4 vervangende eenheden binnen de serviceperiode  Inclusief dekking voor flyaway\u2011scenario\u2019s (tot 2 keer)  Offici\u00eble DJI\u2011vervangingen met lagere vervangingskosten  Digitale activatie en koppeling aan jouw DJI Avata\u202f360\" \/>\n<meta property=\"og:url\" content=\"https:\/\/koningdrone.be\/es\/producto\/dji-care-refresh-2-year-plan-card\/\" \/>\n<meta property=\"og:site_name\" content=\"koningdrone.be\" \/>\n<meta property=\"article:modified_time\" content=\"2026-04-29T02:00:59+00:00\" \/>\n<meta property=\"og:image\" content=\"https:\/\/koningdrone.be\/wp-content\/uploads\/sites\/13\/2026\/03\/DJI-Care-Refresh-2-Year-Plan-Card.webp\" \/>\n\t<meta property=\"og:image:width\" content=\"2048\" \/>\n\t<meta property=\"og:image:height\" content=\"2048\" \/>\n\t<meta property=\"og:image:type\" content=\"image\/webp\" \/>\n<meta name=\"twitter:card\" content=\"summary_large_image\" \/>\n<meta name=\"twitter:label1\" content=\"Tiempo de lectura\" \/>\n\t<meta name=\"twitter:data1\" content=\"1 minuto\" \/>\n<script type=\"application\/ld+json\" class=\"yoast-schema-graph\">{\"@context\":\"https:\/\/schema.org\",\"@graph\":[{\"@type\":\"WebPage\",\"@id\":\"https:\/\/koningdrone.be\/product\/dji-care-refresh-2-year-plan-card\/\",\"url\":\"https:\/\/koningdrone.be\/product\/dji-care-refresh-2-year-plan-card\/\",\"name\":\"DJI Care Refresh 2-Year Plan Card - koningdrone.be\",\"isPartOf\":{\"@id\":\"https:\/\/koningdrone.be\/#website\"},\"primaryImageOfPage\":{\"@id\":\"https:\/\/koningdrone.be\/product\/dji-care-refresh-2-year-plan-card\/#primaryimage\"},\"image\":{\"@id\":\"https:\/\/koningdrone.be\/product\/dji-care-refresh-2-year-plan-card\/#primaryimage\"},\"thumbnailUrl\":\"https:\/\/koningdrone.be\/wp-content\/uploads\/sites\/13\/2026\/03\/DJI-Care-Refresh-2-Year-Plan-Card.webp\",\"datePublished\":\"2026-04-03T16:11:24+00:00\",\"dateModified\":\"2026-04-29T02:00:59+00:00\",\"breadcrumb\":{\"@id\":\"https:\/\/koningdrone.be\/product\/dji-care-refresh-2-year-plan-card\/#breadcrumb\"},\"inLanguage\":\"es\",\"potentialAction\":[{\"@type\":\"ReadAction\",\"target\":[\"https:\/\/koningdrone.be\/product\/dji-care-refresh-2-year-plan-card\/\"]}]},{\"@type\":\"ImageObject\",\"inLanguage\":\"es\",\"@id\":\"https:\/\/koningdrone.be\/product\/dji-care-refresh-2-year-plan-card\/#primaryimage\",\"url\":\"https:\/\/koningdrone.be\/wp-content\/uploads\/sites\/13\/2026\/03\/DJI-Care-Refresh-2-Year-Plan-Card.webp\",\"contentUrl\":\"https:\/\/koningdrone.be\/wp-content\/uploads\/sites\/13\/2026\/03\/DJI-Care-Refresh-2-Year-Plan-Card.webp\",\"width\":2048,\"height\":2048},{\"@type\":\"BreadcrumbList\",\"@id\":\"https:\/\/koningdrone.be\/product\/dji-care-refresh-2-year-plan-card\/#breadcrumb\",\"itemListElement\":[{\"@type\":\"ListItem\",\"position\":1,\"name\":\"Home\",\"item\":\"https:\/\/koningdrone.be\/\"},{\"@type\":\"ListItem\",\"position\":2,\"name\":\"AVSS Parachute Recovery System for DJI Matrice 300\/350\",\"item\":\"https:\/\/koningdrone.be\/product\/avss-parachute-recovery-system-for-dji-matrice-300-350\/\"},{\"@type\":\"ListItem\",\"position\":3,\"name\":\"Alle care refresh\",\"item\":\"https:\/\/koningdrone.be\/categorie\/alle-care-refresh\/\"},{\"@type\":\"ListItem\",\"position\":4,\"name\":\"DJI Care Refresh 2-Year Plan Card\"}]},{\"@type\":\"WebSite\",\"@id\":\"https:\/\/koningdrone.be\/#website\",\"url\":\"https:\/\/koningdrone.be\/\",\"name\":\"Koningdrone.be - Uw online specialist in drones, gimbals, camera's en power stations.\",\"description\":\"De webshop in drones en gimbals\",\"publisher\":{\"@id\":\"https:\/\/koningdrone.be\/#organization\"},\"potentialAction\":[{\"@type\":\"SearchAction\",\"target\":{\"@type\":\"EntryPoint\",\"urlTemplate\":\"https:\/\/koningdrone.be\/?s={search_term_string}\"},\"query-input\":{\"@type\":\"PropertyValueSpecification\",\"valueRequired\":true,\"valueName\":\"search_term_string\"}}],\"inLanguage\":\"es\"},{\"@type\":\"Organization\",\"@id\":\"https:\/\/koningdrone.be\/#organization\",\"name\":\"Koningdrone.be\",\"url\":\"https:\/\/koningdrone.be\/\",\"logo\":{\"@type\":\"ImageObject\",\"inLanguage\":\"es\",\"@id\":\"https:\/\/koningdrone.be\/#\/schema\/logo\/image\/\",\"url\":\"https:\/\/koningdrone.be\/wp-content\/uploads\/sites\/13\/2025\/04\/koningdrone-copyright-logo.svg\",\"contentUrl\":\"https:\/\/koningdrone.be\/wp-content\/uploads\/sites\/13\/2025\/04\/koningdrone-copyright-logo.svg\",\"width\":227,\"height\":38,\"caption\":\"Koningdrone.be\"},\"image\":{\"@id\":\"https:\/\/koningdrone.be\/#\/schema\/logo\/image\/\"}}]}<\/script>\n<!-- \/ Yoast SEO Premium plugin. -->","yoast_head_json":{"title":"DJI Care Refresh 2-Year Plan Card - koningdrone.be","robots":{"index":"index","follow":"follow","max-snippet":"max-snippet:-1","max-image-preview":"max-image-preview:large","max-video-preview":"max-video-preview:-1"},"canonical":"https:\/\/koningdrone.be\/es\/producto\/dji-care-refresh-2-year-plan-card\/","og_locale":"es_ES","og_type":"article","og_title":"DJI Care Refresh 2-Year Plan Card","og_description":"Beschermingsplan met dekking tot 24 maanden voor ongelukken en schade  Tot 4 vervangende eenheden binnen de serviceperiode  Inclusief dekking voor flyaway\u2011scenario\u2019s (tot 2 keer)  Offici\u00eble DJI\u2011vervangingen met lagere vervangingskosten  Digitale activatie en koppeling aan jouw DJI Avata\u202f360","og_url":"https:\/\/koningdrone.be\/es\/producto\/dji-care-refresh-2-year-plan-card\/","og_site_name":"koningdrone.be","article_modified_time":"2026-04-29T02:00:59+00:00","og_image":[{"width":2048,"height":2048,"url":"https:\/\/koningdrone.be\/wp-content\/uploads\/sites\/13\/2026\/03\/DJI-Care-Refresh-2-Year-Plan-Card.webp","type":"image\/webp"}],"twitter_card":"summary_large_image","twitter_misc":{"Tiempo de lectura":"1 minuto"},"schema":{"@context":"https:\/\/schema.org","@graph":[{"@type":"WebPage","@id":"https:\/\/koningdrone.be\/product\/dji-care-refresh-2-year-plan-card\/","url":"https:\/\/koningdrone.be\/product\/dji-care-refresh-2-year-plan-card\/","name":"DJI Care Refresh 2-Year Plan Card - koningdrone.be","isPartOf":{"@id":"https:\/\/koningdrone.be\/#website"},"primaryImageOfPage":{"@id":"https:\/\/koningdrone.be\/product\/dji-care-refresh-2-year-plan-card\/#primaryimage"},"image":{"@id":"https:\/\/koningdrone.be\/product\/dji-care-refresh-2-year-plan-card\/#primaryimage"},"thumbnailUrl":"https:\/\/koningdrone.be\/wp-content\/uploads\/sites\/13\/2026\/03\/DJI-Care-Refresh-2-Year-Plan-Card.webp","datePublished":"2026-04-03T16:11:24+00:00","dateModified":"2026-04-29T02:00:59+00:00","breadcrumb":{"@id":"https:\/\/koningdrone.be\/product\/dji-care-refresh-2-year-plan-card\/#breadcrumb"},"inLanguage":"es","potentialAction":[{"@type":"ReadAction","target":["https:\/\/koningdrone.be\/product\/dji-care-refresh-2-year-plan-card\/"]}]},{"@type":"ImageObject","inLanguage":"es","@id":"https:\/\/koningdrone.be\/product\/dji-care-refresh-2-year-plan-card\/#primaryimage","url":"https:\/\/koningdrone.be\/wp-content\/uploads\/sites\/13\/2026\/03\/DJI-Care-Refresh-2-Year-Plan-Card.webp","contentUrl":"https:\/\/koningdrone.be\/wp-content\/uploads\/sites\/13\/2026\/03\/DJI-Care-Refresh-2-Year-Plan-Card.webp","width":2048,"height":2048},{"@type":"BreadcrumbList","@id":"https:\/\/koningdrone.be\/product\/dji-care-refresh-2-year-plan-card\/#breadcrumb","itemListElement":[{"@type":"ListItem","position":1,"name":"Home","item":"https:\/\/koningdrone.be\/"},{"@type":"ListItem","position":2,"name":"AVSS Parachute Recovery System for DJI Matrice 300\/350","item":"https:\/\/koningdrone.be\/product\/avss-parachute-recovery-system-for-dji-matrice-300-350\/"},{"@type":"ListItem","position":3,"name":"Alle care refresh","item":"https:\/\/koningdrone.be\/categorie\/alle-care-refresh\/"},{"@type":"ListItem","position":4,"name":"DJI Care Refresh 2-Year Plan Card"}]},{"@type":"WebSite","@id":"https:\/\/koningdrone.be\/#website","url":"https:\/\/koningdrone.be\/","name":"Koningdrone.be - Su especialista en l\u00ednea en drones, cardanes, c\u00e1maras y centrales el\u00e9ctricas.","description":"La tienda virtual de drones y cardanes","publisher":{"@id":"https:\/\/koningdrone.be\/#organization"},"potentialAction":[{"@type":"SearchAction","target":{"@type":"EntryPoint","urlTemplate":"https:\/\/koningdrone.be\/?s={search_term_string}"},"query-input":{"@type":"PropertyValueSpecification","valueRequired":true,"valueName":"search_term_string"}}],"inLanguage":"es"},{"@type":"Organization","@id":"https:\/\/koningdrone.be\/#organization","name":"Kingdrone.es","url":"https:\/\/koningdrone.be\/","logo":{"@type":"ImageObject","inLanguage":"es","@id":"https:\/\/koningdrone.be\/#\/schema\/logo\/image\/","url":"https:\/\/koningdrone.be\/wp-content\/uploads\/sites\/13\/2025\/04\/koningdrone-copyright-logo.svg","contentUrl":"https:\/\/koningdrone.be\/wp-content\/uploads\/sites\/13\/2025\/04\/koningdrone-copyright-logo.svg","width":227,"height":38,"caption":"Koningdrone.be"},"image":{"@id":"https:\/\/koningdrone.be\/#\/schema\/logo\/image\/"}}]}},"df_price":118,"df_sale_price":"","df_regular_price":118,"df_image_link":"https:\/\/koningdrone.be\/wp-content\/uploads\/sites\/13\/2026\/03\/DJI-Care-Refresh-2-Year-Plan-Card-300x300.webp","_links":{"self":[{"href":"https:\/\/koningdrone.be\/es\/wp-json\/wp\/v2\/product\/17978","targetHints":{"allow":["GET"]}}],"collection":[{"href":"https:\/\/koningdrone.be\/es\/wp-json\/wp\/v2\/product"}],"about":[{"href":"https:\/\/koningdrone.be\/es\/wp-json\/wp\/v2\/types\/product"}],"wp:featuredmedia":[{"embeddable":true,"href":"https:\/\/koningdrone.be\/es\/wp-json\/wp\/v2\/media\/17974"}],"wp:attachment":[{"href":"https:\/\/koningdrone.be\/es\/wp-json\/wp\/v2\/media?parent=17978"}],"wp:term":[{"taxonomy":"product_brand","embeddable":true,"href":"https:\/\/koningdrone.be\/es\/wp-json\/wp\/v2\/product_brand?post=17978"},{"taxonomy":"product_cat","embeddable":true,"href":"https:\/\/koningdrone.be\/es\/wp-json\/wp\/v2\/product_cat?post=17978"},{"taxonomy":"product_tag","embeddable":true,"href":"https:\/\/koningdrone.be\/es\/wp-json\/wp\/v2\/product_tag?post=17978"}],"curies":[{"name":"wp","href":"https:\/\/api.w.org\/{rel}","templated":true}]}}