{"id":1797,"date":"2024-11-05T10:27:03","date_gmt":"2024-11-05T09:27:03","guid":{"rendered":"https:\/\/koningdrone.nl\/kon\/product\/ecoflow-river-3-plus-eb300-hard-bundle\/"},"modified":"2026-04-29T16:40:59","modified_gmt":"2026-04-29T14:40:59","slug":"ecoflow-river-3-plus-eb300-hard-bundle","status":"publish","type":"product","link":"https:\/\/koningdrone.be\/es\/producto\/ecoflow-river-3-plus-eb300-hard-bundle\/","title":{"rendered":"EcoFlow RIVER 3 Plus + EB300 paquete duro"},"content":{"rendered":"<p>La EcoFlow RIVER 3 Max (Plus + EB300 hard bundle) es un potente conjunto formado por la compacta central el\u00e9ctrica RIVER 3 Plus y la bater\u00eda extra EB300, con una capacidad combinada de 572 Wh. Este conjunto ofrece soluciones de alimentaci\u00f3n flexibles para viajar, acampar o como respaldo fiable durante los cortes de energ\u00eda.<\/p>\n<p>Con una potencia nominal de 600 W y X-Boost de hasta 1.200 W, se pueden alimentar hasta 90% de electrodom\u00e9sticos de forma segura y eficiente. Gracias a la tecnolog\u00eda X-GaN Power, la central funciona excepcionalmente bien con cargas de bajo consumo: ideal para alimentar a largo plazo ordenadores port\u00e1tiles, routers o iluminaci\u00f3n.<\/p>\n<p>La RIVER 3 Max cuenta con un avanzado sistema de gesti\u00f3n de la bater\u00eda, un funcionamiento silencioso por debajo de 30 dB y admite carga ultrarr\u00e1pida a trav\u00e9s de enchufe de pared, panel solar, coche o generador. El EB300 no solo prolonga la autonom\u00eda, sino que tambi\u00e9n se conecta sin esfuerzo gracias a la tecnolog\u00eda magn\u00e9tica Pogo Pin.<\/p>\n<p>Con una robusta bater\u00eda LiFePO4 y m\u00e1s de 3.000 ciclos de carga, este conjunto est\u00e1 dise\u00f1ado para a\u00f1os de uso intensivo: fiable, silencioso y seguro.<\/p>","protected":false},"excerpt":{"rendered":"<ul>\n<li>El paquete ofrece una potente combinaci\u00f3n de RIVER 3 Plus y la bater\u00eda EB300 para una potencia duradera.<\/li>\n<li>Ofrece opciones de alimentaci\u00f3n vers\u00e1tiles, por lo que es ideal para aventuras al aire libre y emergencias.<\/li>\n<li>Gracias a las funciones de carga r\u00e1pida, tendr\u00e1s que esperar menos y dispondr\u00e1s de m\u00e1s tiempo para utilizar tus dispositivos.<\/li>\n<li>Su dise\u00f1o compacto y port\u00e1til hace que sea f\u00e1cil de llevar a cualquier parte.<\/li>\n<li>La perfecta integraci\u00f3n entre la central el\u00e9ctrica y la bater\u00eda mejora el rendimiento y la fiabilidad generales.<\/li>\n<\/ul>","protected":false},"featured_media":1790,"template":"","meta":{"_acf_changed":false},"product_brand":[],"product_cat":[97,245,276],"product_tag":[],"class_list":{"0":"post-1797","1":"product","2":"type-product","3":"status-publish","4":"has-post-thumbnail","6":"product_cat-alle-producten","7":"product_cat-ecoflow","8":"product_cat-ecoflow-powerstations","9":"product_shipping_class-outofstock","10":"pa_productfamily-river","11":"pa_producttype-power-station","13":"first","14":"outofstock","15":"taxable","16":"shipping-taxable","17":"purchasable","18":"product-type-simple"},"acf":[],"yoast_head":"<!-- This site is optimized with the Yoast SEO Premium plugin v27.2 (Yoast SEO v27.2) - https:\/\/yoast.com\/product\/yoast-seo-premium-wordpress\/ -->\n<title>EcoFlow RIVER 3 Plus + EB300 hard bundle - koningdrone.be<\/title>\n<meta name=\"robots\" content=\"index, follow, max-snippet:-1, max-image-preview:large, max-video-preview:-1\" \/>\n<link rel=\"canonical\" href=\"https:\/\/koningdrone.be\/es\/producto\/ecoflow-river-3-plus-eb300-hard-bundle\/\" \/>\n<meta property=\"og:locale\" content=\"es_ES\" \/>\n<meta property=\"og:type\" content=\"article\" \/>\n<meta property=\"og:title\" content=\"EcoFlow RIVER 3 Plus + EB300 hard bundle\" \/>\n<meta property=\"og:description\" content=\"De bundel biedt een krachtige combinatie van de RIVER 3 Plus en EB300 batterij voor langdurig energiegebruik.  Het biedt veelzijdige energieopties, waardoor het ideaal is voor outdooravonturen en noodgevallen.  Dankzij de snelle oplaadmogelijkheden hoef je minder lang te wachten en heb je meer tijd om je apparaten te gebruiken.  Compact en draagbaar ontwerp maakt het gemakkelijk om overal mee naartoe te nemen.  Naadloze integratie tussen het voedingsstation en de batterij verbetert de algehele prestaties en betrouwbaarheid.\" \/>\n<meta property=\"og:url\" content=\"https:\/\/koningdrone.be\/es\/producto\/ecoflow-river-3-plus-eb300-hard-bundle\/\" \/>\n<meta property=\"og:site_name\" content=\"koningdrone.be\" \/>\n<meta property=\"article:modified_time\" content=\"2026-04-29T14:40:59+00:00\" \/>\n<meta property=\"og:image\" content=\"https:\/\/koningdrone.be\/wp-content\/uploads\/sites\/13\/2025\/04\/ecoflow-river-3-max-plus-eb300-hard-bundle-2.webp\" \/>\n\t<meta property=\"og:image:width\" content=\"484\" \/>\n\t<meta property=\"og:image:height\" content=\"484\" \/>\n\t<meta property=\"og:image:type\" content=\"image\/webp\" \/>\n<meta name=\"twitter:card\" content=\"summary_large_image\" \/>\n<meta name=\"twitter:label1\" content=\"Tiempo de lectura\" \/>\n\t<meta name=\"twitter:data1\" content=\"1 minuto\" \/>\n<script type=\"application\/ld+json\" class=\"yoast-schema-graph\">{\"@context\":\"https:\/\/schema.org\",\"@graph\":[{\"@type\":\"WebPage\",\"@id\":\"https:\/\/koningdrone.be\/product\/ecoflow-river-3-plus-eb300-hard-bundle\/\",\"url\":\"https:\/\/koningdrone.be\/product\/ecoflow-river-3-plus-eb300-hard-bundle\/\",\"name\":\"EcoFlow RIVER 3 Plus + EB300 hard bundle - koningdrone.be\",\"isPartOf\":{\"@id\":\"https:\/\/koningdrone.be\/#website\"},\"primaryImageOfPage\":{\"@id\":\"https:\/\/koningdrone.be\/product\/ecoflow-river-3-plus-eb300-hard-bundle\/#primaryimage\"},\"image\":{\"@id\":\"https:\/\/koningdrone.be\/product\/ecoflow-river-3-plus-eb300-hard-bundle\/#primaryimage\"},\"thumbnailUrl\":\"https:\/\/koningdrone.be\/wp-content\/uploads\/sites\/13\/2025\/04\/ecoflow-river-3-max-plus-eb300-hard-bundle-2.webp\",\"datePublished\":\"2024-11-05T09:27:03+00:00\",\"dateModified\":\"2026-04-29T14:40:59+00:00\",\"breadcrumb\":{\"@id\":\"https:\/\/koningdrone.be\/product\/ecoflow-river-3-plus-eb300-hard-bundle\/#breadcrumb\"},\"inLanguage\":\"es\",\"potentialAction\":[{\"@type\":\"ReadAction\",\"target\":[\"https:\/\/koningdrone.be\/product\/ecoflow-river-3-plus-eb300-hard-bundle\/\"]}]},{\"@type\":\"ImageObject\",\"inLanguage\":\"es\",\"@id\":\"https:\/\/koningdrone.be\/product\/ecoflow-river-3-plus-eb300-hard-bundle\/#primaryimage\",\"url\":\"https:\/\/koningdrone.be\/wp-content\/uploads\/sites\/13\/2025\/04\/ecoflow-river-3-max-plus-eb300-hard-bundle-2.webp\",\"contentUrl\":\"https:\/\/koningdrone.be\/wp-content\/uploads\/sites\/13\/2025\/04\/ecoflow-river-3-max-plus-eb300-hard-bundle-2.webp\",\"width\":484,\"height\":484},{\"@type\":\"BreadcrumbList\",\"@id\":\"https:\/\/koningdrone.be\/product\/ecoflow-river-3-plus-eb300-hard-bundle\/#breadcrumb\",\"itemListElement\":[{\"@type\":\"ListItem\",\"position\":1,\"name\":\"Home\",\"item\":\"https:\/\/koningdrone.be\/\"},{\"@type\":\"ListItem\",\"position\":2,\"name\":\"AVSS Parachute Recovery System for DJI Matrice 300\/350\",\"item\":\"https:\/\/koningdrone.be\/product\/avss-parachute-recovery-system-for-dji-matrice-300-350\/\"},{\"@type\":\"ListItem\",\"position\":3,\"name\":\"Alle producten\",\"item\":\"https:\/\/koningdrone.be\/categorie\/alle-producten\/\"},{\"@type\":\"ListItem\",\"position\":4,\"name\":\"EcoFlow RIVER 3 Plus + EB300 hard bundle\"}]},{\"@type\":\"WebSite\",\"@id\":\"https:\/\/koningdrone.be\/#website\",\"url\":\"https:\/\/koningdrone.be\/\",\"name\":\"Koningdrone.be - Uw online specialist in drones, gimbals, camera's en power stations.\",\"description\":\"De webshop in drones en gimbals\",\"publisher\":{\"@id\":\"https:\/\/koningdrone.be\/#organization\"},\"potentialAction\":[{\"@type\":\"SearchAction\",\"target\":{\"@type\":\"EntryPoint\",\"urlTemplate\":\"https:\/\/koningdrone.be\/?s={search_term_string}\"},\"query-input\":{\"@type\":\"PropertyValueSpecification\",\"valueRequired\":true,\"valueName\":\"search_term_string\"}}],\"inLanguage\":\"es\"},{\"@type\":\"Organization\",\"@id\":\"https:\/\/koningdrone.be\/#organization\",\"name\":\"Koningdrone.be\",\"url\":\"https:\/\/koningdrone.be\/\",\"logo\":{\"@type\":\"ImageObject\",\"inLanguage\":\"es\",\"@id\":\"https:\/\/koningdrone.be\/#\/schema\/logo\/image\/\",\"url\":\"https:\/\/koningdrone.be\/wp-content\/uploads\/sites\/13\/2025\/04\/koningdrone-copyright-logo.svg\",\"contentUrl\":\"https:\/\/koningdrone.be\/wp-content\/uploads\/sites\/13\/2025\/04\/koningdrone-copyright-logo.svg\",\"width\":227,\"height\":38,\"caption\":\"Koningdrone.be\"},\"image\":{\"@id\":\"https:\/\/koningdrone.be\/#\/schema\/logo\/image\/\"}}]}<\/script>\n<!-- \/ Yoast SEO Premium plugin. -->","yoast_head_json":{"title":"EcoFlow RIVER 3 Plus + EB300 hard bundle - koningdrone.be","robots":{"index":"index","follow":"follow","max-snippet":"max-snippet:-1","max-image-preview":"max-image-preview:large","max-video-preview":"max-video-preview:-1"},"canonical":"https:\/\/koningdrone.be\/es\/producto\/ecoflow-river-3-plus-eb300-hard-bundle\/","og_locale":"es_ES","og_type":"article","og_title":"EcoFlow RIVER 3 Plus + EB300 hard bundle","og_description":"De bundel biedt een krachtige combinatie van de RIVER 3 Plus en EB300 batterij voor langdurig energiegebruik.  Het biedt veelzijdige energieopties, waardoor het ideaal is voor outdooravonturen en noodgevallen.  Dankzij de snelle oplaadmogelijkheden hoef je minder lang te wachten en heb je meer tijd om je apparaten te gebruiken.  Compact en draagbaar ontwerp maakt het gemakkelijk om overal mee naartoe te nemen.  Naadloze integratie tussen het voedingsstation en de batterij verbetert de algehele prestaties en betrouwbaarheid.","og_url":"https:\/\/koningdrone.be\/es\/producto\/ecoflow-river-3-plus-eb300-hard-bundle\/","og_site_name":"koningdrone.be","article_modified_time":"2026-04-29T14:40:59+00:00","og_image":[{"width":484,"height":484,"url":"https:\/\/koningdrone.be\/wp-content\/uploads\/sites\/13\/2025\/04\/ecoflow-river-3-max-plus-eb300-hard-bundle-2.webp","type":"image\/webp"}],"twitter_card":"summary_large_image","twitter_misc":{"Tiempo de lectura":"1 minuto"},"schema":{"@context":"https:\/\/schema.org","@graph":[{"@type":"WebPage","@id":"https:\/\/koningdrone.be\/product\/ecoflow-river-3-plus-eb300-hard-bundle\/","url":"https:\/\/koningdrone.be\/product\/ecoflow-river-3-plus-eb300-hard-bundle\/","name":"EcoFlow RIVER 3 Plus + EB300 hard bundle - koningdrone.be","isPartOf":{"@id":"https:\/\/koningdrone.be\/#website"},"primaryImageOfPage":{"@id":"https:\/\/koningdrone.be\/product\/ecoflow-river-3-plus-eb300-hard-bundle\/#primaryimage"},"image":{"@id":"https:\/\/koningdrone.be\/product\/ecoflow-river-3-plus-eb300-hard-bundle\/#primaryimage"},"thumbnailUrl":"https:\/\/koningdrone.be\/wp-content\/uploads\/sites\/13\/2025\/04\/ecoflow-river-3-max-plus-eb300-hard-bundle-2.webp","datePublished":"2024-11-05T09:27:03+00:00","dateModified":"2026-04-29T14:40:59+00:00","breadcrumb":{"@id":"https:\/\/koningdrone.be\/product\/ecoflow-river-3-plus-eb300-hard-bundle\/#breadcrumb"},"inLanguage":"es","potentialAction":[{"@type":"ReadAction","target":["https:\/\/koningdrone.be\/product\/ecoflow-river-3-plus-eb300-hard-bundle\/"]}]},{"@type":"ImageObject","inLanguage":"es","@id":"https:\/\/koningdrone.be\/product\/ecoflow-river-3-plus-eb300-hard-bundle\/#primaryimage","url":"https:\/\/koningdrone.be\/wp-content\/uploads\/sites\/13\/2025\/04\/ecoflow-river-3-max-plus-eb300-hard-bundle-2.webp","contentUrl":"https:\/\/koningdrone.be\/wp-content\/uploads\/sites\/13\/2025\/04\/ecoflow-river-3-max-plus-eb300-hard-bundle-2.webp","width":484,"height":484},{"@type":"BreadcrumbList","@id":"https:\/\/koningdrone.be\/product\/ecoflow-river-3-plus-eb300-hard-bundle\/#breadcrumb","itemListElement":[{"@type":"ListItem","position":1,"name":"Home","item":"https:\/\/koningdrone.be\/"},{"@type":"ListItem","position":2,"name":"AVSS Parachute Recovery System for DJI Matrice 300\/350","item":"https:\/\/koningdrone.be\/product\/avss-parachute-recovery-system-for-dji-matrice-300-350\/"},{"@type":"ListItem","position":3,"name":"Alle producten","item":"https:\/\/koningdrone.be\/categorie\/alle-producten\/"},{"@type":"ListItem","position":4,"name":"EcoFlow RIVER 3 Plus + EB300 hard bundle"}]},{"@type":"WebSite","@id":"https:\/\/koningdrone.be\/#website","url":"https:\/\/koningdrone.be\/","name":"Koningdrone.be - Su especialista en l\u00ednea en drones, cardanes, c\u00e1maras y centrales el\u00e9ctricas.","description":"La tienda virtual de drones y cardanes","publisher":{"@id":"https:\/\/koningdrone.be\/#organization"},"potentialAction":[{"@type":"SearchAction","target":{"@type":"EntryPoint","urlTemplate":"https:\/\/koningdrone.be\/?s={search_term_string}"},"query-input":{"@type":"PropertyValueSpecification","valueRequired":true,"valueName":"search_term_string"}}],"inLanguage":"es"},{"@type":"Organization","@id":"https:\/\/koningdrone.be\/#organization","name":"Kingdrone.es","url":"https:\/\/koningdrone.be\/","logo":{"@type":"ImageObject","inLanguage":"es","@id":"https:\/\/koningdrone.be\/#\/schema\/logo\/image\/","url":"https:\/\/koningdrone.be\/wp-content\/uploads\/sites\/13\/2025\/04\/koningdrone-copyright-logo.svg","contentUrl":"https:\/\/koningdrone.be\/wp-content\/uploads\/sites\/13\/2025\/04\/koningdrone-copyright-logo.svg","width":227,"height":38,"caption":"Koningdrone.be"},"image":{"@id":"https:\/\/koningdrone.be\/#\/schema\/logo\/image\/"}}]}},"df_price":449,"df_sale_price":"","df_regular_price":449,"df_image_link":"https:\/\/koningdrone.be\/wp-content\/uploads\/sites\/13\/2025\/04\/ecoflow-river-3-max-plus-eb300-hard-bundle-2-300x300.webp","_links":{"self":[{"href":"https:\/\/koningdrone.be\/es\/wp-json\/wp\/v2\/product\/1797","targetHints":{"allow":["GET"]}}],"collection":[{"href":"https:\/\/koningdrone.be\/es\/wp-json\/wp\/v2\/product"}],"about":[{"href":"https:\/\/koningdrone.be\/es\/wp-json\/wp\/v2\/types\/product"}],"wp:featuredmedia":[{"embeddable":true,"href":"https:\/\/koningdrone.be\/es\/wp-json\/wp\/v2\/media\/1790"}],"wp:attachment":[{"href":"https:\/\/koningdrone.be\/es\/wp-json\/wp\/v2\/media?parent=1797"}],"wp:term":[{"taxonomy":"product_brand","embeddable":true,"href":"https:\/\/koningdrone.be\/es\/wp-json\/wp\/v2\/product_brand?post=1797"},{"taxonomy":"product_cat","embeddable":true,"href":"https:\/\/koningdrone.be\/es\/wp-json\/wp\/v2\/product_cat?post=1797"},{"taxonomy":"product_tag","embeddable":true,"href":"https:\/\/koningdrone.be\/es\/wp-json\/wp\/v2\/product_tag?post=1797"}],"curies":[{"name":"wp","href":"https:\/\/api.w.org\/{rel}","templated":true}]}}