{"id":17956,"date":"2026-03-27T10:38:21","date_gmt":"2026-03-27T09:38:21","guid":{"rendered":"https:\/\/koningdrone.be\/?post_type=product&#038;p=17956"},"modified":"2026-04-29T03:50:47","modified_gmt":"2026-04-29T01:50:47","slug":"dji-avata-360-intelligent-flight-battery","status":"publish","type":"product","link":"https:\/\/koningdrone.be\/es\/producto\/dji-avata-360-intelligent-flight-battery\/","title":{"rendered":"Bater\u00eda de vuelo inteligente DJI Avata 360"},"content":{"rendered":"<h3>Bater\u00eda de vuelo inteligente DJI Avata 360<\/h3>\n<p><iframe loading=\"lazy\" title=\"Reimagine la experiencia de vuelo con la emblem\u00e1tica imagen de 360\u00b0 | Avata 360\" width=\"800\" height=\"450\" src=\"https:\/\/www.youtube.com\/embed\/CShVz4EkqrI?feature=oembed&#038;enablejsapi=1&#038;origin=https:\/\/koningdrone.be\" frameborder=\"0\" allow=\"accelerometer; autoplay; clipboard-write; encrypted-media; gyroscope; picture-in-picture; web-share\" referrerpolicy=\"strict-origin-when-cross-origin\" allowfullscreen><\/iframe><\/p>\n<p style=\"margin-top: 20px\">La Bater\u00eda de Vuelo Inteligente DJI Avata 360 es una bater\u00eda de dron intercambiable de alta calidad dise\u00f1ada para proporcionar energ\u00eda fiable y duradera a tu dron DJI Avata 360. Esta bater\u00eda es ideal para pilotos que quieran maximizar su tiempo de vuelo y realizar m\u00e1s vuelos sin tener que recargarla constantemente.<\/p>\n<p style=\"margin-bottom: 20px\">Gracias al Sistema Inteligente de Gesti\u00f3n de la Bater\u00eda integrado de DJI, puedes controlar continuamente el estado de la bater\u00eda en tiempo real, lo que te permite volar con m\u00e1s confianza sin preocuparte constantemente por el nivel de la bater\u00eda.<\/p>\n<p><a href=\"https:\/\/koningdrone.nl\/wp-content\/uploads\/2026\/03\/Avata-360-Intelligent-Flight-Battery-DJI-Product.webp\"><img loading=\"lazy\" decoding=\"async\" class=\"aligncenter wp-image-470841 size-full\" src=\"https:\/\/koningdrone.nl\/wp-content\/uploads\/2026\/03\/Avata-360-Intelligent-Flight-Battery-DJI-Product.webp\" alt=\"Avata 360 Intelligent Flight Battery DJI Product\" width=\"1200\" height=\"800\" \/><\/a><\/p>\n<h4>Rendimiento y funcionalidad<\/h4>\n<p>Met een nominale capaciteit van 2420\u202fmAh en een energie van ongeveer 35,71\u202fWh levert deze Intelligent Flight Battery tot ongeveer 18\u202fminuten vliegtijd onder ideale omstandigheden (hovertest zonder wind). De batterij ondersteunt een typische ontlaadsnelheid van 7\u202fC, wat zorgt voor stabiele prestaties tijdens FPV\u2011vluchten en uitdagende manoeuvres.<\/p>\n<p>Het ingebouwde managementsysteem bewaakt continu spanning, temperatuur en laadstatus, wat helpt om de batterijgezondheid te behouden en veilig gebruik te garanderen.<\/p>\n<h4>Calidad de construcci\u00f3n y dise\u00f1o<\/h4>\n<p>Deze Intelligent Flight Battery is ontworpen als een lichtgewicht en robuuste Li\u2011ion accu die eenvoudig in de batterijhouder van de Avata\u202f360 past. Zijn compacte vorm maakt het verwisselen tijdens vluchten snel en effici\u00ebnt.<\/p>\n<p>De batterij beschikt over ge\u00efntegreerde beveiligingsfuncties die oververhitting, overbelasting en andere vaar\u2011 of laadproblemen helpen voorkomen, waardoor betrouwbaarheid tijdens intensief gebruik wordt vergroot.<a href=\"https:\/\/koningdrone.nl\/wp-content\/uploads\/2026\/03\/DJI-Product-Avata-360-Intelligent-Flight-Battery.webp\"><img loading=\"lazy\" decoding=\"async\" class=\"size-medium wp-image-470837 aligncenter\" src=\"https:\/\/koningdrone.nl\/wp-content\/uploads\/2026\/03\/DJI-Product-Avata-360-Intelligent-Flight-Battery-300x300.webp\" alt=\"DJI Product Avata 360 Intelligent Flight Battery\" width=\"300\" height=\"300\" \/><\/a><\/p>\n<h4>Por qu\u00e9 lo necesita<\/h4>\n<p>&nbsp;<\/p>\n<p>Si vuelas regularmente tu Avata 360 o quieres realizar vuelos m\u00e1s largos, esta Bater\u00eda de Vuelo Inteligente es un accesorio esencial. Las bater\u00edas extra te permiten tener m\u00e1s horas de vuelo sin mucho tiempo de espera entre vuelos, lo que es perfecto para sesiones FPV, fotograf\u00eda a\u00e9rea o creaci\u00f3n de contenidos en exteriores.<\/p>","protected":false},"excerpt":{"rendered":"<ul>\n<li>Bater\u00eda de iones de litio de alta capacidad para un mayor tiempo de vuelo (\u00b118 min)<\/li>\n<li>Sistema inteligente de gesti\u00f3n de la bater\u00eda DJI para monitorizaci\u00f3n en tiempo real<\/li>\n<li>Rendimiento estable con una tasa de descarga t\u00edpica de 7 C<\/li>\n<li>Dise\u00f1o compacto y ligero<\/li>\n<li>Carga segura y salvaguardas de uso integradas<\/li>\n<\/ul>","protected":false},"featured_media":17960,"template":"","meta":{"_acf_changed":false},"product_brand":[],"product_cat":[1838],"product_tag":[],"class_list":{"0":"post-17956","1":"product","2":"type-product","3":"status-publish","4":"has-post-thumbnail","6":"product_cat-dji-avata-360","7":"product_shipping_class-acsystemsall","8":"pa_brand-dji","9":"pa_producttype-batterij","10":"pa_series-avata","12":"first","13":"instock","14":"taxable","15":"shipping-taxable","16":"purchasable","17":"product-type-simple"},"acf":[],"yoast_head":"<!-- This site is optimized with the Yoast SEO Premium plugin v27.2 (Yoast SEO v27.2) - https:\/\/yoast.com\/product\/yoast-seo-premium-wordpress\/ -->\n<title>DJI Avata 360 Intelligent Flight Battery - koningdrone.be<\/title>\n<meta name=\"robots\" content=\"index, follow, max-snippet:-1, max-image-preview:large, max-video-preview:-1\" \/>\n<link rel=\"canonical\" href=\"https:\/\/koningdrone.be\/es\/producto\/dji-avata-360-intelligent-flight-battery\/\" \/>\n<meta property=\"og:locale\" content=\"es_ES\" \/>\n<meta property=\"og:type\" content=\"article\" \/>\n<meta property=\"og:title\" content=\"DJI Avata 360 Intelligent Flight Battery\" \/>\n<meta property=\"og:description\" content=\"Hoge capaciteit Li\u2011ion batterij voor langere vliegtijd (\u00b118\u202fmin)  DJI Intelligent Battery Management System voor realtime monitoring  Stabiele prestaties met typisch 7\u202fC ontlaadsnelheid  Compact en lichtgewicht ontwerp  Veilige oplaad\u2011 en gebruiksbeveiligingen ingebouwd\" \/>\n<meta property=\"og:url\" content=\"https:\/\/koningdrone.be\/es\/producto\/dji-avata-360-intelligent-flight-battery\/\" \/>\n<meta property=\"og:site_name\" content=\"koningdrone.be\" \/>\n<meta property=\"article:modified_time\" content=\"2026-04-29T01:50:47+00:00\" \/>\n<meta property=\"og:image\" content=\"https:\/\/koningdrone.be\/wp-content\/uploads\/sites\/13\/2026\/03\/Avata-360-Intelligent-Flight-Battery-DJI.webp\" \/>\n\t<meta property=\"og:image:width\" content=\"2048\" \/>\n\t<meta property=\"og:image:height\" content=\"2048\" \/>\n\t<meta property=\"og:image:type\" content=\"image\/webp\" \/>\n<meta name=\"twitter:card\" content=\"summary_large_image\" \/>\n<meta name=\"twitter:label1\" content=\"Tiempo de lectura\" \/>\n\t<meta name=\"twitter:data1\" content=\"1 minuto\" \/>\n<script type=\"application\/ld+json\" class=\"yoast-schema-graph\">{\"@context\":\"https:\/\/schema.org\",\"@graph\":[{\"@type\":\"WebPage\",\"@id\":\"https:\/\/koningdrone.be\/product\/dji-avata-360-intelligent-flight-battery\/\",\"url\":\"https:\/\/koningdrone.be\/product\/dji-avata-360-intelligent-flight-battery\/\",\"name\":\"DJI Avata 360 Intelligent Flight Battery - koningdrone.be\",\"isPartOf\":{\"@id\":\"https:\/\/koningdrone.be\/#website\"},\"primaryImageOfPage\":{\"@id\":\"https:\/\/koningdrone.be\/product\/dji-avata-360-intelligent-flight-battery\/#primaryimage\"},\"image\":{\"@id\":\"https:\/\/koningdrone.be\/product\/dji-avata-360-intelligent-flight-battery\/#primaryimage\"},\"thumbnailUrl\":\"https:\/\/koningdrone.be\/wp-content\/uploads\/sites\/13\/2026\/03\/Avata-360-Intelligent-Flight-Battery-DJI.webp\",\"datePublished\":\"2026-03-27T09:38:21+00:00\",\"dateModified\":\"2026-04-29T01:50:47+00:00\",\"breadcrumb\":{\"@id\":\"https:\/\/koningdrone.be\/product\/dji-avata-360-intelligent-flight-battery\/#breadcrumb\"},\"inLanguage\":\"es\",\"potentialAction\":[{\"@type\":\"ReadAction\",\"target\":[\"https:\/\/koningdrone.be\/product\/dji-avata-360-intelligent-flight-battery\/\"]}]},{\"@type\":\"ImageObject\",\"inLanguage\":\"es\",\"@id\":\"https:\/\/koningdrone.be\/product\/dji-avata-360-intelligent-flight-battery\/#primaryimage\",\"url\":\"https:\/\/koningdrone.be\/wp-content\/uploads\/sites\/13\/2026\/03\/Avata-360-Intelligent-Flight-Battery-DJI.webp\",\"contentUrl\":\"https:\/\/koningdrone.be\/wp-content\/uploads\/sites\/13\/2026\/03\/Avata-360-Intelligent-Flight-Battery-DJI.webp\",\"width\":2048,\"height\":2048},{\"@type\":\"BreadcrumbList\",\"@id\":\"https:\/\/koningdrone.be\/product\/dji-avata-360-intelligent-flight-battery\/#breadcrumb\",\"itemListElement\":[{\"@type\":\"ListItem\",\"position\":1,\"name\":\"Home\",\"item\":\"https:\/\/koningdrone.be\/\"},{\"@type\":\"ListItem\",\"position\":2,\"name\":\"AVSS Parachute Recovery System for DJI Matrice 300\/350\",\"item\":\"https:\/\/koningdrone.be\/product\/avss-parachute-recovery-system-for-dji-matrice-300-350\/\"},{\"@type\":\"ListItem\",\"position\":3,\"name\":\"DJI Avata 360\",\"item\":\"https:\/\/koningdrone.be\/categorie\/dji-avata-360\/\"},{\"@type\":\"ListItem\",\"position\":4,\"name\":\"DJI Avata 360 Intelligent Flight Battery\"}]},{\"@type\":\"WebSite\",\"@id\":\"https:\/\/koningdrone.be\/#website\",\"url\":\"https:\/\/koningdrone.be\/\",\"name\":\"Koningdrone.be - Uw online specialist in drones, gimbals, camera's en power stations.\",\"description\":\"De webshop in drones en gimbals\",\"publisher\":{\"@id\":\"https:\/\/koningdrone.be\/#organization\"},\"potentialAction\":[{\"@type\":\"SearchAction\",\"target\":{\"@type\":\"EntryPoint\",\"urlTemplate\":\"https:\/\/koningdrone.be\/?s={search_term_string}\"},\"query-input\":{\"@type\":\"PropertyValueSpecification\",\"valueRequired\":true,\"valueName\":\"search_term_string\"}}],\"inLanguage\":\"es\"},{\"@type\":\"Organization\",\"@id\":\"https:\/\/koningdrone.be\/#organization\",\"name\":\"Koningdrone.be\",\"url\":\"https:\/\/koningdrone.be\/\",\"logo\":{\"@type\":\"ImageObject\",\"inLanguage\":\"es\",\"@id\":\"https:\/\/koningdrone.be\/#\/schema\/logo\/image\/\",\"url\":\"https:\/\/koningdrone.be\/wp-content\/uploads\/sites\/13\/2025\/04\/koningdrone-copyright-logo.svg\",\"contentUrl\":\"https:\/\/koningdrone.be\/wp-content\/uploads\/sites\/13\/2025\/04\/koningdrone-copyright-logo.svg\",\"width\":227,\"height\":38,\"caption\":\"Koningdrone.be\"},\"image\":{\"@id\":\"https:\/\/koningdrone.be\/#\/schema\/logo\/image\/\"}}]}<\/script>\n<!-- \/ Yoast SEO Premium plugin. -->","yoast_head_json":{"title":"DJI Avata 360 Intelligent Flight Battery - koningdrone.be","robots":{"index":"index","follow":"follow","max-snippet":"max-snippet:-1","max-image-preview":"max-image-preview:large","max-video-preview":"max-video-preview:-1"},"canonical":"https:\/\/koningdrone.be\/es\/producto\/dji-avata-360-intelligent-flight-battery\/","og_locale":"es_ES","og_type":"article","og_title":"DJI Avata 360 Intelligent Flight Battery","og_description":"Hoge capaciteit Li\u2011ion batterij voor langere vliegtijd (\u00b118\u202fmin)  DJI Intelligent Battery Management System voor realtime monitoring  Stabiele prestaties met typisch 7\u202fC ontlaadsnelheid  Compact en lichtgewicht ontwerp  Veilige oplaad\u2011 en gebruiksbeveiligingen ingebouwd","og_url":"https:\/\/koningdrone.be\/es\/producto\/dji-avata-360-intelligent-flight-battery\/","og_site_name":"koningdrone.be","article_modified_time":"2026-04-29T01:50:47+00:00","og_image":[{"width":2048,"height":2048,"url":"https:\/\/koningdrone.be\/wp-content\/uploads\/sites\/13\/2026\/03\/Avata-360-Intelligent-Flight-Battery-DJI.webp","type":"image\/webp"}],"twitter_card":"summary_large_image","twitter_misc":{"Tiempo de lectura":"1 minuto"},"schema":{"@context":"https:\/\/schema.org","@graph":[{"@type":"WebPage","@id":"https:\/\/koningdrone.be\/product\/dji-avata-360-intelligent-flight-battery\/","url":"https:\/\/koningdrone.be\/product\/dji-avata-360-intelligent-flight-battery\/","name":"DJI Avata 360 Intelligent Flight Battery - koningdrone.be","isPartOf":{"@id":"https:\/\/koningdrone.be\/#website"},"primaryImageOfPage":{"@id":"https:\/\/koningdrone.be\/product\/dji-avata-360-intelligent-flight-battery\/#primaryimage"},"image":{"@id":"https:\/\/koningdrone.be\/product\/dji-avata-360-intelligent-flight-battery\/#primaryimage"},"thumbnailUrl":"https:\/\/koningdrone.be\/wp-content\/uploads\/sites\/13\/2026\/03\/Avata-360-Intelligent-Flight-Battery-DJI.webp","datePublished":"2026-03-27T09:38:21+00:00","dateModified":"2026-04-29T01:50:47+00:00","breadcrumb":{"@id":"https:\/\/koningdrone.be\/product\/dji-avata-360-intelligent-flight-battery\/#breadcrumb"},"inLanguage":"es","potentialAction":[{"@type":"ReadAction","target":["https:\/\/koningdrone.be\/product\/dji-avata-360-intelligent-flight-battery\/"]}]},{"@type":"ImageObject","inLanguage":"es","@id":"https:\/\/koningdrone.be\/product\/dji-avata-360-intelligent-flight-battery\/#primaryimage","url":"https:\/\/koningdrone.be\/wp-content\/uploads\/sites\/13\/2026\/03\/Avata-360-Intelligent-Flight-Battery-DJI.webp","contentUrl":"https:\/\/koningdrone.be\/wp-content\/uploads\/sites\/13\/2026\/03\/Avata-360-Intelligent-Flight-Battery-DJI.webp","width":2048,"height":2048},{"@type":"BreadcrumbList","@id":"https:\/\/koningdrone.be\/product\/dji-avata-360-intelligent-flight-battery\/#breadcrumb","itemListElement":[{"@type":"ListItem","position":1,"name":"Home","item":"https:\/\/koningdrone.be\/"},{"@type":"ListItem","position":2,"name":"AVSS Parachute Recovery System for DJI Matrice 300\/350","item":"https:\/\/koningdrone.be\/product\/avss-parachute-recovery-system-for-dji-matrice-300-350\/"},{"@type":"ListItem","position":3,"name":"DJI Avata 360","item":"https:\/\/koningdrone.be\/categorie\/dji-avata-360\/"},{"@type":"ListItem","position":4,"name":"DJI Avata 360 Intelligent Flight Battery"}]},{"@type":"WebSite","@id":"https:\/\/koningdrone.be\/#website","url":"https:\/\/koningdrone.be\/","name":"Koningdrone.be - Su especialista en l\u00ednea en drones, cardanes, c\u00e1maras y centrales el\u00e9ctricas.","description":"La tienda virtual de drones y cardanes","publisher":{"@id":"https:\/\/koningdrone.be\/#organization"},"potentialAction":[{"@type":"SearchAction","target":{"@type":"EntryPoint","urlTemplate":"https:\/\/koningdrone.be\/?s={search_term_string}"},"query-input":{"@type":"PropertyValueSpecification","valueRequired":true,"valueName":"search_term_string"}}],"inLanguage":"es"},{"@type":"Organization","@id":"https:\/\/koningdrone.be\/#organization","name":"Kingdrone.es","url":"https:\/\/koningdrone.be\/","logo":{"@type":"ImageObject","inLanguage":"es","@id":"https:\/\/koningdrone.be\/#\/schema\/logo\/image\/","url":"https:\/\/koningdrone.be\/wp-content\/uploads\/sites\/13\/2025\/04\/koningdrone-copyright-logo.svg","contentUrl":"https:\/\/koningdrone.be\/wp-content\/uploads\/sites\/13\/2025\/04\/koningdrone-copyright-logo.svg","width":227,"height":38,"caption":"Koningdrone.be"},"image":{"@id":"https:\/\/koningdrone.be\/#\/schema\/logo\/image\/"}}]}},"df_price":76,"df_sale_price":"","df_regular_price":76,"df_image_link":"https:\/\/koningdrone.be\/wp-content\/uploads\/sites\/13\/2026\/03\/Avata-360-Intelligent-Flight-Battery-DJI-300x300.webp","_links":{"self":[{"href":"https:\/\/koningdrone.be\/es\/wp-json\/wp\/v2\/product\/17956","targetHints":{"allow":["GET"]}}],"collection":[{"href":"https:\/\/koningdrone.be\/es\/wp-json\/wp\/v2\/product"}],"about":[{"href":"https:\/\/koningdrone.be\/es\/wp-json\/wp\/v2\/types\/product"}],"wp:featuredmedia":[{"embeddable":true,"href":"https:\/\/koningdrone.be\/es\/wp-json\/wp\/v2\/media\/17960"}],"wp:attachment":[{"href":"https:\/\/koningdrone.be\/es\/wp-json\/wp\/v2\/media?parent=17956"}],"wp:term":[{"taxonomy":"product_brand","embeddable":true,"href":"https:\/\/koningdrone.be\/es\/wp-json\/wp\/v2\/product_brand?post=17956"},{"taxonomy":"product_cat","embeddable":true,"href":"https:\/\/koningdrone.be\/es\/wp-json\/wp\/v2\/product_cat?post=17956"},{"taxonomy":"product_tag","embeddable":true,"href":"https:\/\/koningdrone.be\/es\/wp-json\/wp\/v2\/product_tag?post=17956"}],"curies":[{"name":"wp","href":"https:\/\/api.w.org\/{rel}","templated":true}]}}