{"id":17950,"date":"2026-03-27T10:38:26","date_gmt":"2026-03-27T09:38:26","guid":{"rendered":"https:\/\/koningdrone.be\/?post_type=product&#038;p=17950"},"modified":"2026-04-29T04:40:13","modified_gmt":"2026-04-29T02:40:13","slug":"dji-avata-360-two-way-charging-hub","status":"publish","type":"product","link":"https:\/\/koningdrone.be\/es\/producto\/dji-avata-360-two-way-charging-hub\/","title":{"rendered":"Hub de carga bidireccional DJI Avata 360"},"content":{"rendered":"<h3>Hub de carga bidireccional DJI Avata 360<\/h3>\n<p><iframe loading=\"lazy\" title=\"DJI AVATA 2\uff5cDos v\u00edas Charing Hub\" width=\"800\" height=\"450\" src=\"https:\/\/www.youtube.com\/embed\/3TXqgM1o_1k?feature=oembed&#038;enablejsapi=1&#038;origin=https:\/\/koningdrone.be\" frameborder=\"0\" allow=\"accelerometer; autoplay; clipboard-write; encrypted-media; gyroscope; picture-in-picture; web-share\" referrerpolicy=\"strict-origin-when-cross-origin\" allowfullscreen><\/iframe><\/p>\n<p style=\"margin-top: 20px\">El Hub de carga bidireccional DJI Avata 360 es una soluci\u00f3n de carga vers\u00e1til para las Bater\u00edas de Vuelo Inteligente que vienen con la Avata 360. El concentrador te permite cargar varias bater\u00edas a la vez, almacenarlas de forma organizada y actuar como banco de energ\u00eda m\u00f3vil para otros dispositivos. Este producto es ideal para pilotos FPV y fot\u00f3grafos a\u00e9reos que suelen realizar varios vuelos y desean gestionar sus bater\u00edas de forma eficiente.<\/p>\n<p style=\"margin-bottom: 20px\">Gracias a la funci\u00f3n de carga secuencial inteligente, no es necesario conectar las bater\u00edas una a una, lo que ahorra tiempo y optimiza los niveles de bater\u00eda para jornadas de vuelo m\u00e1s largas.<\/p>\n<p><a href=\"https:\/\/koningdrone.nl\/wp-content\/uploads\/2026\/03\/Two-Way-Charging-Hub-DJI-Avata-360-Product.webp\"><img loading=\"lazy\" decoding=\"async\" class=\"aligncenter wp-image-470807 size-full\" src=\"https:\/\/koningdrone.nl\/wp-content\/uploads\/2026\/03\/Two-Way-Charging-Hub-DJI-Avata-360-Product.webp\" alt=\"Two-Way Charging Hub DJI Avata 360 Product\" width=\"1200\" height=\"800\" \/><\/a><\/p>\n<h4>Rendimiento y funcionalidad<\/h4>\n<p>De hub laadt drie batterijen achter elkaar, te beginnen met de batterij die de hoogste resterende lading heeft. Met de power accumulation\u2011functie kun je de restenergie van meerdere batterijen overzetten naar \u00e9\u00e9n batterij met de hoogste lading, wat handig is bij situaties waarin je snel een volle batterij nodig hebt.<\/p>\n<p>Via de USB\u2011C\u2011poort kan de hub ook verbinding maken met externe apparaten zoals smartphones of compatibele DJI\u2011apparatuur en ze opladen wanneer dit nodig is.<\/p>\n<h4>Calidad de construcci\u00f3n y dise\u00f1o<\/h4>\n<p>De charging hub is compact en licht van gewicht, ontworpen om gemakkelijk mee te nemen naar vliegvelden of op locatie. Hij biedt veilige plaatsing van maximaal drie batterijen tegelijk en bevat LED\u2011indicatoren die de laadstatus en power\u2011bank gebruik visueel aangeven.<\/p>\n<p>Dankzij ondersteuning voor USB Power Delivery tot 65\u202fW biedt de hub een toekomstbestendige en effici\u00ebnte laadoplossing.<\/p>\n<p><a href=\"https:\/\/koningdrone.nl\/wp-content\/uploads\/2026\/03\/DJI-Product-Avata-360-Two-Way-Charging-Hub.webp\"><img loading=\"lazy\" decoding=\"async\" class=\"size-medium wp-image-470804 aligncenter\" src=\"https:\/\/koningdrone.nl\/wp-content\/uploads\/2026\/03\/DJI-Product-Avata-360-Two-Way-Charging-Hub-300x300.webp\" alt=\"DJI Product Avata 360 Two-Way Charging Hub\" width=\"300\" height=\"300\" \/><\/a><\/p>\n<h4>Por qu\u00e9 lo necesita<\/h4>\n<p>Si vuelas la DJI Avata 360 y utilizas varias bater\u00edas, este concentrador de carga es un accesorio esencial para cargar las bater\u00edas de forma r\u00e1pida y organizada. Ahorra tiempo, simplifica la gesti\u00f3n de las bater\u00edas y a\u00f1ade flexibilidad adicional gracias a su funci\u00f3n de powerbank.<\/p>","protected":false},"excerpt":{"rendered":"<ul>\n<li>Carga eficiente de hasta tres Bater\u00edas de Vuelo Inteligente en secuencia.<\/li>\n<li>Funci\u00f3n de acumulaci\u00f3n de energ\u00eda para agrupar la energ\u00eda restante en una sola bater\u00eda.<\/li>\n<li>Puede actuar como un banco de energ\u00eda m\u00f3vil a trav\u00e9s del puerto USB-C.<\/li>\n<li>Dise\u00f1o compacto y port\u00e1til para su uso sobre la marcha.<\/li>\n<li>Compatible con USB Power Delivery de hasta 65 W.<\/li>\n<\/ul>","protected":false},"featured_media":17945,"template":"","meta":{"_acf_changed":false},"product_brand":[],"product_cat":[1838],"product_tag":[],"class_list":{"0":"post-17950","1":"product","2":"type-product","3":"status-publish","4":"has-post-thumbnail","6":"product_cat-dji-avata-360","7":"product_shipping_class-europafotoall","8":"pa_brand-dji","9":"pa_producttype-laadstation","10":"pa_series-avata","12":"first","13":"instock","14":"taxable","15":"shipping-taxable","16":"purchasable","17":"product-type-simple"},"acf":[],"yoast_head":"<!-- This site is optimized with the Yoast SEO Premium plugin v27.2 (Yoast SEO v27.2) - https:\/\/yoast.com\/product\/yoast-seo-premium-wordpress\/ -->\n<title>DJI Avata 360 Two-Way Charging Hub - koningdrone.be<\/title>\n<meta name=\"robots\" content=\"index, follow, max-snippet:-1, max-image-preview:large, max-video-preview:-1\" \/>\n<link rel=\"canonical\" href=\"https:\/\/koningdrone.be\/es\/producto\/dji-avata-360-two-way-charging-hub\/\" \/>\n<meta property=\"og:locale\" content=\"es_ES\" \/>\n<meta property=\"og:type\" content=\"article\" \/>\n<meta property=\"og:title\" content=\"DJI Avata 360 Two-Way Charging Hub\" \/>\n<meta property=\"og:description\" content=\"Effici\u00ebnt opladen van maximaal drie Intelligent Flight Batteries in sequentie.  Power accumulation\u2011functie om resterende energie te bundelen in \u00e9\u00e9n batterij.  Kan fungeren als mobiele powerbank via USB\u2011C\u2011poort.  Compact en draagbaar ontwerp voor gebruik onderweg.  Ondersteuning voor USB Power Delivery tot 65\u202fW.\" \/>\n<meta property=\"og:url\" content=\"https:\/\/koningdrone.be\/es\/producto\/dji-avata-360-two-way-charging-hub\/\" \/>\n<meta property=\"og:site_name\" content=\"koningdrone.be\" \/>\n<meta property=\"article:modified_time\" content=\"2026-04-29T02:40:13+00:00\" \/>\n<meta property=\"og:image\" content=\"https:\/\/koningdrone.be\/wp-content\/uploads\/sites\/13\/2026\/03\/DJI-Avata-360-Two-Way-Charging-Hub.webp\" \/>\n\t<meta property=\"og:image:width\" content=\"2048\" \/>\n\t<meta property=\"og:image:height\" content=\"2048\" \/>\n\t<meta property=\"og:image:type\" content=\"image\/webp\" \/>\n<meta name=\"twitter:card\" content=\"summary_large_image\" \/>\n<meta name=\"twitter:label1\" content=\"Tiempo de lectura\" \/>\n\t<meta name=\"twitter:data1\" content=\"2 minutos\" \/>\n<script type=\"application\/ld+json\" class=\"yoast-schema-graph\">{\"@context\":\"https:\/\/schema.org\",\"@graph\":[{\"@type\":\"WebPage\",\"@id\":\"https:\/\/koningdrone.be\/product\/dji-avata-360-two-way-charging-hub\/\",\"url\":\"https:\/\/koningdrone.be\/product\/dji-avata-360-two-way-charging-hub\/\",\"name\":\"DJI Avata 360 Two-Way Charging Hub - koningdrone.be\",\"isPartOf\":{\"@id\":\"https:\/\/koningdrone.be\/#website\"},\"primaryImageOfPage\":{\"@id\":\"https:\/\/koningdrone.be\/product\/dji-avata-360-two-way-charging-hub\/#primaryimage\"},\"image\":{\"@id\":\"https:\/\/koningdrone.be\/product\/dji-avata-360-two-way-charging-hub\/#primaryimage\"},\"thumbnailUrl\":\"https:\/\/koningdrone.be\/wp-content\/uploads\/sites\/13\/2026\/03\/DJI-Avata-360-Two-Way-Charging-Hub.webp\",\"datePublished\":\"2026-03-27T09:38:26+00:00\",\"dateModified\":\"2026-04-29T02:40:13+00:00\",\"breadcrumb\":{\"@id\":\"https:\/\/koningdrone.be\/product\/dji-avata-360-two-way-charging-hub\/#breadcrumb\"},\"inLanguage\":\"es\",\"potentialAction\":[{\"@type\":\"ReadAction\",\"target\":[\"https:\/\/koningdrone.be\/product\/dji-avata-360-two-way-charging-hub\/\"]}]},{\"@type\":\"ImageObject\",\"inLanguage\":\"es\",\"@id\":\"https:\/\/koningdrone.be\/product\/dji-avata-360-two-way-charging-hub\/#primaryimage\",\"url\":\"https:\/\/koningdrone.be\/wp-content\/uploads\/sites\/13\/2026\/03\/DJI-Avata-360-Two-Way-Charging-Hub.webp\",\"contentUrl\":\"https:\/\/koningdrone.be\/wp-content\/uploads\/sites\/13\/2026\/03\/DJI-Avata-360-Two-Way-Charging-Hub.webp\",\"width\":2048,\"height\":2048},{\"@type\":\"BreadcrumbList\",\"@id\":\"https:\/\/koningdrone.be\/product\/dji-avata-360-two-way-charging-hub\/#breadcrumb\",\"itemListElement\":[{\"@type\":\"ListItem\",\"position\":1,\"name\":\"Home\",\"item\":\"https:\/\/koningdrone.be\/\"},{\"@type\":\"ListItem\",\"position\":2,\"name\":\"AVSS Parachute Recovery System for DJI Matrice 300\/350\",\"item\":\"https:\/\/koningdrone.be\/product\/avss-parachute-recovery-system-for-dji-matrice-300-350\/\"},{\"@type\":\"ListItem\",\"position\":3,\"name\":\"DJI Avata 360\",\"item\":\"https:\/\/koningdrone.be\/categorie\/dji-avata-360\/\"},{\"@type\":\"ListItem\",\"position\":4,\"name\":\"DJI Avata 360 Two-Way Charging Hub\"}]},{\"@type\":\"WebSite\",\"@id\":\"https:\/\/koningdrone.be\/#website\",\"url\":\"https:\/\/koningdrone.be\/\",\"name\":\"Koningdrone.be - Uw online specialist in drones, gimbals, camera's en power stations.\",\"description\":\"De webshop in drones en gimbals\",\"publisher\":{\"@id\":\"https:\/\/koningdrone.be\/#organization\"},\"potentialAction\":[{\"@type\":\"SearchAction\",\"target\":{\"@type\":\"EntryPoint\",\"urlTemplate\":\"https:\/\/koningdrone.be\/?s={search_term_string}\"},\"query-input\":{\"@type\":\"PropertyValueSpecification\",\"valueRequired\":true,\"valueName\":\"search_term_string\"}}],\"inLanguage\":\"es\"},{\"@type\":\"Organization\",\"@id\":\"https:\/\/koningdrone.be\/#organization\",\"name\":\"Koningdrone.be\",\"url\":\"https:\/\/koningdrone.be\/\",\"logo\":{\"@type\":\"ImageObject\",\"inLanguage\":\"es\",\"@id\":\"https:\/\/koningdrone.be\/#\/schema\/logo\/image\/\",\"url\":\"https:\/\/koningdrone.be\/wp-content\/uploads\/sites\/13\/2025\/04\/koningdrone-copyright-logo.svg\",\"contentUrl\":\"https:\/\/koningdrone.be\/wp-content\/uploads\/sites\/13\/2025\/04\/koningdrone-copyright-logo.svg\",\"width\":227,\"height\":38,\"caption\":\"Koningdrone.be\"},\"image\":{\"@id\":\"https:\/\/koningdrone.be\/#\/schema\/logo\/image\/\"}}]}<\/script>\n<!-- \/ Yoast SEO Premium plugin. -->","yoast_head_json":{"title":"DJI Avata 360 Two-Way Charging Hub - koningdrone.be","robots":{"index":"index","follow":"follow","max-snippet":"max-snippet:-1","max-image-preview":"max-image-preview:large","max-video-preview":"max-video-preview:-1"},"canonical":"https:\/\/koningdrone.be\/es\/producto\/dji-avata-360-two-way-charging-hub\/","og_locale":"es_ES","og_type":"article","og_title":"DJI Avata 360 Two-Way Charging Hub","og_description":"Effici\u00ebnt opladen van maximaal drie Intelligent Flight Batteries in sequentie.  Power accumulation\u2011functie om resterende energie te bundelen in \u00e9\u00e9n batterij.  Kan fungeren als mobiele powerbank via USB\u2011C\u2011poort.  Compact en draagbaar ontwerp voor gebruik onderweg.  Ondersteuning voor USB Power Delivery tot 65\u202fW.","og_url":"https:\/\/koningdrone.be\/es\/producto\/dji-avata-360-two-way-charging-hub\/","og_site_name":"koningdrone.be","article_modified_time":"2026-04-29T02:40:13+00:00","og_image":[{"width":2048,"height":2048,"url":"https:\/\/koningdrone.be\/wp-content\/uploads\/sites\/13\/2026\/03\/DJI-Avata-360-Two-Way-Charging-Hub.webp","type":"image\/webp"}],"twitter_card":"summary_large_image","twitter_misc":{"Tiempo de lectura":"2 minutos"},"schema":{"@context":"https:\/\/schema.org","@graph":[{"@type":"WebPage","@id":"https:\/\/koningdrone.be\/product\/dji-avata-360-two-way-charging-hub\/","url":"https:\/\/koningdrone.be\/product\/dji-avata-360-two-way-charging-hub\/","name":"DJI Avata 360 Two-Way Charging Hub - koningdrone.be","isPartOf":{"@id":"https:\/\/koningdrone.be\/#website"},"primaryImageOfPage":{"@id":"https:\/\/koningdrone.be\/product\/dji-avata-360-two-way-charging-hub\/#primaryimage"},"image":{"@id":"https:\/\/koningdrone.be\/product\/dji-avata-360-two-way-charging-hub\/#primaryimage"},"thumbnailUrl":"https:\/\/koningdrone.be\/wp-content\/uploads\/sites\/13\/2026\/03\/DJI-Avata-360-Two-Way-Charging-Hub.webp","datePublished":"2026-03-27T09:38:26+00:00","dateModified":"2026-04-29T02:40:13+00:00","breadcrumb":{"@id":"https:\/\/koningdrone.be\/product\/dji-avata-360-two-way-charging-hub\/#breadcrumb"},"inLanguage":"es","potentialAction":[{"@type":"ReadAction","target":["https:\/\/koningdrone.be\/product\/dji-avata-360-two-way-charging-hub\/"]}]},{"@type":"ImageObject","inLanguage":"es","@id":"https:\/\/koningdrone.be\/product\/dji-avata-360-two-way-charging-hub\/#primaryimage","url":"https:\/\/koningdrone.be\/wp-content\/uploads\/sites\/13\/2026\/03\/DJI-Avata-360-Two-Way-Charging-Hub.webp","contentUrl":"https:\/\/koningdrone.be\/wp-content\/uploads\/sites\/13\/2026\/03\/DJI-Avata-360-Two-Way-Charging-Hub.webp","width":2048,"height":2048},{"@type":"BreadcrumbList","@id":"https:\/\/koningdrone.be\/product\/dji-avata-360-two-way-charging-hub\/#breadcrumb","itemListElement":[{"@type":"ListItem","position":1,"name":"Home","item":"https:\/\/koningdrone.be\/"},{"@type":"ListItem","position":2,"name":"AVSS Parachute Recovery System for DJI Matrice 300\/350","item":"https:\/\/koningdrone.be\/product\/avss-parachute-recovery-system-for-dji-matrice-300-350\/"},{"@type":"ListItem","position":3,"name":"DJI Avata 360","item":"https:\/\/koningdrone.be\/categorie\/dji-avata-360\/"},{"@type":"ListItem","position":4,"name":"DJI Avata 360 Two-Way Charging Hub"}]},{"@type":"WebSite","@id":"https:\/\/koningdrone.be\/#website","url":"https:\/\/koningdrone.be\/","name":"Koningdrone.be - Su especialista en l\u00ednea en drones, cardanes, c\u00e1maras y centrales el\u00e9ctricas.","description":"La tienda virtual de drones y cardanes","publisher":{"@id":"https:\/\/koningdrone.be\/#organization"},"potentialAction":[{"@type":"SearchAction","target":{"@type":"EntryPoint","urlTemplate":"https:\/\/koningdrone.be\/?s={search_term_string}"},"query-input":{"@type":"PropertyValueSpecification","valueRequired":true,"valueName":"search_term_string"}}],"inLanguage":"es"},{"@type":"Organization","@id":"https:\/\/koningdrone.be\/#organization","name":"Kingdrone.es","url":"https:\/\/koningdrone.be\/","logo":{"@type":"ImageObject","inLanguage":"es","@id":"https:\/\/koningdrone.be\/#\/schema\/logo\/image\/","url":"https:\/\/koningdrone.be\/wp-content\/uploads\/sites\/13\/2025\/04\/koningdrone-copyright-logo.svg","contentUrl":"https:\/\/koningdrone.be\/wp-content\/uploads\/sites\/13\/2025\/04\/koningdrone-copyright-logo.svg","width":227,"height":38,"caption":"Koningdrone.be"},"image":{"@id":"https:\/\/koningdrone.be\/#\/schema\/logo\/image\/"}}]}},"df_price":62,"df_sale_price":"","df_regular_price":62,"df_image_link":"https:\/\/koningdrone.be\/wp-content\/uploads\/sites\/13\/2026\/03\/DJI-Avata-360-Two-Way-Charging-Hub-300x300.webp","_links":{"self":[{"href":"https:\/\/koningdrone.be\/es\/wp-json\/wp\/v2\/product\/17950","targetHints":{"allow":["GET"]}}],"collection":[{"href":"https:\/\/koningdrone.be\/es\/wp-json\/wp\/v2\/product"}],"about":[{"href":"https:\/\/koningdrone.be\/es\/wp-json\/wp\/v2\/types\/product"}],"wp:featuredmedia":[{"embeddable":true,"href":"https:\/\/koningdrone.be\/es\/wp-json\/wp\/v2\/media\/17945"}],"wp:attachment":[{"href":"https:\/\/koningdrone.be\/es\/wp-json\/wp\/v2\/media?parent=17950"}],"wp:term":[{"taxonomy":"product_brand","embeddable":true,"href":"https:\/\/koningdrone.be\/es\/wp-json\/wp\/v2\/product_brand?post=17950"},{"taxonomy":"product_cat","embeddable":true,"href":"https:\/\/koningdrone.be\/es\/wp-json\/wp\/v2\/product_cat?post=17950"},{"taxonomy":"product_tag","embeddable":true,"href":"https:\/\/koningdrone.be\/es\/wp-json\/wp\/v2\/product_tag?post=17950"}],"curies":[{"name":"wp","href":"https:\/\/api.w.org\/{rel}","templated":true}]}}