{"id":17922,"date":"2026-03-30T15:44:21","date_gmt":"2026-03-30T13:44:21","guid":{"rendered":"https:\/\/koningdrone.be\/?post_type=product&#038;p=17922"},"modified":"2026-04-10T15:56:56","modified_gmt":"2026-04-10T13:56:56","slug":"share-slam-s100-16","status":"publish","type":"product","link":"https:\/\/koningdrone.be\/es\/producto\/share-slam-s100-16\/","title":{"rendered":"Compartir Slam S100 16"},"content":{"rendered":"<h3>SHARE SLAM S100-16: la entrada eficiente en el escaneado LiDAR 3D m\u00f3vil<\/h3>\n<p><iframe loading=\"lazy\" title=\"Lanzamiento del esc\u00e1ner LiDAR 3D profesional de \u00faltima generaci\u00f3n SHARE SLAM Serie S100\" width=\"800\" height=\"450\" src=\"https:\/\/www.youtube.com\/embed\/wXdxcAKCPSI?feature=oembed&#038;enablejsapi=1&#038;origin=https:\/\/koningdrone.be\" frameborder=\"0\" allow=\"accelerometer; autoplay; clipboard-write; encrypted-media; gyroscope; picture-in-picture; web-share\" referrerpolicy=\"strict-origin-when-cross-origin\" allowfullscreen><\/iframe><\/p>\n<p style=\"margin: 20px 0\">En <strong>SHARE SLAM S100-16<\/strong> es la base de la serie S100, dise\u00f1ada para poner el escaneado port\u00e1til de alta calidad al alcance de todos los profesionales. All\u00ed donde los m\u00e9todos tradicionales requieren mucho tiempo, el S100-16 ofrece un flujo de trabajo optimizado para la cartograf\u00eda y topograf\u00eda 3D precisas. Con su sensor LiDAR de 16 canales y sus avanzados algoritmos SLAM, este sistema es la elecci\u00f3n ideal para la documentaci\u00f3n as-built, la gesti\u00f3n de instalaciones interiores y el inventario r\u00e1pido de emplazamientos. El S100-16 combina un dise\u00f1o ligero y ergon\u00f3mico con la precisi\u00f3n necesaria para la creaci\u00f3n de gemelos digitales modernos.<\/p>\n<p><a href=\"https:\/\/koningdrone.nl\/wp-content\/uploads\/2026\/04\/Share-Slam-S100-16-32-32pro-Action.jpg\"><img loading=\"lazy\" decoding=\"async\" class=\"wp-image-471788 size-medium aligncenter\" src=\"https:\/\/koningdrone.nl\/wp-content\/uploads\/2026\/04\/Share-Slam-S100-16-32-32pro-Action-300x300.jpg\" alt=\"Share Slam S100 16 32 32pro Action\" width=\"300\" height=\"300\" \/><\/a><\/p>\n<h4>Im\u00e1genes de calidad superior y adquisici\u00f3n inteligente de datos<\/h4>\n<p>La S100-16 ofrece un rendimiento impresionante en un paquete compacto:<\/p>\n<ul>\n<li><strong>Densidad de puntos fiable:<\/strong> El motor LiDAR de 16 canales recoge hasta 640.000 puntos por segundo. De este modo se obtienen nubes de puntos detalladas con una precisi\u00f3n relativa de $le 1 text{ cm}$, esencial para realizar mediciones de construcci\u00f3n precisas.<\/li>\n<li><strong>Sensores visuales integrados:<\/strong> Gracias a la combinaci\u00f3n de LiDAR y c\u00e1maras de alta calidad, la S100-16 captura la informaci\u00f3n de textura con gran claridad, proporcionando nubes de puntos con colores realistas al instante.<\/li>\n<li><strong>SLAM visual estable y fusi\u00f3n RTK:<\/strong> La sinergia entre los sensores visuales y la antena RTK garantiza un posicionamiento estable incluso en entornos dif\u00edciles en los que la recepci\u00f3n GPS es limitada.<\/li>\n<\/ul>\n<p><a href=\"https:\/\/koningdrone.nl\/wp-content\/uploads\/2026\/04\/Product-Share-Slam-S100-16-32-32pro.jpg\"><img loading=\"lazy\" decoding=\"async\" class=\"wp-image-471791 size-medium aligncenter\" src=\"https:\/\/koningdrone.nl\/wp-content\/uploads\/2026\/04\/Product-Share-Slam-S100-16-32-32pro-300x300.jpg\" alt=\"Product Share Slam S100 16 32 32pro\" width=\"300\" height=\"300\" \/><\/a><\/p>\n<h4>Dise\u00f1ada para la m\u00e1xima productividad<\/h4>\n<p>El hardware de la S100-16 est\u00e1 optimizado para el uso diario sobre el terreno:<\/p>\n<ul>\n<li><strong>Flujo de trabajo r\u00e1pido in situ:<\/strong> Gracias a la visualizaci\u00f3n en tiempo real, puede ver la construcci\u00f3n del modelo 3D directamente en la pantalla. As\u00ed se evitan lagunas en los datos y se acelera la transferencia a la oficina.<\/li>\n<li><strong>Ligero y ergon\u00f3mico:<\/strong> Con un peso de s\u00f3lo 2,1 kg y un arn\u00e9s de pecho incluido, el esfuerzo f\u00edsico durante un uso prolongado es m\u00ednimo.<\/li>\n<li><strong>3 Horas de exploraci\u00f3n ininterrumpida:<\/strong> La gesti\u00f3n eficiente de la energ\u00eda y las bater\u00edas reemplazables le permiten mantenerse operativo hasta 180 minutos sin interrupci\u00f3n.<\/li>\n<\/ul>\n<p><a href=\"https:\/\/koningdrone.nl\/wp-content\/uploads\/2026\/04\/Share-Slam-S100-16-32-32pro.jpg\"><img loading=\"lazy\" decoding=\"async\" class=\"wp-image-471793 size-medium aligncenter\" src=\"https:\/\/koningdrone.nl\/wp-content\/uploads\/2026\/04\/Share-Slam-S100-16-32-32pro-300x300.jpg\" alt=\"Share Slam S100 16 32 32pro\" width=\"300\" height=\"300\" \/><\/a><\/p>\n<h4>Por qu\u00e9 el SHARE SLAM S100-16 es la elecci\u00f3n correcta<\/h4>\n<p>El SHARE SLAM S100-16 es el equilibrio perfecto entre movilidad y precisi\u00f3n. Ofrece la velocidad de la cartograf\u00eda m\u00f3vil con la fiabilidad de las herramientas topogr\u00e1ficas tradicionales. Tanto si se trata de cartografiar un edificio de oficinas como de digitalizar una obra en construcci\u00f3n, el S100-16 proporciona datos 3D de alta calidad con una fracci\u00f3n del esfuerzo de los esc\u00e1neres est\u00e1ticos.<\/p>","protected":false},"excerpt":{"rendered":"<ul>\n<li>Esc\u00e1ner LiDAR port\u00e1til para cartograf\u00eda 3D profesional<\/li>\n<li>Hasta 640.000 puntos por segundo para obtener datos extremadamente detallados<\/li>\n<li>Alcance de hasta 300 metros (versi\u00f3n Pro) para exploraciones a gran escala<\/li>\n<li>Compatible con RTK y PPK para una precisi\u00f3n centim\u00e9trica<\/li>\n<li>Hasta 3 horas de autonom\u00eda con bater\u00edas intercambiables en caliente<\/li>\n<\/ul>","protected":false},"featured_media":18410,"template":"","meta":{"_acf_changed":false},"product_brand":[],"product_cat":[1841],"product_tag":[],"class_list":{"0":"post-17922","1":"product","2":"type-product","3":"status-publish","4":"has-post-thumbnail","6":"product_cat-share-slam-s100","8":"first","9":"instock","10":"taxable","11":"shipping-taxable","12":"purchasable","13":"product-type-simple"},"acf":[],"yoast_head":"<!-- This site is optimized with the Yoast SEO Premium plugin v27.2 (Yoast SEO v27.2) - https:\/\/yoast.com\/product\/yoast-seo-premium-wordpress\/ -->\n<title>Share Slam S100 16 - koningdrone.be<\/title>\n<meta name=\"robots\" content=\"index, follow, max-snippet:-1, max-image-preview:large, max-video-preview:-1\" \/>\n<link rel=\"canonical\" href=\"https:\/\/koningdrone.be\/es\/producto\/share-slam-s100-16\/\" \/>\n<meta property=\"og:locale\" content=\"es_ES\" \/>\n<meta property=\"og:type\" content=\"article\" \/>\n<meta property=\"og:title\" content=\"Share Slam S100 16\" \/>\n<meta property=\"og:description\" content=\"Handheld LiDAR scanner voor professionele 3D-mapping  Tot 640.000 punten per seconde voor extreem gedetailleerde data  Bereik tot 300 meter (Pro versie) voor grootschalige scans  RTK &amp; PPK ondersteuning voor centimeter-nauwkeurigheid  Tot 3 uur batterijduur met hot-swappable batterijen\" \/>\n<meta property=\"og:url\" content=\"https:\/\/koningdrone.be\/es\/producto\/share-slam-s100-16\/\" \/>\n<meta property=\"og:site_name\" content=\"koningdrone.be\" \/>\n<meta property=\"article:modified_time\" content=\"2026-04-10T13:56:56+00:00\" \/>\n<meta property=\"og:image\" content=\"https:\/\/koningdrone.be\/wp-content\/uploads\/sites\/13\/2026\/04\/Share-Slam-S100-16-32-32pro-1.jpg\" \/>\n\t<meta property=\"og:image:width\" content=\"1000\" \/>\n\t<meta property=\"og:image:height\" content=\"1000\" \/>\n\t<meta property=\"og:image:type\" content=\"image\/jpeg\" \/>\n<meta name=\"twitter:card\" content=\"summary_large_image\" \/>\n<meta name=\"twitter:label1\" content=\"Tiempo de lectura\" \/>\n\t<meta name=\"twitter:data1\" content=\"3 minutos\" \/>\n<script type=\"application\/ld+json\" class=\"yoast-schema-graph\">{\"@context\":\"https:\/\/schema.org\",\"@graph\":[{\"@type\":\"WebPage\",\"@id\":\"https:\/\/koningdrone.be\/product\/share-slam-s100-16\/\",\"url\":\"https:\/\/koningdrone.be\/product\/share-slam-s100-16\/\",\"name\":\"Share Slam S100 16 - koningdrone.be\",\"isPartOf\":{\"@id\":\"https:\/\/koningdrone.be\/#website\"},\"primaryImageOfPage\":{\"@id\":\"https:\/\/koningdrone.be\/product\/share-slam-s100-16\/#primaryimage\"},\"image\":{\"@id\":\"https:\/\/koningdrone.be\/product\/share-slam-s100-16\/#primaryimage\"},\"thumbnailUrl\":\"https:\/\/koningdrone.be\/wp-content\/uploads\/sites\/13\/2026\/04\/Share-Slam-S100-16-32-32pro-1.jpg\",\"datePublished\":\"2026-03-30T13:44:21+00:00\",\"dateModified\":\"2026-04-10T13:56:56+00:00\",\"breadcrumb\":{\"@id\":\"https:\/\/koningdrone.be\/product\/share-slam-s100-16\/#breadcrumb\"},\"inLanguage\":\"es\",\"potentialAction\":[{\"@type\":\"ReadAction\",\"target\":[\"https:\/\/koningdrone.be\/product\/share-slam-s100-16\/\"]}]},{\"@type\":\"ImageObject\",\"inLanguage\":\"es\",\"@id\":\"https:\/\/koningdrone.be\/product\/share-slam-s100-16\/#primaryimage\",\"url\":\"https:\/\/koningdrone.be\/wp-content\/uploads\/sites\/13\/2026\/04\/Share-Slam-S100-16-32-32pro-1.jpg\",\"contentUrl\":\"https:\/\/koningdrone.be\/wp-content\/uploads\/sites\/13\/2026\/04\/Share-Slam-S100-16-32-32pro-1.jpg\",\"width\":1000,\"height\":1000},{\"@type\":\"BreadcrumbList\",\"@id\":\"https:\/\/koningdrone.be\/product\/share-slam-s100-16\/#breadcrumb\",\"itemListElement\":[{\"@type\":\"ListItem\",\"position\":1,\"name\":\"Home\",\"item\":\"https:\/\/koningdrone.be\/\"},{\"@type\":\"ListItem\",\"position\":2,\"name\":\"AVSS Parachute Recovery System for DJI Matrice 300\/350\",\"item\":\"https:\/\/koningdrone.be\/product\/avss-parachute-recovery-system-for-dji-matrice-300-350\/\"},{\"@type\":\"ListItem\",\"position\":3,\"name\":\"Share Slam S100\",\"item\":\"https:\/\/koningdrone.be\/categorie\/share-slam-s100\/\"},{\"@type\":\"ListItem\",\"position\":4,\"name\":\"Share Slam S100 16\"}]},{\"@type\":\"WebSite\",\"@id\":\"https:\/\/koningdrone.be\/#website\",\"url\":\"https:\/\/koningdrone.be\/\",\"name\":\"Koningdrone.be - Uw online specialist in drones, gimbals, camera's en power stations.\",\"description\":\"De webshop in drones en gimbals\",\"publisher\":{\"@id\":\"https:\/\/koningdrone.be\/#organization\"},\"potentialAction\":[{\"@type\":\"SearchAction\",\"target\":{\"@type\":\"EntryPoint\",\"urlTemplate\":\"https:\/\/koningdrone.be\/?s={search_term_string}\"},\"query-input\":{\"@type\":\"PropertyValueSpecification\",\"valueRequired\":true,\"valueName\":\"search_term_string\"}}],\"inLanguage\":\"es\"},{\"@type\":\"Organization\",\"@id\":\"https:\/\/koningdrone.be\/#organization\",\"name\":\"Koningdrone.be\",\"url\":\"https:\/\/koningdrone.be\/\",\"logo\":{\"@type\":\"ImageObject\",\"inLanguage\":\"es\",\"@id\":\"https:\/\/koningdrone.be\/#\/schema\/logo\/image\/\",\"url\":\"https:\/\/koningdrone.be\/wp-content\/uploads\/sites\/13\/2025\/04\/koningdrone-copyright-logo.svg\",\"contentUrl\":\"https:\/\/koningdrone.be\/wp-content\/uploads\/sites\/13\/2025\/04\/koningdrone-copyright-logo.svg\",\"width\":227,\"height\":38,\"caption\":\"Koningdrone.be\"},\"image\":{\"@id\":\"https:\/\/koningdrone.be\/#\/schema\/logo\/image\/\"}}]}<\/script>\n<!-- \/ Yoast SEO Premium plugin. -->","yoast_head_json":{"title":"Share Slam S100 16 - koningdrone.be","robots":{"index":"index","follow":"follow","max-snippet":"max-snippet:-1","max-image-preview":"max-image-preview:large","max-video-preview":"max-video-preview:-1"},"canonical":"https:\/\/koningdrone.be\/es\/producto\/share-slam-s100-16\/","og_locale":"es_ES","og_type":"article","og_title":"Share Slam S100 16","og_description":"Handheld LiDAR scanner voor professionele 3D-mapping  Tot 640.000 punten per seconde voor extreem gedetailleerde data  Bereik tot 300 meter (Pro versie) voor grootschalige scans  RTK &amp; PPK ondersteuning voor centimeter-nauwkeurigheid  Tot 3 uur batterijduur met hot-swappable batterijen","og_url":"https:\/\/koningdrone.be\/es\/producto\/share-slam-s100-16\/","og_site_name":"koningdrone.be","article_modified_time":"2026-04-10T13:56:56+00:00","og_image":[{"width":1000,"height":1000,"url":"https:\/\/koningdrone.be\/wp-content\/uploads\/sites\/13\/2026\/04\/Share-Slam-S100-16-32-32pro-1.jpg","type":"image\/jpeg"}],"twitter_card":"summary_large_image","twitter_misc":{"Tiempo de lectura":"3 minutos"},"schema":{"@context":"https:\/\/schema.org","@graph":[{"@type":"WebPage","@id":"https:\/\/koningdrone.be\/product\/share-slam-s100-16\/","url":"https:\/\/koningdrone.be\/product\/share-slam-s100-16\/","name":"Share Slam S100 16 - koningdrone.be","isPartOf":{"@id":"https:\/\/koningdrone.be\/#website"},"primaryImageOfPage":{"@id":"https:\/\/koningdrone.be\/product\/share-slam-s100-16\/#primaryimage"},"image":{"@id":"https:\/\/koningdrone.be\/product\/share-slam-s100-16\/#primaryimage"},"thumbnailUrl":"https:\/\/koningdrone.be\/wp-content\/uploads\/sites\/13\/2026\/04\/Share-Slam-S100-16-32-32pro-1.jpg","datePublished":"2026-03-30T13:44:21+00:00","dateModified":"2026-04-10T13:56:56+00:00","breadcrumb":{"@id":"https:\/\/koningdrone.be\/product\/share-slam-s100-16\/#breadcrumb"},"inLanguage":"es","potentialAction":[{"@type":"ReadAction","target":["https:\/\/koningdrone.be\/product\/share-slam-s100-16\/"]}]},{"@type":"ImageObject","inLanguage":"es","@id":"https:\/\/koningdrone.be\/product\/share-slam-s100-16\/#primaryimage","url":"https:\/\/koningdrone.be\/wp-content\/uploads\/sites\/13\/2026\/04\/Share-Slam-S100-16-32-32pro-1.jpg","contentUrl":"https:\/\/koningdrone.be\/wp-content\/uploads\/sites\/13\/2026\/04\/Share-Slam-S100-16-32-32pro-1.jpg","width":1000,"height":1000},{"@type":"BreadcrumbList","@id":"https:\/\/koningdrone.be\/product\/share-slam-s100-16\/#breadcrumb","itemListElement":[{"@type":"ListItem","position":1,"name":"Home","item":"https:\/\/koningdrone.be\/"},{"@type":"ListItem","position":2,"name":"AVSS Parachute Recovery System for DJI Matrice 300\/350","item":"https:\/\/koningdrone.be\/product\/avss-parachute-recovery-system-for-dji-matrice-300-350\/"},{"@type":"ListItem","position":3,"name":"Share Slam S100","item":"https:\/\/koningdrone.be\/categorie\/share-slam-s100\/"},{"@type":"ListItem","position":4,"name":"Share Slam S100 16"}]},{"@type":"WebSite","@id":"https:\/\/koningdrone.be\/#website","url":"https:\/\/koningdrone.be\/","name":"Koningdrone.be - Su especialista en l\u00ednea en drones, cardanes, c\u00e1maras y centrales el\u00e9ctricas.","description":"La tienda virtual de drones y cardanes","publisher":{"@id":"https:\/\/koningdrone.be\/#organization"},"potentialAction":[{"@type":"SearchAction","target":{"@type":"EntryPoint","urlTemplate":"https:\/\/koningdrone.be\/?s={search_term_string}"},"query-input":{"@type":"PropertyValueSpecification","valueRequired":true,"valueName":"search_term_string"}}],"inLanguage":"es"},{"@type":"Organization","@id":"https:\/\/koningdrone.be\/#organization","name":"Kingdrone.es","url":"https:\/\/koningdrone.be\/","logo":{"@type":"ImageObject","inLanguage":"es","@id":"https:\/\/koningdrone.be\/#\/schema\/logo\/image\/","url":"https:\/\/koningdrone.be\/wp-content\/uploads\/sites\/13\/2025\/04\/koningdrone-copyright-logo.svg","contentUrl":"https:\/\/koningdrone.be\/wp-content\/uploads\/sites\/13\/2025\/04\/koningdrone-copyright-logo.svg","width":227,"height":38,"caption":"Koningdrone.be"},"image":{"@id":"https:\/\/koningdrone.be\/#\/schema\/logo\/image\/"}}]}},"df_price":8226,"df_sale_price":"","df_regular_price":8226,"df_image_link":"https:\/\/koningdrone.be\/wp-content\/uploads\/sites\/13\/2026\/04\/Share-Slam-S100-16-32-32pro-1-300x300.jpg","_links":{"self":[{"href":"https:\/\/koningdrone.be\/es\/wp-json\/wp\/v2\/product\/17922","targetHints":{"allow":["GET"]}}],"collection":[{"href":"https:\/\/koningdrone.be\/es\/wp-json\/wp\/v2\/product"}],"about":[{"href":"https:\/\/koningdrone.be\/es\/wp-json\/wp\/v2\/types\/product"}],"wp:featuredmedia":[{"embeddable":true,"href":"https:\/\/koningdrone.be\/es\/wp-json\/wp\/v2\/media\/18410"}],"wp:attachment":[{"href":"https:\/\/koningdrone.be\/es\/wp-json\/wp\/v2\/media?parent=17922"}],"wp:term":[{"taxonomy":"product_brand","embeddable":true,"href":"https:\/\/koningdrone.be\/es\/wp-json\/wp\/v2\/product_brand?post=17922"},{"taxonomy":"product_cat","embeddable":true,"href":"https:\/\/koningdrone.be\/es\/wp-json\/wp\/v2\/product_cat?post=17922"},{"taxonomy":"product_tag","embeddable":true,"href":"https:\/\/koningdrone.be\/es\/wp-json\/wp\/v2\/product_tag?post=17922"}],"curies":[{"name":"wp","href":"https:\/\/api.w.org\/{rel}","templated":true}]}}