{"id":1788,"date":"2024-11-05T10:27:03","date_gmt":"2024-11-05T09:27:03","guid":{"rendered":"https:\/\/koningdrone.nl\/kon\/product\/ecoflow-river-3-plus-smart-extra-battery-eb300-286wh\/"},"modified":"2026-04-29T04:20:11","modified_gmt":"2026-04-29T02:20:11","slug":"ecoflow-river-3-plus-smart-extra-battery-eb300-286wh","status":"publish","type":"product","link":"https:\/\/koningdrone.be\/es\/producto\/ecoflow-river-3-plus-smart-extra-battery-eb300-286wh\/","title":{"rendered":"EcoFlow RIVER 3 Plus Smart Bater\u00eda Extra EB300 (286Wh)"},"content":{"rendered":"<p>La Bater\u00eda Extra Inteligente EB300 (286Wh) de RIVER 3 Plus es una soluci\u00f3n de alimentaci\u00f3n compacta y port\u00e1til dise\u00f1ada para ampliar la vida \u00fatil de la bater\u00eda de su central el\u00e9ctrica EcoFlow RIVER 3 Plus. Se conecta f\u00e1cilmente a la unidad principal y proporciona una capacidad extra para una mayor duraci\u00f3n sobre la marcha. Con su tecnolog\u00eda inteligente, se carga r\u00e1pidamente y se integra a la perfecci\u00f3n, garantizando una energ\u00eda de reserva fiable para aventuras al aire libre, emergencias o uso fuera de la red.<\/p>","protected":false},"excerpt":{"rendered":"<ul>\n<li>Prolonga el tiempo de funcionamiento de la unidad central RIVER 3 Plus.<\/li>\n<li>Compacta y port\u00e1til para facilitar su transporte.<\/li>\n<li>Se integra perfectamente con la unidad principal para ofrecer capacidad adicional.<\/li>\n<li>Ideal para usar al aire libre, en emergencias y cuando no se necesita energ\u00eda.<\/li>\n<li>Carga r\u00e1pida y eficiente para una alimentaci\u00f3n de reserva fiable.<\/li>\n<\/ul>","protected":false},"featured_media":1785,"template":"","meta":{"_acf_changed":false},"product_brand":[],"product_cat":[97,245,276],"product_tag":[],"class_list":{"0":"post-1788","1":"product","2":"type-product","3":"status-publish","4":"has-post-thumbnail","6":"product_cat-alle-producten","7":"product_cat-ecoflow","8":"product_cat-ecoflow-powerstations","9":"product_shipping_class-ingramall","10":"pa_productfamily-river","11":"pa_producttype-batterij","13":"first","14":"instock","15":"taxable","16":"shipping-taxable","17":"purchasable","18":"product-type-simple"},"acf":[],"yoast_head":"<!-- This site is optimized with the Yoast SEO Premium plugin v27.2 (Yoast SEO v27.2) - https:\/\/yoast.com\/product\/yoast-seo-premium-wordpress\/ -->\n<title>EcoFlow RIVER 3 Plus Smart Extra Battery EB300 (286Wh) - koningdrone.be<\/title>\n<meta name=\"robots\" content=\"index, follow, max-snippet:-1, max-image-preview:large, max-video-preview:-1\" \/>\n<link rel=\"canonical\" href=\"https:\/\/koningdrone.be\/es\/producto\/ecoflow-river-3-plus-smart-extra-battery-eb300-286wh\/\" \/>\n<meta property=\"og:locale\" content=\"es_ES\" \/>\n<meta property=\"og:type\" content=\"article\" \/>\n<meta property=\"og:title\" content=\"EcoFlow RIVER 3 Plus Smart Extra Battery EB300 (286Wh)\" \/>\n<meta property=\"og:description\" content=\"Verlengt de gebruikstijd van de RIVER 3 Plus centrale.Compact en draagbaar voor eenvoudig transport.Integreert naadloos met de hoofdeenheid voor extra capaciteit.Ideaal voor gebruik buitenshuis, in noodgevallen en als je geen stroom nodig hebt.Snel en effici\u00ebnt opladen voor betrouwbare back-upstroom.\" \/>\n<meta property=\"og:url\" content=\"https:\/\/koningdrone.be\/es\/producto\/ecoflow-river-3-plus-smart-extra-battery-eb300-286wh\/\" \/>\n<meta property=\"og:site_name\" content=\"koningdrone.be\" \/>\n<meta property=\"article:modified_time\" content=\"2026-04-29T02:20:11+00:00\" \/>\n<meta property=\"og:image\" content=\"https:\/\/koningdrone.be\/wp-content\/uploads\/sites\/13\/2025\/04\/riverEB1_3x_801fa1d5-6420-49ea-8e49-7bb5937b3c84_2000x.png\" \/>\n\t<meta property=\"og:image:width\" content=\"2000\" \/>\n\t<meta property=\"og:image:height\" content=\"2000\" \/>\n\t<meta property=\"og:image:type\" content=\"image\/png\" \/>\n<meta name=\"twitter:card\" content=\"summary_large_image\" \/>\n<script type=\"application\/ld+json\" class=\"yoast-schema-graph\">{\"@context\":\"https:\/\/schema.org\",\"@graph\":[{\"@type\":\"WebPage\",\"@id\":\"https:\/\/koningdrone.be\/product\/ecoflow-river-3-plus-smart-extra-battery-eb300-286wh\/\",\"url\":\"https:\/\/koningdrone.be\/product\/ecoflow-river-3-plus-smart-extra-battery-eb300-286wh\/\",\"name\":\"EcoFlow RIVER 3 Plus Smart Extra Battery EB300 (286Wh) - koningdrone.be\",\"isPartOf\":{\"@id\":\"https:\/\/koningdrone.be\/#website\"},\"primaryImageOfPage\":{\"@id\":\"https:\/\/koningdrone.be\/product\/ecoflow-river-3-plus-smart-extra-battery-eb300-286wh\/#primaryimage\"},\"image\":{\"@id\":\"https:\/\/koningdrone.be\/product\/ecoflow-river-3-plus-smart-extra-battery-eb300-286wh\/#primaryimage\"},\"thumbnailUrl\":\"https:\/\/koningdrone.be\/wp-content\/uploads\/sites\/13\/2025\/04\/riverEB1_3x_801fa1d5-6420-49ea-8e49-7bb5937b3c84_2000x.png\",\"datePublished\":\"2024-11-05T09:27:03+00:00\",\"dateModified\":\"2026-04-29T02:20:11+00:00\",\"breadcrumb\":{\"@id\":\"https:\/\/koningdrone.be\/product\/ecoflow-river-3-plus-smart-extra-battery-eb300-286wh\/#breadcrumb\"},\"inLanguage\":\"es\",\"potentialAction\":[{\"@type\":\"ReadAction\",\"target\":[\"https:\/\/koningdrone.be\/product\/ecoflow-river-3-plus-smart-extra-battery-eb300-286wh\/\"]}]},{\"@type\":\"ImageObject\",\"inLanguage\":\"es\",\"@id\":\"https:\/\/koningdrone.be\/product\/ecoflow-river-3-plus-smart-extra-battery-eb300-286wh\/#primaryimage\",\"url\":\"https:\/\/koningdrone.be\/wp-content\/uploads\/sites\/13\/2025\/04\/riverEB1_3x_801fa1d5-6420-49ea-8e49-7bb5937b3c84_2000x.png\",\"contentUrl\":\"https:\/\/koningdrone.be\/wp-content\/uploads\/sites\/13\/2025\/04\/riverEB1_3x_801fa1d5-6420-49ea-8e49-7bb5937b3c84_2000x.png\",\"width\":2000,\"height\":2000},{\"@type\":\"BreadcrumbList\",\"@id\":\"https:\/\/koningdrone.be\/product\/ecoflow-river-3-plus-smart-extra-battery-eb300-286wh\/#breadcrumb\",\"itemListElement\":[{\"@type\":\"ListItem\",\"position\":1,\"name\":\"Home\",\"item\":\"https:\/\/koningdrone.be\/\"},{\"@type\":\"ListItem\",\"position\":2,\"name\":\"AVSS Parachute Recovery System for DJI Matrice 300\/350\",\"item\":\"https:\/\/koningdrone.be\/product\/avss-parachute-recovery-system-for-dji-matrice-300-350\/\"},{\"@type\":\"ListItem\",\"position\":3,\"name\":\"Alle producten\",\"item\":\"https:\/\/koningdrone.be\/categorie\/alle-producten\/\"},{\"@type\":\"ListItem\",\"position\":4,\"name\":\"EcoFlow RIVER 3 Plus Smart Extra Battery EB300 (286Wh)\"}]},{\"@type\":\"WebSite\",\"@id\":\"https:\/\/koningdrone.be\/#website\",\"url\":\"https:\/\/koningdrone.be\/\",\"name\":\"Koningdrone.be - Uw online specialist in drones, gimbals, camera's en power stations.\",\"description\":\"De webshop in drones en gimbals\",\"publisher\":{\"@id\":\"https:\/\/koningdrone.be\/#organization\"},\"potentialAction\":[{\"@type\":\"SearchAction\",\"target\":{\"@type\":\"EntryPoint\",\"urlTemplate\":\"https:\/\/koningdrone.be\/?s={search_term_string}\"},\"query-input\":{\"@type\":\"PropertyValueSpecification\",\"valueRequired\":true,\"valueName\":\"search_term_string\"}}],\"inLanguage\":\"es\"},{\"@type\":\"Organization\",\"@id\":\"https:\/\/koningdrone.be\/#organization\",\"name\":\"Koningdrone.be\",\"url\":\"https:\/\/koningdrone.be\/\",\"logo\":{\"@type\":\"ImageObject\",\"inLanguage\":\"es\",\"@id\":\"https:\/\/koningdrone.be\/#\/schema\/logo\/image\/\",\"url\":\"https:\/\/koningdrone.be\/wp-content\/uploads\/sites\/13\/2025\/04\/koningdrone-copyright-logo.svg\",\"contentUrl\":\"https:\/\/koningdrone.be\/wp-content\/uploads\/sites\/13\/2025\/04\/koningdrone-copyright-logo.svg\",\"width\":227,\"height\":38,\"caption\":\"Koningdrone.be\"},\"image\":{\"@id\":\"https:\/\/koningdrone.be\/#\/schema\/logo\/image\/\"}}]}<\/script>\n<!-- \/ Yoast SEO Premium plugin. -->","yoast_head_json":{"title":"EcoFlow RIVER 3 Plus Smart Extra Battery EB300 (286Wh) - koningdrone.be","robots":{"index":"index","follow":"follow","max-snippet":"max-snippet:-1","max-image-preview":"max-image-preview:large","max-video-preview":"max-video-preview:-1"},"canonical":"https:\/\/koningdrone.be\/es\/producto\/ecoflow-river-3-plus-smart-extra-battery-eb300-286wh\/","og_locale":"es_ES","og_type":"article","og_title":"EcoFlow RIVER 3 Plus Smart Extra Battery EB300 (286Wh)","og_description":"Verlengt de gebruikstijd van de RIVER 3 Plus centrale.Compact en draagbaar voor eenvoudig transport.Integreert naadloos met de hoofdeenheid voor extra capaciteit.Ideaal voor gebruik buitenshuis, in noodgevallen en als je geen stroom nodig hebt.Snel en effici\u00ebnt opladen voor betrouwbare back-upstroom.","og_url":"https:\/\/koningdrone.be\/es\/producto\/ecoflow-river-3-plus-smart-extra-battery-eb300-286wh\/","og_site_name":"koningdrone.be","article_modified_time":"2026-04-29T02:20:11+00:00","og_image":[{"width":2000,"height":2000,"url":"https:\/\/koningdrone.be\/wp-content\/uploads\/sites\/13\/2025\/04\/riverEB1_3x_801fa1d5-6420-49ea-8e49-7bb5937b3c84_2000x.png","type":"image\/png"}],"twitter_card":"summary_large_image","schema":{"@context":"https:\/\/schema.org","@graph":[{"@type":"WebPage","@id":"https:\/\/koningdrone.be\/product\/ecoflow-river-3-plus-smart-extra-battery-eb300-286wh\/","url":"https:\/\/koningdrone.be\/product\/ecoflow-river-3-plus-smart-extra-battery-eb300-286wh\/","name":"EcoFlow RIVER 3 Plus Smart Extra Battery EB300 (286Wh) - koningdrone.be","isPartOf":{"@id":"https:\/\/koningdrone.be\/#website"},"primaryImageOfPage":{"@id":"https:\/\/koningdrone.be\/product\/ecoflow-river-3-plus-smart-extra-battery-eb300-286wh\/#primaryimage"},"image":{"@id":"https:\/\/koningdrone.be\/product\/ecoflow-river-3-plus-smart-extra-battery-eb300-286wh\/#primaryimage"},"thumbnailUrl":"https:\/\/koningdrone.be\/wp-content\/uploads\/sites\/13\/2025\/04\/riverEB1_3x_801fa1d5-6420-49ea-8e49-7bb5937b3c84_2000x.png","datePublished":"2024-11-05T09:27:03+00:00","dateModified":"2026-04-29T02:20:11+00:00","breadcrumb":{"@id":"https:\/\/koningdrone.be\/product\/ecoflow-river-3-plus-smart-extra-battery-eb300-286wh\/#breadcrumb"},"inLanguage":"es","potentialAction":[{"@type":"ReadAction","target":["https:\/\/koningdrone.be\/product\/ecoflow-river-3-plus-smart-extra-battery-eb300-286wh\/"]}]},{"@type":"ImageObject","inLanguage":"es","@id":"https:\/\/koningdrone.be\/product\/ecoflow-river-3-plus-smart-extra-battery-eb300-286wh\/#primaryimage","url":"https:\/\/koningdrone.be\/wp-content\/uploads\/sites\/13\/2025\/04\/riverEB1_3x_801fa1d5-6420-49ea-8e49-7bb5937b3c84_2000x.png","contentUrl":"https:\/\/koningdrone.be\/wp-content\/uploads\/sites\/13\/2025\/04\/riverEB1_3x_801fa1d5-6420-49ea-8e49-7bb5937b3c84_2000x.png","width":2000,"height":2000},{"@type":"BreadcrumbList","@id":"https:\/\/koningdrone.be\/product\/ecoflow-river-3-plus-smart-extra-battery-eb300-286wh\/#breadcrumb","itemListElement":[{"@type":"ListItem","position":1,"name":"Home","item":"https:\/\/koningdrone.be\/"},{"@type":"ListItem","position":2,"name":"AVSS Parachute Recovery System for DJI Matrice 300\/350","item":"https:\/\/koningdrone.be\/product\/avss-parachute-recovery-system-for-dji-matrice-300-350\/"},{"@type":"ListItem","position":3,"name":"Alle producten","item":"https:\/\/koningdrone.be\/categorie\/alle-producten\/"},{"@type":"ListItem","position":4,"name":"EcoFlow RIVER 3 Plus Smart Extra Battery EB300 (286Wh)"}]},{"@type":"WebSite","@id":"https:\/\/koningdrone.be\/#website","url":"https:\/\/koningdrone.be\/","name":"Koningdrone.be - Su especialista en l\u00ednea en drones, cardanes, c\u00e1maras y centrales el\u00e9ctricas.","description":"La tienda virtual de drones y cardanes","publisher":{"@id":"https:\/\/koningdrone.be\/#organization"},"potentialAction":[{"@type":"SearchAction","target":{"@type":"EntryPoint","urlTemplate":"https:\/\/koningdrone.be\/?s={search_term_string}"},"query-input":{"@type":"PropertyValueSpecification","valueRequired":true,"valueName":"search_term_string"}}],"inLanguage":"es"},{"@type":"Organization","@id":"https:\/\/koningdrone.be\/#organization","name":"Kingdrone.es","url":"https:\/\/koningdrone.be\/","logo":{"@type":"ImageObject","inLanguage":"es","@id":"https:\/\/koningdrone.be\/#\/schema\/logo\/image\/","url":"https:\/\/koningdrone.be\/wp-content\/uploads\/sites\/13\/2025\/04\/koningdrone-copyright-logo.svg","contentUrl":"https:\/\/koningdrone.be\/wp-content\/uploads\/sites\/13\/2025\/04\/koningdrone-copyright-logo.svg","width":227,"height":38,"caption":"Koningdrone.be"},"image":{"@id":"https:\/\/koningdrone.be\/#\/schema\/logo\/image\/"}}]}},"df_price":249,"df_sale_price":"","df_regular_price":249,"df_image_link":"https:\/\/koningdrone.be\/wp-content\/uploads\/sites\/13\/2025\/04\/riverEB1_3x_801fa1d5-6420-49ea-8e49-7bb5937b3c84_2000x-300x300.png","_links":{"self":[{"href":"https:\/\/koningdrone.be\/es\/wp-json\/wp\/v2\/product\/1788","targetHints":{"allow":["GET"]}}],"collection":[{"href":"https:\/\/koningdrone.be\/es\/wp-json\/wp\/v2\/product"}],"about":[{"href":"https:\/\/koningdrone.be\/es\/wp-json\/wp\/v2\/types\/product"}],"wp:featuredmedia":[{"embeddable":true,"href":"https:\/\/koningdrone.be\/es\/wp-json\/wp\/v2\/media\/1785"}],"wp:attachment":[{"href":"https:\/\/koningdrone.be\/es\/wp-json\/wp\/v2\/media?parent=1788"}],"wp:term":[{"taxonomy":"product_brand","embeddable":true,"href":"https:\/\/koningdrone.be\/es\/wp-json\/wp\/v2\/product_brand?post=1788"},{"taxonomy":"product_cat","embeddable":true,"href":"https:\/\/koningdrone.be\/es\/wp-json\/wp\/v2\/product_cat?post=1788"},{"taxonomy":"product_tag","embeddable":true,"href":"https:\/\/koningdrone.be\/es\/wp-json\/wp\/v2\/product_tag?post=1788"}],"curies":[{"name":"wp","href":"https:\/\/api.w.org\/{rel}","templated":true}]}}