{"id":1780,"date":"2024-11-05T10:28:03","date_gmt":"2024-11-05T09:28:03","guid":{"rendered":"https:\/\/koningdrone.nl\/kon\/product\/ecoflow-2-x-400w-rigid-solar-panel-combo-2\/"},"modified":"2026-04-29T14:10:43","modified_gmt":"2026-04-29T12:10:43","slug":"ecoflow-2-x-400w-rigid-solar-panel-combo-2","status":"publish","type":"product","link":"https:\/\/koningdrone.be\/es\/producto\/ecoflow-2-x-400w-rigid-solar-panel-combo-2\/","title":{"rendered":"EcoFlow 2 x 400W Panel Solar R\u00edgido Combo"},"content":{"rendered":"<p>El EcoFlow 2 x 400W Panel Solar R\u00edgido Combo es una soluci\u00f3n de energ\u00eda solar altamente eficiente y sostenible dise\u00f1ado para fuera de la red y los sistemas de energ\u00eda en el hogar. Con una potencia total de 800 W, estos paneles r\u00edgidos est\u00e1n dise\u00f1ados para soportar condiciones clim\u00e1ticas adversas y proporcionar una generaci\u00f3n de energ\u00eda fiable. Ideal para su uso con plantas de energ\u00eda EcoFlow, el combo ofrece una forma ecol\u00f3gica de utilizar la energ\u00eda solar, perfecto para acampar, RVing o como una copia de seguridad en casa. F\u00e1cil de instalar e integrar en su instalaci\u00f3n existente, este combo proporciona energ\u00eda renovable con un mantenimiento m\u00ednimo.<\/p>","protected":false},"excerpt":{"rendered":"<ul>\n<li>Paneles solares monocristalinos de alta eficiencia para un m\u00e1ximo rendimiento energ\u00e9tico.<\/li>\n<li>Construido para resistir condiciones clim\u00e1ticas extremas para una durabilidad a largo plazo.<\/li>\n<li>Ideal para viviendas sin conexi\u00f3n a la red el\u00e9ctrica, autocaravanas y en casa como reserva.<\/li>\n<li>F\u00e1cil integraci\u00f3n con las centrales el\u00e9ctricas EcoFlow para un almacenamiento de energ\u00eda sin fisuras.<\/li>\n<li>Dise\u00f1ada para la generaci\u00f3n de energ\u00eda ecol\u00f3gica y sostenible con un mantenimiento m\u00ednimo.<\/li>\n<\/ul>","protected":false},"featured_media":1772,"template":"","meta":{"_acf_changed":false},"product_brand":[],"product_cat":[268,97,245,198],"product_tag":[],"class_list":{"0":"post-1780","1":"product","2":"type-product","3":"status-publish","4":"has-post-thumbnail","6":"product_cat-alle-accessoires","7":"product_cat-alle-producten","8":"product_cat-ecoflow","9":"product_cat-zonnepanelen","10":"product_shipping_class-outofstock","11":"pa_productfamily-delta","12":"pa_producttype-zonnepaneel","14":"first","15":"outofstock","16":"taxable","17":"shipping-taxable","18":"product-type-simple"},"acf":[],"yoast_head":"<!-- This site is optimized with the Yoast SEO Premium plugin v27.2 (Yoast SEO v27.2) - https:\/\/yoast.com\/product\/yoast-seo-premium-wordpress\/ -->\n<title>EcoFlow 2 x 400W Rigid Solar Panel Combo - koningdrone.be<\/title>\n<meta name=\"robots\" content=\"index, follow, max-snippet:-1, max-image-preview:large, max-video-preview:-1\" \/>\n<link rel=\"canonical\" href=\"https:\/\/koningdrone.be\/es\/producto\/ecoflow-2-x-400w-rigid-solar-panel-combo-2\/\" \/>\n<meta property=\"og:locale\" content=\"es_ES\" \/>\n<meta property=\"og:type\" content=\"article\" \/>\n<meta property=\"og:title\" content=\"EcoFlow 2 x 400W Rigid Solar Panel Combo\" \/>\n<meta property=\"og:description\" content=\"Zeer effici\u00ebnte monokristallijne zonnepanelen voor maximale energieopbrengst.Gebouwd om extreme weersomstandigheden te weerstaan voor langdurige duurzaamheid.Ideaal voor niet aan het elektriciteitsnet gekoppelde woningen, campers en thuis als back-up.Eenvoudige integratie met EcoFlow energiecentrales voor naadloze energieopslag.Ontworpen voor milieuvriendelijke, duurzame energieopwekking met minimaal onderhoud.\" \/>\n<meta property=\"og:url\" content=\"https:\/\/koningdrone.be\/es\/producto\/ecoflow-2-x-400w-rigid-solar-panel-combo-2\/\" \/>\n<meta property=\"og:site_name\" content=\"koningdrone.be\" \/>\n<meta property=\"article:modified_time\" content=\"2026-04-29T12:10:43+00:00\" \/>\n<meta property=\"og:image\" content=\"https:\/\/koningdrone.be\/wp-content\/uploads\/sites\/13\/2025\/04\/ecoflow-400w-rigid-solar-panel-42663959003300_2000x.png\" \/>\n\t<meta property=\"og:image:width\" content=\"2000\" \/>\n\t<meta property=\"og:image:height\" content=\"2000\" \/>\n\t<meta property=\"og:image:type\" content=\"image\/png\" \/>\n<meta name=\"twitter:card\" content=\"summary_large_image\" \/>\n<script type=\"application\/ld+json\" class=\"yoast-schema-graph\">{\"@context\":\"https:\/\/schema.org\",\"@graph\":[{\"@type\":\"WebPage\",\"@id\":\"https:\/\/koningdrone.be\/product\/ecoflow-2-x-400w-rigid-solar-panel-combo-2\/\",\"url\":\"https:\/\/koningdrone.be\/product\/ecoflow-2-x-400w-rigid-solar-panel-combo-2\/\",\"name\":\"EcoFlow 2 x 400W Rigid Solar Panel Combo - koningdrone.be\",\"isPartOf\":{\"@id\":\"https:\/\/koningdrone.be\/#website\"},\"primaryImageOfPage\":{\"@id\":\"https:\/\/koningdrone.be\/product\/ecoflow-2-x-400w-rigid-solar-panel-combo-2\/#primaryimage\"},\"image\":{\"@id\":\"https:\/\/koningdrone.be\/product\/ecoflow-2-x-400w-rigid-solar-panel-combo-2\/#primaryimage\"},\"thumbnailUrl\":\"https:\/\/koningdrone.be\/wp-content\/uploads\/sites\/13\/2025\/04\/ecoflow-400w-rigid-solar-panel-42663959003300_2000x.png\",\"datePublished\":\"2024-11-05T09:28:03+00:00\",\"dateModified\":\"2026-04-29T12:10:43+00:00\",\"breadcrumb\":{\"@id\":\"https:\/\/koningdrone.be\/product\/ecoflow-2-x-400w-rigid-solar-panel-combo-2\/#breadcrumb\"},\"inLanguage\":\"es\",\"potentialAction\":[{\"@type\":\"ReadAction\",\"target\":[\"https:\/\/koningdrone.be\/product\/ecoflow-2-x-400w-rigid-solar-panel-combo-2\/\"]}]},{\"@type\":\"ImageObject\",\"inLanguage\":\"es\",\"@id\":\"https:\/\/koningdrone.be\/product\/ecoflow-2-x-400w-rigid-solar-panel-combo-2\/#primaryimage\",\"url\":\"https:\/\/koningdrone.be\/wp-content\/uploads\/sites\/13\/2025\/04\/ecoflow-400w-rigid-solar-panel-42663959003300_2000x.png\",\"contentUrl\":\"https:\/\/koningdrone.be\/wp-content\/uploads\/sites\/13\/2025\/04\/ecoflow-400w-rigid-solar-panel-42663959003300_2000x.png\",\"width\":2000,\"height\":2000},{\"@type\":\"BreadcrumbList\",\"@id\":\"https:\/\/koningdrone.be\/product\/ecoflow-2-x-400w-rigid-solar-panel-combo-2\/#breadcrumb\",\"itemListElement\":[{\"@type\":\"ListItem\",\"position\":1,\"name\":\"Home\",\"item\":\"https:\/\/koningdrone.be\/\"},{\"@type\":\"ListItem\",\"position\":2,\"name\":\"AVSS Parachute Recovery System for DJI Matrice 300\/350\",\"item\":\"https:\/\/koningdrone.be\/product\/avss-parachute-recovery-system-for-dji-matrice-300-350\/\"},{\"@type\":\"ListItem\",\"position\":3,\"name\":\"Alle accessoires\",\"item\":\"https:\/\/koningdrone.be\/categorie\/alle-accessoires\/\"},{\"@type\":\"ListItem\",\"position\":4,\"name\":\"EcoFlow 2 x 400W Rigid Solar Panel Combo\"}]},{\"@type\":\"WebSite\",\"@id\":\"https:\/\/koningdrone.be\/#website\",\"url\":\"https:\/\/koningdrone.be\/\",\"name\":\"Koningdrone.be - Uw online specialist in drones, gimbals, camera's en power stations.\",\"description\":\"De webshop in drones en gimbals\",\"publisher\":{\"@id\":\"https:\/\/koningdrone.be\/#organization\"},\"potentialAction\":[{\"@type\":\"SearchAction\",\"target\":{\"@type\":\"EntryPoint\",\"urlTemplate\":\"https:\/\/koningdrone.be\/?s={search_term_string}\"},\"query-input\":{\"@type\":\"PropertyValueSpecification\",\"valueRequired\":true,\"valueName\":\"search_term_string\"}}],\"inLanguage\":\"es\"},{\"@type\":\"Organization\",\"@id\":\"https:\/\/koningdrone.be\/#organization\",\"name\":\"Koningdrone.be\",\"url\":\"https:\/\/koningdrone.be\/\",\"logo\":{\"@type\":\"ImageObject\",\"inLanguage\":\"es\",\"@id\":\"https:\/\/koningdrone.be\/#\/schema\/logo\/image\/\",\"url\":\"https:\/\/koningdrone.be\/wp-content\/uploads\/sites\/13\/2025\/04\/koningdrone-copyright-logo.svg\",\"contentUrl\":\"https:\/\/koningdrone.be\/wp-content\/uploads\/sites\/13\/2025\/04\/koningdrone-copyright-logo.svg\",\"width\":227,\"height\":38,\"caption\":\"Koningdrone.be\"},\"image\":{\"@id\":\"https:\/\/koningdrone.be\/#\/schema\/logo\/image\/\"}}]}<\/script>\n<!-- \/ Yoast SEO Premium plugin. -->","yoast_head_json":{"title":"EcoFlow 2 x 400W Rigid Solar Panel Combo - koningdrone.be","robots":{"index":"index","follow":"follow","max-snippet":"max-snippet:-1","max-image-preview":"max-image-preview:large","max-video-preview":"max-video-preview:-1"},"canonical":"https:\/\/koningdrone.be\/es\/producto\/ecoflow-2-x-400w-rigid-solar-panel-combo-2\/","og_locale":"es_ES","og_type":"article","og_title":"EcoFlow 2 x 400W Rigid Solar Panel Combo","og_description":"Zeer effici\u00ebnte monokristallijne zonnepanelen voor maximale energieopbrengst.Gebouwd om extreme weersomstandigheden te weerstaan voor langdurige duurzaamheid.Ideaal voor niet aan het elektriciteitsnet gekoppelde woningen, campers en thuis als back-up.Eenvoudige integratie met EcoFlow energiecentrales voor naadloze energieopslag.Ontworpen voor milieuvriendelijke, duurzame energieopwekking met minimaal onderhoud.","og_url":"https:\/\/koningdrone.be\/es\/producto\/ecoflow-2-x-400w-rigid-solar-panel-combo-2\/","og_site_name":"koningdrone.be","article_modified_time":"2026-04-29T12:10:43+00:00","og_image":[{"width":2000,"height":2000,"url":"https:\/\/koningdrone.be\/wp-content\/uploads\/sites\/13\/2025\/04\/ecoflow-400w-rigid-solar-panel-42663959003300_2000x.png","type":"image\/png"}],"twitter_card":"summary_large_image","schema":{"@context":"https:\/\/schema.org","@graph":[{"@type":"WebPage","@id":"https:\/\/koningdrone.be\/product\/ecoflow-2-x-400w-rigid-solar-panel-combo-2\/","url":"https:\/\/koningdrone.be\/product\/ecoflow-2-x-400w-rigid-solar-panel-combo-2\/","name":"EcoFlow 2 x 400W Rigid Solar Panel Combo - koningdrone.be","isPartOf":{"@id":"https:\/\/koningdrone.be\/#website"},"primaryImageOfPage":{"@id":"https:\/\/koningdrone.be\/product\/ecoflow-2-x-400w-rigid-solar-panel-combo-2\/#primaryimage"},"image":{"@id":"https:\/\/koningdrone.be\/product\/ecoflow-2-x-400w-rigid-solar-panel-combo-2\/#primaryimage"},"thumbnailUrl":"https:\/\/koningdrone.be\/wp-content\/uploads\/sites\/13\/2025\/04\/ecoflow-400w-rigid-solar-panel-42663959003300_2000x.png","datePublished":"2024-11-05T09:28:03+00:00","dateModified":"2026-04-29T12:10:43+00:00","breadcrumb":{"@id":"https:\/\/koningdrone.be\/product\/ecoflow-2-x-400w-rigid-solar-panel-combo-2\/#breadcrumb"},"inLanguage":"es","potentialAction":[{"@type":"ReadAction","target":["https:\/\/koningdrone.be\/product\/ecoflow-2-x-400w-rigid-solar-panel-combo-2\/"]}]},{"@type":"ImageObject","inLanguage":"es","@id":"https:\/\/koningdrone.be\/product\/ecoflow-2-x-400w-rigid-solar-panel-combo-2\/#primaryimage","url":"https:\/\/koningdrone.be\/wp-content\/uploads\/sites\/13\/2025\/04\/ecoflow-400w-rigid-solar-panel-42663959003300_2000x.png","contentUrl":"https:\/\/koningdrone.be\/wp-content\/uploads\/sites\/13\/2025\/04\/ecoflow-400w-rigid-solar-panel-42663959003300_2000x.png","width":2000,"height":2000},{"@type":"BreadcrumbList","@id":"https:\/\/koningdrone.be\/product\/ecoflow-2-x-400w-rigid-solar-panel-combo-2\/#breadcrumb","itemListElement":[{"@type":"ListItem","position":1,"name":"Home","item":"https:\/\/koningdrone.be\/"},{"@type":"ListItem","position":2,"name":"AVSS Parachute Recovery System for DJI Matrice 300\/350","item":"https:\/\/koningdrone.be\/product\/avss-parachute-recovery-system-for-dji-matrice-300-350\/"},{"@type":"ListItem","position":3,"name":"Alle accessoires","item":"https:\/\/koningdrone.be\/categorie\/alle-accessoires\/"},{"@type":"ListItem","position":4,"name":"EcoFlow 2 x 400W Rigid Solar Panel Combo"}]},{"@type":"WebSite","@id":"https:\/\/koningdrone.be\/#website","url":"https:\/\/koningdrone.be\/","name":"Koningdrone.be - Su especialista en l\u00ednea en drones, cardanes, c\u00e1maras y centrales el\u00e9ctricas.","description":"La tienda virtual de drones y cardanes","publisher":{"@id":"https:\/\/koningdrone.be\/#organization"},"potentialAction":[{"@type":"SearchAction","target":{"@type":"EntryPoint","urlTemplate":"https:\/\/koningdrone.be\/?s={search_term_string}"},"query-input":{"@type":"PropertyValueSpecification","valueRequired":true,"valueName":"search_term_string"}}],"inLanguage":"es"},{"@type":"Organization","@id":"https:\/\/koningdrone.be\/#organization","name":"Kingdrone.es","url":"https:\/\/koningdrone.be\/","logo":{"@type":"ImageObject","inLanguage":"es","@id":"https:\/\/koningdrone.be\/#\/schema\/logo\/image\/","url":"https:\/\/koningdrone.be\/wp-content\/uploads\/sites\/13\/2025\/04\/koningdrone-copyright-logo.svg","contentUrl":"https:\/\/koningdrone.be\/wp-content\/uploads\/sites\/13\/2025\/04\/koningdrone-copyright-logo.svg","width":227,"height":38,"caption":"Koningdrone.be"},"image":{"@id":"https:\/\/koningdrone.be\/#\/schema\/logo\/image\/"}}]}},"df_price":"","df_sale_price":"","df_regular_price":"","df_image_link":"https:\/\/koningdrone.be\/wp-content\/uploads\/sites\/13\/2025\/04\/ecoflow-400w-rigid-solar-panel-42663959003300_2000x-300x300.png","_links":{"self":[{"href":"https:\/\/koningdrone.be\/es\/wp-json\/wp\/v2\/product\/1780","targetHints":{"allow":["GET"]}}],"collection":[{"href":"https:\/\/koningdrone.be\/es\/wp-json\/wp\/v2\/product"}],"about":[{"href":"https:\/\/koningdrone.be\/es\/wp-json\/wp\/v2\/types\/product"}],"wp:featuredmedia":[{"embeddable":true,"href":"https:\/\/koningdrone.be\/es\/wp-json\/wp\/v2\/media\/1772"}],"wp:attachment":[{"href":"https:\/\/koningdrone.be\/es\/wp-json\/wp\/v2\/media?parent=1780"}],"wp:term":[{"taxonomy":"product_brand","embeddable":true,"href":"https:\/\/koningdrone.be\/es\/wp-json\/wp\/v2\/product_brand?post=1780"},{"taxonomy":"product_cat","embeddable":true,"href":"https:\/\/koningdrone.be\/es\/wp-json\/wp\/v2\/product_cat?post=1780"},{"taxonomy":"product_tag","embeddable":true,"href":"https:\/\/koningdrone.be\/es\/wp-json\/wp\/v2\/product_tag?post=1780"}],"curies":[{"name":"wp","href":"https:\/\/api.w.org\/{rel}","templated":true}]}}