{"id":17731,"date":"2026-04-06T17:30:26","date_gmt":"2026-04-06T15:30:26","guid":{"rendered":"https:\/\/koningdrone.be\/?post_type=product&#038;p=17731"},"modified":"2026-04-29T03:50:16","modified_gmt":"2026-04-29T01:50:16","slug":"volarious-v-line-pro-tether-kit-power-cable-with-matrice-4-series-power-module","status":"publish","type":"product","link":"https:\/\/koningdrone.be\/es\/producto\/volarious-v-line-pro-tether-kit-power-cable-with-matrice-4-series-power-module\/","title":{"rendered":"Cable de alimentaci\u00f3n del kit de anclaje Volarious V-Line Pro con m\u00f3dulo de alimentaci\u00f3n Matrice serie 4"},"content":{"rendered":"<h3>Volarious V-Line Pro: Tiempo de aire ilimitado para el DJI Matrice Serie 4<\/h3>\n<p><iframe loading=\"lazy\" title=\"Tutorial de Volarious V Line Pro\" width=\"800\" height=\"450\" src=\"https:\/\/www.youtube.com\/embed\/5GatHf4BYps?feature=oembed&#038;enablejsapi=1&#038;origin=https:\/\/koningdrone.be\" frameborder=\"0\" allow=\"accelerometer; autoplay; clipboard-write; encrypted-media; gyroscope; picture-in-picture; web-share\" referrerpolicy=\"strict-origin-when-cross-origin\" allowfullscreen><\/iframe><\/p>\n<p style=\"margin: 20px 0\">En <strong>Kit de anclaje Volarious V-Line Pro<\/strong> es la soluci\u00f3n definitiva para operaciones en las que el tiempo es el factor m\u00e1s cr\u00edtico. Mientras que las misiones tradicionales con drones se ven limitadas por los l\u00edmites qu\u00edmicos de las bater\u00edas LiPo, este sistema profesional de alimentaci\u00f3n anclada rompe por completo esa barrera. Al transformar tu DJI Matrice serie 4 en una estaci\u00f3n a\u00e9rea permanente, el V-Line Pro crea un \u201cojo en el cielo\u201d continuo para vigilancia, control de multitudes e inspecciones a gran escala. Este sistema es la columna vertebral para centros de mando y servicios de emergencia que necesitan horas de cobertura a\u00e9rea ininterrumpida sin los riesgos y retrasos de los constantes cambios de bater\u00eda.<\/p>\n<p><a href=\"https:\/\/koningdrone.nl\/wp-content\/uploads\/2026\/03\/Volarious-V-Line-Pro-Matrice-4-serie-1.webp\"><img loading=\"lazy\" decoding=\"async\" class=\"size-full wp-image-470496 aligncenter\" src=\"https:\/\/koningdrone.nl\/wp-content\/uploads\/2026\/03\/Volarious-V-Line-Pro-Matrice-4-serie-1.webp\" alt=\"Volarious V-Line Pro Matrice 4-serie\" width=\"1200\" height=\"800\" \/><\/a><\/p>\n<h4>Suministro inteligente de energ\u00eda y control operativo<\/h4>\n<p>El rendimiento de la V-Line Pro se basa en una electr\u00f3nica de potencia avanzada y una mec\u00e1nica inteligente:<\/p>\n<ul>\n<li><strong>Potencia continua:<\/strong> El sistema suministra una fuente de alimentaci\u00f3n estable a trav\u00e9s de un cable de aviaci\u00f3n ultraligero, manteniendo el dron a una altitud constante de hasta <strong>70 metros<\/strong> pueden seguir funcionando. Esto proporciona una visi\u00f3n estrat\u00e9gica perfecta de las zonas siniestradas o los complejos industriales.<\/li>\n<li><strong>Tecnolog\u00eda V-Assist:<\/strong> A trav\u00e9s de la intuitiva aplicaci\u00f3n V-Assist, el operador mantiene el control total. La supervisi\u00f3n en tiempo real de la tensi\u00f3n del cable, la entrada de corriente y el estado t\u00e9rmico garantiza que siempre vuele dentro de los m\u00e1rgenes de seguridad.<\/li>\n<li><strong>Sistemas de seguridad activa:<\/strong> El kit est\u00e1 equipado con un protocolo de protecci\u00f3n redundante, que incluye protecci\u00f3n contra sobrecorriente y cortocircuito. La refrigeraci\u00f3n activa avanzada con m\u00faltiples sensores y ventiladores de alto rendimiento garantiza que el hardware siga funcionando de forma \u00f3ptima incluso durante despliegues prolongados a plena luz del sol.<\/li>\n<\/ul>\n<h4>Dise\u00f1o industrial e integraci\u00f3n perfecta<\/h4>\n<p>La V-Line Pro est\u00e1 dise\u00f1ada para el trabajo duro sobre el terreno. La carcasa robusta y resistente a la intemperie protege el mecanismo de precisi\u00f3n del carrete, dise\u00f1ado para corregir autom\u00e1ticamente la holgura del cable. Esto mantiene al dron extremadamente estable, incluso en condiciones de viento variables. Incluye <strong>M\u00f3dulo de alimentaci\u00f3n Matrice Serie 4<\/strong> es una maravilla de la ingenier\u00eda: lo bastante ligero y compacto como para no perturbar la aerodin\u00e1mica del dron, pero lo bastante potente como para eliminar por completo la dependencia de la bater\u00eda interna. El resultado es un sistema compacto y port\u00e1til que est\u00e1 operativo en cuesti\u00f3n de minutos.<\/p>\n<p><a href=\"https:\/\/koningdrone.nl\/wp-content\/uploads\/2026\/03\/Volarious-V-Line-Pro-Matrice-4.webp\"><img loading=\"lazy\" decoding=\"async\" class=\"aligncenter wp-image-470497 size-medium\" src=\"https:\/\/koningdrone.nl\/wp-content\/uploads\/2026\/03\/Volarious-V-Line-Pro-Matrice-4-300x300.webp\" alt=\"Volarious V-Line Pro Matrice 4\" width=\"300\" height=\"300\" \/><\/a><\/p>\n<h4>Por qu\u00e9 Volarious V-Line Pro es indispensable<\/h4>\n<p>Para las agencias de seguridad p\u00fablica, los guardias fronterizos y los inspectores industriales, la V-Line Pro es un \u201cmultiplicador de fuerzas\u201d. Elimina la necesidad de un enorme inventario de bater\u00edas y complejas estaciones de carga sobre el terreno. Ya sea para asegurar un evento de varios d\u00edas, supervisar un incidente prolongado o llevar a cabo misiones de cartograf\u00eda persistentes; este sistema de anclaje ofrece la fiabilidad de un m\u00e1stil fijo con la flexibilidad de un dron. Con el Volarious V-Line Pro, s\u00f3lo se aterriza cuando se completa la misi\u00f3n, no cuando se agota la bater\u00eda.<\/p>","protected":false},"excerpt":{"rendered":"<ul>\n<li>Suministro continuo de energ\u00eda hasta ~70 metros de alcance del anclaje<\/li>\n<li>Supervisi\u00f3n en tiempo real a trav\u00e9s de la aplicaci\u00f3n V-Assist del estado de los cables y el sistema<\/li>\n<li>Dise\u00f1o robusto para operaciones industriales a largo plazo<\/li>\n<li>Control t\u00e9rmico avanzado y protecci\u00f3n el\u00e9ctrica<\/li>\n<li>Compacto y port\u00e1til para un despliegue r\u00e1pido sobre el terreno<\/li>\n<\/ul>","protected":false},"featured_media":17732,"template":"","meta":{"_acf_changed":false},"product_brand":[],"product_cat":[98,1756],"product_tag":[],"class_list":{"0":"post-17731","1":"product","2":"type-product","3":"status-publish","4":"has-post-thumbnail","6":"product_cat-dji-matrice-4","7":"product_cat-tethering-systems","8":"product_shipping_class-uavspacesall","9":"pa_brand-volarious","10":"pa_producttype-aangesloten-stroomset","12":"first","13":"instock","14":"taxable","15":"shipping-taxable","16":"purchasable","17":"product-type-simple"},"acf":[],"yoast_head":"<!-- This site is optimized with the Yoast SEO Premium plugin v27.2 (Yoast SEO v27.2) - https:\/\/yoast.com\/product\/yoast-seo-premium-wordpress\/ -->\n<title>Volarious V-Line Pro tether kit power cable with Matrice 4 series power module - koningdrone.be<\/title>\n<meta name=\"robots\" content=\"index, follow, max-snippet:-1, max-image-preview:large, max-video-preview:-1\" \/>\n<link rel=\"canonical\" href=\"https:\/\/koningdrone.be\/es\/producto\/volarious-v-line-pro-tether-kit-power-cable-with-matrice-4-series-power-module\/\" \/>\n<meta property=\"og:locale\" content=\"es_ES\" \/>\n<meta property=\"og:type\" content=\"article\" \/>\n<meta property=\"og:title\" content=\"Volarious V-Line Pro tether kit power cable with Matrice 4 series power module\" \/>\n<meta property=\"og:description\" content=\"Continue stroomvoorziening tot ~70 meter tether\u2011bereik  Realtime monitoring via V\u2011Assist app voor kabel en systeemstatus  Robuust ontworpen voor langdurige, industri\u00eble operaties  Geavanceerde thermische controle en elektrische beveiliging  Compact en draagbaar voor snelle inzet in het veld\" \/>\n<meta property=\"og:url\" content=\"https:\/\/koningdrone.be\/es\/producto\/volarious-v-line-pro-tether-kit-power-cable-with-matrice-4-series-power-module\/\" \/>\n<meta property=\"og:site_name\" content=\"koningdrone.be\" \/>\n<meta property=\"article:modified_time\" content=\"2026-04-29T01:50:16+00:00\" \/>\n<meta property=\"og:image\" content=\"https:\/\/koningdrone.be\/wp-content\/uploads\/sites\/13\/2026\/03\/Volarious-V-Line-Pro-Matrice-4-serie.webp\" \/>\n\t<meta property=\"og:image:width\" content=\"2048\" \/>\n\t<meta property=\"og:image:height\" content=\"2048\" \/>\n\t<meta property=\"og:image:type\" content=\"image\/webp\" \/>\n<meta name=\"twitter:card\" content=\"summary_large_image\" \/>\n<meta name=\"twitter:label1\" content=\"Tiempo de lectura\" \/>\n\t<meta name=\"twitter:data1\" content=\"3 minutos\" \/>\n<script type=\"application\/ld+json\" class=\"yoast-schema-graph\">{\"@context\":\"https:\/\/schema.org\",\"@graph\":[{\"@type\":\"WebPage\",\"@id\":\"https:\/\/koningdrone.be\/product\/volarious-v-line-pro-tether-kit-power-cable-with-matrice-4-series-power-module\/\",\"url\":\"https:\/\/koningdrone.be\/product\/volarious-v-line-pro-tether-kit-power-cable-with-matrice-4-series-power-module\/\",\"name\":\"Volarious V-Line Pro tether kit power cable with Matrice 4 series power module - koningdrone.be\",\"isPartOf\":{\"@id\":\"https:\/\/koningdrone.be\/#website\"},\"primaryImageOfPage\":{\"@id\":\"https:\/\/koningdrone.be\/product\/volarious-v-line-pro-tether-kit-power-cable-with-matrice-4-series-power-module\/#primaryimage\"},\"image\":{\"@id\":\"https:\/\/koningdrone.be\/product\/volarious-v-line-pro-tether-kit-power-cable-with-matrice-4-series-power-module\/#primaryimage\"},\"thumbnailUrl\":\"https:\/\/koningdrone.be\/wp-content\/uploads\/sites\/13\/2026\/03\/Volarious-V-Line-Pro-Matrice-4-serie.webp\",\"datePublished\":\"2026-04-06T15:30:26+00:00\",\"dateModified\":\"2026-04-29T01:50:16+00:00\",\"breadcrumb\":{\"@id\":\"https:\/\/koningdrone.be\/product\/volarious-v-line-pro-tether-kit-power-cable-with-matrice-4-series-power-module\/#breadcrumb\"},\"inLanguage\":\"es\",\"potentialAction\":[{\"@type\":\"ReadAction\",\"target\":[\"https:\/\/koningdrone.be\/product\/volarious-v-line-pro-tether-kit-power-cable-with-matrice-4-series-power-module\/\"]}]},{\"@type\":\"ImageObject\",\"inLanguage\":\"es\",\"@id\":\"https:\/\/koningdrone.be\/product\/volarious-v-line-pro-tether-kit-power-cable-with-matrice-4-series-power-module\/#primaryimage\",\"url\":\"https:\/\/koningdrone.be\/wp-content\/uploads\/sites\/13\/2026\/03\/Volarious-V-Line-Pro-Matrice-4-serie.webp\",\"contentUrl\":\"https:\/\/koningdrone.be\/wp-content\/uploads\/sites\/13\/2026\/03\/Volarious-V-Line-Pro-Matrice-4-serie.webp\",\"width\":2048,\"height\":2048},{\"@type\":\"BreadcrumbList\",\"@id\":\"https:\/\/koningdrone.be\/product\/volarious-v-line-pro-tether-kit-power-cable-with-matrice-4-series-power-module\/#breadcrumb\",\"itemListElement\":[{\"@type\":\"ListItem\",\"position\":1,\"name\":\"Home\",\"item\":\"https:\/\/koningdrone.be\/\"},{\"@type\":\"ListItem\",\"position\":2,\"name\":\"AVSS Parachute Recovery System for DJI Matrice 300\/350\",\"item\":\"https:\/\/koningdrone.be\/product\/avss-parachute-recovery-system-for-dji-matrice-300-350\/\"},{\"@type\":\"ListItem\",\"position\":3,\"name\":\"DJI Matrice 4\",\"item\":\"https:\/\/koningdrone.be\/categorie\/dji-matrice-4\/\"},{\"@type\":\"ListItem\",\"position\":4,\"name\":\"Volarious V-Line Pro tether kit power cable with Matrice 4 series power module\"}]},{\"@type\":\"WebSite\",\"@id\":\"https:\/\/koningdrone.be\/#website\",\"url\":\"https:\/\/koningdrone.be\/\",\"name\":\"Koningdrone.be - Uw online specialist in drones, gimbals, camera's en power stations.\",\"description\":\"De webshop in drones en gimbals\",\"publisher\":{\"@id\":\"https:\/\/koningdrone.be\/#organization\"},\"potentialAction\":[{\"@type\":\"SearchAction\",\"target\":{\"@type\":\"EntryPoint\",\"urlTemplate\":\"https:\/\/koningdrone.be\/?s={search_term_string}\"},\"query-input\":{\"@type\":\"PropertyValueSpecification\",\"valueRequired\":true,\"valueName\":\"search_term_string\"}}],\"inLanguage\":\"es\"},{\"@type\":\"Organization\",\"@id\":\"https:\/\/koningdrone.be\/#organization\",\"name\":\"Koningdrone.be\",\"url\":\"https:\/\/koningdrone.be\/\",\"logo\":{\"@type\":\"ImageObject\",\"inLanguage\":\"es\",\"@id\":\"https:\/\/koningdrone.be\/#\/schema\/logo\/image\/\",\"url\":\"https:\/\/koningdrone.be\/wp-content\/uploads\/sites\/13\/2025\/04\/koningdrone-copyright-logo.svg\",\"contentUrl\":\"https:\/\/koningdrone.be\/wp-content\/uploads\/sites\/13\/2025\/04\/koningdrone-copyright-logo.svg\",\"width\":227,\"height\":38,\"caption\":\"Koningdrone.be\"},\"image\":{\"@id\":\"https:\/\/koningdrone.be\/#\/schema\/logo\/image\/\"}}]}<\/script>\n<!-- \/ Yoast SEO Premium plugin. -->","yoast_head_json":{"title":"Volarious V-Line Pro tether kit power cable with Matrice 4 series power module - koningdrone.be","robots":{"index":"index","follow":"follow","max-snippet":"max-snippet:-1","max-image-preview":"max-image-preview:large","max-video-preview":"max-video-preview:-1"},"canonical":"https:\/\/koningdrone.be\/es\/producto\/volarious-v-line-pro-tether-kit-power-cable-with-matrice-4-series-power-module\/","og_locale":"es_ES","og_type":"article","og_title":"Volarious V-Line Pro tether kit power cable with Matrice 4 series power module","og_description":"Continue stroomvoorziening tot ~70 meter tether\u2011bereik  Realtime monitoring via V\u2011Assist app voor kabel en systeemstatus  Robuust ontworpen voor langdurige, industri\u00eble operaties  Geavanceerde thermische controle en elektrische beveiliging  Compact en draagbaar voor snelle inzet in het veld","og_url":"https:\/\/koningdrone.be\/es\/producto\/volarious-v-line-pro-tether-kit-power-cable-with-matrice-4-series-power-module\/","og_site_name":"koningdrone.be","article_modified_time":"2026-04-29T01:50:16+00:00","og_image":[{"width":2048,"height":2048,"url":"https:\/\/koningdrone.be\/wp-content\/uploads\/sites\/13\/2026\/03\/Volarious-V-Line-Pro-Matrice-4-serie.webp","type":"image\/webp"}],"twitter_card":"summary_large_image","twitter_misc":{"Tiempo de lectura":"3 minutos"},"schema":{"@context":"https:\/\/schema.org","@graph":[{"@type":"WebPage","@id":"https:\/\/koningdrone.be\/product\/volarious-v-line-pro-tether-kit-power-cable-with-matrice-4-series-power-module\/","url":"https:\/\/koningdrone.be\/product\/volarious-v-line-pro-tether-kit-power-cable-with-matrice-4-series-power-module\/","name":"Volarious V-Line Pro tether kit power cable with Matrice 4 series power module - koningdrone.be","isPartOf":{"@id":"https:\/\/koningdrone.be\/#website"},"primaryImageOfPage":{"@id":"https:\/\/koningdrone.be\/product\/volarious-v-line-pro-tether-kit-power-cable-with-matrice-4-series-power-module\/#primaryimage"},"image":{"@id":"https:\/\/koningdrone.be\/product\/volarious-v-line-pro-tether-kit-power-cable-with-matrice-4-series-power-module\/#primaryimage"},"thumbnailUrl":"https:\/\/koningdrone.be\/wp-content\/uploads\/sites\/13\/2026\/03\/Volarious-V-Line-Pro-Matrice-4-serie.webp","datePublished":"2026-04-06T15:30:26+00:00","dateModified":"2026-04-29T01:50:16+00:00","breadcrumb":{"@id":"https:\/\/koningdrone.be\/product\/volarious-v-line-pro-tether-kit-power-cable-with-matrice-4-series-power-module\/#breadcrumb"},"inLanguage":"es","potentialAction":[{"@type":"ReadAction","target":["https:\/\/koningdrone.be\/product\/volarious-v-line-pro-tether-kit-power-cable-with-matrice-4-series-power-module\/"]}]},{"@type":"ImageObject","inLanguage":"es","@id":"https:\/\/koningdrone.be\/product\/volarious-v-line-pro-tether-kit-power-cable-with-matrice-4-series-power-module\/#primaryimage","url":"https:\/\/koningdrone.be\/wp-content\/uploads\/sites\/13\/2026\/03\/Volarious-V-Line-Pro-Matrice-4-serie.webp","contentUrl":"https:\/\/koningdrone.be\/wp-content\/uploads\/sites\/13\/2026\/03\/Volarious-V-Line-Pro-Matrice-4-serie.webp","width":2048,"height":2048},{"@type":"BreadcrumbList","@id":"https:\/\/koningdrone.be\/product\/volarious-v-line-pro-tether-kit-power-cable-with-matrice-4-series-power-module\/#breadcrumb","itemListElement":[{"@type":"ListItem","position":1,"name":"Home","item":"https:\/\/koningdrone.be\/"},{"@type":"ListItem","position":2,"name":"AVSS Parachute Recovery System for DJI Matrice 300\/350","item":"https:\/\/koningdrone.be\/product\/avss-parachute-recovery-system-for-dji-matrice-300-350\/"},{"@type":"ListItem","position":3,"name":"DJI Matrice 4","item":"https:\/\/koningdrone.be\/categorie\/dji-matrice-4\/"},{"@type":"ListItem","position":4,"name":"Volarious V-Line Pro tether kit power cable with Matrice 4 series power module"}]},{"@type":"WebSite","@id":"https:\/\/koningdrone.be\/#website","url":"https:\/\/koningdrone.be\/","name":"Koningdrone.be - Su especialista en l\u00ednea en drones, cardanes, c\u00e1maras y centrales el\u00e9ctricas.","description":"La tienda virtual de drones y cardanes","publisher":{"@id":"https:\/\/koningdrone.be\/#organization"},"potentialAction":[{"@type":"SearchAction","target":{"@type":"EntryPoint","urlTemplate":"https:\/\/koningdrone.be\/?s={search_term_string}"},"query-input":{"@type":"PropertyValueSpecification","valueRequired":true,"valueName":"search_term_string"}}],"inLanguage":"es"},{"@type":"Organization","@id":"https:\/\/koningdrone.be\/#organization","name":"Kingdrone.es","url":"https:\/\/koningdrone.be\/","logo":{"@type":"ImageObject","inLanguage":"es","@id":"https:\/\/koningdrone.be\/#\/schema\/logo\/image\/","url":"https:\/\/koningdrone.be\/wp-content\/uploads\/sites\/13\/2025\/04\/koningdrone-copyright-logo.svg","contentUrl":"https:\/\/koningdrone.be\/wp-content\/uploads\/sites\/13\/2025\/04\/koningdrone-copyright-logo.svg","width":227,"height":38,"caption":"Koningdrone.be"},"image":{"@id":"https:\/\/koningdrone.be\/#\/schema\/logo\/image\/"}}]}},"df_price":16255,"df_sale_price":"","df_regular_price":16255,"df_image_link":"https:\/\/koningdrone.be\/wp-content\/uploads\/sites\/13\/2026\/03\/Volarious-V-Line-Pro-Matrice-4-serie-300x300.webp","_links":{"self":[{"href":"https:\/\/koningdrone.be\/es\/wp-json\/wp\/v2\/product\/17731","targetHints":{"allow":["GET"]}}],"collection":[{"href":"https:\/\/koningdrone.be\/es\/wp-json\/wp\/v2\/product"}],"about":[{"href":"https:\/\/koningdrone.be\/es\/wp-json\/wp\/v2\/types\/product"}],"wp:featuredmedia":[{"embeddable":true,"href":"https:\/\/koningdrone.be\/es\/wp-json\/wp\/v2\/media\/17732"}],"wp:attachment":[{"href":"https:\/\/koningdrone.be\/es\/wp-json\/wp\/v2\/media?parent=17731"}],"wp:term":[{"taxonomy":"product_brand","embeddable":true,"href":"https:\/\/koningdrone.be\/es\/wp-json\/wp\/v2\/product_brand?post=17731"},{"taxonomy":"product_cat","embeddable":true,"href":"https:\/\/koningdrone.be\/es\/wp-json\/wp\/v2\/product_cat?post=17731"},{"taxonomy":"product_tag","embeddable":true,"href":"https:\/\/koningdrone.be\/es\/wp-json\/wp\/v2\/product_tag?post=17731"}],"curies":[{"name":"wp","href":"https:\/\/api.w.org\/{rel}","templated":true}]}}