{"id":17647,"date":"2026-03-25T01:51:28","date_gmt":"2026-03-25T00:51:28","guid":{"rendered":"https:\/\/koningdrone.be\/?post_type=product&#038;p=17647"},"modified":"2026-04-30T17:00:21","modified_gmt":"2026-04-30T15:00:21","slug":"ecoflow-trail-200-dc-portable-power-stat","status":"publish","type":"product","link":"https:\/\/koningdrone.be\/es\/producto\/ecoflow-trail-200-dc-portable-power-stat\/","title":{"rendered":"EcoFlow TRAIL 200 DC Portable Power Stat"},"content":{"rendered":"<h3>EcoFlow TRAIL 200 DC Portable Power Stat<\/h3>\n<p><iframe loading=\"lazy\" title=\"Energ\u00eda de CC sin conexi\u00f3n a la red: EcoFlow TRAIL Series 200 y 300 DC\" width=\"800\" height=\"450\" src=\"https:\/\/www.youtube.com\/embed\/BV3bo67lsTE?feature=oembed&#038;enablejsapi=1&#038;origin=https:\/\/koningdrone.be\" frameborder=\"0\" allow=\"accelerometer; autoplay; clipboard-write; encrypted-media; gyroscope; picture-in-picture; web-share\" referrerpolicy=\"strict-origin-when-cross-origin\" allowfullscreen><\/iframe><\/p>\n<p style=\"margin: 20px 0\">La estaci\u00f3n de alimentaci\u00f3n port\u00e1til EcoFlow TRAIL 200 DC es una fuente de alimentaci\u00f3n port\u00e1til ultracompacta y ligera de 192 Wh dise\u00f1ada para alimentar sus dispositivos esenciales sobre la marcha. Gracias a su dise\u00f1o de CC pura, ofrece una potencia de salida total de hasta 220 W, ideal para cargar smartphones, tabletas, c\u00e1maras, port\u00e1tiles y otros dispositivos durante acampadas, viajes o actividades al aire libre.<\/p>\n<p><a href=\"https:\/\/koningdrone.nl\/wp-content\/uploads\/2026\/03\/EcoFlow-TRAIL-200-DC-Portable-Power-Stat.webp\"><img loading=\"lazy\" decoding=\"async\" class=\"size-full wp-image-470427 aligncenter\" src=\"https:\/\/koningdrone.nl\/wp-content\/uploads\/2026\/03\/EcoFlow-TRAIL-200-DC-Portable-Power-Stat.webp\" alt=\"EcoFlow TRAIL 200 DC Portable Power Stat\" width=\"1200\" height=\"800\" \/><\/a><\/p>\n<h4>Rendimiento y funcionalidad<\/h4>\n<p>Los m\u00faltiples puertos USB-C y USB-A permiten cargar hasta cuatro dispositivos simult\u00e1neamente sin perder mucha energ\u00eda, y los r\u00e1pidos puertos USB-C admiten hasta 140 W de potencia PD para funciones de carga r\u00e1pida de port\u00e1tiles y dispositivos. La fuente de alimentaci\u00f3n es de CC pura, lo que permite un ahorro de energ\u00eda y un uso m\u00e1s eficiente, para que pueda utilizar la alimentaci\u00f3n durante m\u00e1s tiempo sin p\u00e9rdidas innecesarias de energ\u00eda.<\/p>\n<h4>Calidad de construcci\u00f3n y dise\u00f1o<\/h4>\n<p>La TRAIL 200 DC tiene una construcci\u00f3n robusta con tecnolog\u00eda de bater\u00eda LFP (LiFePO4), que proporciona una fuente de energ\u00eda segura y estable con una vida \u00fatil m\u00e1s larga. Su dise\u00f1o compacto y ligero (aproximadamente 1,83 kg) facilita su transporte en una mochila o bolsa, perfecto para aventuras al aire libre y el uso diario.<\/p>\n<p><a href=\"https:\/\/koningdrone.nl\/wp-content\/uploads\/2026\/03\/Product-TRAIL-200-DC-Portable-Power-Stat-EcoFlow.webp\"><img loading=\"lazy\" decoding=\"async\" class=\"aligncenter wp-image-470422 size-medium\" src=\"https:\/\/koningdrone.nl\/wp-content\/uploads\/2026\/03\/Product-TRAIL-200-DC-Portable-Power-Stat-EcoFlow-300x300.webp\" alt=\"Product TRAIL 200 DC Portable Power Stat EcoFlow\" width=\"300\" height=\"300\" \/><\/a><\/p>\n<h4>Por qu\u00e9 lo necesita<\/h4>\n<p>Tanto si est\u00e1 fuera durante el d\u00eda, en un festival, de acampada o simplemente quiere energ\u00eda extra sin una toma de corriente, esta estaci\u00f3n de alimentaci\u00f3n port\u00e1til ofrece energ\u00eda fiable y port\u00e1til para sus dispositivos. Sus puertos vers\u00e1tiles y su rendimiento eficiente la convierten en una compa\u00f1era pr\u00e1ctica para cualquier situaci\u00f3n en la que no dispongas de una fuente de alimentaci\u00f3n fija.<\/p>","protected":false},"excerpt":{"rendered":"<ul>\n<li>192 Wh de potencia port\u00e1til para exteriores y uso diario<\/li>\n<li>Hasta 220 W de potencia de salida total a trav\u00e9s de la salida de CC<\/li>\n<li>USB-C PD de hasta 140 W para funciones de carga r\u00e1pida de port\u00e1tiles<\/li>\n<li>Tecnolog\u00eda de bater\u00eda LFP para mayor duraci\u00f3n y seguridad<\/li>\n<li>Dise\u00f1o compacto y ligero f\u00e1cil de transportar<\/li>\n<\/ul>","protected":false},"featured_media":17648,"template":"","meta":{"_acf_changed":false},"product_brand":[],"product_cat":[1832],"product_tag":[],"class_list":{"0":"post-17647","1":"product","2":"type-product","3":"status-publish","4":"has-post-thumbnail","6":"product_cat-ecoflow-trail","7":"product_shipping_class-outofstock","8":"pa_brand-ecoflow","9":"pa_producttype-draagbare-power-station","10":"pa_series-trail","12":"first","13":"outofstock","14":"taxable","15":"shipping-taxable","16":"purchasable","17":"product-type-simple"},"acf":[],"yoast_head":"<!-- This site is optimized with the Yoast SEO Premium plugin v27.2 (Yoast SEO v27.2) - https:\/\/yoast.com\/product\/yoast-seo-premium-wordpress\/ -->\n<title>EcoFlow TRAIL 200 DC Portable Power Stat - koningdrone.be<\/title>\n<meta name=\"robots\" content=\"index, follow, max-snippet:-1, max-image-preview:large, max-video-preview:-1\" \/>\n<link rel=\"canonical\" href=\"https:\/\/koningdrone.be\/es\/producto\/ecoflow-trail-200-dc-portable-power-stat\/\" \/>\n<meta property=\"og:locale\" content=\"es_ES\" \/>\n<meta property=\"og:type\" content=\"article\" \/>\n<meta property=\"og:title\" content=\"EcoFlow TRAIL 200 DC Portable Power Stat\" \/>\n<meta property=\"og:description\" content=\"192\u202fWh draagbare energie voor outdoor en dagelijks gebruik  Tot 220\u202fW totaal uitgangsvermogen via DC\u2011uitgang  USB\u2011C PD tot 140\u202fW voor snelle laptop\u2011oplaadfuncties  LFP\u2011batterijtechnologie voor langere levensduur en veiligheid  Compact en lichtgewicht design makkelijk mee te nemen\" \/>\n<meta property=\"og:url\" content=\"https:\/\/koningdrone.be\/es\/producto\/ecoflow-trail-200-dc-portable-power-stat\/\" \/>\n<meta property=\"og:site_name\" content=\"koningdrone.be\" \/>\n<meta property=\"article:modified_time\" content=\"2026-04-30T15:00:21+00:00\" \/>\n<meta property=\"og:image\" content=\"https:\/\/koningdrone.be\/wp-content\/uploads\/sites\/13\/2026\/03\/EcoFlow-TRAIL-200-DC-Portable-Power-Stat-Product.webp\" \/>\n\t<meta property=\"og:image:width\" content=\"2048\" \/>\n\t<meta property=\"og:image:height\" content=\"2048\" \/>\n\t<meta property=\"og:image:type\" content=\"image\/webp\" \/>\n<meta name=\"twitter:card\" content=\"summary_large_image\" \/>\n<meta name=\"twitter:label1\" content=\"Tiempo de lectura\" \/>\n\t<meta name=\"twitter:data1\" content=\"1 minuto\" \/>\n<script type=\"application\/ld+json\" class=\"yoast-schema-graph\">{\"@context\":\"https:\/\/schema.org\",\"@graph\":[{\"@type\":\"WebPage\",\"@id\":\"https:\/\/koningdrone.be\/product\/ecoflow-trail-200-dc-portable-power-stat\/\",\"url\":\"https:\/\/koningdrone.be\/product\/ecoflow-trail-200-dc-portable-power-stat\/\",\"name\":\"EcoFlow TRAIL 200 DC Portable Power Stat - koningdrone.be\",\"isPartOf\":{\"@id\":\"https:\/\/koningdrone.be\/#website\"},\"primaryImageOfPage\":{\"@id\":\"https:\/\/koningdrone.be\/product\/ecoflow-trail-200-dc-portable-power-stat\/#primaryimage\"},\"image\":{\"@id\":\"https:\/\/koningdrone.be\/product\/ecoflow-trail-200-dc-portable-power-stat\/#primaryimage\"},\"thumbnailUrl\":\"https:\/\/koningdrone.be\/wp-content\/uploads\/sites\/13\/2026\/03\/EcoFlow-TRAIL-200-DC-Portable-Power-Stat-Product.webp\",\"datePublished\":\"2026-03-25T00:51:28+00:00\",\"dateModified\":\"2026-04-30T15:00:21+00:00\",\"breadcrumb\":{\"@id\":\"https:\/\/koningdrone.be\/product\/ecoflow-trail-200-dc-portable-power-stat\/#breadcrumb\"},\"inLanguage\":\"es\",\"potentialAction\":[{\"@type\":\"ReadAction\",\"target\":[\"https:\/\/koningdrone.be\/product\/ecoflow-trail-200-dc-portable-power-stat\/\"]}]},{\"@type\":\"ImageObject\",\"inLanguage\":\"es\",\"@id\":\"https:\/\/koningdrone.be\/product\/ecoflow-trail-200-dc-portable-power-stat\/#primaryimage\",\"url\":\"https:\/\/koningdrone.be\/wp-content\/uploads\/sites\/13\/2026\/03\/EcoFlow-TRAIL-200-DC-Portable-Power-Stat-Product.webp\",\"contentUrl\":\"https:\/\/koningdrone.be\/wp-content\/uploads\/sites\/13\/2026\/03\/EcoFlow-TRAIL-200-DC-Portable-Power-Stat-Product.webp\",\"width\":2048,\"height\":2048},{\"@type\":\"BreadcrumbList\",\"@id\":\"https:\/\/koningdrone.be\/product\/ecoflow-trail-200-dc-portable-power-stat\/#breadcrumb\",\"itemListElement\":[{\"@type\":\"ListItem\",\"position\":1,\"name\":\"Home\",\"item\":\"https:\/\/koningdrone.be\/\"},{\"@type\":\"ListItem\",\"position\":2,\"name\":\"AVSS Parachute Recovery System for DJI Matrice 300\/350\",\"item\":\"https:\/\/koningdrone.be\/product\/avss-parachute-recovery-system-for-dji-matrice-300-350\/\"},{\"@type\":\"ListItem\",\"position\":3,\"name\":\"EcoFlow TRAIL\",\"item\":\"https:\/\/koningdrone.be\/categorie\/ecoflow-trail\/\"},{\"@type\":\"ListItem\",\"position\":4,\"name\":\"EcoFlow TRAIL 200 DC Portable Power Stat\"}]},{\"@type\":\"WebSite\",\"@id\":\"https:\/\/koningdrone.be\/#website\",\"url\":\"https:\/\/koningdrone.be\/\",\"name\":\"Koningdrone.be - Uw online specialist in drones, gimbals, camera's en power stations.\",\"description\":\"De webshop in drones en gimbals\",\"publisher\":{\"@id\":\"https:\/\/koningdrone.be\/#organization\"},\"potentialAction\":[{\"@type\":\"SearchAction\",\"target\":{\"@type\":\"EntryPoint\",\"urlTemplate\":\"https:\/\/koningdrone.be\/?s={search_term_string}\"},\"query-input\":{\"@type\":\"PropertyValueSpecification\",\"valueRequired\":true,\"valueName\":\"search_term_string\"}}],\"inLanguage\":\"es\"},{\"@type\":\"Organization\",\"@id\":\"https:\/\/koningdrone.be\/#organization\",\"name\":\"Koningdrone.be\",\"url\":\"https:\/\/koningdrone.be\/\",\"logo\":{\"@type\":\"ImageObject\",\"inLanguage\":\"es\",\"@id\":\"https:\/\/koningdrone.be\/#\/schema\/logo\/image\/\",\"url\":\"https:\/\/koningdrone.be\/wp-content\/uploads\/sites\/13\/2025\/04\/koningdrone-copyright-logo.svg\",\"contentUrl\":\"https:\/\/koningdrone.be\/wp-content\/uploads\/sites\/13\/2025\/04\/koningdrone-copyright-logo.svg\",\"width\":227,\"height\":38,\"caption\":\"Koningdrone.be\"},\"image\":{\"@id\":\"https:\/\/koningdrone.be\/#\/schema\/logo\/image\/\"}}]}<\/script>\n<!-- \/ Yoast SEO Premium plugin. -->","yoast_head_json":{"title":"EcoFlow TRAIL 200 DC Portable Power Stat - koningdrone.be","robots":{"index":"index","follow":"follow","max-snippet":"max-snippet:-1","max-image-preview":"max-image-preview:large","max-video-preview":"max-video-preview:-1"},"canonical":"https:\/\/koningdrone.be\/es\/producto\/ecoflow-trail-200-dc-portable-power-stat\/","og_locale":"es_ES","og_type":"article","og_title":"EcoFlow TRAIL 200 DC Portable Power Stat","og_description":"192\u202fWh draagbare energie voor outdoor en dagelijks gebruik  Tot 220\u202fW totaal uitgangsvermogen via DC\u2011uitgang  USB\u2011C PD tot 140\u202fW voor snelle laptop\u2011oplaadfuncties  LFP\u2011batterijtechnologie voor langere levensduur en veiligheid  Compact en lichtgewicht design makkelijk mee te nemen","og_url":"https:\/\/koningdrone.be\/es\/producto\/ecoflow-trail-200-dc-portable-power-stat\/","og_site_name":"koningdrone.be","article_modified_time":"2026-04-30T15:00:21+00:00","og_image":[{"width":2048,"height":2048,"url":"https:\/\/koningdrone.be\/wp-content\/uploads\/sites\/13\/2026\/03\/EcoFlow-TRAIL-200-DC-Portable-Power-Stat-Product.webp","type":"image\/webp"}],"twitter_card":"summary_large_image","twitter_misc":{"Tiempo de lectura":"1 minuto"},"schema":{"@context":"https:\/\/schema.org","@graph":[{"@type":"WebPage","@id":"https:\/\/koningdrone.be\/product\/ecoflow-trail-200-dc-portable-power-stat\/","url":"https:\/\/koningdrone.be\/product\/ecoflow-trail-200-dc-portable-power-stat\/","name":"EcoFlow TRAIL 200 DC Portable Power Stat - koningdrone.be","isPartOf":{"@id":"https:\/\/koningdrone.be\/#website"},"primaryImageOfPage":{"@id":"https:\/\/koningdrone.be\/product\/ecoflow-trail-200-dc-portable-power-stat\/#primaryimage"},"image":{"@id":"https:\/\/koningdrone.be\/product\/ecoflow-trail-200-dc-portable-power-stat\/#primaryimage"},"thumbnailUrl":"https:\/\/koningdrone.be\/wp-content\/uploads\/sites\/13\/2026\/03\/EcoFlow-TRAIL-200-DC-Portable-Power-Stat-Product.webp","datePublished":"2026-03-25T00:51:28+00:00","dateModified":"2026-04-30T15:00:21+00:00","breadcrumb":{"@id":"https:\/\/koningdrone.be\/product\/ecoflow-trail-200-dc-portable-power-stat\/#breadcrumb"},"inLanguage":"es","potentialAction":[{"@type":"ReadAction","target":["https:\/\/koningdrone.be\/product\/ecoflow-trail-200-dc-portable-power-stat\/"]}]},{"@type":"ImageObject","inLanguage":"es","@id":"https:\/\/koningdrone.be\/product\/ecoflow-trail-200-dc-portable-power-stat\/#primaryimage","url":"https:\/\/koningdrone.be\/wp-content\/uploads\/sites\/13\/2026\/03\/EcoFlow-TRAIL-200-DC-Portable-Power-Stat-Product.webp","contentUrl":"https:\/\/koningdrone.be\/wp-content\/uploads\/sites\/13\/2026\/03\/EcoFlow-TRAIL-200-DC-Portable-Power-Stat-Product.webp","width":2048,"height":2048},{"@type":"BreadcrumbList","@id":"https:\/\/koningdrone.be\/product\/ecoflow-trail-200-dc-portable-power-stat\/#breadcrumb","itemListElement":[{"@type":"ListItem","position":1,"name":"Home","item":"https:\/\/koningdrone.be\/"},{"@type":"ListItem","position":2,"name":"AVSS Parachute Recovery System for DJI Matrice 300\/350","item":"https:\/\/koningdrone.be\/product\/avss-parachute-recovery-system-for-dji-matrice-300-350\/"},{"@type":"ListItem","position":3,"name":"EcoFlow TRAIL","item":"https:\/\/koningdrone.be\/categorie\/ecoflow-trail\/"},{"@type":"ListItem","position":4,"name":"EcoFlow TRAIL 200 DC Portable Power Stat"}]},{"@type":"WebSite","@id":"https:\/\/koningdrone.be\/#website","url":"https:\/\/koningdrone.be\/","name":"Koningdrone.be - Su especialista en l\u00ednea en drones, cardanes, c\u00e1maras y centrales el\u00e9ctricas.","description":"La tienda virtual de drones y cardanes","publisher":{"@id":"https:\/\/koningdrone.be\/#organization"},"potentialAction":[{"@type":"SearchAction","target":{"@type":"EntryPoint","urlTemplate":"https:\/\/koningdrone.be\/?s={search_term_string}"},"query-input":{"@type":"PropertyValueSpecification","valueRequired":true,"valueName":"search_term_string"}}],"inLanguage":"es"},{"@type":"Organization","@id":"https:\/\/koningdrone.be\/#organization","name":"Kingdrone.es","url":"https:\/\/koningdrone.be\/","logo":{"@type":"ImageObject","inLanguage":"es","@id":"https:\/\/koningdrone.be\/#\/schema\/logo\/image\/","url":"https:\/\/koningdrone.be\/wp-content\/uploads\/sites\/13\/2025\/04\/koningdrone-copyright-logo.svg","contentUrl":"https:\/\/koningdrone.be\/wp-content\/uploads\/sites\/13\/2025\/04\/koningdrone-copyright-logo.svg","width":227,"height":38,"caption":"Koningdrone.be"},"image":{"@id":"https:\/\/koningdrone.be\/#\/schema\/logo\/image\/"}}]}},"df_price":149,"df_sale_price":"","df_regular_price":149,"df_image_link":"https:\/\/koningdrone.be\/wp-content\/uploads\/sites\/13\/2026\/03\/EcoFlow-TRAIL-200-DC-Portable-Power-Stat-Product-300x300.webp","_links":{"self":[{"href":"https:\/\/koningdrone.be\/es\/wp-json\/wp\/v2\/product\/17647","targetHints":{"allow":["GET"]}}],"collection":[{"href":"https:\/\/koningdrone.be\/es\/wp-json\/wp\/v2\/product"}],"about":[{"href":"https:\/\/koningdrone.be\/es\/wp-json\/wp\/v2\/types\/product"}],"wp:featuredmedia":[{"embeddable":true,"href":"https:\/\/koningdrone.be\/es\/wp-json\/wp\/v2\/media\/17648"}],"wp:attachment":[{"href":"https:\/\/koningdrone.be\/es\/wp-json\/wp\/v2\/media?parent=17647"}],"wp:term":[{"taxonomy":"product_brand","embeddable":true,"href":"https:\/\/koningdrone.be\/es\/wp-json\/wp\/v2\/product_brand?post=17647"},{"taxonomy":"product_cat","embeddable":true,"href":"https:\/\/koningdrone.be\/es\/wp-json\/wp\/v2\/product_cat?post=17647"},{"taxonomy":"product_tag","embeddable":true,"href":"https:\/\/koningdrone.be\/es\/wp-json\/wp\/v2\/product_tag?post=17647"}],"curies":[{"name":"wp","href":"https:\/\/api.w.org\/{rel}","templated":true}]}}