{"id":1753,"date":"2024-11-05T10:28:30","date_gmt":"2024-11-05T09:28:30","guid":{"rendered":"https:\/\/koningdrone.nl\/kon\/product\/ecoflow-powerstream-ac-cable-3m-eu\/"},"modified":"2026-04-29T16:40:40","modified_gmt":"2026-04-29T14:40:40","slug":"ecoflow-powerstream-ac-cable-3m-eu","status":"publish","type":"product","link":"https:\/\/koningdrone.be\/es\/producto\/ecoflow-powerstream-ac-cable-3m-eu\/","title":{"rendered":"EcoFlow PowerStream AC Cable 3m EU"},"content":{"rendered":"<p>El cable de CA EcoFlow PowerStream (3 m) es un cable duradero y fiable dise\u00f1ado para conectar su sistema EcoFlow PowerStream a una toma de corriente el\u00e9ctrica. Con una longitud de 3 metros, este cable ofrece flexibilidad y comodidad a la hora de colocar sus dispositivos. Ideal para su uso en regiones europeas, este cable garantiza una transmisi\u00f3n de energ\u00eda eficiente y una integraci\u00f3n perfecta con sus soluciones de energ\u00eda EcoFlow, por lo que es perfecto para instalaciones dom\u00e9sticas y exteriores.<\/p>","protected":false},"excerpt":{"rendered":"<ul>\n<li>Dise\u00f1o duradero y fiable para un uso prolongado.<\/li>\n<li>Longitud flexible de 3 metros para colocar c\u00f3modamente los dispositivos.<\/li>\n<li>Compatible con los sistemas EcoFlow PowerStream para una integraci\u00f3n perfecta.<\/li>\n<li>Ideal para instalaciones dom\u00e9sticas y exteriores para una transmisi\u00f3n de potencia eficaz.<\/li>\n<li>Perfecto para usuarios de regiones europeas, ya que cumple las normas el\u00e9ctricas locales.<\/li>\n<\/ul>","protected":false},"featured_media":1752,"template":"","meta":{"_acf_changed":false},"product_brand":[],"product_cat":[268,97,245],"product_tag":[],"class_list":{"0":"post-1753","1":"product","2":"type-product","3":"status-publish","4":"has-post-thumbnail","6":"product_cat-alle-accessoires","7":"product_cat-alle-producten","8":"product_cat-ecoflow","9":"product_shipping_class-outofstock","10":"pa_producttype-kabel","12":"first","13":"outofstock","14":"taxable","15":"shipping-taxable","16":"purchasable","17":"product-type-simple"},"acf":[],"yoast_head":"<!-- This site is optimized with the Yoast SEO Premium plugin v27.2 (Yoast SEO v27.2) - https:\/\/yoast.com\/product\/yoast-seo-premium-wordpress\/ -->\n<title>EcoFlow PowerStream AC Cable 3m EU - koningdrone.be<\/title>\n<meta name=\"robots\" content=\"index, follow, max-snippet:-1, max-image-preview:large, max-video-preview:-1\" \/>\n<link rel=\"canonical\" href=\"https:\/\/koningdrone.be\/es\/producto\/ecoflow-powerstream-ac-cable-3m-eu\/\" \/>\n<meta property=\"og:locale\" content=\"es_ES\" \/>\n<meta property=\"og:type\" content=\"article\" \/>\n<meta property=\"og:title\" content=\"EcoFlow PowerStream AC Cable 3m EU\" \/>\n<meta property=\"og:description\" content=\"Duurzaam en betrouwbaar ontwerp voor langdurig gebruik.Flexibele lengte van 3 meter voor handige plaatsing van apparaten.Compatibel met EcoFlow PowerStream-systemen voor naadloze integratie.Ideaal voor thuis- en buitenopstellingen voor een effici\u00ebnte stroomoverdracht.Perfect voor gebruikers in Europese regio&#039;s, die voldoen aan lokale elektrische normen.\" \/>\n<meta property=\"og:url\" content=\"https:\/\/koningdrone.be\/es\/producto\/ecoflow-powerstream-ac-cable-3m-eu\/\" \/>\n<meta property=\"og:site_name\" content=\"koningdrone.be\" \/>\n<meta property=\"article:modified_time\" content=\"2026-04-29T14:40:40+00:00\" \/>\n<meta property=\"og:image\" content=\"https:\/\/koningdrone.be\/wp-content\/uploads\/sites\/13\/2025\/04\/ecoflow-bkw-ac-cable-51055820013911_2000x.png\" \/>\n\t<meta property=\"og:image:width\" content=\"2000\" \/>\n\t<meta property=\"og:image:height\" content=\"2000\" \/>\n\t<meta property=\"og:image:type\" content=\"image\/png\" \/>\n<meta name=\"twitter:card\" content=\"summary_large_image\" \/>\n<script type=\"application\/ld+json\" class=\"yoast-schema-graph\">{\"@context\":\"https:\/\/schema.org\",\"@graph\":[{\"@type\":\"WebPage\",\"@id\":\"https:\/\/koningdrone.be\/product\/ecoflow-powerstream-ac-cable-3m-eu\/\",\"url\":\"https:\/\/koningdrone.be\/product\/ecoflow-powerstream-ac-cable-3m-eu\/\",\"name\":\"EcoFlow PowerStream AC Cable 3m EU - koningdrone.be\",\"isPartOf\":{\"@id\":\"https:\/\/koningdrone.be\/#website\"},\"primaryImageOfPage\":{\"@id\":\"https:\/\/koningdrone.be\/product\/ecoflow-powerstream-ac-cable-3m-eu\/#primaryimage\"},\"image\":{\"@id\":\"https:\/\/koningdrone.be\/product\/ecoflow-powerstream-ac-cable-3m-eu\/#primaryimage\"},\"thumbnailUrl\":\"https:\/\/koningdrone.be\/wp-content\/uploads\/sites\/13\/2025\/04\/ecoflow-bkw-ac-cable-51055820013911_2000x.png\",\"datePublished\":\"2024-11-05T09:28:30+00:00\",\"dateModified\":\"2026-04-29T14:40:40+00:00\",\"breadcrumb\":{\"@id\":\"https:\/\/koningdrone.be\/product\/ecoflow-powerstream-ac-cable-3m-eu\/#breadcrumb\"},\"inLanguage\":\"es\",\"potentialAction\":[{\"@type\":\"ReadAction\",\"target\":[\"https:\/\/koningdrone.be\/product\/ecoflow-powerstream-ac-cable-3m-eu\/\"]}]},{\"@type\":\"ImageObject\",\"inLanguage\":\"es\",\"@id\":\"https:\/\/koningdrone.be\/product\/ecoflow-powerstream-ac-cable-3m-eu\/#primaryimage\",\"url\":\"https:\/\/koningdrone.be\/wp-content\/uploads\/sites\/13\/2025\/04\/ecoflow-bkw-ac-cable-51055820013911_2000x.png\",\"contentUrl\":\"https:\/\/koningdrone.be\/wp-content\/uploads\/sites\/13\/2025\/04\/ecoflow-bkw-ac-cable-51055820013911_2000x.png\",\"width\":2000,\"height\":2000},{\"@type\":\"BreadcrumbList\",\"@id\":\"https:\/\/koningdrone.be\/product\/ecoflow-powerstream-ac-cable-3m-eu\/#breadcrumb\",\"itemListElement\":[{\"@type\":\"ListItem\",\"position\":1,\"name\":\"Home\",\"item\":\"https:\/\/koningdrone.be\/\"},{\"@type\":\"ListItem\",\"position\":2,\"name\":\"AVSS Parachute Recovery System for DJI Matrice 300\/350\",\"item\":\"https:\/\/koningdrone.be\/product\/avss-parachute-recovery-system-for-dji-matrice-300-350\/\"},{\"@type\":\"ListItem\",\"position\":3,\"name\":\"Alle accessoires\",\"item\":\"https:\/\/koningdrone.be\/categorie\/alle-accessoires\/\"},{\"@type\":\"ListItem\",\"position\":4,\"name\":\"EcoFlow PowerStream AC Cable 3m EU\"}]},{\"@type\":\"WebSite\",\"@id\":\"https:\/\/koningdrone.be\/#website\",\"url\":\"https:\/\/koningdrone.be\/\",\"name\":\"Koningdrone.be - Uw online specialist in drones, gimbals, camera's en power stations.\",\"description\":\"De webshop in drones en gimbals\",\"publisher\":{\"@id\":\"https:\/\/koningdrone.be\/#organization\"},\"potentialAction\":[{\"@type\":\"SearchAction\",\"target\":{\"@type\":\"EntryPoint\",\"urlTemplate\":\"https:\/\/koningdrone.be\/?s={search_term_string}\"},\"query-input\":{\"@type\":\"PropertyValueSpecification\",\"valueRequired\":true,\"valueName\":\"search_term_string\"}}],\"inLanguage\":\"es\"},{\"@type\":\"Organization\",\"@id\":\"https:\/\/koningdrone.be\/#organization\",\"name\":\"Koningdrone.be\",\"url\":\"https:\/\/koningdrone.be\/\",\"logo\":{\"@type\":\"ImageObject\",\"inLanguage\":\"es\",\"@id\":\"https:\/\/koningdrone.be\/#\/schema\/logo\/image\/\",\"url\":\"https:\/\/koningdrone.be\/wp-content\/uploads\/sites\/13\/2025\/04\/koningdrone-copyright-logo.svg\",\"contentUrl\":\"https:\/\/koningdrone.be\/wp-content\/uploads\/sites\/13\/2025\/04\/koningdrone-copyright-logo.svg\",\"width\":227,\"height\":38,\"caption\":\"Koningdrone.be\"},\"image\":{\"@id\":\"https:\/\/koningdrone.be\/#\/schema\/logo\/image\/\"}}]}<\/script>\n<!-- \/ Yoast SEO Premium plugin. -->","yoast_head_json":{"title":"EcoFlow PowerStream AC Cable 3m EU - koningdrone.be","robots":{"index":"index","follow":"follow","max-snippet":"max-snippet:-1","max-image-preview":"max-image-preview:large","max-video-preview":"max-video-preview:-1"},"canonical":"https:\/\/koningdrone.be\/es\/producto\/ecoflow-powerstream-ac-cable-3m-eu\/","og_locale":"es_ES","og_type":"article","og_title":"EcoFlow PowerStream AC Cable 3m EU","og_description":"Duurzaam en betrouwbaar ontwerp voor langdurig gebruik.Flexibele lengte van 3 meter voor handige plaatsing van apparaten.Compatibel met EcoFlow PowerStream-systemen voor naadloze integratie.Ideaal voor thuis- en buitenopstellingen voor een effici\u00ebnte stroomoverdracht.Perfect voor gebruikers in Europese regio's, die voldoen aan lokale elektrische normen.","og_url":"https:\/\/koningdrone.be\/es\/producto\/ecoflow-powerstream-ac-cable-3m-eu\/","og_site_name":"koningdrone.be","article_modified_time":"2026-04-29T14:40:40+00:00","og_image":[{"width":2000,"height":2000,"url":"https:\/\/koningdrone.be\/wp-content\/uploads\/sites\/13\/2025\/04\/ecoflow-bkw-ac-cable-51055820013911_2000x.png","type":"image\/png"}],"twitter_card":"summary_large_image","schema":{"@context":"https:\/\/schema.org","@graph":[{"@type":"WebPage","@id":"https:\/\/koningdrone.be\/product\/ecoflow-powerstream-ac-cable-3m-eu\/","url":"https:\/\/koningdrone.be\/product\/ecoflow-powerstream-ac-cable-3m-eu\/","name":"EcoFlow PowerStream AC Cable 3m EU - koningdrone.be","isPartOf":{"@id":"https:\/\/koningdrone.be\/#website"},"primaryImageOfPage":{"@id":"https:\/\/koningdrone.be\/product\/ecoflow-powerstream-ac-cable-3m-eu\/#primaryimage"},"image":{"@id":"https:\/\/koningdrone.be\/product\/ecoflow-powerstream-ac-cable-3m-eu\/#primaryimage"},"thumbnailUrl":"https:\/\/koningdrone.be\/wp-content\/uploads\/sites\/13\/2025\/04\/ecoflow-bkw-ac-cable-51055820013911_2000x.png","datePublished":"2024-11-05T09:28:30+00:00","dateModified":"2026-04-29T14:40:40+00:00","breadcrumb":{"@id":"https:\/\/koningdrone.be\/product\/ecoflow-powerstream-ac-cable-3m-eu\/#breadcrumb"},"inLanguage":"es","potentialAction":[{"@type":"ReadAction","target":["https:\/\/koningdrone.be\/product\/ecoflow-powerstream-ac-cable-3m-eu\/"]}]},{"@type":"ImageObject","inLanguage":"es","@id":"https:\/\/koningdrone.be\/product\/ecoflow-powerstream-ac-cable-3m-eu\/#primaryimage","url":"https:\/\/koningdrone.be\/wp-content\/uploads\/sites\/13\/2025\/04\/ecoflow-bkw-ac-cable-51055820013911_2000x.png","contentUrl":"https:\/\/koningdrone.be\/wp-content\/uploads\/sites\/13\/2025\/04\/ecoflow-bkw-ac-cable-51055820013911_2000x.png","width":2000,"height":2000},{"@type":"BreadcrumbList","@id":"https:\/\/koningdrone.be\/product\/ecoflow-powerstream-ac-cable-3m-eu\/#breadcrumb","itemListElement":[{"@type":"ListItem","position":1,"name":"Home","item":"https:\/\/koningdrone.be\/"},{"@type":"ListItem","position":2,"name":"AVSS Parachute Recovery System for DJI Matrice 300\/350","item":"https:\/\/koningdrone.be\/product\/avss-parachute-recovery-system-for-dji-matrice-300-350\/"},{"@type":"ListItem","position":3,"name":"Alle accessoires","item":"https:\/\/koningdrone.be\/categorie\/alle-accessoires\/"},{"@type":"ListItem","position":4,"name":"EcoFlow PowerStream AC Cable 3m EU"}]},{"@type":"WebSite","@id":"https:\/\/koningdrone.be\/#website","url":"https:\/\/koningdrone.be\/","name":"Koningdrone.be - Su especialista en l\u00ednea en drones, cardanes, c\u00e1maras y centrales el\u00e9ctricas.","description":"La tienda virtual de drones y cardanes","publisher":{"@id":"https:\/\/koningdrone.be\/#organization"},"potentialAction":[{"@type":"SearchAction","target":{"@type":"EntryPoint","urlTemplate":"https:\/\/koningdrone.be\/?s={search_term_string}"},"query-input":{"@type":"PropertyValueSpecification","valueRequired":true,"valueName":"search_term_string"}}],"inLanguage":"es"},{"@type":"Organization","@id":"https:\/\/koningdrone.be\/#organization","name":"Kingdrone.es","url":"https:\/\/koningdrone.be\/","logo":{"@type":"ImageObject","inLanguage":"es","@id":"https:\/\/koningdrone.be\/#\/schema\/logo\/image\/","url":"https:\/\/koningdrone.be\/wp-content\/uploads\/sites\/13\/2025\/04\/koningdrone-copyright-logo.svg","contentUrl":"https:\/\/koningdrone.be\/wp-content\/uploads\/sites\/13\/2025\/04\/koningdrone-copyright-logo.svg","width":227,"height":38,"caption":"Koningdrone.be"},"image":{"@id":"https:\/\/koningdrone.be\/#\/schema\/logo\/image\/"}}]}},"df_price":29,"df_sale_price":"","df_regular_price":29,"df_image_link":"https:\/\/koningdrone.be\/wp-content\/uploads\/sites\/13\/2025\/04\/ecoflow-bkw-ac-cable-51055820013911_2000x-300x300.png","_links":{"self":[{"href":"https:\/\/koningdrone.be\/es\/wp-json\/wp\/v2\/product\/1753","targetHints":{"allow":["GET"]}}],"collection":[{"href":"https:\/\/koningdrone.be\/es\/wp-json\/wp\/v2\/product"}],"about":[{"href":"https:\/\/koningdrone.be\/es\/wp-json\/wp\/v2\/types\/product"}],"wp:featuredmedia":[{"embeddable":true,"href":"https:\/\/koningdrone.be\/es\/wp-json\/wp\/v2\/media\/1752"}],"wp:attachment":[{"href":"https:\/\/koningdrone.be\/es\/wp-json\/wp\/v2\/media?parent=1753"}],"wp:term":[{"taxonomy":"product_brand","embeddable":true,"href":"https:\/\/koningdrone.be\/es\/wp-json\/wp\/v2\/product_brand?post=1753"},{"taxonomy":"product_cat","embeddable":true,"href":"https:\/\/koningdrone.be\/es\/wp-json\/wp\/v2\/product_cat?post=1753"},{"taxonomy":"product_tag","embeddable":true,"href":"https:\/\/koningdrone.be\/es\/wp-json\/wp\/v2\/product_tag?post=1753"}],"curies":[{"name":"wp","href":"https:\/\/api.w.org\/{rel}","templated":true}]}}