{"id":17424,"date":"2026-03-20T13:24:10","date_gmt":"2026-03-20T12:24:10","guid":{"rendered":"https:\/\/koningdrone.be\/?post_type=product&#038;p=17424"},"modified":"2026-04-29T03:50:17","modified_gmt":"2026-04-29T01:50:17","slug":"volarious-v-line-pro-tether-kit-power-cable-with-matrice-400-series-power-module","status":"publish","type":"product","link":"https:\/\/koningdrone.be\/es\/producto\/volarious-v-line-pro-tether-kit-power-cable-with-matrice-400-series-power-module\/","title":{"rendered":"Cable de alimentaci\u00f3n del kit de anclaje Volarious V-Line Pro con m\u00f3dulo de alimentaci\u00f3n Matrice serie 400"},"content":{"rendered":"<h3>Volarious V-Line Pro: Alimentaci\u00f3n ininterrumpida para la serie DJI Matrice 400<\/h3>\n<p><iframe loading=\"lazy\" title=\"Tutorial de Volarious V Line Pro\" width=\"800\" height=\"450\" src=\"https:\/\/www.youtube.com\/embed\/5GatHf4BYps?feature=oembed&#038;enablejsapi=1&#038;origin=https:\/\/koningdrone.be\" frameborder=\"0\" allow=\"accelerometer; autoplay; clipboard-write; encrypted-media; gyroscope; picture-in-picture; web-share\" referrerpolicy=\"strict-origin-when-cross-origin\" allowfullscreen><\/iframe><\/p>\n<p style=\"margin: 20px 0\">El Volarious V-Line Pro Tether Kit con el M\u00f3dulo de Alimentaci\u00f3n Matrice 400 Series es el \u201cmultiplicador de fuerza\u201d definitivo para operadores profesionales de drones. Al conectar el DJI Matrice 400 a una estaci\u00f3n de alimentaci\u00f3n continua en tierra, transformas una plataforma m\u00f3vil en una estaci\u00f3n a\u00e9rea permanente. Este sistema elimina la mayor limitaci\u00f3n de las operaciones con drones modernas: la duraci\u00f3n de la bater\u00eda. Ya sea observando durante horas en caso de cat\u00e1strofe, vigilando infraestructuras a gran escala o asegurando lugares cr\u00edticos, la V-Line Pro garantiza que tu \u201cojo en el cielo\u201d permanezca exactamente donde se necesita, sin interrupciones por aterrizajes o cambios de bater\u00eda.<\/p>\n<p><a href=\"https:\/\/koningdrone.nl\/wp-content\/uploads\/2026\/03\/Volarious-V-Line-Pro-Matrice-400-Product.webp\"><img loading=\"lazy\" decoding=\"async\" class=\"alignnone wp-image-470491 size-full\" src=\"https:\/\/koningdrone.nl\/wp-content\/uploads\/2026\/03\/Volarious-V-Line-Pro-Matrice-400-Product.webp\" alt=\"Volarious V-Line Pro Matrice 400 Product\" width=\"1200\" height=\"800\" \/><\/a><\/p>\n<h4>Respuesta din\u00e1mica y supervisi\u00f3n avanzada<\/h4>\n<p>El sistema est\u00e1 dise\u00f1ado no s\u00f3lo para alimentar el dron, sino tambi\u00e9n para garantizar su libertad de movimiento y estabilidad:<\/p>\n<ul>\n<li><strong>70 metros Amarre de calidad aeron\u00e1utica:<\/strong> El cable ultraligero y reforzado proporciona una altitud operativa de hasta 70 metros aproximadamente. El cable est\u00e1 espec\u00edficamente dise\u00f1ado para ofrecer una resistencia al aire m\u00ednima, lo que permite al dron mantener su posici\u00f3n con extrema precisi\u00f3n.<\/li>\n<li><strong>Carrete inteligente de alta velocidad:<\/strong> Con una impresionante velocidad de despliegue y recogida de hasta 7 m\/s, el cabrestante responde instant\u00e1neamente a los movimientos del dron o a las repentinas r\u00e1fagas de viento. Esto minimiza la holgura (flojedad del cable), que es crucial para un vuelo estable y para evitar enredos.<\/li>\n<li><strong>Integraci\u00f3n perfecta de software:<\/strong> Los operarios pueden supervisar todos los datos cr\u00edticos -como el voltaje de los cables, la temperatura y el estado de la alimentaci\u00f3n- directamente a trav\u00e9s de la aplicaci\u00f3n V-Assist o mediante un widget espec\u00edfico en el <strong>Interfaz DJI Pilot 2<\/strong>. Esto proporciona una visi\u00f3n centralizada sin tener que cambiar entre diferentes pantallas.<\/li>\n<\/ul>\n<h4>Fiabilidad industrial y arquitectura a prueba de fallos<\/h4>\n<p>La calidad de construcci\u00f3n del V-Line Pro cumple las normas m\u00e1s estrictas de la industria y la aviaci\u00f3n:<\/p>\n<ul>\n<li><strong>M\u00f3dulo de alimentaci\u00f3n Matrice 400 dedicado:<\/strong> El m\u00f3dulo incluido convierte de forma segura la alta tensi\u00f3n de la unidad de anclaje en una tensi\u00f3n estable a bordo. El m\u00f3dulo act\u00faa como un puente inteligente y contiene un <strong>bater\u00eda de reserva<\/strong>, El dron siempre puede volver a la base de forma segura y controlada en caso de fallo el\u00e9ctrico en tierra.<\/li>\n<li><strong>Protecci\u00f3n t\u00e9rmica activa:<\/strong> La unidad terrestre est\u00e1 equipada con m\u00faltiples sensores de temperatura y potentes ventiladores. En combinaci\u00f3n con la protecci\u00f3n contra sobrecorrientes y cortocircuitos, garantiza un funcionamiento seguro incluso durante misiones de varios d\u00edas en condiciones atmosf\u00e9ricas adversas.<\/li>\n<li><strong>Componentes de calidad aeron\u00e1utica:<\/strong> Cada componente, desde los conectores hasta la bobina interna, ha sido seleccionado para ofrecer durabilidad y un desgaste m\u00ednimo en condiciones de uso profesional intensivo.<\/li>\n<\/ul>\n<p><a href=\"https:\/\/koningdrone.nl\/wp-content\/uploads\/2026\/03\/Volarious-V-Line-Pro-Product.webp\"><img loading=\"lazy\" decoding=\"async\" class=\"size-medium wp-image-470001 aligncenter\" src=\"https:\/\/koningdrone.nl\/wp-content\/uploads\/2026\/03\/Volarious-V-Line-Pro-Product-300x300.webp\" alt=\"Volarious V-Line Pro Product\" width=\"300\" height=\"300\" \/><\/a><\/p>\n<h4>Por qu\u00e9 la V-Line Pro es indispensable<\/h4>\n<p>Para las organizaciones que operan en respuesta a emergencias, control de fronteras o inspecciones industriales a gran escala, el Volarious V-Line Pro ofrece una ventaja estrat\u00e9gica. La capacidad de mantener un dron en el aire indefinidamente significa que no se pierden valiosos minutos en repetidos despegues y aterrizajes. Con el V-Line Pro, usted elige la m\u00e1xima continuidad operativa, una mayor densidad de datos y la seguridad de que su dron est\u00e1 siempre a la espera cuando cada segundo cuenta.<\/p>","protected":false},"excerpt":{"rendered":"<ul>\n<li>Fuente de alimentaci\u00f3n continua para drones DJI Matrice serie 400 con cable de sujeci\u00f3n.<\/li>\n<li>Hasta 70 m de altura de anclaje y 7 m\/s de velocidad de bobina para un vuelo estable.<\/li>\n<li>Monitorizaci\u00f3n en tiempo real mediante la aplicaci\u00f3n V-Assist o el widget DJI Pilot 2.<\/li>\n<li>Protecci\u00f3n integrada con sensores de temperatura y protecci\u00f3n contra sobrecorriente.<\/li>\n<li>Dise\u00f1o robusto y modular con m\u00f3dulo de alimentaci\u00f3n y bater\u00eda de reserva.<\/li>\n<\/ul>","protected":false},"featured_media":17730,"template":"","meta":{"_acf_changed":false},"product_brand":[],"product_cat":[1583,1756],"product_tag":[],"class_list":{"0":"post-17424","1":"product","2":"type-product","3":"status-publish","4":"has-post-thumbnail","6":"product_cat-dji-matrice-400","7":"product_cat-tethering-systems","8":"product_shipping_class-uavspacesall","9":"pa_brand-volarious","10":"pa_producttype-aangesloten-stroomset","12":"first","13":"instock","14":"taxable","15":"shipping-taxable","16":"purchasable","17":"product-type-simple"},"acf":[],"yoast_head":"<!-- This site is optimized with the Yoast SEO Premium plugin v27.2 (Yoast SEO v27.2) - https:\/\/yoast.com\/product\/yoast-seo-premium-wordpress\/ -->\n<title>Volarious V-Line Pro tether kit power cable with Matrice 400 series power module - koningdrone.be<\/title>\n<meta name=\"robots\" content=\"index, follow, max-snippet:-1, max-image-preview:large, max-video-preview:-1\" \/>\n<link rel=\"canonical\" href=\"https:\/\/koningdrone.be\/es\/producto\/volarious-v-line-pro-tether-kit-power-cable-with-matrice-400-series-power-module\/\" \/>\n<meta property=\"og:locale\" content=\"es_ES\" \/>\n<meta property=\"og:type\" content=\"article\" \/>\n<meta property=\"og:title\" content=\"Volarious V-Line Pro tether kit power cable with Matrice 400 series power module\" \/>\n<meta property=\"og:description\" content=\"Continue stroomvoorziening voor DJI Matrice 400 series drones met tether kabel.  Tot 70\u202fm tether\u2011hoogte en 7\u202fm\/s reel\u2011snelheid voor stabiele vlucht.  Realtime monitoring via V\u2011Assist app of DJI Pilot\u202f2 widget.  Ge\u00efntegreerde beveiliging met temperatuursensoren en bescherming tegen overstroom.  Robuust, modulair ontwerp met power module en back\u2011up batterij.\" \/>\n<meta property=\"og:url\" content=\"https:\/\/koningdrone.be\/es\/producto\/volarious-v-line-pro-tether-kit-power-cable-with-matrice-400-series-power-module\/\" \/>\n<meta property=\"og:site_name\" content=\"koningdrone.be\" \/>\n<meta property=\"article:modified_time\" content=\"2026-04-29T01:50:17+00:00\" \/>\n<meta property=\"og:image\" content=\"https:\/\/koningdrone.be\/wp-content\/uploads\/sites\/13\/2026\/03\/Volarious-V-Line-Pro-Matrice-400.webp\" \/>\n\t<meta property=\"og:image:width\" content=\"2048\" \/>\n\t<meta property=\"og:image:height\" content=\"2048\" \/>\n\t<meta property=\"og:image:type\" content=\"image\/webp\" \/>\n<meta name=\"twitter:card\" content=\"summary_large_image\" \/>\n<meta name=\"twitter:label1\" content=\"Tiempo de lectura\" \/>\n\t<meta name=\"twitter:data1\" content=\"3 minutos\" \/>\n<script type=\"application\/ld+json\" class=\"yoast-schema-graph\">{\"@context\":\"https:\/\/schema.org\",\"@graph\":[{\"@type\":\"WebPage\",\"@id\":\"https:\/\/koningdrone.be\/product\/volarious-v-line-pro-tether-kit-power-cable-with-matrice-400-series-power-module\/\",\"url\":\"https:\/\/koningdrone.be\/product\/volarious-v-line-pro-tether-kit-power-cable-with-matrice-400-series-power-module\/\",\"name\":\"Volarious V-Line Pro tether kit power cable with Matrice 400 series power module - koningdrone.be\",\"isPartOf\":{\"@id\":\"https:\/\/koningdrone.be\/#website\"},\"primaryImageOfPage\":{\"@id\":\"https:\/\/koningdrone.be\/product\/volarious-v-line-pro-tether-kit-power-cable-with-matrice-400-series-power-module\/#primaryimage\"},\"image\":{\"@id\":\"https:\/\/koningdrone.be\/product\/volarious-v-line-pro-tether-kit-power-cable-with-matrice-400-series-power-module\/#primaryimage\"},\"thumbnailUrl\":\"https:\/\/koningdrone.be\/wp-content\/uploads\/sites\/13\/2026\/03\/Volarious-V-Line-Pro-Matrice-400.webp\",\"datePublished\":\"2026-03-20T12:24:10+00:00\",\"dateModified\":\"2026-04-29T01:50:17+00:00\",\"breadcrumb\":{\"@id\":\"https:\/\/koningdrone.be\/product\/volarious-v-line-pro-tether-kit-power-cable-with-matrice-400-series-power-module\/#breadcrumb\"},\"inLanguage\":\"es\",\"potentialAction\":[{\"@type\":\"ReadAction\",\"target\":[\"https:\/\/koningdrone.be\/product\/volarious-v-line-pro-tether-kit-power-cable-with-matrice-400-series-power-module\/\"]}]},{\"@type\":\"ImageObject\",\"inLanguage\":\"es\",\"@id\":\"https:\/\/koningdrone.be\/product\/volarious-v-line-pro-tether-kit-power-cable-with-matrice-400-series-power-module\/#primaryimage\",\"url\":\"https:\/\/koningdrone.be\/wp-content\/uploads\/sites\/13\/2026\/03\/Volarious-V-Line-Pro-Matrice-400.webp\",\"contentUrl\":\"https:\/\/koningdrone.be\/wp-content\/uploads\/sites\/13\/2026\/03\/Volarious-V-Line-Pro-Matrice-400.webp\",\"width\":2048,\"height\":2048},{\"@type\":\"BreadcrumbList\",\"@id\":\"https:\/\/koningdrone.be\/product\/volarious-v-line-pro-tether-kit-power-cable-with-matrice-400-series-power-module\/#breadcrumb\",\"itemListElement\":[{\"@type\":\"ListItem\",\"position\":1,\"name\":\"Home\",\"item\":\"https:\/\/koningdrone.be\/\"},{\"@type\":\"ListItem\",\"position\":2,\"name\":\"AVSS Parachute Recovery System for DJI Matrice 300\/350\",\"item\":\"https:\/\/koningdrone.be\/product\/avss-parachute-recovery-system-for-dji-matrice-300-350\/\"},{\"@type\":\"ListItem\",\"position\":3,\"name\":\"DJI Matrice 400\",\"item\":\"https:\/\/koningdrone.be\/categorie\/dji-matrice-400\/\"},{\"@type\":\"ListItem\",\"position\":4,\"name\":\"Volarious V-Line Pro tether kit power cable with Matrice 400 series power module\"}]},{\"@type\":\"WebSite\",\"@id\":\"https:\/\/koningdrone.be\/#website\",\"url\":\"https:\/\/koningdrone.be\/\",\"name\":\"Koningdrone.be - Uw online specialist in drones, gimbals, camera's en power stations.\",\"description\":\"De webshop in drones en gimbals\",\"publisher\":{\"@id\":\"https:\/\/koningdrone.be\/#organization\"},\"potentialAction\":[{\"@type\":\"SearchAction\",\"target\":{\"@type\":\"EntryPoint\",\"urlTemplate\":\"https:\/\/koningdrone.be\/?s={search_term_string}\"},\"query-input\":{\"@type\":\"PropertyValueSpecification\",\"valueRequired\":true,\"valueName\":\"search_term_string\"}}],\"inLanguage\":\"es\"},{\"@type\":\"Organization\",\"@id\":\"https:\/\/koningdrone.be\/#organization\",\"name\":\"Koningdrone.be\",\"url\":\"https:\/\/koningdrone.be\/\",\"logo\":{\"@type\":\"ImageObject\",\"inLanguage\":\"es\",\"@id\":\"https:\/\/koningdrone.be\/#\/schema\/logo\/image\/\",\"url\":\"https:\/\/koningdrone.be\/wp-content\/uploads\/sites\/13\/2025\/04\/koningdrone-copyright-logo.svg\",\"contentUrl\":\"https:\/\/koningdrone.be\/wp-content\/uploads\/sites\/13\/2025\/04\/koningdrone-copyright-logo.svg\",\"width\":227,\"height\":38,\"caption\":\"Koningdrone.be\"},\"image\":{\"@id\":\"https:\/\/koningdrone.be\/#\/schema\/logo\/image\/\"}}]}<\/script>\n<!-- \/ Yoast SEO Premium plugin. -->","yoast_head_json":{"title":"Volarious V-Line Pro tether kit power cable with Matrice 400 series power module - koningdrone.be","robots":{"index":"index","follow":"follow","max-snippet":"max-snippet:-1","max-image-preview":"max-image-preview:large","max-video-preview":"max-video-preview:-1"},"canonical":"https:\/\/koningdrone.be\/es\/producto\/volarious-v-line-pro-tether-kit-power-cable-with-matrice-400-series-power-module\/","og_locale":"es_ES","og_type":"article","og_title":"Volarious V-Line Pro tether kit power cable with Matrice 400 series power module","og_description":"Continue stroomvoorziening voor DJI Matrice 400 series drones met tether kabel.  Tot 70\u202fm tether\u2011hoogte en 7\u202fm\/s reel\u2011snelheid voor stabiele vlucht.  Realtime monitoring via V\u2011Assist app of DJI Pilot\u202f2 widget.  Ge\u00efntegreerde beveiliging met temperatuursensoren en bescherming tegen overstroom.  Robuust, modulair ontwerp met power module en back\u2011up batterij.","og_url":"https:\/\/koningdrone.be\/es\/producto\/volarious-v-line-pro-tether-kit-power-cable-with-matrice-400-series-power-module\/","og_site_name":"koningdrone.be","article_modified_time":"2026-04-29T01:50:17+00:00","og_image":[{"width":2048,"height":2048,"url":"https:\/\/koningdrone.be\/wp-content\/uploads\/sites\/13\/2026\/03\/Volarious-V-Line-Pro-Matrice-400.webp","type":"image\/webp"}],"twitter_card":"summary_large_image","twitter_misc":{"Tiempo de lectura":"3 minutos"},"schema":{"@context":"https:\/\/schema.org","@graph":[{"@type":"WebPage","@id":"https:\/\/koningdrone.be\/product\/volarious-v-line-pro-tether-kit-power-cable-with-matrice-400-series-power-module\/","url":"https:\/\/koningdrone.be\/product\/volarious-v-line-pro-tether-kit-power-cable-with-matrice-400-series-power-module\/","name":"Volarious V-Line Pro tether kit power cable with Matrice 400 series power module - koningdrone.be","isPartOf":{"@id":"https:\/\/koningdrone.be\/#website"},"primaryImageOfPage":{"@id":"https:\/\/koningdrone.be\/product\/volarious-v-line-pro-tether-kit-power-cable-with-matrice-400-series-power-module\/#primaryimage"},"image":{"@id":"https:\/\/koningdrone.be\/product\/volarious-v-line-pro-tether-kit-power-cable-with-matrice-400-series-power-module\/#primaryimage"},"thumbnailUrl":"https:\/\/koningdrone.be\/wp-content\/uploads\/sites\/13\/2026\/03\/Volarious-V-Line-Pro-Matrice-400.webp","datePublished":"2026-03-20T12:24:10+00:00","dateModified":"2026-04-29T01:50:17+00:00","breadcrumb":{"@id":"https:\/\/koningdrone.be\/product\/volarious-v-line-pro-tether-kit-power-cable-with-matrice-400-series-power-module\/#breadcrumb"},"inLanguage":"es","potentialAction":[{"@type":"ReadAction","target":["https:\/\/koningdrone.be\/product\/volarious-v-line-pro-tether-kit-power-cable-with-matrice-400-series-power-module\/"]}]},{"@type":"ImageObject","inLanguage":"es","@id":"https:\/\/koningdrone.be\/product\/volarious-v-line-pro-tether-kit-power-cable-with-matrice-400-series-power-module\/#primaryimage","url":"https:\/\/koningdrone.be\/wp-content\/uploads\/sites\/13\/2026\/03\/Volarious-V-Line-Pro-Matrice-400.webp","contentUrl":"https:\/\/koningdrone.be\/wp-content\/uploads\/sites\/13\/2026\/03\/Volarious-V-Line-Pro-Matrice-400.webp","width":2048,"height":2048},{"@type":"BreadcrumbList","@id":"https:\/\/koningdrone.be\/product\/volarious-v-line-pro-tether-kit-power-cable-with-matrice-400-series-power-module\/#breadcrumb","itemListElement":[{"@type":"ListItem","position":1,"name":"Home","item":"https:\/\/koningdrone.be\/"},{"@type":"ListItem","position":2,"name":"AVSS Parachute Recovery System for DJI Matrice 300\/350","item":"https:\/\/koningdrone.be\/product\/avss-parachute-recovery-system-for-dji-matrice-300-350\/"},{"@type":"ListItem","position":3,"name":"DJI Matrice 400","item":"https:\/\/koningdrone.be\/categorie\/dji-matrice-400\/"},{"@type":"ListItem","position":4,"name":"Volarious V-Line Pro tether kit power cable with Matrice 400 series power module"}]},{"@type":"WebSite","@id":"https:\/\/koningdrone.be\/#website","url":"https:\/\/koningdrone.be\/","name":"Koningdrone.be - Su especialista en l\u00ednea en drones, cardanes, c\u00e1maras y centrales el\u00e9ctricas.","description":"La tienda virtual de drones y cardanes","publisher":{"@id":"https:\/\/koningdrone.be\/#organization"},"potentialAction":[{"@type":"SearchAction","target":{"@type":"EntryPoint","urlTemplate":"https:\/\/koningdrone.be\/?s={search_term_string}"},"query-input":{"@type":"PropertyValueSpecification","valueRequired":true,"valueName":"search_term_string"}}],"inLanguage":"es"},{"@type":"Organization","@id":"https:\/\/koningdrone.be\/#organization","name":"Kingdrone.es","url":"https:\/\/koningdrone.be\/","logo":{"@type":"ImageObject","inLanguage":"es","@id":"https:\/\/koningdrone.be\/#\/schema\/logo\/image\/","url":"https:\/\/koningdrone.be\/wp-content\/uploads\/sites\/13\/2025\/04\/koningdrone-copyright-logo.svg","contentUrl":"https:\/\/koningdrone.be\/wp-content\/uploads\/sites\/13\/2025\/04\/koningdrone-copyright-logo.svg","width":227,"height":38,"caption":"Koningdrone.be"},"image":{"@id":"https:\/\/koningdrone.be\/#\/schema\/logo\/image\/"}}]}},"df_price":19299,"df_sale_price":"","df_regular_price":19299,"df_image_link":"https:\/\/koningdrone.be\/wp-content\/uploads\/sites\/13\/2026\/03\/Volarious-V-Line-Pro-Matrice-400-300x300.webp","_links":{"self":[{"href":"https:\/\/koningdrone.be\/es\/wp-json\/wp\/v2\/product\/17424","targetHints":{"allow":["GET"]}}],"collection":[{"href":"https:\/\/koningdrone.be\/es\/wp-json\/wp\/v2\/product"}],"about":[{"href":"https:\/\/koningdrone.be\/es\/wp-json\/wp\/v2\/types\/product"}],"wp:featuredmedia":[{"embeddable":true,"href":"https:\/\/koningdrone.be\/es\/wp-json\/wp\/v2\/media\/17730"}],"wp:attachment":[{"href":"https:\/\/koningdrone.be\/es\/wp-json\/wp\/v2\/media?parent=17424"}],"wp:term":[{"taxonomy":"product_brand","embeddable":true,"href":"https:\/\/koningdrone.be\/es\/wp-json\/wp\/v2\/product_brand?post=17424"},{"taxonomy":"product_cat","embeddable":true,"href":"https:\/\/koningdrone.be\/es\/wp-json\/wp\/v2\/product_cat?post=17424"},{"taxonomy":"product_tag","embeddable":true,"href":"https:\/\/koningdrone.be\/es\/wp-json\/wp\/v2\/product_tag?post=17424"}],"curies":[{"name":"wp","href":"https:\/\/api.w.org\/{rel}","templated":true}]}}