{"id":17419,"date":"2026-03-20T13:24:21","date_gmt":"2026-03-20T12:24:21","guid":{"rendered":"https:\/\/koningdrone.be\/?post_type=product&#038;p=17419"},"modified":"2026-04-29T16:30:31","modified_gmt":"2026-04-29T14:30:31","slug":"dji-flycart-100-dual-battery-lifting-system","status":"publish","type":"product","link":"https:\/\/koningdrone.be\/es\/producto\/dji-flycart-100-dual-battery-lifting-system\/","title":{"rendered":"Sistema de elevaci\u00f3n de doble bater\u00eda DJI Flycart 100"},"content":{"rendered":"<h3>Sistema de elevaci\u00f3n de doble bater\u00eda DJI Flycart 100<\/h3>\n<p><iframe loading=\"lazy\" title=\"Presentamos DJI FlyCart 100 | Consigue m\u00e1s entregas\" width=\"800\" height=\"450\" src=\"https:\/\/www.youtube.com\/embed\/QCU3fBOJ0H0?start=1&#038;feature=oembed&#038;enablejsapi=1&#038;origin=https:\/\/koningdrone.be\" frameborder=\"0\" allow=\"accelerometer; autoplay; clipboard-write; encrypted-media; gyroscope; picture-in-picture; web-share\" referrerpolicy=\"strict-origin-when-cross-origin\" allowfullscreen><\/iframe><\/p>\n<p style=\"margin: 20px 0\">El sistema de elevaci\u00f3n de doble bater\u00eda DJI FlyCart 100 es un sistema profesional de elevaci\u00f3n y transporte dise\u00f1ado espec\u00edficamente para la log\u00edstica de drones pesados con el DJI FlyCart 100. El sistema permite elevar cargas de forma segura, bajarlas de forma controlada y entregarlas con precisi\u00f3n en lugares donde el aterrizaje es dif\u00edcil o imposible. Esto lo hace ideal para aplicaciones industriales como proyectos de construcci\u00f3n, respuesta a emergencias, inspecciones de infraestructuras y entregas log\u00edsticas en zonas de dif\u00edcil acceso. Al integrarse con la plataforma FlyCart 100, el sistema funciona a la perfecci\u00f3n con el dron y sus funciones de vuelo inteligente.<\/p>\n<p><a href=\"https:\/\/koningdrone.nl\/wp-content\/uploads\/2026\/03\/Flycart-100-Dual-Battery-Lifting-System-DJI-Product-Action.jpg\"><img loading=\"lazy\" decoding=\"async\" class=\"aligncenter wp-image-469979 size-full\" src=\"https:\/\/koningdrone.nl\/wp-content\/uploads\/2026\/03\/Flycart-100-Dual-Battery-Lifting-System-DJI-Product-Action.jpg\" alt=\"Flycart 100 Dual-Battery Lifting System DJI Product Action\" width=\"1200\" height=\"800\" \/><\/a><\/p>\n<h4>Rendimiento y funcionalidad<\/h4>\n<p>El sistema de elevaci\u00f3n utiliza un cable resistente y un gancho de carga para bajar o recoger cargas con precisi\u00f3n sin que el dron tenga que aterrizar. La longitud est\u00e1ndar del cable de 10 metros proporciona un alcance suficiente para realizar entregas seguras, con un alcance de trabajo recomendado de hasta 15 metros para un rendimiento \u00f3ptimo. El sistema admite el control autom\u00e1tico del equilibrio, lo que mantiene la carga \u00fatil estable durante el transporte y la colocaci\u00f3n. Tambi\u00e9n cuenta con una funci\u00f3n de pesaje integrada que permite a los operadores comprobar al instante el peso de la carga \u00fatil antes de que el dron despegue o durante su funcionamiento. Para situaciones de emergencia, el sistema cuenta con una funci\u00f3n de Escape por Corte de Cable que puede desconectar inmediatamente el cable cuando sea necesario para la seguridad del vuelo.<\/p>\n<h4>Calidad de construcci\u00f3n y dise\u00f1o<\/h4>\n<p style=\"margin-bottom: 20px\">Dise\u00f1ado para uso profesional, el sistema cuenta con una robusta construcci\u00f3n industrial que puede soportar duras condiciones operativas. La s\u00f3lida construcci\u00f3n de montaje asegura una fijaci\u00f3n estable al DJI FlyCart 100 y garantiza un rendimiento fiable durante las misiones de transporte pesado. Los componentes mec\u00e1nicos est\u00e1n dise\u00f1ados para ofrecer durabilidad y un funcionamiento preciso, lo que permite a los operadores mover mercanc\u00edas de forma segura y eficiente. El dise\u00f1o compacto garantiza que el sistema se integre perfectamente con la plataforma del dron sin afectar a la aerodin\u00e1mica ni a la estabilidad.<\/p>\n<p><a href=\"https:\/\/koningdrone.nl\/wp-content\/uploads\/2026\/03\/DJI-Flycart-100-Dual-Battery-Lifting-System.webp\"><img loading=\"lazy\" decoding=\"async\" class=\"size-medium wp-image-469978 aligncenter\" src=\"https:\/\/koningdrone.nl\/wp-content\/uploads\/2026\/03\/DJI-Flycart-100-Dual-Battery-Lifting-System-300x300.webp\" alt=\"DJI Flycart 100 Dual-Battery Lifting System\" width=\"300\" height=\"300\" \/><\/a><\/p>\n<h4>Por qu\u00e9 lo necesita<\/h4>\n<p>Para las empresas que utilizan log\u00edstica con drones, el sistema de elevaci\u00f3n de doble bater\u00eda DJI FlyCart 100 ofrece una soluci\u00f3n eficiente y segura para tareas de transporte pesado. El sistema combina un funcionamiento preciso, funciones de seguridad avanzadas y un rendimiento fiable, lo que permite entregar mercanc\u00edas de forma segura en lugares de dif\u00edcil acceso para los m\u00e9todos de transporte tradicionales.<\/p>","protected":false},"excerpt":{"rendered":"<ul>\n<li>Sistema de elevaci\u00f3n profesional para la log\u00edstica de drones pesados<\/li>\n<li>Entrega precisa de la carga sin tener que aterrizar el dron<\/li>\n<li>Control autom\u00e1tico del equilibrio para el transporte estable de cargas \u00fatiles<\/li>\n<li>Funci\u00f3n de pesaje integrada para controlar el peso de la carga en tiempo real<\/li>\n<li>Funci\u00f3n de emergencia de escape por corte de cable para mayor seguridad de escape<\/li>\n<\/ul>","protected":false},"featured_media":17411,"template":"","meta":{"_acf_changed":false},"product_brand":[],"product_cat":[158,1802],"product_tag":[],"class_list":{"0":"post-17419","1":"product","2":"type-product","3":"status-publish","4":"has-post-thumbnail","6":"product_cat-dji-flycart","7":"product_cat-dji-flycart-100","8":"product_shipping_class-outofstock","9":"pa_brand-dji-cargo","10":"pa_producttype-hijssysteem","12":"first","13":"outofstock","14":"taxable","15":"shipping-taxable","16":"purchasable","17":"product-type-simple"},"acf":[],"yoast_head":"<!-- This site is optimized with the Yoast SEO Premium plugin v27.2 (Yoast SEO v27.2) - https:\/\/yoast.com\/product\/yoast-seo-premium-wordpress\/ -->\n<title>DJI Flycart 100 Dual-Battery Lifting System - koningdrone.be<\/title>\n<meta name=\"robots\" content=\"index, follow, max-snippet:-1, max-image-preview:large, max-video-preview:-1\" \/>\n<link rel=\"canonical\" href=\"https:\/\/koningdrone.be\/es\/producto\/dji-flycart-100-dual-battery-lifting-system\/\" \/>\n<meta property=\"og:locale\" content=\"es_ES\" \/>\n<meta property=\"og:type\" content=\"article\" \/>\n<meta property=\"og:title\" content=\"DJI Flycart 100 Dual-Battery Lifting System\" \/>\n<meta property=\"og:description\" content=\"Professioneel hijssysteem voor zware drone-logistiek  Nauwkeurige levering van lading zonder dat de drone hoeft te landen  Automatische balanscontrole voor stabiel transport van payloads  Ingebouwde weegfunctie voor realtime controle van het laadgewicht  Cable Cut Escape noodfunctie voor extra vluchtveiligheid\" \/>\n<meta property=\"og:url\" content=\"https:\/\/koningdrone.be\/es\/producto\/dji-flycart-100-dual-battery-lifting-system\/\" \/>\n<meta property=\"og:site_name\" content=\"koningdrone.be\" \/>\n<meta property=\"article:modified_time\" content=\"2026-04-29T14:30:31+00:00\" \/>\n<meta property=\"og:image\" content=\"https:\/\/koningdrone.be\/wp-content\/uploads\/sites\/13\/2026\/03\/DJI-Flycart-100-Dual-Battery-Lifting-System.webp\" \/>\n\t<meta property=\"og:image:width\" content=\"2048\" \/>\n\t<meta property=\"og:image:height\" content=\"2048\" \/>\n\t<meta property=\"og:image:type\" content=\"image\/webp\" \/>\n<meta name=\"twitter:card\" content=\"summary_large_image\" \/>\n<meta name=\"twitter:label1\" content=\"Tiempo de lectura\" \/>\n\t<meta name=\"twitter:data1\" content=\"2 minutos\" \/>\n<script type=\"application\/ld+json\" class=\"yoast-schema-graph\">{\"@context\":\"https:\/\/schema.org\",\"@graph\":[{\"@type\":\"WebPage\",\"@id\":\"https:\/\/koningdrone.be\/product\/dji-flycart-100-dual-battery-lifting-system\/\",\"url\":\"https:\/\/koningdrone.be\/product\/dji-flycart-100-dual-battery-lifting-system\/\",\"name\":\"DJI Flycart 100 Dual-Battery Lifting System - koningdrone.be\",\"isPartOf\":{\"@id\":\"https:\/\/koningdrone.be\/#website\"},\"primaryImageOfPage\":{\"@id\":\"https:\/\/koningdrone.be\/product\/dji-flycart-100-dual-battery-lifting-system\/#primaryimage\"},\"image\":{\"@id\":\"https:\/\/koningdrone.be\/product\/dji-flycart-100-dual-battery-lifting-system\/#primaryimage\"},\"thumbnailUrl\":\"https:\/\/koningdrone.be\/wp-content\/uploads\/sites\/13\/2026\/03\/DJI-Flycart-100-Dual-Battery-Lifting-System.webp\",\"datePublished\":\"2026-03-20T12:24:21+00:00\",\"dateModified\":\"2026-04-29T14:30:31+00:00\",\"breadcrumb\":{\"@id\":\"https:\/\/koningdrone.be\/product\/dji-flycart-100-dual-battery-lifting-system\/#breadcrumb\"},\"inLanguage\":\"es\",\"potentialAction\":[{\"@type\":\"ReadAction\",\"target\":[\"https:\/\/koningdrone.be\/product\/dji-flycart-100-dual-battery-lifting-system\/\"]}]},{\"@type\":\"ImageObject\",\"inLanguage\":\"es\",\"@id\":\"https:\/\/koningdrone.be\/product\/dji-flycart-100-dual-battery-lifting-system\/#primaryimage\",\"url\":\"https:\/\/koningdrone.be\/wp-content\/uploads\/sites\/13\/2026\/03\/DJI-Flycart-100-Dual-Battery-Lifting-System.webp\",\"contentUrl\":\"https:\/\/koningdrone.be\/wp-content\/uploads\/sites\/13\/2026\/03\/DJI-Flycart-100-Dual-Battery-Lifting-System.webp\",\"width\":2048,\"height\":2048},{\"@type\":\"BreadcrumbList\",\"@id\":\"https:\/\/koningdrone.be\/product\/dji-flycart-100-dual-battery-lifting-system\/#breadcrumb\",\"itemListElement\":[{\"@type\":\"ListItem\",\"position\":1,\"name\":\"Home\",\"item\":\"https:\/\/koningdrone.be\/\"},{\"@type\":\"ListItem\",\"position\":2,\"name\":\"AVSS Parachute Recovery System for DJI Matrice 300\/350\",\"item\":\"https:\/\/koningdrone.be\/product\/avss-parachute-recovery-system-for-dji-matrice-300-350\/\"},{\"@type\":\"ListItem\",\"position\":3,\"name\":\"DJI FlyCart\",\"item\":\"https:\/\/koningdrone.be\/categorie\/dji-flycart\/\"},{\"@type\":\"ListItem\",\"position\":4,\"name\":\"DJI Flycart 100 Dual-Battery Lifting System\"}]},{\"@type\":\"WebSite\",\"@id\":\"https:\/\/koningdrone.be\/#website\",\"url\":\"https:\/\/koningdrone.be\/\",\"name\":\"Koningdrone.be - Uw online specialist in drones, gimbals, camera's en power stations.\",\"description\":\"De webshop in drones en gimbals\",\"publisher\":{\"@id\":\"https:\/\/koningdrone.be\/#organization\"},\"potentialAction\":[{\"@type\":\"SearchAction\",\"target\":{\"@type\":\"EntryPoint\",\"urlTemplate\":\"https:\/\/koningdrone.be\/?s={search_term_string}\"},\"query-input\":{\"@type\":\"PropertyValueSpecification\",\"valueRequired\":true,\"valueName\":\"search_term_string\"}}],\"inLanguage\":\"es\"},{\"@type\":\"Organization\",\"@id\":\"https:\/\/koningdrone.be\/#organization\",\"name\":\"Koningdrone.be\",\"url\":\"https:\/\/koningdrone.be\/\",\"logo\":{\"@type\":\"ImageObject\",\"inLanguage\":\"es\",\"@id\":\"https:\/\/koningdrone.be\/#\/schema\/logo\/image\/\",\"url\":\"https:\/\/koningdrone.be\/wp-content\/uploads\/sites\/13\/2025\/04\/koningdrone-copyright-logo.svg\",\"contentUrl\":\"https:\/\/koningdrone.be\/wp-content\/uploads\/sites\/13\/2025\/04\/koningdrone-copyright-logo.svg\",\"width\":227,\"height\":38,\"caption\":\"Koningdrone.be\"},\"image\":{\"@id\":\"https:\/\/koningdrone.be\/#\/schema\/logo\/image\/\"}}]}<\/script>\n<!-- \/ Yoast SEO Premium plugin. -->","yoast_head_json":{"title":"DJI Flycart 100 Dual-Battery Lifting System - koningdrone.be","robots":{"index":"index","follow":"follow","max-snippet":"max-snippet:-1","max-image-preview":"max-image-preview:large","max-video-preview":"max-video-preview:-1"},"canonical":"https:\/\/koningdrone.be\/es\/producto\/dji-flycart-100-dual-battery-lifting-system\/","og_locale":"es_ES","og_type":"article","og_title":"DJI Flycart 100 Dual-Battery Lifting System","og_description":"Professioneel hijssysteem voor zware drone-logistiek  Nauwkeurige levering van lading zonder dat de drone hoeft te landen  Automatische balanscontrole voor stabiel transport van payloads  Ingebouwde weegfunctie voor realtime controle van het laadgewicht  Cable Cut Escape noodfunctie voor extra vluchtveiligheid","og_url":"https:\/\/koningdrone.be\/es\/producto\/dji-flycart-100-dual-battery-lifting-system\/","og_site_name":"koningdrone.be","article_modified_time":"2026-04-29T14:30:31+00:00","og_image":[{"width":2048,"height":2048,"url":"https:\/\/koningdrone.be\/wp-content\/uploads\/sites\/13\/2026\/03\/DJI-Flycart-100-Dual-Battery-Lifting-System.webp","type":"image\/webp"}],"twitter_card":"summary_large_image","twitter_misc":{"Tiempo de lectura":"2 minutos"},"schema":{"@context":"https:\/\/schema.org","@graph":[{"@type":"WebPage","@id":"https:\/\/koningdrone.be\/product\/dji-flycart-100-dual-battery-lifting-system\/","url":"https:\/\/koningdrone.be\/product\/dji-flycart-100-dual-battery-lifting-system\/","name":"DJI Flycart 100 Dual-Battery Lifting System - koningdrone.be","isPartOf":{"@id":"https:\/\/koningdrone.be\/#website"},"primaryImageOfPage":{"@id":"https:\/\/koningdrone.be\/product\/dji-flycart-100-dual-battery-lifting-system\/#primaryimage"},"image":{"@id":"https:\/\/koningdrone.be\/product\/dji-flycart-100-dual-battery-lifting-system\/#primaryimage"},"thumbnailUrl":"https:\/\/koningdrone.be\/wp-content\/uploads\/sites\/13\/2026\/03\/DJI-Flycart-100-Dual-Battery-Lifting-System.webp","datePublished":"2026-03-20T12:24:21+00:00","dateModified":"2026-04-29T14:30:31+00:00","breadcrumb":{"@id":"https:\/\/koningdrone.be\/product\/dji-flycart-100-dual-battery-lifting-system\/#breadcrumb"},"inLanguage":"es","potentialAction":[{"@type":"ReadAction","target":["https:\/\/koningdrone.be\/product\/dji-flycart-100-dual-battery-lifting-system\/"]}]},{"@type":"ImageObject","inLanguage":"es","@id":"https:\/\/koningdrone.be\/product\/dji-flycart-100-dual-battery-lifting-system\/#primaryimage","url":"https:\/\/koningdrone.be\/wp-content\/uploads\/sites\/13\/2026\/03\/DJI-Flycart-100-Dual-Battery-Lifting-System.webp","contentUrl":"https:\/\/koningdrone.be\/wp-content\/uploads\/sites\/13\/2026\/03\/DJI-Flycart-100-Dual-Battery-Lifting-System.webp","width":2048,"height":2048},{"@type":"BreadcrumbList","@id":"https:\/\/koningdrone.be\/product\/dji-flycart-100-dual-battery-lifting-system\/#breadcrumb","itemListElement":[{"@type":"ListItem","position":1,"name":"Home","item":"https:\/\/koningdrone.be\/"},{"@type":"ListItem","position":2,"name":"AVSS Parachute Recovery System for DJI Matrice 300\/350","item":"https:\/\/koningdrone.be\/product\/avss-parachute-recovery-system-for-dji-matrice-300-350\/"},{"@type":"ListItem","position":3,"name":"DJI FlyCart","item":"https:\/\/koningdrone.be\/categorie\/dji-flycart\/"},{"@type":"ListItem","position":4,"name":"DJI Flycart 100 Dual-Battery Lifting System"}]},{"@type":"WebSite","@id":"https:\/\/koningdrone.be\/#website","url":"https:\/\/koningdrone.be\/","name":"Koningdrone.be - Su especialista en l\u00ednea en drones, cardanes, c\u00e1maras y centrales el\u00e9ctricas.","description":"La tienda virtual de drones y cardanes","publisher":{"@id":"https:\/\/koningdrone.be\/#organization"},"potentialAction":[{"@type":"SearchAction","target":{"@type":"EntryPoint","urlTemplate":"https:\/\/koningdrone.be\/?s={search_term_string}"},"query-input":{"@type":"PropertyValueSpecification","valueRequired":true,"valueName":"search_term_string"}}],"inLanguage":"es"},{"@type":"Organization","@id":"https:\/\/koningdrone.be\/#organization","name":"Kingdrone.es","url":"https:\/\/koningdrone.be\/","logo":{"@type":"ImageObject","inLanguage":"es","@id":"https:\/\/koningdrone.be\/#\/schema\/logo\/image\/","url":"https:\/\/koningdrone.be\/wp-content\/uploads\/sites\/13\/2025\/04\/koningdrone-copyright-logo.svg","contentUrl":"https:\/\/koningdrone.be\/wp-content\/uploads\/sites\/13\/2025\/04\/koningdrone-copyright-logo.svg","width":227,"height":38,"caption":"Koningdrone.be"},"image":{"@id":"https:\/\/koningdrone.be\/#\/schema\/logo\/image\/"}}]}},"df_price":1559,"df_sale_price":"","df_regular_price":1559,"df_image_link":"https:\/\/koningdrone.be\/wp-content\/uploads\/sites\/13\/2026\/03\/DJI-Flycart-100-Dual-Battery-Lifting-System-300x300.webp","_links":{"self":[{"href":"https:\/\/koningdrone.be\/es\/wp-json\/wp\/v2\/product\/17419","targetHints":{"allow":["GET"]}}],"collection":[{"href":"https:\/\/koningdrone.be\/es\/wp-json\/wp\/v2\/product"}],"about":[{"href":"https:\/\/koningdrone.be\/es\/wp-json\/wp\/v2\/types\/product"}],"wp:featuredmedia":[{"embeddable":true,"href":"https:\/\/koningdrone.be\/es\/wp-json\/wp\/v2\/media\/17411"}],"wp:attachment":[{"href":"https:\/\/koningdrone.be\/es\/wp-json\/wp\/v2\/media?parent=17419"}],"wp:term":[{"taxonomy":"product_brand","embeddable":true,"href":"https:\/\/koningdrone.be\/es\/wp-json\/wp\/v2\/product_brand?post=17419"},{"taxonomy":"product_cat","embeddable":true,"href":"https:\/\/koningdrone.be\/es\/wp-json\/wp\/v2\/product_cat?post=17419"},{"taxonomy":"product_tag","embeddable":true,"href":"https:\/\/koningdrone.be\/es\/wp-json\/wp\/v2\/product_tag?post=17419"}],"curies":[{"name":"wp","href":"https:\/\/api.w.org\/{rel}","templated":true}]}}