{"id":1741,"date":"2024-11-05T10:28:30","date_gmt":"2024-11-05T09:28:30","guid":{"rendered":"https:\/\/koningdrone.nl\/kon\/product\/ecoflow-rapid-10000mah-powerbank-blue\/"},"modified":"2026-04-29T14:10:35","modified_gmt":"2026-04-29T12:10:35","slug":"ecoflow-rapid-10000mah-powerbank-blue","status":"publish","type":"product","link":"https:\/\/koningdrone.be\/es\/producto\/ecoflow-rapid-10000mah-powerbank-blue\/","title":{"rendered":"EcoFlow Rapid 10000mAh powerbank Azul"},"content":{"rendered":"<p>El EcoFlow Rapid 10000mAh Powerbank en azul ofrece una soluci\u00f3n vibrante y eficiente a sus necesidades de carga. Dise\u00f1ado para la portabilidad, este powerbank es ligero y compacto, por lo que es un compa\u00f1ero ideal para actividades al aire libre, viajes o uso diario. Con su potente capacidad de 10000 mAh, garantiza que sus dispositivos permanezcan cargados tanto si est\u00e1 de excursi\u00f3n en la naturaleza como si se desplaza por la ciudad. Su capacidad de carga r\u00e1pida garantiza que sus tel\u00e9fonos inteligentes, tabletas y otros aparatos se carguen r\u00e1pidamente, para que nunca pierda el ritmo. El llamativo color azul le da un toque divertido y en\u00e9rgico, convirti\u00e9ndolo en un accesorio destacado de tu colecci\u00f3n tecnol\u00f3gica.<\/p>","protected":false},"excerpt":{"rendered":"<ul>\n<li>Dise\u00f1o compacto y ligero para facilitar su transporte.<\/li>\n<li>Bater\u00eda de alta capacidad de 10000mAh para m\u00faltiples cargas.<\/li>\n<li>La tecnolog\u00eda de carga r\u00e1pida garantiza un r\u00e1pido suministro de energ\u00eda.<\/li>\n<li>Compatible con una amplia gama de dispositivos USB.<\/li>\n<li>Ideal para viajes, actividades al aire libre y uso diario.<\/li>\n<\/ul>","protected":false},"featured_media":1740,"template":"","meta":{"_acf_changed":false},"product_brand":[],"product_cat":[268,97,245],"product_tag":[],"class_list":{"0":"post-1741","1":"product","2":"type-product","3":"status-publish","4":"has-post-thumbnail","6":"product_cat-alle-accessoires","7":"product_cat-alle-producten","8":"product_cat-ecoflow","9":"product_shipping_class-outofstock","10":"pa_producttype-powerbank","12":"first","13":"outofstock","14":"taxable","15":"shipping-taxable","16":"product-type-simple"},"acf":[],"yoast_head":"<!-- This site is optimized with the Yoast SEO Premium plugin v27.2 (Yoast SEO v27.2) - https:\/\/yoast.com\/product\/yoast-seo-premium-wordpress\/ -->\n<title>EcoFlow Rapid 10000mAh powerbank Blue - koningdrone.be<\/title>\n<meta name=\"robots\" content=\"index, follow, max-snippet:-1, max-image-preview:large, max-video-preview:-1\" \/>\n<link rel=\"canonical\" href=\"https:\/\/koningdrone.be\/es\/producto\/ecoflow-rapid-10000mah-powerbank-blue\/\" \/>\n<meta property=\"og:locale\" content=\"es_ES\" \/>\n<meta property=\"og:type\" content=\"article\" \/>\n<meta property=\"og:title\" content=\"EcoFlow Rapid 10000mAh powerbank Blue\" \/>\n<meta property=\"og:description\" content=\"Compact en lichtgewicht ontwerp voor eenvoudige draagbaarheid.10000mAh-batterij met hoge capaciteit voor meerdere oplaadbeurten.Snelle oplaadtechnologie zorgt voor snelle stroomlevering.Compatibel met een breed scala aan USB-apparaten.Ideaal voor reizen, buitenactiviteiten en dagelijks gebruik.\" \/>\n<meta property=\"og:url\" content=\"https:\/\/koningdrone.be\/es\/producto\/ecoflow-rapid-10000mah-powerbank-blue\/\" \/>\n<meta property=\"og:site_name\" content=\"koningdrone.be\" \/>\n<meta property=\"article:modified_time\" content=\"2026-04-29T12:10:35+00:00\" \/>\n<meta property=\"og:image\" content=\"https:\/\/koningdrone.be\/wp-content\/uploads\/sites\/13\/2025\/04\/EcoFlow_RAPID_Magnetic_Power_Bank_Close_Up_1000x1000.jpg\" \/>\n\t<meta property=\"og:image:width\" content=\"1000\" \/>\n\t<meta property=\"og:image:height\" content=\"1000\" \/>\n\t<meta property=\"og:image:type\" content=\"image\/jpeg\" \/>\n<meta name=\"twitter:card\" content=\"summary_large_image\" \/>\n<meta name=\"twitter:label1\" content=\"Tiempo de lectura\" \/>\n\t<meta name=\"twitter:data1\" content=\"1 minuto\" \/>\n<script type=\"application\/ld+json\" class=\"yoast-schema-graph\">{\"@context\":\"https:\/\/schema.org\",\"@graph\":[{\"@type\":\"WebPage\",\"@id\":\"https:\/\/koningdrone.be\/product\/ecoflow-rapid-10000mah-powerbank-blue\/\",\"url\":\"https:\/\/koningdrone.be\/product\/ecoflow-rapid-10000mah-powerbank-blue\/\",\"name\":\"EcoFlow Rapid 10000mAh powerbank Blue - koningdrone.be\",\"isPartOf\":{\"@id\":\"https:\/\/koningdrone.be\/#website\"},\"primaryImageOfPage\":{\"@id\":\"https:\/\/koningdrone.be\/product\/ecoflow-rapid-10000mah-powerbank-blue\/#primaryimage\"},\"image\":{\"@id\":\"https:\/\/koningdrone.be\/product\/ecoflow-rapid-10000mah-powerbank-blue\/#primaryimage\"},\"thumbnailUrl\":\"https:\/\/koningdrone.be\/wp-content\/uploads\/sites\/13\/2025\/04\/EcoFlow_RAPID_Magnetic_Power_Bank_Close_Up_1000x1000.jpg\",\"datePublished\":\"2024-11-05T09:28:30+00:00\",\"dateModified\":\"2026-04-29T12:10:35+00:00\",\"breadcrumb\":{\"@id\":\"https:\/\/koningdrone.be\/product\/ecoflow-rapid-10000mah-powerbank-blue\/#breadcrumb\"},\"inLanguage\":\"es\",\"potentialAction\":[{\"@type\":\"ReadAction\",\"target\":[\"https:\/\/koningdrone.be\/product\/ecoflow-rapid-10000mah-powerbank-blue\/\"]}]},{\"@type\":\"ImageObject\",\"inLanguage\":\"es\",\"@id\":\"https:\/\/koningdrone.be\/product\/ecoflow-rapid-10000mah-powerbank-blue\/#primaryimage\",\"url\":\"https:\/\/koningdrone.be\/wp-content\/uploads\/sites\/13\/2025\/04\/EcoFlow_RAPID_Magnetic_Power_Bank_Close_Up_1000x1000.jpg\",\"contentUrl\":\"https:\/\/koningdrone.be\/wp-content\/uploads\/sites\/13\/2025\/04\/EcoFlow_RAPID_Magnetic_Power_Bank_Close_Up_1000x1000.jpg\",\"width\":1000,\"height\":1000},{\"@type\":\"BreadcrumbList\",\"@id\":\"https:\/\/koningdrone.be\/product\/ecoflow-rapid-10000mah-powerbank-blue\/#breadcrumb\",\"itemListElement\":[{\"@type\":\"ListItem\",\"position\":1,\"name\":\"Home\",\"item\":\"https:\/\/koningdrone.be\/\"},{\"@type\":\"ListItem\",\"position\":2,\"name\":\"AVSS Parachute Recovery System for DJI Matrice 300\/350\",\"item\":\"https:\/\/koningdrone.be\/product\/avss-parachute-recovery-system-for-dji-matrice-300-350\/\"},{\"@type\":\"ListItem\",\"position\":3,\"name\":\"Alle accessoires\",\"item\":\"https:\/\/koningdrone.be\/categorie\/alle-accessoires\/\"},{\"@type\":\"ListItem\",\"position\":4,\"name\":\"EcoFlow Rapid 10000mAh powerbank Blue\"}]},{\"@type\":\"WebSite\",\"@id\":\"https:\/\/koningdrone.be\/#website\",\"url\":\"https:\/\/koningdrone.be\/\",\"name\":\"Koningdrone.be - Uw online specialist in drones, gimbals, camera's en power stations.\",\"description\":\"De webshop in drones en gimbals\",\"publisher\":{\"@id\":\"https:\/\/koningdrone.be\/#organization\"},\"potentialAction\":[{\"@type\":\"SearchAction\",\"target\":{\"@type\":\"EntryPoint\",\"urlTemplate\":\"https:\/\/koningdrone.be\/?s={search_term_string}\"},\"query-input\":{\"@type\":\"PropertyValueSpecification\",\"valueRequired\":true,\"valueName\":\"search_term_string\"}}],\"inLanguage\":\"es\"},{\"@type\":\"Organization\",\"@id\":\"https:\/\/koningdrone.be\/#organization\",\"name\":\"Koningdrone.be\",\"url\":\"https:\/\/koningdrone.be\/\",\"logo\":{\"@type\":\"ImageObject\",\"inLanguage\":\"es\",\"@id\":\"https:\/\/koningdrone.be\/#\/schema\/logo\/image\/\",\"url\":\"https:\/\/koningdrone.be\/wp-content\/uploads\/sites\/13\/2025\/04\/koningdrone-copyright-logo.svg\",\"contentUrl\":\"https:\/\/koningdrone.be\/wp-content\/uploads\/sites\/13\/2025\/04\/koningdrone-copyright-logo.svg\",\"width\":227,\"height\":38,\"caption\":\"Koningdrone.be\"},\"image\":{\"@id\":\"https:\/\/koningdrone.be\/#\/schema\/logo\/image\/\"}}]}<\/script>\n<!-- \/ Yoast SEO Premium plugin. -->","yoast_head_json":{"title":"EcoFlow Rapid 10000mAh powerbank Blue - koningdrone.be","robots":{"index":"index","follow":"follow","max-snippet":"max-snippet:-1","max-image-preview":"max-image-preview:large","max-video-preview":"max-video-preview:-1"},"canonical":"https:\/\/koningdrone.be\/es\/producto\/ecoflow-rapid-10000mah-powerbank-blue\/","og_locale":"es_ES","og_type":"article","og_title":"EcoFlow Rapid 10000mAh powerbank Blue","og_description":"Compact en lichtgewicht ontwerp voor eenvoudige draagbaarheid.10000mAh-batterij met hoge capaciteit voor meerdere oplaadbeurten.Snelle oplaadtechnologie zorgt voor snelle stroomlevering.Compatibel met een breed scala aan USB-apparaten.Ideaal voor reizen, buitenactiviteiten en dagelijks gebruik.","og_url":"https:\/\/koningdrone.be\/es\/producto\/ecoflow-rapid-10000mah-powerbank-blue\/","og_site_name":"koningdrone.be","article_modified_time":"2026-04-29T12:10:35+00:00","og_image":[{"width":1000,"height":1000,"url":"https:\/\/koningdrone.be\/wp-content\/uploads\/sites\/13\/2025\/04\/EcoFlow_RAPID_Magnetic_Power_Bank_Close_Up_1000x1000.jpg","type":"image\/jpeg"}],"twitter_card":"summary_large_image","twitter_misc":{"Tiempo de lectura":"1 minuto"},"schema":{"@context":"https:\/\/schema.org","@graph":[{"@type":"WebPage","@id":"https:\/\/koningdrone.be\/product\/ecoflow-rapid-10000mah-powerbank-blue\/","url":"https:\/\/koningdrone.be\/product\/ecoflow-rapid-10000mah-powerbank-blue\/","name":"EcoFlow Rapid 10000mAh powerbank Blue - koningdrone.be","isPartOf":{"@id":"https:\/\/koningdrone.be\/#website"},"primaryImageOfPage":{"@id":"https:\/\/koningdrone.be\/product\/ecoflow-rapid-10000mah-powerbank-blue\/#primaryimage"},"image":{"@id":"https:\/\/koningdrone.be\/product\/ecoflow-rapid-10000mah-powerbank-blue\/#primaryimage"},"thumbnailUrl":"https:\/\/koningdrone.be\/wp-content\/uploads\/sites\/13\/2025\/04\/EcoFlow_RAPID_Magnetic_Power_Bank_Close_Up_1000x1000.jpg","datePublished":"2024-11-05T09:28:30+00:00","dateModified":"2026-04-29T12:10:35+00:00","breadcrumb":{"@id":"https:\/\/koningdrone.be\/product\/ecoflow-rapid-10000mah-powerbank-blue\/#breadcrumb"},"inLanguage":"es","potentialAction":[{"@type":"ReadAction","target":["https:\/\/koningdrone.be\/product\/ecoflow-rapid-10000mah-powerbank-blue\/"]}]},{"@type":"ImageObject","inLanguage":"es","@id":"https:\/\/koningdrone.be\/product\/ecoflow-rapid-10000mah-powerbank-blue\/#primaryimage","url":"https:\/\/koningdrone.be\/wp-content\/uploads\/sites\/13\/2025\/04\/EcoFlow_RAPID_Magnetic_Power_Bank_Close_Up_1000x1000.jpg","contentUrl":"https:\/\/koningdrone.be\/wp-content\/uploads\/sites\/13\/2025\/04\/EcoFlow_RAPID_Magnetic_Power_Bank_Close_Up_1000x1000.jpg","width":1000,"height":1000},{"@type":"BreadcrumbList","@id":"https:\/\/koningdrone.be\/product\/ecoflow-rapid-10000mah-powerbank-blue\/#breadcrumb","itemListElement":[{"@type":"ListItem","position":1,"name":"Home","item":"https:\/\/koningdrone.be\/"},{"@type":"ListItem","position":2,"name":"AVSS Parachute Recovery System for DJI Matrice 300\/350","item":"https:\/\/koningdrone.be\/product\/avss-parachute-recovery-system-for-dji-matrice-300-350\/"},{"@type":"ListItem","position":3,"name":"Alle accessoires","item":"https:\/\/koningdrone.be\/categorie\/alle-accessoires\/"},{"@type":"ListItem","position":4,"name":"EcoFlow Rapid 10000mAh powerbank Blue"}]},{"@type":"WebSite","@id":"https:\/\/koningdrone.be\/#website","url":"https:\/\/koningdrone.be\/","name":"Koningdrone.be - Su especialista en l\u00ednea en drones, cardanes, c\u00e1maras y centrales el\u00e9ctricas.","description":"La tienda virtual de drones y cardanes","publisher":{"@id":"https:\/\/koningdrone.be\/#organization"},"potentialAction":[{"@type":"SearchAction","target":{"@type":"EntryPoint","urlTemplate":"https:\/\/koningdrone.be\/?s={search_term_string}"},"query-input":{"@type":"PropertyValueSpecification","valueRequired":true,"valueName":"search_term_string"}}],"inLanguage":"es"},{"@type":"Organization","@id":"https:\/\/koningdrone.be\/#organization","name":"Kingdrone.es","url":"https:\/\/koningdrone.be\/","logo":{"@type":"ImageObject","inLanguage":"es","@id":"https:\/\/koningdrone.be\/#\/schema\/logo\/image\/","url":"https:\/\/koningdrone.be\/wp-content\/uploads\/sites\/13\/2025\/04\/koningdrone-copyright-logo.svg","contentUrl":"https:\/\/koningdrone.be\/wp-content\/uploads\/sites\/13\/2025\/04\/koningdrone-copyright-logo.svg","width":227,"height":38,"caption":"Koningdrone.be"},"image":{"@id":"https:\/\/koningdrone.be\/#\/schema\/logo\/image\/"}}]}},"df_price":"","df_sale_price":"","df_regular_price":"","df_image_link":"https:\/\/koningdrone.be\/wp-content\/uploads\/sites\/13\/2025\/04\/EcoFlow_RAPID_Magnetic_Power_Bank_Close_Up_1000x1000-300x300.jpg","_links":{"self":[{"href":"https:\/\/koningdrone.be\/es\/wp-json\/wp\/v2\/product\/1741","targetHints":{"allow":["GET"]}}],"collection":[{"href":"https:\/\/koningdrone.be\/es\/wp-json\/wp\/v2\/product"}],"about":[{"href":"https:\/\/koningdrone.be\/es\/wp-json\/wp\/v2\/types\/product"}],"wp:featuredmedia":[{"embeddable":true,"href":"https:\/\/koningdrone.be\/es\/wp-json\/wp\/v2\/media\/1740"}],"wp:attachment":[{"href":"https:\/\/koningdrone.be\/es\/wp-json\/wp\/v2\/media?parent=1741"}],"wp:term":[{"taxonomy":"product_brand","embeddable":true,"href":"https:\/\/koningdrone.be\/es\/wp-json\/wp\/v2\/product_brand?post=1741"},{"taxonomy":"product_cat","embeddable":true,"href":"https:\/\/koningdrone.be\/es\/wp-json\/wp\/v2\/product_cat?post=1741"},{"taxonomy":"product_tag","embeddable":true,"href":"https:\/\/koningdrone.be\/es\/wp-json\/wp\/v2\/product_tag?post=1741"}],"curies":[{"name":"wp","href":"https:\/\/api.w.org\/{rel}","templated":true}]}}