{"id":17348,"date":"2026-03-20T13:13:33","date_gmt":"2026-03-20T12:13:33","guid":{"rendered":"https:\/\/koningdrone.be\/?post_type=product&#038;p=17348"},"modified":"2026-04-29T03:30:53","modified_gmt":"2026-04-29T01:30:53","slug":"dji-cellular-dongle-instal-mavic-3","status":"publish","type":"product","link":"https:\/\/koningdrone.be\/es\/producto\/dji-cellular-dongle-instal-mavic-3\/","title":{"rendered":"DJI Cellular Dongle Instal. Mavic 3"},"content":{"rendered":"<h3>DJI Cellular Dongle Instal. Mavic 3<\/h3>\n<p style=\"margin-bottom: 20px\">El DJI Cellular Dongle Installation Kit (Mavic 3 Series) es un kit de instalaci\u00f3n oficial que te permite instalar de forma segura y correcta el DJI Cellular Dongle en un dron DJI Mavic 3 Series. Este kit est\u00e1 especialmente dise\u00f1ado para permitir una integraci\u00f3n estable y fiable del dongle con el sistema del dron. Esto permite que el dron utilice la funcionalidad de red m\u00f3vil cuando se a\u00f1ade un DJI Cellular Dongle. Es un accesorio compacto y ligero que complementa a la perfecci\u00f3n el dise\u00f1o de la serie Mavic 3.<\/p>\n<p><a href=\"https:\/\/koningdrone.nl\/wp-content\/uploads\/2026\/03\/DJI-Cellular-Dongle-Instal.-Mavic-3.jpg\"><img loading=\"lazy\" decoding=\"async\" class=\"aligncenter wp-image-467692 size-full\" src=\"https:\/\/koningdrone.nl\/wp-content\/uploads\/2026\/03\/DJI-Cellular-Dongle-Instal.-Mavic-3.jpg\" alt=\"DJI Cellular Dongle Instal. Mavic 3\" width=\"1200\" height=\"800\" \/><\/a><\/p>\n<h4>Rendimiento y funcionalidad<\/h4>\n<p>Este kit de instalaci\u00f3n permite conectar el DJI Cellular Dongle a un dron Mavic serie 3, habilitando la compatibilidad con la conectividad de red m\u00f3vil. Una vez instalado el dongle, el dron puede beneficiarse de funciones como la transmisi\u00f3n mejorada, conexiones de datos m\u00e1s estables y soporte RTK de red para un posicionamiento preciso. Esto puede ser especialmente valioso para aplicaciones profesionales como inspecciones, cartograf\u00eda y operaciones industriales en las que una conectividad fiable es esencial.<\/p>\n<h4>Calidad de construcci\u00f3n y dise\u00f1o<\/h4>\n<p>El kit consta de un soporte de montaje y un cable de conexi\u00f3n especialmente dise\u00f1ados que se adaptan perfectamente al dise\u00f1o de la serie DJI Mavic 3. El dise\u00f1o ligero y compacto mantiene el equilibrio del dron y facilita la instalaci\u00f3n sin grandes modificaciones en el dron. Las piezas originales de DJI garantizan una fijaci\u00f3n segura y una conexi\u00f3n fiable durante el uso.<\/p>\n<p><a href=\"https:\/\/koningdrone.nl\/wp-content\/uploads\/2026\/03\/Cellular-Dongle-Instal.-Mavic-3-DJI.jpg\"><img loading=\"lazy\" decoding=\"async\" class=\"size-medium wp-image-467689 aligncenter\" src=\"https:\/\/koningdrone.nl\/wp-content\/uploads\/2026\/03\/Cellular-Dongle-Instal.-Mavic-3-DJI-300x300.jpg\" alt=\"Cellular Dongle Instal. Mavic 3 DJI\" width=\"300\" height=\"300\" \/><\/a><\/p>\n<h4>Por qu\u00e9 lo necesita<\/h4>\n<p>Si quieres utilizar un DJI Cellular Dongle con un dron de la serie Mavic 3, este kit de instalaci\u00f3n es un accesorio esencial. Garantiza un montaje seguro y una conexi\u00f3n correcta del dongle, lo que permite a tu dron aprovechar al m\u00e1ximo la conectividad de red celular y las funciones de transmisi\u00f3n avanzadas.<\/p>","protected":false},"excerpt":{"rendered":"<ul>\n<li>Kit de instalaci\u00f3n especialmente dise\u00f1ado para drones DJI Mavic serie 3<\/li>\n<li>Permite el montaje seguro del DJI Cellular Dongle<\/li>\n<li>Admite funciones como la transmisi\u00f3n mejorada y la red RTK<\/li>\n<li>Dise\u00f1o compacto y ligero sin afectar al equilibrio del dron<\/li>\n<li>Accesorio original de DJI para una instalaci\u00f3n fiable<\/li>\n<\/ul>","protected":false},"featured_media":17342,"template":"","meta":{"_acf_changed":false},"product_brand":[],"product_cat":[165,1721],"product_tag":[],"class_list":{"0":"post-17348","1":"product","2":"type-product","3":"status-publish","4":"has-post-thumbnail","6":"product_cat-dji-mavic-3-enterprise","7":"product_cat-dji-oplaadaccessoires","8":"product_shipping_class-uavspacesall","9":"pa_brand-dji","10":"pa_producttype-installatiekit","12":"first","13":"instock","14":"taxable","15":"shipping-taxable","16":"purchasable","17":"product-type-simple"},"acf":[],"yoast_head":"<!-- This site is optimized with the Yoast SEO Premium plugin v27.2 (Yoast SEO v27.2) - https:\/\/yoast.com\/product\/yoast-seo-premium-wordpress\/ -->\n<title>DJI Cellular Dongle Instal. Mavic 3 - koningdrone.be<\/title>\n<meta name=\"robots\" content=\"index, follow, max-snippet:-1, max-image-preview:large, max-video-preview:-1\" \/>\n<link rel=\"canonical\" href=\"https:\/\/koningdrone.be\/es\/producto\/dji-cellular-dongle-instal-mavic-3\/\" \/>\n<meta property=\"og:locale\" content=\"es_ES\" \/>\n<meta property=\"og:type\" content=\"article\" \/>\n<meta property=\"og:title\" content=\"DJI Cellular Dongle Instal. Mavic 3\" \/>\n<meta property=\"og:description\" content=\"Speciaal ontworpen installatiekit voor DJI Mavic 3-serie drones  Maakt veilige montage van de DJI Cellular Dongle mogelijk  Ondersteunt functies zoals verbeterde transmissie en netwerk-RTK  Compact en licht ontwerp zonder invloed op de balans van de drone  Originele DJI-accessoire voor betrouwbare installatie\" \/>\n<meta property=\"og:url\" content=\"https:\/\/koningdrone.be\/es\/producto\/dji-cellular-dongle-instal-mavic-3\/\" \/>\n<meta property=\"og:site_name\" content=\"koningdrone.be\" \/>\n<meta property=\"article:modified_time\" content=\"2026-04-29T01:30:53+00:00\" \/>\n<meta property=\"og:image\" content=\"https:\/\/koningdrone.be\/wp-content\/uploads\/sites\/13\/2026\/03\/DJI-Cellular-Dongle-Instal.-Mavic-3-Product.webp\" \/>\n\t<meta property=\"og:image:width\" content=\"2048\" \/>\n\t<meta property=\"og:image:height\" content=\"2048\" \/>\n\t<meta property=\"og:image:type\" content=\"image\/webp\" \/>\n<meta name=\"twitter:card\" content=\"summary_large_image\" \/>\n<meta name=\"twitter:label1\" content=\"Tiempo de lectura\" \/>\n\t<meta name=\"twitter:data1\" content=\"1 minuto\" \/>\n<script type=\"application\/ld+json\" class=\"yoast-schema-graph\">{\"@context\":\"https:\/\/schema.org\",\"@graph\":[{\"@type\":\"WebPage\",\"@id\":\"https:\/\/koningdrone.be\/product\/dji-cellular-dongle-instal-mavic-3\/\",\"url\":\"https:\/\/koningdrone.be\/product\/dji-cellular-dongle-instal-mavic-3\/\",\"name\":\"DJI Cellular Dongle Instal. Mavic 3 - koningdrone.be\",\"isPartOf\":{\"@id\":\"https:\/\/koningdrone.be\/#website\"},\"primaryImageOfPage\":{\"@id\":\"https:\/\/koningdrone.be\/product\/dji-cellular-dongle-instal-mavic-3\/#primaryimage\"},\"image\":{\"@id\":\"https:\/\/koningdrone.be\/product\/dji-cellular-dongle-instal-mavic-3\/#primaryimage\"},\"thumbnailUrl\":\"https:\/\/koningdrone.be\/wp-content\/uploads\/sites\/13\/2026\/03\/DJI-Cellular-Dongle-Instal.-Mavic-3-Product.webp\",\"datePublished\":\"2026-03-20T12:13:33+00:00\",\"dateModified\":\"2026-04-29T01:30:53+00:00\",\"breadcrumb\":{\"@id\":\"https:\/\/koningdrone.be\/product\/dji-cellular-dongle-instal-mavic-3\/#breadcrumb\"},\"inLanguage\":\"es\",\"potentialAction\":[{\"@type\":\"ReadAction\",\"target\":[\"https:\/\/koningdrone.be\/product\/dji-cellular-dongle-instal-mavic-3\/\"]}]},{\"@type\":\"ImageObject\",\"inLanguage\":\"es\",\"@id\":\"https:\/\/koningdrone.be\/product\/dji-cellular-dongle-instal-mavic-3\/#primaryimage\",\"url\":\"https:\/\/koningdrone.be\/wp-content\/uploads\/sites\/13\/2026\/03\/DJI-Cellular-Dongle-Instal.-Mavic-3-Product.webp\",\"contentUrl\":\"https:\/\/koningdrone.be\/wp-content\/uploads\/sites\/13\/2026\/03\/DJI-Cellular-Dongle-Instal.-Mavic-3-Product.webp\",\"width\":2048,\"height\":2048},{\"@type\":\"BreadcrumbList\",\"@id\":\"https:\/\/koningdrone.be\/product\/dji-cellular-dongle-instal-mavic-3\/#breadcrumb\",\"itemListElement\":[{\"@type\":\"ListItem\",\"position\":1,\"name\":\"Home\",\"item\":\"https:\/\/koningdrone.be\/\"},{\"@type\":\"ListItem\",\"position\":2,\"name\":\"AVSS Parachute Recovery System for DJI Matrice 300\/350\",\"item\":\"https:\/\/koningdrone.be\/product\/avss-parachute-recovery-system-for-dji-matrice-300-350\/\"},{\"@type\":\"ListItem\",\"position\":3,\"name\":\"DJI Mavic 3 Enterprise\",\"item\":\"https:\/\/koningdrone.be\/categorie\/dji-mavic-3-enterprise\/\"},{\"@type\":\"ListItem\",\"position\":4,\"name\":\"DJI Cellular Dongle Instal. Mavic 3\"}]},{\"@type\":\"WebSite\",\"@id\":\"https:\/\/koningdrone.be\/#website\",\"url\":\"https:\/\/koningdrone.be\/\",\"name\":\"Koningdrone.be - Uw online specialist in drones, gimbals, camera's en power stations.\",\"description\":\"De webshop in drones en gimbals\",\"publisher\":{\"@id\":\"https:\/\/koningdrone.be\/#organization\"},\"potentialAction\":[{\"@type\":\"SearchAction\",\"target\":{\"@type\":\"EntryPoint\",\"urlTemplate\":\"https:\/\/koningdrone.be\/?s={search_term_string}\"},\"query-input\":{\"@type\":\"PropertyValueSpecification\",\"valueRequired\":true,\"valueName\":\"search_term_string\"}}],\"inLanguage\":\"es\"},{\"@type\":\"Organization\",\"@id\":\"https:\/\/koningdrone.be\/#organization\",\"name\":\"Koningdrone.be\",\"url\":\"https:\/\/koningdrone.be\/\",\"logo\":{\"@type\":\"ImageObject\",\"inLanguage\":\"es\",\"@id\":\"https:\/\/koningdrone.be\/#\/schema\/logo\/image\/\",\"url\":\"https:\/\/koningdrone.be\/wp-content\/uploads\/sites\/13\/2025\/04\/koningdrone-copyright-logo.svg\",\"contentUrl\":\"https:\/\/koningdrone.be\/wp-content\/uploads\/sites\/13\/2025\/04\/koningdrone-copyright-logo.svg\",\"width\":227,\"height\":38,\"caption\":\"Koningdrone.be\"},\"image\":{\"@id\":\"https:\/\/koningdrone.be\/#\/schema\/logo\/image\/\"}}]}<\/script>\n<!-- \/ Yoast SEO Premium plugin. -->","yoast_head_json":{"title":"DJI Cellular Dongle Instal. Mavic 3 - koningdrone.be","robots":{"index":"index","follow":"follow","max-snippet":"max-snippet:-1","max-image-preview":"max-image-preview:large","max-video-preview":"max-video-preview:-1"},"canonical":"https:\/\/koningdrone.be\/es\/producto\/dji-cellular-dongle-instal-mavic-3\/","og_locale":"es_ES","og_type":"article","og_title":"DJI Cellular Dongle Instal. Mavic 3","og_description":"Speciaal ontworpen installatiekit voor DJI Mavic 3-serie drones  Maakt veilige montage van de DJI Cellular Dongle mogelijk  Ondersteunt functies zoals verbeterde transmissie en netwerk-RTK  Compact en licht ontwerp zonder invloed op de balans van de drone  Originele DJI-accessoire voor betrouwbare installatie","og_url":"https:\/\/koningdrone.be\/es\/producto\/dji-cellular-dongle-instal-mavic-3\/","og_site_name":"koningdrone.be","article_modified_time":"2026-04-29T01:30:53+00:00","og_image":[{"width":2048,"height":2048,"url":"https:\/\/koningdrone.be\/wp-content\/uploads\/sites\/13\/2026\/03\/DJI-Cellular-Dongle-Instal.-Mavic-3-Product.webp","type":"image\/webp"}],"twitter_card":"summary_large_image","twitter_misc":{"Tiempo de lectura":"1 minuto"},"schema":{"@context":"https:\/\/schema.org","@graph":[{"@type":"WebPage","@id":"https:\/\/koningdrone.be\/product\/dji-cellular-dongle-instal-mavic-3\/","url":"https:\/\/koningdrone.be\/product\/dji-cellular-dongle-instal-mavic-3\/","name":"DJI Cellular Dongle Instal. Mavic 3 - koningdrone.be","isPartOf":{"@id":"https:\/\/koningdrone.be\/#website"},"primaryImageOfPage":{"@id":"https:\/\/koningdrone.be\/product\/dji-cellular-dongle-instal-mavic-3\/#primaryimage"},"image":{"@id":"https:\/\/koningdrone.be\/product\/dji-cellular-dongle-instal-mavic-3\/#primaryimage"},"thumbnailUrl":"https:\/\/koningdrone.be\/wp-content\/uploads\/sites\/13\/2026\/03\/DJI-Cellular-Dongle-Instal.-Mavic-3-Product.webp","datePublished":"2026-03-20T12:13:33+00:00","dateModified":"2026-04-29T01:30:53+00:00","breadcrumb":{"@id":"https:\/\/koningdrone.be\/product\/dji-cellular-dongle-instal-mavic-3\/#breadcrumb"},"inLanguage":"es","potentialAction":[{"@type":"ReadAction","target":["https:\/\/koningdrone.be\/product\/dji-cellular-dongle-instal-mavic-3\/"]}]},{"@type":"ImageObject","inLanguage":"es","@id":"https:\/\/koningdrone.be\/product\/dji-cellular-dongle-instal-mavic-3\/#primaryimage","url":"https:\/\/koningdrone.be\/wp-content\/uploads\/sites\/13\/2026\/03\/DJI-Cellular-Dongle-Instal.-Mavic-3-Product.webp","contentUrl":"https:\/\/koningdrone.be\/wp-content\/uploads\/sites\/13\/2026\/03\/DJI-Cellular-Dongle-Instal.-Mavic-3-Product.webp","width":2048,"height":2048},{"@type":"BreadcrumbList","@id":"https:\/\/koningdrone.be\/product\/dji-cellular-dongle-instal-mavic-3\/#breadcrumb","itemListElement":[{"@type":"ListItem","position":1,"name":"Home","item":"https:\/\/koningdrone.be\/"},{"@type":"ListItem","position":2,"name":"AVSS Parachute Recovery System for DJI Matrice 300\/350","item":"https:\/\/koningdrone.be\/product\/avss-parachute-recovery-system-for-dji-matrice-300-350\/"},{"@type":"ListItem","position":3,"name":"DJI Mavic 3 Enterprise","item":"https:\/\/koningdrone.be\/categorie\/dji-mavic-3-enterprise\/"},{"@type":"ListItem","position":4,"name":"DJI Cellular Dongle Instal. Mavic 3"}]},{"@type":"WebSite","@id":"https:\/\/koningdrone.be\/#website","url":"https:\/\/koningdrone.be\/","name":"Koningdrone.be - Su especialista en l\u00ednea en drones, cardanes, c\u00e1maras y centrales el\u00e9ctricas.","description":"La tienda virtual de drones y cardanes","publisher":{"@id":"https:\/\/koningdrone.be\/#organization"},"potentialAction":[{"@type":"SearchAction","target":{"@type":"EntryPoint","urlTemplate":"https:\/\/koningdrone.be\/?s={search_term_string}"},"query-input":{"@type":"PropertyValueSpecification","valueRequired":true,"valueName":"search_term_string"}}],"inLanguage":"es"},{"@type":"Organization","@id":"https:\/\/koningdrone.be\/#organization","name":"Kingdrone.es","url":"https:\/\/koningdrone.be\/","logo":{"@type":"ImageObject","inLanguage":"es","@id":"https:\/\/koningdrone.be\/#\/schema\/logo\/image\/","url":"https:\/\/koningdrone.be\/wp-content\/uploads\/sites\/13\/2025\/04\/koningdrone-copyright-logo.svg","contentUrl":"https:\/\/koningdrone.be\/wp-content\/uploads\/sites\/13\/2025\/04\/koningdrone-copyright-logo.svg","width":227,"height":38,"caption":"Koningdrone.be"},"image":{"@id":"https:\/\/koningdrone.be\/#\/schema\/logo\/image\/"}}]}},"df_price":20,"df_sale_price":"","df_regular_price":20,"df_image_link":"https:\/\/koningdrone.be\/wp-content\/uploads\/sites\/13\/2026\/03\/DJI-Cellular-Dongle-Instal.-Mavic-3-Product-300x300.webp","_links":{"self":[{"href":"https:\/\/koningdrone.be\/es\/wp-json\/wp\/v2\/product\/17348","targetHints":{"allow":["GET"]}}],"collection":[{"href":"https:\/\/koningdrone.be\/es\/wp-json\/wp\/v2\/product"}],"about":[{"href":"https:\/\/koningdrone.be\/es\/wp-json\/wp\/v2\/types\/product"}],"wp:featuredmedia":[{"embeddable":true,"href":"https:\/\/koningdrone.be\/es\/wp-json\/wp\/v2\/media\/17342"}],"wp:attachment":[{"href":"https:\/\/koningdrone.be\/es\/wp-json\/wp\/v2\/media?parent=17348"}],"wp:term":[{"taxonomy":"product_brand","embeddable":true,"href":"https:\/\/koningdrone.be\/es\/wp-json\/wp\/v2\/product_brand?post=17348"},{"taxonomy":"product_cat","embeddable":true,"href":"https:\/\/koningdrone.be\/es\/wp-json\/wp\/v2\/product_cat?post=17348"},{"taxonomy":"product_tag","embeddable":true,"href":"https:\/\/koningdrone.be\/es\/wp-json\/wp\/v2\/product_tag?post=17348"}],"curies":[{"name":"wp","href":"https:\/\/api.w.org\/{rel}","templated":true}]}}