{"id":17341,"date":"2026-03-20T13:13:30","date_gmt":"2026-03-20T12:13:30","guid":{"rendered":"https:\/\/koningdrone.be\/?post_type=product&#038;p=17341"},"modified":"2026-04-29T14:50:48","modified_gmt":"2026-04-29T12:50:48","slug":"dji-mavic-3-multispectral-eu-c2-sp","status":"publish","type":"product","link":"https:\/\/koningdrone.be\/es\/producto\/dji-mavic-3-multispectral-eu-c2-sp\/","title":{"rendered":"DJI Mavic 3 Multiespectral (EU C2) SP"},"content":{"rendered":"<h3>DJI Mavic 3 Multiespectral: la revoluci\u00f3n cient\u00edfica de la agricultura de precisi\u00f3n<\/h3>\n<p><iframe loading=\"lazy\" title=\"Presentaci\u00f3n del DJI Mavic 3 Multiespectral\" width=\"800\" height=\"450\" src=\"https:\/\/www.youtube.com\/embed\/4f8NiLApHLk?feature=oembed&#038;enablejsapi=1&#038;origin=https:\/\/koningdrone.be\" frameborder=\"0\" allow=\"accelerometer; autoplay; clipboard-write; encrypted-media; gyroscope; picture-in-picture; web-share\" referrerpolicy=\"strict-origin-when-cross-origin\" allowfullscreen><\/iframe><\/p>\n<p style=\"margin: 20px 0\">En <strong>DJI Mavic 3 Multiespectral (EU C2)<\/strong> es la herramienta definitiva para una nueva generaci\u00f3n de agricultores, agr\u00f3nomos y ecologistas. Esta plataforma tiende un puente entre los complejos datos cient\u00edficos y la aplicabilidad pr\u00e1ctica sobre el terreno. Integrando una avanzada c\u00e1mara RGB con un potente sistema de sensores multiespectrales, permite percibir \u201clo invisible\u201d: desde los primeros factores de estr\u00e9s de los cultivos hasta las sutiles variaciones de la humedad del suelo. Con el <strong>Certificaci\u00f3n C2 de la UE<\/strong> el Mavic 3M le ofrece la garant\u00eda de que cumple la normativa europea m\u00e1s estricta, al tiempo que se beneficia de los m\u00e1s altos est\u00e1ndares en precisi\u00f3n geoespacial.<\/p>\n<p><a href=\"https:\/\/koningdrone.nl\/wp-content\/uploads\/2026\/03\/DJI-Mavic-3-Multispectral-EU-C2SP.jpg\"><img loading=\"lazy\" decoding=\"async\" class=\"aligncenter wp-image-467683 size-full\" src=\"https:\/\/koningdrone.nl\/wp-content\/uploads\/2026\/03\/DJI-Mavic-3-Multispectral-EU-C2SP.jpg\" alt=\"DJI Mavic 3 Multispectral (EU C2)SP\" width=\"1200\" height=\"800\" \/><\/a><\/p>\n<h4>Inteligencia multiespectral y an\u00e1lisis NDVI<\/h4>\n<p>El coraz\u00f3n del Mavic 3M es su exclusivo conjunto de c\u00e1maras, dise\u00f1ado para el an\u00e1lisis en profundidad de las cosechas. El sistema combina dos mundos en un solo card\u00e1n:<\/p>\n<ul>\n<li><strong>RGB de alta resoluci\u00f3n:<\/strong> A <strong>Sensor CMOS de 4\/3 pulgadas y 20 MP<\/strong> con un obturador mec\u00e1nico para obtener im\u00e1genes n\u00edtidas sin desenfoque de movimiento.<\/li>\n<li><strong>Sistema multiespectral de cuatro canales:<\/strong> Sensores espec\u00edficos para <strong>Verde (G), rojo (R), borde rojo (RE) e infrarrojo cercano (NIR)<\/strong> capturan datos cruciales para calcular \u00edndices como <strong>NDVI, GNDVI y NDRE<\/strong>. Gracias al <strong>sensor de luz solar<\/strong> en la parte superior del dispositivo, los datos se corrigen en funci\u00f3n de las variaciones de luz, lo que garantiza resultados coherentes y comparables en diferentes vuelos y temporadas.<\/li>\n<\/ul>\n<h4>Precisi\u00f3n y eficacia inigualables<\/h4>\n<p>En la agronom\u00eda moderna, el tiempo es tan valioso como los datos. El Mavic 3M est\u00e1 equipado con un <strong>M\u00f3dulo RTK<\/strong>, que vincula metadatos de precisi\u00f3n centim\u00e9trica a cada imagen. Esto elimina la necesidad de utilizar puntos de control terrestre (GCP), que requieren mucho tiempo. Con un impresionante tiempo de vuelo de <strong>43 minutos<\/strong> y la posibilidad de hasta <strong>200 hect\u00e1reas en un vuelo<\/strong> mapeo, esta plataforma maximiza su productividad. El sitio <strong>Interfaz DJI Pilot 2<\/strong> y el apoyo a <strong>Seguimiento inteligente del terreno<\/strong> garantizar que el dron mantiene una altitud constante sobre el cultivo, incluso en terreno accidentado, para obtener datos de calidad uniforme.<\/p>\n<p><a href=\"https:\/\/koningdrone.nl\/wp-content\/uploads\/2026\/03\/Product-DJI-Mavic-3-Multispectral-EU-C2SP.jpg\"><img loading=\"lazy\" decoding=\"async\" class=\"size-medium wp-image-467681 aligncenter\" src=\"https:\/\/koningdrone.nl\/wp-content\/uploads\/2026\/03\/Product-DJI-Mavic-3-Multispectral-EU-C2SP-300x300.jpg\" alt=\"Product DJI Mavic 3 Multispectral (EU C2)SP\" width=\"300\" height=\"300\" \/><\/a><\/p>\n<h4>Por qu\u00e9 el Mavic 3 Multispectral es indispensable<\/h4>\n<p>Para los profesionales que buscan operaciones m\u00e1s sostenibles y eficientes, el Mavic 3M es la clave del \u00e9xito. Permite crear mapas de liberaci\u00f3n variable (VRA) para fertilizantes y pesticidas, ahorrando costes y minimizando el impacto medioambiental. Ya sea para controlar la aparici\u00f3n de cultivos, detectar plagas o gestionar reservas naturales, este dron proporciona los datos objetivos necesarios para una toma de decisiones inteligente. Es una inversi\u00f3n que se amortiza gracias a un mayor rendimiento y a un flujo de trabajo optimizado.<\/p>","protected":false},"excerpt":{"rendered":"<ul>\n<li>Drone multiespectral para agricultura de precisi\u00f3n y an\u00e1lisis de vegetaci\u00f3n<\/li>\n<li>C\u00e1mara RGB de 20 MP combinada con cuatro sensores multiespectrales<\/li>\n<li>Posicionamiento con precisi\u00f3n centim\u00e9trica gracias al RTK integrado<\/li>\n<li>Hasta aproximadamente 43 minutos de vuelo por bater\u00eda<\/li>\n<li>Compatible con DJI Terra y DJI Pilot 2 para cartograf\u00eda y an\u00e1lisis<\/li>\n<\/ul>","protected":false},"featured_media":17333,"template":"","meta":{"_acf_changed":false},"product_brand":[],"product_cat":[137,165],"product_tag":[],"class_list":{"0":"post-17341","1":"product","2":"type-product","3":"status-publish","4":"has-post-thumbnail","6":"product_cat-dji-mavic-3","7":"product_cat-dji-mavic-3-enterprise","8":"product_shipping_class-outofstock","9":"pa_brand-dji","10":"pa_producttype-enterprise-drone","11":"pa_series-mavic","13":"first","14":"outofstock","15":"taxable","16":"shipping-taxable","17":"purchasable","18":"product-type-simple"},"acf":[],"yoast_head":"<!-- This site is optimized with the Yoast SEO Premium plugin v27.2 (Yoast SEO v27.2) - https:\/\/yoast.com\/product\/yoast-seo-premium-wordpress\/ -->\n<title>DJI Mavic 3 Multispectral (EU C2) SP - koningdrone.be<\/title>\n<meta name=\"robots\" content=\"index, follow, max-snippet:-1, max-image-preview:large, max-video-preview:-1\" \/>\n<link rel=\"canonical\" href=\"https:\/\/koningdrone.be\/es\/producto\/dji-mavic-3-multispectral-eu-c2-sp\/\" \/>\n<meta property=\"og:locale\" content=\"es_ES\" \/>\n<meta property=\"og:type\" content=\"article\" \/>\n<meta property=\"og:title\" content=\"DJI Mavic 3 Multispectral (EU C2) SP\" \/>\n<meta property=\"og:description\" content=\"Multispectrale drone voor precisielandbouw en vegetatieanalyse  20 MP RGB-camera gecombineerd met vier multispectrale sensoren  Centimeter-nauwkeurige positionering dankzij ge\u00efntegreerde RTK  Tot circa 43 minuten vliegtijd per batterij  Compatibel met DJI Terra en DJI Pilot 2 voor mapping en analyse\" \/>\n<meta property=\"og:url\" content=\"https:\/\/koningdrone.be\/es\/producto\/dji-mavic-3-multispectral-eu-c2-sp\/\" \/>\n<meta property=\"og:site_name\" content=\"koningdrone.be\" \/>\n<meta property=\"article:modified_time\" content=\"2026-04-29T12:50:48+00:00\" \/>\n<meta property=\"og:image\" content=\"https:\/\/koningdrone.be\/wp-content\/uploads\/sites\/13\/2026\/03\/DJI-Mavic-3-Multispectral-EU-C2SP-Product.jpg\" \/>\n\t<meta property=\"og:image:width\" content=\"2048\" \/>\n\t<meta property=\"og:image:height\" content=\"2048\" \/>\n\t<meta property=\"og:image:type\" content=\"image\/jpeg\" \/>\n<meta name=\"twitter:card\" content=\"summary_large_image\" \/>\n<meta name=\"twitter:label1\" content=\"Tiempo de lectura\" \/>\n\t<meta name=\"twitter:data1\" content=\"2 minutos\" \/>\n<script type=\"application\/ld+json\" class=\"yoast-schema-graph\">{\"@context\":\"https:\/\/schema.org\",\"@graph\":[{\"@type\":\"WebPage\",\"@id\":\"https:\/\/koningdrone.be\/product\/dji-mavic-3-multispectral-eu-c2-sp\/\",\"url\":\"https:\/\/koningdrone.be\/product\/dji-mavic-3-multispectral-eu-c2-sp\/\",\"name\":\"DJI Mavic 3 Multispectral (EU C2) SP - koningdrone.be\",\"isPartOf\":{\"@id\":\"https:\/\/koningdrone.be\/#website\"},\"primaryImageOfPage\":{\"@id\":\"https:\/\/koningdrone.be\/product\/dji-mavic-3-multispectral-eu-c2-sp\/#primaryimage\"},\"image\":{\"@id\":\"https:\/\/koningdrone.be\/product\/dji-mavic-3-multispectral-eu-c2-sp\/#primaryimage\"},\"thumbnailUrl\":\"https:\/\/koningdrone.be\/wp-content\/uploads\/sites\/13\/2026\/03\/DJI-Mavic-3-Multispectral-EU-C2SP-Product.jpg\",\"datePublished\":\"2026-03-20T12:13:30+00:00\",\"dateModified\":\"2026-04-29T12:50:48+00:00\",\"breadcrumb\":{\"@id\":\"https:\/\/koningdrone.be\/product\/dji-mavic-3-multispectral-eu-c2-sp\/#breadcrumb\"},\"inLanguage\":\"es\",\"potentialAction\":[{\"@type\":\"ReadAction\",\"target\":[\"https:\/\/koningdrone.be\/product\/dji-mavic-3-multispectral-eu-c2-sp\/\"]}]},{\"@type\":\"ImageObject\",\"inLanguage\":\"es\",\"@id\":\"https:\/\/koningdrone.be\/product\/dji-mavic-3-multispectral-eu-c2-sp\/#primaryimage\",\"url\":\"https:\/\/koningdrone.be\/wp-content\/uploads\/sites\/13\/2026\/03\/DJI-Mavic-3-Multispectral-EU-C2SP-Product.jpg\",\"contentUrl\":\"https:\/\/koningdrone.be\/wp-content\/uploads\/sites\/13\/2026\/03\/DJI-Mavic-3-Multispectral-EU-C2SP-Product.jpg\",\"width\":2048,\"height\":2048},{\"@type\":\"BreadcrumbList\",\"@id\":\"https:\/\/koningdrone.be\/product\/dji-mavic-3-multispectral-eu-c2-sp\/#breadcrumb\",\"itemListElement\":[{\"@type\":\"ListItem\",\"position\":1,\"name\":\"Home\",\"item\":\"https:\/\/koningdrone.be\/\"},{\"@type\":\"ListItem\",\"position\":2,\"name\":\"AVSS Parachute Recovery System for DJI Matrice 300\/350\",\"item\":\"https:\/\/koningdrone.be\/product\/avss-parachute-recovery-system-for-dji-matrice-300-350\/\"},{\"@type\":\"ListItem\",\"position\":3,\"name\":\"DJI Mavic 3\",\"item\":\"https:\/\/koningdrone.be\/categorie\/dji-mavic-3\/\"},{\"@type\":\"ListItem\",\"position\":4,\"name\":\"DJI Mavic 3 Multispectral (EU C2) SP\"}]},{\"@type\":\"WebSite\",\"@id\":\"https:\/\/koningdrone.be\/#website\",\"url\":\"https:\/\/koningdrone.be\/\",\"name\":\"Koningdrone.be - Uw online specialist in drones, gimbals, camera's en power stations.\",\"description\":\"De webshop in drones en gimbals\",\"publisher\":{\"@id\":\"https:\/\/koningdrone.be\/#organization\"},\"potentialAction\":[{\"@type\":\"SearchAction\",\"target\":{\"@type\":\"EntryPoint\",\"urlTemplate\":\"https:\/\/koningdrone.be\/?s={search_term_string}\"},\"query-input\":{\"@type\":\"PropertyValueSpecification\",\"valueRequired\":true,\"valueName\":\"search_term_string\"}}],\"inLanguage\":\"es\"},{\"@type\":\"Organization\",\"@id\":\"https:\/\/koningdrone.be\/#organization\",\"name\":\"Koningdrone.be\",\"url\":\"https:\/\/koningdrone.be\/\",\"logo\":{\"@type\":\"ImageObject\",\"inLanguage\":\"es\",\"@id\":\"https:\/\/koningdrone.be\/#\/schema\/logo\/image\/\",\"url\":\"https:\/\/koningdrone.be\/wp-content\/uploads\/sites\/13\/2025\/04\/koningdrone-copyright-logo.svg\",\"contentUrl\":\"https:\/\/koningdrone.be\/wp-content\/uploads\/sites\/13\/2025\/04\/koningdrone-copyright-logo.svg\",\"width\":227,\"height\":38,\"caption\":\"Koningdrone.be\"},\"image\":{\"@id\":\"https:\/\/koningdrone.be\/#\/schema\/logo\/image\/\"}}]}<\/script>\n<!-- \/ Yoast SEO Premium plugin. -->","yoast_head_json":{"title":"DJI Mavic 3 Multispectral (EU C2) SP - koningdrone.be","robots":{"index":"index","follow":"follow","max-snippet":"max-snippet:-1","max-image-preview":"max-image-preview:large","max-video-preview":"max-video-preview:-1"},"canonical":"https:\/\/koningdrone.be\/es\/producto\/dji-mavic-3-multispectral-eu-c2-sp\/","og_locale":"es_ES","og_type":"article","og_title":"DJI Mavic 3 Multispectral (EU C2) SP","og_description":"Multispectrale drone voor precisielandbouw en vegetatieanalyse  20 MP RGB-camera gecombineerd met vier multispectrale sensoren  Centimeter-nauwkeurige positionering dankzij ge\u00efntegreerde RTK  Tot circa 43 minuten vliegtijd per batterij  Compatibel met DJI Terra en DJI Pilot 2 voor mapping en analyse","og_url":"https:\/\/koningdrone.be\/es\/producto\/dji-mavic-3-multispectral-eu-c2-sp\/","og_site_name":"koningdrone.be","article_modified_time":"2026-04-29T12:50:48+00:00","og_image":[{"width":2048,"height":2048,"url":"https:\/\/koningdrone.be\/wp-content\/uploads\/sites\/13\/2026\/03\/DJI-Mavic-3-Multispectral-EU-C2SP-Product.jpg","type":"image\/jpeg"}],"twitter_card":"summary_large_image","twitter_misc":{"Tiempo de lectura":"2 minutos"},"schema":{"@context":"https:\/\/schema.org","@graph":[{"@type":"WebPage","@id":"https:\/\/koningdrone.be\/product\/dji-mavic-3-multispectral-eu-c2-sp\/","url":"https:\/\/koningdrone.be\/product\/dji-mavic-3-multispectral-eu-c2-sp\/","name":"DJI Mavic 3 Multispectral (EU C2) SP - koningdrone.be","isPartOf":{"@id":"https:\/\/koningdrone.be\/#website"},"primaryImageOfPage":{"@id":"https:\/\/koningdrone.be\/product\/dji-mavic-3-multispectral-eu-c2-sp\/#primaryimage"},"image":{"@id":"https:\/\/koningdrone.be\/product\/dji-mavic-3-multispectral-eu-c2-sp\/#primaryimage"},"thumbnailUrl":"https:\/\/koningdrone.be\/wp-content\/uploads\/sites\/13\/2026\/03\/DJI-Mavic-3-Multispectral-EU-C2SP-Product.jpg","datePublished":"2026-03-20T12:13:30+00:00","dateModified":"2026-04-29T12:50:48+00:00","breadcrumb":{"@id":"https:\/\/koningdrone.be\/product\/dji-mavic-3-multispectral-eu-c2-sp\/#breadcrumb"},"inLanguage":"es","potentialAction":[{"@type":"ReadAction","target":["https:\/\/koningdrone.be\/product\/dji-mavic-3-multispectral-eu-c2-sp\/"]}]},{"@type":"ImageObject","inLanguage":"es","@id":"https:\/\/koningdrone.be\/product\/dji-mavic-3-multispectral-eu-c2-sp\/#primaryimage","url":"https:\/\/koningdrone.be\/wp-content\/uploads\/sites\/13\/2026\/03\/DJI-Mavic-3-Multispectral-EU-C2SP-Product.jpg","contentUrl":"https:\/\/koningdrone.be\/wp-content\/uploads\/sites\/13\/2026\/03\/DJI-Mavic-3-Multispectral-EU-C2SP-Product.jpg","width":2048,"height":2048},{"@type":"BreadcrumbList","@id":"https:\/\/koningdrone.be\/product\/dji-mavic-3-multispectral-eu-c2-sp\/#breadcrumb","itemListElement":[{"@type":"ListItem","position":1,"name":"Home","item":"https:\/\/koningdrone.be\/"},{"@type":"ListItem","position":2,"name":"AVSS Parachute Recovery System for DJI Matrice 300\/350","item":"https:\/\/koningdrone.be\/product\/avss-parachute-recovery-system-for-dji-matrice-300-350\/"},{"@type":"ListItem","position":3,"name":"DJI Mavic 3","item":"https:\/\/koningdrone.be\/categorie\/dji-mavic-3\/"},{"@type":"ListItem","position":4,"name":"DJI Mavic 3 Multispectral (EU C2) SP"}]},{"@type":"WebSite","@id":"https:\/\/koningdrone.be\/#website","url":"https:\/\/koningdrone.be\/","name":"Koningdrone.be - Su especialista en l\u00ednea en drones, cardanes, c\u00e1maras y centrales el\u00e9ctricas.","description":"La tienda virtual de drones y cardanes","publisher":{"@id":"https:\/\/koningdrone.be\/#organization"},"potentialAction":[{"@type":"SearchAction","target":{"@type":"EntryPoint","urlTemplate":"https:\/\/koningdrone.be\/?s={search_term_string}"},"query-input":{"@type":"PropertyValueSpecification","valueRequired":true,"valueName":"search_term_string"}}],"inLanguage":"es"},{"@type":"Organization","@id":"https:\/\/koningdrone.be\/#organization","name":"Kingdrone.es","url":"https:\/\/koningdrone.be\/","logo":{"@type":"ImageObject","inLanguage":"es","@id":"https:\/\/koningdrone.be\/#\/schema\/logo\/image\/","url":"https:\/\/koningdrone.be\/wp-content\/uploads\/sites\/13\/2025\/04\/koningdrone-copyright-logo.svg","contentUrl":"https:\/\/koningdrone.be\/wp-content\/uploads\/sites\/13\/2025\/04\/koningdrone-copyright-logo.svg","width":227,"height":38,"caption":"Koningdrone.be"},"image":{"@id":"https:\/\/koningdrone.be\/#\/schema\/logo\/image\/"}}]}},"df_price":4508,"df_sale_price":"","df_regular_price":4508,"df_image_link":"https:\/\/koningdrone.be\/wp-content\/uploads\/sites\/13\/2026\/03\/DJI-Mavic-3-Multispectral-EU-C2SP-Product-300x300.jpg","_links":{"self":[{"href":"https:\/\/koningdrone.be\/es\/wp-json\/wp\/v2\/product\/17341","targetHints":{"allow":["GET"]}}],"collection":[{"href":"https:\/\/koningdrone.be\/es\/wp-json\/wp\/v2\/product"}],"about":[{"href":"https:\/\/koningdrone.be\/es\/wp-json\/wp\/v2\/types\/product"}],"wp:featuredmedia":[{"embeddable":true,"href":"https:\/\/koningdrone.be\/es\/wp-json\/wp\/v2\/media\/17333"}],"wp:attachment":[{"href":"https:\/\/koningdrone.be\/es\/wp-json\/wp\/v2\/media?parent=17341"}],"wp:term":[{"taxonomy":"product_brand","embeddable":true,"href":"https:\/\/koningdrone.be\/es\/wp-json\/wp\/v2\/product_brand?post=17341"},{"taxonomy":"product_cat","embeddable":true,"href":"https:\/\/koningdrone.be\/es\/wp-json\/wp\/v2\/product_cat?post=17341"},{"taxonomy":"product_tag","embeddable":true,"href":"https:\/\/koningdrone.be\/es\/wp-json\/wp\/v2\/product_tag?post=17341"}],"curies":[{"name":"wp","href":"https:\/\/api.w.org\/{rel}","templated":true}]}}