{"id":17332,"date":"2026-03-20T13:13:28","date_gmt":"2026-03-20T12:13:28","guid":{"rendered":"https:\/\/koningdrone.be\/?post_type=product&#038;p=17332"},"modified":"2026-04-29T03:31:14","modified_gmt":"2026-04-29T01:31:14","slug":"dji-mavic-3t-adv-eu-c1-sp-1y","status":"publish","type":"product","link":"https:\/\/koningdrone.be\/es\/producto\/dji-mavic-3t-adv-eu-c1-sp-1y\/","title":{"rendered":"DJI Mavic 3T Adv. EU C1 SP 1Y"},"content":{"rendered":"<h3>DJI Mavic 3T Advanced EU C1: Potencia t\u00e9rmica ilimitada dentro de la normativa de la UE<\/h3>\n<p><iframe loading=\"lazy\" title=\"DJI Enterprise - Presentaci\u00f3n del Mavic 3 Enterprise Series\" width=\"800\" height=\"450\" src=\"https:\/\/www.youtube.com\/embed\/R1lT-NatLMA?start=17&#038;feature=oembed&#038;enablejsapi=1&#038;origin=https:\/\/koningdrone.be\" frameborder=\"0\" allow=\"accelerometer; autoplay; clipboard-write; encrypted-media; gyroscope; picture-in-picture; web-share\" referrerpolicy=\"strict-origin-when-cross-origin\" allowfullscreen><\/iframe><\/p>\n<p style=\"margin: 20px 0\">En <strong>DJI Mavic 3T Advanced EU C1<\/strong> es la sinergia definitiva entre inteligencia t\u00e9rmica de gama alta y flexibilidad legal. Donde muchos drones empresariales est\u00e1n limitados por su clase de peso, el dron oficial <strong>Certificaci\u00f3n C1<\/strong> la puerta a operaciones cerca de las personas y en entornos urbanizados antes inaccesibles. Esta aeronave se ha optimizado espec\u00edficamente para el mercado europeo, con un peso reducido t\u00e1cticamente a menos de 500 kg. <strong>900 gramos<\/strong>. Esto convierte al Mavic 3T C1 en la herramienta m\u00e1s vers\u00e1til para intervenciones r\u00e1pidas en extinci\u00f3n de incendios, labores policiales e inspecciones de emergencia de infraestructuras cr\u00edticas.<\/p>\n<p><a href=\"https:\/\/koningdrone.nl\/wp-content\/uploads\/2026\/03\/DJI-Mavic-3T-Adv.-EU-C1-SP-1Y.jpg\"><img loading=\"lazy\" decoding=\"async\" class=\"aligncenter wp-image-467671 size-full\" src=\"https:\/\/koningdrone.nl\/wp-content\/uploads\/2026\/03\/DJI-Mavic-3T-Adv.-EU-C1-SP-1Y.jpg\" alt=\"DJI Mavic 3T Adv. EU C1 SP 1Y\" width=\"1200\" height=\"800\" \/><\/a><\/p>\n<h4>Arquitectura de triple c\u00e1mara y an\u00e1lisis avanzados<\/h4>\n<p>El Mavic 3T C1 alberga un impresionante arsenal multiespectral en su cuerpo compacto, por lo que los operadores nunca m\u00e1s tendr\u00e1n que elegir entre el detalle visual y los datos t\u00e9rmicos:<\/p>\n<ul>\n<li><strong>Radiometr\u00eda t\u00e9rmica:<\/strong> En <strong>Sensor t\u00e9rmico de 640 \u00d7 512<\/strong> proporciona mediciones cr\u00edticas de temperatura en tiempo real, esenciales para detectar incendios o supervisar procesos industriales.<\/li>\n<li><strong>Gran angular de alta resoluci\u00f3n:<\/strong> A <strong>Sensor de 48 MP<\/strong> proporciona im\u00e1genes contextuales n\u00edtidas de todo el sitio.<\/li>\n<li><strong>Zoom superior:<\/strong> En <strong>Zoom h\u00edbrido de 56\u00d7<\/strong> le permite estudiar situaciones peligrosas o defectos t\u00e9cnicos desde una distancia segura, apoyado por el establo <strong>Transmisi\u00f3n O3 Enterprise<\/strong>. A pesar de la reducci\u00f3n de peso, la compatibilidad con accesorios como el <strong>M\u00f3dulo RTK<\/strong> y preservar al orador, garantizando la precisi\u00f3n y la comunicaci\u00f3n.<\/li>\n<\/ul>\n<h4>Dise\u00f1o optimizado y seguridad operativa<\/h4>\n<p>Para cumplir las estrictas normas del C1, se han examinado minuciosamente todos los aspectos del dise\u00f1o. El dron utiliza <strong>h\u00e9lices silenciosas<\/strong> y una gesti\u00f3n optimizada de la bater\u00eda, que no s\u00f3lo reduce el peso, sino tambi\u00e9n el ruido. Esto hace que el dron moleste menos durante las operaciones en zonas urbanas. El dise\u00f1o plegable sigue siendo el est\u00e1ndar para la movilidad; puede transportar el sistema en una bolsa compacta y tenerlo operativo en 60 segundos. Con un tiempo m\u00e1ximo de vuelo que rivaliza con sistemas mucho m\u00e1s grandes, es la soluci\u00f3n m\u00e1s eficaz para misiones de observaci\u00f3n a largo plazo.<\/p>\n<p><a href=\"https:\/\/koningdrone.nl\/wp-content\/uploads\/2026\/03\/Product-DJI-Mavic-3T-Adv.-EU-C1-SP-1Y.jpg\"><img loading=\"lazy\" decoding=\"async\" class=\"size-medium wp-image-467669 aligncenter\" src=\"https:\/\/koningdrone.nl\/wp-content\/uploads\/2026\/03\/Product-DJI-Mavic-3T-Adv.-EU-C1-SP-1Y-300x300.jpg\" alt=\"Product DJI Mavic 3T Adv. EU C1 SP 1Y\" width=\"300\" height=\"300\" \/><\/a><\/p>\n<h4>Por qu\u00e9 el Mavic 3T EU C1 es la elecci\u00f3n m\u00e1s inteligente<\/h4>\n<p>Para los profesionales del Benelux y del resto de Europa, el Mavic 3T Advanced EU C1 ofrece una ventaja estrat\u00e9gica crucial. Dispondr\u00e1 de toda la potencia de un dron t\u00e9rmico de empresa, pero con la libertad operativa que ofrece la categor\u00eda C1 seg\u00fan la normativa EASA. Ya se trate de un caso de desaparici\u00f3n de una persona en una zona residencial o de una r\u00e1pida comprobaci\u00f3n t\u00e9rmica de una estaci\u00f3n transformadora, esta aeronave proporciona los datos que necesita con un m\u00ednimo de trabas burocr\u00e1ticas. Es el equilibrio perfecto entre legislaci\u00f3n, seguridad y prestaciones tecnol\u00f3gicas sin precedentes.<\/p>","protected":false},"excerpt":{"rendered":"<ul>\n<li>Sistema de triple c\u00e1mara con c\u00e1maras t\u00e9rmicas y visuales<\/li>\n<li>Resoluci\u00f3n t\u00e9rmica de 640 \u00d7 512 para un an\u00e1lisis t\u00e9rmico preciso<\/li>\n<li>Zoom h\u00edbrido de hasta 56\u00d7 para inspecciones de largo alcance<\/li>\n<li>Certificaci\u00f3n EU-C1 para una mayor libertad operativa<\/li>\n<li>Drone empresarial compacto y plegable para uso profesional<\/li>\n<\/ul>","protected":false},"featured_media":17325,"template":"","meta":{"_acf_changed":false},"product_brand":[],"product_cat":[165,1790],"product_tag":[],"class_list":{"0":"post-17332","1":"product","2":"type-product","3":"status-publish","4":"has-post-thumbnail","6":"product_cat-dji-mavic-3-enterprise","7":"product_cat-dji-mavic-3t","8":"product_shipping_class-uavspacesall","9":"pa_brand-dji","10":"pa_producttype-enterprise-drone","11":"pa_series-mavic","13":"first","14":"instock","15":"taxable","16":"shipping-taxable","17":"purchasable","18":"product-type-simple"},"acf":[],"yoast_head":"<!-- This site is optimized with the Yoast SEO Premium plugin v27.2 (Yoast SEO v27.2) - https:\/\/yoast.com\/product\/yoast-seo-premium-wordpress\/ -->\n<title>DJI Mavic 3T Adv. EU C1 SP 1Y - koningdrone.be<\/title>\n<meta name=\"robots\" content=\"index, follow, max-snippet:-1, max-image-preview:large, max-video-preview:-1\" \/>\n<link rel=\"canonical\" href=\"https:\/\/koningdrone.be\/es\/producto\/dji-mavic-3t-adv-eu-c1-sp-1y\/\" \/>\n<meta property=\"og:locale\" content=\"es_ES\" \/>\n<meta property=\"og:type\" content=\"article\" \/>\n<meta property=\"og:title\" content=\"DJI Mavic 3T Adv. EU C1 SP 1Y\" \/>\n<meta property=\"og:description\" content=\"Triple-camerasysteem met thermische en visuele camera\u2019s  Thermische resolutie van 640 \u00d7 512 voor nauwkeurige warmteanalyse  Tot 56\u00d7 hybride zoom voor inspectie op lange afstand  EU-C1 certificering voor meer operationele vrijheid  Compacte en opvouwbare enterprise-drone voor professioneel gebruik\" \/>\n<meta property=\"og:url\" content=\"https:\/\/koningdrone.be\/es\/producto\/dji-mavic-3t-adv-eu-c1-sp-1y\/\" \/>\n<meta property=\"og:site_name\" content=\"koningdrone.be\" \/>\n<meta property=\"article:modified_time\" content=\"2026-04-29T01:31:14+00:00\" \/>\n<meta property=\"og:image\" content=\"https:\/\/koningdrone.be\/wp-content\/uploads\/sites\/13\/2026\/03\/DJI-Mavic-3T-Adv.-EU-C1-SP-1Y-Product.jpg\" \/>\n\t<meta property=\"og:image:width\" content=\"2048\" \/>\n\t<meta property=\"og:image:height\" content=\"2048\" \/>\n\t<meta property=\"og:image:type\" content=\"image\/jpeg\" \/>\n<meta name=\"twitter:card\" content=\"summary_large_image\" \/>\n<meta name=\"twitter:label1\" content=\"Tiempo de lectura\" \/>\n\t<meta name=\"twitter:data1\" content=\"2 minutos\" \/>\n<script type=\"application\/ld+json\" class=\"yoast-schema-graph\">{\"@context\":\"https:\/\/schema.org\",\"@graph\":[{\"@type\":\"WebPage\",\"@id\":\"https:\/\/koningdrone.be\/product\/dji-mavic-3t-adv-eu-c1-sp-1y\/\",\"url\":\"https:\/\/koningdrone.be\/product\/dji-mavic-3t-adv-eu-c1-sp-1y\/\",\"name\":\"DJI Mavic 3T Adv. EU C1 SP 1Y - koningdrone.be\",\"isPartOf\":{\"@id\":\"https:\/\/koningdrone.be\/#website\"},\"primaryImageOfPage\":{\"@id\":\"https:\/\/koningdrone.be\/product\/dji-mavic-3t-adv-eu-c1-sp-1y\/#primaryimage\"},\"image\":{\"@id\":\"https:\/\/koningdrone.be\/product\/dji-mavic-3t-adv-eu-c1-sp-1y\/#primaryimage\"},\"thumbnailUrl\":\"https:\/\/koningdrone.be\/wp-content\/uploads\/sites\/13\/2026\/03\/DJI-Mavic-3T-Adv.-EU-C1-SP-1Y-Product.jpg\",\"datePublished\":\"2026-03-20T12:13:28+00:00\",\"dateModified\":\"2026-04-29T01:31:14+00:00\",\"breadcrumb\":{\"@id\":\"https:\/\/koningdrone.be\/product\/dji-mavic-3t-adv-eu-c1-sp-1y\/#breadcrumb\"},\"inLanguage\":\"es\",\"potentialAction\":[{\"@type\":\"ReadAction\",\"target\":[\"https:\/\/koningdrone.be\/product\/dji-mavic-3t-adv-eu-c1-sp-1y\/\"]}]},{\"@type\":\"ImageObject\",\"inLanguage\":\"es\",\"@id\":\"https:\/\/koningdrone.be\/product\/dji-mavic-3t-adv-eu-c1-sp-1y\/#primaryimage\",\"url\":\"https:\/\/koningdrone.be\/wp-content\/uploads\/sites\/13\/2026\/03\/DJI-Mavic-3T-Adv.-EU-C1-SP-1Y-Product.jpg\",\"contentUrl\":\"https:\/\/koningdrone.be\/wp-content\/uploads\/sites\/13\/2026\/03\/DJI-Mavic-3T-Adv.-EU-C1-SP-1Y-Product.jpg\",\"width\":2048,\"height\":2048},{\"@type\":\"BreadcrumbList\",\"@id\":\"https:\/\/koningdrone.be\/product\/dji-mavic-3t-adv-eu-c1-sp-1y\/#breadcrumb\",\"itemListElement\":[{\"@type\":\"ListItem\",\"position\":1,\"name\":\"Home\",\"item\":\"https:\/\/koningdrone.be\/\"},{\"@type\":\"ListItem\",\"position\":2,\"name\":\"AVSS Parachute Recovery System for DJI Matrice 300\/350\",\"item\":\"https:\/\/koningdrone.be\/product\/avss-parachute-recovery-system-for-dji-matrice-300-350\/\"},{\"@type\":\"ListItem\",\"position\":3,\"name\":\"DJI Mavic 3 Enterprise\",\"item\":\"https:\/\/koningdrone.be\/categorie\/dji-mavic-3-enterprise\/\"},{\"@type\":\"ListItem\",\"position\":4,\"name\":\"DJI Mavic 3T Adv. EU C1 SP 1Y\"}]},{\"@type\":\"WebSite\",\"@id\":\"https:\/\/koningdrone.be\/#website\",\"url\":\"https:\/\/koningdrone.be\/\",\"name\":\"Koningdrone.be - Uw online specialist in drones, gimbals, camera's en power stations.\",\"description\":\"De webshop in drones en gimbals\",\"publisher\":{\"@id\":\"https:\/\/koningdrone.be\/#organization\"},\"potentialAction\":[{\"@type\":\"SearchAction\",\"target\":{\"@type\":\"EntryPoint\",\"urlTemplate\":\"https:\/\/koningdrone.be\/?s={search_term_string}\"},\"query-input\":{\"@type\":\"PropertyValueSpecification\",\"valueRequired\":true,\"valueName\":\"search_term_string\"}}],\"inLanguage\":\"es\"},{\"@type\":\"Organization\",\"@id\":\"https:\/\/koningdrone.be\/#organization\",\"name\":\"Koningdrone.be\",\"url\":\"https:\/\/koningdrone.be\/\",\"logo\":{\"@type\":\"ImageObject\",\"inLanguage\":\"es\",\"@id\":\"https:\/\/koningdrone.be\/#\/schema\/logo\/image\/\",\"url\":\"https:\/\/koningdrone.be\/wp-content\/uploads\/sites\/13\/2025\/04\/koningdrone-copyright-logo.svg\",\"contentUrl\":\"https:\/\/koningdrone.be\/wp-content\/uploads\/sites\/13\/2025\/04\/koningdrone-copyright-logo.svg\",\"width\":227,\"height\":38,\"caption\":\"Koningdrone.be\"},\"image\":{\"@id\":\"https:\/\/koningdrone.be\/#\/schema\/logo\/image\/\"}}]}<\/script>\n<!-- \/ Yoast SEO Premium plugin. -->","yoast_head_json":{"title":"DJI Mavic 3T Adv. EU C1 SP 1Y - koningdrone.be","robots":{"index":"index","follow":"follow","max-snippet":"max-snippet:-1","max-image-preview":"max-image-preview:large","max-video-preview":"max-video-preview:-1"},"canonical":"https:\/\/koningdrone.be\/es\/producto\/dji-mavic-3t-adv-eu-c1-sp-1y\/","og_locale":"es_ES","og_type":"article","og_title":"DJI Mavic 3T Adv. EU C1 SP 1Y","og_description":"Triple-camerasysteem met thermische en visuele camera\u2019s  Thermische resolutie van 640 \u00d7 512 voor nauwkeurige warmteanalyse  Tot 56\u00d7 hybride zoom voor inspectie op lange afstand  EU-C1 certificering voor meer operationele vrijheid  Compacte en opvouwbare enterprise-drone voor professioneel gebruik","og_url":"https:\/\/koningdrone.be\/es\/producto\/dji-mavic-3t-adv-eu-c1-sp-1y\/","og_site_name":"koningdrone.be","article_modified_time":"2026-04-29T01:31:14+00:00","og_image":[{"width":2048,"height":2048,"url":"https:\/\/koningdrone.be\/wp-content\/uploads\/sites\/13\/2026\/03\/DJI-Mavic-3T-Adv.-EU-C1-SP-1Y-Product.jpg","type":"image\/jpeg"}],"twitter_card":"summary_large_image","twitter_misc":{"Tiempo de lectura":"2 minutos"},"schema":{"@context":"https:\/\/schema.org","@graph":[{"@type":"WebPage","@id":"https:\/\/koningdrone.be\/product\/dji-mavic-3t-adv-eu-c1-sp-1y\/","url":"https:\/\/koningdrone.be\/product\/dji-mavic-3t-adv-eu-c1-sp-1y\/","name":"DJI Mavic 3T Adv. EU C1 SP 1Y - koningdrone.be","isPartOf":{"@id":"https:\/\/koningdrone.be\/#website"},"primaryImageOfPage":{"@id":"https:\/\/koningdrone.be\/product\/dji-mavic-3t-adv-eu-c1-sp-1y\/#primaryimage"},"image":{"@id":"https:\/\/koningdrone.be\/product\/dji-mavic-3t-adv-eu-c1-sp-1y\/#primaryimage"},"thumbnailUrl":"https:\/\/koningdrone.be\/wp-content\/uploads\/sites\/13\/2026\/03\/DJI-Mavic-3T-Adv.-EU-C1-SP-1Y-Product.jpg","datePublished":"2026-03-20T12:13:28+00:00","dateModified":"2026-04-29T01:31:14+00:00","breadcrumb":{"@id":"https:\/\/koningdrone.be\/product\/dji-mavic-3t-adv-eu-c1-sp-1y\/#breadcrumb"},"inLanguage":"es","potentialAction":[{"@type":"ReadAction","target":["https:\/\/koningdrone.be\/product\/dji-mavic-3t-adv-eu-c1-sp-1y\/"]}]},{"@type":"ImageObject","inLanguage":"es","@id":"https:\/\/koningdrone.be\/product\/dji-mavic-3t-adv-eu-c1-sp-1y\/#primaryimage","url":"https:\/\/koningdrone.be\/wp-content\/uploads\/sites\/13\/2026\/03\/DJI-Mavic-3T-Adv.-EU-C1-SP-1Y-Product.jpg","contentUrl":"https:\/\/koningdrone.be\/wp-content\/uploads\/sites\/13\/2026\/03\/DJI-Mavic-3T-Adv.-EU-C1-SP-1Y-Product.jpg","width":2048,"height":2048},{"@type":"BreadcrumbList","@id":"https:\/\/koningdrone.be\/product\/dji-mavic-3t-adv-eu-c1-sp-1y\/#breadcrumb","itemListElement":[{"@type":"ListItem","position":1,"name":"Home","item":"https:\/\/koningdrone.be\/"},{"@type":"ListItem","position":2,"name":"AVSS Parachute Recovery System for DJI Matrice 300\/350","item":"https:\/\/koningdrone.be\/product\/avss-parachute-recovery-system-for-dji-matrice-300-350\/"},{"@type":"ListItem","position":3,"name":"DJI Mavic 3 Enterprise","item":"https:\/\/koningdrone.be\/categorie\/dji-mavic-3-enterprise\/"},{"@type":"ListItem","position":4,"name":"DJI Mavic 3T Adv. EU C1 SP 1Y"}]},{"@type":"WebSite","@id":"https:\/\/koningdrone.be\/#website","url":"https:\/\/koningdrone.be\/","name":"Koningdrone.be - Su especialista en l\u00ednea en drones, cardanes, c\u00e1maras y centrales el\u00e9ctricas.","description":"La tienda virtual de drones y cardanes","publisher":{"@id":"https:\/\/koningdrone.be\/#organization"},"potentialAction":[{"@type":"SearchAction","target":{"@type":"EntryPoint","urlTemplate":"https:\/\/koningdrone.be\/?s={search_term_string}"},"query-input":{"@type":"PropertyValueSpecification","valueRequired":true,"valueName":"search_term_string"}}],"inLanguage":"es"},{"@type":"Organization","@id":"https:\/\/koningdrone.be\/#organization","name":"Kingdrone.es","url":"https:\/\/koningdrone.be\/","logo":{"@type":"ImageObject","inLanguage":"es","@id":"https:\/\/koningdrone.be\/#\/schema\/logo\/image\/","url":"https:\/\/koningdrone.be\/wp-content\/uploads\/sites\/13\/2025\/04\/koningdrone-copyright-logo.svg","contentUrl":"https:\/\/koningdrone.be\/wp-content\/uploads\/sites\/13\/2025\/04\/koningdrone-copyright-logo.svg","width":227,"height":38,"caption":"Koningdrone.be"},"image":{"@id":"https:\/\/koningdrone.be\/#\/schema\/logo\/image\/"}}]}},"df_price":6102,"df_sale_price":"","df_regular_price":6102,"df_image_link":"https:\/\/koningdrone.be\/wp-content\/uploads\/sites\/13\/2026\/03\/DJI-Mavic-3T-Adv.-EU-C1-SP-1Y-Product-300x300.jpg","_links":{"self":[{"href":"https:\/\/koningdrone.be\/es\/wp-json\/wp\/v2\/product\/17332","targetHints":{"allow":["GET"]}}],"collection":[{"href":"https:\/\/koningdrone.be\/es\/wp-json\/wp\/v2\/product"}],"about":[{"href":"https:\/\/koningdrone.be\/es\/wp-json\/wp\/v2\/types\/product"}],"wp:featuredmedia":[{"embeddable":true,"href":"https:\/\/koningdrone.be\/es\/wp-json\/wp\/v2\/media\/17325"}],"wp:attachment":[{"href":"https:\/\/koningdrone.be\/es\/wp-json\/wp\/v2\/media?parent=17332"}],"wp:term":[{"taxonomy":"product_brand","embeddable":true,"href":"https:\/\/koningdrone.be\/es\/wp-json\/wp\/v2\/product_brand?post=17332"},{"taxonomy":"product_cat","embeddable":true,"href":"https:\/\/koningdrone.be\/es\/wp-json\/wp\/v2\/product_cat?post=17332"},{"taxonomy":"product_tag","embeddable":true,"href":"https:\/\/koningdrone.be\/es\/wp-json\/wp\/v2\/product_tag?post=17332"}],"curies":[{"name":"wp","href":"https:\/\/api.w.org\/{rel}","templated":true}]}}