{"id":17324,"date":"2026-03-20T13:13:28","date_gmt":"2026-03-20T12:13:28","guid":{"rendered":"https:\/\/koningdrone.be\/?post_type=product&#038;p=17324"},"modified":"2026-04-29T03:31:13","modified_gmt":"2026-04-29T01:31:13","slug":"dji-mavic-3t-adv-eu-uni-sp-1y","status":"publish","type":"product","link":"https:\/\/koningdrone.be\/es\/producto\/dji-mavic-3t-adv-eu-uni-sp-1y\/","title":{"rendered":"DJI Mavic 3T Adv. EU Uni. SP 1Y"},"content":{"rendered":"<h3>DJI Mavic 3 Thermal Advanced: Excelencia t\u00e1ctica en formato compacto<\/h3>\n<p><iframe loading=\"lazy\" title=\"DJI Enterprise - Presentaci\u00f3n del Mavic 3 Enterprise Series\" width=\"800\" height=\"450\" src=\"https:\/\/www.youtube.com\/embed\/R1lT-NatLMA?start=17&#038;feature=oembed&#038;enablejsapi=1&#038;origin=https:\/\/koningdrone.be\" frameborder=\"0\" allow=\"accelerometer; autoplay; clipboard-write; encrypted-media; gyroscope; picture-in-picture; web-share\" referrerpolicy=\"strict-origin-when-cross-origin\" allowfullscreen><\/iframe><\/p>\n<p style=\"margin: 20px\">En <strong>DJI Mavic 3 T\u00e9rmica Avanzada<\/strong> es la soluci\u00f3n h\u00edbrida definitiva para los profesionales que no quieren renunciar a la potencia pero necesitan la m\u00e1xima movilidad. Mientras que los drones m\u00e1s grandes tardan tiempo en despegar, el Mavic 3T despega en cuesti\u00f3n de segundos para ofrecer inteligencia visual y t\u00e9rmica cr\u00edtica. Esta plataforma est\u00e1 dise\u00f1ada espec\u00edficamente para seguridad p\u00fablica de primera l\u00ednea, inspecciones industriales y operaciones nocturnas de b\u00fasqueda y rescate. Con la adici\u00f3n de un a\u00f1o de <strong>Plan DJI Care Enterprise<\/strong> tendr\u00e1 garantizada la continuidad operativa incluso en las condiciones m\u00e1s exigentes.<\/p>\n<p><a href=\"https:\/\/koningdrone.nl\/wp-content\/uploads\/2026\/03\/DJI-Mavic-3T-Adv.-EU-Uni.-SP-1Y.jpg\"><img loading=\"lazy\" decoding=\"async\" class=\"aligncenter wp-image-467657 size-full\" src=\"https:\/\/koningdrone.nl\/wp-content\/uploads\/2026\/03\/DJI-Mavic-3T-Adv.-EU-Uni.-SP-1Y.jpg\" alt=\"DJI Mavic 3T Adv. EU Uni. SP 1Y\" width=\"1200\" height=\"800\" \/><\/a><\/p>\n<h4><strong>Im\u00e1genes multiespectrales y potencia de zoom sin precedentes<\/strong><\/h4>\n<p>La arquitectura visual del Mavic 3 Thermal no tiene rival en su categor\u00eda de peso. El dron alberga tres potentes sensores en una \u00fanica unidad card\u00e1n:<\/p>\n<ul>\n<li><strong>Precisi\u00f3n t\u00e9rmica:<\/strong> A <strong>Sensor radiom\u00e9trico de 640 \u00d7 512<\/strong> registra datos precisos de temperatura, esenciales para detectar puntos calientes en la lucha contra incendios o localizar v\u00edctimas en la oscuridad total.<\/li>\n<li><strong>\u00d3ptica de alta resoluci\u00f3n:<\/strong> En <strong>C\u00e1mara gran angular de 48 MP<\/strong> con un sensor CMOS de 1\/2 pulgada ofrece im\u00e1genes n\u00edtidas para obtener vistas detalladas.<\/li>\n<li><strong>Zoom extremo:<\/strong> Con el <strong>Zoom h\u00edbrido de 56\u00d7<\/strong> permite a los inspectores y al personal de intervenci\u00f3n observar detalles desde grandes distancias, lo que permite al dron mantenerse a salvo fuera del alcance de obst\u00e1culos o zonas de peligro. Gracias a la compatibilidad con un <strong>M\u00f3dulo RTK<\/strong> estas misiones pueden llevarse a cabo con un posicionamiento de precisi\u00f3n centim\u00e9trica, crucial para la cartograf\u00eda y las inspecciones de precisi\u00f3n.<\/li>\n<\/ul>\n<h4>Eficacia operativa y conexi\u00f3n indestructible<\/h4>\n<p>A pesar de su modesto peso de unos <strong>920 gramos<\/strong>, El Mavic 3T ofrece unas prestaciones que antes s\u00f3lo estaban reservadas a las aeronaves industriales de mayor tama\u00f1o. Con un impresionante tiempo de vuelo de hasta <strong>45 minutos<\/strong> por bater\u00eda, puede buscar en zonas de gran extensi\u00f3n sin necesidad de aterrizar constantemente. El sitio <strong>Sistema de transmisi\u00f3n DJI O3 Enterprise<\/strong> garantiza un enlace de v\u00eddeo estable y de alta definici\u00f3n a larga distancia, incluso en entornos con muchas interferencias. Su dise\u00f1o plegable permite guardar el sistema en un malet\u00edn compacto, listo para ser desplegado en cualquier momento y lugar.<\/p>\n<p><a href=\"https:\/\/koningdrone.nl\/wp-content\/uploads\/2026\/03\/DJI-Product-Mavic-3T-Adv.-EU-Uni.-SP-1Y.jpg\"><img loading=\"lazy\" decoding=\"async\" class=\"size-medium wp-image-467655 aligncenter\" src=\"https:\/\/koningdrone.nl\/wp-content\/uploads\/2026\/03\/DJI-Product-Mavic-3T-Adv.-EU-Uni.-SP-1Y-300x300.jpg\" alt=\"DJI Product Mavic 3T Adv. EU Uni. SP 1Y\" width=\"300\" height=\"300\" \/><\/a><\/p>\n<h4>Por qu\u00e9 el Mavic 3 Thermal es indispensable<\/h4>\n<p>Para las organizaciones que necesitan una plataforma a\u00e9rea vers\u00e1til, fiable y de despliegue r\u00e1pido, el Mavic 3 Thermal ofrece el equilibrio perfecto. Ya sea inspeccionando parques solares en busca de defectos t\u00e9rmicos, apoyando a unidades policiales en persecuciones o vigilando incendios forestales a trav\u00e9s de un denso humo; este dron proporciona los datos necesarios para salvar vidas y reducir costes. La combinaci\u00f3n de inteligencia t\u00e9rmica, potente zoom y asistencia profesional a trav\u00e9s de DJI Care lo convierten en la inversi\u00f3n m\u00e1s inteligente para la gesti\u00f3n empresarial moderna.<\/p>","protected":false},"excerpt":{"rendered":"<ul>\n<li>Sistema de triple c\u00e1mara para datos t\u00e9rmicos y visuales<\/li>\n<li>Resoluci\u00f3n t\u00e9rmica de 640 \u00d7 512 con mediciones de puntos y \u00e1reas<\/li>\n<li>Hasta aprox. 45 minutos de vuelo por carga de bater\u00eda<\/li>\n<li>C\u00e1mara con zoom h\u00edbrido de largo alcance de 56\u00d7<\/li>\n<li>Tecnolog\u00eda de transmisi\u00f3n y sensor de seguridad DJI O3 Enterprise<\/li>\n<\/ul>","protected":false},"featured_media":17317,"template":"","meta":{"_acf_changed":false},"product_brand":[],"product_cat":[165,1790],"product_tag":[],"class_list":{"0":"post-17324","1":"product","2":"type-product","3":"status-publish","4":"has-post-thumbnail","6":"product_cat-dji-mavic-3-enterprise","7":"product_cat-dji-mavic-3t","8":"product_shipping_class-uavspacesall","9":"pa_brand-dji","10":"pa_producttype-enterprise-drone","11":"pa_series-mavic","13":"first","14":"instock","15":"taxable","16":"shipping-taxable","17":"purchasable","18":"product-type-simple"},"acf":[],"yoast_head":"<!-- This site is optimized with the Yoast SEO Premium plugin v27.2 (Yoast SEO v27.2) - https:\/\/yoast.com\/product\/yoast-seo-premium-wordpress\/ -->\n<title>DJI Mavic 3T Adv. EU Uni. SP 1Y - koningdrone.be<\/title>\n<meta name=\"robots\" content=\"index, follow, max-snippet:-1, max-image-preview:large, max-video-preview:-1\" \/>\n<link rel=\"canonical\" href=\"https:\/\/koningdrone.be\/es\/producto\/dji-mavic-3t-adv-eu-uni-sp-1y\/\" \/>\n<meta property=\"og:locale\" content=\"es_ES\" \/>\n<meta property=\"og:type\" content=\"article\" \/>\n<meta property=\"og:title\" content=\"DJI Mavic 3T Adv. EU Uni. SP 1Y\" \/>\n<meta property=\"og:description\" content=\"Triple\u2011camerasysteem voor thermische en visuele data  640\u202f\u00d7\u202f512 thermische resolutie met point &amp; area\u2011metingen  Tot ca. 45\u202fminuten vliegtijd per batterijlading  56\u00d7 hybride zoomcamera voor lange afstand  DJI O3 Enterprise\u2011transmissie en veiligheids\u2011sensortechnologie\" \/>\n<meta property=\"og:url\" content=\"https:\/\/koningdrone.be\/es\/producto\/dji-mavic-3t-adv-eu-uni-sp-1y\/\" \/>\n<meta property=\"og:site_name\" content=\"koningdrone.be\" \/>\n<meta property=\"article:modified_time\" content=\"2026-04-29T01:31:13+00:00\" \/>\n<meta property=\"og:image\" content=\"https:\/\/koningdrone.be\/wp-content\/uploads\/sites\/13\/2026\/03\/DJI-Mavic-3T-Adv.-EU-Uni.-SP-1Y-Product.jpg\" \/>\n\t<meta property=\"og:image:width\" content=\"2048\" \/>\n\t<meta property=\"og:image:height\" content=\"2048\" \/>\n\t<meta property=\"og:image:type\" content=\"image\/jpeg\" \/>\n<meta name=\"twitter:card\" content=\"summary_large_image\" \/>\n<meta name=\"twitter:label1\" content=\"Tiempo de lectura\" \/>\n\t<meta name=\"twitter:data1\" content=\"2 minutos\" \/>\n<script type=\"application\/ld+json\" class=\"yoast-schema-graph\">{\"@context\":\"https:\/\/schema.org\",\"@graph\":[{\"@type\":\"WebPage\",\"@id\":\"https:\/\/koningdrone.be\/product\/dji-mavic-3t-adv-eu-uni-sp-1y\/\",\"url\":\"https:\/\/koningdrone.be\/product\/dji-mavic-3t-adv-eu-uni-sp-1y\/\",\"name\":\"DJI Mavic 3T Adv. EU Uni. SP 1Y - koningdrone.be\",\"isPartOf\":{\"@id\":\"https:\/\/koningdrone.be\/#website\"},\"primaryImageOfPage\":{\"@id\":\"https:\/\/koningdrone.be\/product\/dji-mavic-3t-adv-eu-uni-sp-1y\/#primaryimage\"},\"image\":{\"@id\":\"https:\/\/koningdrone.be\/product\/dji-mavic-3t-adv-eu-uni-sp-1y\/#primaryimage\"},\"thumbnailUrl\":\"https:\/\/koningdrone.be\/wp-content\/uploads\/sites\/13\/2026\/03\/DJI-Mavic-3T-Adv.-EU-Uni.-SP-1Y-Product.jpg\",\"datePublished\":\"2026-03-20T12:13:28+00:00\",\"dateModified\":\"2026-04-29T01:31:13+00:00\",\"breadcrumb\":{\"@id\":\"https:\/\/koningdrone.be\/product\/dji-mavic-3t-adv-eu-uni-sp-1y\/#breadcrumb\"},\"inLanguage\":\"es\",\"potentialAction\":[{\"@type\":\"ReadAction\",\"target\":[\"https:\/\/koningdrone.be\/product\/dji-mavic-3t-adv-eu-uni-sp-1y\/\"]}]},{\"@type\":\"ImageObject\",\"inLanguage\":\"es\",\"@id\":\"https:\/\/koningdrone.be\/product\/dji-mavic-3t-adv-eu-uni-sp-1y\/#primaryimage\",\"url\":\"https:\/\/koningdrone.be\/wp-content\/uploads\/sites\/13\/2026\/03\/DJI-Mavic-3T-Adv.-EU-Uni.-SP-1Y-Product.jpg\",\"contentUrl\":\"https:\/\/koningdrone.be\/wp-content\/uploads\/sites\/13\/2026\/03\/DJI-Mavic-3T-Adv.-EU-Uni.-SP-1Y-Product.jpg\",\"width\":2048,\"height\":2048},{\"@type\":\"BreadcrumbList\",\"@id\":\"https:\/\/koningdrone.be\/product\/dji-mavic-3t-adv-eu-uni-sp-1y\/#breadcrumb\",\"itemListElement\":[{\"@type\":\"ListItem\",\"position\":1,\"name\":\"Home\",\"item\":\"https:\/\/koningdrone.be\/\"},{\"@type\":\"ListItem\",\"position\":2,\"name\":\"AVSS Parachute Recovery System for DJI Matrice 300\/350\",\"item\":\"https:\/\/koningdrone.be\/product\/avss-parachute-recovery-system-for-dji-matrice-300-350\/\"},{\"@type\":\"ListItem\",\"position\":3,\"name\":\"DJI Mavic 3 Enterprise\",\"item\":\"https:\/\/koningdrone.be\/categorie\/dji-mavic-3-enterprise\/\"},{\"@type\":\"ListItem\",\"position\":4,\"name\":\"DJI Mavic 3T Adv. EU Uni. SP 1Y\"}]},{\"@type\":\"WebSite\",\"@id\":\"https:\/\/koningdrone.be\/#website\",\"url\":\"https:\/\/koningdrone.be\/\",\"name\":\"Koningdrone.be - Uw online specialist in drones, gimbals, camera's en power stations.\",\"description\":\"De webshop in drones en gimbals\",\"publisher\":{\"@id\":\"https:\/\/koningdrone.be\/#organization\"},\"potentialAction\":[{\"@type\":\"SearchAction\",\"target\":{\"@type\":\"EntryPoint\",\"urlTemplate\":\"https:\/\/koningdrone.be\/?s={search_term_string}\"},\"query-input\":{\"@type\":\"PropertyValueSpecification\",\"valueRequired\":true,\"valueName\":\"search_term_string\"}}],\"inLanguage\":\"es\"},{\"@type\":\"Organization\",\"@id\":\"https:\/\/koningdrone.be\/#organization\",\"name\":\"Koningdrone.be\",\"url\":\"https:\/\/koningdrone.be\/\",\"logo\":{\"@type\":\"ImageObject\",\"inLanguage\":\"es\",\"@id\":\"https:\/\/koningdrone.be\/#\/schema\/logo\/image\/\",\"url\":\"https:\/\/koningdrone.be\/wp-content\/uploads\/sites\/13\/2025\/04\/koningdrone-copyright-logo.svg\",\"contentUrl\":\"https:\/\/koningdrone.be\/wp-content\/uploads\/sites\/13\/2025\/04\/koningdrone-copyright-logo.svg\",\"width\":227,\"height\":38,\"caption\":\"Koningdrone.be\"},\"image\":{\"@id\":\"https:\/\/koningdrone.be\/#\/schema\/logo\/image\/\"}}]}<\/script>\n<!-- \/ Yoast SEO Premium plugin. -->","yoast_head_json":{"title":"DJI Mavic 3T Adv. EU Uni. SP 1Y - koningdrone.be","robots":{"index":"index","follow":"follow","max-snippet":"max-snippet:-1","max-image-preview":"max-image-preview:large","max-video-preview":"max-video-preview:-1"},"canonical":"https:\/\/koningdrone.be\/es\/producto\/dji-mavic-3t-adv-eu-uni-sp-1y\/","og_locale":"es_ES","og_type":"article","og_title":"DJI Mavic 3T Adv. EU Uni. SP 1Y","og_description":"Triple\u2011camerasysteem voor thermische en visuele data  640\u202f\u00d7\u202f512 thermische resolutie met point &amp; area\u2011metingen  Tot ca. 45\u202fminuten vliegtijd per batterijlading  56\u00d7 hybride zoomcamera voor lange afstand  DJI O3 Enterprise\u2011transmissie en veiligheids\u2011sensortechnologie","og_url":"https:\/\/koningdrone.be\/es\/producto\/dji-mavic-3t-adv-eu-uni-sp-1y\/","og_site_name":"koningdrone.be","article_modified_time":"2026-04-29T01:31:13+00:00","og_image":[{"width":2048,"height":2048,"url":"https:\/\/koningdrone.be\/wp-content\/uploads\/sites\/13\/2026\/03\/DJI-Mavic-3T-Adv.-EU-Uni.-SP-1Y-Product.jpg","type":"image\/jpeg"}],"twitter_card":"summary_large_image","twitter_misc":{"Tiempo de lectura":"2 minutos"},"schema":{"@context":"https:\/\/schema.org","@graph":[{"@type":"WebPage","@id":"https:\/\/koningdrone.be\/product\/dji-mavic-3t-adv-eu-uni-sp-1y\/","url":"https:\/\/koningdrone.be\/product\/dji-mavic-3t-adv-eu-uni-sp-1y\/","name":"DJI Mavic 3T Adv. EU Uni. SP 1Y - koningdrone.be","isPartOf":{"@id":"https:\/\/koningdrone.be\/#website"},"primaryImageOfPage":{"@id":"https:\/\/koningdrone.be\/product\/dji-mavic-3t-adv-eu-uni-sp-1y\/#primaryimage"},"image":{"@id":"https:\/\/koningdrone.be\/product\/dji-mavic-3t-adv-eu-uni-sp-1y\/#primaryimage"},"thumbnailUrl":"https:\/\/koningdrone.be\/wp-content\/uploads\/sites\/13\/2026\/03\/DJI-Mavic-3T-Adv.-EU-Uni.-SP-1Y-Product.jpg","datePublished":"2026-03-20T12:13:28+00:00","dateModified":"2026-04-29T01:31:13+00:00","breadcrumb":{"@id":"https:\/\/koningdrone.be\/product\/dji-mavic-3t-adv-eu-uni-sp-1y\/#breadcrumb"},"inLanguage":"es","potentialAction":[{"@type":"ReadAction","target":["https:\/\/koningdrone.be\/product\/dji-mavic-3t-adv-eu-uni-sp-1y\/"]}]},{"@type":"ImageObject","inLanguage":"es","@id":"https:\/\/koningdrone.be\/product\/dji-mavic-3t-adv-eu-uni-sp-1y\/#primaryimage","url":"https:\/\/koningdrone.be\/wp-content\/uploads\/sites\/13\/2026\/03\/DJI-Mavic-3T-Adv.-EU-Uni.-SP-1Y-Product.jpg","contentUrl":"https:\/\/koningdrone.be\/wp-content\/uploads\/sites\/13\/2026\/03\/DJI-Mavic-3T-Adv.-EU-Uni.-SP-1Y-Product.jpg","width":2048,"height":2048},{"@type":"BreadcrumbList","@id":"https:\/\/koningdrone.be\/product\/dji-mavic-3t-adv-eu-uni-sp-1y\/#breadcrumb","itemListElement":[{"@type":"ListItem","position":1,"name":"Home","item":"https:\/\/koningdrone.be\/"},{"@type":"ListItem","position":2,"name":"AVSS Parachute Recovery System for DJI Matrice 300\/350","item":"https:\/\/koningdrone.be\/product\/avss-parachute-recovery-system-for-dji-matrice-300-350\/"},{"@type":"ListItem","position":3,"name":"DJI Mavic 3 Enterprise","item":"https:\/\/koningdrone.be\/categorie\/dji-mavic-3-enterprise\/"},{"@type":"ListItem","position":4,"name":"DJI Mavic 3T Adv. EU Uni. SP 1Y"}]},{"@type":"WebSite","@id":"https:\/\/koningdrone.be\/#website","url":"https:\/\/koningdrone.be\/","name":"Koningdrone.be - Su especialista en l\u00ednea en drones, cardanes, c\u00e1maras y centrales el\u00e9ctricas.","description":"La tienda virtual de drones y cardanes","publisher":{"@id":"https:\/\/koningdrone.be\/#organization"},"potentialAction":[{"@type":"SearchAction","target":{"@type":"EntryPoint","urlTemplate":"https:\/\/koningdrone.be\/?s={search_term_string}"},"query-input":{"@type":"PropertyValueSpecification","valueRequired":true,"valueName":"search_term_string"}}],"inLanguage":"es"},{"@type":"Organization","@id":"https:\/\/koningdrone.be\/#organization","name":"Kingdrone.es","url":"https:\/\/koningdrone.be\/","logo":{"@type":"ImageObject","inLanguage":"es","@id":"https:\/\/koningdrone.be\/#\/schema\/logo\/image\/","url":"https:\/\/koningdrone.be\/wp-content\/uploads\/sites\/13\/2025\/04\/koningdrone-copyright-logo.svg","contentUrl":"https:\/\/koningdrone.be\/wp-content\/uploads\/sites\/13\/2025\/04\/koningdrone-copyright-logo.svg","width":227,"height":38,"caption":"Koningdrone.be"},"image":{"@id":"https:\/\/koningdrone.be\/#\/schema\/logo\/image\/"}}]}},"df_price":6344,"df_sale_price":"","df_regular_price":6344,"df_image_link":"https:\/\/koningdrone.be\/wp-content\/uploads\/sites\/13\/2026\/03\/DJI-Mavic-3T-Adv.-EU-Uni.-SP-1Y-Product-300x300.jpg","_links":{"self":[{"href":"https:\/\/koningdrone.be\/es\/wp-json\/wp\/v2\/product\/17324","targetHints":{"allow":["GET"]}}],"collection":[{"href":"https:\/\/koningdrone.be\/es\/wp-json\/wp\/v2\/product"}],"about":[{"href":"https:\/\/koningdrone.be\/es\/wp-json\/wp\/v2\/types\/product"}],"wp:featuredmedia":[{"embeddable":true,"href":"https:\/\/koningdrone.be\/es\/wp-json\/wp\/v2\/media\/17317"}],"wp:attachment":[{"href":"https:\/\/koningdrone.be\/es\/wp-json\/wp\/v2\/media?parent=17324"}],"wp:term":[{"taxonomy":"product_brand","embeddable":true,"href":"https:\/\/koningdrone.be\/es\/wp-json\/wp\/v2\/product_brand?post=17324"},{"taxonomy":"product_cat","embeddable":true,"href":"https:\/\/koningdrone.be\/es\/wp-json\/wp\/v2\/product_cat?post=17324"},{"taxonomy":"product_tag","embeddable":true,"href":"https:\/\/koningdrone.be\/es\/wp-json\/wp\/v2\/product_tag?post=17324"}],"curies":[{"name":"wp","href":"https:\/\/api.w.org\/{rel}","templated":true}]}}