{"id":17285,"date":"2026-03-17T03:10:38","date_gmt":"2026-03-17T02:10:38","guid":{"rendered":"https:\/\/koningdrone.be\/?post_type=product&#038;p=17285"},"modified":"2026-04-29T03:50:20","modified_gmt":"2026-04-29T01:50:20","slug":"dji-bs30-intelligent-batt-station","status":"publish","type":"product","link":"https:\/\/koningdrone.be\/es\/producto\/dji-bs30-intelligent-batt-station\/","title":{"rendered":"DJI BS30 Batt. Inteligente Station"},"content":{"rendered":"<h3>DJI BS30 Batt. Inteligente Station<\/h3>\n<p>carga durante operaciones intensivas. Su dise\u00f1o inteligente permite a los operadores cambiar f\u00e1cilmente las bater\u00edas y volar continuamente sin largos tiempos de espera. El sistema es ideal para aplicaciones industriales como inspecci\u00f3n, seguridad p\u00fablica, cartograf\u00eda y operaciones de emergencia.<\/p>\n<h4>Rendimiento y funcionalidad<\/h4>\n<p>La estaci\u00f3n de bater\u00edas BS30 admite la carga simult\u00e1nea de varias bater\u00edas y accesorios, lo que permite a los equipos de drones volver a tener operativo su equipo r\u00e1pidamente. Dos bater\u00edas de vuelo TB30 pueden recargarse de 20% a 90% en unos 30 minutos, lo que garantiza una r\u00e1pida rotaci\u00f3n de las bater\u00edas durante las misiones. La estaci\u00f3n tambi\u00e9n admite varios modos de carga, incluidos el modo de almacenamiento y el modo de espera, por lo que las bater\u00edas pueden almacenarse de forma segura cuando no se utilizan durante largos periodos de tiempo. Gracias a la gesti\u00f3n inteligente de la carga, las bater\u00edas est\u00e1n protegidas frente a sobrecargas, sobrecalentamientos y otros riesgos el\u00e9ctricos.<\/p>\n<p><a href=\"https:\/\/koningdrone.nl\/wp-content\/uploads\/2026\/03\/Product-DJI-BS30-Intelligent-Batt.-Station.webp\"><img loading=\"lazy\" decoding=\"async\" class=\"size-medium wp-image-467586 aligncenter\" src=\"https:\/\/koningdrone.nl\/wp-content\/uploads\/2026\/03\/Product-DJI-BS30-Intelligent-Batt.-Station-300x300.webp\" alt=\"Product DJI BS30 Intelligent Batt. Station\" width=\"300\" height=\"300\" \/><\/a><\/p>\n<h4>Calidad de construcci\u00f3n y dise\u00f1o<\/h4>\n<p>La DJI BS30 est\u00e1 dise\u00f1ada como una carcasa de carga robusta y port\u00e1til con electr\u00f3nica integrada. La robusta carcasa protege las bater\u00edas y los componentes de carga durante el transporte y el uso sobre el terreno. Con un grado de protecci\u00f3n IP55 y un amplio rango de temperaturas de funcionamiento, puede funcionar de forma fiable en entornos dif\u00edciles como obras de construcci\u00f3n, ubicaciones industriales o situaciones de emergencia. Los puertos USB integrados tambi\u00e9n permiten cargar dispositivos adicionales, como mandos o dispositivos m\u00f3viles.<\/p>\n<h4>Por qu\u00e9 lo necesita<\/h4>\n<p>Para los operadores profesionales de drones que trabajan con la serie Matrice 30, la Estaci\u00f3n de Bater\u00eda Inteligente DJI BS30 es una herramienta esencial. Garantiza una rotaci\u00f3n r\u00e1pida y segura de la bater\u00eda, minimiza el tiempo de inactividad y permite una ejecuci\u00f3n eficiente de las operaciones con drones a largo plazo.<\/p>","protected":false},"excerpt":{"rendered":"<ul>\n<li>Estaci\u00f3n de carga profesional para bater\u00edas DJI Matrice serie 30<\/li>\n<li>Carga 2 bater\u00edas TB30 a 90% en unos 30 minutos<\/li>\n<li>Admite varios modos de carga, como el modo de almacenamiento y el modo de espera.<\/li>\n<li>Robusta carcasa port\u00e1til con protecci\u00f3n IP55<\/li>\n<li>Ideal para inspecciones, respuestas de emergencia y operaciones industriales con drones<\/li>\n<\/ul>","protected":false},"featured_media":17282,"template":"","meta":{"_acf_changed":false},"product_brand":[],"product_cat":[1784,149,543],"product_tag":[],"class_list":{"0":"post-17285","1":"product","2":"type-product","3":"status-publish","4":"has-post-thumbnail","6":"product_cat-dji-bs30","7":"product_cat-dji-matrice-30","8":"product_cat-dji-matrice-30t","9":"product_shipping_class-uavspacesshowall","10":"pa_brand-dji","11":"pa_producttype-batterijstation","12":"pa_series-bs30","14":"first","15":"instock","16":"taxable","17":"shipping-taxable","18":"purchasable","19":"product-type-simple"},"acf":[],"yoast_head":"<!-- This site is optimized with the Yoast SEO Premium plugin v27.2 (Yoast SEO v27.2) - https:\/\/yoast.com\/product\/yoast-seo-premium-wordpress\/ -->\n<title>DJI BS30 Intelligent Batt. Station - koningdrone.be<\/title>\n<meta name=\"robots\" content=\"index, follow, max-snippet:-1, max-image-preview:large, max-video-preview:-1\" \/>\n<link rel=\"canonical\" href=\"https:\/\/koningdrone.be\/es\/producto\/dji-bs30-intelligent-batt-station\/\" \/>\n<meta property=\"og:locale\" content=\"es_ES\" \/>\n<meta property=\"og:type\" content=\"article\" \/>\n<meta property=\"og:title\" content=\"DJI BS30 Intelligent Batt. Station\" \/>\n<meta property=\"og:description\" content=\"Professioneel laadstation voor DJI Matrice 30 serie batterijen  Laadt 2 TB30 batterijen tot 90% in ongeveer 30 minuten  Ondersteunt meerdere laadmodi zoals Storage Mode en Standby Mode  Robuuste draagbare behuizing met IP55 bescherming  Ideaal voor inspecties, noodhulp en industri\u00eble drone-operaties\" \/>\n<meta property=\"og:url\" content=\"https:\/\/koningdrone.be\/es\/producto\/dji-bs30-intelligent-batt-station\/\" \/>\n<meta property=\"og:site_name\" content=\"koningdrone.be\" \/>\n<meta property=\"article:modified_time\" content=\"2026-04-29T01:50:20+00:00\" \/>\n<meta property=\"og:image\" content=\"https:\/\/koningdrone.be\/wp-content\/uploads\/sites\/13\/2026\/03\/DJI-BS30-Intelligent-Batt.-Station.webp\" \/>\n\t<meta property=\"og:image:width\" content=\"2048\" \/>\n\t<meta property=\"og:image:height\" content=\"2048\" \/>\n\t<meta property=\"og:image:type\" content=\"image\/webp\" \/>\n<meta name=\"twitter:card\" content=\"summary_large_image\" \/>\n<meta name=\"twitter:label1\" content=\"Tiempo de lectura\" \/>\n\t<meta name=\"twitter:data1\" content=\"1 minuto\" \/>\n<script type=\"application\/ld+json\" class=\"yoast-schema-graph\">{\"@context\":\"https:\/\/schema.org\",\"@graph\":[{\"@type\":\"WebPage\",\"@id\":\"https:\/\/koningdrone.be\/product\/dji-bs30-intelligent-batt-station\/\",\"url\":\"https:\/\/koningdrone.be\/product\/dji-bs30-intelligent-batt-station\/\",\"name\":\"DJI BS30 Intelligent Batt. Station - koningdrone.be\",\"isPartOf\":{\"@id\":\"https:\/\/koningdrone.be\/#website\"},\"primaryImageOfPage\":{\"@id\":\"https:\/\/koningdrone.be\/product\/dji-bs30-intelligent-batt-station\/#primaryimage\"},\"image\":{\"@id\":\"https:\/\/koningdrone.be\/product\/dji-bs30-intelligent-batt-station\/#primaryimage\"},\"thumbnailUrl\":\"https:\/\/koningdrone.be\/wp-content\/uploads\/sites\/13\/2026\/03\/DJI-BS30-Intelligent-Batt.-Station.webp\",\"datePublished\":\"2026-03-17T02:10:38+00:00\",\"dateModified\":\"2026-04-29T01:50:20+00:00\",\"breadcrumb\":{\"@id\":\"https:\/\/koningdrone.be\/product\/dji-bs30-intelligent-batt-station\/#breadcrumb\"},\"inLanguage\":\"es\",\"potentialAction\":[{\"@type\":\"ReadAction\",\"target\":[\"https:\/\/koningdrone.be\/product\/dji-bs30-intelligent-batt-station\/\"]}]},{\"@type\":\"ImageObject\",\"inLanguage\":\"es\",\"@id\":\"https:\/\/koningdrone.be\/product\/dji-bs30-intelligent-batt-station\/#primaryimage\",\"url\":\"https:\/\/koningdrone.be\/wp-content\/uploads\/sites\/13\/2026\/03\/DJI-BS30-Intelligent-Batt.-Station.webp\",\"contentUrl\":\"https:\/\/koningdrone.be\/wp-content\/uploads\/sites\/13\/2026\/03\/DJI-BS30-Intelligent-Batt.-Station.webp\",\"width\":2048,\"height\":2048},{\"@type\":\"BreadcrumbList\",\"@id\":\"https:\/\/koningdrone.be\/product\/dji-bs30-intelligent-batt-station\/#breadcrumb\",\"itemListElement\":[{\"@type\":\"ListItem\",\"position\":1,\"name\":\"Home\",\"item\":\"https:\/\/koningdrone.be\/\"},{\"@type\":\"ListItem\",\"position\":2,\"name\":\"AVSS Parachute Recovery System for DJI Matrice 300\/350\",\"item\":\"https:\/\/koningdrone.be\/product\/avss-parachute-recovery-system-for-dji-matrice-300-350\/\"},{\"@type\":\"ListItem\",\"position\":3,\"name\":\"DJI BS30\",\"item\":\"https:\/\/koningdrone.be\/categorie\/dji-bs30\/\"},{\"@type\":\"ListItem\",\"position\":4,\"name\":\"DJI BS30 Intelligent Batt. Station\"}]},{\"@type\":\"WebSite\",\"@id\":\"https:\/\/koningdrone.be\/#website\",\"url\":\"https:\/\/koningdrone.be\/\",\"name\":\"Koningdrone.be - Uw online specialist in drones, gimbals, camera's en power stations.\",\"description\":\"De webshop in drones en gimbals\",\"publisher\":{\"@id\":\"https:\/\/koningdrone.be\/#organization\"},\"potentialAction\":[{\"@type\":\"SearchAction\",\"target\":{\"@type\":\"EntryPoint\",\"urlTemplate\":\"https:\/\/koningdrone.be\/?s={search_term_string}\"},\"query-input\":{\"@type\":\"PropertyValueSpecification\",\"valueRequired\":true,\"valueName\":\"search_term_string\"}}],\"inLanguage\":\"es\"},{\"@type\":\"Organization\",\"@id\":\"https:\/\/koningdrone.be\/#organization\",\"name\":\"Koningdrone.be\",\"url\":\"https:\/\/koningdrone.be\/\",\"logo\":{\"@type\":\"ImageObject\",\"inLanguage\":\"es\",\"@id\":\"https:\/\/koningdrone.be\/#\/schema\/logo\/image\/\",\"url\":\"https:\/\/koningdrone.be\/wp-content\/uploads\/sites\/13\/2025\/04\/koningdrone-copyright-logo.svg\",\"contentUrl\":\"https:\/\/koningdrone.be\/wp-content\/uploads\/sites\/13\/2025\/04\/koningdrone-copyright-logo.svg\",\"width\":227,\"height\":38,\"caption\":\"Koningdrone.be\"},\"image\":{\"@id\":\"https:\/\/koningdrone.be\/#\/schema\/logo\/image\/\"}}]}<\/script>\n<!-- \/ Yoast SEO Premium plugin. -->","yoast_head_json":{"title":"DJI BS30 Intelligent Batt. Station - koningdrone.be","robots":{"index":"index","follow":"follow","max-snippet":"max-snippet:-1","max-image-preview":"max-image-preview:large","max-video-preview":"max-video-preview:-1"},"canonical":"https:\/\/koningdrone.be\/es\/producto\/dji-bs30-intelligent-batt-station\/","og_locale":"es_ES","og_type":"article","og_title":"DJI BS30 Intelligent Batt. Station","og_description":"Professioneel laadstation voor DJI Matrice 30 serie batterijen  Laadt 2 TB30 batterijen tot 90% in ongeveer 30 minuten  Ondersteunt meerdere laadmodi zoals Storage Mode en Standby Mode  Robuuste draagbare behuizing met IP55 bescherming  Ideaal voor inspecties, noodhulp en industri\u00eble drone-operaties","og_url":"https:\/\/koningdrone.be\/es\/producto\/dji-bs30-intelligent-batt-station\/","og_site_name":"koningdrone.be","article_modified_time":"2026-04-29T01:50:20+00:00","og_image":[{"width":2048,"height":2048,"url":"https:\/\/koningdrone.be\/wp-content\/uploads\/sites\/13\/2026\/03\/DJI-BS30-Intelligent-Batt.-Station.webp","type":"image\/webp"}],"twitter_card":"summary_large_image","twitter_misc":{"Tiempo de lectura":"1 minuto"},"schema":{"@context":"https:\/\/schema.org","@graph":[{"@type":"WebPage","@id":"https:\/\/koningdrone.be\/product\/dji-bs30-intelligent-batt-station\/","url":"https:\/\/koningdrone.be\/product\/dji-bs30-intelligent-batt-station\/","name":"DJI BS30 Intelligent Batt. Station - koningdrone.be","isPartOf":{"@id":"https:\/\/koningdrone.be\/#website"},"primaryImageOfPage":{"@id":"https:\/\/koningdrone.be\/product\/dji-bs30-intelligent-batt-station\/#primaryimage"},"image":{"@id":"https:\/\/koningdrone.be\/product\/dji-bs30-intelligent-batt-station\/#primaryimage"},"thumbnailUrl":"https:\/\/koningdrone.be\/wp-content\/uploads\/sites\/13\/2026\/03\/DJI-BS30-Intelligent-Batt.-Station.webp","datePublished":"2026-03-17T02:10:38+00:00","dateModified":"2026-04-29T01:50:20+00:00","breadcrumb":{"@id":"https:\/\/koningdrone.be\/product\/dji-bs30-intelligent-batt-station\/#breadcrumb"},"inLanguage":"es","potentialAction":[{"@type":"ReadAction","target":["https:\/\/koningdrone.be\/product\/dji-bs30-intelligent-batt-station\/"]}]},{"@type":"ImageObject","inLanguage":"es","@id":"https:\/\/koningdrone.be\/product\/dji-bs30-intelligent-batt-station\/#primaryimage","url":"https:\/\/koningdrone.be\/wp-content\/uploads\/sites\/13\/2026\/03\/DJI-BS30-Intelligent-Batt.-Station.webp","contentUrl":"https:\/\/koningdrone.be\/wp-content\/uploads\/sites\/13\/2026\/03\/DJI-BS30-Intelligent-Batt.-Station.webp","width":2048,"height":2048},{"@type":"BreadcrumbList","@id":"https:\/\/koningdrone.be\/product\/dji-bs30-intelligent-batt-station\/#breadcrumb","itemListElement":[{"@type":"ListItem","position":1,"name":"Home","item":"https:\/\/koningdrone.be\/"},{"@type":"ListItem","position":2,"name":"AVSS Parachute Recovery System for DJI Matrice 300\/350","item":"https:\/\/koningdrone.be\/product\/avss-parachute-recovery-system-for-dji-matrice-300-350\/"},{"@type":"ListItem","position":3,"name":"DJI BS30","item":"https:\/\/koningdrone.be\/categorie\/dji-bs30\/"},{"@type":"ListItem","position":4,"name":"DJI BS30 Intelligent Batt. Station"}]},{"@type":"WebSite","@id":"https:\/\/koningdrone.be\/#website","url":"https:\/\/koningdrone.be\/","name":"Koningdrone.be - Su especialista en l\u00ednea en drones, cardanes, c\u00e1maras y centrales el\u00e9ctricas.","description":"La tienda virtual de drones y cardanes","publisher":{"@id":"https:\/\/koningdrone.be\/#organization"},"potentialAction":[{"@type":"SearchAction","target":{"@type":"EntryPoint","urlTemplate":"https:\/\/koningdrone.be\/?s={search_term_string}"},"query-input":{"@type":"PropertyValueSpecification","valueRequired":true,"valueName":"search_term_string"}}],"inLanguage":"es"},{"@type":"Organization","@id":"https:\/\/koningdrone.be\/#organization","name":"Kingdrone.es","url":"https:\/\/koningdrone.be\/","logo":{"@type":"ImageObject","inLanguage":"es","@id":"https:\/\/koningdrone.be\/#\/schema\/logo\/image\/","url":"https:\/\/koningdrone.be\/wp-content\/uploads\/sites\/13\/2025\/04\/koningdrone-copyright-logo.svg","contentUrl":"https:\/\/koningdrone.be\/wp-content\/uploads\/sites\/13\/2025\/04\/koningdrone-copyright-logo.svg","width":227,"height":38,"caption":"Koningdrone.be"},"image":{"@id":"https:\/\/koningdrone.be\/#\/schema\/logo\/image\/"}}]}},"df_price":869,"df_sale_price":"","df_regular_price":869,"df_image_link":"https:\/\/koningdrone.be\/wp-content\/uploads\/sites\/13\/2026\/03\/DJI-BS30-Intelligent-Batt.-Station-300x300.webp","_links":{"self":[{"href":"https:\/\/koningdrone.be\/es\/wp-json\/wp\/v2\/product\/17285","targetHints":{"allow":["GET"]}}],"collection":[{"href":"https:\/\/koningdrone.be\/es\/wp-json\/wp\/v2\/product"}],"about":[{"href":"https:\/\/koningdrone.be\/es\/wp-json\/wp\/v2\/types\/product"}],"wp:featuredmedia":[{"embeddable":true,"href":"https:\/\/koningdrone.be\/es\/wp-json\/wp\/v2\/media\/17282"}],"wp:attachment":[{"href":"https:\/\/koningdrone.be\/es\/wp-json\/wp\/v2\/media?parent=17285"}],"wp:term":[{"taxonomy":"product_brand","embeddable":true,"href":"https:\/\/koningdrone.be\/es\/wp-json\/wp\/v2\/product_brand?post=17285"},{"taxonomy":"product_cat","embeddable":true,"href":"https:\/\/koningdrone.be\/es\/wp-json\/wp\/v2\/product_cat?post=17285"},{"taxonomy":"product_tag","embeddable":true,"href":"https:\/\/koningdrone.be\/es\/wp-json\/wp\/v2\/product_tag?post=17285"}],"curies":[{"name":"wp","href":"https:\/\/api.w.org\/{rel}","templated":true}]}}