{"id":17266,"date":"2026-03-20T11:50:50","date_gmt":"2026-03-20T10:50:50","guid":{"rendered":"https:\/\/koningdrone.be\/?post_type=product&#038;p=17266"},"modified":"2026-04-29T14:50:28","modified_gmt":"2026-04-29T12:50:28","slug":"dji-skyport-v3-adapter-set","status":"publish","type":"product","link":"https:\/\/koningdrone.be\/es\/producto\/dji-skyport-v3-adapter-set\/","title":{"rendered":"Juego de adaptadores DJI SKYPORT V3"},"content":{"rendered":"<h3>Juego de adaptadores DJI SKYPORT V3<\/h3>\n<p>El DJI SkyPort V3 Adapter Set es un kit de adaptadores profesionales dise\u00f1ado espec\u00edficamente para la integraci\u00f3n de cargas \u00fatiles en drones empresariales como el Matrice 400. Con estos adaptadores, los desarrolladores e integradores pueden conectar f\u00e1cilmente sensores personalizados, c\u00e1maras u otros equipos especializados a la plataforma del dron. Gracias a la interfaz SkyPort V3, se garantiza una conexi\u00f3n fiable tanto para la alimentaci\u00f3n como para los datos.<\/p>\n<p><a href=\"https:\/\/koningdrone.nl\/wp-content\/uploads\/2026\/03\/DJI-SKYPORT-V3-Adapter-Set.webp\"><img loading=\"lazy\" decoding=\"async\" class=\"size-medium wp-image-467536 aligncenter\" src=\"https:\/\/koningdrone.nl\/wp-content\/uploads\/2026\/03\/DJI-SKYPORT-V3-Adapter-Set-300x300.webp\" alt=\"DJI SKYPORT V3 Adapter Set\" width=\"300\" height=\"300\" \/><\/a><\/p>\n<h4>Rendimiento y funcionalidad<\/h4>\n<p>El adaptador SkyPort V3 permite una comunicaci\u00f3n perfecta entre el dron y las cargas \u00fatiles compatibles con el SDK de carga \u00fatil (PSDK). Esto permite que los sensores y m\u00f3dulos no solo se monten f\u00edsicamente, sino que tambi\u00e9n se comuniquen directamente con el sistema del dron para la transferencia de datos, el control y la alimentaci\u00f3n en tiempo real. El adaptador admite varios protocolos de comunicaci\u00f3n y una fuente de alimentaci\u00f3n estable, lo que permite a los desarrolladores crear nuevas soluciones de carga \u00fatil para aplicaciones de inspecci\u00f3n, cartograf\u00eda, investigaci\u00f3n e industriales.<\/p>\n<h4>Calidad de construcci\u00f3n y dise\u00f1o<\/h4>\n<p>Cada adaptador de este kit est\u00e1 dise\u00f1ado para aplicaciones profesionales e incluye un chip certificado DJI SDK para una autenticaci\u00f3n segura y un funcionamiento fiable dentro del ecosistema DJI. El sistema est\u00e1 dise\u00f1ado para un r\u00e1pido montaje y desmontaje de cargas \u00fatiles, lo que resulta ideal para operadores que necesitan adaptar r\u00e1pidamente su dron a diferentes misiones. La construcci\u00f3n robusta y la interfaz precisa garantizan una conectividad estable y segura durante las operaciones de vuelo.<\/p>\n<h4>Por qu\u00e9 lo necesita<\/h4>\n<p>Para desarrolladores, integradores y operadores profesionales de drones, el DJI SkyPort V3 Adapter Set es un componente esencial para ampliar la funcionalidad de su dron. Permite integrar f\u00e1cilmente sensores y equipos personalizados, personalizando el dron para aplicaciones tan diversas como inspecci\u00f3n, seguridad, cartograf\u00eda e investigaci\u00f3n.<\/p>","protected":false},"excerpt":{"rendered":"<ul>\n<li>Perfecta integraci\u00f3n de sensores y m\u00f3dulos compatibles con Payload SDK<\/li>\n<li>Conexi\u00f3n fiable de alimentaci\u00f3n y datos a trav\u00e9s de la interfaz DJI SkyPort V3<\/li>\n<li>Incluye chip certificado DJI SDK para autenticaci\u00f3n segura<\/li>\n<li>R\u00e1pido montaje y desmontaje de cargas \u00fatiles para operaciones eficientes<\/li>\n<li>Ideal para inspecci\u00f3n, cartograf\u00eda, aplicaciones industriales e I+D<\/li>\n<\/ul>","protected":false},"featured_media":17262,"template":"","meta":{"_acf_changed":false},"product_brand":[],"product_cat":[1583],"product_tag":[],"class_list":{"0":"post-17266","1":"product","2":"type-product","3":"status-publish","4":"has-post-thumbnail","6":"product_cat-dji-matrice-400","7":"product_shipping_class-outofstock","8":"pa_brand-dji","9":"pa_producttype-adapterset","10":"pa_series-skyport","12":"first","13":"outofstock","14":"taxable","15":"shipping-taxable","16":"purchasable","17":"product-type-simple"},"acf":[],"yoast_head":"<!-- This site is optimized with the Yoast SEO Premium plugin v27.2 (Yoast SEO v27.2) - https:\/\/yoast.com\/product\/yoast-seo-premium-wordpress\/ -->\n<title>DJI SKYPORT V3 Adapter Set - koningdrone.be<\/title>\n<meta name=\"robots\" content=\"index, follow, max-snippet:-1, max-image-preview:large, max-video-preview:-1\" \/>\n<link rel=\"canonical\" href=\"https:\/\/koningdrone.be\/es\/producto\/dji-skyport-v3-adapter-set\/\" \/>\n<meta property=\"og:locale\" content=\"es_ES\" \/>\n<meta property=\"og:type\" content=\"article\" \/>\n<meta property=\"og:title\" content=\"DJI SKYPORT V3 Adapter Set\" \/>\n<meta property=\"og:description\" content=\"Naadloze integratie van Payload SDK-compatibele sensoren en modules  Betrouwbare stroom- en dataverbinding via de DJI SkyPort V3 interface  Inclusief DJI SDK-gecertificeerde chip voor veilige authenticatie  Snelle montage en demontage van payloads voor effici\u00ebnte operaties  Ideaal voor inspectie, mapping, industri\u00eble toepassingen en R&amp;D\" \/>\n<meta property=\"og:url\" content=\"https:\/\/koningdrone.be\/es\/producto\/dji-skyport-v3-adapter-set\/\" \/>\n<meta property=\"og:site_name\" content=\"koningdrone.be\" \/>\n<meta property=\"article:modified_time\" content=\"2026-04-29T12:50:28+00:00\" \/>\n<meta property=\"og:image\" content=\"https:\/\/koningdrone.be\/wp-content\/uploads\/sites\/13\/2026\/03\/DJI-SKYPORT-V3-Adapter-Set.webp\" \/>\n\t<meta property=\"og:image:width\" content=\"2048\" \/>\n\t<meta property=\"og:image:height\" content=\"2048\" \/>\n\t<meta property=\"og:image:type\" content=\"image\/webp\" \/>\n<meta name=\"twitter:card\" content=\"summary_large_image\" \/>\n<meta name=\"twitter:label1\" content=\"Tiempo de lectura\" \/>\n\t<meta name=\"twitter:data1\" content=\"1 minuto\" \/>\n<script type=\"application\/ld+json\" class=\"yoast-schema-graph\">{\"@context\":\"https:\/\/schema.org\",\"@graph\":[{\"@type\":\"WebPage\",\"@id\":\"https:\/\/koningdrone.be\/product\/dji-skyport-v3-adapter-set\/\",\"url\":\"https:\/\/koningdrone.be\/product\/dji-skyport-v3-adapter-set\/\",\"name\":\"DJI SKYPORT V3 Adapter Set - koningdrone.be\",\"isPartOf\":{\"@id\":\"https:\/\/koningdrone.be\/#website\"},\"primaryImageOfPage\":{\"@id\":\"https:\/\/koningdrone.be\/product\/dji-skyport-v3-adapter-set\/#primaryimage\"},\"image\":{\"@id\":\"https:\/\/koningdrone.be\/product\/dji-skyport-v3-adapter-set\/#primaryimage\"},\"thumbnailUrl\":\"https:\/\/koningdrone.be\/wp-content\/uploads\/sites\/13\/2026\/03\/DJI-SKYPORT-V3-Adapter-Set.webp\",\"datePublished\":\"2026-03-20T10:50:50+00:00\",\"dateModified\":\"2026-04-29T12:50:28+00:00\",\"breadcrumb\":{\"@id\":\"https:\/\/koningdrone.be\/product\/dji-skyport-v3-adapter-set\/#breadcrumb\"},\"inLanguage\":\"es\",\"potentialAction\":[{\"@type\":\"ReadAction\",\"target\":[\"https:\/\/koningdrone.be\/product\/dji-skyport-v3-adapter-set\/\"]}]},{\"@type\":\"ImageObject\",\"inLanguage\":\"es\",\"@id\":\"https:\/\/koningdrone.be\/product\/dji-skyport-v3-adapter-set\/#primaryimage\",\"url\":\"https:\/\/koningdrone.be\/wp-content\/uploads\/sites\/13\/2026\/03\/DJI-SKYPORT-V3-Adapter-Set.webp\",\"contentUrl\":\"https:\/\/koningdrone.be\/wp-content\/uploads\/sites\/13\/2026\/03\/DJI-SKYPORT-V3-Adapter-Set.webp\",\"width\":2048,\"height\":2048},{\"@type\":\"BreadcrumbList\",\"@id\":\"https:\/\/koningdrone.be\/product\/dji-skyport-v3-adapter-set\/#breadcrumb\",\"itemListElement\":[{\"@type\":\"ListItem\",\"position\":1,\"name\":\"Home\",\"item\":\"https:\/\/koningdrone.be\/\"},{\"@type\":\"ListItem\",\"position\":2,\"name\":\"AVSS Parachute Recovery System for DJI Matrice 300\/350\",\"item\":\"https:\/\/koningdrone.be\/product\/avss-parachute-recovery-system-for-dji-matrice-300-350\/\"},{\"@type\":\"ListItem\",\"position\":3,\"name\":\"DJI Matrice 400\",\"item\":\"https:\/\/koningdrone.be\/categorie\/dji-matrice-400\/\"},{\"@type\":\"ListItem\",\"position\":4,\"name\":\"DJI SKYPORT V3 Adapter Set\"}]},{\"@type\":\"WebSite\",\"@id\":\"https:\/\/koningdrone.be\/#website\",\"url\":\"https:\/\/koningdrone.be\/\",\"name\":\"Koningdrone.be - Uw online specialist in drones, gimbals, camera's en power stations.\",\"description\":\"De webshop in drones en gimbals\",\"publisher\":{\"@id\":\"https:\/\/koningdrone.be\/#organization\"},\"potentialAction\":[{\"@type\":\"SearchAction\",\"target\":{\"@type\":\"EntryPoint\",\"urlTemplate\":\"https:\/\/koningdrone.be\/?s={search_term_string}\"},\"query-input\":{\"@type\":\"PropertyValueSpecification\",\"valueRequired\":true,\"valueName\":\"search_term_string\"}}],\"inLanguage\":\"es\"},{\"@type\":\"Organization\",\"@id\":\"https:\/\/koningdrone.be\/#organization\",\"name\":\"Koningdrone.be\",\"url\":\"https:\/\/koningdrone.be\/\",\"logo\":{\"@type\":\"ImageObject\",\"inLanguage\":\"es\",\"@id\":\"https:\/\/koningdrone.be\/#\/schema\/logo\/image\/\",\"url\":\"https:\/\/koningdrone.be\/wp-content\/uploads\/sites\/13\/2025\/04\/koningdrone-copyright-logo.svg\",\"contentUrl\":\"https:\/\/koningdrone.be\/wp-content\/uploads\/sites\/13\/2025\/04\/koningdrone-copyright-logo.svg\",\"width\":227,\"height\":38,\"caption\":\"Koningdrone.be\"},\"image\":{\"@id\":\"https:\/\/koningdrone.be\/#\/schema\/logo\/image\/\"}}]}<\/script>\n<!-- \/ Yoast SEO Premium plugin. -->","yoast_head_json":{"title":"DJI SKYPORT V3 Adapter Set - koningdrone.be","robots":{"index":"index","follow":"follow","max-snippet":"max-snippet:-1","max-image-preview":"max-image-preview:large","max-video-preview":"max-video-preview:-1"},"canonical":"https:\/\/koningdrone.be\/es\/producto\/dji-skyport-v3-adapter-set\/","og_locale":"es_ES","og_type":"article","og_title":"DJI SKYPORT V3 Adapter Set","og_description":"Naadloze integratie van Payload SDK-compatibele sensoren en modules  Betrouwbare stroom- en dataverbinding via de DJI SkyPort V3 interface  Inclusief DJI SDK-gecertificeerde chip voor veilige authenticatie  Snelle montage en demontage van payloads voor effici\u00ebnte operaties  Ideaal voor inspectie, mapping, industri\u00eble toepassingen en R&amp;D","og_url":"https:\/\/koningdrone.be\/es\/producto\/dji-skyport-v3-adapter-set\/","og_site_name":"koningdrone.be","article_modified_time":"2026-04-29T12:50:28+00:00","og_image":[{"width":2048,"height":2048,"url":"https:\/\/koningdrone.be\/wp-content\/uploads\/sites\/13\/2026\/03\/DJI-SKYPORT-V3-Adapter-Set.webp","type":"image\/webp"}],"twitter_card":"summary_large_image","twitter_misc":{"Tiempo de lectura":"1 minuto"},"schema":{"@context":"https:\/\/schema.org","@graph":[{"@type":"WebPage","@id":"https:\/\/koningdrone.be\/product\/dji-skyport-v3-adapter-set\/","url":"https:\/\/koningdrone.be\/product\/dji-skyport-v3-adapter-set\/","name":"DJI SKYPORT V3 Adapter Set - koningdrone.be","isPartOf":{"@id":"https:\/\/koningdrone.be\/#website"},"primaryImageOfPage":{"@id":"https:\/\/koningdrone.be\/product\/dji-skyport-v3-adapter-set\/#primaryimage"},"image":{"@id":"https:\/\/koningdrone.be\/product\/dji-skyport-v3-adapter-set\/#primaryimage"},"thumbnailUrl":"https:\/\/koningdrone.be\/wp-content\/uploads\/sites\/13\/2026\/03\/DJI-SKYPORT-V3-Adapter-Set.webp","datePublished":"2026-03-20T10:50:50+00:00","dateModified":"2026-04-29T12:50:28+00:00","breadcrumb":{"@id":"https:\/\/koningdrone.be\/product\/dji-skyport-v3-adapter-set\/#breadcrumb"},"inLanguage":"es","potentialAction":[{"@type":"ReadAction","target":["https:\/\/koningdrone.be\/product\/dji-skyport-v3-adapter-set\/"]}]},{"@type":"ImageObject","inLanguage":"es","@id":"https:\/\/koningdrone.be\/product\/dji-skyport-v3-adapter-set\/#primaryimage","url":"https:\/\/koningdrone.be\/wp-content\/uploads\/sites\/13\/2026\/03\/DJI-SKYPORT-V3-Adapter-Set.webp","contentUrl":"https:\/\/koningdrone.be\/wp-content\/uploads\/sites\/13\/2026\/03\/DJI-SKYPORT-V3-Adapter-Set.webp","width":2048,"height":2048},{"@type":"BreadcrumbList","@id":"https:\/\/koningdrone.be\/product\/dji-skyport-v3-adapter-set\/#breadcrumb","itemListElement":[{"@type":"ListItem","position":1,"name":"Home","item":"https:\/\/koningdrone.be\/"},{"@type":"ListItem","position":2,"name":"AVSS Parachute Recovery System for DJI Matrice 300\/350","item":"https:\/\/koningdrone.be\/product\/avss-parachute-recovery-system-for-dji-matrice-300-350\/"},{"@type":"ListItem","position":3,"name":"DJI Matrice 400","item":"https:\/\/koningdrone.be\/categorie\/dji-matrice-400\/"},{"@type":"ListItem","position":4,"name":"DJI SKYPORT V3 Adapter Set"}]},{"@type":"WebSite","@id":"https:\/\/koningdrone.be\/#website","url":"https:\/\/koningdrone.be\/","name":"Koningdrone.be - Su especialista en l\u00ednea en drones, cardanes, c\u00e1maras y centrales el\u00e9ctricas.","description":"La tienda virtual de drones y cardanes","publisher":{"@id":"https:\/\/koningdrone.be\/#organization"},"potentialAction":[{"@type":"SearchAction","target":{"@type":"EntryPoint","urlTemplate":"https:\/\/koningdrone.be\/?s={search_term_string}"},"query-input":{"@type":"PropertyValueSpecification","valueRequired":true,"valueName":"search_term_string"}}],"inLanguage":"es"},{"@type":"Organization","@id":"https:\/\/koningdrone.be\/#organization","name":"Kingdrone.es","url":"https:\/\/koningdrone.be\/","logo":{"@type":"ImageObject","inLanguage":"es","@id":"https:\/\/koningdrone.be\/#\/schema\/logo\/image\/","url":"https:\/\/koningdrone.be\/wp-content\/uploads\/sites\/13\/2025\/04\/koningdrone-copyright-logo.svg","contentUrl":"https:\/\/koningdrone.be\/wp-content\/uploads\/sites\/13\/2025\/04\/koningdrone-copyright-logo.svg","width":227,"height":38,"caption":"Koningdrone.be"},"image":{"@id":"https:\/\/koningdrone.be\/#\/schema\/logo\/image\/"}}]}},"df_price":390,"df_sale_price":"","df_regular_price":390,"df_image_link":"https:\/\/koningdrone.be\/wp-content\/uploads\/sites\/13\/2026\/03\/DJI-SKYPORT-V3-Adapter-Set-300x300.webp","_links":{"self":[{"href":"https:\/\/koningdrone.be\/es\/wp-json\/wp\/v2\/product\/17266","targetHints":{"allow":["GET"]}}],"collection":[{"href":"https:\/\/koningdrone.be\/es\/wp-json\/wp\/v2\/product"}],"about":[{"href":"https:\/\/koningdrone.be\/es\/wp-json\/wp\/v2\/types\/product"}],"wp:featuredmedia":[{"embeddable":true,"href":"https:\/\/koningdrone.be\/es\/wp-json\/wp\/v2\/media\/17262"}],"wp:attachment":[{"href":"https:\/\/koningdrone.be\/es\/wp-json\/wp\/v2\/media?parent=17266"}],"wp:term":[{"taxonomy":"product_brand","embeddable":true,"href":"https:\/\/koningdrone.be\/es\/wp-json\/wp\/v2\/product_brand?post=17266"},{"taxonomy":"product_cat","embeddable":true,"href":"https:\/\/koningdrone.be\/es\/wp-json\/wp\/v2\/product_cat?post=17266"},{"taxonomy":"product_tag","embeddable":true,"href":"https:\/\/koningdrone.be\/es\/wp-json\/wp\/v2\/product_tag?post=17266"}],"curies":[{"name":"wp","href":"https:\/\/api.w.org\/{rel}","templated":true}]}}