{"id":17261,"date":"2026-03-22T21:30:24","date_gmt":"2026-03-22T20:30:24","guid":{"rendered":"https:\/\/koningdrone.be\/?post_type=product&#038;p=17261"},"modified":"2026-04-29T03:31:00","modified_gmt":"2026-04-29T01:31:00","slug":"dji-zenmuse-l3-eu-sp-plus","status":"publish","type":"product","link":"https:\/\/koningdrone.be\/es\/producto\/dji-zenmuse-l3-eu-sp-plus\/","title":{"rendered":"DJI Zenmuse L3 (EU) SP Plus"},"content":{"rendered":"<h3>DJI Zenmuse L3 (EU) SP Plus: La nueva dimensi\u00f3n en cartograf\u00eda LiDAR de alta precisi\u00f3n<\/h3>\n<p><iframe loading=\"lazy\" title=\"Esta es la DJI Zenmuse L3\" width=\"800\" height=\"450\" src=\"https:\/\/www.youtube.com\/embed\/j4JBzGddVgQ?feature=oembed&#038;enablejsapi=1&#038;origin=https:\/\/koningdrone.be\" frameborder=\"0\" allow=\"accelerometer; autoplay; clipboard-write; encrypted-media; gyroscope; picture-in-picture; web-share\" referrerpolicy=\"strict-origin-when-cross-origin\" allowfullscreen><\/iframe><\/p>\n<p style=\"margin: 20px 0\">En <strong>DJI Zenmuse L3 (EU) SP Plus<\/strong> marca un avance tecnol\u00f3gico en el mundo de la adquisici\u00f3n de datos geoespaciales. Este sistema no es simplemente un sensor, sino un potente sistema de cartograf\u00eda todo en uno que desdibuja los l\u00edmites entre LiDAR y fotogrametr\u00eda. Al fusionar un sensor LiDAR de 1535 nm de alta precisi\u00f3n con un conjunto de c\u00e1maras duales de 100 MP, el L3 proporciona un nivel de detalle hasta ahora inalcanzable en un solo vuelo. Dise\u00f1ada para los profesionales m\u00e1s exigentes de la geodesia, la ingenier\u00eda civil y la gesti\u00f3n forestal, esta plataforma ofrece la integridad de datos necesaria para los gemelos digitales del ma\u00f1ana.<\/p>\n<p><a href=\"https:\/\/koningdrone.nl\/wp-content\/uploads\/2026\/03\/DJI-Zenmuse-L3-EU-SP-Plus.webp\"><img loading=\"lazy\" decoding=\"async\" class=\"aligncenter wp-image-467495 size-full\" src=\"https:\/\/koningdrone.nl\/wp-content\/uploads\/2026\/03\/DJI-Zenmuse-L3-EU-SP-Plus.webp\" alt=\"DJI Zenmuse L3 (EU) SP Plus\" width=\"1200\" height=\"800\" \/><\/a><\/p>\n<h4>Percepci\u00f3n sin l\u00edmites y densidad de puntos sin precedentes<\/h4>\n<p>En el coraz\u00f3n de la Zenmuse L3 se encuentra un potente m\u00f3dulo LiDAR que opera en el <strong>Longitud de onda de 1535 nm<\/strong>, que proporciona una penetraci\u00f3n superior a trav\u00e9s de vegetaci\u00f3n densa y un impresionante alcance de detecci\u00f3n de hasta <strong>950 metros<\/strong>. Incluso en objetos con una reflectividad extremadamente baja (10%), el sistema mantiene su precisi\u00f3n. Con una capacidad de <strong>2 millones de impulsos l\u00e1ser por segundo<\/strong> y asistencia hasta <strong>16 rendimientos<\/strong>, El L3 genera una nube de puntos hiperdetallada. Esto hace que el sistema sea id\u00f3neo para extraer modelos precisos del terreno (MDT) en zonas complejas y boscosas donde los sensores tradicionales fallan.<\/p>\n<p><a href=\"https:\/\/koningdrone.nl\/wp-content\/uploads\/2026\/03\/Product-DJI-Zenmuse-L3-EU-SP-Plus.webp\"><img loading=\"lazy\" decoding=\"async\" class=\"size-medium wp-image-467493 aligncenter\" src=\"https:\/\/koningdrone.nl\/wp-content\/uploads\/2026\/03\/Product-DJI-Zenmuse-L3-EU-SP-Plus-300x300.webp\" alt=\"Product DJI Zenmuse L3 (EU) SP Plus\" width=\"300\" height=\"300\" \/><\/a><\/p>\n<h4>Arquitectura de mapeo dual de 100 MP<\/h4>\n<p>Lo que hace \u00fanico al L3 SP Plus es la integraci\u00f3n de <strong>dos c\u00e1maras cartogr\u00e1ficas RGB de 100 MP<\/strong>. Equipados con obturadores mec\u00e1nicos, estos sensores eliminan cualquier tipo de distorsi\u00f3n de obturador rodante, que es crucial para la precisi\u00f3n fotogram\u00e9trica a altas velocidades de vuelo. Con un campo de visi\u00f3n horizontal de <strong>107\u00b0<\/strong> el sistema captura un \u00e1rea enorme en cada pasada, coloreando directamente los datos LiDAR con texturas de alta resoluci\u00f3n. Esto permite a los usuarios generar simult\u00e1neamente nubes de puntos, ortofotos y modelos digitales de elevaci\u00f3n (DEM\/DSM) de calidad industrial a partir de un \u00fanico conjunto de datos.<\/p>\n<h4>Integraci\u00f3n industrial y eficiencia del flujo de trabajo<\/h4>\n<p>La Zenmuse L3 est\u00e1 dise\u00f1ada para los entornos profesionales m\u00e1s exigentes. El cuerpo robusto y compacto est\u00e1 montado sobre un soporte extremadamente estable. <strong>card\u00e1n de 3 ejes<\/strong>, que corrige a la perfecci\u00f3n las vibraciones y los movimientos inesperados para obtener datos n\u00edtidos. El sistema se integra a la perfecci\u00f3n con el <strong>DJI Matrice 400<\/strong>, La configuraci\u00f3n SP Plus permite agilizar el flujo de trabajo, desde la adquisici\u00f3n de datos hasta el posprocesamiento, ahorrando a las organizaciones un tiempo valioso y reduciendo dr\u00e1sticamente los costes operativos por kil\u00f3metro cuadrado. La configuraci\u00f3n SP Plus admite un flujo de trabajo optimizado desde la adquisici\u00f3n de datos hasta el postprocesamiento, lo que ahorra a las organizaciones un tiempo valioso y reduce dr\u00e1sticamente los costes operativos por kil\u00f3metro cuadrado.<\/p>","protected":false},"excerpt":{"rendered":"<ul>\n<li>Sensor LiDAR de largo alcance con un rango de detecci\u00f3n de hasta 950 m, incluso con baja reflectividad<\/li>\n<li>Dos c\u00e1maras cartogr\u00e1ficas RGB de 100 MP con un amplio campo de visi\u00f3n de 107\u00b0 para obtener im\u00e1genes de alta resoluci\u00f3n<\/li>\n<li>Admite hasta 2 millones de impulsos por segundo y hasta 16 retornos para una alta densidad de nubes de puntos<\/li>\n<li>Generaci\u00f3n de m\u00faltiples entregables como DOM, DEM, DSM en un solo vuelo<\/li>\n<li>Perfecta integraci\u00f3n con los drones empresariales y el flujo de trabajo de software de DJI (DJI Pilot 2, Terra, FlightHub)<\/li>\n<\/ul>","protected":false},"featured_media":17255,"template":"","meta":{"_acf_changed":false},"product_brand":[],"product_cat":[1776],"product_tag":[],"class_list":{"0":"post-17261","1":"product","2":"type-product","3":"status-publish","4":"has-post-thumbnail","6":"product_cat-dji-zenmuse-l3","7":"product_shipping_class-uavspacesall","8":"pa_brand-dji","9":"pa_producttype-bedrijfscamera-payload","10":"pa_series-zenmuse","12":"first","13":"instock","14":"taxable","15":"shipping-taxable","16":"purchasable","17":"product-type-simple"},"acf":[],"yoast_head":"<!-- This site is optimized with the Yoast SEO Premium plugin v27.2 (Yoast SEO v27.2) - https:\/\/yoast.com\/product\/yoast-seo-premium-wordpress\/ -->\n<title>DJI Zenmuse L3 (EU) SP Plus - koningdrone.be<\/title>\n<meta name=\"robots\" content=\"index, follow, max-snippet:-1, max-image-preview:large, max-video-preview:-1\" \/>\n<link rel=\"canonical\" href=\"https:\/\/koningdrone.be\/es\/producto\/dji-zenmuse-l3-eu-sp-plus\/\" \/>\n<meta property=\"og:locale\" content=\"es_ES\" \/>\n<meta property=\"og:type\" content=\"article\" \/>\n<meta property=\"og:title\" content=\"DJI Zenmuse L3 (EU) SP Plus\" \/>\n<meta property=\"og:description\" content=\"LiDAR\u2011sensor met lange afstand tot 950\u202fm detectiebereik, zelfs op lage reflectiviteit  Dual 100\u202fMP RGB mappingcamera\u2019s met brede 107\u00b0 gezichtsveld voor hoge resolutie beelddata  Ondersteuning tot 2 miljoen pulsen per seconde en tot 16 returns voor hoge puntenwolk\u2011densiteit  Genereren van meerdere deliverables zoals DOM, DEM, DSM in \u00e9\u00e9n vlucht  Naadloze integratie met DJI enterprise\u2011drones en softwareworkflow (DJI Pilot 2, Terra, FlightHub)\" \/>\n<meta property=\"og:url\" content=\"https:\/\/koningdrone.be\/es\/producto\/dji-zenmuse-l3-eu-sp-plus\/\" \/>\n<meta property=\"og:site_name\" content=\"koningdrone.be\" \/>\n<meta property=\"article:modified_time\" content=\"2026-04-29T01:31:00+00:00\" \/>\n<meta property=\"og:image\" content=\"https:\/\/koningdrone.be\/wp-content\/uploads\/sites\/13\/2026\/03\/DJI-Zenmuse-L3-EU-SP-Plus-Product.webp\" \/>\n\t<meta property=\"og:image:width\" content=\"2048\" \/>\n\t<meta property=\"og:image:height\" content=\"2048\" \/>\n\t<meta property=\"og:image:type\" content=\"image\/webp\" \/>\n<meta name=\"twitter:card\" content=\"summary_large_image\" \/>\n<meta name=\"twitter:label1\" content=\"Tiempo de lectura\" \/>\n\t<meta name=\"twitter:data1\" content=\"2 minutos\" \/>\n<script type=\"application\/ld+json\" class=\"yoast-schema-graph\">{\"@context\":\"https:\/\/schema.org\",\"@graph\":[{\"@type\":\"WebPage\",\"@id\":\"https:\/\/koningdrone.be\/product\/dji-zenmuse-l3-eu-sp-plus\/\",\"url\":\"https:\/\/koningdrone.be\/product\/dji-zenmuse-l3-eu-sp-plus\/\",\"name\":\"DJI Zenmuse L3 (EU) SP Plus - koningdrone.be\",\"isPartOf\":{\"@id\":\"https:\/\/koningdrone.be\/#website\"},\"primaryImageOfPage\":{\"@id\":\"https:\/\/koningdrone.be\/product\/dji-zenmuse-l3-eu-sp-plus\/#primaryimage\"},\"image\":{\"@id\":\"https:\/\/koningdrone.be\/product\/dji-zenmuse-l3-eu-sp-plus\/#primaryimage\"},\"thumbnailUrl\":\"https:\/\/koningdrone.be\/wp-content\/uploads\/sites\/13\/2026\/03\/DJI-Zenmuse-L3-EU-SP-Plus-Product.webp\",\"datePublished\":\"2026-03-22T20:30:24+00:00\",\"dateModified\":\"2026-04-29T01:31:00+00:00\",\"breadcrumb\":{\"@id\":\"https:\/\/koningdrone.be\/product\/dji-zenmuse-l3-eu-sp-plus\/#breadcrumb\"},\"inLanguage\":\"es\",\"potentialAction\":[{\"@type\":\"ReadAction\",\"target\":[\"https:\/\/koningdrone.be\/product\/dji-zenmuse-l3-eu-sp-plus\/\"]}]},{\"@type\":\"ImageObject\",\"inLanguage\":\"es\",\"@id\":\"https:\/\/koningdrone.be\/product\/dji-zenmuse-l3-eu-sp-plus\/#primaryimage\",\"url\":\"https:\/\/koningdrone.be\/wp-content\/uploads\/sites\/13\/2026\/03\/DJI-Zenmuse-L3-EU-SP-Plus-Product.webp\",\"contentUrl\":\"https:\/\/koningdrone.be\/wp-content\/uploads\/sites\/13\/2026\/03\/DJI-Zenmuse-L3-EU-SP-Plus-Product.webp\",\"width\":2048,\"height\":2048},{\"@type\":\"BreadcrumbList\",\"@id\":\"https:\/\/koningdrone.be\/product\/dji-zenmuse-l3-eu-sp-plus\/#breadcrumb\",\"itemListElement\":[{\"@type\":\"ListItem\",\"position\":1,\"name\":\"Home\",\"item\":\"https:\/\/koningdrone.be\/\"},{\"@type\":\"ListItem\",\"position\":2,\"name\":\"AVSS Parachute Recovery System for DJI Matrice 300\/350\",\"item\":\"https:\/\/koningdrone.be\/product\/avss-parachute-recovery-system-for-dji-matrice-300-350\/\"},{\"@type\":\"ListItem\",\"position\":3,\"name\":\"DJI Zenmuse L3\",\"item\":\"https:\/\/koningdrone.be\/categorie\/dji-zenmuse-l3\/\"},{\"@type\":\"ListItem\",\"position\":4,\"name\":\"DJI Zenmuse L3 (EU) SP Plus\"}]},{\"@type\":\"WebSite\",\"@id\":\"https:\/\/koningdrone.be\/#website\",\"url\":\"https:\/\/koningdrone.be\/\",\"name\":\"Koningdrone.be - Uw online specialist in drones, gimbals, camera's en power stations.\",\"description\":\"De webshop in drones en gimbals\",\"publisher\":{\"@id\":\"https:\/\/koningdrone.be\/#organization\"},\"potentialAction\":[{\"@type\":\"SearchAction\",\"target\":{\"@type\":\"EntryPoint\",\"urlTemplate\":\"https:\/\/koningdrone.be\/?s={search_term_string}\"},\"query-input\":{\"@type\":\"PropertyValueSpecification\",\"valueRequired\":true,\"valueName\":\"search_term_string\"}}],\"inLanguage\":\"es\"},{\"@type\":\"Organization\",\"@id\":\"https:\/\/koningdrone.be\/#organization\",\"name\":\"Koningdrone.be\",\"url\":\"https:\/\/koningdrone.be\/\",\"logo\":{\"@type\":\"ImageObject\",\"inLanguage\":\"es\",\"@id\":\"https:\/\/koningdrone.be\/#\/schema\/logo\/image\/\",\"url\":\"https:\/\/koningdrone.be\/wp-content\/uploads\/sites\/13\/2025\/04\/koningdrone-copyright-logo.svg\",\"contentUrl\":\"https:\/\/koningdrone.be\/wp-content\/uploads\/sites\/13\/2025\/04\/koningdrone-copyright-logo.svg\",\"width\":227,\"height\":38,\"caption\":\"Koningdrone.be\"},\"image\":{\"@id\":\"https:\/\/koningdrone.be\/#\/schema\/logo\/image\/\"}}]}<\/script>\n<!-- \/ Yoast SEO Premium plugin. -->","yoast_head_json":{"title":"DJI Zenmuse L3 (EU) SP Plus - koningdrone.be","robots":{"index":"index","follow":"follow","max-snippet":"max-snippet:-1","max-image-preview":"max-image-preview:large","max-video-preview":"max-video-preview:-1"},"canonical":"https:\/\/koningdrone.be\/es\/producto\/dji-zenmuse-l3-eu-sp-plus\/","og_locale":"es_ES","og_type":"article","og_title":"DJI Zenmuse L3 (EU) SP Plus","og_description":"LiDAR\u2011sensor met lange afstand tot 950\u202fm detectiebereik, zelfs op lage reflectiviteit  Dual 100\u202fMP RGB mappingcamera\u2019s met brede 107\u00b0 gezichtsveld voor hoge resolutie beelddata  Ondersteuning tot 2 miljoen pulsen per seconde en tot 16 returns voor hoge puntenwolk\u2011densiteit  Genereren van meerdere deliverables zoals DOM, DEM, DSM in \u00e9\u00e9n vlucht  Naadloze integratie met DJI enterprise\u2011drones en softwareworkflow (DJI Pilot 2, Terra, FlightHub)","og_url":"https:\/\/koningdrone.be\/es\/producto\/dji-zenmuse-l3-eu-sp-plus\/","og_site_name":"koningdrone.be","article_modified_time":"2026-04-29T01:31:00+00:00","og_image":[{"width":2048,"height":2048,"url":"https:\/\/koningdrone.be\/wp-content\/uploads\/sites\/13\/2026\/03\/DJI-Zenmuse-L3-EU-SP-Plus-Product.webp","type":"image\/webp"}],"twitter_card":"summary_large_image","twitter_misc":{"Tiempo de lectura":"2 minutos"},"schema":{"@context":"https:\/\/schema.org","@graph":[{"@type":"WebPage","@id":"https:\/\/koningdrone.be\/product\/dji-zenmuse-l3-eu-sp-plus\/","url":"https:\/\/koningdrone.be\/product\/dji-zenmuse-l3-eu-sp-plus\/","name":"DJI Zenmuse L3 (EU) SP Plus - koningdrone.be","isPartOf":{"@id":"https:\/\/koningdrone.be\/#website"},"primaryImageOfPage":{"@id":"https:\/\/koningdrone.be\/product\/dji-zenmuse-l3-eu-sp-plus\/#primaryimage"},"image":{"@id":"https:\/\/koningdrone.be\/product\/dji-zenmuse-l3-eu-sp-plus\/#primaryimage"},"thumbnailUrl":"https:\/\/koningdrone.be\/wp-content\/uploads\/sites\/13\/2026\/03\/DJI-Zenmuse-L3-EU-SP-Plus-Product.webp","datePublished":"2026-03-22T20:30:24+00:00","dateModified":"2026-04-29T01:31:00+00:00","breadcrumb":{"@id":"https:\/\/koningdrone.be\/product\/dji-zenmuse-l3-eu-sp-plus\/#breadcrumb"},"inLanguage":"es","potentialAction":[{"@type":"ReadAction","target":["https:\/\/koningdrone.be\/product\/dji-zenmuse-l3-eu-sp-plus\/"]}]},{"@type":"ImageObject","inLanguage":"es","@id":"https:\/\/koningdrone.be\/product\/dji-zenmuse-l3-eu-sp-plus\/#primaryimage","url":"https:\/\/koningdrone.be\/wp-content\/uploads\/sites\/13\/2026\/03\/DJI-Zenmuse-L3-EU-SP-Plus-Product.webp","contentUrl":"https:\/\/koningdrone.be\/wp-content\/uploads\/sites\/13\/2026\/03\/DJI-Zenmuse-L3-EU-SP-Plus-Product.webp","width":2048,"height":2048},{"@type":"BreadcrumbList","@id":"https:\/\/koningdrone.be\/product\/dji-zenmuse-l3-eu-sp-plus\/#breadcrumb","itemListElement":[{"@type":"ListItem","position":1,"name":"Home","item":"https:\/\/koningdrone.be\/"},{"@type":"ListItem","position":2,"name":"AVSS Parachute Recovery System for DJI Matrice 300\/350","item":"https:\/\/koningdrone.be\/product\/avss-parachute-recovery-system-for-dji-matrice-300-350\/"},{"@type":"ListItem","position":3,"name":"DJI Zenmuse L3","item":"https:\/\/koningdrone.be\/categorie\/dji-zenmuse-l3\/"},{"@type":"ListItem","position":4,"name":"DJI Zenmuse L3 (EU) SP Plus"}]},{"@type":"WebSite","@id":"https:\/\/koningdrone.be\/#website","url":"https:\/\/koningdrone.be\/","name":"Koningdrone.be - Su especialista en l\u00ednea en drones, cardanes, c\u00e1maras y centrales el\u00e9ctricas.","description":"La tienda virtual de drones y cardanes","publisher":{"@id":"https:\/\/koningdrone.be\/#organization"},"potentialAction":[{"@type":"SearchAction","target":{"@type":"EntryPoint","urlTemplate":"https:\/\/koningdrone.be\/?s={search_term_string}"},"query-input":{"@type":"PropertyValueSpecification","valueRequired":true,"valueName":"search_term_string"}}],"inLanguage":"es"},{"@type":"Organization","@id":"https:\/\/koningdrone.be\/#organization","name":"Kingdrone.es","url":"https:\/\/koningdrone.be\/","logo":{"@type":"ImageObject","inLanguage":"es","@id":"https:\/\/koningdrone.be\/#\/schema\/logo\/image\/","url":"https:\/\/koningdrone.be\/wp-content\/uploads\/sites\/13\/2025\/04\/koningdrone-copyright-logo.svg","contentUrl":"https:\/\/koningdrone.be\/wp-content\/uploads\/sites\/13\/2025\/04\/koningdrone-copyright-logo.svg","width":227,"height":38,"caption":"Koningdrone.be"},"image":{"@id":"https:\/\/koningdrone.be\/#\/schema\/logo\/image\/"}}]}},"df_price":12753,"df_sale_price":"","df_regular_price":12753,"df_image_link":"https:\/\/koningdrone.be\/wp-content\/uploads\/sites\/13\/2026\/03\/DJI-Zenmuse-L3-EU-SP-Plus-Product-300x300.webp","_links":{"self":[{"href":"https:\/\/koningdrone.be\/es\/wp-json\/wp\/v2\/product\/17261","targetHints":{"allow":["GET"]}}],"collection":[{"href":"https:\/\/koningdrone.be\/es\/wp-json\/wp\/v2\/product"}],"about":[{"href":"https:\/\/koningdrone.be\/es\/wp-json\/wp\/v2\/types\/product"}],"wp:featuredmedia":[{"embeddable":true,"href":"https:\/\/koningdrone.be\/es\/wp-json\/wp\/v2\/media\/17255"}],"wp:attachment":[{"href":"https:\/\/koningdrone.be\/es\/wp-json\/wp\/v2\/media?parent=17261"}],"wp:term":[{"taxonomy":"product_brand","embeddable":true,"href":"https:\/\/koningdrone.be\/es\/wp-json\/wp\/v2\/product_brand?post=17261"},{"taxonomy":"product_cat","embeddable":true,"href":"https:\/\/koningdrone.be\/es\/wp-json\/wp\/v2\/product_cat?post=17261"},{"taxonomy":"product_tag","embeddable":true,"href":"https:\/\/koningdrone.be\/es\/wp-json\/wp\/v2\/product_tag?post=17261"}],"curies":[{"name":"wp","href":"https:\/\/api.w.org\/{rel}","templated":true}]}}