{"id":17250,"date":"2026-03-16T14:39:10","date_gmt":"2026-03-16T13:39:10","guid":{"rendered":"https:\/\/koningdrone.be\/?post_type=product&#038;p=17250"},"modified":"2026-04-29T04:30:28","modified_gmt":"2026-04-29T02:30:28","slug":"dji-matrice-4d-enterprise-rc-sp-eu-stand-alone-version","status":"publish","type":"product","link":"https:\/\/koningdrone.be\/es\/producto\/dji-matrice-4d-enterprise-rc-sp-eu-stand-alone-version\/","title":{"rendered":"DJI Matrice 4D Enterprise RC SP EU (Versi\u00f3n aut\u00f3noma)"},"content":{"rendered":"<h3>DJI Matrice 4D Enterprise RC SP EU: El nuevo est\u00e1ndar en precisi\u00f3n geoespacial<\/h3>\n<p><iframe loading=\"lazy\" title=\"Matrice 4D Series - El primer dron compacto de DJI con protecci\u00f3n IP55 contra el agua\" width=\"800\" height=\"450\" src=\"https:\/\/www.youtube.com\/embed\/mr3sdcQ2PzA?start=3&#038;feature=oembed&#038;enablejsapi=1&#038;origin=https:\/\/koningdrone.be\" frameborder=\"0\" allow=\"accelerometer; autoplay; clipboard-write; encrypted-media; gyroscope; picture-in-picture; web-share\" referrerpolicy=\"strict-origin-when-cross-origin\" allowfullscreen><\/iframe><\/p>\n<p style=\"margin: 20px 0\">En <strong>DJI Matrice 4D Enterprise RC SP EU<\/strong> es una obra maestra tecnol\u00f3gica dise\u00f1ada para profesionales que no se conforman con menos que una precisi\u00f3n absoluta. Esta plataforma es la elecci\u00f3n ideal para misiones complejas que combinan cartograf\u00eda de precisi\u00f3n, inspecciones de infraestructuras a gran escala y tareas de seguridad p\u00fablica. Al integrar un sistema multisensor de alto rendimiento con un chasis industrial, el Matrice 4D ofrece una fiabilidad inigualable a las empresas que dependen de datos n\u00edtidos y procesables en tiempo real.<\/p>\n<p><a href=\"https:\/\/koningdrone.nl\/wp-content\/uploads\/2026\/03\/Product-DJI-Matrice-4D-Enterprise-RC-SP-EU.jpg\"><img loading=\"lazy\" decoding=\"async\" class=\"aligncenter wp-image-467484 size-full\" src=\"https:\/\/koningdrone.nl\/wp-content\/uploads\/2026\/03\/Product-DJI-Matrice-4D-Enterprise-RC-SP-EU.jpg\" alt=\"Product DJI Matrice 4D Enterprise RC SP EU\" width=\"1200\" height=\"800\" \/><\/a><\/p>\n<h4>Rendimiento superior y alcance sin precedentes<\/h4>\n<p>Con un impresionante tiempo de vuelo de nada menos que <strong>54 minutos<\/strong> el Matrice 4D supera los l\u00edmites de lo posible durante una sola misi\u00f3n. Gracias a su radio operativo de aproximadamente <strong>10 km<\/strong> Se pueden cartografiar grandes \u00e1reas de forma eficiente sin que el operador tenga que desplazarse repetidamente. El dron es compatible con algoritmos avanzados para un vuelo estacionario y un control inteligente de la misi\u00f3n, mientras que el sistema integrado de <strong>distanci\u00f3metro l\u00e1ser<\/strong> a\u00f1ade informaci\u00f3n de profundidad crucial a los datos visuales. Esto convierte al dispositivo en un aliado indispensable para top\u00f3grafos e inspectores que trabajan en las obras m\u00e1s extensas.<\/p>\n<h4>\u00d3ptica de alta calidad y perfecci\u00f3n mec\u00e1nica<\/h4>\n<p>Lo que diferencia al Matrice 4D Enterprise es su enfoque en la calidad de imagen para aplicaciones geoespaciales. La presencia de un <strong>persiana mec\u00e1nica<\/strong> en el sistema de la c\u00e1mara elimina la distorsi\u00f3n del \u201crolling shutter\u201d, esencial para crear ortofotos impecables y modelos 3D detallados durante los vuelos a alta velocidad. En combinaci\u00f3n con los potentes sensores, se obtienen resultados que cumplen las normas m\u00e1s estrictas del sector. Gracias al <strong>Clasificaci\u00f3n IP55<\/strong> mantiene el hardware protegido del polvo y la lluvia, garantizando un rendimiento constante incluso en condiciones meteorol\u00f3gicas menos favorables.<\/p>\n<p><a href=\"https:\/\/koningdrone.nl\/wp-content\/uploads\/2026\/03\/DJI-Matrice-4D-Enterprise-RC-SP-EU-Product.jpg\"><img loading=\"lazy\" decoding=\"async\" class=\"size-medium wp-image-467485 aligncenter\" src=\"https:\/\/koningdrone.nl\/wp-content\/uploads\/2026\/03\/DJI-Matrice-4D-Enterprise-RC-SP-EU-Product-300x300.jpg\" alt=\"DJI Matrice 4D Enterprise RC SP EU Product\" width=\"300\" height=\"300\" \/><\/a><\/p>\n<h4>Por qu\u00e9 es esencial Matrice 4D Enterprise<\/h4>\n<p>Para las organizaciones que buscan acelerar su flujo de trabajo sin sacrificar el detalle, la DJI Matrice 4D Enterprise es la soluci\u00f3n definitiva. Su perfecta colaboraci\u00f3n con el <strong>Controlador DJI RC Plus 2 Enterprise<\/strong> ofrece una experiencia de vuelo ergon\u00f3mica e intuitiva, tanto si opta por trayectorias totalmente aut\u00f3nomas como por un control manual de alta precisi\u00f3n. Esta plataforma transforma la compleja recopilaci\u00f3n de datos en un proceso \u00e1gil, lo que le permite obtener m\u00e1s informaci\u00f3n y tomar mejores decisiones con mayor rapidez.<\/p>","protected":false},"excerpt":{"rendered":"<ul>\n<li>Drone empresarial profesional con sistema multisensor integrado<\/li>\n<li>Hasta 54 minutos de vuelo para misiones prolongadas<\/li>\n<li>Protecci\u00f3n IP55 contra el polvo y el agua<\/li>\n<li>Controlador DJI RC Plus 2 Enterprise incluido<\/li>\n<li>Ideal para cartograf\u00eda, inspecciones y recopilaci\u00f3n de datos detallados<\/li>\n<\/ul>","protected":false},"featured_media":17248,"template":"","meta":{"_acf_changed":false},"product_brand":[],"product_cat":[1732],"product_tag":[],"class_list":{"0":"post-17250","1":"product","2":"type-product","3":"status-publish","4":"has-post-thumbnail","6":"product_cat-dji-matrice-4d","7":"product_shipping_class-dronelandall","8":"pa_brand-dji","9":"pa_producttype-enterprise-drone","10":"pa_series-matrice","12":"first","13":"instock","14":"taxable","15":"shipping-taxable","16":"purchasable","17":"product-type-simple"},"acf":[],"yoast_head":"<!-- This site is optimized with the Yoast SEO Premium plugin v27.2 (Yoast SEO v27.2) - https:\/\/yoast.com\/product\/yoast-seo-premium-wordpress\/ -->\n<title>DJI Matrice 4D Enterprise RC SP EU (Standalone version) - koningdrone.be<\/title>\n<meta name=\"robots\" content=\"index, follow, max-snippet:-1, max-image-preview:large, max-video-preview:-1\" \/>\n<link rel=\"canonical\" href=\"https:\/\/koningdrone.be\/es\/producto\/dji-matrice-4d-enterprise-rc-sp-eu-stand-alone-version\/\" \/>\n<meta property=\"og:locale\" content=\"es_ES\" \/>\n<meta property=\"og:type\" content=\"article\" \/>\n<meta property=\"og:title\" content=\"DJI Matrice 4D Enterprise RC SP EU (Standalone version)\" \/>\n<meta property=\"og:description\" content=\"Professionele enterprise\u2011drone met ge\u00efntegreerd multisensor\u2011systeem  Tot 54\u202fminuten vliegtijd voor uitgebreide missies  IP55\u2011bescherming tegen stof en water  DJI RC\u202fPlus\u202f2\u202fEnterprise\u2011controller inbegrepen  Ideaal voor mapping, inspecties en gedetailleerde gegevensverzameling\" \/>\n<meta property=\"og:url\" content=\"https:\/\/koningdrone.be\/es\/producto\/dji-matrice-4d-enterprise-rc-sp-eu-stand-alone-version\/\" \/>\n<meta property=\"og:site_name\" content=\"koningdrone.be\" \/>\n<meta property=\"article:modified_time\" content=\"2026-04-29T02:30:28+00:00\" \/>\n<meta property=\"og:image\" content=\"https:\/\/koningdrone.be\/wp-content\/uploads\/sites\/13\/2026\/03\/DJI-Matrice-4D-Enterprise-RC-SP-EU.jpg\" \/>\n\t<meta property=\"og:image:width\" content=\"2048\" \/>\n\t<meta property=\"og:image:height\" content=\"2048\" \/>\n\t<meta property=\"og:image:type\" content=\"image\/jpeg\" \/>\n<meta name=\"twitter:card\" content=\"summary_large_image\" \/>\n<meta name=\"twitter:label1\" content=\"Tiempo de lectura\" \/>\n\t<meta name=\"twitter:data1\" content=\"2 minutos\" \/>\n<script type=\"application\/ld+json\" class=\"yoast-schema-graph\">{\"@context\":\"https:\/\/schema.org\",\"@graph\":[{\"@type\":\"WebPage\",\"@id\":\"https:\/\/koningdrone.be\/product\/dji-matrice-4d-enterprise-rc-sp-eu-stand-alone-version\/\",\"url\":\"https:\/\/koningdrone.be\/product\/dji-matrice-4d-enterprise-rc-sp-eu-stand-alone-version\/\",\"name\":\"DJI Matrice 4D Enterprise RC SP EU (Standalone version) - koningdrone.be\",\"isPartOf\":{\"@id\":\"https:\/\/koningdrone.be\/#website\"},\"primaryImageOfPage\":{\"@id\":\"https:\/\/koningdrone.be\/product\/dji-matrice-4d-enterprise-rc-sp-eu-stand-alone-version\/#primaryimage\"},\"image\":{\"@id\":\"https:\/\/koningdrone.be\/product\/dji-matrice-4d-enterprise-rc-sp-eu-stand-alone-version\/#primaryimage\"},\"thumbnailUrl\":\"https:\/\/koningdrone.be\/wp-content\/uploads\/sites\/13\/2026\/03\/DJI-Matrice-4D-Enterprise-RC-SP-EU.jpg\",\"datePublished\":\"2026-03-16T13:39:10+00:00\",\"dateModified\":\"2026-04-29T02:30:28+00:00\",\"breadcrumb\":{\"@id\":\"https:\/\/koningdrone.be\/product\/dji-matrice-4d-enterprise-rc-sp-eu-stand-alone-version\/#breadcrumb\"},\"inLanguage\":\"es\",\"potentialAction\":[{\"@type\":\"ReadAction\",\"target\":[\"https:\/\/koningdrone.be\/product\/dji-matrice-4d-enterprise-rc-sp-eu-stand-alone-version\/\"]}]},{\"@type\":\"ImageObject\",\"inLanguage\":\"es\",\"@id\":\"https:\/\/koningdrone.be\/product\/dji-matrice-4d-enterprise-rc-sp-eu-stand-alone-version\/#primaryimage\",\"url\":\"https:\/\/koningdrone.be\/wp-content\/uploads\/sites\/13\/2026\/03\/DJI-Matrice-4D-Enterprise-RC-SP-EU.jpg\",\"contentUrl\":\"https:\/\/koningdrone.be\/wp-content\/uploads\/sites\/13\/2026\/03\/DJI-Matrice-4D-Enterprise-RC-SP-EU.jpg\",\"width\":2048,\"height\":2048},{\"@type\":\"BreadcrumbList\",\"@id\":\"https:\/\/koningdrone.be\/product\/dji-matrice-4d-enterprise-rc-sp-eu-stand-alone-version\/#breadcrumb\",\"itemListElement\":[{\"@type\":\"ListItem\",\"position\":1,\"name\":\"Home\",\"item\":\"https:\/\/koningdrone.be\/\"},{\"@type\":\"ListItem\",\"position\":2,\"name\":\"AVSS Parachute Recovery System for DJI Matrice 300\/350\",\"item\":\"https:\/\/koningdrone.be\/product\/avss-parachute-recovery-system-for-dji-matrice-300-350\/\"},{\"@type\":\"ListItem\",\"position\":3,\"name\":\"DJI Matrice 4D\",\"item\":\"https:\/\/koningdrone.be\/categorie\/dji-matrice-4d\/\"},{\"@type\":\"ListItem\",\"position\":4,\"name\":\"DJI Matrice 4D Enterprise RC SP EU (Standalone version)\"}]},{\"@type\":\"WebSite\",\"@id\":\"https:\/\/koningdrone.be\/#website\",\"url\":\"https:\/\/koningdrone.be\/\",\"name\":\"Koningdrone.be - Uw online specialist in drones, gimbals, camera's en power stations.\",\"description\":\"De webshop in drones en gimbals\",\"publisher\":{\"@id\":\"https:\/\/koningdrone.be\/#organization\"},\"potentialAction\":[{\"@type\":\"SearchAction\",\"target\":{\"@type\":\"EntryPoint\",\"urlTemplate\":\"https:\/\/koningdrone.be\/?s={search_term_string}\"},\"query-input\":{\"@type\":\"PropertyValueSpecification\",\"valueRequired\":true,\"valueName\":\"search_term_string\"}}],\"inLanguage\":\"es\"},{\"@type\":\"Organization\",\"@id\":\"https:\/\/koningdrone.be\/#organization\",\"name\":\"Koningdrone.be\",\"url\":\"https:\/\/koningdrone.be\/\",\"logo\":{\"@type\":\"ImageObject\",\"inLanguage\":\"es\",\"@id\":\"https:\/\/koningdrone.be\/#\/schema\/logo\/image\/\",\"url\":\"https:\/\/koningdrone.be\/wp-content\/uploads\/sites\/13\/2025\/04\/koningdrone-copyright-logo.svg\",\"contentUrl\":\"https:\/\/koningdrone.be\/wp-content\/uploads\/sites\/13\/2025\/04\/koningdrone-copyright-logo.svg\",\"width\":227,\"height\":38,\"caption\":\"Koningdrone.be\"},\"image\":{\"@id\":\"https:\/\/koningdrone.be\/#\/schema\/logo\/image\/\"}}]}<\/script>\n<!-- \/ Yoast SEO Premium plugin. -->","yoast_head_json":{"title":"DJI Matrice 4D Enterprise RC SP EU (Standalone version) - koningdrone.be","robots":{"index":"index","follow":"follow","max-snippet":"max-snippet:-1","max-image-preview":"max-image-preview:large","max-video-preview":"max-video-preview:-1"},"canonical":"https:\/\/koningdrone.be\/es\/producto\/dji-matrice-4d-enterprise-rc-sp-eu-stand-alone-version\/","og_locale":"es_ES","og_type":"article","og_title":"DJI Matrice 4D Enterprise RC SP EU (Standalone version)","og_description":"Professionele enterprise\u2011drone met ge\u00efntegreerd multisensor\u2011systeem  Tot 54\u202fminuten vliegtijd voor uitgebreide missies  IP55\u2011bescherming tegen stof en water  DJI RC\u202fPlus\u202f2\u202fEnterprise\u2011controller inbegrepen  Ideaal voor mapping, inspecties en gedetailleerde gegevensverzameling","og_url":"https:\/\/koningdrone.be\/es\/producto\/dji-matrice-4d-enterprise-rc-sp-eu-stand-alone-version\/","og_site_name":"koningdrone.be","article_modified_time":"2026-04-29T02:30:28+00:00","og_image":[{"width":2048,"height":2048,"url":"https:\/\/koningdrone.be\/wp-content\/uploads\/sites\/13\/2026\/03\/DJI-Matrice-4D-Enterprise-RC-SP-EU.jpg","type":"image\/jpeg"}],"twitter_card":"summary_large_image","twitter_misc":{"Tiempo de lectura":"2 minutos"},"schema":{"@context":"https:\/\/schema.org","@graph":[{"@type":"WebPage","@id":"https:\/\/koningdrone.be\/product\/dji-matrice-4d-enterprise-rc-sp-eu-stand-alone-version\/","url":"https:\/\/koningdrone.be\/product\/dji-matrice-4d-enterprise-rc-sp-eu-stand-alone-version\/","name":"DJI Matrice 4D Enterprise RC SP EU (Standalone version) - koningdrone.be","isPartOf":{"@id":"https:\/\/koningdrone.be\/#website"},"primaryImageOfPage":{"@id":"https:\/\/koningdrone.be\/product\/dji-matrice-4d-enterprise-rc-sp-eu-stand-alone-version\/#primaryimage"},"image":{"@id":"https:\/\/koningdrone.be\/product\/dji-matrice-4d-enterprise-rc-sp-eu-stand-alone-version\/#primaryimage"},"thumbnailUrl":"https:\/\/koningdrone.be\/wp-content\/uploads\/sites\/13\/2026\/03\/DJI-Matrice-4D-Enterprise-RC-SP-EU.jpg","datePublished":"2026-03-16T13:39:10+00:00","dateModified":"2026-04-29T02:30:28+00:00","breadcrumb":{"@id":"https:\/\/koningdrone.be\/product\/dji-matrice-4d-enterprise-rc-sp-eu-stand-alone-version\/#breadcrumb"},"inLanguage":"es","potentialAction":[{"@type":"ReadAction","target":["https:\/\/koningdrone.be\/product\/dji-matrice-4d-enterprise-rc-sp-eu-stand-alone-version\/"]}]},{"@type":"ImageObject","inLanguage":"es","@id":"https:\/\/koningdrone.be\/product\/dji-matrice-4d-enterprise-rc-sp-eu-stand-alone-version\/#primaryimage","url":"https:\/\/koningdrone.be\/wp-content\/uploads\/sites\/13\/2026\/03\/DJI-Matrice-4D-Enterprise-RC-SP-EU.jpg","contentUrl":"https:\/\/koningdrone.be\/wp-content\/uploads\/sites\/13\/2026\/03\/DJI-Matrice-4D-Enterprise-RC-SP-EU.jpg","width":2048,"height":2048},{"@type":"BreadcrumbList","@id":"https:\/\/koningdrone.be\/product\/dji-matrice-4d-enterprise-rc-sp-eu-stand-alone-version\/#breadcrumb","itemListElement":[{"@type":"ListItem","position":1,"name":"Home","item":"https:\/\/koningdrone.be\/"},{"@type":"ListItem","position":2,"name":"AVSS Parachute Recovery System for DJI Matrice 300\/350","item":"https:\/\/koningdrone.be\/product\/avss-parachute-recovery-system-for-dji-matrice-300-350\/"},{"@type":"ListItem","position":3,"name":"DJI Matrice 4D","item":"https:\/\/koningdrone.be\/categorie\/dji-matrice-4d\/"},{"@type":"ListItem","position":4,"name":"DJI Matrice 4D Enterprise RC SP EU (Standalone version)"}]},{"@type":"WebSite","@id":"https:\/\/koningdrone.be\/#website","url":"https:\/\/koningdrone.be\/","name":"Koningdrone.be - Su especialista en l\u00ednea en drones, cardanes, c\u00e1maras y centrales el\u00e9ctricas.","description":"La tienda virtual de drones y cardanes","publisher":{"@id":"https:\/\/koningdrone.be\/#organization"},"potentialAction":[{"@type":"SearchAction","target":{"@type":"EntryPoint","urlTemplate":"https:\/\/koningdrone.be\/?s={search_term_string}"},"query-input":{"@type":"PropertyValueSpecification","valueRequired":true,"valueName":"search_term_string"}}],"inLanguage":"es"},{"@type":"Organization","@id":"https:\/\/koningdrone.be\/#organization","name":"Kingdrone.es","url":"https:\/\/koningdrone.be\/","logo":{"@type":"ImageObject","inLanguage":"es","@id":"https:\/\/koningdrone.be\/#\/schema\/logo\/image\/","url":"https:\/\/koningdrone.be\/wp-content\/uploads\/sites\/13\/2025\/04\/koningdrone-copyright-logo.svg","contentUrl":"https:\/\/koningdrone.be\/wp-content\/uploads\/sites\/13\/2025\/04\/koningdrone-copyright-logo.svg","width":227,"height":38,"caption":"Koningdrone.be"},"image":{"@id":"https:\/\/koningdrone.be\/#\/schema\/logo\/image\/"}}]}},"df_price":6597,"df_sale_price":"","df_regular_price":6597,"df_image_link":"https:\/\/koningdrone.be\/wp-content\/uploads\/sites\/13\/2026\/03\/DJI-Matrice-4D-Enterprise-RC-SP-EU-300x300.jpg","_links":{"self":[{"href":"https:\/\/koningdrone.be\/es\/wp-json\/wp\/v2\/product\/17250","targetHints":{"allow":["GET"]}}],"collection":[{"href":"https:\/\/koningdrone.be\/es\/wp-json\/wp\/v2\/product"}],"about":[{"href":"https:\/\/koningdrone.be\/es\/wp-json\/wp\/v2\/types\/product"}],"wp:featuredmedia":[{"embeddable":true,"href":"https:\/\/koningdrone.be\/es\/wp-json\/wp\/v2\/media\/17248"}],"wp:attachment":[{"href":"https:\/\/koningdrone.be\/es\/wp-json\/wp\/v2\/media?parent=17250"}],"wp:term":[{"taxonomy":"product_brand","embeddable":true,"href":"https:\/\/koningdrone.be\/es\/wp-json\/wp\/v2\/product_brand?post=17250"},{"taxonomy":"product_cat","embeddable":true,"href":"https:\/\/koningdrone.be\/es\/wp-json\/wp\/v2\/product_cat?post=17250"},{"taxonomy":"product_tag","embeddable":true,"href":"https:\/\/koningdrone.be\/es\/wp-json\/wp\/v2\/product_tag?post=17250"}],"curies":[{"name":"wp","href":"https:\/\/api.w.org\/{rel}","templated":true}]}}