{"id":17247,"date":"2026-03-16T14:37:49","date_gmt":"2026-03-16T13:37:49","guid":{"rendered":"https:\/\/koningdrone.be\/?post_type=product&#038;p=17247"},"modified":"2026-04-29T03:30:44","modified_gmt":"2026-04-29T01:30:44","slug":"dji-matrice-4td-enterprise-rc-sp-eu-stand-alone-version","status":"publish","type":"product","link":"https:\/\/koningdrone.be\/es\/producto\/dji-matrice-4td-enterprise-rc-sp-eu-stand-alone-version\/","title":{"rendered":"DJI Matrice 4TD Enterprise RC SP EU (Versi\u00f3n aut\u00f3noma)"},"content":{"rendered":"<h3>DJI Matrice 4TD Enterprise RC SP EU: El mejor concentrador de sensores todo en uno<\/h3>\n<p><iframe loading=\"lazy\" title=\"DJI Matrice 4TD vs Matrice 30T: Desglose completo de las principales mejoras\" width=\"800\" height=\"450\" src=\"https:\/\/www.youtube.com\/embed\/J2nBPQ_65VM?feature=oembed&#038;enablejsapi=1&#038;origin=https:\/\/koningdrone.be\" frameborder=\"0\" allow=\"accelerometer; autoplay; clipboard-write; encrypted-media; gyroscope; picture-in-picture; web-share\" referrerpolicy=\"strict-origin-when-cross-origin\" allowfullscreen><\/iframe><\/p>\n<p style=\"margin: 20px 0\">En <strong>DJI Matrice 4TD Enterprise RC SP EU<\/strong> es el ep\u00edtome de la superioridad tecnol\u00f3gica en la aviaci\u00f3n comercial. Mientras que otras plataformas dependen de cargas \u00fatiles independientes, esta versi\u00f3n Enterprise ofrece una arquitectura multisensor integrada dise\u00f1ada espec\u00edficamente para operaciones de alto riesgo como b\u00fasqueda y rescate, control de fronteras y vigilancia industrial a gran escala. Con una sinergia perfecta entre la navegaci\u00f3n basada en IA y los potentes sistemas \u00f3pticos, el Matrice 4TD permite a los operadores llegar al coraz\u00f3n de la misi\u00f3n en las condiciones m\u00e1s duras.<\/p>\n<p><a href=\"https:\/\/koningdrone.nl\/wp-content\/uploads\/2026\/03\/DJI-Matrice-4TD-Enterprise-RC-SP-EU-Product.jpg\"><img loading=\"lazy\" decoding=\"async\" class=\"alignnone size-full wp-image-467477\" src=\"https:\/\/koningdrone.nl\/wp-content\/uploads\/2026\/03\/DJI-Matrice-4TD-Enterprise-RC-SP-EU-Product.jpg\" alt=\"DJI Matrice 4TD Enterprise RC SP EU Product\" width=\"1200\" height=\"800\" \/><\/a><\/p>\n<h4>Percepci\u00f3n y an\u00e1lisis multiespectral inigualables<\/h4>\n<p>En el coraz\u00f3n del 4TD Enterprise se encuentra el revolucionario conjunto de c\u00e1maras. Equipado con un <strong>c\u00e1mara gran angular, teleobjetivo medio y un potente teleobjetivo<\/strong>, el dron ofrece un alcance \u00f3ptico que hace visible cada detalle incluso desde una distancia segura. La c\u00e1mara <strong>c\u00e1mara t\u00e9rmica<\/strong> permite el an\u00e1lisis directo de fuentes de calor invisibles, mientras que el <strong>distanci\u00f3metro l\u00e1ser (LRF)<\/strong> con un alcance de hasta <strong>1800 metros<\/strong> establece coordenadas muy precisas de los objetos. Para misiones nocturnas, el <strong>L\u00e1mpara NIR (infrarrojo cercano)<\/strong> una ventaja t\u00e1ctica, ya que permite al dron mantener una visibilidad superior incluso en la oscuridad total sin destacar innecesariamente.<\/p>\n<p><a href=\"https:\/\/koningdrone.nl\/wp-content\/uploads\/2026\/03\/DJI-Matrice-4TD-Enterprise-RC-SP-EU.jpg\"><img loading=\"lazy\" decoding=\"async\" class=\"aligncenter wp-image-467478 size-medium\" src=\"https:\/\/koningdrone.nl\/wp-content\/uploads\/2026\/03\/DJI-Matrice-4TD-Enterprise-RC-SP-EU-300x300.jpg\" alt=\"DJI Matrice 4TD Enterprise RC SP EU\" width=\"300\" height=\"300\" \/><\/a><\/p>\n<h4>Din\u00e1mica excepcional y control inteligente<\/h4>\n<p style=\"margin-bottom: 20px\">Las prestaciones de vuelo del Matrice 4TD est\u00e1n optimizadas para ofrecer velocidad y resistencia, con un impresionante tiempo de vuelo de hasta <strong>54 minutos<\/strong> y velocidades de hasta <strong>21 m\/s<\/strong>. Gracias a funciones de software inteligentes como <strong>Pista inteligente<\/strong>, en el que los objetos en movimiento se rastrean de forma aut\u00f3noma, y <strong>Control de crucero<\/strong> para inspecciones estables y de larga duraci\u00f3n, se minimiza la carga de trabajo del piloto. Todo ello con el apoyo de un sistema omnidireccional de detecci\u00f3n de obst\u00e1culos que escanea en 360 grados, garantizando la seguridad en entornos complejos como bosques, zonas urbanas o complejos industriales.<\/p>\n<p><a href=\"https:\/\/koningdrone.nl\/wp-content\/uploads\/2026\/03\/DJI-Matrice-4TD-RC-SP-EU-Enterprise.jpg\"><img loading=\"lazy\" decoding=\"async\" class=\"size-medium wp-image-467469 aligncenter\" src=\"https:\/\/koningdrone.nl\/wp-content\/uploads\/2026\/03\/DJI-Matrice-4TD-RC-SP-EU-Enterprise-300x300.jpg\" alt=\"DJI Matrice 4TD RC SP EU Enterprise\" width=\"300\" height=\"300\" \/><\/a><\/p>\n<h4>Construcci\u00f3n robusta para uso profesional<\/h4>\n<p>Con un <strong>Clasificaci\u00f3n IP55<\/strong> Esta aeronave est\u00e1 totalmente preparada para la imprevisibilidad del terreno; la lluvia, la nieve y el polvo no afectan a la continuidad de la misi\u00f3n. El avanzado sistema de posicionamiento con <strong>Compatible con GNSS y RTK<\/strong> proporciona la estabilidad esencial para la fotogrametr\u00eda y las inspecciones precisas de infraestructuras cr\u00edticas. El Enterprise RC incluido proporciona un control ergon\u00f3mico e intuitivo, combinando a la perfecci\u00f3n el an\u00e1lisis de datos y el control de vuelo.<\/p>","protected":false},"excerpt":{"rendered":"<ul>\n<li>Dise\u00f1o con certificaci\u00f3n IP55 para su uso en entornos con lluvia y polvo.<\/li>\n<li>Sistema de c\u00e1mara multisensor con 3 c\u00e1maras \u00f3pticas y una c\u00e1mara t\u00e9rmica.<\/li>\n<li>Tiempo m\u00e1ximo de vuelo de hasta 54 minutos para misiones prolongadas.<\/li>\n<li>Tel\u00e9metro l\u00e1ser con un alcance de medici\u00f3n de hasta 1.800 metros.<\/li>\n<li>Luz auxiliar NIR para una mejor visibilidad durante las inspecciones nocturnas.<\/li>\n<\/ul>","protected":false},"featured_media":17238,"template":"","meta":{"_acf_changed":false},"product_brand":[],"product_cat":[1732,1730],"product_tag":[],"class_list":{"0":"post-17247","1":"product","2":"type-product","3":"status-publish","4":"has-post-thumbnail","6":"product_cat-dji-matrice-4d","7":"product_cat-dji-matrice-4td","8":"product_shipping_class-uavspacesall","9":"pa_brand-dji","10":"pa_producttype-enterprise-drone","11":"pa_series-matrice","13":"first","14":"instock","15":"taxable","16":"shipping-taxable","17":"purchasable","18":"product-type-simple"},"acf":[],"yoast_head":"<!-- This site is optimized with the Yoast SEO Premium plugin v27.2 (Yoast SEO v27.2) - https:\/\/yoast.com\/product\/yoast-seo-premium-wordpress\/ -->\n<title>DJI Matrice 4TD Enterprise RC SP EU (Standalone version) - koningdrone.be<\/title>\n<meta name=\"robots\" content=\"index, follow, max-snippet:-1, max-image-preview:large, max-video-preview:-1\" \/>\n<link rel=\"canonical\" href=\"https:\/\/koningdrone.be\/es\/producto\/dji-matrice-4td-enterprise-rc-sp-eu-stand-alone-version\/\" \/>\n<meta property=\"og:locale\" content=\"es_ES\" \/>\n<meta property=\"og:type\" content=\"article\" \/>\n<meta property=\"og:title\" content=\"DJI Matrice 4TD Enterprise RC SP EU (Standalone version)\" \/>\n<meta property=\"og:description\" content=\"IP55-gecertificeerd ontwerp voor gebruik in regen en stofrijke omgevingen.  Multi-sensor camerasysteem met 3 optische camera\u2019s en een thermische camera.  Maximale vliegtijd tot 54 minuten voor langdurige missies.  Laserafstandsmeter met meetbereik tot 1800 meter.  NIR-hulplamp voor betere zichtbaarheid tijdens nachtinspecties.\" \/>\n<meta property=\"og:url\" content=\"https:\/\/koningdrone.be\/es\/producto\/dji-matrice-4td-enterprise-rc-sp-eu-stand-alone-version\/\" \/>\n<meta property=\"og:site_name\" content=\"koningdrone.be\" \/>\n<meta property=\"article:modified_time\" content=\"2026-04-29T01:30:44+00:00\" \/>\n<meta property=\"og:image\" content=\"https:\/\/koningdrone.be\/wp-content\/uploads\/sites\/13\/2026\/03\/DJI-Matrice-4TD-RC-SP-EU-Enterprise.jpg\" \/>\n\t<meta property=\"og:image:width\" content=\"2048\" \/>\n\t<meta property=\"og:image:height\" content=\"2048\" \/>\n\t<meta property=\"og:image:type\" content=\"image\/jpeg\" \/>\n<meta name=\"twitter:card\" content=\"summary_large_image\" \/>\n<meta name=\"twitter:label1\" content=\"Tiempo de lectura\" \/>\n\t<meta name=\"twitter:data1\" content=\"2 minutos\" \/>\n<script type=\"application\/ld+json\" class=\"yoast-schema-graph\">{\"@context\":\"https:\/\/schema.org\",\"@graph\":[{\"@type\":\"WebPage\",\"@id\":\"https:\/\/koningdrone.be\/product\/dji-matrice-4td-enterprise-rc-sp-eu-stand-alone-version\/\",\"url\":\"https:\/\/koningdrone.be\/product\/dji-matrice-4td-enterprise-rc-sp-eu-stand-alone-version\/\",\"name\":\"DJI Matrice 4TD Enterprise RC SP EU (Standalone version) - koningdrone.be\",\"isPartOf\":{\"@id\":\"https:\/\/koningdrone.be\/#website\"},\"primaryImageOfPage\":{\"@id\":\"https:\/\/koningdrone.be\/product\/dji-matrice-4td-enterprise-rc-sp-eu-stand-alone-version\/#primaryimage\"},\"image\":{\"@id\":\"https:\/\/koningdrone.be\/product\/dji-matrice-4td-enterprise-rc-sp-eu-stand-alone-version\/#primaryimage\"},\"thumbnailUrl\":\"https:\/\/koningdrone.be\/wp-content\/uploads\/sites\/13\/2026\/03\/DJI-Matrice-4TD-RC-SP-EU-Enterprise.jpg\",\"datePublished\":\"2026-03-16T13:37:49+00:00\",\"dateModified\":\"2026-04-29T01:30:44+00:00\",\"breadcrumb\":{\"@id\":\"https:\/\/koningdrone.be\/product\/dji-matrice-4td-enterprise-rc-sp-eu-stand-alone-version\/#breadcrumb\"},\"inLanguage\":\"es\",\"potentialAction\":[{\"@type\":\"ReadAction\",\"target\":[\"https:\/\/koningdrone.be\/product\/dji-matrice-4td-enterprise-rc-sp-eu-stand-alone-version\/\"]}]},{\"@type\":\"ImageObject\",\"inLanguage\":\"es\",\"@id\":\"https:\/\/koningdrone.be\/product\/dji-matrice-4td-enterprise-rc-sp-eu-stand-alone-version\/#primaryimage\",\"url\":\"https:\/\/koningdrone.be\/wp-content\/uploads\/sites\/13\/2026\/03\/DJI-Matrice-4TD-RC-SP-EU-Enterprise.jpg\",\"contentUrl\":\"https:\/\/koningdrone.be\/wp-content\/uploads\/sites\/13\/2026\/03\/DJI-Matrice-4TD-RC-SP-EU-Enterprise.jpg\",\"width\":2048,\"height\":2048},{\"@type\":\"BreadcrumbList\",\"@id\":\"https:\/\/koningdrone.be\/product\/dji-matrice-4td-enterprise-rc-sp-eu-stand-alone-version\/#breadcrumb\",\"itemListElement\":[{\"@type\":\"ListItem\",\"position\":1,\"name\":\"Home\",\"item\":\"https:\/\/koningdrone.be\/\"},{\"@type\":\"ListItem\",\"position\":2,\"name\":\"AVSS Parachute Recovery System for DJI Matrice 300\/350\",\"item\":\"https:\/\/koningdrone.be\/product\/avss-parachute-recovery-system-for-dji-matrice-300-350\/\"},{\"@type\":\"ListItem\",\"position\":3,\"name\":\"DJI Matrice 4D\",\"item\":\"https:\/\/koningdrone.be\/categorie\/dji-matrice-4d\/\"},{\"@type\":\"ListItem\",\"position\":4,\"name\":\"DJI Matrice 4TD Enterprise RC SP EU (Standalone version)\"}]},{\"@type\":\"WebSite\",\"@id\":\"https:\/\/koningdrone.be\/#website\",\"url\":\"https:\/\/koningdrone.be\/\",\"name\":\"Koningdrone.be - Uw online specialist in drones, gimbals, camera's en power stations.\",\"description\":\"De webshop in drones en gimbals\",\"publisher\":{\"@id\":\"https:\/\/koningdrone.be\/#organization\"},\"potentialAction\":[{\"@type\":\"SearchAction\",\"target\":{\"@type\":\"EntryPoint\",\"urlTemplate\":\"https:\/\/koningdrone.be\/?s={search_term_string}\"},\"query-input\":{\"@type\":\"PropertyValueSpecification\",\"valueRequired\":true,\"valueName\":\"search_term_string\"}}],\"inLanguage\":\"es\"},{\"@type\":\"Organization\",\"@id\":\"https:\/\/koningdrone.be\/#organization\",\"name\":\"Koningdrone.be\",\"url\":\"https:\/\/koningdrone.be\/\",\"logo\":{\"@type\":\"ImageObject\",\"inLanguage\":\"es\",\"@id\":\"https:\/\/koningdrone.be\/#\/schema\/logo\/image\/\",\"url\":\"https:\/\/koningdrone.be\/wp-content\/uploads\/sites\/13\/2025\/04\/koningdrone-copyright-logo.svg\",\"contentUrl\":\"https:\/\/koningdrone.be\/wp-content\/uploads\/sites\/13\/2025\/04\/koningdrone-copyright-logo.svg\",\"width\":227,\"height\":38,\"caption\":\"Koningdrone.be\"},\"image\":{\"@id\":\"https:\/\/koningdrone.be\/#\/schema\/logo\/image\/\"}}]}<\/script>\n<!-- \/ Yoast SEO Premium plugin. -->","yoast_head_json":{"title":"DJI Matrice 4TD Enterprise RC SP EU (Standalone version) - koningdrone.be","robots":{"index":"index","follow":"follow","max-snippet":"max-snippet:-1","max-image-preview":"max-image-preview:large","max-video-preview":"max-video-preview:-1"},"canonical":"https:\/\/koningdrone.be\/es\/producto\/dji-matrice-4td-enterprise-rc-sp-eu-stand-alone-version\/","og_locale":"es_ES","og_type":"article","og_title":"DJI Matrice 4TD Enterprise RC SP EU (Standalone version)","og_description":"IP55-gecertificeerd ontwerp voor gebruik in regen en stofrijke omgevingen.  Multi-sensor camerasysteem met 3 optische camera\u2019s en een thermische camera.  Maximale vliegtijd tot 54 minuten voor langdurige missies.  Laserafstandsmeter met meetbereik tot 1800 meter.  NIR-hulplamp voor betere zichtbaarheid tijdens nachtinspecties.","og_url":"https:\/\/koningdrone.be\/es\/producto\/dji-matrice-4td-enterprise-rc-sp-eu-stand-alone-version\/","og_site_name":"koningdrone.be","article_modified_time":"2026-04-29T01:30:44+00:00","og_image":[{"width":2048,"height":2048,"url":"https:\/\/koningdrone.be\/wp-content\/uploads\/sites\/13\/2026\/03\/DJI-Matrice-4TD-RC-SP-EU-Enterprise.jpg","type":"image\/jpeg"}],"twitter_card":"summary_large_image","twitter_misc":{"Tiempo de lectura":"2 minutos"},"schema":{"@context":"https:\/\/schema.org","@graph":[{"@type":"WebPage","@id":"https:\/\/koningdrone.be\/product\/dji-matrice-4td-enterprise-rc-sp-eu-stand-alone-version\/","url":"https:\/\/koningdrone.be\/product\/dji-matrice-4td-enterprise-rc-sp-eu-stand-alone-version\/","name":"DJI Matrice 4TD Enterprise RC SP EU (Standalone version) - koningdrone.be","isPartOf":{"@id":"https:\/\/koningdrone.be\/#website"},"primaryImageOfPage":{"@id":"https:\/\/koningdrone.be\/product\/dji-matrice-4td-enterprise-rc-sp-eu-stand-alone-version\/#primaryimage"},"image":{"@id":"https:\/\/koningdrone.be\/product\/dji-matrice-4td-enterprise-rc-sp-eu-stand-alone-version\/#primaryimage"},"thumbnailUrl":"https:\/\/koningdrone.be\/wp-content\/uploads\/sites\/13\/2026\/03\/DJI-Matrice-4TD-RC-SP-EU-Enterprise.jpg","datePublished":"2026-03-16T13:37:49+00:00","dateModified":"2026-04-29T01:30:44+00:00","breadcrumb":{"@id":"https:\/\/koningdrone.be\/product\/dji-matrice-4td-enterprise-rc-sp-eu-stand-alone-version\/#breadcrumb"},"inLanguage":"es","potentialAction":[{"@type":"ReadAction","target":["https:\/\/koningdrone.be\/product\/dji-matrice-4td-enterprise-rc-sp-eu-stand-alone-version\/"]}]},{"@type":"ImageObject","inLanguage":"es","@id":"https:\/\/koningdrone.be\/product\/dji-matrice-4td-enterprise-rc-sp-eu-stand-alone-version\/#primaryimage","url":"https:\/\/koningdrone.be\/wp-content\/uploads\/sites\/13\/2026\/03\/DJI-Matrice-4TD-RC-SP-EU-Enterprise.jpg","contentUrl":"https:\/\/koningdrone.be\/wp-content\/uploads\/sites\/13\/2026\/03\/DJI-Matrice-4TD-RC-SP-EU-Enterprise.jpg","width":2048,"height":2048},{"@type":"BreadcrumbList","@id":"https:\/\/koningdrone.be\/product\/dji-matrice-4td-enterprise-rc-sp-eu-stand-alone-version\/#breadcrumb","itemListElement":[{"@type":"ListItem","position":1,"name":"Home","item":"https:\/\/koningdrone.be\/"},{"@type":"ListItem","position":2,"name":"AVSS Parachute Recovery System for DJI Matrice 300\/350","item":"https:\/\/koningdrone.be\/product\/avss-parachute-recovery-system-for-dji-matrice-300-350\/"},{"@type":"ListItem","position":3,"name":"DJI Matrice 4D","item":"https:\/\/koningdrone.be\/categorie\/dji-matrice-4d\/"},{"@type":"ListItem","position":4,"name":"DJI Matrice 4TD Enterprise RC SP EU (Standalone version)"}]},{"@type":"WebSite","@id":"https:\/\/koningdrone.be\/#website","url":"https:\/\/koningdrone.be\/","name":"Koningdrone.be - Su especialista en l\u00ednea en drones, cardanes, c\u00e1maras y centrales el\u00e9ctricas.","description":"La tienda virtual de drones y cardanes","publisher":{"@id":"https:\/\/koningdrone.be\/#organization"},"potentialAction":[{"@type":"SearchAction","target":{"@type":"EntryPoint","urlTemplate":"https:\/\/koningdrone.be\/?s={search_term_string}"},"query-input":{"@type":"PropertyValueSpecification","valueRequired":true,"valueName":"search_term_string"}}],"inLanguage":"es"},{"@type":"Organization","@id":"https:\/\/koningdrone.be\/#organization","name":"Kingdrone.es","url":"https:\/\/koningdrone.be\/","logo":{"@type":"ImageObject","inLanguage":"es","@id":"https:\/\/koningdrone.be\/#\/schema\/logo\/image\/","url":"https:\/\/koningdrone.be\/wp-content\/uploads\/sites\/13\/2025\/04\/koningdrone-copyright-logo.svg","contentUrl":"https:\/\/koningdrone.be\/wp-content\/uploads\/sites\/13\/2025\/04\/koningdrone-copyright-logo.svg","width":227,"height":38,"caption":"Koningdrone.be"},"image":{"@id":"https:\/\/koningdrone.be\/#\/schema\/logo\/image\/"}}]}},"df_price":8595,"df_sale_price":"","df_regular_price":8595,"df_image_link":"https:\/\/koningdrone.be\/wp-content\/uploads\/sites\/13\/2026\/03\/DJI-Matrice-4TD-RC-SP-EU-Enterprise-300x300.jpg","_links":{"self":[{"href":"https:\/\/koningdrone.be\/es\/wp-json\/wp\/v2\/product\/17247","targetHints":{"allow":["GET"]}}],"collection":[{"href":"https:\/\/koningdrone.be\/es\/wp-json\/wp\/v2\/product"}],"about":[{"href":"https:\/\/koningdrone.be\/es\/wp-json\/wp\/v2\/types\/product"}],"wp:featuredmedia":[{"embeddable":true,"href":"https:\/\/koningdrone.be\/es\/wp-json\/wp\/v2\/media\/17238"}],"wp:attachment":[{"href":"https:\/\/koningdrone.be\/es\/wp-json\/wp\/v2\/media?parent=17247"}],"wp:term":[{"taxonomy":"product_brand","embeddable":true,"href":"https:\/\/koningdrone.be\/es\/wp-json\/wp\/v2\/product_brand?post=17247"},{"taxonomy":"product_cat","embeddable":true,"href":"https:\/\/koningdrone.be\/es\/wp-json\/wp\/v2\/product_cat?post=17247"},{"taxonomy":"product_tag","embeddable":true,"href":"https:\/\/koningdrone.be\/es\/wp-json\/wp\/v2\/product_tag?post=17247"}],"curies":[{"name":"wp","href":"https:\/\/api.w.org\/{rel}","templated":true}]}}