{"id":17195,"date":"2026-03-22T17:20:23","date_gmt":"2026-03-22T16:20:23","guid":{"rendered":"https:\/\/koningdrone.be\/?post_type=product&#038;p=17195"},"modified":"2026-04-29T03:30:36","modified_gmt":"2026-04-29T01:30:36","slug":"dji-tb100c-tethered-battery-2-stuks","status":"publish","type":"product","link":"https:\/\/koningdrone.be\/es\/producto\/dji-tb100c-tethered-battery-2-stuks\/","title":{"rendered":"Bater\u00eda DJI TB100C Tethered (2 piezas)"},"content":{"rendered":"<h3>DJI TB100C Bater\u00eda Tethered 2 Piezas<\/h3>\n<p><iframe loading=\"lazy\" title=\"Este dron de DJI vuela durante horas con una bater\u00eda atada: Matrice 400\" width=\"800\" height=\"450\" src=\"https:\/\/www.youtube.com\/embed\/XAKOUg6vhwc?feature=oembed&#038;enablejsapi=1&#038;origin=https:\/\/koningdrone.be\" frameborder=\"0\" allow=\"accelerometer; autoplay; clipboard-write; encrypted-media; gyroscope; picture-in-picture; web-share\" referrerpolicy=\"strict-origin-when-cross-origin\" allowfullscreen><\/iframe><\/p>\n<p style=\"margin: 20px 0\"><strong>Paquete de 2 bater\u00edas DJI TB100C Tethered<\/strong> es una soluci\u00f3n de alimentaci\u00f3n profesional dise\u00f1ada para vuelos continuos con la serie DJI Matrice 400. A diferencia de las bater\u00edas est\u00e1ndar que limitan el tiempo de vuelo, este sistema de bater\u00eda de anclaje proporciona alimentaci\u00f3n permanente por cable mediante sistemas de anclaje certificados o estaciones de acoplamiento compatibles para misiones excepcionalmente largas sin interrupciones. Cada bater\u00eda del kit combina una alta capacidad con una gesti\u00f3n inteligente de la energ\u00eda para aplicaciones empresariales como vigilancia, retransmisiones en directo, inspecci\u00f3n de infraestructuras y tareas de seguridad. Esta soluci\u00f3n de anclaje es ideal para usuarios que necesitan una alimentaci\u00f3n estable e intermitente durante largos periodos de tiempo.<\/p>\n<p><a href=\"https:\/\/koningdrone.nl\/wp-content\/uploads\/2026\/03\/DJI-TB100C-Tethered-Battery-2-Pieces.webp\"><img loading=\"lazy\" decoding=\"async\" class=\"size-full wp-image-467363 aligncenter\" src=\"https:\/\/koningdrone.nl\/wp-content\/uploads\/2026\/03\/DJI-TB100C-Tethered-Battery-2-Pieces.webp\" alt=\"DJI TB100C Tethered Battery 2 Pieces\" width=\"1200\" height=\"800\" \/><\/a><\/p>\n<h4>Rendimiento y funcionalidad<\/h4>\n<p>Cada bater\u00eda TB100C tiene una capacidad de <strong>20.254 mAh<\/strong> con <strong>977 Wh<\/strong> proporcionando una alimentaci\u00f3n fiable para el Matrice 400. Cuando se conecta a un sistema de cable de sujeci\u00f3n aprobado y a una estaci\u00f3n terrestre, el sistema puede alimentar el dron indefinidamente, eliminando las restricciones de tiempo tradicionales. El control t\u00e9rmico avanzado y el autocalentamiento garantizan un rendimiento eficiente a distintas temperaturas, mientras que la gesti\u00f3n integrada de la energ\u00eda proporciona protecci\u00f3n contra sobrecargas, descargas profundas y condiciones extremas.<\/p>\n<h4>Calidad de construcci\u00f3n y dise\u00f1o<\/h4>\n<p>El TB100C contiene robustas celdas Li-ion 13S en un robusto chasis de unos <strong>4,72 kg<\/strong>, dise\u00f1ado para resistir misiones profesionales. Las conexiones espec\u00edficas para sistemas de alimentaci\u00f3n y acoplamiento de terceros facilitan la integraci\u00f3n en entornos empresariales. El dise\u00f1o tambi\u00e9n admite una carga eficiente a trav\u00e9s de la estaci\u00f3n de bater\u00edas BS100 de DJI. Con hasta <strong>400 ciclos de carga<\/strong> proporciona a cada bater\u00eda una fiabilidad a largo plazo, mientras que su colocaci\u00f3n ergon\u00f3mica permite una r\u00e1pida instalaci\u00f3n y extracci\u00f3n.<\/p>\n<p><a href=\"https:\/\/koningdrone.nl\/wp-content\/uploads\/2026\/03\/TB100C-Tethered-Battery-2-Pieces-DJI.webp\"><img loading=\"lazy\" decoding=\"async\" class=\"aligncenter wp-image-467360 size-medium\" src=\"https:\/\/koningdrone.nl\/wp-content\/uploads\/2026\/03\/TB100C-Tethered-Battery-2-Pieces-DJI-300x300.webp\" alt=\"TB100C Tethered Battery 2 Pieces DJI\" width=\"300\" height=\"300\" \/><\/a><\/p>\n<h4>Por qu\u00e9 lo necesita<\/h4>\n<p>Para los equipos que realizan misiones a\u00e9reas de larga duraci\u00f3n en las que no es posible cambiar o recargar las bater\u00edas, el pack de 2 bater\u00edas ancladas DJI TB100C ofrece una resistencia y estabilidad inigualables. Esta soluci\u00f3n mantiene tu flota Matrice 400 lista para funcionar en todo momento y ayuda a reducir las interrupciones operativas, maximizando la productividad en aplicaciones exigentes.<\/p>","protected":false},"excerpt":{"rendered":"<ul>\n<li>Cada bater\u00eda tiene una capacidad de 20.254 mAh \/ 977 Wh para una potencia duradera.<\/li>\n<li>Dise\u00f1ado para vuelo continuo con fuentes de alimentaci\u00f3n de tierra homologadas.<\/li>\n<li>Gesti\u00f3n inteligente de la energ\u00eda y regulaci\u00f3n t\u00e9rmica para un rendimiento fiable.<\/li>\n<li>Construido para misiones empresariales como vigilancia, despliegues o inspecciones.<\/li>\n<li>Construcci\u00f3n duradera con hasta 400 ciclos para una larga vida \u00fatil.<\/li>\n<\/ul>","protected":false},"featured_media":17190,"template":"","meta":{"_acf_changed":false},"product_brand":[],"product_cat":[617,113,1729,1583],"product_tag":[],"class_list":{"0":"post-17195","1":"product","2":"type-product","3":"status-publish","4":"has-post-thumbnail","6":"product_cat-alle-batterije","7":"product_cat-alle-batterijen","8":"product_cat-dji-batterijen","9":"product_cat-dji-matrice-400","10":"product_shipping_class-uavspacesall","11":"pa_brand-dji","12":"pa_producttype-enterprise-tethered-batterij","14":"first","15":"instock","16":"taxable","17":"shipping-taxable","18":"purchasable","19":"product-type-simple"},"acf":[],"yoast_head":"<!-- This site is optimized with the Yoast SEO Premium plugin v27.2 (Yoast SEO v27.2) - https:\/\/yoast.com\/product\/yoast-seo-premium-wordpress\/ -->\n<title>DJI TB100C Tethered Battery (2 stuks) - koningdrone.be<\/title>\n<meta name=\"robots\" content=\"index, follow, max-snippet:-1, max-image-preview:large, max-video-preview:-1\" \/>\n<link rel=\"canonical\" href=\"https:\/\/koningdrone.be\/es\/producto\/dji-tb100c-tethered-battery-2-stuks\/\" \/>\n<meta property=\"og:locale\" content=\"es_ES\" \/>\n<meta property=\"og:type\" content=\"article\" \/>\n<meta property=\"og:title\" content=\"DJI TB100C Tethered Battery (2 stuks)\" \/>\n<meta property=\"og:description\" content=\"Elke batterij heeft een capaciteit van 20.254 mAh \/ 977 Wh voor langdurige stroomvoorziening.  Ontworpen voor continu vliegen met goedgekeurde grondstroomvoorzieningen.  Slim energiebeheer en thermische regeling voor betrouwbare prestaties.  Gebouwd voor zakelijke missies zoals bewaking, uitzendingen of inspecties.  Duurzame constructie met maximaal 400 cycli voor een lange levensduur.\" \/>\n<meta property=\"og:url\" content=\"https:\/\/koningdrone.be\/es\/producto\/dji-tb100c-tethered-battery-2-stuks\/\" \/>\n<meta property=\"og:site_name\" content=\"koningdrone.be\" \/>\n<meta property=\"article:modified_time\" content=\"2026-04-29T01:30:36+00:00\" \/>\n<meta property=\"og:image\" content=\"https:\/\/koningdrone.be\/wp-content\/uploads\/sites\/13\/2026\/03\/DJI-TB100C-Tethered-Battery-2-Pieces-Product.webp\" \/>\n\t<meta property=\"og:image:width\" content=\"2048\" \/>\n\t<meta property=\"og:image:height\" content=\"2048\" \/>\n\t<meta property=\"og:image:type\" content=\"image\/webp\" \/>\n<meta name=\"twitter:card\" content=\"summary_large_image\" \/>\n<meta name=\"twitter:label1\" content=\"Tiempo de lectura\" \/>\n\t<meta name=\"twitter:data1\" content=\"2 minutos\" \/>\n<script type=\"application\/ld+json\" class=\"yoast-schema-graph\">{\"@context\":\"https:\/\/schema.org\",\"@graph\":[{\"@type\":\"WebPage\",\"@id\":\"https:\/\/koningdrone.be\/product\/dji-tb100c-tethered-battery-2-stuks\/\",\"url\":\"https:\/\/koningdrone.be\/product\/dji-tb100c-tethered-battery-2-stuks\/\",\"name\":\"DJI TB100C Tethered Battery (2 stuks) - koningdrone.be\",\"isPartOf\":{\"@id\":\"https:\/\/koningdrone.be\/#website\"},\"primaryImageOfPage\":{\"@id\":\"https:\/\/koningdrone.be\/product\/dji-tb100c-tethered-battery-2-stuks\/#primaryimage\"},\"image\":{\"@id\":\"https:\/\/koningdrone.be\/product\/dji-tb100c-tethered-battery-2-stuks\/#primaryimage\"},\"thumbnailUrl\":\"https:\/\/koningdrone.be\/wp-content\/uploads\/sites\/13\/2026\/03\/DJI-TB100C-Tethered-Battery-2-Pieces-Product.webp\",\"datePublished\":\"2026-03-22T16:20:23+00:00\",\"dateModified\":\"2026-04-29T01:30:36+00:00\",\"breadcrumb\":{\"@id\":\"https:\/\/koningdrone.be\/product\/dji-tb100c-tethered-battery-2-stuks\/#breadcrumb\"},\"inLanguage\":\"es\",\"potentialAction\":[{\"@type\":\"ReadAction\",\"target\":[\"https:\/\/koningdrone.be\/product\/dji-tb100c-tethered-battery-2-stuks\/\"]}]},{\"@type\":\"ImageObject\",\"inLanguage\":\"es\",\"@id\":\"https:\/\/koningdrone.be\/product\/dji-tb100c-tethered-battery-2-stuks\/#primaryimage\",\"url\":\"https:\/\/koningdrone.be\/wp-content\/uploads\/sites\/13\/2026\/03\/DJI-TB100C-Tethered-Battery-2-Pieces-Product.webp\",\"contentUrl\":\"https:\/\/koningdrone.be\/wp-content\/uploads\/sites\/13\/2026\/03\/DJI-TB100C-Tethered-Battery-2-Pieces-Product.webp\",\"width\":2048,\"height\":2048},{\"@type\":\"BreadcrumbList\",\"@id\":\"https:\/\/koningdrone.be\/product\/dji-tb100c-tethered-battery-2-stuks\/#breadcrumb\",\"itemListElement\":[{\"@type\":\"ListItem\",\"position\":1,\"name\":\"Home\",\"item\":\"https:\/\/koningdrone.be\/\"},{\"@type\":\"ListItem\",\"position\":2,\"name\":\"AVSS Parachute Recovery System for DJI Matrice 300\/350\",\"item\":\"https:\/\/koningdrone.be\/product\/avss-parachute-recovery-system-for-dji-matrice-300-350\/\"},{\"@type\":\"ListItem\",\"position\":3,\"name\":\"Alle batterije\",\"item\":\"https:\/\/koningdrone.be\/categorie\/alle-batterije\/\"},{\"@type\":\"ListItem\",\"position\":4,\"name\":\"DJI TB100C Tethered Battery (2 stuks)\"}]},{\"@type\":\"WebSite\",\"@id\":\"https:\/\/koningdrone.be\/#website\",\"url\":\"https:\/\/koningdrone.be\/\",\"name\":\"Koningdrone.be - Uw online specialist in drones, gimbals, camera's en power stations.\",\"description\":\"De webshop in drones en gimbals\",\"publisher\":{\"@id\":\"https:\/\/koningdrone.be\/#organization\"},\"potentialAction\":[{\"@type\":\"SearchAction\",\"target\":{\"@type\":\"EntryPoint\",\"urlTemplate\":\"https:\/\/koningdrone.be\/?s={search_term_string}\"},\"query-input\":{\"@type\":\"PropertyValueSpecification\",\"valueRequired\":true,\"valueName\":\"search_term_string\"}}],\"inLanguage\":\"es\"},{\"@type\":\"Organization\",\"@id\":\"https:\/\/koningdrone.be\/#organization\",\"name\":\"Koningdrone.be\",\"url\":\"https:\/\/koningdrone.be\/\",\"logo\":{\"@type\":\"ImageObject\",\"inLanguage\":\"es\",\"@id\":\"https:\/\/koningdrone.be\/#\/schema\/logo\/image\/\",\"url\":\"https:\/\/koningdrone.be\/wp-content\/uploads\/sites\/13\/2025\/04\/koningdrone-copyright-logo.svg\",\"contentUrl\":\"https:\/\/koningdrone.be\/wp-content\/uploads\/sites\/13\/2025\/04\/koningdrone-copyright-logo.svg\",\"width\":227,\"height\":38,\"caption\":\"Koningdrone.be\"},\"image\":{\"@id\":\"https:\/\/koningdrone.be\/#\/schema\/logo\/image\/\"}}]}<\/script>\n<!-- \/ Yoast SEO Premium plugin. -->","yoast_head_json":{"title":"DJI TB100C Tethered Battery (2 stuks) - koningdrone.be","robots":{"index":"index","follow":"follow","max-snippet":"max-snippet:-1","max-image-preview":"max-image-preview:large","max-video-preview":"max-video-preview:-1"},"canonical":"https:\/\/koningdrone.be\/es\/producto\/dji-tb100c-tethered-battery-2-stuks\/","og_locale":"es_ES","og_type":"article","og_title":"DJI TB100C Tethered Battery (2 stuks)","og_description":"Elke batterij heeft een capaciteit van 20.254 mAh \/ 977 Wh voor langdurige stroomvoorziening.  Ontworpen voor continu vliegen met goedgekeurde grondstroomvoorzieningen.  Slim energiebeheer en thermische regeling voor betrouwbare prestaties.  Gebouwd voor zakelijke missies zoals bewaking, uitzendingen of inspecties.  Duurzame constructie met maximaal 400 cycli voor een lange levensduur.","og_url":"https:\/\/koningdrone.be\/es\/producto\/dji-tb100c-tethered-battery-2-stuks\/","og_site_name":"koningdrone.be","article_modified_time":"2026-04-29T01:30:36+00:00","og_image":[{"width":2048,"height":2048,"url":"https:\/\/koningdrone.be\/wp-content\/uploads\/sites\/13\/2026\/03\/DJI-TB100C-Tethered-Battery-2-Pieces-Product.webp","type":"image\/webp"}],"twitter_card":"summary_large_image","twitter_misc":{"Tiempo de lectura":"2 minutos"},"schema":{"@context":"https:\/\/schema.org","@graph":[{"@type":"WebPage","@id":"https:\/\/koningdrone.be\/product\/dji-tb100c-tethered-battery-2-stuks\/","url":"https:\/\/koningdrone.be\/product\/dji-tb100c-tethered-battery-2-stuks\/","name":"DJI TB100C Tethered Battery (2 stuks) - koningdrone.be","isPartOf":{"@id":"https:\/\/koningdrone.be\/#website"},"primaryImageOfPage":{"@id":"https:\/\/koningdrone.be\/product\/dji-tb100c-tethered-battery-2-stuks\/#primaryimage"},"image":{"@id":"https:\/\/koningdrone.be\/product\/dji-tb100c-tethered-battery-2-stuks\/#primaryimage"},"thumbnailUrl":"https:\/\/koningdrone.be\/wp-content\/uploads\/sites\/13\/2026\/03\/DJI-TB100C-Tethered-Battery-2-Pieces-Product.webp","datePublished":"2026-03-22T16:20:23+00:00","dateModified":"2026-04-29T01:30:36+00:00","breadcrumb":{"@id":"https:\/\/koningdrone.be\/product\/dji-tb100c-tethered-battery-2-stuks\/#breadcrumb"},"inLanguage":"es","potentialAction":[{"@type":"ReadAction","target":["https:\/\/koningdrone.be\/product\/dji-tb100c-tethered-battery-2-stuks\/"]}]},{"@type":"ImageObject","inLanguage":"es","@id":"https:\/\/koningdrone.be\/product\/dji-tb100c-tethered-battery-2-stuks\/#primaryimage","url":"https:\/\/koningdrone.be\/wp-content\/uploads\/sites\/13\/2026\/03\/DJI-TB100C-Tethered-Battery-2-Pieces-Product.webp","contentUrl":"https:\/\/koningdrone.be\/wp-content\/uploads\/sites\/13\/2026\/03\/DJI-TB100C-Tethered-Battery-2-Pieces-Product.webp","width":2048,"height":2048},{"@type":"BreadcrumbList","@id":"https:\/\/koningdrone.be\/product\/dji-tb100c-tethered-battery-2-stuks\/#breadcrumb","itemListElement":[{"@type":"ListItem","position":1,"name":"Home","item":"https:\/\/koningdrone.be\/"},{"@type":"ListItem","position":2,"name":"AVSS Parachute Recovery System for DJI Matrice 300\/350","item":"https:\/\/koningdrone.be\/product\/avss-parachute-recovery-system-for-dji-matrice-300-350\/"},{"@type":"ListItem","position":3,"name":"Alle batterije","item":"https:\/\/koningdrone.be\/categorie\/alle-batterije\/"},{"@type":"ListItem","position":4,"name":"DJI TB100C Tethered Battery (2 stuks)"}]},{"@type":"WebSite","@id":"https:\/\/koningdrone.be\/#website","url":"https:\/\/koningdrone.be\/","name":"Koningdrone.be - Su especialista en l\u00ednea en drones, cardanes, c\u00e1maras y centrales el\u00e9ctricas.","description":"La tienda virtual de drones y cardanes","publisher":{"@id":"https:\/\/koningdrone.be\/#organization"},"potentialAction":[{"@type":"SearchAction","target":{"@type":"EntryPoint","urlTemplate":"https:\/\/koningdrone.be\/?s={search_term_string}"},"query-input":{"@type":"PropertyValueSpecification","valueRequired":true,"valueName":"search_term_string"}}],"inLanguage":"es"},{"@type":"Organization","@id":"https:\/\/koningdrone.be\/#organization","name":"Kingdrone.es","url":"https:\/\/koningdrone.be\/","logo":{"@type":"ImageObject","inLanguage":"es","@id":"https:\/\/koningdrone.be\/#\/schema\/logo\/image\/","url":"https:\/\/koningdrone.be\/wp-content\/uploads\/sites\/13\/2025\/04\/koningdrone-copyright-logo.svg","contentUrl":"https:\/\/koningdrone.be\/wp-content\/uploads\/sites\/13\/2025\/04\/koningdrone-copyright-logo.svg","width":227,"height":38,"caption":"Koningdrone.be"},"image":{"@id":"https:\/\/koningdrone.be\/#\/schema\/logo\/image\/"}}]}},"df_price":3933,"df_sale_price":"","df_regular_price":3933,"df_image_link":"https:\/\/koningdrone.be\/wp-content\/uploads\/sites\/13\/2026\/03\/DJI-TB100C-Tethered-Battery-2-Pieces-Product-300x300.webp","_links":{"self":[{"href":"https:\/\/koningdrone.be\/es\/wp-json\/wp\/v2\/product\/17195","targetHints":{"allow":["GET"]}}],"collection":[{"href":"https:\/\/koningdrone.be\/es\/wp-json\/wp\/v2\/product"}],"about":[{"href":"https:\/\/koningdrone.be\/es\/wp-json\/wp\/v2\/types\/product"}],"wp:featuredmedia":[{"embeddable":true,"href":"https:\/\/koningdrone.be\/es\/wp-json\/wp\/v2\/media\/17190"}],"wp:attachment":[{"href":"https:\/\/koningdrone.be\/es\/wp-json\/wp\/v2\/media?parent=17195"}],"wp:term":[{"taxonomy":"product_brand","embeddable":true,"href":"https:\/\/koningdrone.be\/es\/wp-json\/wp\/v2\/product_brand?post=17195"},{"taxonomy":"product_cat","embeddable":true,"href":"https:\/\/koningdrone.be\/es\/wp-json\/wp\/v2\/product_cat?post=17195"},{"taxonomy":"product_tag","embeddable":true,"href":"https:\/\/koningdrone.be\/es\/wp-json\/wp\/v2\/product_tag?post=17195"}],"curies":[{"name":"wp","href":"https:\/\/api.w.org\/{rel}","templated":true}]}}