{"id":17159,"date":"2026-03-22T08:34:02","date_gmt":"2026-03-22T07:34:02","guid":{"rendered":"https:\/\/koningdrone.be\/?post_type=product&#038;p=17159"},"modified":"2026-04-29T03:30:03","modified_gmt":"2026-04-29T01:30:03","slug":"dji-matrice-400-worry-free-plus-combo","status":"publish","type":"product","link":"https:\/\/koningdrone.be\/es\/producto\/dji-matrice-400-worry-free-plus-combo\/","title":{"rendered":"DJI Matrice 400 Worry free plus combo"},"content":{"rendered":"<h3>DJI Matrice 400 Worry-Free Plus Combo - M\u00e1xima seguridad para operaciones de misi\u00f3n cr\u00edtica<\/h3>\n<p><iframe loading=\"lazy\" title=\"DJI Matrice 400: Todo lo que necesitas saber\" width=\"800\" height=\"450\" src=\"https:\/\/www.youtube.com\/embed\/Cc7UMhmshpI?feature=oembed&#038;enablejsapi=1&#038;origin=https:\/\/koningdrone.be\" frameborder=\"0\" allow=\"accelerometer; autoplay; clipboard-write; encrypted-media; gyroscope; picture-in-picture; web-share\" referrerpolicy=\"strict-origin-when-cross-origin\" allowfullscreen><\/iframe><\/p>\n<p data-start=\"330\" data-end=\"593\"><strong data-start=\"330\" data-end=\"593\">El DJI Matrice 400 Worry-Free Plus Combo est\u00e1 dise\u00f1ado para organizaciones que no dejan lugar a tiempos de inactividad. Este completo paquete empresarial combina la potencia y el rendimiento de la Matrice 400 con un completo servicio de asistencia y accesorios esenciales.<\/strong><\/p>\n<p data-start=\"595\" data-end=\"910\">Incluye <strong data-start=\"614\" data-end=\"664\">1 a\u00f1o DJI Care Enterprise Plus (Care Refresh)<\/strong> para la m\u00e1xima seguridad durante las operaciones, incluida la cobertura en caso de da\u00f1os. Adem\u00e1s, este conjunto incluye un <strong data-start=\"767\" data-end=\"803\">Bater\u00eda de vuelo inteligente TB100<\/strong> y un <strong data-start=\"811\" data-end=\"848\">BS100 Estaci\u00f3n de bater\u00eda inteligente<\/strong>, que le permite ser operativo de inmediato sin inversiones adicionales.<\/p>\n<p data-start=\"912\" data-end=\"1066\">Ideal para inspecciones, respuestas de emergencia, cartograf\u00eda, trabajos en alta mar y operaciones industriales a largo plazo en las que la fiabilidad y la continuidad son fundamentales.<\/p>\n<p><a href=\"https:\/\/koningdrone.nl\/wp-content\/uploads\/2026\/03\/DJI-Matrice-400-Worry-free-plus-combo.webp\"><img loading=\"lazy\" decoding=\"async\" class=\"size-full wp-image-467343 aligncenter\" src=\"https:\/\/koningdrone.nl\/wp-content\/uploads\/2026\/03\/DJI-Matrice-400-Worry-free-plus-combo.webp\" alt=\"DJI Matrice 400 Worry free plus combo\" width=\"1200\" height=\"800\" \/><\/a><\/p>\n<h4>Rendimiento a largo plazo y alta eficiencia<\/h4>\n<p><strong>Hasta 59 minutos de vuelo<br \/>\n<\/strong>\u00a0Realice la cartograf\u00eda de corredores, la vigilancia de incendios forestales o las inspecciones de infraestructuras en un solo vuelo.<\/p>\n<p><strong>Velocidad de crucero de hasta 25 m\/s<br \/>\n<\/strong>\u00a0Los movimientos m\u00e1s r\u00e1pidos entre waypoints aumentan la productividad por misi\u00f3n.<\/p>\n<p><strong>Bater\u00edas inteligentes TB100<br \/>\n<\/strong>\u00a0Autocalentamiento a bajas temperaturas, hasta 400 ciclos de carga y carga completa en unos 45 minutos a trav\u00e9s de la estaci\u00f3n de bater\u00edas.<\/p>\n<h4>Carga \u00fatil pesada y flexibilidad multimisi\u00f3n<\/h4>\n<p><strong>Capacidad de carga m\u00e1xima de 6 kg<br \/>\n<\/strong>\u00a0Admite varias cargas \u00fatiles simult\u00e1neamente a trav\u00e9s de cuatro conectores E-Port V2, dos cardanes descendentes y un card\u00e1n colgante adicional.<\/p>\n<p style=\"text-align: center\"><a href=\"https:\/\/koningdrone.nl\/wp-content\/uploads\/2026\/03\/Product-DJI-Matrice-400-Worry-free-plus-combo.webp\"><img loading=\"lazy\" decoding=\"async\" class=\"alignnone wp-image-467341 size-medium\" src=\"https:\/\/koningdrone.nl\/wp-content\/uploads\/2026\/03\/Product-DJI-Matrice-400-Worry-free-plus-combo-300x300.webp\" alt=\"Product DJI Matrice 400 Worry free plus combo\" width=\"300\" height=\"300\" \/><\/a><\/p>\n<p><strong>Compatible con:<\/strong><\/p>\n<ul>\n<li><strong>DJI Zenmuse Serie H30<\/strong> - Tel\u00e9metro gran angular, zoom, t\u00e9rmico y l\u00e1ser para operaciones diurnas y nocturnas.<\/li>\n<li><strong>DJI Zenmuse L3 - <\/strong>Revolucionario LiDAR de 2.000.000 pts\/s con c\u00e1maras duales RGB de 100 MP para una cartograf\u00eda 3D ultraprecisa y un modelado superior del terreno.<\/li>\n<li><strong>DJI Zenmuse P1<\/strong> - C\u00e1mara Full-frame de 45 MP para topograf\u00eda y modelado.<\/li>\n<li><strong>DJI Zenmuse S1<\/strong> &amp; <strong>DJI Zenmuse V1<\/strong> - Iluminaci\u00f3n y altavoz para operaciones nocturnas y comunicaci\u00f3n.<\/li>\n<li><strong>DJI Manifold 3<\/strong> - Inteligencia artificial avanzada a bordo y procesamiento de datos en tiempo real.<\/li>\n<\/ul>\n<h4>Seguridad y fiabilidad en cualquier entorno<\/h4>\n<p><strong>Protecci\u00f3n IP55<br \/>\n<\/strong>\u00a0Resistente a la lluvia, el polvo y la niebla. Operativa entre -20 \u00b0C y 50 \u00b0C.<\/p>\n<p><strong>Triple detecci\u00f3n de obst\u00e1culos<br \/>\n<\/strong>\u00a0El LiDAR giratorio, el radar de ondas milim\u00e9tricas y la visi\u00f3n a todo color con poca luz detectan incluso los obst\u00e1culos m\u00e1s peque\u00f1os en condiciones de oscuridad.<\/p>\n<p><strong>O4 Enterprise Transmisi\u00f3n mejorada<br \/>\n<\/strong>\u00a0Visi\u00f3n en directo de 1080p hasta 40 km, con doble 4G y sub-2 GHz de respaldo para una conexi\u00f3n estable en entornos dif\u00edciles.<\/p>\n<p style=\"text-align: center\"><a href=\"https:\/\/koningdrone.nl\/wp-content\/uploads\/2026\/03\/Worry-free-plus-combo-Product-DJI-Matrice-400.webp\"><img loading=\"lazy\" decoding=\"async\" class=\"aligncenter wp-image-467339 size-medium\" src=\"https:\/\/koningdrone.nl\/wp-content\/uploads\/2026\/03\/Worry-free-plus-combo-Product-DJI-Matrice-400-300x300.webp\" alt=\"Worry free plus combo Product DJI Matrice 400\" width=\"300\" height=\"300\" \/><\/a><\/p>\n<h4>Funciones de escape inteligente<\/h4>\n<ul>\n<li>Seguimiento inteligente y misiones autom\u00e1ticas<\/li>\n<li>Seguimiento del terreno en tiempo real para una altitud constante<\/li>\n<li>Despegue y aterrizaje seguros en buques en movimiento<\/li>\n<li>Superposiciones AR para mejorar el conocimiento de la situaci\u00f3n<\/li>\n<\/ul>\n<h4>Ventaja Plus Combo: menos riesgo, m\u00e1s seguridad<\/h4>\n<p>El paquete Worry-Free Plus ofrece una cobertura completa contra da\u00f1os inesperados, servicio prioritario y sustituci\u00f3n r\u00e1pida en caso necesario. Esto minimiza el tiempo de inactividad y protege su inversi\u00f3n durante operaciones intensivas.<\/p>\n<h4>Ecosistema empresarial completo<\/h4>\n<ul>\n<li><strong>DJI RC Plus 2 Enterprise Mejorado<\/strong> - Pantalla de 7,02 pulgadas y 1400 nits, IP54, apta para entornos dif\u00edciles.<\/li>\n<li><strong>Estaci\u00f3n de bater\u00eda DJI BS100<\/strong> - Carga tres bater\u00edas TB100 de forma simult\u00e1nea y eficiente.<\/li>\n<li><strong>Estaci\u00f3n multifunci\u00f3n DJI D-RTK 3<\/strong> - Posicionamiento con precisi\u00f3n centim\u00e9trica.<\/li>\n<li><strong>Bater\u00eda DJI TB100C Tethered<\/strong> - Suministro continuo de energ\u00eda para operaciones a largo plazo.<\/li>\n<\/ul>\n<h4>Software e integraci\u00f3n<\/h4>\n<ul>\n<li><strong>DJI FlightHub 2<\/strong> - Gesti\u00f3n de flotas basada en la nube y supervisi\u00f3n en directo.<\/li>\n<li><strong>DJI Terra<\/strong> - Reconstrucci\u00f3n r\u00e1pida en 2D y 3D.<\/li>\n<li><strong>DJI Modificar<\/strong> - Optimizaci\u00f3n de nubes de puntos basada en IA.<\/li>\n<li>Soporte abierto para desarrolladores con PSDK y MSDK para soluciones personalizadas.<\/li>\n<\/ul>\n<p style=\"text-align: center\"><a href=\"https:\/\/koningdrone.nl\/wp-content\/uploads\/2026\/03\/Worry-free-plus-combo-DJI-Matrice-400-Product.webp\"><img loading=\"lazy\" decoding=\"async\" class=\"aligncenter wp-image-467340 size-medium\" src=\"https:\/\/koningdrone.nl\/wp-content\/uploads\/2026\/03\/Worry-free-plus-combo-DJI-Matrice-400-Product-300x300.webp\" alt=\"Worry free plus combo DJI Matrice 400 Product\" width=\"300\" height=\"300\" \/><\/a><\/p>\n<h4>Por qu\u00e9 elegir el Combo Worry-Free Plus<\/h4>\n<p>El DJI Matrice 400 Worry-Free Plus Combo es m\u00e1s que un paquete de drones. Es una soluci\u00f3n completa de operaci\u00f3n a\u00e9rea profesional con la m\u00e1xima protecci\u00f3n, el m\u00ednimo tiempo de inactividad y un despliegue completo en condiciones adversas.<\/p>\n<p style=\"margin-bottom: 20px\">Para las organizaciones en las que la continuidad y la fiabilidad son cruciales, este Combo Plus proporciona la seguridad necesaria para llevar a cabo cualquier misi\u00f3n con confianza.<\/p>\n<p><iframe loading=\"lazy\" title=\"Este es DJI Matrice 400\" width=\"800\" height=\"450\" src=\"https:\/\/www.youtube.com\/embed\/3UrKq7xj7TI?feature=oembed&#038;enablejsapi=1&#038;origin=https:\/\/koningdrone.be\" frameborder=\"0\" allow=\"accelerometer; autoplay; clipboard-write; encrypted-media; gyroscope; picture-in-picture; web-share\" referrerpolicy=\"strict-origin-when-cross-origin\" allowfullscreen><\/iframe><\/p>","protected":false},"excerpt":{"rendered":"<ul>\n<li>Hasta 59 minutos de tiempo de vuelo real, incluso con carga \u00fatil acoplada.<\/li>\n<li>Carga \u00fatil m\u00e1xima de 6 kg, que admite hasta siete sensores o herramientas montados a la vez.<\/li>\n<li>Detecci\u00f3n avanzada de obst\u00e1culos mediante LiDAR rotativo, radar de ondas milim\u00e9tricas y sistemas de visi\u00f3n m\u00faltiple.<\/li>\n<li>Transmisi\u00f3n de v\u00eddeo de hasta 40 km con el sistema O4 Enterprise Enhanced.<\/li>\n<li>Dise\u00f1o robusto IP55 y amplio rango de temperaturas para un rendimiento fiable en entornos exigentes.<\/li>\n<\/ul>","protected":false},"featured_media":17574,"template":"","meta":{"_acf_changed":false},"product_brand":[],"product_cat":[135,1583],"product_tag":[],"class_list":{"0":"post-17159","1":"product","2":"type-product","3":"status-publish","4":"has-post-thumbnail","6":"product_cat-alle-drones","7":"product_cat-dji-matrice-400","8":"product_shipping_class-uavspacesall","9":"pa_brand-dji","10":"pa_producttype-professionele-drone-voor-bedrijven","11":"pa_series-matrice","13":"first","14":"instock","15":"taxable","16":"shipping-taxable","17":"purchasable","18":"product-type-simple"},"acf":[],"yoast_head":"<!-- This site is optimized with the Yoast SEO Premium plugin v27.2 (Yoast SEO v27.2) - https:\/\/yoast.com\/product\/yoast-seo-premium-wordpress\/ -->\n<title>DJI Matrice 400 Worry free plus combo - koningdrone.be<\/title>\n<meta name=\"robots\" content=\"index, follow, max-snippet:-1, max-image-preview:large, max-video-preview:-1\" \/>\n<link rel=\"canonical\" href=\"https:\/\/koningdrone.be\/es\/producto\/dji-matrice-400-worry-free-plus-combo\/\" \/>\n<meta property=\"og:locale\" content=\"es_ES\" \/>\n<meta property=\"og:type\" content=\"article\" \/>\n<meta property=\"og:title\" content=\"DJI Matrice 400 Worry free plus combo\" \/>\n<meta property=\"og:description\" content=\"Tot 59 minuten echte vliegtijd, zelfs met payload bevestigd.  Maximaal laadvermogen van 6 kg, met ondersteuning voor maximaal zeven gemonteerde sensoren of tools tegelijk.  Geavanceerde obstakeldetectie via roterende LiDAR, mmWave-radar en meervoudige visiesystemen.  Videotransmissie tot 40 km met het O4 Enterprise Enhanced-systeem.  Robuust IP55-ontwerp en breed temperatuurbereik voor betrouwbare prestaties in veeleisende omgevingen.\" \/>\n<meta property=\"og:url\" content=\"https:\/\/koningdrone.be\/es\/producto\/dji-matrice-400-worry-free-plus-combo\/\" \/>\n<meta property=\"og:site_name\" content=\"koningdrone.be\" \/>\n<meta property=\"article:modified_time\" content=\"2026-04-29T01:30:03+00:00\" \/>\n<meta property=\"og:image\" content=\"https:\/\/koningdrone.be\/wp-content\/uploads\/sites\/13\/2026\/03\/DJI-Matrice-400-Drone-Worry-Free-Plus-Combo-main-image-1.webp\" \/>\n\t<meta property=\"og:image:width\" content=\"1200\" \/>\n\t<meta property=\"og:image:height\" content=\"1200\" \/>\n\t<meta property=\"og:image:type\" content=\"image\/webp\" \/>\n<meta name=\"twitter:card\" content=\"summary_large_image\" \/>\n<meta name=\"twitter:label1\" content=\"Tiempo de lectura\" \/>\n\t<meta name=\"twitter:data1\" content=\"4 minutos\" \/>\n<script type=\"application\/ld+json\" class=\"yoast-schema-graph\">{\"@context\":\"https:\/\/schema.org\",\"@graph\":[{\"@type\":\"WebPage\",\"@id\":\"https:\/\/koningdrone.be\/product\/dji-matrice-400-worry-free-plus-combo\/\",\"url\":\"https:\/\/koningdrone.be\/product\/dji-matrice-400-worry-free-plus-combo\/\",\"name\":\"DJI Matrice 400 Worry free plus combo - koningdrone.be\",\"isPartOf\":{\"@id\":\"https:\/\/koningdrone.be\/#website\"},\"primaryImageOfPage\":{\"@id\":\"https:\/\/koningdrone.be\/product\/dji-matrice-400-worry-free-plus-combo\/#primaryimage\"},\"image\":{\"@id\":\"https:\/\/koningdrone.be\/product\/dji-matrice-400-worry-free-plus-combo\/#primaryimage\"},\"thumbnailUrl\":\"https:\/\/koningdrone.be\/wp-content\/uploads\/sites\/13\/2026\/03\/DJI-Matrice-400-Drone-Worry-Free-Plus-Combo-main-image-1.webp\",\"datePublished\":\"2026-03-22T07:34:02+00:00\",\"dateModified\":\"2026-04-29T01:30:03+00:00\",\"breadcrumb\":{\"@id\":\"https:\/\/koningdrone.be\/product\/dji-matrice-400-worry-free-plus-combo\/#breadcrumb\"},\"inLanguage\":\"es\",\"potentialAction\":[{\"@type\":\"ReadAction\",\"target\":[\"https:\/\/koningdrone.be\/product\/dji-matrice-400-worry-free-plus-combo\/\"]}]},{\"@type\":\"ImageObject\",\"inLanguage\":\"es\",\"@id\":\"https:\/\/koningdrone.be\/product\/dji-matrice-400-worry-free-plus-combo\/#primaryimage\",\"url\":\"https:\/\/koningdrone.be\/wp-content\/uploads\/sites\/13\/2026\/03\/DJI-Matrice-400-Drone-Worry-Free-Plus-Combo-main-image-1.webp\",\"contentUrl\":\"https:\/\/koningdrone.be\/wp-content\/uploads\/sites\/13\/2026\/03\/DJI-Matrice-400-Drone-Worry-Free-Plus-Combo-main-image-1.webp\",\"width\":1200,\"height\":1200},{\"@type\":\"BreadcrumbList\",\"@id\":\"https:\/\/koningdrone.be\/product\/dji-matrice-400-worry-free-plus-combo\/#breadcrumb\",\"itemListElement\":[{\"@type\":\"ListItem\",\"position\":1,\"name\":\"Home\",\"item\":\"https:\/\/koningdrone.be\/\"},{\"@type\":\"ListItem\",\"position\":2,\"name\":\"AVSS Parachute Recovery System for DJI Matrice 300\/350\",\"item\":\"https:\/\/koningdrone.be\/product\/avss-parachute-recovery-system-for-dji-matrice-300-350\/\"},{\"@type\":\"ListItem\",\"position\":3,\"name\":\"Alle drones\",\"item\":\"https:\/\/koningdrone.be\/categorie\/alle-drones\/\"},{\"@type\":\"ListItem\",\"position\":4,\"name\":\"DJI Matrice 400 Worry free plus combo\"}]},{\"@type\":\"WebSite\",\"@id\":\"https:\/\/koningdrone.be\/#website\",\"url\":\"https:\/\/koningdrone.be\/\",\"name\":\"Koningdrone.be - Uw online specialist in drones, gimbals, camera's en power stations.\",\"description\":\"De webshop in drones en gimbals\",\"publisher\":{\"@id\":\"https:\/\/koningdrone.be\/#organization\"},\"potentialAction\":[{\"@type\":\"SearchAction\",\"target\":{\"@type\":\"EntryPoint\",\"urlTemplate\":\"https:\/\/koningdrone.be\/?s={search_term_string}\"},\"query-input\":{\"@type\":\"PropertyValueSpecification\",\"valueRequired\":true,\"valueName\":\"search_term_string\"}}],\"inLanguage\":\"es\"},{\"@type\":\"Organization\",\"@id\":\"https:\/\/koningdrone.be\/#organization\",\"name\":\"Koningdrone.be\",\"url\":\"https:\/\/koningdrone.be\/\",\"logo\":{\"@type\":\"ImageObject\",\"inLanguage\":\"es\",\"@id\":\"https:\/\/koningdrone.be\/#\/schema\/logo\/image\/\",\"url\":\"https:\/\/koningdrone.be\/wp-content\/uploads\/sites\/13\/2025\/04\/koningdrone-copyright-logo.svg\",\"contentUrl\":\"https:\/\/koningdrone.be\/wp-content\/uploads\/sites\/13\/2025\/04\/koningdrone-copyright-logo.svg\",\"width\":227,\"height\":38,\"caption\":\"Koningdrone.be\"},\"image\":{\"@id\":\"https:\/\/koningdrone.be\/#\/schema\/logo\/image\/\"}}]}<\/script>\n<!-- \/ Yoast SEO Premium plugin. -->","yoast_head_json":{"title":"DJI Matrice 400 Worry free plus combo - koningdrone.be","robots":{"index":"index","follow":"follow","max-snippet":"max-snippet:-1","max-image-preview":"max-image-preview:large","max-video-preview":"max-video-preview:-1"},"canonical":"https:\/\/koningdrone.be\/es\/producto\/dji-matrice-400-worry-free-plus-combo\/","og_locale":"es_ES","og_type":"article","og_title":"DJI Matrice 400 Worry free plus combo","og_description":"Tot 59 minuten echte vliegtijd, zelfs met payload bevestigd.  Maximaal laadvermogen van 6 kg, met ondersteuning voor maximaal zeven gemonteerde sensoren of tools tegelijk.  Geavanceerde obstakeldetectie via roterende LiDAR, mmWave-radar en meervoudige visiesystemen.  Videotransmissie tot 40 km met het O4 Enterprise Enhanced-systeem.  Robuust IP55-ontwerp en breed temperatuurbereik voor betrouwbare prestaties in veeleisende omgevingen.","og_url":"https:\/\/koningdrone.be\/es\/producto\/dji-matrice-400-worry-free-plus-combo\/","og_site_name":"koningdrone.be","article_modified_time":"2026-04-29T01:30:03+00:00","og_image":[{"width":1200,"height":1200,"url":"https:\/\/koningdrone.be\/wp-content\/uploads\/sites\/13\/2026\/03\/DJI-Matrice-400-Drone-Worry-Free-Plus-Combo-main-image-1.webp","type":"image\/webp"}],"twitter_card":"summary_large_image","twitter_misc":{"Tiempo de lectura":"4 minutos"},"schema":{"@context":"https:\/\/schema.org","@graph":[{"@type":"WebPage","@id":"https:\/\/koningdrone.be\/product\/dji-matrice-400-worry-free-plus-combo\/","url":"https:\/\/koningdrone.be\/product\/dji-matrice-400-worry-free-plus-combo\/","name":"DJI Matrice 400 Worry free plus combo - koningdrone.be","isPartOf":{"@id":"https:\/\/koningdrone.be\/#website"},"primaryImageOfPage":{"@id":"https:\/\/koningdrone.be\/product\/dji-matrice-400-worry-free-plus-combo\/#primaryimage"},"image":{"@id":"https:\/\/koningdrone.be\/product\/dji-matrice-400-worry-free-plus-combo\/#primaryimage"},"thumbnailUrl":"https:\/\/koningdrone.be\/wp-content\/uploads\/sites\/13\/2026\/03\/DJI-Matrice-400-Drone-Worry-Free-Plus-Combo-main-image-1.webp","datePublished":"2026-03-22T07:34:02+00:00","dateModified":"2026-04-29T01:30:03+00:00","breadcrumb":{"@id":"https:\/\/koningdrone.be\/product\/dji-matrice-400-worry-free-plus-combo\/#breadcrumb"},"inLanguage":"es","potentialAction":[{"@type":"ReadAction","target":["https:\/\/koningdrone.be\/product\/dji-matrice-400-worry-free-plus-combo\/"]}]},{"@type":"ImageObject","inLanguage":"es","@id":"https:\/\/koningdrone.be\/product\/dji-matrice-400-worry-free-plus-combo\/#primaryimage","url":"https:\/\/koningdrone.be\/wp-content\/uploads\/sites\/13\/2026\/03\/DJI-Matrice-400-Drone-Worry-Free-Plus-Combo-main-image-1.webp","contentUrl":"https:\/\/koningdrone.be\/wp-content\/uploads\/sites\/13\/2026\/03\/DJI-Matrice-400-Drone-Worry-Free-Plus-Combo-main-image-1.webp","width":1200,"height":1200},{"@type":"BreadcrumbList","@id":"https:\/\/koningdrone.be\/product\/dji-matrice-400-worry-free-plus-combo\/#breadcrumb","itemListElement":[{"@type":"ListItem","position":1,"name":"Home","item":"https:\/\/koningdrone.be\/"},{"@type":"ListItem","position":2,"name":"AVSS Parachute Recovery System for DJI Matrice 300\/350","item":"https:\/\/koningdrone.be\/product\/avss-parachute-recovery-system-for-dji-matrice-300-350\/"},{"@type":"ListItem","position":3,"name":"Alle drones","item":"https:\/\/koningdrone.be\/categorie\/alle-drones\/"},{"@type":"ListItem","position":4,"name":"DJI Matrice 400 Worry free plus combo"}]},{"@type":"WebSite","@id":"https:\/\/koningdrone.be\/#website","url":"https:\/\/koningdrone.be\/","name":"Koningdrone.be - Su especialista en l\u00ednea en drones, cardanes, c\u00e1maras y centrales el\u00e9ctricas.","description":"La tienda virtual de drones y cardanes","publisher":{"@id":"https:\/\/koningdrone.be\/#organization"},"potentialAction":[{"@type":"SearchAction","target":{"@type":"EntryPoint","urlTemplate":"https:\/\/koningdrone.be\/?s={search_term_string}"},"query-input":{"@type":"PropertyValueSpecification","valueRequired":true,"valueName":"search_term_string"}}],"inLanguage":"es"},{"@type":"Organization","@id":"https:\/\/koningdrone.be\/#organization","name":"Kingdrone.es","url":"https:\/\/koningdrone.be\/","logo":{"@type":"ImageObject","inLanguage":"es","@id":"https:\/\/koningdrone.be\/#\/schema\/logo\/image\/","url":"https:\/\/koningdrone.be\/wp-content\/uploads\/sites\/13\/2025\/04\/koningdrone-copyright-logo.svg","contentUrl":"https:\/\/koningdrone.be\/wp-content\/uploads\/sites\/13\/2025\/04\/koningdrone-copyright-logo.svg","width":227,"height":38,"caption":"Koningdrone.be"},"image":{"@id":"https:\/\/koningdrone.be\/#\/schema\/logo\/image\/"}}]}},"df_price":11985,"df_sale_price":"","df_regular_price":11985,"df_image_link":"https:\/\/koningdrone.be\/wp-content\/uploads\/sites\/13\/2026\/03\/DJI-Matrice-400-Drone-Worry-Free-Plus-Combo-main-image-1-300x300.webp","_links":{"self":[{"href":"https:\/\/koningdrone.be\/es\/wp-json\/wp\/v2\/product\/17159","targetHints":{"allow":["GET"]}}],"collection":[{"href":"https:\/\/koningdrone.be\/es\/wp-json\/wp\/v2\/product"}],"about":[{"href":"https:\/\/koningdrone.be\/es\/wp-json\/wp\/v2\/types\/product"}],"wp:featuredmedia":[{"embeddable":true,"href":"https:\/\/koningdrone.be\/es\/wp-json\/wp\/v2\/media\/17574"}],"wp:attachment":[{"href":"https:\/\/koningdrone.be\/es\/wp-json\/wp\/v2\/media?parent=17159"}],"wp:term":[{"taxonomy":"product_brand","embeddable":true,"href":"https:\/\/koningdrone.be\/es\/wp-json\/wp\/v2\/product_brand?post=17159"},{"taxonomy":"product_cat","embeddable":true,"href":"https:\/\/koningdrone.be\/es\/wp-json\/wp\/v2\/product_cat?post=17159"},{"taxonomy":"product_tag","embeddable":true,"href":"https:\/\/koningdrone.be\/es\/wp-json\/wp\/v2\/product_tag?post=17159"}],"curies":[{"name":"wp","href":"https:\/\/api.w.org\/{rel}","templated":true}]}}