{"id":1711,"date":"2024-12-04T12:13:14","date_gmt":"2024-12-04T11:13:14","guid":{"rendered":"https:\/\/koningdrone.nl\/kon\/?post_type=product&#038;p=1711"},"modified":"2026-04-29T04:00:57","modified_gmt":"2026-04-29T02:00:57","slug":"dji-air-3s-card-dji-care-refresh-2-year-plan","status":"publish","type":"product","link":"https:\/\/koningdrone.be\/es\/producto\/dji-air-3s-card-dji-care-refresh-2-year-plan\/","title":{"rendered":"DJI Air 3S - Tarjeta DJI Care Refresh Plan de 2 a\u00f1os"},"content":{"rendered":"<h3>DJI Air 3S - Tarjeta DJI Care Refresh Plan de 2 a\u00f1os<\/h3>\n<p>El Plan DJI Care Refresh de 2 a\u00f1os para DJI Air 3S es un completo paquete de servicio y protecci\u00f3n que protege tu dron contra accidentes y da\u00f1os inesperados durante dos a\u00f1os. Este plan es ideal para usuarios de DJI Air 3S que quieran volar sin preocupaciones durante mucho tiempo. Durante los dos a\u00f1os, puedes solicitar hasta cuatro sustituciones, incluidas dos sustituciones para la cobertura Flyaway, lo que te proporciona la m\u00e1xima tranquilidad.<\/p>\n<h4>Rendimiento y funcionalidad<\/h4>\n<p>El Plan Care Refresh de 2 a\u00f1os cubre da\u00f1os no intencionados como colisiones, da\u00f1os por agua y choques. Adem\u00e1s, puedes solicitar un reemplazo Flyaway si tu dron no puede ser recuperado. Por cada sustituci\u00f3n, pagas una tarifa con descuento, que es m\u00e1s barata que una reparaci\u00f3n o sustituci\u00f3n completa fuera del servicio. DJI utiliza piezas y centros de servicio oficiales para sustituir los drones de forma r\u00e1pida y fiable.<\/p>\n<p><a href=\"https:\/\/koningdrone.nl\/wp-content\/uploads\/2024\/12\/DJI-Air-3S-Card-DJI-Care-Refresh.jpg\"><img loading=\"lazy\" decoding=\"async\" class=\"size-medium wp-image-471943 aligncenter\" src=\"https:\/\/koningdrone.nl\/wp-content\/uploads\/2024\/12\/DJI-Air-3S-Card-DJI-Care-Refresh-300x300.jpg\" alt=\"DJI Air 3S - Card DJI Care Refresh\" width=\"300\" height=\"300\" \/><\/a><\/p>\n<h4>Calidad de construcci\u00f3n y dise\u00f1o<\/h4>\n<p>El plan viene como un c\u00f3digo de activaci\u00f3n digital o una tarjeta f\u00edsica y se puede registrar f\u00e1cilmente a trav\u00e9s de la aplicaci\u00f3n DJI Fly o el portal de asistencia de DJI. No se incluye hardware f\u00edsico, excepto el c\u00f3digo de activaci\u00f3n y las instrucciones de activaci\u00f3n. El servicio es v\u00e1lido en todo el mundo en los centros de servicio DJI.<\/p>\n<h4>Por qu\u00e9 lo necesita<\/h4>\n<p>Para pilotos frecuentes o usuarios en condiciones dif\u00edciles, el Plan DJI Care Refresh de 2 a\u00f1os ofrece la m\u00e1xima tranquilidad. Los costes inesperados tras accidentes o da\u00f1os pueden ser elevados, pero con esta cobertura, permanecer\u00e1s asegurado y volar\u00e1s sin preocupaciones.<\/p>","protected":false},"excerpt":{"rendered":"<ul>\n<li>4 sustituciones en 2 a\u00f1os, incluidas 2 fundas Flyaway<\/li>\n<li>Cobertura contra colisiones, da\u00f1os por agua y choques<\/li>\n<li>Devoluci\u00f3n y sustituci\u00f3n gratuitas<\/li>\n<li>Servicio de sustituci\u00f3n r\u00e1pido a trav\u00e9s de los centros oficiales de DJI<\/li>\n<li>Perfecto para usuarios intensivos y de larga duraci\u00f3n de la DJI Air 3S<\/li>\n<\/ul>","protected":false},"featured_media":18481,"template":"","meta":{"_acf_changed":false},"product_brand":[],"product_cat":[175,335],"product_tag":[],"class_list":{"0":"post-1711","1":"product","2":"type-product","3":"status-publish","4":"has-post-thumbnail","6":"product_cat-alle-care-refresh","7":"product_cat-dji-air-3s","8":"product_shipping_class-acsystemsall","9":"pa_brand-dji","10":"pa_producttype-serviceplan","11":"pa_series-air","13":"first","14":"instock","15":"taxable","16":"shipping-taxable","17":"purchasable","18":"product-type-simple"},"acf":[],"yoast_head":"<!-- This site is optimized with the Yoast SEO Premium plugin v27.2 (Yoast SEO v27.2) - https:\/\/yoast.com\/product\/yoast-seo-premium-wordpress\/ -->\n<title>DJI Air 3S - Card DJI Care Refresh 2-Year Plan - koningdrone.be<\/title>\n<meta name=\"robots\" content=\"index, follow, max-snippet:-1, max-image-preview:large, max-video-preview:-1\" \/>\n<link rel=\"canonical\" href=\"https:\/\/koningdrone.be\/es\/producto\/dji-air-3s-card-dji-care-refresh-2-year-plan\/\" \/>\n<meta property=\"og:locale\" content=\"es_ES\" \/>\n<meta property=\"og:type\" content=\"article\" \/>\n<meta property=\"og:title\" content=\"DJI Air 3S - Card DJI Care Refresh 2-Year Plan\" \/>\n<meta property=\"og:description\" content=\"4 vervangingen binnen 2 jaar, inclusief 2 Flyaway-dekking  Dekking tegen botsingen, waterschade en crashes  Gratis retour- en vervangingsverzending  Snelle vervangingsservice via offici\u00eble DJI-centers  Perfect voor langdurige en intensieve DJI Air 3S-gebruikers\" \/>\n<meta property=\"og:url\" content=\"https:\/\/koningdrone.be\/es\/producto\/dji-air-3s-card-dji-care-refresh-2-year-plan\/\" \/>\n<meta property=\"og:site_name\" content=\"koningdrone.be\" \/>\n<meta property=\"article:modified_time\" content=\"2026-04-29T02:00:57+00:00\" \/>\n<meta property=\"og:image\" content=\"https:\/\/koningdrone.be\/wp-content\/uploads\/sites\/13\/2026\/04\/DJI-Air-3S-Card-DJI-Care-Refresh.jpg\" \/>\n\t<meta property=\"og:image:width\" content=\"2560\" \/>\n\t<meta property=\"og:image:height\" content=\"2560\" \/>\n\t<meta property=\"og:image:type\" content=\"image\/jpeg\" \/>\n<meta name=\"twitter:card\" content=\"summary_large_image\" \/>\n<meta name=\"twitter:label1\" content=\"Tiempo de lectura\" \/>\n\t<meta name=\"twitter:data1\" content=\"1 minuto\" \/>\n<script type=\"application\/ld+json\" class=\"yoast-schema-graph\">{\"@context\":\"https:\/\/schema.org\",\"@graph\":[{\"@type\":\"WebPage\",\"@id\":\"https:\/\/koningdrone.be\/product\/dji-air-3s-card-dji-care-refresh-2-year-plan\/\",\"url\":\"https:\/\/koningdrone.be\/product\/dji-air-3s-card-dji-care-refresh-2-year-plan\/\",\"name\":\"DJI Air 3S - Card DJI Care Refresh 2-Year Plan - koningdrone.be\",\"isPartOf\":{\"@id\":\"https:\/\/koningdrone.be\/#website\"},\"primaryImageOfPage\":{\"@id\":\"https:\/\/koningdrone.be\/product\/dji-air-3s-card-dji-care-refresh-2-year-plan\/#primaryimage\"},\"image\":{\"@id\":\"https:\/\/koningdrone.be\/product\/dji-air-3s-card-dji-care-refresh-2-year-plan\/#primaryimage\"},\"thumbnailUrl\":\"https:\/\/koningdrone.be\/wp-content\/uploads\/sites\/13\/2026\/04\/DJI-Air-3S-Card-DJI-Care-Refresh.jpg\",\"datePublished\":\"2024-12-04T11:13:14+00:00\",\"dateModified\":\"2026-04-29T02:00:57+00:00\",\"breadcrumb\":{\"@id\":\"https:\/\/koningdrone.be\/product\/dji-air-3s-card-dji-care-refresh-2-year-plan\/#breadcrumb\"},\"inLanguage\":\"es\",\"potentialAction\":[{\"@type\":\"ReadAction\",\"target\":[\"https:\/\/koningdrone.be\/product\/dji-air-3s-card-dji-care-refresh-2-year-plan\/\"]}]},{\"@type\":\"ImageObject\",\"inLanguage\":\"es\",\"@id\":\"https:\/\/koningdrone.be\/product\/dji-air-3s-card-dji-care-refresh-2-year-plan\/#primaryimage\",\"url\":\"https:\/\/koningdrone.be\/wp-content\/uploads\/sites\/13\/2026\/04\/DJI-Air-3S-Card-DJI-Care-Refresh.jpg\",\"contentUrl\":\"https:\/\/koningdrone.be\/wp-content\/uploads\/sites\/13\/2026\/04\/DJI-Air-3S-Card-DJI-Care-Refresh.jpg\",\"width\":2560,\"height\":2560},{\"@type\":\"BreadcrumbList\",\"@id\":\"https:\/\/koningdrone.be\/product\/dji-air-3s-card-dji-care-refresh-2-year-plan\/#breadcrumb\",\"itemListElement\":[{\"@type\":\"ListItem\",\"position\":1,\"name\":\"Home\",\"item\":\"https:\/\/koningdrone.be\/\"},{\"@type\":\"ListItem\",\"position\":2,\"name\":\"AVSS Parachute Recovery System for DJI Matrice 300\/350\",\"item\":\"https:\/\/koningdrone.be\/product\/avss-parachute-recovery-system-for-dji-matrice-300-350\/\"},{\"@type\":\"ListItem\",\"position\":3,\"name\":\"Alle care refresh\",\"item\":\"https:\/\/koningdrone.be\/categorie\/alle-care-refresh\/\"},{\"@type\":\"ListItem\",\"position\":4,\"name\":\"DJI Air 3S &#8211; Card DJI Care Refresh 2-Year Plan\"}]},{\"@type\":\"WebSite\",\"@id\":\"https:\/\/koningdrone.be\/#website\",\"url\":\"https:\/\/koningdrone.be\/\",\"name\":\"Koningdrone.be - Uw online specialist in drones, gimbals, camera's en power stations.\",\"description\":\"De webshop in drones en gimbals\",\"publisher\":{\"@id\":\"https:\/\/koningdrone.be\/#organization\"},\"potentialAction\":[{\"@type\":\"SearchAction\",\"target\":{\"@type\":\"EntryPoint\",\"urlTemplate\":\"https:\/\/koningdrone.be\/?s={search_term_string}\"},\"query-input\":{\"@type\":\"PropertyValueSpecification\",\"valueRequired\":true,\"valueName\":\"search_term_string\"}}],\"inLanguage\":\"es\"},{\"@type\":\"Organization\",\"@id\":\"https:\/\/koningdrone.be\/#organization\",\"name\":\"Koningdrone.be\",\"url\":\"https:\/\/koningdrone.be\/\",\"logo\":{\"@type\":\"ImageObject\",\"inLanguage\":\"es\",\"@id\":\"https:\/\/koningdrone.be\/#\/schema\/logo\/image\/\",\"url\":\"https:\/\/koningdrone.be\/wp-content\/uploads\/sites\/13\/2025\/04\/koningdrone-copyright-logo.svg\",\"contentUrl\":\"https:\/\/koningdrone.be\/wp-content\/uploads\/sites\/13\/2025\/04\/koningdrone-copyright-logo.svg\",\"width\":227,\"height\":38,\"caption\":\"Koningdrone.be\"},\"image\":{\"@id\":\"https:\/\/koningdrone.be\/#\/schema\/logo\/image\/\"}}]}<\/script>\n<!-- \/ Yoast SEO Premium plugin. -->","yoast_head_json":{"title":"DJI Air 3S - Card DJI Care Refresh 2-Year Plan - koningdrone.be","robots":{"index":"index","follow":"follow","max-snippet":"max-snippet:-1","max-image-preview":"max-image-preview:large","max-video-preview":"max-video-preview:-1"},"canonical":"https:\/\/koningdrone.be\/es\/producto\/dji-air-3s-card-dji-care-refresh-2-year-plan\/","og_locale":"es_ES","og_type":"article","og_title":"DJI Air 3S - Card DJI Care Refresh 2-Year Plan","og_description":"4 vervangingen binnen 2 jaar, inclusief 2 Flyaway-dekking  Dekking tegen botsingen, waterschade en crashes  Gratis retour- en vervangingsverzending  Snelle vervangingsservice via offici\u00eble DJI-centers  Perfect voor langdurige en intensieve DJI Air 3S-gebruikers","og_url":"https:\/\/koningdrone.be\/es\/producto\/dji-air-3s-card-dji-care-refresh-2-year-plan\/","og_site_name":"koningdrone.be","article_modified_time":"2026-04-29T02:00:57+00:00","og_image":[{"width":2560,"height":2560,"url":"https:\/\/koningdrone.be\/wp-content\/uploads\/sites\/13\/2026\/04\/DJI-Air-3S-Card-DJI-Care-Refresh.jpg","type":"image\/jpeg"}],"twitter_card":"summary_large_image","twitter_misc":{"Tiempo de lectura":"1 minuto"},"schema":{"@context":"https:\/\/schema.org","@graph":[{"@type":"WebPage","@id":"https:\/\/koningdrone.be\/product\/dji-air-3s-card-dji-care-refresh-2-year-plan\/","url":"https:\/\/koningdrone.be\/product\/dji-air-3s-card-dji-care-refresh-2-year-plan\/","name":"DJI Air 3S - Card DJI Care Refresh 2-Year Plan - koningdrone.be","isPartOf":{"@id":"https:\/\/koningdrone.be\/#website"},"primaryImageOfPage":{"@id":"https:\/\/koningdrone.be\/product\/dji-air-3s-card-dji-care-refresh-2-year-plan\/#primaryimage"},"image":{"@id":"https:\/\/koningdrone.be\/product\/dji-air-3s-card-dji-care-refresh-2-year-plan\/#primaryimage"},"thumbnailUrl":"https:\/\/koningdrone.be\/wp-content\/uploads\/sites\/13\/2026\/04\/DJI-Air-3S-Card-DJI-Care-Refresh.jpg","datePublished":"2024-12-04T11:13:14+00:00","dateModified":"2026-04-29T02:00:57+00:00","breadcrumb":{"@id":"https:\/\/koningdrone.be\/product\/dji-air-3s-card-dji-care-refresh-2-year-plan\/#breadcrumb"},"inLanguage":"es","potentialAction":[{"@type":"ReadAction","target":["https:\/\/koningdrone.be\/product\/dji-air-3s-card-dji-care-refresh-2-year-plan\/"]}]},{"@type":"ImageObject","inLanguage":"es","@id":"https:\/\/koningdrone.be\/product\/dji-air-3s-card-dji-care-refresh-2-year-plan\/#primaryimage","url":"https:\/\/koningdrone.be\/wp-content\/uploads\/sites\/13\/2026\/04\/DJI-Air-3S-Card-DJI-Care-Refresh.jpg","contentUrl":"https:\/\/koningdrone.be\/wp-content\/uploads\/sites\/13\/2026\/04\/DJI-Air-3S-Card-DJI-Care-Refresh.jpg","width":2560,"height":2560},{"@type":"BreadcrumbList","@id":"https:\/\/koningdrone.be\/product\/dji-air-3s-card-dji-care-refresh-2-year-plan\/#breadcrumb","itemListElement":[{"@type":"ListItem","position":1,"name":"Home","item":"https:\/\/koningdrone.be\/"},{"@type":"ListItem","position":2,"name":"AVSS Parachute Recovery System for DJI Matrice 300\/350","item":"https:\/\/koningdrone.be\/product\/avss-parachute-recovery-system-for-dji-matrice-300-350\/"},{"@type":"ListItem","position":3,"name":"Alle care refresh","item":"https:\/\/koningdrone.be\/categorie\/alle-care-refresh\/"},{"@type":"ListItem","position":4,"name":"DJI Air 3S &#8211; Card DJI Care Refresh 2-Year Plan"}]},{"@type":"WebSite","@id":"https:\/\/koningdrone.be\/#website","url":"https:\/\/koningdrone.be\/","name":"Koningdrone.be - Su especialista en l\u00ednea en drones, cardanes, c\u00e1maras y centrales el\u00e9ctricas.","description":"La tienda virtual de drones y cardanes","publisher":{"@id":"https:\/\/koningdrone.be\/#organization"},"potentialAction":[{"@type":"SearchAction","target":{"@type":"EntryPoint","urlTemplate":"https:\/\/koningdrone.be\/?s={search_term_string}"},"query-input":{"@type":"PropertyValueSpecification","valueRequired":true,"valueName":"search_term_string"}}],"inLanguage":"es"},{"@type":"Organization","@id":"https:\/\/koningdrone.be\/#organization","name":"Kingdrone.es","url":"https:\/\/koningdrone.be\/","logo":{"@type":"ImageObject","inLanguage":"es","@id":"https:\/\/koningdrone.be\/#\/schema\/logo\/image\/","url":"https:\/\/koningdrone.be\/wp-content\/uploads\/sites\/13\/2025\/04\/koningdrone-copyright-logo.svg","contentUrl":"https:\/\/koningdrone.be\/wp-content\/uploads\/sites\/13\/2025\/04\/koningdrone-copyright-logo.svg","width":227,"height":38,"caption":"Koningdrone.be"},"image":{"@id":"https:\/\/koningdrone.be\/#\/schema\/logo\/image\/"}}]}},"df_price":178,"df_sale_price":"","df_regular_price":178,"df_image_link":"https:\/\/koningdrone.be\/wp-content\/uploads\/sites\/13\/2026\/04\/DJI-Air-3S-Card-DJI-Care-Refresh-300x300.jpg","_links":{"self":[{"href":"https:\/\/koningdrone.be\/es\/wp-json\/wp\/v2\/product\/1711","targetHints":{"allow":["GET"]}}],"collection":[{"href":"https:\/\/koningdrone.be\/es\/wp-json\/wp\/v2\/product"}],"about":[{"href":"https:\/\/koningdrone.be\/es\/wp-json\/wp\/v2\/types\/product"}],"wp:featuredmedia":[{"embeddable":true,"href":"https:\/\/koningdrone.be\/es\/wp-json\/wp\/v2\/media\/18481"}],"wp:attachment":[{"href":"https:\/\/koningdrone.be\/es\/wp-json\/wp\/v2\/media?parent=1711"}],"wp:term":[{"taxonomy":"product_brand","embeddable":true,"href":"https:\/\/koningdrone.be\/es\/wp-json\/wp\/v2\/product_brand?post=1711"},{"taxonomy":"product_cat","embeddable":true,"href":"https:\/\/koningdrone.be\/es\/wp-json\/wp\/v2\/product_cat?post=1711"},{"taxonomy":"product_tag","embeddable":true,"href":"https:\/\/koningdrone.be\/es\/wp-json\/wp\/v2\/product_tag?post=1711"}],"curies":[{"name":"wp","href":"https:\/\/api.w.org\/{rel}","templated":true}]}}