{"id":1705,"date":"2024-12-04T12:13:14","date_gmt":"2024-12-04T11:13:14","guid":{"rendered":"https:\/\/koningdrone.nl\/kon\/?post_type=product&#038;p=1705"},"modified":"2026-04-29T04:00:56","modified_gmt":"2026-04-29T02:00:56","slug":"dji-air-3s-card-dji-care-refresh-1-year-plan","status":"publish","type":"product","link":"https:\/\/koningdrone.be\/es\/producto\/dji-air-3s-card-dji-care-refresh-1-year-plan\/","title":{"rendered":"DJI Air 3S - Tarjeta DJI Care Refresh Plan de 1 a\u00f1o"},"content":{"rendered":"<h3>DJI Air 3S - Tarjeta DJI Care Refresh Plan de 1 a\u00f1o<\/h3>\n<p>El Plan DJI Care Refresh de 1 a\u00f1o para DJI Air 3S es un completo paquete de servicio y protecci\u00f3n que te permite proteger mejor tu dron DJI de accidentes y da\u00f1os inesperados. Este servicio est\u00e1 especialmente dise\u00f1ado para los usuarios del dron DJI Air 3S que quieren disfrutar de su dispositivo durante mucho tiempo sin preocuparse por el coste en caso de da\u00f1o o p\u00e9rdida. Con este plan, puedes solicitar hasta dos sustituciones en el plazo de un a\u00f1o si algo sale mal durante el uso normal.<\/p>\n<h4>Rendimiento y funcionalidad<\/h4>\n<p>Con el plan Care Refresh, obtienes cobertura por da\u00f1os accidentales como colisi\u00f3n, da\u00f1os por agua y da\u00f1os por ca\u00edda o choque, adem\u00e1s de la opci\u00f3n de un reemplazo por vuelo si no se puede recuperar el dron. Pagas una cantidad reducida por cada sustituci\u00f3n, lo que lo hace mucho m\u00e1s barato que una reparaci\u00f3n o sustituci\u00f3n completa fuera del servicio. El plan utiliza piezas y centros de servicio oficiales de DJI para proporcionar drones de sustituci\u00f3n r\u00e1pidos y fiables, permiti\u00e9ndote volar de nuevo r\u00e1pidamente.<\/p>\n<p><a href=\"https:\/\/koningdrone.nl\/wp-content\/uploads\/2024\/12\/DJI-Air-3S-Card-DJI-Care-Refresh.jpg\"><img loading=\"lazy\" decoding=\"async\" class=\"size-medium wp-image-471943 aligncenter\" src=\"https:\/\/koningdrone.nl\/wp-content\/uploads\/2024\/12\/DJI-Air-3S-Card-DJI-Care-Refresh-300x300.jpg\" alt=\"DJI Air 3S - Card DJI Care Refresh\" width=\"300\" height=\"300\" \/><\/a><\/p>\n<h4>Calidad de construcci\u00f3n y dise\u00f1o<\/h4>\n<p>Disponible digitalmente o como tarjeta de activaci\u00f3n, este plan de servicio viene con un c\u00f3digo de activaci\u00f3n \u00fanico que puedes registrar a trav\u00e9s de la aplicaci\u00f3n DJI Fly o el portal de asistencia de DJI. El producto en s\u00ed no contiene hardware f\u00edsico, excepto el c\u00f3digo de activaci\u00f3n y las instrucciones para la activaci\u00f3n. El servicio es v\u00e1lido en todo el mundo en los centros de servicio DJI.<\/p>\n<h4>Por qu\u00e9 lo necesita<\/h4>\n<p>Si vuelas a menudo o quieres volar en condiciones dif\u00edciles, DJI Care Refresh te ofrece tranquilidad; los costes imprevistos tras accidentes o da\u00f1os pueden ser elevados. Con esta protecci\u00f3n, puedes mantener la tranquilidad y seguir usando tu dron sin estresarte por costosas reparaciones.<\/p>","protected":false},"excerpt":{"rendered":"<ul>\n<li>2 sustituciones de bajo coste en 1 a\u00f1o<\/li>\n<li>Cobertura en caso de colisi\u00f3n, da\u00f1os por agua y vuelco<\/li>\n<li>Devoluci\u00f3n y sustituci\u00f3n gratuitas<\/li>\n<li>Servicio de sustituci\u00f3n r\u00e1pido a trav\u00e9s de los centros oficiales de DJI<\/li>\n<li>Ideal para pilotos de DJI Air 3S que desean seguridad<\/li>\n<\/ul>","protected":false},"featured_media":18481,"template":"","meta":{"_acf_changed":false},"product_brand":[],"product_cat":[175,335],"product_tag":[],"class_list":{"0":"post-1705","1":"product","2":"type-product","3":"status-publish","4":"has-post-thumbnail","6":"product_cat-alle-care-refresh","7":"product_cat-dji-air-3s","8":"product_shipping_class-acsystemsall","9":"pa_brand-dji","10":"pa_producttype-serviceplan","11":"pa_series-air","13":"first","14":"instock","15":"taxable","16":"shipping-taxable","17":"purchasable","18":"product-type-simple"},"acf":[],"yoast_head":"<!-- This site is optimized with the Yoast SEO Premium plugin v27.2 (Yoast SEO v27.2) - https:\/\/yoast.com\/product\/yoast-seo-premium-wordpress\/ -->\n<title>DJI Air 3S - Card DJI Care Refresh 1-Year Plan - koningdrone.be<\/title>\n<meta name=\"robots\" content=\"index, follow, max-snippet:-1, max-image-preview:large, max-video-preview:-1\" \/>\n<link rel=\"canonical\" href=\"https:\/\/koningdrone.be\/es\/producto\/dji-air-3s-card-dji-care-refresh-1-year-plan\/\" \/>\n<meta property=\"og:locale\" content=\"es_ES\" \/>\n<meta property=\"og:type\" content=\"article\" \/>\n<meta property=\"og:title\" content=\"DJI Air 3S - Card DJI Care Refresh 1-Year Plan\" \/>\n<meta property=\"og:description\" content=\"2 lage\u2011kost vervangingen binnen 1 jaar  Dekking tegen botsingen, waterschade en flyaway\u2011scenario\u2019s  Gratis retour\u2011 en vervangingsverzending  Snelle vervangingsservice via offici\u00eble DJI\u2011centers  Ideaal voor DJI Air 3S\u2011piloten die zekerheid willen\" \/>\n<meta property=\"og:url\" content=\"https:\/\/koningdrone.be\/es\/producto\/dji-air-3s-card-dji-care-refresh-1-year-plan\/\" \/>\n<meta property=\"og:site_name\" content=\"koningdrone.be\" \/>\n<meta property=\"article:modified_time\" content=\"2026-04-29T02:00:56+00:00\" \/>\n<meta property=\"og:image\" content=\"https:\/\/koningdrone.be\/wp-content\/uploads\/sites\/13\/2026\/04\/DJI-Air-3S-Card-DJI-Care-Refresh.jpg\" \/>\n\t<meta property=\"og:image:width\" content=\"2560\" \/>\n\t<meta property=\"og:image:height\" content=\"2560\" \/>\n\t<meta property=\"og:image:type\" content=\"image\/jpeg\" \/>\n<meta name=\"twitter:card\" content=\"summary_large_image\" \/>\n<meta name=\"twitter:label1\" content=\"Tiempo de lectura\" \/>\n\t<meta name=\"twitter:data1\" content=\"1 minuto\" \/>\n<script type=\"application\/ld+json\" class=\"yoast-schema-graph\">{\"@context\":\"https:\/\/schema.org\",\"@graph\":[{\"@type\":\"WebPage\",\"@id\":\"https:\/\/koningdrone.be\/product\/dji-air-3s-card-dji-care-refresh-1-year-plan\/\",\"url\":\"https:\/\/koningdrone.be\/product\/dji-air-3s-card-dji-care-refresh-1-year-plan\/\",\"name\":\"DJI Air 3S - Card DJI Care Refresh 1-Year Plan - koningdrone.be\",\"isPartOf\":{\"@id\":\"https:\/\/koningdrone.be\/#website\"},\"primaryImageOfPage\":{\"@id\":\"https:\/\/koningdrone.be\/product\/dji-air-3s-card-dji-care-refresh-1-year-plan\/#primaryimage\"},\"image\":{\"@id\":\"https:\/\/koningdrone.be\/product\/dji-air-3s-card-dji-care-refresh-1-year-plan\/#primaryimage\"},\"thumbnailUrl\":\"https:\/\/koningdrone.be\/wp-content\/uploads\/sites\/13\/2026\/04\/DJI-Air-3S-Card-DJI-Care-Refresh.jpg\",\"datePublished\":\"2024-12-04T11:13:14+00:00\",\"dateModified\":\"2026-04-29T02:00:56+00:00\",\"breadcrumb\":{\"@id\":\"https:\/\/koningdrone.be\/product\/dji-air-3s-card-dji-care-refresh-1-year-plan\/#breadcrumb\"},\"inLanguage\":\"es\",\"potentialAction\":[{\"@type\":\"ReadAction\",\"target\":[\"https:\/\/koningdrone.be\/product\/dji-air-3s-card-dji-care-refresh-1-year-plan\/\"]}]},{\"@type\":\"ImageObject\",\"inLanguage\":\"es\",\"@id\":\"https:\/\/koningdrone.be\/product\/dji-air-3s-card-dji-care-refresh-1-year-plan\/#primaryimage\",\"url\":\"https:\/\/koningdrone.be\/wp-content\/uploads\/sites\/13\/2026\/04\/DJI-Air-3S-Card-DJI-Care-Refresh.jpg\",\"contentUrl\":\"https:\/\/koningdrone.be\/wp-content\/uploads\/sites\/13\/2026\/04\/DJI-Air-3S-Card-DJI-Care-Refresh.jpg\",\"width\":2560,\"height\":2560},{\"@type\":\"BreadcrumbList\",\"@id\":\"https:\/\/koningdrone.be\/product\/dji-air-3s-card-dji-care-refresh-1-year-plan\/#breadcrumb\",\"itemListElement\":[{\"@type\":\"ListItem\",\"position\":1,\"name\":\"Home\",\"item\":\"https:\/\/koningdrone.be\/\"},{\"@type\":\"ListItem\",\"position\":2,\"name\":\"AVSS Parachute Recovery System for DJI Matrice 300\/350\",\"item\":\"https:\/\/koningdrone.be\/product\/avss-parachute-recovery-system-for-dji-matrice-300-350\/\"},{\"@type\":\"ListItem\",\"position\":3,\"name\":\"Alle care refresh\",\"item\":\"https:\/\/koningdrone.be\/categorie\/alle-care-refresh\/\"},{\"@type\":\"ListItem\",\"position\":4,\"name\":\"DJI Air 3S &#8211; Card DJI Care Refresh 1-Year Plan\"}]},{\"@type\":\"WebSite\",\"@id\":\"https:\/\/koningdrone.be\/#website\",\"url\":\"https:\/\/koningdrone.be\/\",\"name\":\"Koningdrone.be - Uw online specialist in drones, gimbals, camera's en power stations.\",\"description\":\"De webshop in drones en gimbals\",\"publisher\":{\"@id\":\"https:\/\/koningdrone.be\/#organization\"},\"potentialAction\":[{\"@type\":\"SearchAction\",\"target\":{\"@type\":\"EntryPoint\",\"urlTemplate\":\"https:\/\/koningdrone.be\/?s={search_term_string}\"},\"query-input\":{\"@type\":\"PropertyValueSpecification\",\"valueRequired\":true,\"valueName\":\"search_term_string\"}}],\"inLanguage\":\"es\"},{\"@type\":\"Organization\",\"@id\":\"https:\/\/koningdrone.be\/#organization\",\"name\":\"Koningdrone.be\",\"url\":\"https:\/\/koningdrone.be\/\",\"logo\":{\"@type\":\"ImageObject\",\"inLanguage\":\"es\",\"@id\":\"https:\/\/koningdrone.be\/#\/schema\/logo\/image\/\",\"url\":\"https:\/\/koningdrone.be\/wp-content\/uploads\/sites\/13\/2025\/04\/koningdrone-copyright-logo.svg\",\"contentUrl\":\"https:\/\/koningdrone.be\/wp-content\/uploads\/sites\/13\/2025\/04\/koningdrone-copyright-logo.svg\",\"width\":227,\"height\":38,\"caption\":\"Koningdrone.be\"},\"image\":{\"@id\":\"https:\/\/koningdrone.be\/#\/schema\/logo\/image\/\"}}]}<\/script>\n<!-- \/ Yoast SEO Premium plugin. -->","yoast_head_json":{"title":"DJI Air 3S - Card DJI Care Refresh 1-Year Plan - koningdrone.be","robots":{"index":"index","follow":"follow","max-snippet":"max-snippet:-1","max-image-preview":"max-image-preview:large","max-video-preview":"max-video-preview:-1"},"canonical":"https:\/\/koningdrone.be\/es\/producto\/dji-air-3s-card-dji-care-refresh-1-year-plan\/","og_locale":"es_ES","og_type":"article","og_title":"DJI Air 3S - Card DJI Care Refresh 1-Year Plan","og_description":"2 lage\u2011kost vervangingen binnen 1 jaar  Dekking tegen botsingen, waterschade en flyaway\u2011scenario\u2019s  Gratis retour\u2011 en vervangingsverzending  Snelle vervangingsservice via offici\u00eble DJI\u2011centers  Ideaal voor DJI Air 3S\u2011piloten die zekerheid willen","og_url":"https:\/\/koningdrone.be\/es\/producto\/dji-air-3s-card-dji-care-refresh-1-year-plan\/","og_site_name":"koningdrone.be","article_modified_time":"2026-04-29T02:00:56+00:00","og_image":[{"width":2560,"height":2560,"url":"https:\/\/koningdrone.be\/wp-content\/uploads\/sites\/13\/2026\/04\/DJI-Air-3S-Card-DJI-Care-Refresh.jpg","type":"image\/jpeg"}],"twitter_card":"summary_large_image","twitter_misc":{"Tiempo de lectura":"1 minuto"},"schema":{"@context":"https:\/\/schema.org","@graph":[{"@type":"WebPage","@id":"https:\/\/koningdrone.be\/product\/dji-air-3s-card-dji-care-refresh-1-year-plan\/","url":"https:\/\/koningdrone.be\/product\/dji-air-3s-card-dji-care-refresh-1-year-plan\/","name":"DJI Air 3S - Card DJI Care Refresh 1-Year Plan - koningdrone.be","isPartOf":{"@id":"https:\/\/koningdrone.be\/#website"},"primaryImageOfPage":{"@id":"https:\/\/koningdrone.be\/product\/dji-air-3s-card-dji-care-refresh-1-year-plan\/#primaryimage"},"image":{"@id":"https:\/\/koningdrone.be\/product\/dji-air-3s-card-dji-care-refresh-1-year-plan\/#primaryimage"},"thumbnailUrl":"https:\/\/koningdrone.be\/wp-content\/uploads\/sites\/13\/2026\/04\/DJI-Air-3S-Card-DJI-Care-Refresh.jpg","datePublished":"2024-12-04T11:13:14+00:00","dateModified":"2026-04-29T02:00:56+00:00","breadcrumb":{"@id":"https:\/\/koningdrone.be\/product\/dji-air-3s-card-dji-care-refresh-1-year-plan\/#breadcrumb"},"inLanguage":"es","potentialAction":[{"@type":"ReadAction","target":["https:\/\/koningdrone.be\/product\/dji-air-3s-card-dji-care-refresh-1-year-plan\/"]}]},{"@type":"ImageObject","inLanguage":"es","@id":"https:\/\/koningdrone.be\/product\/dji-air-3s-card-dji-care-refresh-1-year-plan\/#primaryimage","url":"https:\/\/koningdrone.be\/wp-content\/uploads\/sites\/13\/2026\/04\/DJI-Air-3S-Card-DJI-Care-Refresh.jpg","contentUrl":"https:\/\/koningdrone.be\/wp-content\/uploads\/sites\/13\/2026\/04\/DJI-Air-3S-Card-DJI-Care-Refresh.jpg","width":2560,"height":2560},{"@type":"BreadcrumbList","@id":"https:\/\/koningdrone.be\/product\/dji-air-3s-card-dji-care-refresh-1-year-plan\/#breadcrumb","itemListElement":[{"@type":"ListItem","position":1,"name":"Home","item":"https:\/\/koningdrone.be\/"},{"@type":"ListItem","position":2,"name":"AVSS Parachute Recovery System for DJI Matrice 300\/350","item":"https:\/\/koningdrone.be\/product\/avss-parachute-recovery-system-for-dji-matrice-300-350\/"},{"@type":"ListItem","position":3,"name":"Alle care refresh","item":"https:\/\/koningdrone.be\/categorie\/alle-care-refresh\/"},{"@type":"ListItem","position":4,"name":"DJI Air 3S &#8211; Card DJI Care Refresh 1-Year Plan"}]},{"@type":"WebSite","@id":"https:\/\/koningdrone.be\/#website","url":"https:\/\/koningdrone.be\/","name":"Koningdrone.be - Su especialista en l\u00ednea en drones, cardanes, c\u00e1maras y centrales el\u00e9ctricas.","description":"La tienda virtual de drones y cardanes","publisher":{"@id":"https:\/\/koningdrone.be\/#organization"},"potentialAction":[{"@type":"SearchAction","target":{"@type":"EntryPoint","urlTemplate":"https:\/\/koningdrone.be\/?s={search_term_string}"},"query-input":{"@type":"PropertyValueSpecification","valueRequired":true,"valueName":"search_term_string"}}],"inLanguage":"es"},{"@type":"Organization","@id":"https:\/\/koningdrone.be\/#organization","name":"Kingdrone.es","url":"https:\/\/koningdrone.be\/","logo":{"@type":"ImageObject","inLanguage":"es","@id":"https:\/\/koningdrone.be\/#\/schema\/logo\/image\/","url":"https:\/\/koningdrone.be\/wp-content\/uploads\/sites\/13\/2025\/04\/koningdrone-copyright-logo.svg","contentUrl":"https:\/\/koningdrone.be\/wp-content\/uploads\/sites\/13\/2025\/04\/koningdrone-copyright-logo.svg","width":227,"height":38,"caption":"Koningdrone.be"},"image":{"@id":"https:\/\/koningdrone.be\/#\/schema\/logo\/image\/"}}]}},"df_price":107,"df_sale_price":"","df_regular_price":107,"df_image_link":"https:\/\/koningdrone.be\/wp-content\/uploads\/sites\/13\/2026\/04\/DJI-Air-3S-Card-DJI-Care-Refresh-300x300.jpg","_links":{"self":[{"href":"https:\/\/koningdrone.be\/es\/wp-json\/wp\/v2\/product\/1705","targetHints":{"allow":["GET"]}}],"collection":[{"href":"https:\/\/koningdrone.be\/es\/wp-json\/wp\/v2\/product"}],"about":[{"href":"https:\/\/koningdrone.be\/es\/wp-json\/wp\/v2\/types\/product"}],"wp:featuredmedia":[{"embeddable":true,"href":"https:\/\/koningdrone.be\/es\/wp-json\/wp\/v2\/media\/18481"}],"wp:attachment":[{"href":"https:\/\/koningdrone.be\/es\/wp-json\/wp\/v2\/media?parent=1705"}],"wp:term":[{"taxonomy":"product_brand","embeddable":true,"href":"https:\/\/koningdrone.be\/es\/wp-json\/wp\/v2\/product_brand?post=1705"},{"taxonomy":"product_cat","embeddable":true,"href":"https:\/\/koningdrone.be\/es\/wp-json\/wp\/v2\/product_cat?post=1705"},{"taxonomy":"product_tag","embeddable":true,"href":"https:\/\/koningdrone.be\/es\/wp-json\/wp\/v2\/product_tag?post=1705"}],"curies":[{"name":"wp","href":"https:\/\/api.w.org\/{rel}","templated":true}]}}