{"id":16982,"date":"2025-07-03T10:01:01","date_gmt":"2025-07-03T08:01:01","guid":{"rendered":"https:\/\/koningdrone.be\/product\/dji-care-enterprise-plus-dji-matrice-4d-eu\/"},"modified":"2026-04-29T03:41:06","modified_gmt":"2026-04-29T01:41:06","slug":"dji-care-enterprise-plus-dji-matrice-4d-eu","status":"publish","type":"product","link":"https:\/\/koningdrone.be\/es\/producto\/dji-care-enterprise-plus-dji-matrice-4d-eu\/","title":{"rendered":"DJI Care Enterprise Plus (DJI Matrice 4D) EU"},"content":{"rendered":"<p>DJI Care Enterprise Plus para la DJI Matrice 4D es un s\u00f3lido plan de protecci\u00f3n dise\u00f1ado para cineastas y directores de fotograf\u00eda profesionales. Ofrece tranquilidad con servicios ilimitados de reparaci\u00f3n o sustituci\u00f3n dentro del l\u00edmite de cobertura, incluso para da\u00f1os accidentales causados por ca\u00eddas, golpes o exposici\u00f3n al agua. El plan incluye una sustituci\u00f3n gratuita por a\u00f1o, para que tu flujo de trabajo creativo no se vea interrumpido por incidentes inesperados. Con un servicio prioritario y reclamaciones de da\u00f1os sin complicaciones, podr\u00e1s centrarte en tus tomas sin preocuparte por el tiempo de inactividad. El paquete est\u00e1 hecho a medida para equipos de gama alta utilizados en entornos de producci\u00f3n exigentes. La cobertura abarca toda la regi\u00f3n de la UE e incluye el env\u00edo gratuito de todas las incidencias de servicio.<\/p>","protected":false},"excerpt":{"rendered":"<ul>\n<li>Especialmente para cineastas que utilizan la DJI Matrice 4D.<\/li>\n<li>Protecci\u00f3n total contra da\u00f1os accidentales, incluidos el agua y los impactos.<\/li>\n<li>Se incluye una sustituci\u00f3n por a\u00f1o.<\/li>\n<li>Reclamaciones de reparaci\u00f3n ilimitadas dentro del valor de cobertura.<\/li>\n<li>Proceso de reclamaci\u00f3n en l\u00ednea r\u00e1pido y sencillo.<\/li>\n<li>Env\u00edo bidireccional gratuito para todos los servicios que cumplan los requisitos.<\/li>\n<\/ul>","protected":false},"featured_media":14808,"template":"","meta":{"_acf_changed":false},"product_brand":[],"product_cat":[1732],"product_tag":[],"class_list":{"0":"post-16982","1":"product","2":"type-product","3":"status-publish","4":"has-post-thumbnail","6":"product_cat-dji-matrice-4d","7":"product_shipping_class-uavspacesall","8":"pa_brand-dji","9":"pa_producttype-dienstenplan","11":"first","12":"instock","13":"taxable","14":"shipping-taxable","15":"purchasable","16":"product-type-simple"},"acf":[],"yoast_head":"<!-- This site is optimized with the Yoast SEO Premium plugin v27.2 (Yoast SEO v27.2) - https:\/\/yoast.com\/product\/yoast-seo-premium-wordpress\/ -->\n<title>DJI Care Enterprise Plus (DJI Matrice 4D) EU - koningdrone.be<\/title>\n<meta name=\"robots\" content=\"index, follow, max-snippet:-1, max-image-preview:large, max-video-preview:-1\" \/>\n<link rel=\"canonical\" href=\"https:\/\/koningdrone.be\/es\/producto\/dji-care-enterprise-plus-dji-matrice-4d-eu\/\" \/>\n<meta property=\"og:locale\" content=\"es_ES\" \/>\n<meta property=\"og:type\" content=\"article\" \/>\n<meta property=\"og:title\" content=\"DJI Care Enterprise Plus (DJI Matrice 4D) EU\" \/>\n<meta property=\"og:description\" content=\"Speciaal voor filmmakers die de DJI Matrice 4D gebruiken.  Volledige bescherming tegen schade door ongelukken, inclusief water en stoten.  E\u00e9n wegvliegvervanging per jaar inbegrepen.  Onbeperkte reparatieclaims binnen de dekkingswaarde.  Snel en eenvoudig online claimproces.  Gratis verzending in twee richtingen voor alle in aanmerking komende diensten.\" \/>\n<meta property=\"og:url\" content=\"https:\/\/koningdrone.be\/es\/producto\/dji-care-enterprise-plus-dji-matrice-4d-eu\/\" \/>\n<meta property=\"og:site_name\" content=\"koningdrone.be\" \/>\n<meta property=\"article:modified_time\" content=\"2026-04-29T01:41:06+00:00\" \/>\n<meta name=\"twitter:card\" content=\"summary_large_image\" \/>\n<meta name=\"twitter:label1\" content=\"Tiempo de lectura\" \/>\n\t<meta name=\"twitter:data1\" content=\"1 minuto\" \/>\n<script type=\"application\/ld+json\" class=\"yoast-schema-graph\">{\"@context\":\"https:\/\/schema.org\",\"@graph\":[{\"@type\":\"WebPage\",\"@id\":\"https:\/\/koningdrone.be\/product\/dji-care-enterprise-plus-dji-matrice-4d-eu\/\",\"url\":\"https:\/\/koningdrone.be\/product\/dji-care-enterprise-plus-dji-matrice-4d-eu\/\",\"name\":\"DJI Care Enterprise Plus (DJI Matrice 4D) EU - koningdrone.be\",\"isPartOf\":{\"@id\":\"https:\/\/koningdrone.be\/#website\"},\"primaryImageOfPage\":{\"@id\":\"https:\/\/koningdrone.be\/product\/dji-care-enterprise-plus-dji-matrice-4d-eu\/#primaryimage\"},\"image\":{\"@id\":\"https:\/\/koningdrone.be\/product\/dji-care-enterprise-plus-dji-matrice-4d-eu\/#primaryimage\"},\"thumbnailUrl\":\"\",\"datePublished\":\"2025-07-03T08:01:01+00:00\",\"dateModified\":\"2026-04-29T01:41:06+00:00\",\"breadcrumb\":{\"@id\":\"https:\/\/koningdrone.be\/product\/dji-care-enterprise-plus-dji-matrice-4d-eu\/#breadcrumb\"},\"inLanguage\":\"es\",\"potentialAction\":[{\"@type\":\"ReadAction\",\"target\":[\"https:\/\/koningdrone.be\/product\/dji-care-enterprise-plus-dji-matrice-4d-eu\/\"]}]},{\"@type\":\"ImageObject\",\"inLanguage\":\"es\",\"@id\":\"https:\/\/koningdrone.be\/product\/dji-care-enterprise-plus-dji-matrice-4d-eu\/#primaryimage\",\"url\":\"\",\"contentUrl\":\"\",\"width\":2560,\"height\":1707},{\"@type\":\"BreadcrumbList\",\"@id\":\"https:\/\/koningdrone.be\/product\/dji-care-enterprise-plus-dji-matrice-4d-eu\/#breadcrumb\",\"itemListElement\":[{\"@type\":\"ListItem\",\"position\":1,\"name\":\"Home\",\"item\":\"https:\/\/koningdrone.be\/\"},{\"@type\":\"ListItem\",\"position\":2,\"name\":\"AVSS Parachute Recovery System for DJI Matrice 300\/350\",\"item\":\"https:\/\/koningdrone.be\/product\/avss-parachute-recovery-system-for-dji-matrice-300-350\/\"},{\"@type\":\"ListItem\",\"position\":3,\"name\":\"DJI Matrice 4D\",\"item\":\"https:\/\/koningdrone.be\/categorie\/dji-matrice-4d\/\"},{\"@type\":\"ListItem\",\"position\":4,\"name\":\"DJI Care Enterprise Plus (DJI Matrice 4D) EU\"}]},{\"@type\":\"WebSite\",\"@id\":\"https:\/\/koningdrone.be\/#website\",\"url\":\"https:\/\/koningdrone.be\/\",\"name\":\"Koningdrone.be - Uw online specialist in drones, gimbals, camera's en power stations.\",\"description\":\"De webshop in drones en gimbals\",\"publisher\":{\"@id\":\"https:\/\/koningdrone.be\/#organization\"},\"potentialAction\":[{\"@type\":\"SearchAction\",\"target\":{\"@type\":\"EntryPoint\",\"urlTemplate\":\"https:\/\/koningdrone.be\/?s={search_term_string}\"},\"query-input\":{\"@type\":\"PropertyValueSpecification\",\"valueRequired\":true,\"valueName\":\"search_term_string\"}}],\"inLanguage\":\"es\"},{\"@type\":\"Organization\",\"@id\":\"https:\/\/koningdrone.be\/#organization\",\"name\":\"Koningdrone.be\",\"url\":\"https:\/\/koningdrone.be\/\",\"logo\":{\"@type\":\"ImageObject\",\"inLanguage\":\"es\",\"@id\":\"https:\/\/koningdrone.be\/#\/schema\/logo\/image\/\",\"url\":\"https:\/\/koningdrone.be\/wp-content\/uploads\/sites\/13\/2025\/04\/koningdrone-copyright-logo.svg\",\"contentUrl\":\"https:\/\/koningdrone.be\/wp-content\/uploads\/sites\/13\/2025\/04\/koningdrone-copyright-logo.svg\",\"width\":227,\"height\":38,\"caption\":\"Koningdrone.be\"},\"image\":{\"@id\":\"https:\/\/koningdrone.be\/#\/schema\/logo\/image\/\"}}]}<\/script>\n<!-- \/ Yoast SEO Premium plugin. -->","yoast_head_json":{"title":"DJI Care Enterprise Plus (DJI Matrice 4D) EU - koningdrone.be","robots":{"index":"index","follow":"follow","max-snippet":"max-snippet:-1","max-image-preview":"max-image-preview:large","max-video-preview":"max-video-preview:-1"},"canonical":"https:\/\/koningdrone.be\/es\/producto\/dji-care-enterprise-plus-dji-matrice-4d-eu\/","og_locale":"es_ES","og_type":"article","og_title":"DJI Care Enterprise Plus (DJI Matrice 4D) EU","og_description":"Speciaal voor filmmakers die de DJI Matrice 4D gebruiken.  Volledige bescherming tegen schade door ongelukken, inclusief water en stoten.  E\u00e9n wegvliegvervanging per jaar inbegrepen.  Onbeperkte reparatieclaims binnen de dekkingswaarde.  Snel en eenvoudig online claimproces.  Gratis verzending in twee richtingen voor alle in aanmerking komende diensten.","og_url":"https:\/\/koningdrone.be\/es\/producto\/dji-care-enterprise-plus-dji-matrice-4d-eu\/","og_site_name":"koningdrone.be","article_modified_time":"2026-04-29T01:41:06+00:00","twitter_card":"summary_large_image","twitter_misc":{"Tiempo de lectura":"1 minuto"},"schema":{"@context":"https:\/\/schema.org","@graph":[{"@type":"WebPage","@id":"https:\/\/koningdrone.be\/product\/dji-care-enterprise-plus-dji-matrice-4d-eu\/","url":"https:\/\/koningdrone.be\/product\/dji-care-enterprise-plus-dji-matrice-4d-eu\/","name":"DJI Care Enterprise Plus (DJI Matrice 4D) EU - koningdrone.be","isPartOf":{"@id":"https:\/\/koningdrone.be\/#website"},"primaryImageOfPage":{"@id":"https:\/\/koningdrone.be\/product\/dji-care-enterprise-plus-dji-matrice-4d-eu\/#primaryimage"},"image":{"@id":"https:\/\/koningdrone.be\/product\/dji-care-enterprise-plus-dji-matrice-4d-eu\/#primaryimage"},"thumbnailUrl":"","datePublished":"2025-07-03T08:01:01+00:00","dateModified":"2026-04-29T01:41:06+00:00","breadcrumb":{"@id":"https:\/\/koningdrone.be\/product\/dji-care-enterprise-plus-dji-matrice-4d-eu\/#breadcrumb"},"inLanguage":"es","potentialAction":[{"@type":"ReadAction","target":["https:\/\/koningdrone.be\/product\/dji-care-enterprise-plus-dji-matrice-4d-eu\/"]}]},{"@type":"ImageObject","inLanguage":"es","@id":"https:\/\/koningdrone.be\/product\/dji-care-enterprise-plus-dji-matrice-4d-eu\/#primaryimage","url":"","contentUrl":"","width":2560,"height":1707},{"@type":"BreadcrumbList","@id":"https:\/\/koningdrone.be\/product\/dji-care-enterprise-plus-dji-matrice-4d-eu\/#breadcrumb","itemListElement":[{"@type":"ListItem","position":1,"name":"Home","item":"https:\/\/koningdrone.be\/"},{"@type":"ListItem","position":2,"name":"AVSS Parachute Recovery System for DJI Matrice 300\/350","item":"https:\/\/koningdrone.be\/product\/avss-parachute-recovery-system-for-dji-matrice-300-350\/"},{"@type":"ListItem","position":3,"name":"DJI Matrice 4D","item":"https:\/\/koningdrone.be\/categorie\/dji-matrice-4d\/"},{"@type":"ListItem","position":4,"name":"DJI Care Enterprise Plus (DJI Matrice 4D) EU"}]},{"@type":"WebSite","@id":"https:\/\/koningdrone.be\/#website","url":"https:\/\/koningdrone.be\/","name":"Koningdrone.be - Su especialista en l\u00ednea en drones, cardanes, c\u00e1maras y centrales el\u00e9ctricas.","description":"La tienda virtual de drones y cardanes","publisher":{"@id":"https:\/\/koningdrone.be\/#organization"},"potentialAction":[{"@type":"SearchAction","target":{"@type":"EntryPoint","urlTemplate":"https:\/\/koningdrone.be\/?s={search_term_string}"},"query-input":{"@type":"PropertyValueSpecification","valueRequired":true,"valueName":"search_term_string"}}],"inLanguage":"es"},{"@type":"Organization","@id":"https:\/\/koningdrone.be\/#organization","name":"Kingdrone.es","url":"https:\/\/koningdrone.be\/","logo":{"@type":"ImageObject","inLanguage":"es","@id":"https:\/\/koningdrone.be\/#\/schema\/logo\/image\/","url":"https:\/\/koningdrone.be\/wp-content\/uploads\/sites\/13\/2025\/04\/koningdrone-copyright-logo.svg","contentUrl":"https:\/\/koningdrone.be\/wp-content\/uploads\/sites\/13\/2025\/04\/koningdrone-copyright-logo.svg","width":227,"height":38,"caption":"Koningdrone.be"},"image":{"@id":"https:\/\/koningdrone.be\/#\/schema\/logo\/image\/"}}]}},"df_price":650,"df_sale_price":"","df_regular_price":650,"df_image_link":"https:\/\/koningdrone.be\/wp-content\/uploads\/sites\/13\/woocommerce-placeholder-300x300.png","_links":{"self":[{"href":"https:\/\/koningdrone.be\/es\/wp-json\/wp\/v2\/product\/16982","targetHints":{"allow":["GET"]}}],"collection":[{"href":"https:\/\/koningdrone.be\/es\/wp-json\/wp\/v2\/product"}],"about":[{"href":"https:\/\/koningdrone.be\/es\/wp-json\/wp\/v2\/types\/product"}],"wp:featuredmedia":[{"embeddable":true,"href":"https:\/\/koningdrone.be\/es\/wp-json\/"}],"wp:attachment":[{"href":"https:\/\/koningdrone.be\/es\/wp-json\/wp\/v2\/media?parent=16982"}],"wp:term":[{"taxonomy":"product_brand","embeddable":true,"href":"https:\/\/koningdrone.be\/es\/wp-json\/wp\/v2\/product_brand?post=16982"},{"taxonomy":"product_cat","embeddable":true,"href":"https:\/\/koningdrone.be\/es\/wp-json\/wp\/v2\/product_cat?post=16982"},{"taxonomy":"product_tag","embeddable":true,"href":"https:\/\/koningdrone.be\/es\/wp-json\/wp\/v2\/product_tag?post=16982"}],"curies":[{"name":"wp","href":"https:\/\/api.w.org\/{rel}","templated":true}]}}