{"id":16827,"date":"2026-03-11T14:50:49","date_gmt":"2026-03-11T13:50:49","guid":{"rendered":"https:\/\/koningdrone.be\/?post_type=product&#038;p=16827"},"modified":"2026-05-02T14:50:02","modified_gmt":"2026-05-02T12:50:02","slug":"dji-neo-2-propellers","status":"publish","type":"product","link":"https:\/\/koningdrone.be\/es\/producto\/dji-neo-2-propellers\/","title":{"rendered":"H\u00e9lices DJI Neo 2"},"content":{"rendered":"<h3>H\u00e9lices DJI Neo 2<\/h3>\n<p>En <strong>H\u00e9lices DJI Neo 2<\/strong> son h\u00e9lices oficiales reemplazables dise\u00f1adas espec\u00edficamente para el dron DJI Neo 2. Estas h\u00e9lices garantizan una elevaci\u00f3n \u00f3ptima, un comportamiento de vuelo estable y una aerodin\u00e1mica eficiente durante cada vuelo. Tanto si quieres sustituir h\u00e9lices da\u00f1adas por el uso normal como si simplemente quieres h\u00e9lices de repuesto, estas h\u00e9lices originales de DJI garantizan un ajuste perfecto y un rendimiento fiable.<\/p>\n<p style=\"text-align: center\"><a href=\"https:\/\/koningdrone.nl\/wp-content\/uploads\/2026\/03\/DJI-Neo-2-Propellers.webp\"><img loading=\"lazy\" decoding=\"async\" class=\"alignnone size-medium wp-image-466543\" src=\"https:\/\/koningdrone.nl\/wp-content\/uploads\/2026\/03\/DJI-Neo-2-Propellers-300x300.webp\" alt=\"DJI Neo 2 Propellers\" width=\"300\" height=\"300\" \/><\/a><\/p>\n<h3>Rendimiento y funcionalidad<\/h3>\n<p>Las h\u00e9lices Neo 2 est\u00e1n equilibradas para reducir las vibraciones y favorecer un vuelo suave. Esto significa que tu dron es m\u00e1s estable y reactivo, lo que se traduce en v\u00eddeos m\u00e1s n\u00edtidos y m\u00e1s control durante las maniobras. Gracias a su construcci\u00f3n de alta calidad, duran mucho tiempo y siguen ofreciendo un rendimiento constante durante muchos vuelos.<\/p>\n<h3>Calidad de construcci\u00f3n y dise\u00f1o<\/h3>\n<p>Estas h\u00e9lices est\u00e1n fabricadas con materiales ligeros pero duraderos, capaces de soportar las fuerzas que se producen durante el vuelo. El dise\u00f1o est\u00e1 optimizado para maximizar la eficiencia sin a\u00f1adir peso innecesario, lo que contribuye a prolongar la duraci\u00f3n del vuelo y a obtener un rendimiento fiable.<\/p>\n<p style=\"text-align: center\"><a href=\"https:\/\/koningdrone.nl\/wp-content\/uploads\/2026\/03\/Neo-2-Propellers.webp\"><img loading=\"lazy\" decoding=\"async\" class=\"alignnone size-medium wp-image-466541\" src=\"https:\/\/koningdrone.nl\/wp-content\/uploads\/2026\/03\/Neo-2-Propellers-300x300.webp\" alt=\"Neo 2 Propellers\" width=\"300\" height=\"300\" \/><\/a><\/p>\n<h4>Por qu\u00e9 lo necesita<\/h4>\n<p>Tanto si se te ha da\u00f1ado una h\u00e9lice como si quieres piezas de repuesto adicionales para tu equipo, estas h\u00e9lices oficiales DJI Neo 2 son esenciales para mantener tu dron en buen estado y garantizar vuelos seguros. Las piezas originales ayudan a mantener un rendimiento constante y una seguridad de vuelo \u00f3ptima.<\/p>","protected":false},"excerpt":{"rendered":"<ul>\n<li>H\u00e9lices oficiales de DJI dise\u00f1adas para un rendimiento y estabilidad \u00f3ptimos.<\/li>\n<li>Los materiales de alta calidad reducen las vibraciones y garantizan un vuelo suave.<\/li>\n<li>Imprescindible para sustituir cuchillas desgastadas, da\u00f1adas o dobladas.<\/li>\n<li>Contribuye a una elevaci\u00f3n eficaz y un consumo de energ\u00eda estable.<\/li>\n<li>F\u00e1cil de instalar, para que pueda volver a volar r\u00e1pidamente.<\/li>\n<\/ul>","protected":false},"featured_media":16825,"template":"","meta":{"_acf_changed":false},"product_brand":[],"product_cat":[1722],"product_tag":[],"class_list":{"0":"post-16827","1":"product","2":"type-product","3":"status-publish","4":"has-post-thumbnail","6":"product_cat-dji-neo-2","7":"product_shipping_class-outofstock","8":"pa_brand-dji","9":"pa_productfamily-neo-2","10":"pa_producttype-propeller","11":"pa_series-neo","13":"first","14":"outofstock","15":"taxable","16":"shipping-taxable","17":"purchasable","18":"product-type-simple"},"acf":[],"yoast_head":"<!-- This site is optimized with the Yoast SEO Premium plugin v27.2 (Yoast SEO v27.2) - https:\/\/yoast.com\/product\/yoast-seo-premium-wordpress\/ -->\n<title>DJI Neo 2 Propellers - koningdrone.be<\/title>\n<meta name=\"robots\" content=\"index, follow, max-snippet:-1, max-image-preview:large, max-video-preview:-1\" \/>\n<link rel=\"canonical\" href=\"https:\/\/koningdrone.be\/es\/producto\/dji-neo-2-propellers\/\" \/>\n<meta property=\"og:locale\" content=\"es_ES\" \/>\n<meta property=\"og:type\" content=\"article\" \/>\n<meta property=\"og:title\" content=\"DJI Neo 2 Propellers\" \/>\n<meta property=\"og:description\" content=\"Offici\u00eble DJI-propellers ontworpen voor optimale prestaties en stabiliteit.  Hoogwaardige materialen verminderen trillingen en zorgen voor een soepele vlucht.  Essentieel voor het vervangen van versleten, beschadigde of verbogen bladen.  Draagt bij aan een effici\u00ebnte lift en een stabiel stroomverbruik.  Eenvoudig te installeren, zodat u snel weer de lucht in kunt.\" \/>\n<meta property=\"og:url\" content=\"https:\/\/koningdrone.be\/es\/producto\/dji-neo-2-propellers\/\" \/>\n<meta property=\"og:site_name\" content=\"koningdrone.be\" \/>\n<meta property=\"article:modified_time\" content=\"2026-05-02T12:50:02+00:00\" \/>\n<meta property=\"og:image\" content=\"https:\/\/koningdrone.be\/wp-content\/uploads\/sites\/13\/2026\/03\/DJI-Neo-2-Propellers.webp\" \/>\n\t<meta property=\"og:image:width\" content=\"2048\" \/>\n\t<meta property=\"og:image:height\" content=\"2048\" \/>\n\t<meta property=\"og:image:type\" content=\"image\/webp\" \/>\n<meta name=\"twitter:card\" content=\"summary_large_image\" \/>\n<meta name=\"twitter:label1\" content=\"Tiempo de lectura\" \/>\n\t<meta name=\"twitter:data1\" content=\"1 minuto\" \/>\n<script type=\"application\/ld+json\" class=\"yoast-schema-graph\">{\"@context\":\"https:\/\/schema.org\",\"@graph\":[{\"@type\":\"WebPage\",\"@id\":\"https:\/\/koningdrone.be\/product\/dji-neo-2-propellers\/\",\"url\":\"https:\/\/koningdrone.be\/product\/dji-neo-2-propellers\/\",\"name\":\"DJI Neo 2 Propellers - koningdrone.be\",\"isPartOf\":{\"@id\":\"https:\/\/koningdrone.be\/#website\"},\"primaryImageOfPage\":{\"@id\":\"https:\/\/koningdrone.be\/product\/dji-neo-2-propellers\/#primaryimage\"},\"image\":{\"@id\":\"https:\/\/koningdrone.be\/product\/dji-neo-2-propellers\/#primaryimage\"},\"thumbnailUrl\":\"https:\/\/koningdrone.be\/wp-content\/uploads\/sites\/13\/2026\/03\/DJI-Neo-2-Propellers.webp\",\"datePublished\":\"2026-03-11T13:50:49+00:00\",\"dateModified\":\"2026-05-02T12:50:02+00:00\",\"breadcrumb\":{\"@id\":\"https:\/\/koningdrone.be\/product\/dji-neo-2-propellers\/#breadcrumb\"},\"inLanguage\":\"es\",\"potentialAction\":[{\"@type\":\"ReadAction\",\"target\":[\"https:\/\/koningdrone.be\/product\/dji-neo-2-propellers\/\"]}]},{\"@type\":\"ImageObject\",\"inLanguage\":\"es\",\"@id\":\"https:\/\/koningdrone.be\/product\/dji-neo-2-propellers\/#primaryimage\",\"url\":\"https:\/\/koningdrone.be\/wp-content\/uploads\/sites\/13\/2026\/03\/DJI-Neo-2-Propellers.webp\",\"contentUrl\":\"https:\/\/koningdrone.be\/wp-content\/uploads\/sites\/13\/2026\/03\/DJI-Neo-2-Propellers.webp\",\"width\":2048,\"height\":2048},{\"@type\":\"BreadcrumbList\",\"@id\":\"https:\/\/koningdrone.be\/product\/dji-neo-2-propellers\/#breadcrumb\",\"itemListElement\":[{\"@type\":\"ListItem\",\"position\":1,\"name\":\"Home\",\"item\":\"https:\/\/koningdrone.be\/\"},{\"@type\":\"ListItem\",\"position\":2,\"name\":\"AVSS Parachute Recovery System for DJI Matrice 300\/350\",\"item\":\"https:\/\/koningdrone.be\/product\/avss-parachute-recovery-system-for-dji-matrice-300-350\/\"},{\"@type\":\"ListItem\",\"position\":3,\"name\":\"DJI Neo 2\",\"item\":\"https:\/\/koningdrone.be\/categorie\/dji-neo-2\/\"},{\"@type\":\"ListItem\",\"position\":4,\"name\":\"DJI Neo 2 Propellers\"}]},{\"@type\":\"WebSite\",\"@id\":\"https:\/\/koningdrone.be\/#website\",\"url\":\"https:\/\/koningdrone.be\/\",\"name\":\"Koningdrone.be - Uw online specialist in drones, gimbals, camera's en power stations.\",\"description\":\"De webshop in drones en gimbals\",\"publisher\":{\"@id\":\"https:\/\/koningdrone.be\/#organization\"},\"potentialAction\":[{\"@type\":\"SearchAction\",\"target\":{\"@type\":\"EntryPoint\",\"urlTemplate\":\"https:\/\/koningdrone.be\/?s={search_term_string}\"},\"query-input\":{\"@type\":\"PropertyValueSpecification\",\"valueRequired\":true,\"valueName\":\"search_term_string\"}}],\"inLanguage\":\"es\"},{\"@type\":\"Organization\",\"@id\":\"https:\/\/koningdrone.be\/#organization\",\"name\":\"Koningdrone.be\",\"url\":\"https:\/\/koningdrone.be\/\",\"logo\":{\"@type\":\"ImageObject\",\"inLanguage\":\"es\",\"@id\":\"https:\/\/koningdrone.be\/#\/schema\/logo\/image\/\",\"url\":\"https:\/\/koningdrone.be\/wp-content\/uploads\/sites\/13\/2025\/04\/koningdrone-copyright-logo.svg\",\"contentUrl\":\"https:\/\/koningdrone.be\/wp-content\/uploads\/sites\/13\/2025\/04\/koningdrone-copyright-logo.svg\",\"width\":227,\"height\":38,\"caption\":\"Koningdrone.be\"},\"image\":{\"@id\":\"https:\/\/koningdrone.be\/#\/schema\/logo\/image\/\"}}]}<\/script>\n<!-- \/ Yoast SEO Premium plugin. -->","yoast_head_json":{"title":"DJI Neo 2 Propellers - koningdrone.be","robots":{"index":"index","follow":"follow","max-snippet":"max-snippet:-1","max-image-preview":"max-image-preview:large","max-video-preview":"max-video-preview:-1"},"canonical":"https:\/\/koningdrone.be\/es\/producto\/dji-neo-2-propellers\/","og_locale":"es_ES","og_type":"article","og_title":"DJI Neo 2 Propellers","og_description":"Offici\u00eble DJI-propellers ontworpen voor optimale prestaties en stabiliteit.  Hoogwaardige materialen verminderen trillingen en zorgen voor een soepele vlucht.  Essentieel voor het vervangen van versleten, beschadigde of verbogen bladen.  Draagt bij aan een effici\u00ebnte lift en een stabiel stroomverbruik.  Eenvoudig te installeren, zodat u snel weer de lucht in kunt.","og_url":"https:\/\/koningdrone.be\/es\/producto\/dji-neo-2-propellers\/","og_site_name":"koningdrone.be","article_modified_time":"2026-05-02T12:50:02+00:00","og_image":[{"width":2048,"height":2048,"url":"https:\/\/koningdrone.be\/wp-content\/uploads\/sites\/13\/2026\/03\/DJI-Neo-2-Propellers.webp","type":"image\/webp"}],"twitter_card":"summary_large_image","twitter_misc":{"Tiempo de lectura":"1 minuto"},"schema":{"@context":"https:\/\/schema.org","@graph":[{"@type":"WebPage","@id":"https:\/\/koningdrone.be\/product\/dji-neo-2-propellers\/","url":"https:\/\/koningdrone.be\/product\/dji-neo-2-propellers\/","name":"DJI Neo 2 Propellers - koningdrone.be","isPartOf":{"@id":"https:\/\/koningdrone.be\/#website"},"primaryImageOfPage":{"@id":"https:\/\/koningdrone.be\/product\/dji-neo-2-propellers\/#primaryimage"},"image":{"@id":"https:\/\/koningdrone.be\/product\/dji-neo-2-propellers\/#primaryimage"},"thumbnailUrl":"https:\/\/koningdrone.be\/wp-content\/uploads\/sites\/13\/2026\/03\/DJI-Neo-2-Propellers.webp","datePublished":"2026-03-11T13:50:49+00:00","dateModified":"2026-05-02T12:50:02+00:00","breadcrumb":{"@id":"https:\/\/koningdrone.be\/product\/dji-neo-2-propellers\/#breadcrumb"},"inLanguage":"es","potentialAction":[{"@type":"ReadAction","target":["https:\/\/koningdrone.be\/product\/dji-neo-2-propellers\/"]}]},{"@type":"ImageObject","inLanguage":"es","@id":"https:\/\/koningdrone.be\/product\/dji-neo-2-propellers\/#primaryimage","url":"https:\/\/koningdrone.be\/wp-content\/uploads\/sites\/13\/2026\/03\/DJI-Neo-2-Propellers.webp","contentUrl":"https:\/\/koningdrone.be\/wp-content\/uploads\/sites\/13\/2026\/03\/DJI-Neo-2-Propellers.webp","width":2048,"height":2048},{"@type":"BreadcrumbList","@id":"https:\/\/koningdrone.be\/product\/dji-neo-2-propellers\/#breadcrumb","itemListElement":[{"@type":"ListItem","position":1,"name":"Home","item":"https:\/\/koningdrone.be\/"},{"@type":"ListItem","position":2,"name":"AVSS Parachute Recovery System for DJI Matrice 300\/350","item":"https:\/\/koningdrone.be\/product\/avss-parachute-recovery-system-for-dji-matrice-300-350\/"},{"@type":"ListItem","position":3,"name":"DJI Neo 2","item":"https:\/\/koningdrone.be\/categorie\/dji-neo-2\/"},{"@type":"ListItem","position":4,"name":"DJI Neo 2 Propellers"}]},{"@type":"WebSite","@id":"https:\/\/koningdrone.be\/#website","url":"https:\/\/koningdrone.be\/","name":"Koningdrone.be - Su especialista en l\u00ednea en drones, cardanes, c\u00e1maras y centrales el\u00e9ctricas.","description":"La tienda virtual de drones y cardanes","publisher":{"@id":"https:\/\/koningdrone.be\/#organization"},"potentialAction":[{"@type":"SearchAction","target":{"@type":"EntryPoint","urlTemplate":"https:\/\/koningdrone.be\/?s={search_term_string}"},"query-input":{"@type":"PropertyValueSpecification","valueRequired":true,"valueName":"search_term_string"}}],"inLanguage":"es"},{"@type":"Organization","@id":"https:\/\/koningdrone.be\/#organization","name":"Kingdrone.es","url":"https:\/\/koningdrone.be\/","logo":{"@type":"ImageObject","inLanguage":"es","@id":"https:\/\/koningdrone.be\/#\/schema\/logo\/image\/","url":"https:\/\/koningdrone.be\/wp-content\/uploads\/sites\/13\/2025\/04\/koningdrone-copyright-logo.svg","contentUrl":"https:\/\/koningdrone.be\/wp-content\/uploads\/sites\/13\/2025\/04\/koningdrone-copyright-logo.svg","width":227,"height":38,"caption":"Koningdrone.be"},"image":{"@id":"https:\/\/koningdrone.be\/#\/schema\/logo\/image\/"}}]}},"df_price":5,"df_sale_price":"","df_regular_price":5,"df_image_link":"https:\/\/koningdrone.be\/wp-content\/uploads\/sites\/13\/2026\/03\/DJI-Neo-2-Propellers-300x300.webp","_links":{"self":[{"href":"https:\/\/koningdrone.be\/es\/wp-json\/wp\/v2\/product\/16827","targetHints":{"allow":["GET"]}}],"collection":[{"href":"https:\/\/koningdrone.be\/es\/wp-json\/wp\/v2\/product"}],"about":[{"href":"https:\/\/koningdrone.be\/es\/wp-json\/wp\/v2\/types\/product"}],"wp:featuredmedia":[{"embeddable":true,"href":"https:\/\/koningdrone.be\/es\/wp-json\/wp\/v2\/media\/16825"}],"wp:attachment":[{"href":"https:\/\/koningdrone.be\/es\/wp-json\/wp\/v2\/media?parent=16827"}],"wp:term":[{"taxonomy":"product_brand","embeddable":true,"href":"https:\/\/koningdrone.be\/es\/wp-json\/wp\/v2\/product_brand?post=16827"},{"taxonomy":"product_cat","embeddable":true,"href":"https:\/\/koningdrone.be\/es\/wp-json\/wp\/v2\/product_cat?post=16827"},{"taxonomy":"product_tag","embeddable":true,"href":"https:\/\/koningdrone.be\/es\/wp-json\/wp\/v2\/product_tag?post=16827"}],"curies":[{"name":"wp","href":"https:\/\/api.w.org\/{rel}","templated":true}]}}