{"id":16814,"date":"2026-03-11T14:50:41","date_gmt":"2026-03-11T13:50:41","guid":{"rendered":"https:\/\/koningdrone.be\/?post_type=product&#038;p=16814"},"modified":"2026-05-02T03:40:52","modified_gmt":"2026-05-02T01:40:52","slug":"dji-neo-2-digital-transceiver","status":"publish","type":"product","link":"https:\/\/koningdrone.be\/es\/producto\/dji-neo-2-digital-transceiver\/","title":{"rendered":"Transceptor digital DJI Neo 2"},"content":{"rendered":"<h3>Transceptor digital DJI Neo 2<\/h3>\n<p>En <strong>Transceptor digital DJI Neo 2<\/strong> es un accesorio de m\u00f3dulo de transmisi\u00f3n y recepci\u00f3n digital dedicado para el dron DJI Neo 2. Proporciona un <strong>conexi\u00f3n de v\u00eddeo y datos estable y de baja latencia<\/strong> entre el dron y el mando a distancia o las gafas FPV. Esto es especialmente importante cuando vuelas el dron con un mando o unas gafas para recibir im\u00e1genes en directo o mantener un control preciso.<\/p>\n<p style=\"text-align: center\"><a href=\"https:\/\/koningdrone.nl\/wp-content\/uploads\/2026\/03\/DJI-Digital-Transceiver.webp\"><img loading=\"lazy\" decoding=\"async\" class=\"alignnone size-medium wp-image-466499\" src=\"https:\/\/koningdrone.nl\/wp-content\/uploads\/2026\/03\/DJI-Digital-Transceiver-300x300.webp\" alt=\"DJI Digital Transceiver\" width=\"300\" height=\"300\" \/><\/a><\/p>\n<h4>Rendimiento y funcionalidad<\/h4>\n<p>Al volar con un controlador o gafas DJI, el Transceptor Digital ayuda a mantener una conexi\u00f3n fiable y sin contratiempos. Su dise\u00f1o compacto mantiene el peso bajo y apenas afecta a la clase de peso total del vuelo, lo que es especialmente importante en pa\u00edses en los que el dron entra dentro de la clase C0.<\/p>\n<h4>Calidad de construcci\u00f3n y dise\u00f1o<\/h4>\n<p>Este m\u00f3dulo tiene una construcci\u00f3n compacta y ligera con unas dimensiones de <strong>44,6 \u00d7 27 \u00d7 44,6 mm<\/strong> y un peso aproximado de <strong>9 g<\/strong>, lo que facilita su fijaci\u00f3n al Neo 2 sin afectar a la aerodin\u00e1mica. El dise\u00f1o enchufable permite instalarlo de forma r\u00e1pida y segura antes de lanzar el dron.<\/p>\n<p style=\"text-align: center\"><a href=\"https:\/\/koningdrone.nl\/wp-content\/uploads\/2026\/03\/Neo-2-Digital-Transceiver.webp\"><img loading=\"lazy\" decoding=\"async\" class=\"alignnone size-medium wp-image-466500\" src=\"https:\/\/koningdrone.nl\/wp-content\/uploads\/2026\/03\/Neo-2-Digital-Transceiver-300x300.webp\" alt=\"Neo 2 Digital Transceiver\" width=\"300\" height=\"300\" \/><\/a><\/p>\n<h4>Por qu\u00e9 lo necesita<\/h4>\n<p>Sin este transceptor, la comunicaci\u00f3n entre tu Neo 2 y un controlador externo o gafas FPV puede ser limitada. Con el Transceptor Digital, mejoras la transmisi\u00f3n de v\u00eddeo en directo y reduces la latencia, lo que resulta especialmente \u00fatil para los pilotos que utilizan con frecuencia controladores o gafas DJI para vuelos FPV o un control preciso.<\/p>","protected":false},"excerpt":{"rendered":"<ul>\n<li>V\u00eddeo digital estable y transmisi\u00f3n de control cuando se utiliza con un controlador o gafas FPV, mejorando la conectividad del Neo 2.<\/li>\n<li>El dise\u00f1o ultraligero garantiza que el peso adicional del dron sea m\u00ednimo.<\/li>\n<li>La instalaci\u00f3n directa de enchufes se integra a la perfecci\u00f3n con el sistema Neo 2.<\/li>\n<li>Rendimiento de baja latencia optimizado para experiencias de vuelo FPV.<\/li>\n<li>Construcci\u00f3n de alta calidad con antenas integradas, dise\u00f1adas para una intensidad de se\u00f1al fiable.<\/li>\n<\/ul>","protected":false},"featured_media":16812,"template":"","meta":{"_acf_changed":false},"product_brand":[],"product_cat":[1722],"product_tag":[],"class_list":{"0":"post-16814","1":"product","2":"type-product","3":"status-publish","4":"has-post-thumbnail","6":"product_cat-dji-neo-2","7":"product_shipping_class-acsystemsall","8":"pa_brand-dji","9":"pa_productfamily-neo-2","10":"pa_producttype-module","11":"pa_series-neo","13":"first","14":"instock","15":"taxable","16":"shipping-taxable","17":"purchasable","18":"product-type-simple"},"acf":[],"yoast_head":"<!-- This site is optimized with the Yoast SEO Premium plugin v27.2 (Yoast SEO v27.2) - https:\/\/yoast.com\/product\/yoast-seo-premium-wordpress\/ -->\n<title>DJI Neo 2 Digital Transceiver - koningdrone.be<\/title>\n<meta name=\"robots\" content=\"index, follow, max-snippet:-1, max-image-preview:large, max-video-preview:-1\" \/>\n<link rel=\"canonical\" href=\"https:\/\/koningdrone.be\/es\/producto\/dji-neo-2-digital-transceiver\/\" \/>\n<meta property=\"og:locale\" content=\"es_ES\" \/>\n<meta property=\"og:type\" content=\"article\" \/>\n<meta property=\"og:title\" content=\"DJI Neo 2 Digital Transceiver\" \/>\n<meta property=\"og:description\" content=\"Stabiele digitale video- en besturingsoverdracht bij gebruik met een controller of FPV-bril, waardoor de connectiviteit van de Neo 2 wordt verbeterd.  Ultralicht ontwerp zorgt ervoor dat het extra gewicht van de drone minimaal blijft.  Directe plug-in installatie integreert naadloos met het Neo 2-systeem.  Prestaties met lage latentie, geoptimaliseerd voor FPV-vliegervaringen.  Hoogwaardige constructie met ge\u00efntegreerde antennes, ontworpen voor een betrouwbare signaalsterkte.\" \/>\n<meta property=\"og:url\" content=\"https:\/\/koningdrone.be\/es\/producto\/dji-neo-2-digital-transceiver\/\" \/>\n<meta property=\"og:site_name\" content=\"koningdrone.be\" \/>\n<meta property=\"article:modified_time\" content=\"2026-05-02T01:40:52+00:00\" \/>\n<meta property=\"og:image\" content=\"https:\/\/koningdrone.be\/wp-content\/uploads\/sites\/13\/2026\/03\/DJI-Neo-2-Digital-Transceiver.webp\" \/>\n\t<meta property=\"og:image:width\" content=\"2048\" \/>\n\t<meta property=\"og:image:height\" content=\"2048\" \/>\n\t<meta property=\"og:image:type\" content=\"image\/webp\" \/>\n<meta name=\"twitter:card\" content=\"summary_large_image\" \/>\n<meta name=\"twitter:label1\" content=\"Tiempo de lectura\" \/>\n\t<meta name=\"twitter:data1\" content=\"1 minuto\" \/>\n<script type=\"application\/ld+json\" class=\"yoast-schema-graph\">{\"@context\":\"https:\/\/schema.org\",\"@graph\":[{\"@type\":\"WebPage\",\"@id\":\"https:\/\/koningdrone.be\/product\/dji-neo-2-digital-transceiver\/\",\"url\":\"https:\/\/koningdrone.be\/product\/dji-neo-2-digital-transceiver\/\",\"name\":\"DJI Neo 2 Digital Transceiver - koningdrone.be\",\"isPartOf\":{\"@id\":\"https:\/\/koningdrone.be\/#website\"},\"primaryImageOfPage\":{\"@id\":\"https:\/\/koningdrone.be\/product\/dji-neo-2-digital-transceiver\/#primaryimage\"},\"image\":{\"@id\":\"https:\/\/koningdrone.be\/product\/dji-neo-2-digital-transceiver\/#primaryimage\"},\"thumbnailUrl\":\"https:\/\/koningdrone.be\/wp-content\/uploads\/sites\/13\/2026\/03\/DJI-Neo-2-Digital-Transceiver.webp\",\"datePublished\":\"2026-03-11T13:50:41+00:00\",\"dateModified\":\"2026-05-02T01:40:52+00:00\",\"breadcrumb\":{\"@id\":\"https:\/\/koningdrone.be\/product\/dji-neo-2-digital-transceiver\/#breadcrumb\"},\"inLanguage\":\"es\",\"potentialAction\":[{\"@type\":\"ReadAction\",\"target\":[\"https:\/\/koningdrone.be\/product\/dji-neo-2-digital-transceiver\/\"]}]},{\"@type\":\"ImageObject\",\"inLanguage\":\"es\",\"@id\":\"https:\/\/koningdrone.be\/product\/dji-neo-2-digital-transceiver\/#primaryimage\",\"url\":\"https:\/\/koningdrone.be\/wp-content\/uploads\/sites\/13\/2026\/03\/DJI-Neo-2-Digital-Transceiver.webp\",\"contentUrl\":\"https:\/\/koningdrone.be\/wp-content\/uploads\/sites\/13\/2026\/03\/DJI-Neo-2-Digital-Transceiver.webp\",\"width\":2048,\"height\":2048},{\"@type\":\"BreadcrumbList\",\"@id\":\"https:\/\/koningdrone.be\/product\/dji-neo-2-digital-transceiver\/#breadcrumb\",\"itemListElement\":[{\"@type\":\"ListItem\",\"position\":1,\"name\":\"Home\",\"item\":\"https:\/\/koningdrone.be\/\"},{\"@type\":\"ListItem\",\"position\":2,\"name\":\"AVSS Parachute Recovery System for DJI Matrice 300\/350\",\"item\":\"https:\/\/koningdrone.be\/product\/avss-parachute-recovery-system-for-dji-matrice-300-350\/\"},{\"@type\":\"ListItem\",\"position\":3,\"name\":\"DJI Neo 2\",\"item\":\"https:\/\/koningdrone.be\/categorie\/dji-neo-2\/\"},{\"@type\":\"ListItem\",\"position\":4,\"name\":\"DJI Neo 2 Digital Transceiver\"}]},{\"@type\":\"WebSite\",\"@id\":\"https:\/\/koningdrone.be\/#website\",\"url\":\"https:\/\/koningdrone.be\/\",\"name\":\"Koningdrone.be - Uw online specialist in drones, gimbals, camera's en power stations.\",\"description\":\"De webshop in drones en gimbals\",\"publisher\":{\"@id\":\"https:\/\/koningdrone.be\/#organization\"},\"potentialAction\":[{\"@type\":\"SearchAction\",\"target\":{\"@type\":\"EntryPoint\",\"urlTemplate\":\"https:\/\/koningdrone.be\/?s={search_term_string}\"},\"query-input\":{\"@type\":\"PropertyValueSpecification\",\"valueRequired\":true,\"valueName\":\"search_term_string\"}}],\"inLanguage\":\"es\"},{\"@type\":\"Organization\",\"@id\":\"https:\/\/koningdrone.be\/#organization\",\"name\":\"Koningdrone.be\",\"url\":\"https:\/\/koningdrone.be\/\",\"logo\":{\"@type\":\"ImageObject\",\"inLanguage\":\"es\",\"@id\":\"https:\/\/koningdrone.be\/#\/schema\/logo\/image\/\",\"url\":\"https:\/\/koningdrone.be\/wp-content\/uploads\/sites\/13\/2025\/04\/koningdrone-copyright-logo.svg\",\"contentUrl\":\"https:\/\/koningdrone.be\/wp-content\/uploads\/sites\/13\/2025\/04\/koningdrone-copyright-logo.svg\",\"width\":227,\"height\":38,\"caption\":\"Koningdrone.be\"},\"image\":{\"@id\":\"https:\/\/koningdrone.be\/#\/schema\/logo\/image\/\"}}]}<\/script>\n<!-- \/ Yoast SEO Premium plugin. -->","yoast_head_json":{"title":"DJI Neo 2 Digital Transceiver - koningdrone.be","robots":{"index":"index","follow":"follow","max-snippet":"max-snippet:-1","max-image-preview":"max-image-preview:large","max-video-preview":"max-video-preview:-1"},"canonical":"https:\/\/koningdrone.be\/es\/producto\/dji-neo-2-digital-transceiver\/","og_locale":"es_ES","og_type":"article","og_title":"DJI Neo 2 Digital Transceiver","og_description":"Stabiele digitale video- en besturingsoverdracht bij gebruik met een controller of FPV-bril, waardoor de connectiviteit van de Neo 2 wordt verbeterd.  Ultralicht ontwerp zorgt ervoor dat het extra gewicht van de drone minimaal blijft.  Directe plug-in installatie integreert naadloos met het Neo 2-systeem.  Prestaties met lage latentie, geoptimaliseerd voor FPV-vliegervaringen.  Hoogwaardige constructie met ge\u00efntegreerde antennes, ontworpen voor een betrouwbare signaalsterkte.","og_url":"https:\/\/koningdrone.be\/es\/producto\/dji-neo-2-digital-transceiver\/","og_site_name":"koningdrone.be","article_modified_time":"2026-05-02T01:40:52+00:00","og_image":[{"width":2048,"height":2048,"url":"https:\/\/koningdrone.be\/wp-content\/uploads\/sites\/13\/2026\/03\/DJI-Neo-2-Digital-Transceiver.webp","type":"image\/webp"}],"twitter_card":"summary_large_image","twitter_misc":{"Tiempo de lectura":"1 minuto"},"schema":{"@context":"https:\/\/schema.org","@graph":[{"@type":"WebPage","@id":"https:\/\/koningdrone.be\/product\/dji-neo-2-digital-transceiver\/","url":"https:\/\/koningdrone.be\/product\/dji-neo-2-digital-transceiver\/","name":"DJI Neo 2 Digital Transceiver - koningdrone.be","isPartOf":{"@id":"https:\/\/koningdrone.be\/#website"},"primaryImageOfPage":{"@id":"https:\/\/koningdrone.be\/product\/dji-neo-2-digital-transceiver\/#primaryimage"},"image":{"@id":"https:\/\/koningdrone.be\/product\/dji-neo-2-digital-transceiver\/#primaryimage"},"thumbnailUrl":"https:\/\/koningdrone.be\/wp-content\/uploads\/sites\/13\/2026\/03\/DJI-Neo-2-Digital-Transceiver.webp","datePublished":"2026-03-11T13:50:41+00:00","dateModified":"2026-05-02T01:40:52+00:00","breadcrumb":{"@id":"https:\/\/koningdrone.be\/product\/dji-neo-2-digital-transceiver\/#breadcrumb"},"inLanguage":"es","potentialAction":[{"@type":"ReadAction","target":["https:\/\/koningdrone.be\/product\/dji-neo-2-digital-transceiver\/"]}]},{"@type":"ImageObject","inLanguage":"es","@id":"https:\/\/koningdrone.be\/product\/dji-neo-2-digital-transceiver\/#primaryimage","url":"https:\/\/koningdrone.be\/wp-content\/uploads\/sites\/13\/2026\/03\/DJI-Neo-2-Digital-Transceiver.webp","contentUrl":"https:\/\/koningdrone.be\/wp-content\/uploads\/sites\/13\/2026\/03\/DJI-Neo-2-Digital-Transceiver.webp","width":2048,"height":2048},{"@type":"BreadcrumbList","@id":"https:\/\/koningdrone.be\/product\/dji-neo-2-digital-transceiver\/#breadcrumb","itemListElement":[{"@type":"ListItem","position":1,"name":"Home","item":"https:\/\/koningdrone.be\/"},{"@type":"ListItem","position":2,"name":"AVSS Parachute Recovery System for DJI Matrice 300\/350","item":"https:\/\/koningdrone.be\/product\/avss-parachute-recovery-system-for-dji-matrice-300-350\/"},{"@type":"ListItem","position":3,"name":"DJI Neo 2","item":"https:\/\/koningdrone.be\/categorie\/dji-neo-2\/"},{"@type":"ListItem","position":4,"name":"DJI Neo 2 Digital Transceiver"}]},{"@type":"WebSite","@id":"https:\/\/koningdrone.be\/#website","url":"https:\/\/koningdrone.be\/","name":"Koningdrone.be - Su especialista en l\u00ednea en drones, cardanes, c\u00e1maras y centrales el\u00e9ctricas.","description":"La tienda virtual de drones y cardanes","publisher":{"@id":"https:\/\/koningdrone.be\/#organization"},"potentialAction":[{"@type":"SearchAction","target":{"@type":"EntryPoint","urlTemplate":"https:\/\/koningdrone.be\/?s={search_term_string}"},"query-input":{"@type":"PropertyValueSpecification","valueRequired":true,"valueName":"search_term_string"}}],"inLanguage":"es"},{"@type":"Organization","@id":"https:\/\/koningdrone.be\/#organization","name":"Kingdrone.es","url":"https:\/\/koningdrone.be\/","logo":{"@type":"ImageObject","inLanguage":"es","@id":"https:\/\/koningdrone.be\/#\/schema\/logo\/image\/","url":"https:\/\/koningdrone.be\/wp-content\/uploads\/sites\/13\/2025\/04\/koningdrone-copyright-logo.svg","contentUrl":"https:\/\/koningdrone.be\/wp-content\/uploads\/sites\/13\/2025\/04\/koningdrone-copyright-logo.svg","width":227,"height":38,"caption":"Koningdrone.be"},"image":{"@id":"https:\/\/koningdrone.be\/#\/schema\/logo\/image\/"}}]}},"df_price":27,"df_sale_price":"","df_regular_price":27,"df_image_link":"https:\/\/koningdrone.be\/wp-content\/uploads\/sites\/13\/2026\/03\/DJI-Neo-2-Digital-Transceiver-300x300.webp","_links":{"self":[{"href":"https:\/\/koningdrone.be\/es\/wp-json\/wp\/v2\/product\/16814","targetHints":{"allow":["GET"]}}],"collection":[{"href":"https:\/\/koningdrone.be\/es\/wp-json\/wp\/v2\/product"}],"about":[{"href":"https:\/\/koningdrone.be\/es\/wp-json\/wp\/v2\/types\/product"}],"wp:featuredmedia":[{"embeddable":true,"href":"https:\/\/koningdrone.be\/es\/wp-json\/wp\/v2\/media\/16812"}],"wp:attachment":[{"href":"https:\/\/koningdrone.be\/es\/wp-json\/wp\/v2\/media?parent=16814"}],"wp:term":[{"taxonomy":"product_brand","embeddable":true,"href":"https:\/\/koningdrone.be\/es\/wp-json\/wp\/v2\/product_brand?post=16814"},{"taxonomy":"product_cat","embeddable":true,"href":"https:\/\/koningdrone.be\/es\/wp-json\/wp\/v2\/product_cat?post=16814"},{"taxonomy":"product_tag","embeddable":true,"href":"https:\/\/koningdrone.be\/es\/wp-json\/wp\/v2\/product_tag?post=16814"}],"curies":[{"name":"wp","href":"https:\/\/api.w.org\/{rel}","templated":true}]}}